{"id":913,"date":"2024-04-23T11:08:33","date_gmt":"2024-04-23T09:08:33","guid":{"rendered":"https:\/\/www.artisanlocal.ch\/c\/simplifiez-votre-demenagement-a-saxon\/"},"modified":"2025-08-26T19:28:04","modified_gmt":"2025-08-26T17:28:04","slug":"simplifiez-votre-demenagement-a-saxon","status":"publish","type":"page","link":"https:\/\/www.artisanlocal.ch\/c\/simplifiez-votre-demenagement-a-saxon\/","title":{"rendered":"Simplifiez votre d\u00e9m\u00e9nagement \u00e0 Saxon"},"content":{"rendered":"<p>D\u00e9m\u00e9nager \u00e0 Saxon ne doit pas \u00eatre une source de stress. Une fois que vous avez trouv\u00e9 nouveau logement et que vous avez choisi la date du d\u00e9m\u00e9nagement, vous devez vous interroger sur comment organiser aux mieux votre d\u00e9m\u00e9nagement ? En faisant appel \u00e0 notre soci\u00e9t\u00e9 \u00e0 Saxon, vous \u00e9conomisez votre temps, nous prenons en charge tous les aspects de votre d\u00e9m\u00e9nagement, de la protection de vos meubles \u00e0 la location du camion.<\/p>\n\r\n<div class=\"box\">\r\n            <div class=\"company-info\">\r\n            <img decoding=\"async\" class=\"company-info__logo\" src=\"https:\/\/www.artisanlocal.ch\/media\/cache\/thumb\/images\/companies\/ajc-demenagements-sarl.jpg\" alt=\"Logo\">\r\n            <h2 class=\"company-info__name\">AJC D\u00e9m\u00e9nagements S\u00e0rl<\/h2>\r\n            <p class=\"company-info__business\">D\u00e9m\u00e9nagement de particuliers\/bureaux - D\u00e9\/montage de meubles - D\u00e9barras - Transports<\/p>\r\n        <\/div>\r\n        <div class=\"company-contact\">\r\n            <p class=\"company-info__address\">Avenue de France 25<\/p>\r\n                            <div class=\"links\">\r\n                                            <a class=\"btn has-accent-background-color js-phoneNumber\" href=\"tel:0763428893\" title=\"Appelez\" data-id=\"30442\" data-type=\"11\">076 342 88 93<\/a>\r\n                                                                <a class=\"btn has-accent-background-color\" href=\"https:\/\/www.ajc-demenagement.ch\/\" target=\"_blank\" title=\"Voir le site internet\" data-id=\"30442\" data-type=\"20\">Site internet<\/a>\r\n                                    <\/div>\r\n                    <\/div>\r\n    \r\n            \r\n<form action=\"https:\/\/www.artisanlocal.ch\/c\/wp-admin\/admin-ajax.php\" method=\"post\" class=\"form-contact\" id=\"artisan_form_contact_company_inline\">\r\n    <div><input type=\"hidden\" name=\"action\" value=\"company_contact\"><\/div>\r\n    <div><input type=\"hidden\" name=\"nonce\" value=\"f071462bb9\"><\/div>\r\n    <div><input type=\"hidden\" name=\"company_id\" value=\"30442\"><\/div>\r\n    <div><input type=\"hidden\" name=\"form_id\" value=\"artisan_form_contact_company_inline\"><\/div>\r\n    <div class=\"gglcptch gglcptch_v3 gglcptch_custom\"><input type=\"hidden\" id=\"g-recaptcha-response\" name=\"g-recaptcha-response\" \/><br \/><div class=\"gglcptch_error_text\">La p\u00e9riode de v\u00e9rification reCAPTCHA a expir\u00e9. Veuillez recharger la page.<\/div><\/div>    <div class=\"form-content\">\r\n        <div class=\"form-group\">\r\n            <label for=\"contact_firstName\" class=\"required\">Pr\u00e9nom<\/label>\r\n            <input type=\"text\" name=\"firstName\" class=\"form-control\" required>\r\n        <\/div>\r\n        <div class=\"form-group\">\r\n            <label for=\"contact_lastName\" class=\"required\">Nom<\/label>\r\n            <input type=\"text\" name=\"lastName\" class=\"form-control\" required>\r\n        <\/div>\r\n        <div class=\"form-group\">\r\n            <label for=\"contact_email\" class=\"required\">Email<\/label>\r\n            <input type=\"email\" name=\"email\" class=\"form-control\" required>\r\n        <\/div>\r\n        <div class=\"form-group\">\r\n            <label for=\"contact_phone\" class=\"required\">Num\u00e9ro de t\u00e9l\u00e9phone<\/label>\r\n            <input type=\"tel\" name=\"phone\" class=\"form-control\" placeholder=\"0787117165\" pattern=\"^[0-9]{10}$\" required>\r\n        <\/div>\r\n        <div class=\"form-group\">\r\n            <label for=\"contact_postalCode\" class=\"required\">Code postal et localit\u00e9<\/label>\r\n            <input type=\"text\" name=\"postalCode\" class=\"form-control\" required>\r\n        <\/div>\r\n        <div class=\"form-group\">\r\n            <label for=\"contact_address\" class=\"required\">Adresse<\/label>\r\n            <input type=\"text\" name=\"address\" class=\"form-control\" required>\r\n        <\/div>\r\n        <div class=\"full-width topic\">\r\n            <p class=\"required\">Je souhaite \u00eatre contact\u00e9 pour :<\/p>\r\n            <div class=\"form-check\">\r\n                <input type=\"radio\" name=\"topic\" value=\"D\u00e9pannage\" class=\"form-control\" required>\r\n                <label for=\"d\u00e9pannage\">D\u00e9pannage<\/label>\r\n            <\/div>\r\n            <div class=\"form-check\">\r\n                <input type=\"radio\" name=\"topic\" value=\"Entretien\" class=\"form-control\" required>\r\n                <label for=\"entretien\">Entretien<\/label>\r\n            <\/div>\r\n            <div class=\"form-check\">\r\n                <input type=\"radio\" name=\"topic\" value=\"R\u00e9novation\" class=\"form-control\" required>\r\n                <label for=\"r\u00e9novation\">R\u00e9novation<\/label>\r\n            <\/div>\r\n            <div class=\"form-check\">\r\n                <input type=\"radio\" name=\"topic\" value=\"Autre\" class=\"form-control\" required>\r\n                <label for=\"autre\">Autre<\/label>\r\n            <\/div>\r\n        <\/div>\r\n        <div class=\"form-group full-width\">\r\n            <label for=\"contact_message\">Message<\/label>\r\n            <textarea name=\"message\" rows=\"3\" class=\"form-control\"><\/textarea>\r\n        <\/div>\r\n    <\/div>\r\n    <div class=\"form-actions\">\r\n        <button class=\"wp-block-button__link has-accent-background-color\">Contacter<\/button>\r\n    <\/div>\r\n<\/form>\r\n<div class=\"form-feedback\"><\/div>    <\/div>\n<h2>Artisanlocal le professionnel du d\u00e9m\u00e9nagement \u00e0 Saxon<\/h2>\n<p>Notre soci\u00e9t\u00e9 est install\u00e9e au centre de Saxon. Nous sommes sp\u00e9cialis\u00e9s dans les d\u00e9m\u00e9nagements d&rsquo;entreprises et de particuliers. Nos \u00e9quipes sont form\u00e9es et exp\u00e9riment\u00e9es pour vous aider, quelle que soit la complexit\u00e9 de votre d\u00e9m\u00e9nagement.<\/p>\n<h2>Quels sont les avantages de collaborer avec Artisanlocal \u00e0 Saxon ?<\/h2>\n<h3>Une entreprise \u00e9coresponsable<\/h3>\n<p>Pour r\u00e9duire notre impact environnemental pendant votre d\u00e9m\u00e9nagement, nous employons des protections biod\u00e9gradables, de plus, nous r\u00e9utilisons tous les mat\u00e9riaux employ\u00e9s lors de notre intervention.<\/p>\n<h3>Artisanlocal une entreprise joignable \u00e0 tout moment pour votre d\u00e9m\u00e9nagement<\/h3>\n<p>Artisanlocal est disponible 7 jours sur 7, pour r\u00e9aliser le d\u00e9m\u00e9nagement de votre appartement, r\u00e9sidence ou de vos boutiques et bureaux \u00e0 Saxon.<\/p>\n<h3>Prestation de d\u00e9m\u00e9nagement \u00e0 Saxon et dans les villes \u00e0 proximit\u00e9<\/h3>\n<p>Artisanlocal op\u00e8re \u00e0 Saxon et dans les villes voisines, telles que : Charrat, Riddes, Dugny (Leytron), Leytron, Montagnon (Leytron), Produit (Leytron), Saillon, Is\u00e9rables, Auddes-sur-Riddes, La Tzoumaz, Martigny, Martigny-Croix, Fully, Chemin, Ravoire, Trient, Bovernier, Les Valettes (Bovernier), Chamoille (Sembrancher), La Garde (Sembrancher), Sembrancher, Vens (Sembrancher), Bruson, Le Ch\u00e2ble VS, Verbier, Orsi\u00e8res, Champex-Lac, Cries (Voll\u00e8ges), Voll\u00e8ges, Levron, Praz-de-Fort, La Fouly VS, Chandonne (Liddes), Chez Petit (Liddes), Dranse (Liddes), Fontaine Dessous (Liddes), Fontaine Dessus (Liddes), Fornex (Liddes), Les Moulins VS (Liddes), Liddes, Palasuit (Liddes), Petit Vich\u00e8res (Liddes), Rive Haute (Liddes), Vich\u00e8res (Liddes), Bourg-St-Pierre, Champsec, Verseg\u00e8res, Fionnay, Lourtier, Sarreyer, Mayens-de-Chamoson, Ovronnaz..<\/p>\n<h3>Service de d\u00e9m\u00e9nagement en Suisse et dans les pays frontaliers<\/h3>\n<p>Si vous r\u00e9sidez \u00e0 Saxon, nous pouvons organiser votre d\u00e9m\u00e9nagement dans toutes les villes en Suisse ou les pays frontaliers.&nbsp;<\/p>\n<h3>Des d\u00e9m\u00e9nageurs toujours minutieux \u00e0 Saxon<\/h3>\n<p>Nous enveloppons vos objets et mettons en place des protections sur les sols et murs pour \u00e9viter les dommages au cours de votre d\u00e9m\u00e9nagement, \u00e0 titre d&rsquo;illustration pour vos :&nbsp;<\/p>\n<ul>\n<li>Sols : au cours de votre d\u00e9m\u00e9nagement, nous veillerons \u00e0 marcher avec prudence et \u00e0 transporter vos biens pour \u00e9viter de rayer vos planchers.<\/li>\n<li>Angles : nous veillons \u00e0 prot\u00e9ger les coins de vos murs de sorte \u00e0 \u00e9viter les d\u00e9gradations.<\/li>\n<li>Couloirs : avant de transporter vos meubles, nous installons des protections dans vos couloirs, de mani\u00e8re \u00e0 \u00e9viter tout casse.<\/li>\n<li>Portes : notre \u00e9quipe prend soin de manipuler vos objets pour \u00e9viter les traces de rayures sur vos portes.<\/li>\n<\/ul>\n<h3>Estimations gratuites<\/h3>\n<p>Apr\u00e8s qu&rsquo;un de nos experts est examin\u00e9 vos besoins, nous vous fournissons une estimation gratuite.<\/p>\n<h2>Quels sont les services de d\u00e9m\u00e9nagement d&rsquo;Artisanlocal ?<\/h2>\n<h3>D\u00e9m\u00e9nagement de commerces et de bureaux<\/h3>\n<p>Nous effectuons le d\u00e9m\u00e9nagement des magasins et des espaces de travail.<\/p>\n<h3>Petits d\u00e9m\u00e9nagements<\/h3>\n<p>Nous d\u00e9m\u00e9nageons les petits logements. Nous parlons d\u2019un petit d\u00e9m\u00e9nagement pour des volumes inf\u00e9rieurs \u00e0 15 m3.<\/p>\n<h3>D\u00e9m\u00e9nagements en urgence<\/h3>\n<p>Nous vous aiderons \u00e0 emm\u00e9nager dans votre nouvelle habitation le plus rapidement possible. Nous avons aussi des prestations de stockage et d&#8217;emballage en urgence.<\/p>\n<h3>Garde-meubles<\/h3>\n<p>Notre \u00e9quipe vient r\u00e9cup\u00e9rer vos biens et ensuite nous les d\u00e9pla\u00e7ons vers notre entrep\u00f4t \u00e0 Saxon. Vos objets seront en s\u00e9curit\u00e9 pour la p\u00e9riode que vous d\u00e9sirez. Pour cela, il vous suffit de nous signaler la date \u00e0 laquelle vous souhaitez r\u00e9cup\u00e9rer vos affaires, et nous vous les livrerons \u00e0 la date qui vous arrangera.<\/p>\n<h3>Protection sur mesure pour vos objets de grande importance<\/h3>\n<p>Vos meubles inestimable ou vos \u0153uvres d&rsquo;art seront prot\u00e9g\u00e9s. Nous fabriquons des cartons personnalis\u00e9s, de plus, nous utilisons des appareils de levage appropri\u00e9s.<\/p>\n<h3>Transfert de pianos<\/h3>\n<h3>D\u00e9m\u00e9nager un piano de mani\u00e8re s\u00e9curis\u00e9e exige des expertises, des mat\u00e9riels et des formations particuli\u00e8res. Nous sommes sp\u00e9cialis\u00e9s dans le d\u00e9m\u00e9nagement de pianos, comme : les droits, les interm\u00e9diaires ou \u00e0 queue.<\/h3>\n<h3>Location de monte-meubles \u00e0 Saxon <\/h3>\n<p>Notre service de location de monte-meubles facilite le d\u00e9placement de vos mobiliers facilement en Suisse et \u00e0 Saxon.<\/p>\n<h3>Acheter des cartons de d\u00e9m\u00e9nagement \u00e0 Saxon<\/h3>\n<p>Vous avez besoin de protection pour votre emm\u00e9nagement et d\u00e9m\u00e9nagement \u00e0 Saxon ? Artisanlocal offre une large gamme d&#8217;emballages et aussi : d&rsquo;accessoires, de housses de protection, et d&rsquo;adh\u00e9sifs.<\/p>\n<h2>Qu\u2019est-ce qui est compris dans le d\u00e9m\u00e9nagement ?<\/h2>\n<h3>L&#8217;emballage personnalis\u00e9, pour :<\/h3>\n<ul>\n<li>les matelas,<\/li>\n<li>les \u00e9crans plats<\/li>\n<li>les fauteuils,<\/li>\n<li>les sofas<\/li>\n<li>les appareils \u00e9lectrom\u00e9nagers,<\/li>\n<li>les ordinateurs,<\/li>\n<li>les ampoules et les lampes,<\/li>\n<li>les tableaux et miroirs.<\/li>\n<\/ul>\n<h3>Le montage et d\u00e9montage du mobilier<\/h3>\n<ul>\n<li>les tables,<\/li>\n<li>les armoires,<\/li>\n<li>les mobiliers,<\/li>\n<li>les supports de rangement,<\/li>\n<li>les luminaires.<\/li>\n<\/ul>\n<h2>Foire aux questions<\/h2>\n<h3>Quel budget pour un d\u00e9m\u00e9nagement \u00e0 Saxon et en Suisse ?<\/h3>\n<p>Le co\u00fbt d&rsquo;un d\u00e9m\u00e9nagement \u00e0 Saxon change en fonction du nombre de pi\u00e8ces dans votre logement.<\/p>\n<p>Voici les tarif d\u00e9taill\u00e9s en fonction du nombre de pi\u00e8ces :<\/p>\n<p>Pour un d\u00e9m\u00e9nagement \u00e0 Saxon :<\/p>\n<table>\n<tbody>\n<tr>\n<td>D\u2019un appartement entre 1-2 pi\u00e8ces<\/td>\n<td>Entre 350 \u00e0 600 CHF<\/td>\n<\/tr>\n<tr>\n<td>Pour un appartement de 2-3 pi\u00e8ces<\/td>\n<td>Entre 700 \u00e0 1300 CHF<\/td>\n<\/tr>\n<tr>\n<td>D\u2019un appartement de 3-4 pi\u00e8ces<\/td>\n<td>Entre 850 \u00e0 2000 Francs Suisses<\/td>\n<\/tr>\n<tr>\n<td>Pour une maison<\/td>\n<td>Entre 1200 \u00e0 2500 Francs Suisses<\/td>\n<\/tr>\n<\/tbody>\n<\/table>\n<p>Pour d\u00e9m\u00e9nager au-del\u00e0 de 200 km :<\/p>\n<table>\n<tbody>\n<tr>\n<td>Pour un appartement de 1-2 pi\u00e8ces<\/td>\n<td>Entre 600 \u00e0 900 Francs Suisses<\/td>\n<\/tr>\n<tr>\n<td>D\u2019un appartement de 2-3 pi\u00e8ces<\/td>\n<td>De 1200 \u00e0 2500 Francs Suisses<\/td>\n<\/tr>\n<tr>\n<td>D\u2019un appartement de 3-4 pi\u00e8ces<\/td>\n<td>Entre 1800 \u00e0 3000 Francs Suisses<\/td>\n<\/tr>\n<tr>\n<td>D\u2019une maison<\/td>\n<td>Entre 2000 \u00e0 4500 Francs Suisses<\/td>\n<\/tr>\n<\/tbody>\n<\/table>\n<p>Quel est le tarif pour louer un monte-meuble \u00e0 Saxon ?<\/p>\n<p>Le montant pour louer un monte-meuble \u00e0 Saxon est \u00e0 peu pr\u00e8s 150 CHF par heure.<\/p>\n<h3>Pourquoi faire appel \u00e0 une soci\u00e9t\u00e9 de d\u00e9m\u00e9nagement \u00e0 Saxon ?<\/h3>\n<p>M\u00eame si vous pourriez \u00e9conomiser de l&rsquo;argent en effectuant le travail seul, vous risquez de subir des blessures (si vous n&rsquo;\u00eates pas habitu\u00e9 \u00e0 soulever des charges importantes) ou d&rsquo;ab\u00eemer vos objets au cours de votre d\u00e9m\u00e9nagement. En engageant Artisanlocal pour votre d\u00e9m\u00e9nagement, vous \u00e9conomisez du temps et vous limitez les risques.<\/p>\n","protected":false},"excerpt":{"rendered":"<p>D\u00e9m\u00e9nager \u00e0 Saxon ne doit pas \u00eatre une source de stress. Une fois que vous avez trouv\u00e9 nouveau logement et que vous avez choisi la date du d\u00e9m\u00e9nagement, vous devez vous interroger sur comment organiser aux mieux votre d\u00e9m\u00e9nagement ? En faisant appel \u00e0 notre soci\u00e9t\u00e9 \u00e0 Saxon, vous \u00e9conomisez votre temps, nous prenons en [&hellip;]<\/p>\n","protected":false},"author":4,"featured_media":2759,"parent":0,"menu_order":0,"comment_status":"closed","ping_status":"closed","template":"","meta":{"footnotes":""},"profession":[122],"location":[39],"canton":[110],"class_list":["post-913","page","type-page","status-publish","has-post-thumbnail","hentry","profession-demenageur","location-saxon","canton-vs"],"yoast_head":"<!-- This site is optimized with the Yoast SEO Premium plugin v25.7.1 (Yoast SEO v27.4) - https:\/\/yoast.com\/product\/yoast-seo-premium-wordpress\/ -->\n<title>Simplifiez votre d\u00e9m\u00e9nagement \u00e0 Saxon - Artisanlocal<\/title>\n<meta name=\"robots\" content=\"index, follow, max-snippet:-1, max-image-preview:large, max-video-preview:-1\" \/>\n<link rel=\"canonical\" href=\"https:\/\/www.artisanlocal.ch\/c\/simplifiez-votre-demenagement-a-saxon\/\" \/>\n<meta property=\"og:locale\" content=\"fr_FR\" \/>\n<meta property=\"og:type\" content=\"article\" \/>\n<meta property=\"og:title\" content=\"Simplifiez votre d\u00e9m\u00e9nagement \u00e0 Saxon\" \/>\n<meta property=\"og:description\" content=\"D\u00e9m\u00e9nager \u00e0 Saxon ne doit pas \u00eatre une source de stress. Une fois que vous avez trouv\u00e9 nouveau logement et que vous avez choisi la date du d\u00e9m\u00e9nagement, vous devez vous interroger sur comment organiser aux mieux votre d\u00e9m\u00e9nagement ? En faisant appel \u00e0 notre soci\u00e9t\u00e9 \u00e0 Saxon, vous \u00e9conomisez votre temps, nous prenons en [&hellip;]\" \/>\n<meta property=\"og:url\" content=\"https:\/\/www.artisanlocal.ch\/c\/simplifiez-votre-demenagement-a-saxon\/\" \/>\n<meta property=\"og:site_name\" content=\"Artisanlocal\" \/>\n<meta property=\"article:modified_time\" content=\"2025-08-26T17:28:04+00:00\" \/>\n<meta property=\"og:image\" content=\"https:\/\/www.artisanlocal.ch\/c\/wp-content\/uploads\/2024\/10\/demenageur.jpg\" \/>\n\t<meta property=\"og:image:width\" content=\"1920\" \/>\n\t<meta property=\"og:image:height\" content=\"300\" \/>\n\t<meta property=\"og:image:type\" content=\"image\/jpeg\" \/>\n<meta name=\"twitter:card\" content=\"summary_large_image\" \/>\n<meta name=\"twitter:label1\" content=\"Dur\u00e9e de lecture estim\u00e9e\" \/>\n\t<meta name=\"twitter:data1\" content=\"5 minutes\" \/>\n<script type=\"application\/ld+json\" class=\"yoast-schema-graph\">{\"@context\":\"https:\\\/\\\/schema.org\",\"@graph\":[{\"@type\":\"WebPage\",\"@id\":\"https:\\\/\\\/www.artisanlocal.ch\\\/c\\\/simplifiez-votre-demenagement-a-saxon\\\/\",\"url\":\"https:\\\/\\\/www.artisanlocal.ch\\\/c\\\/simplifiez-votre-demenagement-a-saxon\\\/\",\"name\":\"Simplifiez votre d\u00e9m\u00e9nagement \u00e0 Saxon - Artisanlocal\",\"isPartOf\":{\"@id\":\"https:\\\/\\\/www.artisanlocal.ch\\\/c\\\/#website\"},\"primaryImageOfPage\":{\"@id\":\"https:\\\/\\\/www.artisanlocal.ch\\\/c\\\/simplifiez-votre-demenagement-a-saxon\\\/#primaryimage\"},\"image\":{\"@id\":\"https:\\\/\\\/www.artisanlocal.ch\\\/c\\\/simplifiez-votre-demenagement-a-saxon\\\/#primaryimage\"},\"thumbnailUrl\":\"https:\\\/\\\/www.artisanlocal.ch\\\/c\\\/wp-content\\\/uploads\\\/2024\\\/10\\\/demenageur.jpg\",\"datePublished\":\"2024-04-23T09:08:33+00:00\",\"dateModified\":\"2025-08-26T17:28:04+00:00\",\"breadcrumb\":{\"@id\":\"https:\\\/\\\/www.artisanlocal.ch\\\/c\\\/simplifiez-votre-demenagement-a-saxon\\\/#breadcrumb\"},\"inLanguage\":\"fr-FR\",\"potentialAction\":[{\"@type\":\"ReadAction\",\"target\":[\"https:\\\/\\\/www.artisanlocal.ch\\\/c\\\/simplifiez-votre-demenagement-a-saxon\\\/\"]}]},{\"@type\":\"ImageObject\",\"inLanguage\":\"fr-FR\",\"@id\":\"https:\\\/\\\/www.artisanlocal.ch\\\/c\\\/simplifiez-votre-demenagement-a-saxon\\\/#primaryimage\",\"url\":\"https:\\\/\\\/www.artisanlocal.ch\\\/c\\\/wp-content\\\/uploads\\\/2024\\\/10\\\/demenageur.jpg\",\"contentUrl\":\"https:\\\/\\\/www.artisanlocal.ch\\\/c\\\/wp-content\\\/uploads\\\/2024\\\/10\\\/demenageur.jpg\",\"width\":1920,\"height\":300},{\"@type\":\"BreadcrumbList\",\"@id\":\"https:\\\/\\\/www.artisanlocal.ch\\\/c\\\/simplifiez-votre-demenagement-a-saxon\\\/#breadcrumb\",\"itemListElement\":[{\"@type\":\"ListItem\",\"position\":1,\"name\":\"Accueil\",\"item\":\"https:\\\/\\\/www.artisanlocal.ch\\\/c\\\/\"},{\"@type\":\"ListItem\",\"position\":2,\"name\":\"Simplifiez votre d\u00e9m\u00e9nagement \u00e0 Saxon\"}]},{\"@type\":\"WebSite\",\"@id\":\"https:\\\/\\\/www.artisanlocal.ch\\\/c\\\/#website\",\"url\":\"https:\\\/\\\/www.artisanlocal.ch\\\/c\\\/\",\"name\":\"Artisanlocal\",\"description\":\"\",\"publisher\":{\"@id\":\"https:\\\/\\\/www.artisanlocal.ch\\\/c\\\/#organization\"},\"potentialAction\":[{\"@type\":\"SearchAction\",\"target\":{\"@type\":\"EntryPoint\",\"urlTemplate\":\"https:\\\/\\\/www.artisanlocal.ch\\\/c\\\/?s={search_term_string}\"},\"query-input\":{\"@type\":\"PropertyValueSpecification\",\"valueRequired\":true,\"valueName\":\"search_term_string\"}}],\"inLanguage\":\"fr-FR\"},{\"@type\":\"Organization\",\"@id\":\"https:\\\/\\\/www.artisanlocal.ch\\\/c\\\/#organization\",\"name\":\"Artisanlocal\",\"url\":\"https:\\\/\\\/www.artisanlocal.ch\\\/c\\\/\",\"logo\":{\"@type\":\"ImageObject\",\"inLanguage\":\"fr-FR\",\"@id\":\"https:\\\/\\\/www.artisanlocal.ch\\\/c\\\/#\\\/schema\\\/logo\\\/image\\\/\",\"url\":\"https:\\\/\\\/www.artisanlocal.ch\\\/c\\\/wp-content\\\/uploads\\\/2024\\\/02\\\/logo-artisanlocal-h.svg\",\"contentUrl\":\"https:\\\/\\\/www.artisanlocal.ch\\\/c\\\/wp-content\\\/uploads\\\/2024\\\/02\\\/logo-artisanlocal-h.svg\",\"caption\":\"Artisanlocal\"},\"image\":{\"@id\":\"https:\\\/\\\/www.artisanlocal.ch\\\/c\\\/#\\\/schema\\\/logo\\\/image\\\/\"}}]}<\/script>\n<!-- \/ Yoast SEO Premium plugin. -->","yoast_head_json":{"title":"Simplifiez votre d\u00e9m\u00e9nagement \u00e0 Saxon - Artisanlocal","robots":{"index":"index","follow":"follow","max-snippet":"max-snippet:-1","max-image-preview":"max-image-preview:large","max-video-preview":"max-video-preview:-1"},"canonical":"https:\/\/www.artisanlocal.ch\/c\/simplifiez-votre-demenagement-a-saxon\/","og_locale":"fr_FR","og_type":"article","og_title":"Simplifiez votre d\u00e9m\u00e9nagement \u00e0 Saxon","og_description":"D\u00e9m\u00e9nager \u00e0 Saxon ne doit pas \u00eatre une source de stress. Une fois que vous avez trouv\u00e9 nouveau logement et que vous avez choisi la date du d\u00e9m\u00e9nagement, vous devez vous interroger sur comment organiser aux mieux votre d\u00e9m\u00e9nagement ? En faisant appel \u00e0 notre soci\u00e9t\u00e9 \u00e0 Saxon, vous \u00e9conomisez votre temps, nous prenons en [&hellip;]","og_url":"https:\/\/www.artisanlocal.ch\/c\/simplifiez-votre-demenagement-a-saxon\/","og_site_name":"Artisanlocal","article_modified_time":"2025-08-26T17:28:04+00:00","og_image":[{"width":1920,"height":300,"url":"https:\/\/www.artisanlocal.ch\/c\/wp-content\/uploads\/2024\/10\/demenageur.jpg","type":"image\/jpeg"}],"twitter_card":"summary_large_image","twitter_misc":{"Dur\u00e9e de lecture estim\u00e9e":"5 minutes"},"schema":{"@context":"https:\/\/schema.org","@graph":[{"@type":"WebPage","@id":"https:\/\/www.artisanlocal.ch\/c\/simplifiez-votre-demenagement-a-saxon\/","url":"https:\/\/www.artisanlocal.ch\/c\/simplifiez-votre-demenagement-a-saxon\/","name":"Simplifiez votre d\u00e9m\u00e9nagement \u00e0 Saxon - Artisanlocal","isPartOf":{"@id":"https:\/\/www.artisanlocal.ch\/c\/#website"},"primaryImageOfPage":{"@id":"https:\/\/www.artisanlocal.ch\/c\/simplifiez-votre-demenagement-a-saxon\/#primaryimage"},"image":{"@id":"https:\/\/www.artisanlocal.ch\/c\/simplifiez-votre-demenagement-a-saxon\/#primaryimage"},"thumbnailUrl":"https:\/\/www.artisanlocal.ch\/c\/wp-content\/uploads\/2024\/10\/demenageur.jpg","datePublished":"2024-04-23T09:08:33+00:00","dateModified":"2025-08-26T17:28:04+00:00","breadcrumb":{"@id":"https:\/\/www.artisanlocal.ch\/c\/simplifiez-votre-demenagement-a-saxon\/#breadcrumb"},"inLanguage":"fr-FR","potentialAction":[{"@type":"ReadAction","target":["https:\/\/www.artisanlocal.ch\/c\/simplifiez-votre-demenagement-a-saxon\/"]}]},{"@type":"ImageObject","inLanguage":"fr-FR","@id":"https:\/\/www.artisanlocal.ch\/c\/simplifiez-votre-demenagement-a-saxon\/#primaryimage","url":"https:\/\/www.artisanlocal.ch\/c\/wp-content\/uploads\/2024\/10\/demenageur.jpg","contentUrl":"https:\/\/www.artisanlocal.ch\/c\/wp-content\/uploads\/2024\/10\/demenageur.jpg","width":1920,"height":300},{"@type":"BreadcrumbList","@id":"https:\/\/www.artisanlocal.ch\/c\/simplifiez-votre-demenagement-a-saxon\/#breadcrumb","itemListElement":[{"@type":"ListItem","position":1,"name":"Accueil","item":"https:\/\/www.artisanlocal.ch\/c\/"},{"@type":"ListItem","position":2,"name":"Simplifiez votre d\u00e9m\u00e9nagement \u00e0 Saxon"}]},{"@type":"WebSite","@id":"https:\/\/www.artisanlocal.ch\/c\/#website","url":"https:\/\/www.artisanlocal.ch\/c\/","name":"Artisanlocal","description":"","publisher":{"@id":"https:\/\/www.artisanlocal.ch\/c\/#organization"},"potentialAction":[{"@type":"SearchAction","target":{"@type":"EntryPoint","urlTemplate":"https:\/\/www.artisanlocal.ch\/c\/?s={search_term_string}"},"query-input":{"@type":"PropertyValueSpecification","valueRequired":true,"valueName":"search_term_string"}}],"inLanguage":"fr-FR"},{"@type":"Organization","@id":"https:\/\/www.artisanlocal.ch\/c\/#organization","name":"Artisanlocal","url":"https:\/\/www.artisanlocal.ch\/c\/","logo":{"@type":"ImageObject","inLanguage":"fr-FR","@id":"https:\/\/www.artisanlocal.ch\/c\/#\/schema\/logo\/image\/","url":"https:\/\/www.artisanlocal.ch\/c\/wp-content\/uploads\/2024\/02\/logo-artisanlocal-h.svg","contentUrl":"https:\/\/www.artisanlocal.ch\/c\/wp-content\/uploads\/2024\/02\/logo-artisanlocal-h.svg","caption":"Artisanlocal"},"image":{"@id":"https:\/\/www.artisanlocal.ch\/c\/#\/schema\/logo\/image\/"}}]}},"_links":{"self":[{"href":"https:\/\/www.artisanlocal.ch\/c\/wp-json\/wp\/v2\/pages\/913","targetHints":{"allow":["GET"]}}],"collection":[{"href":"https:\/\/www.artisanlocal.ch\/c\/wp-json\/wp\/v2\/pages"}],"about":[{"href":"https:\/\/www.artisanlocal.ch\/c\/wp-json\/wp\/v2\/types\/page"}],"author":[{"embeddable":true,"href":"https:\/\/www.artisanlocal.ch\/c\/wp-json\/wp\/v2\/users\/4"}],"replies":[{"embeddable":true,"href":"https:\/\/www.artisanlocal.ch\/c\/wp-json\/wp\/v2\/comments?post=913"}],"version-history":[{"count":0,"href":"https:\/\/www.artisanlocal.ch\/c\/wp-json\/wp\/v2\/pages\/913\/revisions"}],"wp:featuredmedia":[{"embeddable":true,"href":"https:\/\/www.artisanlocal.ch\/c\/wp-json\/wp\/v2\/media\/2759"}],"wp:attachment":[{"href":"https:\/\/www.artisanlocal.ch\/c\/wp-json\/wp\/v2\/media?parent=913"}],"wp:term":[{"taxonomy":"profession","embeddable":true,"href":"https:\/\/www.artisanlocal.ch\/c\/wp-json\/wp\/v2\/profession?post=913"},{"taxonomy":"location","embeddable":true,"href":"https:\/\/www.artisanlocal.ch\/c\/wp-json\/wp\/v2\/location?post=913"},{"taxonomy":"canton","embeddable":true,"href":"https:\/\/www.artisanlocal.ch\/c\/wp-json\/wp\/v2\/canton?post=913"}],"curies":[{"name":"wp","href":"https:\/\/api.w.org\/{rel}","templated":true}]}}