{"id":914,"date":"2024-04-23T10:17:59","date_gmt":"2024-04-23T08:17:59","guid":{"rendered":"https:\/\/www.artisanlocal.ch\/c\/artisanlocal-votre-societe-de-demenagement-a-bex\/"},"modified":"2025-09-04T13:11:42","modified_gmt":"2025-09-04T11:11:42","slug":"artisanlocal-votre-societe-de-demenagement-a-bex","status":"publish","type":"page","link":"https:\/\/www.artisanlocal.ch\/c\/artisanlocal-votre-societe-de-demenagement-a-bex\/","title":{"rendered":"Entreprise de d\u00e9m\u00e9nagement \u00e0 Bex"},"content":{"rendered":"<p>Besoin d&rsquo;une entreprise de d\u00e9m\u00e9nagement \u00e0 Bex ? Avec Artisanlocal, vous \u00e9vitez les situations stressantes, Artisanlocal g\u00e8re la totalit\u00e9 de votre d\u00e9m\u00e9nagement, de la r\u00e9servation du fourgon, \u00e0 la protection de votre mobilier.<br \/>\n\r\n<div class=\"box\">\r\n    <h2 class=\"text-dark\">Nous cherchons un <em class=\"text-primary\">D\u00e9m\u00e9nageur<\/em> dans la r\u00e9gion de <em class=\"text-primary\">Bex<\/em>  en exclusivit\u00e9, afin de proposer vos services \u00e0 nos clients propri\u00e9taires.<\/h2>\r\n    <p>Une opportunit\u00e9 unique pour booster votre activit\u00e9 \u00e0 <strong>Bex<\/strong> et aux alentours dans votre domaine (D\u00e9m\u00e9nageur).<\/p>\r\n    <p>Nous travaillons en exclusivit\u00e9 avec qu'une soci\u00e9t\u00e9 par m\u00e9tier et par r\u00e9gion. <br>Votre entreprise est pr\u00e9sente sur tous les documents immobiliers. Afin d'\u00eatre mieux vu sur le net, vous \u00eates \u00e9galement visible sur nos deux sites et sur les pages de r\u00e9f\u00e9rencement de votre r\u00e9gion.<\/p>\r\n    <a href=\"\/contact\" class=\"wp-block-button__link has-accent-background-color has-text-align-center wp-element-button\">R\u00e9server<\/a>\r\n<\/div><\/p>\n<h2>Artisanlocal soci\u00e9t\u00e9 de confiance pour votre d\u00e9m\u00e9nagement \u00e0 Bex<\/h2>\n<p>Situ\u00e9e \u00e0 Bex, notre entreprise est sp\u00e9cialis\u00e9e dans les d\u00e9m\u00e9nagements d&rsquo;entreprises et de particuliers.<\/p>\n<h2>Quels sont les avantages de travailler avec Artisanlocal \u00e0 Bex ?<\/h2>\n<h3>Une entreprise soucieuse de l&rsquo;environnement<\/h3>\n<p>Nos emballages sont biod\u00e9gradables pour limiter l&rsquo;impact environnemental de votre d\u00e9m\u00e9nagement, de plus, nous r\u00e9utilisons tous les mat\u00e9riaux utilis\u00e9s.<\/p>\n<h3>Une soci\u00e9t\u00e9 de d\u00e9m\u00e9nagement disponible<\/h3>\n<p>Nos sommes disponibles peu importe le jour de la semaine pour d\u00e9m\u00e9nager votre habitation, appartement ou vos bureaux.<\/p>\n<h3>Artisanlocal intervient \u00e0 Bex et dans les villes proches<\/h3>\n<p>Nous r\u00e9alisons les d\u00e9m\u00e9nagements \u00e0 Bex et aussi dans toutes les villes proches, par exemple : La Tine, Rossini\u00e8re, Flendruz, Rougemont, Ch\u00e2teau-d'Oex, L'Etivaz, La L\u00e9cherette, Les Moulins, Villeneuve VD, Noville, Chessel, Rennaz, Roche VD, Yvorne, Leysin, Corbeyrier, Aigle, La Comballaz, Les Mosses, Le S\u00e9pey, Vers-l'Eglise, Les Diablerets, La Forclaz VD, Ollon VD, Panex, St-Triphon, Fenalet-sur-Bex, Freni\u00e8res-sur-Bex, Les Plans-sur-Bex, Gryon, Les Posses-sur-Bex, Arveyes, Hu\u00e9moz, Villars-sur-Ollon, Chesi\u00e8res, Lavey-les-Bains, Lavey-Village..<\/p>\n<h3>Prestation de d\u00e9m\u00e9nagement en Suisse et dans les pays frontaliers<\/h3>\n<p>Si vous \u00eates un Bellerin, nous vous aidons \u00e0 d\u00e9m\u00e9nager dans n&rsquo;importe quelle ville en Suisse et dans les pays limitrophes \u00e0 la Suisse.<\/p>\n<h3>Une soci\u00e9t\u00e9 de d\u00e9m\u00e9nagement qui fait attention<\/h3>\n<p>Nous emballons vos articles et mettons en place des protections sur les sols et murs pour \u00e9viter les dommages au moment de votre d\u00e9m\u00e9nagement, notamment pour vos :<\/p>\n<ul>\n<li>Planchers : au cours de votre d\u00e9m\u00e9nagement, nous veillerons \u00e0 marcher avec pr\u00e9caution et \u00e0 transporter vos objets pour \u00e9viter de rayer vos sols.<\/li>\n<li>Coins : nous prot\u00e9geons les coins de vos murs pour \u00e9viter les d\u00e9gradations.<\/li>\n<li>Couloirs : avant le d\u00e9m\u00e9nagement de votre mobilier et de votre \u00e9lectrom\u00e9nager, nous pla\u00e7ons des protections dans les couloirs, de mani\u00e8re \u00e0 pr\u00e9venir les dommages.<\/li>\n<li>Portes : si cela le demande, nous prot\u00e9geons vos portes contre les dommages.<\/li>\n<\/ul>\n<h3>Devis gratuits<\/h3>\n<p>Apr\u00e8s \u00e9tude de votre projet, notre soci\u00e9t\u00e9 vous transmet un devis gratuit.<\/p>\n<h2>Quels sont les services de d\u00e9m\u00e9nagement d&rsquo;Artisanlocal ?<\/h2>\n<h3>D\u00e9m\u00e9nagement de bureaux et de locaux<\/h3>\n<p>Nous r\u00e9alisons le d\u00e9m\u00e9nagement des espaces de travail et des magasins.<\/p>\n<h3>D\u00e9m\u00e9nagement de petit volume<\/h3>\n<p>Nous effectuons le d\u00e9m\u00e9nagement de petits appartements et de studios. Nous parlons d&rsquo;un petit d\u00e9m\u00e9nagement pour des d\u00e9m\u00e9nagements inf\u00e9rieurs \u00e0 15 m\u00b3.<\/p>\n<h3>D\u00e9m\u00e9nagements express<\/h3>\n<p>Nous vous aiderons \u00e0 emm\u00e9nager dans votre nouvelle r\u00e9sidence en urgence. Nous offrons par ailleurs des prestations de stockage et d&#8217;emballage en urgence.<\/p>\n<h3>Garde-meubles<\/h3>\n<p>Notre \u00e9quipe vient r\u00e9cup\u00e9rer vos biens et ensuite, nous les stockons dans notre entrep\u00f4t \u00e0 Bex. Vos affaires seront en s\u00e9curit\u00e9 pour la dur\u00e9e que vous voulez. Vous n&rsquo;avez qu&rsquo;\u00e0 nous indiquer le jour et l&rsquo;heure \u00e0 laquelle vous souhaitez reprendre vos biens, et nous les livrons \u00e0 votre domicile.<\/p>\n<h3>Protection sur mesure pour vos objets de grande importance<\/h3>\n<p>Vos biens de valeur et vos \u0153uvres d&rsquo;art seront emball\u00e9s avec attention. Nous pr\u00e9parons des emballages sur mesure et nous utilisons des \u00e9quipements de levage adapt\u00e9s.<\/p>\n<h3>Transfert de pianos<\/h3>\n<p>Nous d\u00e9pla\u00e7ons votre piano en toute s\u00e9curit\u00e9. Notre soci\u00e9t\u00e9 d\u00e9m\u00e9nage tous types de pianos : interm\u00e9diaires, droits et horizontaux.<\/p>\n<h3>Location de monte-meubles \u00e0 Bex pour d\u00e9m\u00e9nagement<\/h3>\n<p>Nous pouvons utiliser un monte-meuble pour simplifier le d\u00e9placement de vos meubles en Suisse et \u00e0 Bex.<\/p>\n<h3>Vente de cartons pour votre d\u00e9m\u00e9nagement \u00e0 Bex<\/h3>\n<p>Vous cherchez des cartons d&#8217;emballage pour votre d\u00e9m\u00e9nagement \u00e0 Bex ? Artisanlocal.ch, vous propose une gamme compl\u00e8te d&#8217;emballages, d&rsquo;adh\u00e9sifs, et de housses de protection.<\/p>\n<h2>Qu&rsquo;est-ce qui est pr\u00e9vu dans votre service de d\u00e9m\u00e9nagement ?<\/h2>\n<h3>L&#8217;emballage personnalis\u00e9, pour :<\/h3>\n<ul>\n<li>Les literies,<\/li>\n<li>les t\u00e9l\u00e9viseurs<\/li>\n<li>les si\u00e8ges,<\/li>\n<li>les sofas<\/li>\n<li>les appareils \u00e9lectrom\u00e9nagers,<\/li>\n<li>les PC,<\/li>\n<li>les ampoules et les lampes,<\/li>\n<li>les miroirs et tableaux.<\/li>\n<\/ul>\n<h3>Le montage et d\u00e9montage du mobilier<\/h3>\n<ul>\n<li>Les tables,<\/li>\n<li>les armoires,<\/li>\n<li>les mobiliers,<\/li>\n<li>les supports de rangement,<\/li>\n<li>les luminaires.<\/li>\n<\/ul>\n<h2>Foire aux questions<\/h2>\n<h3>Quel est le prix d&rsquo;un d\u00e9m\u00e9nagement \u00e0 Bex et en Suisse ?<\/h3>\n<p>Le co\u00fbt d&rsquo;un d\u00e9m\u00e9nagement \u00e0 Bex d\u00e9pend du nombre de pi\u00e8ces dans votre logement.<\/p>\n<h3>Ci-dessous, vous trouverez les prix en fonction du nombre de pi\u00e8ces<\/h3>\n<p>Pour un d\u00e9m\u00e9nagement \u00e0 Bex :<\/p>\n<table>\n<tbody>\n<tr>\n<td>Pour un appartement de 1-2 pi\u00e8ces<\/td>\n<td>Entre 350 \u00e0 600 CHF<\/td>\n<\/tr>\n<tr>\n<td>D\u2019un appartement de 2-3 pi\u00e8ces<\/td>\n<td>Entre 700 \u00e0 1300 CHF<\/td>\n<\/tr>\n<tr>\n<td>D\u2019un appartement entre 3-4 pi\u00e8ces<\/td>\n<td>De 850 \u00e0 2000 CHF<\/td>\n<\/tr>\n<tr>\n<td>Pour une maison<\/td>\n<td>De 1200 \u00e0 2500 CHF<\/td>\n<\/tr>\n<\/tbody>\n<\/table>\n<p>Pour un service de d\u00e9m\u00e9nagement au-del\u00e0 de 200 km :<\/p>\n<table>\n<tbody>\n<tr>\n<td>D\u2019un appartement de 1-2 pi\u00e8ces<\/td>\n<td>De 600 \u00e0 900 Francs Suisses<\/td>\n<\/tr>\n<tr>\n<td>Pour un appartement de 2-3 pi\u00e8ces<\/td>\n<td>Entre 1200 \u00e0 2500 Francs Suisses<\/td>\n<\/tr>\n<tr>\n<td>Pour un appartement de 3-4 pi\u00e8ces<\/td>\n<td>Entre 1800 \u00e0 3000 Francs Suisses<\/td>\n<\/tr>\n<tr>\n<td>Pour une maison<\/td>\n<td>De 2000 \u00e0 4500 CHF<\/td>\n<\/tr>\n<\/tbody>\n<\/table>\n<h2>Quel est le tarif pour louer un monte-meuble \u00e0 Bex ?<\/h2>\n<p>Le co\u00fbt pour louer un monte-meuble \u00e0 Bex est d&rsquo;environ 150 Francs Suisses par heure.<\/p>\n<h3>Quels sont les avantages d&rsquo;engager une soci\u00e9t\u00e9 sp\u00e9cialis\u00e9e dans le d\u00e9m\u00e9nagement \u00e0 Bex ?<\/h3>\n<p>Vous gagnez du temps, vous \u00e9vitez de vous blesser (si vous n\u2019avez pas l\u2019habitude de soulever des charges lourdes) et vous \u00e9vitez de casser ou abimer vos meubles.<\/p>\n","protected":false},"excerpt":{"rendered":"<p>Besoin d&rsquo;une entreprise de d\u00e9m\u00e9nagement \u00e0 Bex ? Avec Artisanlocal, vous \u00e9vitez les situations stressantes, Artisanlocal g\u00e8re la totalit\u00e9 de votre d\u00e9m\u00e9nagement, de la r\u00e9servation du fourgon, \u00e0 la protection de votre mobilier. Artisanlocal soci\u00e9t\u00e9 de confiance pour votre d\u00e9m\u00e9nagement \u00e0 Bex Situ\u00e9e \u00e0 Bex, notre entreprise est sp\u00e9cialis\u00e9e dans les d\u00e9m\u00e9nagements d&rsquo;entreprises et de [&hellip;]<\/p>\n","protected":false},"author":4,"featured_media":2759,"parent":0,"menu_order":0,"comment_status":"closed","ping_status":"closed","template":"","meta":{"footnotes":""},"profession":[122],"location":[84],"canton":[113],"class_list":["post-914","page","type-page","status-publish","has-post-thumbnail","hentry","profession-demenageur","location-bex","canton-vd"],"yoast_head":"<!-- This site is optimized with the Yoast SEO Premium plugin v25.7.1 (Yoast SEO v27.3) - https:\/\/yoast.com\/product\/yoast-seo-premium-wordpress\/ -->\n<title>Entreprise de d\u00e9m\u00e9nagement \u00e0 Bex - Artisanlocal<\/title>\n<meta name=\"robots\" content=\"index, follow, max-snippet:-1, max-image-preview:large, max-video-preview:-1\" \/>\n<link rel=\"canonical\" href=\"https:\/\/www.artisanlocal.ch\/c\/artisanlocal-votre-societe-de-demenagement-a-bex\/\" \/>\n<meta property=\"og:locale\" content=\"fr_FR\" \/>\n<meta property=\"og:type\" content=\"article\" \/>\n<meta property=\"og:title\" content=\"Entreprise de d\u00e9m\u00e9nagement \u00e0 Bex\" \/>\n<meta property=\"og:description\" content=\"Besoin d&rsquo;une entreprise de d\u00e9m\u00e9nagement \u00e0 Bex ? Avec Artisanlocal, vous \u00e9vitez les situations stressantes, Artisanlocal g\u00e8re la totalit\u00e9 de votre d\u00e9m\u00e9nagement, de la r\u00e9servation du fourgon, \u00e0 la protection de votre mobilier. Artisanlocal soci\u00e9t\u00e9 de confiance pour votre d\u00e9m\u00e9nagement \u00e0 Bex Situ\u00e9e \u00e0 Bex, notre entreprise est sp\u00e9cialis\u00e9e dans les d\u00e9m\u00e9nagements d&rsquo;entreprises et de [&hellip;]\" \/>\n<meta property=\"og:url\" content=\"https:\/\/www.artisanlocal.ch\/c\/artisanlocal-votre-societe-de-demenagement-a-bex\/\" \/>\n<meta property=\"og:site_name\" content=\"Artisanlocal\" \/>\n<meta property=\"article:modified_time\" content=\"2025-09-04T11:11:42+00:00\" \/>\n<meta property=\"og:image\" content=\"https:\/\/www.artisanlocal.ch\/c\/wp-content\/uploads\/2024\/10\/demenageur.jpg\" \/>\n\t<meta property=\"og:image:width\" content=\"1920\" \/>\n\t<meta property=\"og:image:height\" content=\"300\" \/>\n\t<meta property=\"og:image:type\" content=\"image\/jpeg\" \/>\n<meta name=\"twitter:card\" content=\"summary_large_image\" \/>\n<meta name=\"twitter:label1\" content=\"Dur\u00e9e de lecture estim\u00e9e\" \/>\n\t<meta name=\"twitter:data1\" content=\"5 minutes\" \/>\n<script type=\"application\/ld+json\" class=\"yoast-schema-graph\">{\"@context\":\"https:\\\/\\\/schema.org\",\"@graph\":[{\"@type\":\"WebPage\",\"@id\":\"https:\\\/\\\/www.artisanlocal.ch\\\/c\\\/artisanlocal-votre-societe-de-demenagement-a-bex\\\/\",\"url\":\"https:\\\/\\\/www.artisanlocal.ch\\\/c\\\/artisanlocal-votre-societe-de-demenagement-a-bex\\\/\",\"name\":\"Entreprise de d\u00e9m\u00e9nagement \u00e0 Bex - Artisanlocal\",\"isPartOf\":{\"@id\":\"https:\\\/\\\/www.artisanlocal.ch\\\/c\\\/#website\"},\"primaryImageOfPage\":{\"@id\":\"https:\\\/\\\/www.artisanlocal.ch\\\/c\\\/artisanlocal-votre-societe-de-demenagement-a-bex\\\/#primaryimage\"},\"image\":{\"@id\":\"https:\\\/\\\/www.artisanlocal.ch\\\/c\\\/artisanlocal-votre-societe-de-demenagement-a-bex\\\/#primaryimage\"},\"thumbnailUrl\":\"https:\\\/\\\/www.artisanlocal.ch\\\/c\\\/wp-content\\\/uploads\\\/2024\\\/10\\\/demenageur.jpg\",\"datePublished\":\"2024-04-23T08:17:59+00:00\",\"dateModified\":\"2025-09-04T11:11:42+00:00\",\"breadcrumb\":{\"@id\":\"https:\\\/\\\/www.artisanlocal.ch\\\/c\\\/artisanlocal-votre-societe-de-demenagement-a-bex\\\/#breadcrumb\"},\"inLanguage\":\"fr-FR\",\"potentialAction\":[{\"@type\":\"ReadAction\",\"target\":[\"https:\\\/\\\/www.artisanlocal.ch\\\/c\\\/artisanlocal-votre-societe-de-demenagement-a-bex\\\/\"]}]},{\"@type\":\"ImageObject\",\"inLanguage\":\"fr-FR\",\"@id\":\"https:\\\/\\\/www.artisanlocal.ch\\\/c\\\/artisanlocal-votre-societe-de-demenagement-a-bex\\\/#primaryimage\",\"url\":\"https:\\\/\\\/www.artisanlocal.ch\\\/c\\\/wp-content\\\/uploads\\\/2024\\\/10\\\/demenageur.jpg\",\"contentUrl\":\"https:\\\/\\\/www.artisanlocal.ch\\\/c\\\/wp-content\\\/uploads\\\/2024\\\/10\\\/demenageur.jpg\",\"width\":1920,\"height\":300},{\"@type\":\"BreadcrumbList\",\"@id\":\"https:\\\/\\\/www.artisanlocal.ch\\\/c\\\/artisanlocal-votre-societe-de-demenagement-a-bex\\\/#breadcrumb\",\"itemListElement\":[{\"@type\":\"ListItem\",\"position\":1,\"name\":\"Accueil\",\"item\":\"https:\\\/\\\/www.artisanlocal.ch\\\/c\\\/\"},{\"@type\":\"ListItem\",\"position\":2,\"name\":\"Entreprise de d\u00e9m\u00e9nagement \u00e0 Bex\"}]},{\"@type\":\"WebSite\",\"@id\":\"https:\\\/\\\/www.artisanlocal.ch\\\/c\\\/#website\",\"url\":\"https:\\\/\\\/www.artisanlocal.ch\\\/c\\\/\",\"name\":\"Artisanlocal\",\"description\":\"\",\"publisher\":{\"@id\":\"https:\\\/\\\/www.artisanlocal.ch\\\/c\\\/#organization\"},\"potentialAction\":[{\"@type\":\"SearchAction\",\"target\":{\"@type\":\"EntryPoint\",\"urlTemplate\":\"https:\\\/\\\/www.artisanlocal.ch\\\/c\\\/?s={search_term_string}\"},\"query-input\":{\"@type\":\"PropertyValueSpecification\",\"valueRequired\":true,\"valueName\":\"search_term_string\"}}],\"inLanguage\":\"fr-FR\"},{\"@type\":\"Organization\",\"@id\":\"https:\\\/\\\/www.artisanlocal.ch\\\/c\\\/#organization\",\"name\":\"Artisanlocal\",\"url\":\"https:\\\/\\\/www.artisanlocal.ch\\\/c\\\/\",\"logo\":{\"@type\":\"ImageObject\",\"inLanguage\":\"fr-FR\",\"@id\":\"https:\\\/\\\/www.artisanlocal.ch\\\/c\\\/#\\\/schema\\\/logo\\\/image\\\/\",\"url\":\"https:\\\/\\\/www.artisanlocal.ch\\\/c\\\/wp-content\\\/uploads\\\/2024\\\/02\\\/logo-artisanlocal-h.svg\",\"contentUrl\":\"https:\\\/\\\/www.artisanlocal.ch\\\/c\\\/wp-content\\\/uploads\\\/2024\\\/02\\\/logo-artisanlocal-h.svg\",\"caption\":\"Artisanlocal\"},\"image\":{\"@id\":\"https:\\\/\\\/www.artisanlocal.ch\\\/c\\\/#\\\/schema\\\/logo\\\/image\\\/\"}}]}<\/script>\n<!-- \/ Yoast SEO Premium plugin. -->","yoast_head_json":{"title":"Entreprise de d\u00e9m\u00e9nagement \u00e0 Bex - Artisanlocal","robots":{"index":"index","follow":"follow","max-snippet":"max-snippet:-1","max-image-preview":"max-image-preview:large","max-video-preview":"max-video-preview:-1"},"canonical":"https:\/\/www.artisanlocal.ch\/c\/artisanlocal-votre-societe-de-demenagement-a-bex\/","og_locale":"fr_FR","og_type":"article","og_title":"Entreprise de d\u00e9m\u00e9nagement \u00e0 Bex","og_description":"Besoin d&rsquo;une entreprise de d\u00e9m\u00e9nagement \u00e0 Bex ? Avec Artisanlocal, vous \u00e9vitez les situations stressantes, Artisanlocal g\u00e8re la totalit\u00e9 de votre d\u00e9m\u00e9nagement, de la r\u00e9servation du fourgon, \u00e0 la protection de votre mobilier. Artisanlocal soci\u00e9t\u00e9 de confiance pour votre d\u00e9m\u00e9nagement \u00e0 Bex Situ\u00e9e \u00e0 Bex, notre entreprise est sp\u00e9cialis\u00e9e dans les d\u00e9m\u00e9nagements d&rsquo;entreprises et de [&hellip;]","og_url":"https:\/\/www.artisanlocal.ch\/c\/artisanlocal-votre-societe-de-demenagement-a-bex\/","og_site_name":"Artisanlocal","article_modified_time":"2025-09-04T11:11:42+00:00","og_image":[{"width":1920,"height":300,"url":"https:\/\/www.artisanlocal.ch\/c\/wp-content\/uploads\/2024\/10\/demenageur.jpg","type":"image\/jpeg"}],"twitter_card":"summary_large_image","twitter_misc":{"Dur\u00e9e de lecture estim\u00e9e":"5 minutes"},"schema":{"@context":"https:\/\/schema.org","@graph":[{"@type":"WebPage","@id":"https:\/\/www.artisanlocal.ch\/c\/artisanlocal-votre-societe-de-demenagement-a-bex\/","url":"https:\/\/www.artisanlocal.ch\/c\/artisanlocal-votre-societe-de-demenagement-a-bex\/","name":"Entreprise de d\u00e9m\u00e9nagement \u00e0 Bex - Artisanlocal","isPartOf":{"@id":"https:\/\/www.artisanlocal.ch\/c\/#website"},"primaryImageOfPage":{"@id":"https:\/\/www.artisanlocal.ch\/c\/artisanlocal-votre-societe-de-demenagement-a-bex\/#primaryimage"},"image":{"@id":"https:\/\/www.artisanlocal.ch\/c\/artisanlocal-votre-societe-de-demenagement-a-bex\/#primaryimage"},"thumbnailUrl":"https:\/\/www.artisanlocal.ch\/c\/wp-content\/uploads\/2024\/10\/demenageur.jpg","datePublished":"2024-04-23T08:17:59+00:00","dateModified":"2025-09-04T11:11:42+00:00","breadcrumb":{"@id":"https:\/\/www.artisanlocal.ch\/c\/artisanlocal-votre-societe-de-demenagement-a-bex\/#breadcrumb"},"inLanguage":"fr-FR","potentialAction":[{"@type":"ReadAction","target":["https:\/\/www.artisanlocal.ch\/c\/artisanlocal-votre-societe-de-demenagement-a-bex\/"]}]},{"@type":"ImageObject","inLanguage":"fr-FR","@id":"https:\/\/www.artisanlocal.ch\/c\/artisanlocal-votre-societe-de-demenagement-a-bex\/#primaryimage","url":"https:\/\/www.artisanlocal.ch\/c\/wp-content\/uploads\/2024\/10\/demenageur.jpg","contentUrl":"https:\/\/www.artisanlocal.ch\/c\/wp-content\/uploads\/2024\/10\/demenageur.jpg","width":1920,"height":300},{"@type":"BreadcrumbList","@id":"https:\/\/www.artisanlocal.ch\/c\/artisanlocal-votre-societe-de-demenagement-a-bex\/#breadcrumb","itemListElement":[{"@type":"ListItem","position":1,"name":"Accueil","item":"https:\/\/www.artisanlocal.ch\/c\/"},{"@type":"ListItem","position":2,"name":"Entreprise de d\u00e9m\u00e9nagement \u00e0 Bex"}]},{"@type":"WebSite","@id":"https:\/\/www.artisanlocal.ch\/c\/#website","url":"https:\/\/www.artisanlocal.ch\/c\/","name":"Artisanlocal","description":"","publisher":{"@id":"https:\/\/www.artisanlocal.ch\/c\/#organization"},"potentialAction":[{"@type":"SearchAction","target":{"@type":"EntryPoint","urlTemplate":"https:\/\/www.artisanlocal.ch\/c\/?s={search_term_string}"},"query-input":{"@type":"PropertyValueSpecification","valueRequired":true,"valueName":"search_term_string"}}],"inLanguage":"fr-FR"},{"@type":"Organization","@id":"https:\/\/www.artisanlocal.ch\/c\/#organization","name":"Artisanlocal","url":"https:\/\/www.artisanlocal.ch\/c\/","logo":{"@type":"ImageObject","inLanguage":"fr-FR","@id":"https:\/\/www.artisanlocal.ch\/c\/#\/schema\/logo\/image\/","url":"https:\/\/www.artisanlocal.ch\/c\/wp-content\/uploads\/2024\/02\/logo-artisanlocal-h.svg","contentUrl":"https:\/\/www.artisanlocal.ch\/c\/wp-content\/uploads\/2024\/02\/logo-artisanlocal-h.svg","caption":"Artisanlocal"},"image":{"@id":"https:\/\/www.artisanlocal.ch\/c\/#\/schema\/logo\/image\/"}}]}},"_links":{"self":[{"href":"https:\/\/www.artisanlocal.ch\/c\/wp-json\/wp\/v2\/pages\/914","targetHints":{"allow":["GET"]}}],"collection":[{"href":"https:\/\/www.artisanlocal.ch\/c\/wp-json\/wp\/v2\/pages"}],"about":[{"href":"https:\/\/www.artisanlocal.ch\/c\/wp-json\/wp\/v2\/types\/page"}],"author":[{"embeddable":true,"href":"https:\/\/www.artisanlocal.ch\/c\/wp-json\/wp\/v2\/users\/4"}],"replies":[{"embeddable":true,"href":"https:\/\/www.artisanlocal.ch\/c\/wp-json\/wp\/v2\/comments?post=914"}],"version-history":[{"count":0,"href":"https:\/\/www.artisanlocal.ch\/c\/wp-json\/wp\/v2\/pages\/914\/revisions"}],"wp:featuredmedia":[{"embeddable":true,"href":"https:\/\/www.artisanlocal.ch\/c\/wp-json\/wp\/v2\/media\/2759"}],"wp:attachment":[{"href":"https:\/\/www.artisanlocal.ch\/c\/wp-json\/wp\/v2\/media?parent=914"}],"wp:term":[{"taxonomy":"profession","embeddable":true,"href":"https:\/\/www.artisanlocal.ch\/c\/wp-json\/wp\/v2\/profession?post=914"},{"taxonomy":"location","embeddable":true,"href":"https:\/\/www.artisanlocal.ch\/c\/wp-json\/wp\/v2\/location?post=914"},{"taxonomy":"canton","embeddable":true,"href":"https:\/\/www.artisanlocal.ch\/c\/wp-json\/wp\/v2\/canton?post=914"}],"curies":[{"name":"wp","href":"https:\/\/api.w.org\/{rel}","templated":true}]}}