{"id":915,"date":"2024-04-22T22:08:04","date_gmt":"2024-04-22T20:08:04","guid":{"rendered":"https:\/\/www.artisanlocal.ch\/c\/facilitez-votre-demenagement-a-romanel-sur-lausanne\/"},"modified":"2025-08-26T19:28:20","modified_gmt":"2025-08-26T17:28:20","slug":"facilitez-votre-demenagement-a-romanel-sur-lausanne","status":"publish","type":"page","link":"https:\/\/www.artisanlocal.ch\/c\/facilitez-votre-demenagement-a-romanel-sur-lausanne\/","title":{"rendered":"Facilitez votre d\u00e9m\u00e9nagement \u00e0 Romanel-sur-Lausanne"},"content":{"rendered":"<p>D\u00e9m\u00e9nager \u00e0 Romanel-sur-Lausanne ne doit pas \u00eatre un d\u00e9fi. Si vous avez d\u00e9j\u00e0 trouv\u00e9 votre nouvel appartement et d\u00e9termin\u00e9 la date de votre d\u00e9m\u00e9nagement, il est possible que vous vous demandiez de quelle mani\u00e8re pr\u00e9voir au mieux votre d\u00e9m\u00e9nagement ? En engageant notre soci\u00e9t\u00e9 \u00e0 Romanel-sur-Lausanne, vous \u00e9chappez aux situations stressantes, Notre soci\u00e9t\u00e9 g\u00e8re la globalit\u00e9 de votre d\u00e9m\u00e9nagement, de la location du v\u00e9hicule, jusqu&rsquo;\u00e0 la protection de vos meubles.<\/p>\n\r\n<div class=\"box\">\r\n            <div class=\"company-info\">\r\n            <img decoding=\"async\" class=\"company-info__logo\" src=\"https:\/\/www.artisanlocal.ch\/media\/cache\/thumb\/images\/companies\/6261245fbc730454673720.png\" alt=\"Logo\">\r\n            <h2 class=\"company-info__name\">Veillard & Fils SA<\/h2>\r\n            <p class=\"company-info__business\">D\u00e9m\u00e9nagements - Garde-meubles - Transports<\/p>\r\n        <\/div>\r\n        <div class=\"company-contact\">\r\n            <p class=\"company-info__address\">Avenue de la Piscine 26<\/p>\r\n                            <div class=\"links\">\r\n                                            <a class=\"btn has-accent-background-color js-phoneNumber\" href=\"tel:0216344668\" title=\"Appelez\" data-id=\"2226\" data-type=\"11\">021 634 46 68<\/a>\r\n                                                                <a class=\"btn has-accent-background-color\" href=\"https:\/\/www.veillard.ch\/\" target=\"_blank\" title=\"Voir le site internet\" data-id=\"2226\" data-type=\"20\">Site internet<\/a>\r\n                                    <\/div>\r\n                    <\/div>\r\n    \r\n            \r\n<form action=\"https:\/\/www.artisanlocal.ch\/c\/wp-admin\/admin-ajax.php\" method=\"post\" class=\"form-contact\" id=\"artisan_form_contact_company_inline\">\r\n    <div><input type=\"hidden\" name=\"action\" value=\"company_contact\"><\/div>\r\n    <div><input type=\"hidden\" name=\"nonce\" value=\"bee5a54407\"><\/div>\r\n    <div><input type=\"hidden\" name=\"company_id\" value=\"2226\"><\/div>\r\n    <div><input type=\"hidden\" name=\"form_id\" value=\"artisan_form_contact_company_inline\"><\/div>\r\n    <div class=\"gglcptch gglcptch_v3 gglcptch_custom\"><input type=\"hidden\" id=\"g-recaptcha-response\" name=\"g-recaptcha-response\" \/><br \/><div class=\"gglcptch_error_text\">La p\u00e9riode de v\u00e9rification reCAPTCHA a expir\u00e9. Veuillez recharger la page.<\/div><\/div>    <div class=\"form-content\">\r\n        <div class=\"form-group\">\r\n            <label for=\"contact_firstName\" class=\"required\">Pr\u00e9nom<\/label>\r\n            <input type=\"text\" name=\"firstName\" class=\"form-control\" required>\r\n        <\/div>\r\n        <div class=\"form-group\">\r\n            <label for=\"contact_lastName\" class=\"required\">Nom<\/label>\r\n            <input type=\"text\" name=\"lastName\" class=\"form-control\" required>\r\n        <\/div>\r\n        <div class=\"form-group\">\r\n            <label for=\"contact_email\" class=\"required\">Email<\/label>\r\n            <input type=\"email\" name=\"email\" class=\"form-control\" required>\r\n        <\/div>\r\n        <div class=\"form-group\">\r\n            <label for=\"contact_phone\" class=\"required\">Num\u00e9ro de t\u00e9l\u00e9phone<\/label>\r\n            <input type=\"tel\" name=\"phone\" class=\"form-control\" placeholder=\"0787117165\" pattern=\"^[0-9]{10}$\" required>\r\n        <\/div>\r\n        <div class=\"form-group\">\r\n            <label for=\"contact_postalCode\" class=\"required\">Code postal et localit\u00e9<\/label>\r\n            <input type=\"text\" name=\"postalCode\" class=\"form-control\" required>\r\n        <\/div>\r\n        <div class=\"form-group\">\r\n            <label for=\"contact_address\" class=\"required\">Adresse<\/label>\r\n            <input type=\"text\" name=\"address\" class=\"form-control\" required>\r\n        <\/div>\r\n        <div class=\"full-width topic\">\r\n            <p class=\"required\">Je souhaite \u00eatre contact\u00e9 pour :<\/p>\r\n            <div class=\"form-check\">\r\n                <input type=\"radio\" name=\"topic\" value=\"D\u00e9pannage\" class=\"form-control\" required>\r\n                <label for=\"d\u00e9pannage\">D\u00e9pannage<\/label>\r\n            <\/div>\r\n            <div class=\"form-check\">\r\n                <input type=\"radio\" name=\"topic\" value=\"Entretien\" class=\"form-control\" required>\r\n                <label for=\"entretien\">Entretien<\/label>\r\n            <\/div>\r\n            <div class=\"form-check\">\r\n                <input type=\"radio\" name=\"topic\" value=\"R\u00e9novation\" class=\"form-control\" required>\r\n                <label for=\"r\u00e9novation\">R\u00e9novation<\/label>\r\n            <\/div>\r\n            <div class=\"form-check\">\r\n                <input type=\"radio\" name=\"topic\" value=\"Autre\" class=\"form-control\" required>\r\n                <label for=\"autre\">Autre<\/label>\r\n            <\/div>\r\n        <\/div>\r\n        <div class=\"form-group full-width\">\r\n            <label for=\"contact_message\">Message<\/label>\r\n            <textarea name=\"message\" rows=\"3\" class=\"form-control\"><\/textarea>\r\n        <\/div>\r\n    <\/div>\r\n    <div class=\"form-actions\">\r\n        <button class=\"wp-block-button__link has-accent-background-color\">Contacter<\/button>\r\n    <\/div>\r\n<\/form>\r\n<div class=\"form-feedback\"><\/div>    <\/div>\n<h2>Artisanlocal une entreprise de confiance pour votre d\u00e9m\u00e9nagement \u00e0 Romanel-sur-Lausanne<\/h2>\n<p>Notre soci\u00e9t\u00e9 est localis\u00e9e \u00e0 Romanel-sur-Lausanne depuis d\u00e8s ann\u00e9es. Nous sommes sp\u00e9cialis\u00e9s dans les d\u00e9m\u00e9nagements de particuliers et d&rsquo;entreprises. Nos d\u00e9m\u00e9nageurs sont exp\u00e9riment\u00e9s et comp\u00e9tents pour accomplir tous vos projets.<\/p>\n<h2>Quels sont les avantages de collaborer avec Artisanlocal \u00e0 Romanel-sur-Lausanne ?<\/h2>\n<h3>Artisanlocal une entreprise \u00e9coresponsable<\/h3>\n<p>Pour r\u00e9duire notre empreinte carbone pendant votre d\u00e9m\u00e9nagement, nous utilisons des emballages biod\u00e9gradables, par ailleurs, nous recyclons tous les mat\u00e9riaux utilis\u00e9s lors du d\u00e9m\u00e9nagement.<\/p>\n<h3>Une soci\u00e9t\u00e9 de d\u00e9m\u00e9nagement toujours disponible<\/h3>\n<p>Notre entreprise est joignable n&rsquo;importe quel jour de la semaine pour d\u00e9m\u00e9nager votre habitation, studio ou vos locaux professionnels.<\/p>\n<h3>Artisanlocal intervient \u00e0 Romanel-sur-Lausanne et dans les environs<\/h3>\n<p>Artisanlocal op\u00e8re \u00e0 Romanel-sur-Lausanne et dans les communes proches, telles que : Cheseaux-sur-Lausanne, Le Mont-sur-Lausanne, Bretigny-sur-Morrens, Cugy VD, Morrens VD, Froideville, Epalinges..<\/p>\n<h3>Service de d\u00e9m\u00e9nagement en Suisse et dans les pays frontaliers<\/h3>\n<p>Si vous r\u00e9sidez \u00e0 Romanel-sur-Lausanne, nous pouvons effectuer votre d\u00e9m\u00e9nagement vers toutes les communes et les villes de Suisse ainsi que les pays limitrophes.&nbsp;<\/p>\n<h3>Une soci\u00e9t\u00e9 de d\u00e9m\u00e9nagement qui fait attention<\/h3>\n<p>Nous nous engageons \u00e0 prendre toutes les pr\u00e9cautions possibles pour \u00e9viter de cr\u00e9er des d\u00e9g\u00e2ts, \u00e0 titre d&rsquo;illustration pour vos :&nbsp;<\/p>\n<ul>\n<li>Planchers : le jour de votre d\u00e9m\u00e9nagement, notre \u00e9quipe de d\u00e9m\u00e9nageurs prendra toutes les pr\u00e9cautions pour ne pas d\u00e9grader vos sols.<\/li>\n<li>Angles : nous couvrons les angles de vos murs afin d&rsquo;\u00e9viter les \u00e9raflures.<\/li>\n<li>Couloirs : avant le d\u00e9placement de votre \u00e9lectrom\u00e9nager et de votre mobilier, nous pla\u00e7ons des mat\u00e9riaux de protection dans vos couloirs, afin d&rsquo;\u00e9viter tout d\u00e9g\u00e2t.<\/li>\n<li>Portes : si cela le demande, nous prot\u00e9geons vos portes contre les dommages.<\/li>\n<\/ul>\n<h3>Estimations gratuites<\/h3>\n<p>Apr\u00e8s qu&rsquo;un de nos experts est examin\u00e9 votre projet, nous vous offrons une \u00e9valuation gratuite.<\/p>\n<h2>Quels sont les types de d\u00e9m\u00e9nagement et services que propose Artisanlocal \u00e0 Romanel-sur-Lausanne ?<\/h2>\n<h3>D\u00e9m\u00e9nagement de bureaux et de locaux <\/h3>\n<p>Nous programmons le d\u00e9m\u00e9nagement de votre commerce ou de vos bureaux par rapport \u00e0 votre planning, et de la commune d&rsquo;arriv\u00e9e.<\/p>\n<h3>D\u00e9m\u00e9nagement de petit volume<\/h3>\n<p>Nous d\u00e9m\u00e9nageons les studios et les petits logements. Nous parlons d\u2019un petit d\u00e9m\u00e9nagement pour des volumes inf\u00e9rieurs ou \u00e9gaux \u00e0 15 m3.<\/p>\n<h3>D\u00e9m\u00e9nagements rapides<\/h3>\n<p>Nous vous aiderons \u00e0 emm\u00e9nager dans votre nouvelle r\u00e9sidence rapidement. Nous offrons aussi des services de garde-meuble et d&#8217;emballage en urgence.<\/p>\n<h3>Espace de stockage<\/h3>\n<p>Nous r\u00e9cup\u00e9rons vos biens \u00e0 votre domicile et les stockons dans notre d\u00e9p\u00f4t s\u00e9curis\u00e9 \u00e0 Romanel-sur-Lausanne. Ils seront entrepos\u00e9s pendant la dur\u00e9e de votre choix. Il vous suffit de nous mentionner la date \u00e0 laquelle vous souhaitez chercher vos meubles, et nous vous les remettrons \u00e0 la date qui vous conviendra.<\/p>\n<h3>Protection sur mesure pour vos articles de grande importance<\/h3>\n<p>Vos \u0153uvres d&rsquo;art ou vos objets de mobiliers pr\u00e9cieux seront pr\u00e9serv\u00e9s. Nous pr\u00e9parons des cartons personnalis\u00e9s et nous employons des \u00e9quipements de levage adapt\u00e9s.<\/p>\n<h3>Transfert de pianos<\/h3>\n<h3>D\u00e9m\u00e9nager un piano de mani\u00e8re s\u00e9curis\u00e9e requiert des expertises, des mat\u00e9riels et des formations sp\u00e9cifiques. Notre entreprise d\u00e9place tous mod\u00e8les de pianos : droits, horizontaux et interm\u00e9diaires.<\/h3>\n<h3>Location de monte-meubles \u00e0 Romanel-sur-Lausanne <\/h3>\n<p>Nous offrons un service de location de monte-meubles pour faciliter le d\u00e9placement de vos meubles massifs en Suisse et \u00e0 Romanel-sur-Lausanne.<\/p>\n<h3>Vente de cartons de d\u00e9m\u00e9nagement \u00e0 Romanel-sur-Lausanne<\/h3>\n<p>Vous avez besoin de protection pour votre emm\u00e9nagement et d\u00e9m\u00e9nagement \u00e0 Romanel-sur-Lausanne ? Chez Artisanlocal, nous offrons des cartons de d\u00e9m\u00e9nagement et des protections adapt\u00e9es.<\/p>\n<h2>Qu&rsquo;est-ce qui est inclus dans votre service de d\u00e9m\u00e9nagement ?<\/h2>\n<h3>L\u2019emballage sur mesure, pour :<\/h3>\n<ul>\n<li>les matelas,<\/li>\n<li>les \u00e9crans de t\u00e9l\u00e9vision <\/li>\n<li>les chaises,<\/li>\n<li>les sofas<\/li>\n<li>les appareils m\u00e9nagers,<\/li>\n<li>les ordinateurs,<\/li>\n<li>les lampes et ampoules,<\/li>\n<li>les miroirs et tableaux.<\/li>\n<\/ul>\n<h3>Le montage et d\u00e9montage du mobilier<\/h3>\n<ul>\n<li>les tables,<\/li>\n<li>les armoires,<\/li>\n<li>les meubles,<\/li>\n<li>les \u00e9tag\u00e8res,<\/li>\n<li>les lustres.<\/li>\n<\/ul>\n<h2>FAQ<\/h2>\n<h3>Quel budget pour un d\u00e9m\u00e9nagement \u00e0 Romanel-sur-Lausanne et en Suisse ?<\/h3>\n<p>Le co\u00fbt d&rsquo;un d\u00e9m\u00e9nagement \u00e0 Romanel-sur-Lausanne d\u00e9pend du nombre de pi\u00e8ces dans votre logement.<\/p>\n<p>Voici les tarif d\u00e9taill\u00e9s selon le volume et le nombre de chambres :<\/p>\n<p>Pour un d\u00e9m\u00e9nagement \u00e0 Romanel-sur-Lausanne :<\/p>\n<table>\n<tbody>\n<tr>\n<td>Pour un appartement entre 1-2 pi\u00e8ces<\/td>\n<td>Entre 350 \u00e0 600 CHF<\/td>\n<\/tr>\n<tr>\n<td>Pour un appartement entre 2-3 pi\u00e8ces<\/td>\n<td>De 700 \u00e0 1300 CHF<\/td>\n<\/tr>\n<tr>\n<td>Pour un appartement de 3-4 pi\u00e8ces<\/td>\n<td>De 850 \u00e0 2000 Francs Suisses<\/td>\n<\/tr>\n<tr>\n<td>D\u2019une maison<\/td>\n<td>De 1200 \u00e0 2500 Francs Suisses<\/td>\n<\/tr>\n<\/tbody>\n<\/table>\n<p>Pour un d\u00e9m\u00e9nagement plus loin de 200 km :<\/p>\n<table>\n<tbody>\n<tr>\n<td>Pour un appartement de 1-2 pi\u00e8ces<\/td>\n<td>De 600 \u00e0 900 CHF<\/td>\n<\/tr>\n<tr>\n<td>D\u2019un appartement de 2-3 pi\u00e8ces<\/td>\n<td>De 1200 \u00e0 2500 CHF<\/td>\n<\/tr>\n<tr>\n<td>Pour un appartement de 3-4 pi\u00e8ces<\/td>\n<td>Entre 1800 \u00e0 3000 Francs Suisses<\/td>\n<\/tr>\n<tr>\n<td>Pour une maison<\/td>\n<td>De 2000 \u00e0 4500 Francs Suisses<\/td>\n<\/tr>\n<\/tbody>\n<\/table>\n<p>Combien co\u00fbte la location d\u2019un monte meuble \u00e0 Romanel-sur-Lausanne ?<\/p>\n<p>Le tarif indicatif pour le service de location d&rsquo;un monte meuble \u00e0 Romanel-sur-Lausanne est d&rsquo;environ 150 Francs Suisses par heure.<\/p>\n<h3>Quels sont les b\u00e9n\u00e9fices d&rsquo;engager une soci\u00e9t\u00e9 experte dans le d\u00e9m\u00e9nagement \u00e0 Romanel-sur-Lausanne ?<\/h3>\n<p>M\u00eame si vous pourriez \u00e9conomiser de l&rsquo;argent en accomplissant le travail vous-m\u00eame, vous risquez de subir des blessures (notamment si vous n&rsquo;\u00eates pas entra\u00een\u00e9 \u00e0 lever des objets lourds) ou vous pouvez ab\u00eemer vos meubles. En faisant appel \u00e0 Artisanlocal pour votre d\u00e9m\u00e9nagement, vous gagnez du temps et vous limitez les risques.<\/p>\n","protected":false},"excerpt":{"rendered":"<p>D\u00e9m\u00e9nager \u00e0 Romanel-sur-Lausanne ne doit pas \u00eatre un d\u00e9fi. Si vous avez d\u00e9j\u00e0 trouv\u00e9 votre nouvel appartement et d\u00e9termin\u00e9 la date de votre d\u00e9m\u00e9nagement, il est possible que vous vous demandiez de quelle mani\u00e8re pr\u00e9voir au mieux votre d\u00e9m\u00e9nagement ? En engageant notre soci\u00e9t\u00e9 \u00e0 Romanel-sur-Lausanne, vous \u00e9chappez aux situations stressantes, Notre soci\u00e9t\u00e9 g\u00e8re la [&hellip;]<\/p>\n","protected":false},"author":4,"featured_media":2759,"parent":0,"menu_order":0,"comment_status":"closed","ping_status":"closed","template":"","meta":{"footnotes":""},"profession":[122],"location":[90],"canton":[113],"class_list":["post-915","page","type-page","status-publish","has-post-thumbnail","hentry","profession-demenageur","location-romanel-sur-lausanne","canton-vd"],"yoast_head":"<!-- This site is optimized with the Yoast SEO Premium plugin v25.7.1 (Yoast SEO v27.3) - https:\/\/yoast.com\/product\/yoast-seo-premium-wordpress\/ -->\n<title>Facilitez votre d\u00e9m\u00e9nagement \u00e0 Romanel-sur-Lausanne - Artisanlocal<\/title>\n<meta name=\"robots\" content=\"index, follow, max-snippet:-1, max-image-preview:large, max-video-preview:-1\" \/>\n<link rel=\"canonical\" href=\"https:\/\/www.artisanlocal.ch\/c\/facilitez-votre-demenagement-a-romanel-sur-lausanne\/\" \/>\n<meta property=\"og:locale\" content=\"fr_FR\" \/>\n<meta property=\"og:type\" content=\"article\" \/>\n<meta property=\"og:title\" content=\"Facilitez votre d\u00e9m\u00e9nagement \u00e0 Romanel-sur-Lausanne\" \/>\n<meta property=\"og:description\" content=\"D\u00e9m\u00e9nager \u00e0 Romanel-sur-Lausanne ne doit pas \u00eatre un d\u00e9fi. Si vous avez d\u00e9j\u00e0 trouv\u00e9 votre nouvel appartement et d\u00e9termin\u00e9 la date de votre d\u00e9m\u00e9nagement, il est possible que vous vous demandiez de quelle mani\u00e8re pr\u00e9voir au mieux votre d\u00e9m\u00e9nagement ? En engageant notre soci\u00e9t\u00e9 \u00e0 Romanel-sur-Lausanne, vous \u00e9chappez aux situations stressantes, Notre soci\u00e9t\u00e9 g\u00e8re la [&hellip;]\" \/>\n<meta property=\"og:url\" content=\"https:\/\/www.artisanlocal.ch\/c\/facilitez-votre-demenagement-a-romanel-sur-lausanne\/\" \/>\n<meta property=\"og:site_name\" content=\"Artisanlocal\" \/>\n<meta property=\"article:modified_time\" content=\"2025-08-26T17:28:20+00:00\" \/>\n<meta property=\"og:image\" content=\"https:\/\/www.artisanlocal.ch\/c\/wp-content\/uploads\/2024\/10\/demenageur.jpg\" \/>\n\t<meta property=\"og:image:width\" content=\"1920\" \/>\n\t<meta property=\"og:image:height\" content=\"300\" \/>\n\t<meta property=\"og:image:type\" content=\"image\/jpeg\" \/>\n<meta name=\"twitter:card\" content=\"summary_large_image\" \/>\n<meta name=\"twitter:label1\" content=\"Dur\u00e9e de lecture estim\u00e9e\" \/>\n\t<meta name=\"twitter:data1\" content=\"5 minutes\" \/>\n<script type=\"application\/ld+json\" class=\"yoast-schema-graph\">{\"@context\":\"https:\\\/\\\/schema.org\",\"@graph\":[{\"@type\":\"WebPage\",\"@id\":\"https:\\\/\\\/www.artisanlocal.ch\\\/c\\\/facilitez-votre-demenagement-a-romanel-sur-lausanne\\\/\",\"url\":\"https:\\\/\\\/www.artisanlocal.ch\\\/c\\\/facilitez-votre-demenagement-a-romanel-sur-lausanne\\\/\",\"name\":\"Facilitez votre d\u00e9m\u00e9nagement \u00e0 Romanel-sur-Lausanne - Artisanlocal\",\"isPartOf\":{\"@id\":\"https:\\\/\\\/www.artisanlocal.ch\\\/c\\\/#website\"},\"primaryImageOfPage\":{\"@id\":\"https:\\\/\\\/www.artisanlocal.ch\\\/c\\\/facilitez-votre-demenagement-a-romanel-sur-lausanne\\\/#primaryimage\"},\"image\":{\"@id\":\"https:\\\/\\\/www.artisanlocal.ch\\\/c\\\/facilitez-votre-demenagement-a-romanel-sur-lausanne\\\/#primaryimage\"},\"thumbnailUrl\":\"https:\\\/\\\/www.artisanlocal.ch\\\/c\\\/wp-content\\\/uploads\\\/2024\\\/10\\\/demenageur.jpg\",\"datePublished\":\"2024-04-22T20:08:04+00:00\",\"dateModified\":\"2025-08-26T17:28:20+00:00\",\"breadcrumb\":{\"@id\":\"https:\\\/\\\/www.artisanlocal.ch\\\/c\\\/facilitez-votre-demenagement-a-romanel-sur-lausanne\\\/#breadcrumb\"},\"inLanguage\":\"fr-FR\",\"potentialAction\":[{\"@type\":\"ReadAction\",\"target\":[\"https:\\\/\\\/www.artisanlocal.ch\\\/c\\\/facilitez-votre-demenagement-a-romanel-sur-lausanne\\\/\"]}]},{\"@type\":\"ImageObject\",\"inLanguage\":\"fr-FR\",\"@id\":\"https:\\\/\\\/www.artisanlocal.ch\\\/c\\\/facilitez-votre-demenagement-a-romanel-sur-lausanne\\\/#primaryimage\",\"url\":\"https:\\\/\\\/www.artisanlocal.ch\\\/c\\\/wp-content\\\/uploads\\\/2024\\\/10\\\/demenageur.jpg\",\"contentUrl\":\"https:\\\/\\\/www.artisanlocal.ch\\\/c\\\/wp-content\\\/uploads\\\/2024\\\/10\\\/demenageur.jpg\",\"width\":1920,\"height\":300},{\"@type\":\"BreadcrumbList\",\"@id\":\"https:\\\/\\\/www.artisanlocal.ch\\\/c\\\/facilitez-votre-demenagement-a-romanel-sur-lausanne\\\/#breadcrumb\",\"itemListElement\":[{\"@type\":\"ListItem\",\"position\":1,\"name\":\"Accueil\",\"item\":\"https:\\\/\\\/www.artisanlocal.ch\\\/c\\\/\"},{\"@type\":\"ListItem\",\"position\":2,\"name\":\"Facilitez votre d\u00e9m\u00e9nagement \u00e0 Romanel-sur-Lausanne\"}]},{\"@type\":\"WebSite\",\"@id\":\"https:\\\/\\\/www.artisanlocal.ch\\\/c\\\/#website\",\"url\":\"https:\\\/\\\/www.artisanlocal.ch\\\/c\\\/\",\"name\":\"Artisanlocal\",\"description\":\"\",\"publisher\":{\"@id\":\"https:\\\/\\\/www.artisanlocal.ch\\\/c\\\/#organization\"},\"potentialAction\":[{\"@type\":\"SearchAction\",\"target\":{\"@type\":\"EntryPoint\",\"urlTemplate\":\"https:\\\/\\\/www.artisanlocal.ch\\\/c\\\/?s={search_term_string}\"},\"query-input\":{\"@type\":\"PropertyValueSpecification\",\"valueRequired\":true,\"valueName\":\"search_term_string\"}}],\"inLanguage\":\"fr-FR\"},{\"@type\":\"Organization\",\"@id\":\"https:\\\/\\\/www.artisanlocal.ch\\\/c\\\/#organization\",\"name\":\"Artisanlocal\",\"url\":\"https:\\\/\\\/www.artisanlocal.ch\\\/c\\\/\",\"logo\":{\"@type\":\"ImageObject\",\"inLanguage\":\"fr-FR\",\"@id\":\"https:\\\/\\\/www.artisanlocal.ch\\\/c\\\/#\\\/schema\\\/logo\\\/image\\\/\",\"url\":\"https:\\\/\\\/www.artisanlocal.ch\\\/c\\\/wp-content\\\/uploads\\\/2024\\\/02\\\/logo-artisanlocal-h.svg\",\"contentUrl\":\"https:\\\/\\\/www.artisanlocal.ch\\\/c\\\/wp-content\\\/uploads\\\/2024\\\/02\\\/logo-artisanlocal-h.svg\",\"caption\":\"Artisanlocal\"},\"image\":{\"@id\":\"https:\\\/\\\/www.artisanlocal.ch\\\/c\\\/#\\\/schema\\\/logo\\\/image\\\/\"}}]}<\/script>\n<!-- \/ Yoast SEO Premium plugin. -->","yoast_head_json":{"title":"Facilitez votre d\u00e9m\u00e9nagement \u00e0 Romanel-sur-Lausanne - Artisanlocal","robots":{"index":"index","follow":"follow","max-snippet":"max-snippet:-1","max-image-preview":"max-image-preview:large","max-video-preview":"max-video-preview:-1"},"canonical":"https:\/\/www.artisanlocal.ch\/c\/facilitez-votre-demenagement-a-romanel-sur-lausanne\/","og_locale":"fr_FR","og_type":"article","og_title":"Facilitez votre d\u00e9m\u00e9nagement \u00e0 Romanel-sur-Lausanne","og_description":"D\u00e9m\u00e9nager \u00e0 Romanel-sur-Lausanne ne doit pas \u00eatre un d\u00e9fi. Si vous avez d\u00e9j\u00e0 trouv\u00e9 votre nouvel appartement et d\u00e9termin\u00e9 la date de votre d\u00e9m\u00e9nagement, il est possible que vous vous demandiez de quelle mani\u00e8re pr\u00e9voir au mieux votre d\u00e9m\u00e9nagement ? En engageant notre soci\u00e9t\u00e9 \u00e0 Romanel-sur-Lausanne, vous \u00e9chappez aux situations stressantes, Notre soci\u00e9t\u00e9 g\u00e8re la [&hellip;]","og_url":"https:\/\/www.artisanlocal.ch\/c\/facilitez-votre-demenagement-a-romanel-sur-lausanne\/","og_site_name":"Artisanlocal","article_modified_time":"2025-08-26T17:28:20+00:00","og_image":[{"width":1920,"height":300,"url":"https:\/\/www.artisanlocal.ch\/c\/wp-content\/uploads\/2024\/10\/demenageur.jpg","type":"image\/jpeg"}],"twitter_card":"summary_large_image","twitter_misc":{"Dur\u00e9e de lecture estim\u00e9e":"5 minutes"},"schema":{"@context":"https:\/\/schema.org","@graph":[{"@type":"WebPage","@id":"https:\/\/www.artisanlocal.ch\/c\/facilitez-votre-demenagement-a-romanel-sur-lausanne\/","url":"https:\/\/www.artisanlocal.ch\/c\/facilitez-votre-demenagement-a-romanel-sur-lausanne\/","name":"Facilitez votre d\u00e9m\u00e9nagement \u00e0 Romanel-sur-Lausanne - Artisanlocal","isPartOf":{"@id":"https:\/\/www.artisanlocal.ch\/c\/#website"},"primaryImageOfPage":{"@id":"https:\/\/www.artisanlocal.ch\/c\/facilitez-votre-demenagement-a-romanel-sur-lausanne\/#primaryimage"},"image":{"@id":"https:\/\/www.artisanlocal.ch\/c\/facilitez-votre-demenagement-a-romanel-sur-lausanne\/#primaryimage"},"thumbnailUrl":"https:\/\/www.artisanlocal.ch\/c\/wp-content\/uploads\/2024\/10\/demenageur.jpg","datePublished":"2024-04-22T20:08:04+00:00","dateModified":"2025-08-26T17:28:20+00:00","breadcrumb":{"@id":"https:\/\/www.artisanlocal.ch\/c\/facilitez-votre-demenagement-a-romanel-sur-lausanne\/#breadcrumb"},"inLanguage":"fr-FR","potentialAction":[{"@type":"ReadAction","target":["https:\/\/www.artisanlocal.ch\/c\/facilitez-votre-demenagement-a-romanel-sur-lausanne\/"]}]},{"@type":"ImageObject","inLanguage":"fr-FR","@id":"https:\/\/www.artisanlocal.ch\/c\/facilitez-votre-demenagement-a-romanel-sur-lausanne\/#primaryimage","url":"https:\/\/www.artisanlocal.ch\/c\/wp-content\/uploads\/2024\/10\/demenageur.jpg","contentUrl":"https:\/\/www.artisanlocal.ch\/c\/wp-content\/uploads\/2024\/10\/demenageur.jpg","width":1920,"height":300},{"@type":"BreadcrumbList","@id":"https:\/\/www.artisanlocal.ch\/c\/facilitez-votre-demenagement-a-romanel-sur-lausanne\/#breadcrumb","itemListElement":[{"@type":"ListItem","position":1,"name":"Accueil","item":"https:\/\/www.artisanlocal.ch\/c\/"},{"@type":"ListItem","position":2,"name":"Facilitez votre d\u00e9m\u00e9nagement \u00e0 Romanel-sur-Lausanne"}]},{"@type":"WebSite","@id":"https:\/\/www.artisanlocal.ch\/c\/#website","url":"https:\/\/www.artisanlocal.ch\/c\/","name":"Artisanlocal","description":"","publisher":{"@id":"https:\/\/www.artisanlocal.ch\/c\/#organization"},"potentialAction":[{"@type":"SearchAction","target":{"@type":"EntryPoint","urlTemplate":"https:\/\/www.artisanlocal.ch\/c\/?s={search_term_string}"},"query-input":{"@type":"PropertyValueSpecification","valueRequired":true,"valueName":"search_term_string"}}],"inLanguage":"fr-FR"},{"@type":"Organization","@id":"https:\/\/www.artisanlocal.ch\/c\/#organization","name":"Artisanlocal","url":"https:\/\/www.artisanlocal.ch\/c\/","logo":{"@type":"ImageObject","inLanguage":"fr-FR","@id":"https:\/\/www.artisanlocal.ch\/c\/#\/schema\/logo\/image\/","url":"https:\/\/www.artisanlocal.ch\/c\/wp-content\/uploads\/2024\/02\/logo-artisanlocal-h.svg","contentUrl":"https:\/\/www.artisanlocal.ch\/c\/wp-content\/uploads\/2024\/02\/logo-artisanlocal-h.svg","caption":"Artisanlocal"},"image":{"@id":"https:\/\/www.artisanlocal.ch\/c\/#\/schema\/logo\/image\/"}}]}},"_links":{"self":[{"href":"https:\/\/www.artisanlocal.ch\/c\/wp-json\/wp\/v2\/pages\/915","targetHints":{"allow":["GET"]}}],"collection":[{"href":"https:\/\/www.artisanlocal.ch\/c\/wp-json\/wp\/v2\/pages"}],"about":[{"href":"https:\/\/www.artisanlocal.ch\/c\/wp-json\/wp\/v2\/types\/page"}],"author":[{"embeddable":true,"href":"https:\/\/www.artisanlocal.ch\/c\/wp-json\/wp\/v2\/users\/4"}],"replies":[{"embeddable":true,"href":"https:\/\/www.artisanlocal.ch\/c\/wp-json\/wp\/v2\/comments?post=915"}],"version-history":[{"count":0,"href":"https:\/\/www.artisanlocal.ch\/c\/wp-json\/wp\/v2\/pages\/915\/revisions"}],"wp:featuredmedia":[{"embeddable":true,"href":"https:\/\/www.artisanlocal.ch\/c\/wp-json\/wp\/v2\/media\/2759"}],"wp:attachment":[{"href":"https:\/\/www.artisanlocal.ch\/c\/wp-json\/wp\/v2\/media?parent=915"}],"wp:term":[{"taxonomy":"profession","embeddable":true,"href":"https:\/\/www.artisanlocal.ch\/c\/wp-json\/wp\/v2\/profession?post=915"},{"taxonomy":"location","embeddable":true,"href":"https:\/\/www.artisanlocal.ch\/c\/wp-json\/wp\/v2\/location?post=915"},{"taxonomy":"canton","embeddable":true,"href":"https:\/\/www.artisanlocal.ch\/c\/wp-json\/wp\/v2\/canton?post=915"}],"curies":[{"name":"wp","href":"https:\/\/api.w.org\/{rel}","templated":true}]}}