{"id":918,"date":"2024-04-22T11:04:48","date_gmt":"2024-04-22T09:04:48","guid":{"rendered":"https:\/\/www.artisanlocal.ch\/c\/facilitez-votre-demenagement-a-forel\/"},"modified":"2025-09-04T11:05:41","modified_gmt":"2025-09-04T09:05:41","slug":"facilitez-votre-demenagement-a-forel","status":"publish","type":"page","link":"https:\/\/www.artisanlocal.ch\/c\/facilitez-votre-demenagement-a-forel\/","title":{"rendered":"Entreprise de D\u00e9m\u00e9nagement \u00e0 Forel (Lavaux)"},"content":{"rendered":"<p>Besoin d&rsquo;une entreprise de d\u00e9m\u00e9nagement \u00e0 Forel (Lavaux) ? Engager Artisanlocal.ch, avec nous, vous \u00e9conomisez du temps, et nous g\u00e9rons tous les aspects de votre d\u00e9m\u00e9nagement, de la r\u00e9servation du fourgon, \u00e0 la protection de vos meubles.<\/p>\n\r\n<div class=\"box\">\r\n    <h2 class=\"text-dark\">Nous cherchons un <em class=\"text-primary\">D\u00e9m\u00e9nageur<\/em> dans la r\u00e9gion de <em class=\"text-primary\">Forel (Lavaux)<\/em>  en exclusivit\u00e9, afin de proposer vos services \u00e0 nos clients propri\u00e9taires.<\/h2>\r\n    <p>Une opportunit\u00e9 unique pour booster votre activit\u00e9 \u00e0 <strong>Forel (Lavaux)<\/strong> et aux alentours dans votre domaine (D\u00e9m\u00e9nageur).<\/p>\r\n    <p>Nous travaillons en exclusivit\u00e9 avec qu'une soci\u00e9t\u00e9 par m\u00e9tier et par r\u00e9gion. <br>Votre entreprise est pr\u00e9sente sur tous les documents immobiliers. Afin d'\u00eatre mieux vu sur le net, vous \u00eates \u00e9galement visible sur nos deux sites et sur les pages de r\u00e9f\u00e9rencement de votre r\u00e9gion.<\/p>\r\n    <a href=\"\/contact\" class=\"wp-block-button__link has-accent-background-color has-text-align-center wp-element-button\">R\u00e9server<\/a>\r\n<\/div>\n<h2>Artisanlocal l&rsquo;expert du d\u00e9m\u00e9nagement \u00e0 Forel (Lavaux)<\/h2>\n<p>Notre entreprise aide les particuliers et professionnels \u00e0 Forel (Lavaux). Nos \u00e9quipes sont form\u00e9es et exp\u00e9riment\u00e9es pour vous aider, quelle que soit la difficult\u00e9 de votre d\u00e9m\u00e9nagement.<\/p>\n<h2>Quels sont les avantages de travailler avec Artisanlocal \u00e0 Forel (Lavaux) ?<\/h2>\n<h3>Artisanlocal une soci\u00e9t\u00e9 \u00e9coresponsable<\/h3>\n<p>Nos emballages sont biod\u00e9gradables et nous r\u00e9cup\u00e9rons tous les mat\u00e9riaux utilis\u00e9s lors de notre intervention.<\/p>\n<h3>Artisanlocal une entreprise joignable \u00e0 tout moment pour votre d\u00e9m\u00e9nagement<\/h3>\n<p>Artisanlocal est disponible 7 jours sur 7, pour r\u00e9aliser le d\u00e9m\u00e9nagement de votre appartement, r\u00e9sidence ou de vos boutiques et bureaux \u00e0 Forel (Lavaux).<\/p>\n<h3>Entreprise de d\u00e9m\u00e9nagement qui intervient \u00e0 Forel (Lavaux) et dans les alentours<\/h3>\n<p>Artisanlocal intervient \u00e0 Forel (Lavaux) et dans les villes aux alentours, telles que : Peney-le-Jorat, Mollie-Margot, Savigny, Ferlens VD, Servion, Essertes, Les Cullayes, Montpreveyres, Corcelles-le-Jorat, M\u00e9zi\u00e8res VD, Carrouge VD, Vulliens, Ropraz, Les Tavernes, Les Thioleyres, Pal\u00e9zieux, Pal\u00e9zieux-Village, Oron-le-Ch\u00e2tel, Chapelle (Gl\u00e2ne), Bussigny-sur-Oron, Chesalles-sur-Oron, Ch\u00e2tillens, Oron-la-Ville, Vuibroye, Le Cr\u00eat-pr\u00e8s-Semsales, Ecoteaux, Maracon..<\/p>\n<h3>D\u00e9m\u00e9nagement et installation \u00e0 l&rsquo;international et dans toute la Suisse<\/h3>\n<p>Si vous habitez \u00e0 Forel (Lavaux), nous pouvons organiser votre d\u00e9m\u00e9nagement dans toutes les villes en Suisse ou les pays frontaliers.<\/p>\n<h3>Des d\u00e9m\u00e9nageurs toujours pr\u00e9cautionneux \u00e0 Forel (Lavaux)<\/h3>\n<p>Nous emballons vos affaires et installons des protections sur les murs et les sols pour \u00e9viter les dommages durant votre d\u00e9m\u00e9nagement, par exemple pour vos :<\/p>\n<ul>\n<li>Sols : le jour de votre d\u00e9m\u00e9nagement, nous veillerons \u00e0 marcher avec pr\u00e9caution et \u00e0 transporter vos biens pour \u00e9viter de rayer vos planchers.<\/li>\n<li>Angles : nous prot\u00e9geons les angles de vos murs de sorte \u00e0 \u00e9viter les \u00e9raflures.<\/li>\n<li>Couloirs : avant de transporter vos objets, nous pla\u00e7ons des mat\u00e9riaux de protection dans vos couloirs, pour \u00e9viter tout casse.<\/li>\n<li>Portes : si cela le demande, nous prot\u00e9geons vos portes contre les dommages.<\/li>\n<\/ul>\n<h3>Devis gratuits<\/h3>\n<p>Apr\u00e8s \u00e9tude de votre projet par un de nos d\u00e9m\u00e9nageurs, notre soci\u00e9t\u00e9 vous fournit un devis gratuit.<\/p>\n<h2>Quels sont les services d&rsquo;Artisanlocal ?<\/h2>\n<h3>D\u00e9m\u00e9nagement de bureaux et de locaux<\/h3>\n<p>Nous r\u00e9alisons le d\u00e9m\u00e9nagement des magasins et des bureaux \u00e0 Forel (Lavaux).<\/p>\n<h3>Petits d\u00e9m\u00e9nagements<\/h3>\n<p>Nous d\u00e9m\u00e9nageons les petits logements. Nous d\u00e9finissons un petit d\u00e9m\u00e9nagement pour des projets inf\u00e9rieurs \u00e0 15 m\u00b3.<\/p>\n<h3>D\u00e9m\u00e9nagements rapides<\/h3>\n<p>Notre \u00e9quipe vous aide \u00e0 emm\u00e9nager dans votre nouvelle habitation rapidement. Nous proposons aussi des prestations de stockage et d&#8217;emballage en urgence.<\/p>\n<h3>Espace de stockage<\/h3>\n<p>Nous venons r\u00e9cup\u00e9rer vos affaires et ensuite, nous les transportons vers notre lieu de stockage \u00e0 Forel (Lavaux). Ils seront entrepos\u00e9s pendant la p\u00e9riode de votre choix. Vous n&rsquo;avez qu&rsquo;\u00e0 nous communiquer la date \u00e0 laquelle vous voulez reprendre vos biens et mobiliers, et nous les livrons \u00e0 votre domicile.<\/p>\n<h3>Protection sur mesure pour vos articles de grande importance<\/h3>\n<p>Vos objets de grande valeur et les \u0153uvres d&rsquo;art vont \u00eatre conditionn\u00e9s avec soin. Nous concevons des emballages sur mesure et nous utilisons des \u00e9quipements de levage appropri\u00e9s.<\/p>\n<h3>Transfert de pianos<\/h3>\n<p>Nous d\u00e9m\u00e9nageons votre piano en toute s\u00fbret\u00e9. Notre soci\u00e9t\u00e9 d\u00e9place tous types de pianos : droits, horizontaux et interm\u00e9diaires.<\/p>\n<h3>Location de monte-meubles \u00e0 Forel (Lavaux) pour d\u00e9m\u00e9nagement<\/h3>\n<p>Notre prestation de location de monte-meubles permet le d\u00e9placement de vos mobiliers facilement en Suisse et \u00e0 Forel (Lavaux).<\/p>\n<h3>Vente de cartons pour votre d\u00e9m\u00e9nagement en emm\u00e9nagement \u00e0 Forel (Lavaux)<\/h3>\n<p>Vous avez besoin de protection pour votre emm\u00e9nagement et d\u00e9m\u00e9nagement \u00e0 Forel (Lavaux) ? Artisanlocal propose une large gamme de cartons et aussi : d&rsquo;accessoires, de housses de protection, et d&rsquo;adh\u00e9sifs.<\/p>\n<h2>Qu&rsquo;est-ce qui est pr\u00e9vu dans votre service de d\u00e9m\u00e9nagement ?<\/h2>\n<h3>L\u2019emballage sur mesure, pour :<\/h3>\n<ul>\n<li>les literies,<\/li>\n<li>les \u00e9crans plats<\/li>\n<li>les chaises,<\/li>\n<li>les sofas<\/li>\n<li>les appareils \u00e9lectrom\u00e9nagers,<\/li>\n<li>les PC,<\/li>\n<li>les lampes et ampoules,<\/li>\n<li>les tableaux et miroirs.<\/li>\n<\/ul>\n<h3>Le d\u00e9montage des meubles<\/h3>\n<ul>\n<li>les tables,<\/li>\n<li>les armoires,<\/li>\n<li>les mobiliers,<\/li>\n<li>les \u00e9tag\u00e8res,<\/li>\n<li>les luminaires.<\/li>\n<\/ul>\n<h2>Foire aux questions<\/h2>\n<h3>Combien co\u00fbte un d\u00e9m\u00e9nagement \u00e0 Forel (Lavaux) et en Suisse ?<\/h3>\n<p>Le prix d&rsquo;un d\u00e9m\u00e9nagement \u00e0 Forel (Lavaux) d\u00e9pend du nombre de pi\u00e8ces dans votre domicile.<\/p>\n<h3><strong>Les tarifs d\u00e9taill\u00e9s selon le nombre de chambres et le volume<\/strong><\/h3>\n<p>Pour un d\u00e9m\u00e9nagement \u00e0 Forel (Lavaux) :<\/p>\n<table>\n<tbody>\n<tr>\n<td>D\u2019un appartement de 1-2 pi\u00e8ces<\/td>\n<td>Entre 350 \u00e0 600 Francs Suisses<\/td>\n<\/tr>\n<tr>\n<td>Pour un appartement entre 2-3 pi\u00e8ces<\/td>\n<td>Entre 700 \u00e0 1300 Francs Suisses<\/td>\n<\/tr>\n<tr>\n<td>Pour un appartement entre 3-4 pi\u00e8ces<\/td>\n<td>De 850 \u00e0 2000 CHF<\/td>\n<\/tr>\n<tr>\n<td>Pour une maison<\/td>\n<td>Entre 1200 \u00e0 2500 CHF<\/td>\n<\/tr>\n<\/tbody>\n<\/table>\n<p>Pour d\u00e9m\u00e9nager plus loin de 200 km :<\/p>\n<table>\n<tbody>\n<tr>\n<td>Pour un appartement de 1-2 pi\u00e8ces<\/td>\n<td>Entre 600 \u00e0 900 Francs Suisses<\/td>\n<\/tr>\n<tr>\n<td>Pour un appartement de 2-3 pi\u00e8ces<\/td>\n<td>De 1200 \u00e0 2500 CHF<\/td>\n<\/tr>\n<tr>\n<td>Pour un appartement de 3-4 pi\u00e8ces<\/td>\n<td>Entre 1800 \u00e0 3000 CHF<\/td>\n<\/tr>\n<tr>\n<td>D\u2019une maison<\/td>\n<td>De 2000 \u00e0 4500 CHF<\/td>\n<\/tr>\n<\/tbody>\n<\/table>\n<h3>Combien co\u00fbte la location d\u2019un monte meuble \u00e0 Forel (Lavaux) ?<\/h3>\n<p>Le co\u00fbt pour louer un monte-meuble \u00e0 Forel (Lavaux) est d&rsquo;environ 150 Francs Suisses par heure.<\/p>\n<h3>Quels sont les avantages d&rsquo;engager Artisanlocal \u00e0 Forel (Lavaux) ?<\/h3>\n<p>En accomplissant le travail vous-m\u00eame, vous risquez de vous blesser (si vous n\u2019avez pas l\u2019habitude de porter des charges importantes) ou vous pouvez aussi casser vos meubles. Avec Artisanlocal, vous \u00e9conomisez du temps et vous \u00e9vitez des probl\u00e8mes de dos.<\/p>\n","protected":false},"excerpt":{"rendered":"<p>Besoin d&rsquo;une entreprise de d\u00e9m\u00e9nagement \u00e0 Forel (Lavaux) ? Engager Artisanlocal.ch, avec nous, vous \u00e9conomisez du temps, et nous g\u00e9rons tous les aspects de votre d\u00e9m\u00e9nagement, de la r\u00e9servation du fourgon, \u00e0 la protection de vos meubles. Artisanlocal l&rsquo;expert du d\u00e9m\u00e9nagement \u00e0 Forel (Lavaux) Notre entreprise aide les particuliers et professionnels \u00e0 Forel (Lavaux). Nos [&hellip;]<\/p>\n","protected":false},"author":4,"featured_media":2759,"parent":0,"menu_order":0,"comment_status":"closed","ping_status":"closed","template":"","meta":{"footnotes":""},"profession":[122],"location":[15],"canton":[113],"class_list":["post-918","page","type-page","status-publish","has-post-thumbnail","hentry","profession-demenageur","location-forel-lavaux","canton-vd"],"yoast_head":"<!-- This site is optimized with the Yoast SEO Premium plugin v25.7.1 (Yoast SEO v27.3) - https:\/\/yoast.com\/product\/yoast-seo-premium-wordpress\/ -->\n<title>Entreprise de D\u00e9m\u00e9nagement \u00e0 Forel (Lavaux) - Artisanlocal<\/title>\n<meta name=\"robots\" content=\"index, follow, max-snippet:-1, max-image-preview:large, max-video-preview:-1\" \/>\n<link rel=\"canonical\" href=\"https:\/\/www.artisanlocal.ch\/c\/facilitez-votre-demenagement-a-forel\/\" \/>\n<meta property=\"og:locale\" content=\"fr_FR\" \/>\n<meta property=\"og:type\" content=\"article\" \/>\n<meta property=\"og:title\" content=\"Entreprise de D\u00e9m\u00e9nagement \u00e0 Forel (Lavaux)\" \/>\n<meta property=\"og:description\" content=\"Besoin d&rsquo;une entreprise de d\u00e9m\u00e9nagement \u00e0 Forel (Lavaux) ? Engager Artisanlocal.ch, avec nous, vous \u00e9conomisez du temps, et nous g\u00e9rons tous les aspects de votre d\u00e9m\u00e9nagement, de la r\u00e9servation du fourgon, \u00e0 la protection de vos meubles. Artisanlocal l&rsquo;expert du d\u00e9m\u00e9nagement \u00e0 Forel (Lavaux) Notre entreprise aide les particuliers et professionnels \u00e0 Forel (Lavaux). Nos [&hellip;]\" \/>\n<meta property=\"og:url\" content=\"https:\/\/www.artisanlocal.ch\/c\/facilitez-votre-demenagement-a-forel\/\" \/>\n<meta property=\"og:site_name\" content=\"Artisanlocal\" \/>\n<meta property=\"article:modified_time\" content=\"2025-09-04T09:05:41+00:00\" \/>\n<meta property=\"og:image\" content=\"https:\/\/www.artisanlocal.ch\/c\/wp-content\/uploads\/2024\/10\/demenageur.jpg\" \/>\n\t<meta property=\"og:image:width\" content=\"1920\" \/>\n\t<meta property=\"og:image:height\" content=\"300\" \/>\n\t<meta property=\"og:image:type\" content=\"image\/jpeg\" \/>\n<meta name=\"twitter:card\" content=\"summary_large_image\" \/>\n<meta name=\"twitter:label1\" content=\"Dur\u00e9e de lecture estim\u00e9e\" \/>\n\t<meta name=\"twitter:data1\" content=\"5 minutes\" \/>\n<script type=\"application\/ld+json\" class=\"yoast-schema-graph\">{\"@context\":\"https:\\\/\\\/schema.org\",\"@graph\":[{\"@type\":\"WebPage\",\"@id\":\"https:\\\/\\\/www.artisanlocal.ch\\\/c\\\/facilitez-votre-demenagement-a-forel\\\/\",\"url\":\"https:\\\/\\\/www.artisanlocal.ch\\\/c\\\/facilitez-votre-demenagement-a-forel\\\/\",\"name\":\"Entreprise de D\u00e9m\u00e9nagement \u00e0 Forel (Lavaux) - Artisanlocal\",\"isPartOf\":{\"@id\":\"https:\\\/\\\/www.artisanlocal.ch\\\/c\\\/#website\"},\"primaryImageOfPage\":{\"@id\":\"https:\\\/\\\/www.artisanlocal.ch\\\/c\\\/facilitez-votre-demenagement-a-forel\\\/#primaryimage\"},\"image\":{\"@id\":\"https:\\\/\\\/www.artisanlocal.ch\\\/c\\\/facilitez-votre-demenagement-a-forel\\\/#primaryimage\"},\"thumbnailUrl\":\"https:\\\/\\\/www.artisanlocal.ch\\\/c\\\/wp-content\\\/uploads\\\/2024\\\/10\\\/demenageur.jpg\",\"datePublished\":\"2024-04-22T09:04:48+00:00\",\"dateModified\":\"2025-09-04T09:05:41+00:00\",\"breadcrumb\":{\"@id\":\"https:\\\/\\\/www.artisanlocal.ch\\\/c\\\/facilitez-votre-demenagement-a-forel\\\/#breadcrumb\"},\"inLanguage\":\"fr-FR\",\"potentialAction\":[{\"@type\":\"ReadAction\",\"target\":[\"https:\\\/\\\/www.artisanlocal.ch\\\/c\\\/facilitez-votre-demenagement-a-forel\\\/\"]}]},{\"@type\":\"ImageObject\",\"inLanguage\":\"fr-FR\",\"@id\":\"https:\\\/\\\/www.artisanlocal.ch\\\/c\\\/facilitez-votre-demenagement-a-forel\\\/#primaryimage\",\"url\":\"https:\\\/\\\/www.artisanlocal.ch\\\/c\\\/wp-content\\\/uploads\\\/2024\\\/10\\\/demenageur.jpg\",\"contentUrl\":\"https:\\\/\\\/www.artisanlocal.ch\\\/c\\\/wp-content\\\/uploads\\\/2024\\\/10\\\/demenageur.jpg\",\"width\":1920,\"height\":300},{\"@type\":\"BreadcrumbList\",\"@id\":\"https:\\\/\\\/www.artisanlocal.ch\\\/c\\\/facilitez-votre-demenagement-a-forel\\\/#breadcrumb\",\"itemListElement\":[{\"@type\":\"ListItem\",\"position\":1,\"name\":\"Accueil\",\"item\":\"https:\\\/\\\/www.artisanlocal.ch\\\/c\\\/\"},{\"@type\":\"ListItem\",\"position\":2,\"name\":\"Entreprise de D\u00e9m\u00e9nagement \u00e0 Forel\"}]},{\"@type\":\"WebSite\",\"@id\":\"https:\\\/\\\/www.artisanlocal.ch\\\/c\\\/#website\",\"url\":\"https:\\\/\\\/www.artisanlocal.ch\\\/c\\\/\",\"name\":\"Artisanlocal\",\"description\":\"\",\"publisher\":{\"@id\":\"https:\\\/\\\/www.artisanlocal.ch\\\/c\\\/#organization\"},\"potentialAction\":[{\"@type\":\"SearchAction\",\"target\":{\"@type\":\"EntryPoint\",\"urlTemplate\":\"https:\\\/\\\/www.artisanlocal.ch\\\/c\\\/?s={search_term_string}\"},\"query-input\":{\"@type\":\"PropertyValueSpecification\",\"valueRequired\":true,\"valueName\":\"search_term_string\"}}],\"inLanguage\":\"fr-FR\"},{\"@type\":\"Organization\",\"@id\":\"https:\\\/\\\/www.artisanlocal.ch\\\/c\\\/#organization\",\"name\":\"Artisanlocal\",\"url\":\"https:\\\/\\\/www.artisanlocal.ch\\\/c\\\/\",\"logo\":{\"@type\":\"ImageObject\",\"inLanguage\":\"fr-FR\",\"@id\":\"https:\\\/\\\/www.artisanlocal.ch\\\/c\\\/#\\\/schema\\\/logo\\\/image\\\/\",\"url\":\"https:\\\/\\\/www.artisanlocal.ch\\\/c\\\/wp-content\\\/uploads\\\/2024\\\/02\\\/logo-artisanlocal-h.svg\",\"contentUrl\":\"https:\\\/\\\/www.artisanlocal.ch\\\/c\\\/wp-content\\\/uploads\\\/2024\\\/02\\\/logo-artisanlocal-h.svg\",\"caption\":\"Artisanlocal\"},\"image\":{\"@id\":\"https:\\\/\\\/www.artisanlocal.ch\\\/c\\\/#\\\/schema\\\/logo\\\/image\\\/\"}}]}<\/script>\n<!-- \/ Yoast SEO Premium plugin. -->","yoast_head_json":{"title":"Entreprise de D\u00e9m\u00e9nagement \u00e0 Forel (Lavaux) - Artisanlocal","robots":{"index":"index","follow":"follow","max-snippet":"max-snippet:-1","max-image-preview":"max-image-preview:large","max-video-preview":"max-video-preview:-1"},"canonical":"https:\/\/www.artisanlocal.ch\/c\/facilitez-votre-demenagement-a-forel\/","og_locale":"fr_FR","og_type":"article","og_title":"Entreprise de D\u00e9m\u00e9nagement \u00e0 Forel (Lavaux)","og_description":"Besoin d&rsquo;une entreprise de d\u00e9m\u00e9nagement \u00e0 Forel (Lavaux) ? Engager Artisanlocal.ch, avec nous, vous \u00e9conomisez du temps, et nous g\u00e9rons tous les aspects de votre d\u00e9m\u00e9nagement, de la r\u00e9servation du fourgon, \u00e0 la protection de vos meubles. Artisanlocal l&rsquo;expert du d\u00e9m\u00e9nagement \u00e0 Forel (Lavaux) Notre entreprise aide les particuliers et professionnels \u00e0 Forel (Lavaux). Nos [&hellip;]","og_url":"https:\/\/www.artisanlocal.ch\/c\/facilitez-votre-demenagement-a-forel\/","og_site_name":"Artisanlocal","article_modified_time":"2025-09-04T09:05:41+00:00","og_image":[{"width":1920,"height":300,"url":"https:\/\/www.artisanlocal.ch\/c\/wp-content\/uploads\/2024\/10\/demenageur.jpg","type":"image\/jpeg"}],"twitter_card":"summary_large_image","twitter_misc":{"Dur\u00e9e de lecture estim\u00e9e":"5 minutes"},"schema":{"@context":"https:\/\/schema.org","@graph":[{"@type":"WebPage","@id":"https:\/\/www.artisanlocal.ch\/c\/facilitez-votre-demenagement-a-forel\/","url":"https:\/\/www.artisanlocal.ch\/c\/facilitez-votre-demenagement-a-forel\/","name":"Entreprise de D\u00e9m\u00e9nagement \u00e0 Forel (Lavaux) - Artisanlocal","isPartOf":{"@id":"https:\/\/www.artisanlocal.ch\/c\/#website"},"primaryImageOfPage":{"@id":"https:\/\/www.artisanlocal.ch\/c\/facilitez-votre-demenagement-a-forel\/#primaryimage"},"image":{"@id":"https:\/\/www.artisanlocal.ch\/c\/facilitez-votre-demenagement-a-forel\/#primaryimage"},"thumbnailUrl":"https:\/\/www.artisanlocal.ch\/c\/wp-content\/uploads\/2024\/10\/demenageur.jpg","datePublished":"2024-04-22T09:04:48+00:00","dateModified":"2025-09-04T09:05:41+00:00","breadcrumb":{"@id":"https:\/\/www.artisanlocal.ch\/c\/facilitez-votre-demenagement-a-forel\/#breadcrumb"},"inLanguage":"fr-FR","potentialAction":[{"@type":"ReadAction","target":["https:\/\/www.artisanlocal.ch\/c\/facilitez-votre-demenagement-a-forel\/"]}]},{"@type":"ImageObject","inLanguage":"fr-FR","@id":"https:\/\/www.artisanlocal.ch\/c\/facilitez-votre-demenagement-a-forel\/#primaryimage","url":"https:\/\/www.artisanlocal.ch\/c\/wp-content\/uploads\/2024\/10\/demenageur.jpg","contentUrl":"https:\/\/www.artisanlocal.ch\/c\/wp-content\/uploads\/2024\/10\/demenageur.jpg","width":1920,"height":300},{"@type":"BreadcrumbList","@id":"https:\/\/www.artisanlocal.ch\/c\/facilitez-votre-demenagement-a-forel\/#breadcrumb","itemListElement":[{"@type":"ListItem","position":1,"name":"Accueil","item":"https:\/\/www.artisanlocal.ch\/c\/"},{"@type":"ListItem","position":2,"name":"Entreprise de D\u00e9m\u00e9nagement \u00e0 Forel"}]},{"@type":"WebSite","@id":"https:\/\/www.artisanlocal.ch\/c\/#website","url":"https:\/\/www.artisanlocal.ch\/c\/","name":"Artisanlocal","description":"","publisher":{"@id":"https:\/\/www.artisanlocal.ch\/c\/#organization"},"potentialAction":[{"@type":"SearchAction","target":{"@type":"EntryPoint","urlTemplate":"https:\/\/www.artisanlocal.ch\/c\/?s={search_term_string}"},"query-input":{"@type":"PropertyValueSpecification","valueRequired":true,"valueName":"search_term_string"}}],"inLanguage":"fr-FR"},{"@type":"Organization","@id":"https:\/\/www.artisanlocal.ch\/c\/#organization","name":"Artisanlocal","url":"https:\/\/www.artisanlocal.ch\/c\/","logo":{"@type":"ImageObject","inLanguage":"fr-FR","@id":"https:\/\/www.artisanlocal.ch\/c\/#\/schema\/logo\/image\/","url":"https:\/\/www.artisanlocal.ch\/c\/wp-content\/uploads\/2024\/02\/logo-artisanlocal-h.svg","contentUrl":"https:\/\/www.artisanlocal.ch\/c\/wp-content\/uploads\/2024\/02\/logo-artisanlocal-h.svg","caption":"Artisanlocal"},"image":{"@id":"https:\/\/www.artisanlocal.ch\/c\/#\/schema\/logo\/image\/"}}]}},"_links":{"self":[{"href":"https:\/\/www.artisanlocal.ch\/c\/wp-json\/wp\/v2\/pages\/918","targetHints":{"allow":["GET"]}}],"collection":[{"href":"https:\/\/www.artisanlocal.ch\/c\/wp-json\/wp\/v2\/pages"}],"about":[{"href":"https:\/\/www.artisanlocal.ch\/c\/wp-json\/wp\/v2\/types\/page"}],"author":[{"embeddable":true,"href":"https:\/\/www.artisanlocal.ch\/c\/wp-json\/wp\/v2\/users\/4"}],"replies":[{"embeddable":true,"href":"https:\/\/www.artisanlocal.ch\/c\/wp-json\/wp\/v2\/comments?post=918"}],"version-history":[{"count":0,"href":"https:\/\/www.artisanlocal.ch\/c\/wp-json\/wp\/v2\/pages\/918\/revisions"}],"wp:featuredmedia":[{"embeddable":true,"href":"https:\/\/www.artisanlocal.ch\/c\/wp-json\/wp\/v2\/media\/2759"}],"wp:attachment":[{"href":"https:\/\/www.artisanlocal.ch\/c\/wp-json\/wp\/v2\/media?parent=918"}],"wp:term":[{"taxonomy":"profession","embeddable":true,"href":"https:\/\/www.artisanlocal.ch\/c\/wp-json\/wp\/v2\/profession?post=918"},{"taxonomy":"location","embeddable":true,"href":"https:\/\/www.artisanlocal.ch\/c\/wp-json\/wp\/v2\/location?post=918"},{"taxonomy":"canton","embeddable":true,"href":"https:\/\/www.artisanlocal.ch\/c\/wp-json\/wp\/v2\/canton?post=918"}],"curies":[{"name":"wp","href":"https:\/\/api.w.org\/{rel}","templated":true}]}}