{"id":922,"date":"2024-04-22T15:43:35","date_gmt":"2024-04-22T13:43:35","guid":{"rendered":"https:\/\/www.artisanlocal.ch\/c\/artisanlocal-votre-societe-de-demenagement-a-mezieres\/"},"modified":"2025-08-26T19:28:35","modified_gmt":"2025-08-26T17:28:35","slug":"artisanlocal-votre-societe-de-demenagement-a-mezieres","status":"publish","type":"page","link":"https:\/\/www.artisanlocal.ch\/c\/artisanlocal-votre-societe-de-demenagement-a-mezieres\/","title":{"rendered":"Artisanlocal votre soci\u00e9t\u00e9 de d\u00e9m\u00e9nagement \u00e0 M\u00e9zi\u00e8res VD"},"content":{"rendered":"<p>D\u00e9m\u00e9nager \u00e0 M\u00e9zi\u00e8res VD ne doit pas \u00eatre une source de stress. Si vous avez d\u00e9j\u00e0 trouv\u00e9 votre nouveau logement et d\u00e9termin\u00e9 la date de votre d\u00e9m\u00e9nagement, il est possible que vous vous demandiez de quelle mani\u00e8re organiser au mieux votre d\u00e9m\u00e9nagement ? En faisant appel \u00e0 notre entreprise \u00e0 M\u00e9zi\u00e8res VD, vous \u00e9conomisez votre temps, Notre soci\u00e9t\u00e9 prend en charge la globalit\u00e9 de votre d\u00e9m\u00e9nagement, de la location du v\u00e9hicule, jusqu&rsquo;\u00e0 la protection de vos meubles.<\/p>\n\r\n<div class=\"box\">\r\n    <h2 class=\"text-dark\">Nous cherchons un <em class=\"text-primary\">D\u00e9m\u00e9nageur<\/em> dans la r\u00e9gion de <em class=\"text-primary\">M\u00e9zi\u00e8res VD<\/em>  en exclusivit\u00e9, afin de proposer vos services \u00e0 nos clients propri\u00e9taires.<\/h2>\r\n    <p>Une opportunit\u00e9 unique pour booster votre activit\u00e9 \u00e0 <strong>M\u00e9zi\u00e8res VD<\/strong> et aux alentours dans votre domaine (D\u00e9m\u00e9nageur).<\/p>\r\n    <p>Nous travaillons en exclusivit\u00e9 avec qu'une soci\u00e9t\u00e9 par m\u00e9tier et par r\u00e9gion. <br>Votre entreprise est pr\u00e9sente sur tous les documents immobiliers. Afin d'\u00eatre mieux vu sur le net, vous \u00eates \u00e9galement visible sur nos deux sites et sur les pages de r\u00e9f\u00e9rencement de votre r\u00e9gion.<\/p>\r\n    <a href=\"\/contact\" class=\"wp-block-button__link has-accent-background-color has-text-align-center wp-element-button\">R\u00e9server<\/a>\r\n<\/div>\n<h2>Artisanlocal l&rsquo;expert du d\u00e9m\u00e9nagement \u00e0 M\u00e9zi\u00e8res VD<\/h2>\n<p>Notre entreprise est situ\u00e9e au coeur de M\u00e9zi\u00e8res VD. Artisanlocal est sp\u00e9cialis\u00e9 dans les d\u00e9m\u00e9nagements de particuliers et d&rsquo;entreprises. Nos d\u00e9m\u00e9nageurs sont comp\u00e9tents et exp\u00e9riment\u00e9s pour faire tous vos projets.<\/p>\n<h2>Quels sont les avantages de travailler avec Artisanlocal \u00e0 M\u00e9zi\u00e8res VD ?<\/h2>\n<h3>Artisanlocal une entreprise engag\u00e9e<\/h3>\n<p>Pour limiter notre impact environnemental lors de votre d\u00e9m\u00e9nagement, nous utilisons des emballages \u00e9coresponsables, par ailleurs, nous r\u00e9employons tous les mat\u00e9riaux employ\u00e9s lors du d\u00e9m\u00e9nagement.<\/p>\n<h3>Une soci\u00e9t\u00e9 de d\u00e9m\u00e9nagement disponible<\/h3>\n<p>Artisanlocal est disponible tous les jours de la semaine, pour r\u00e9aliser le d\u00e9m\u00e9nagement de votre appartement, r\u00e9sidence ou de vos locaux commerciaux \u00e0 M\u00e9zi\u00e8res VD.<\/p>\n<h3>Artisanlocal op\u00e8re \u00e0 M\u00e9zi\u00e8res VD et dans les alentours<\/h3>\n<p>Notre soci\u00e9t\u00e9 intervient \u00e0 M\u00e9zi\u00e8res VD et dans les communes proches, telles que : Peney-le-Jorat, Forel (Lavaux), Mollie-Margot, Savigny, Ferlens VD, Servion, Essertes, Les Cullayes, Montpreveyres, Corcelles-le-Jorat, Carrouge VD, Vulliens, Ropraz, Les Tavernes, Les Thioleyres, Pal\u00e9zieux, Pal\u00e9zieux-Village, Oron-le-Ch\u00e2tel, Chapelle (Gl\u00e2ne), Bussigny-sur-Oron, Chesalles-sur-Oron, Ch\u00e2tillens, Oron-la-Ville, Vuibroye, Le Cr\u00eat-pr\u00e8s-Semsales, Ecoteaux, Maracon..<\/p>\n<h3>Service de d\u00e9m\u00e9nagement dans les pays frontaliers et en Suisse<\/h3>\n<p>Si vous \u00eates un M\u00e9zi\u00e9rois, Artisanlocal vous aide pour d\u00e9m\u00e9nager dans les pays limitrophes et toutes les municipalit\u00e9s de Suisse.&nbsp;<\/p>\n<h3>Des d\u00e9m\u00e9nageurs toujours pr\u00e9cautionneux \u00e0 M\u00e9zi\u00e8res VD<\/h3>\n<p>Nous nous engageons \u00e0 prendre toutes les mesures possibles afin d&rsquo;\u00e9viter d&rsquo;occasionner des d\u00e9g\u00e2ts, \u00e0 titre d&rsquo;illustration pour vos :&nbsp;<\/p>\n<ul>\n<li>Sols : au cours de votre d\u00e9m\u00e9nagement, nous nous assurerons de marcher avec prudence et \u00e0 d\u00e9placer vos objets afin d&rsquo;\u00e9viter de rayer vos sols.<\/li>\n<li>Angles : nous veillons \u00e0 prot\u00e9ger les angles de vos murs de sorte \u00e0 \u00e9viter les d\u00e9gradations.<\/li>\n<li>Couloirs : avant de d\u00e9m\u00e9nager votre mobilier, nous installons des protections dans vos couloirs, de mani\u00e8re \u00e0 \u00e9viter tout casse.<\/li>\n<li>Portes : si cela le demande, nous prot\u00e9geons vos portes contre les rayures.<\/li>\n<\/ul>\n<h3>Devis gratuits<\/h3>\n<p>Apr\u00e8s qu\u2019un de nos d\u00e9m\u00e9nageurs est analys\u00e9 votre projet, notre soci\u00e9t\u00e9 vous transmet un devis gratuit.<\/p>\n<h2>Quels sont les services de d\u00e9m\u00e9nagement d&rsquo;Artisanlocal ?<\/h2>\n<h3>D\u00e9m\u00e9nagement de bureaux et de locaux <\/h3>\n<p>Nous r\u00e9alisons le d\u00e9m\u00e9nagement des commerces et des espaces de travail.<\/p>\n<h3>Petits d\u00e9m\u00e9nagements<\/h3>\n<p>Nous nous occupons aussi de d\u00e9m\u00e9nager des petits appartements. Nous parlons d\u2019un petit d\u00e9m\u00e9nagement pour des volumes inf\u00e9rieurs ou \u00e9gaux \u00e0 15 m\u00e8tres cubes.<\/p>\n<h3>D\u00e9m\u00e9nagements en urgence<\/h3>\n<p>Si vous avez un temps limit\u00e9 entre le d\u00e9m\u00e9nagement et l&#8217;emm\u00e9nagement dans votre nouveau domicile, notre entreprise d\u00e9m\u00e9nage et vous installe rapidement. Nous offrons par ailleurs des prestations de garde-meuble et de pr\u00e9paration des cartons en urgence.<\/p>\n<h3>Garde-meubles<\/h3>\n<p>Nous venons chercher vos biens et ensuite nous les d\u00e9pla\u00e7ons vers notre entrep\u00f4t \u00e0 M\u00e9zi\u00e8res VD. Ils seront entrepos\u00e9s durant la p\u00e9riode que vous avez choisi. Vous n&rsquo;avez qu&rsquo;\u00e0 nous communiquer le jour et l&rsquo;heure \u00e0 laquelle vous voulez r\u00e9cup\u00e9rer vos biens, et nous les livrerons chez vous \u00e0 la date qui vous arrange.<\/p>\n<h3>Conditionnement des biens pr\u00e9cieux<\/h3>\n<p>Vos objets pr\u00e9cieux et les \u0153uvres d&rsquo;art seront conditionn\u00e9s avec soin. Nous concevons des emballages personnalis\u00e9s et nous employons des appareils de levage appropri\u00e9s.<\/p>\n<h3>Transfert de pianos<\/h3>\n<h3>Manipuler un piano avec pr\u00e9caution exige des expertises, des \u00e9quipements et des formations particuli\u00e8res. Notre soci\u00e9t\u00e9 d\u00e9place tous types de pianos : interm\u00e9diaires, droits et horizontaux.<\/h3>\n<h3>Service de location monte-meubles \u00e0 M\u00e9zi\u00e8res VD pour d\u00e9m\u00e9nagement<\/h3>\n<p>Nous proposons un service de location de monte-meubles pour faciliter le transfert de vos meubles massifs en Suisse et \u00e0 M\u00e9zi\u00e8res VD.<\/p>\n<h3>Acheter des cartons pour votre d\u00e9m\u00e9nagement en emm\u00e9nagement \u00e0 M\u00e9zi\u00e8res VD<\/h3>\n<p>Vous avez besoin de carton d&#8217;emballage pour votre d\u00e9m\u00e9nagement \u00e0 M\u00e9zi\u00e8res VD ? Notre entreprise propose une large gamme de cartons et aussi : d&rsquo;accessoires, de housses de protection, et d&rsquo;adh\u00e9sifs.<\/p>\n<h2>Qu&rsquo;est-ce qui est pr\u00e9vu dans votre service de d\u00e9m\u00e9nagement ?<\/h2>\n<h3>L\u2019emballage sur mesure, pour :<\/h3>\n<ul>\n<li>les matelas,<\/li>\n<li>les \u00e9crans plats<\/li>\n<li>les si\u00e8ges,<\/li>\n<li>les sofas<\/li>\n<li>les \u00e9lectrom\u00e9nagers,<\/li>\n<li>les ordinateurs,<\/li>\n<li>les ampoules et les lampes,<\/li>\n<li>les miroirs et tableaux.<\/li>\n<\/ul>\n<h3>Le d\u00e9montage des meubles<\/h3>\n<ul>\n<li>les tables,<\/li>\n<li>les armoires,<\/li>\n<li>les meubles,<\/li>\n<li>les \u00e9tag\u00e8res,<\/li>\n<li>les luminaires.<\/li>\n<\/ul>\n<h2>FAQ<\/h2>\n<h3>Quel est le prix d&rsquo;un d\u00e9m\u00e9nagement \u00e0 M\u00e9zi\u00e8res VD et en Suisse ?<\/h3>\n<p>Le montant d&rsquo;un d\u00e9m\u00e9nagement \u00e0 M\u00e9zi\u00e8res VD change en fonction du nombre de pi\u00e8ces dans votre logement.<\/p>\n<p>Ci-dessous, vous trouverez les prix en fonction du nombre de pi\u00e8ces :<\/p>\n<p>Pour un d\u00e9m\u00e9nagement \u00e0 M\u00e9zi\u00e8res VD :<\/p>\n<table>\n<tbody>\n<tr>\n<td>D\u2019un appartement de 1-2 pi\u00e8ces<\/td>\n<td>De 350 \u00e0 600 CHF<\/td>\n<\/tr>\n<tr>\n<td>Pour un appartement entre 2-3 pi\u00e8ces<\/td>\n<td>De 700 \u00e0 1300 CHF<\/td>\n<\/tr>\n<tr>\n<td>Pour un appartement de 3-4 pi\u00e8ces<\/td>\n<td>De 850 \u00e0 2000 CHF<\/td>\n<\/tr>\n<tr>\n<td>D\u2019une maison<\/td>\n<td>Entre 1200 \u00e0 2500 CHF<\/td>\n<\/tr>\n<\/tbody>\n<\/table>\n<p>Pour un service de d\u00e9m\u00e9nagement au-del\u00e0 de 200 km :<\/p>\n<table>\n<tbody>\n<tr>\n<td>Pour un appartement de 1-2 pi\u00e8ces<\/td>\n<td>De 600 \u00e0 900 Francs Suisses<\/td>\n<\/tr>\n<tr>\n<td>Pour un appartement de 2-3 pi\u00e8ces<\/td>\n<td>Entre 1200 \u00e0 2500 CHF<\/td>\n<\/tr>\n<tr>\n<td>Pour un appartement de 3-4 pi\u00e8ces<\/td>\n<td>De 1800 \u00e0 3000 Francs Suisses<\/td>\n<\/tr>\n<tr>\n<td>D\u2019une maison<\/td>\n<td>Entre 2000 \u00e0 4500 CHF<\/td>\n<\/tr>\n<\/tbody>\n<\/table>\n<p>Quel est le montant pour louer un monte-meuble \u00e0 M\u00e9zi\u00e8res VD ?<\/p>\n<p>Le prix indicatif pour le service de location d&rsquo;un monte meuble \u00e0 M\u00e9zi\u00e8res VD est d&rsquo;environ 150 CHF par heure.<\/p>\n<h3>Quels sont les b\u00e9n\u00e9fices d&rsquo;engager une entreprise sp\u00e9cialis\u00e9e dans le d\u00e9m\u00e9nagement \u00e0 M\u00e9zi\u00e8res VD ?<\/h3>\n<p>M\u00eame si vous \u00e9conomisez de l&rsquo;argent en r\u00e9alisant le travail vous-m\u00eame, vous risquez de subir des blessures (surtout si vous n&rsquo;\u00eates pas entra\u00een\u00e9 \u00e0 soulever des objets massifs) ou d&rsquo;ab\u00eemer vos meubles au cours de votre d\u00e9m\u00e9nagement. Avec une soci\u00e9t\u00e9 de d\u00e9m\u00e9nagement comme Artisanlocal, vous gagnez du temps et vous \u00e9vitez des probl\u00e8mes de dos.<\/p>\n","protected":false},"excerpt":{"rendered":"<p>D\u00e9m\u00e9nager \u00e0 M\u00e9zi\u00e8res VD ne doit pas \u00eatre une source de stress. Si vous avez d\u00e9j\u00e0 trouv\u00e9 votre nouveau logement et d\u00e9termin\u00e9 la date de votre d\u00e9m\u00e9nagement, il est possible que vous vous demandiez de quelle mani\u00e8re organiser au mieux votre d\u00e9m\u00e9nagement ? En faisant appel \u00e0 notre entreprise \u00e0 M\u00e9zi\u00e8res VD, vous \u00e9conomisez votre [&hellip;]<\/p>\n","protected":false},"author":4,"featured_media":2759,"parent":0,"menu_order":0,"comment_status":"closed","ping_status":"closed","template":"","meta":{"footnotes":""},"profession":[122],"location":[95],"canton":[113],"class_list":["post-922","page","type-page","status-publish","has-post-thumbnail","hentry","profession-demenageur","location-mezieres-vd","canton-vd"],"yoast_head":"<!-- This site is optimized with the Yoast SEO Premium plugin v25.7.1 (Yoast SEO v27.3) - https:\/\/yoast.com\/product\/yoast-seo-premium-wordpress\/ -->\n<title>Artisanlocal votre soci\u00e9t\u00e9 de d\u00e9m\u00e9nagement \u00e0 M\u00e9zi\u00e8res VD - Artisanlocal<\/title>\n<meta name=\"robots\" content=\"index, follow, max-snippet:-1, max-image-preview:large, max-video-preview:-1\" \/>\n<link rel=\"canonical\" href=\"https:\/\/www.artisanlocal.ch\/c\/artisanlocal-votre-societe-de-demenagement-a-mezieres\/\" \/>\n<meta property=\"og:locale\" content=\"fr_FR\" \/>\n<meta property=\"og:type\" content=\"article\" \/>\n<meta property=\"og:title\" content=\"Artisanlocal votre soci\u00e9t\u00e9 de d\u00e9m\u00e9nagement \u00e0 M\u00e9zi\u00e8res VD\" \/>\n<meta property=\"og:description\" content=\"D\u00e9m\u00e9nager \u00e0 M\u00e9zi\u00e8res VD ne doit pas \u00eatre une source de stress. Si vous avez d\u00e9j\u00e0 trouv\u00e9 votre nouveau logement et d\u00e9termin\u00e9 la date de votre d\u00e9m\u00e9nagement, il est possible que vous vous demandiez de quelle mani\u00e8re organiser au mieux votre d\u00e9m\u00e9nagement ? En faisant appel \u00e0 notre entreprise \u00e0 M\u00e9zi\u00e8res VD, vous \u00e9conomisez votre [&hellip;]\" \/>\n<meta property=\"og:url\" content=\"https:\/\/www.artisanlocal.ch\/c\/artisanlocal-votre-societe-de-demenagement-a-mezieres\/\" \/>\n<meta property=\"og:site_name\" content=\"Artisanlocal\" \/>\n<meta property=\"article:modified_time\" content=\"2025-08-26T17:28:35+00:00\" \/>\n<meta property=\"og:image\" content=\"https:\/\/www.artisanlocal.ch\/c\/wp-content\/uploads\/2024\/10\/demenageur.jpg\" \/>\n\t<meta property=\"og:image:width\" content=\"1920\" \/>\n\t<meta property=\"og:image:height\" content=\"300\" \/>\n\t<meta property=\"og:image:type\" content=\"image\/jpeg\" \/>\n<meta name=\"twitter:card\" content=\"summary_large_image\" \/>\n<meta name=\"twitter:label1\" content=\"Dur\u00e9e de lecture estim\u00e9e\" \/>\n\t<meta name=\"twitter:data1\" content=\"5 minutes\" \/>\n<script type=\"application\/ld+json\" class=\"yoast-schema-graph\">{\"@context\":\"https:\\\/\\\/schema.org\",\"@graph\":[{\"@type\":\"WebPage\",\"@id\":\"https:\\\/\\\/www.artisanlocal.ch\\\/c\\\/artisanlocal-votre-societe-de-demenagement-a-mezieres\\\/\",\"url\":\"https:\\\/\\\/www.artisanlocal.ch\\\/c\\\/artisanlocal-votre-societe-de-demenagement-a-mezieres\\\/\",\"name\":\"Artisanlocal votre soci\u00e9t\u00e9 de d\u00e9m\u00e9nagement \u00e0 M\u00e9zi\u00e8res VD - Artisanlocal\",\"isPartOf\":{\"@id\":\"https:\\\/\\\/www.artisanlocal.ch\\\/c\\\/#website\"},\"primaryImageOfPage\":{\"@id\":\"https:\\\/\\\/www.artisanlocal.ch\\\/c\\\/artisanlocal-votre-societe-de-demenagement-a-mezieres\\\/#primaryimage\"},\"image\":{\"@id\":\"https:\\\/\\\/www.artisanlocal.ch\\\/c\\\/artisanlocal-votre-societe-de-demenagement-a-mezieres\\\/#primaryimage\"},\"thumbnailUrl\":\"https:\\\/\\\/www.artisanlocal.ch\\\/c\\\/wp-content\\\/uploads\\\/2024\\\/10\\\/demenageur.jpg\",\"datePublished\":\"2024-04-22T13:43:35+00:00\",\"dateModified\":\"2025-08-26T17:28:35+00:00\",\"breadcrumb\":{\"@id\":\"https:\\\/\\\/www.artisanlocal.ch\\\/c\\\/artisanlocal-votre-societe-de-demenagement-a-mezieres\\\/#breadcrumb\"},\"inLanguage\":\"fr-FR\",\"potentialAction\":[{\"@type\":\"ReadAction\",\"target\":[\"https:\\\/\\\/www.artisanlocal.ch\\\/c\\\/artisanlocal-votre-societe-de-demenagement-a-mezieres\\\/\"]}]},{\"@type\":\"ImageObject\",\"inLanguage\":\"fr-FR\",\"@id\":\"https:\\\/\\\/www.artisanlocal.ch\\\/c\\\/artisanlocal-votre-societe-de-demenagement-a-mezieres\\\/#primaryimage\",\"url\":\"https:\\\/\\\/www.artisanlocal.ch\\\/c\\\/wp-content\\\/uploads\\\/2024\\\/10\\\/demenageur.jpg\",\"contentUrl\":\"https:\\\/\\\/www.artisanlocal.ch\\\/c\\\/wp-content\\\/uploads\\\/2024\\\/10\\\/demenageur.jpg\",\"width\":1920,\"height\":300},{\"@type\":\"BreadcrumbList\",\"@id\":\"https:\\\/\\\/www.artisanlocal.ch\\\/c\\\/artisanlocal-votre-societe-de-demenagement-a-mezieres\\\/#breadcrumb\",\"itemListElement\":[{\"@type\":\"ListItem\",\"position\":1,\"name\":\"Accueil\",\"item\":\"https:\\\/\\\/www.artisanlocal.ch\\\/c\\\/\"},{\"@type\":\"ListItem\",\"position\":2,\"name\":\"Artisanlocal votre soci\u00e9t\u00e9 de d\u00e9m\u00e9nagement \u00e0 M\u00e9zi\u00e8res\"}]},{\"@type\":\"WebSite\",\"@id\":\"https:\\\/\\\/www.artisanlocal.ch\\\/c\\\/#website\",\"url\":\"https:\\\/\\\/www.artisanlocal.ch\\\/c\\\/\",\"name\":\"Artisanlocal\",\"description\":\"\",\"publisher\":{\"@id\":\"https:\\\/\\\/www.artisanlocal.ch\\\/c\\\/#organization\"},\"potentialAction\":[{\"@type\":\"SearchAction\",\"target\":{\"@type\":\"EntryPoint\",\"urlTemplate\":\"https:\\\/\\\/www.artisanlocal.ch\\\/c\\\/?s={search_term_string}\"},\"query-input\":{\"@type\":\"PropertyValueSpecification\",\"valueRequired\":true,\"valueName\":\"search_term_string\"}}],\"inLanguage\":\"fr-FR\"},{\"@type\":\"Organization\",\"@id\":\"https:\\\/\\\/www.artisanlocal.ch\\\/c\\\/#organization\",\"name\":\"Artisanlocal\",\"url\":\"https:\\\/\\\/www.artisanlocal.ch\\\/c\\\/\",\"logo\":{\"@type\":\"ImageObject\",\"inLanguage\":\"fr-FR\",\"@id\":\"https:\\\/\\\/www.artisanlocal.ch\\\/c\\\/#\\\/schema\\\/logo\\\/image\\\/\",\"url\":\"https:\\\/\\\/www.artisanlocal.ch\\\/c\\\/wp-content\\\/uploads\\\/2024\\\/02\\\/logo-artisanlocal-h.svg\",\"contentUrl\":\"https:\\\/\\\/www.artisanlocal.ch\\\/c\\\/wp-content\\\/uploads\\\/2024\\\/02\\\/logo-artisanlocal-h.svg\",\"caption\":\"Artisanlocal\"},\"image\":{\"@id\":\"https:\\\/\\\/www.artisanlocal.ch\\\/c\\\/#\\\/schema\\\/logo\\\/image\\\/\"}}]}<\/script>\n<!-- \/ Yoast SEO Premium plugin. -->","yoast_head_json":{"title":"Artisanlocal votre soci\u00e9t\u00e9 de d\u00e9m\u00e9nagement \u00e0 M\u00e9zi\u00e8res VD - Artisanlocal","robots":{"index":"index","follow":"follow","max-snippet":"max-snippet:-1","max-image-preview":"max-image-preview:large","max-video-preview":"max-video-preview:-1"},"canonical":"https:\/\/www.artisanlocal.ch\/c\/artisanlocal-votre-societe-de-demenagement-a-mezieres\/","og_locale":"fr_FR","og_type":"article","og_title":"Artisanlocal votre soci\u00e9t\u00e9 de d\u00e9m\u00e9nagement \u00e0 M\u00e9zi\u00e8res VD","og_description":"D\u00e9m\u00e9nager \u00e0 M\u00e9zi\u00e8res VD ne doit pas \u00eatre une source de stress. Si vous avez d\u00e9j\u00e0 trouv\u00e9 votre nouveau logement et d\u00e9termin\u00e9 la date de votre d\u00e9m\u00e9nagement, il est possible que vous vous demandiez de quelle mani\u00e8re organiser au mieux votre d\u00e9m\u00e9nagement ? En faisant appel \u00e0 notre entreprise \u00e0 M\u00e9zi\u00e8res VD, vous \u00e9conomisez votre [&hellip;]","og_url":"https:\/\/www.artisanlocal.ch\/c\/artisanlocal-votre-societe-de-demenagement-a-mezieres\/","og_site_name":"Artisanlocal","article_modified_time":"2025-08-26T17:28:35+00:00","og_image":[{"width":1920,"height":300,"url":"https:\/\/www.artisanlocal.ch\/c\/wp-content\/uploads\/2024\/10\/demenageur.jpg","type":"image\/jpeg"}],"twitter_card":"summary_large_image","twitter_misc":{"Dur\u00e9e de lecture estim\u00e9e":"5 minutes"},"schema":{"@context":"https:\/\/schema.org","@graph":[{"@type":"WebPage","@id":"https:\/\/www.artisanlocal.ch\/c\/artisanlocal-votre-societe-de-demenagement-a-mezieres\/","url":"https:\/\/www.artisanlocal.ch\/c\/artisanlocal-votre-societe-de-demenagement-a-mezieres\/","name":"Artisanlocal votre soci\u00e9t\u00e9 de d\u00e9m\u00e9nagement \u00e0 M\u00e9zi\u00e8res VD - Artisanlocal","isPartOf":{"@id":"https:\/\/www.artisanlocal.ch\/c\/#website"},"primaryImageOfPage":{"@id":"https:\/\/www.artisanlocal.ch\/c\/artisanlocal-votre-societe-de-demenagement-a-mezieres\/#primaryimage"},"image":{"@id":"https:\/\/www.artisanlocal.ch\/c\/artisanlocal-votre-societe-de-demenagement-a-mezieres\/#primaryimage"},"thumbnailUrl":"https:\/\/www.artisanlocal.ch\/c\/wp-content\/uploads\/2024\/10\/demenageur.jpg","datePublished":"2024-04-22T13:43:35+00:00","dateModified":"2025-08-26T17:28:35+00:00","breadcrumb":{"@id":"https:\/\/www.artisanlocal.ch\/c\/artisanlocal-votre-societe-de-demenagement-a-mezieres\/#breadcrumb"},"inLanguage":"fr-FR","potentialAction":[{"@type":"ReadAction","target":["https:\/\/www.artisanlocal.ch\/c\/artisanlocal-votre-societe-de-demenagement-a-mezieres\/"]}]},{"@type":"ImageObject","inLanguage":"fr-FR","@id":"https:\/\/www.artisanlocal.ch\/c\/artisanlocal-votre-societe-de-demenagement-a-mezieres\/#primaryimage","url":"https:\/\/www.artisanlocal.ch\/c\/wp-content\/uploads\/2024\/10\/demenageur.jpg","contentUrl":"https:\/\/www.artisanlocal.ch\/c\/wp-content\/uploads\/2024\/10\/demenageur.jpg","width":1920,"height":300},{"@type":"BreadcrumbList","@id":"https:\/\/www.artisanlocal.ch\/c\/artisanlocal-votre-societe-de-demenagement-a-mezieres\/#breadcrumb","itemListElement":[{"@type":"ListItem","position":1,"name":"Accueil","item":"https:\/\/www.artisanlocal.ch\/c\/"},{"@type":"ListItem","position":2,"name":"Artisanlocal votre soci\u00e9t\u00e9 de d\u00e9m\u00e9nagement \u00e0 M\u00e9zi\u00e8res"}]},{"@type":"WebSite","@id":"https:\/\/www.artisanlocal.ch\/c\/#website","url":"https:\/\/www.artisanlocal.ch\/c\/","name":"Artisanlocal","description":"","publisher":{"@id":"https:\/\/www.artisanlocal.ch\/c\/#organization"},"potentialAction":[{"@type":"SearchAction","target":{"@type":"EntryPoint","urlTemplate":"https:\/\/www.artisanlocal.ch\/c\/?s={search_term_string}"},"query-input":{"@type":"PropertyValueSpecification","valueRequired":true,"valueName":"search_term_string"}}],"inLanguage":"fr-FR"},{"@type":"Organization","@id":"https:\/\/www.artisanlocal.ch\/c\/#organization","name":"Artisanlocal","url":"https:\/\/www.artisanlocal.ch\/c\/","logo":{"@type":"ImageObject","inLanguage":"fr-FR","@id":"https:\/\/www.artisanlocal.ch\/c\/#\/schema\/logo\/image\/","url":"https:\/\/www.artisanlocal.ch\/c\/wp-content\/uploads\/2024\/02\/logo-artisanlocal-h.svg","contentUrl":"https:\/\/www.artisanlocal.ch\/c\/wp-content\/uploads\/2024\/02\/logo-artisanlocal-h.svg","caption":"Artisanlocal"},"image":{"@id":"https:\/\/www.artisanlocal.ch\/c\/#\/schema\/logo\/image\/"}}]}},"_links":{"self":[{"href":"https:\/\/www.artisanlocal.ch\/c\/wp-json\/wp\/v2\/pages\/922","targetHints":{"allow":["GET"]}}],"collection":[{"href":"https:\/\/www.artisanlocal.ch\/c\/wp-json\/wp\/v2\/pages"}],"about":[{"href":"https:\/\/www.artisanlocal.ch\/c\/wp-json\/wp\/v2\/types\/page"}],"author":[{"embeddable":true,"href":"https:\/\/www.artisanlocal.ch\/c\/wp-json\/wp\/v2\/users\/4"}],"replies":[{"embeddable":true,"href":"https:\/\/www.artisanlocal.ch\/c\/wp-json\/wp\/v2\/comments?post=922"}],"version-history":[{"count":0,"href":"https:\/\/www.artisanlocal.ch\/c\/wp-json\/wp\/v2\/pages\/922\/revisions"}],"wp:featuredmedia":[{"embeddable":true,"href":"https:\/\/www.artisanlocal.ch\/c\/wp-json\/wp\/v2\/media\/2759"}],"wp:attachment":[{"href":"https:\/\/www.artisanlocal.ch\/c\/wp-json\/wp\/v2\/media?parent=922"}],"wp:term":[{"taxonomy":"profession","embeddable":true,"href":"https:\/\/www.artisanlocal.ch\/c\/wp-json\/wp\/v2\/profession?post=922"},{"taxonomy":"location","embeddable":true,"href":"https:\/\/www.artisanlocal.ch\/c\/wp-json\/wp\/v2\/location?post=922"},{"taxonomy":"canton","embeddable":true,"href":"https:\/\/www.artisanlocal.ch\/c\/wp-json\/wp\/v2\/canton?post=922"}],"curies":[{"name":"wp","href":"https:\/\/api.w.org\/{rel}","templated":true}]}}