{"id":923,"date":"2024-04-23T16:01:07","date_gmt":"2024-04-23T14:01:07","guid":{"rendered":"https:\/\/www.artisanlocal.ch\/c\/votre-demenageur-a-montreux\/"},"modified":"2025-08-26T19:27:51","modified_gmt":"2025-08-26T17:27:51","slug":"votre-demenageur-a-montreux","status":"publish","type":"page","link":"https:\/\/www.artisanlocal.ch\/c\/votre-demenageur-a-montreux\/","title":{"rendered":"Votre d\u00e9m\u00e9nageur \u00e0 Montreux"},"content":{"rendered":"<p>Le d\u00e9m\u00e9nagement \u00e0 Montreux ne devrait pas \u00eatre compliqu\u00e9. Une fois que vous avez trouv\u00e9 nouveau logement et que vous avez d\u00e9termin\u00e9 la date du d\u00e9m\u00e9nagement, vous vous demandez peut-\u00eatre de quelle mani\u00e8re pr\u00e9voir au mieux votre d\u00e9m\u00e9nagement et votre installation ? Avec notre soci\u00e9t\u00e9 de d\u00e9m\u00e9nagement \u00e0 Montreux, vous gagnez du temps, nous g\u00e9rons toutes les parties de votre d\u00e9m\u00e9nagement, de la location du v\u00e9hicule, jusqu&rsquo;\u00e0 la protection de vos meubles.<\/p>\n\r\n<div class=\"box\">\r\n            <div class=\"company-info\">\r\n            <img decoding=\"async\" class=\"company-info__logo\" src=\"https:\/\/www.artisanlocal.ch\/media\/cache\/thumb\/images\/companies\/65d4802831483792464079.png\" alt=\"Logo\">\r\n            <h2 class=\"company-info__name\">MTS Transports & D\u00e9m\u00e9nagements<\/h2>\r\n            <p class=\"company-info__business\">D\u00e9m\u00e9nagements - Transports<\/p>\r\n        <\/div>\r\n        <div class=\"company-contact\">\r\n            <p class=\"company-info__address\">Chemin de Fagne 1<\/p>\r\n                            <div class=\"links\">\r\n                                            <a class=\"btn has-accent-background-color js-phoneNumber\" href=\"tel:0792097552\" title=\"Appelez\" data-id=\"2265\" data-type=\"11\">079 209 75 52<\/a>\r\n                                                                <a class=\"btn has-accent-background-color\" href=\"https:\/\/www.mts-demenagement.com\/\" target=\"_blank\" title=\"Voir le site internet\" data-id=\"2265\" data-type=\"20\">Site internet<\/a>\r\n                                    <\/div>\r\n                    <\/div>\r\n    \r\n            \r\n<form action=\"https:\/\/www.artisanlocal.ch\/c\/wp-admin\/admin-ajax.php\" method=\"post\" class=\"form-contact\" id=\"artisan_form_contact_company_inline\">\r\n    <div><input type=\"hidden\" name=\"action\" value=\"company_contact\"><\/div>\r\n    <div><input type=\"hidden\" name=\"nonce\" value=\"ef263162e6\"><\/div>\r\n    <div><input type=\"hidden\" name=\"company_id\" value=\"2265\"><\/div>\r\n    <div><input type=\"hidden\" name=\"form_id\" value=\"artisan_form_contact_company_inline\"><\/div>\r\n    <div class=\"gglcptch gglcptch_v3 gglcptch_custom\"><input type=\"hidden\" id=\"g-recaptcha-response\" name=\"g-recaptcha-response\" \/><br \/><div class=\"gglcptch_error_text\">La p\u00e9riode de v\u00e9rification reCAPTCHA a expir\u00e9. Veuillez recharger la page.<\/div><\/div>    <div class=\"form-content\">\r\n        <div class=\"form-group\">\r\n            <label for=\"contact_firstName\" class=\"required\">Pr\u00e9nom<\/label>\r\n            <input type=\"text\" name=\"firstName\" class=\"form-control\" required>\r\n        <\/div>\r\n        <div class=\"form-group\">\r\n            <label for=\"contact_lastName\" class=\"required\">Nom<\/label>\r\n            <input type=\"text\" name=\"lastName\" class=\"form-control\" required>\r\n        <\/div>\r\n        <div class=\"form-group\">\r\n            <label for=\"contact_email\" class=\"required\">Email<\/label>\r\n            <input type=\"email\" name=\"email\" class=\"form-control\" required>\r\n        <\/div>\r\n        <div class=\"form-group\">\r\n            <label for=\"contact_phone\" class=\"required\">Num\u00e9ro de t\u00e9l\u00e9phone<\/label>\r\n            <input type=\"tel\" name=\"phone\" class=\"form-control\" placeholder=\"0787117165\" pattern=\"^[0-9]{10}$\" required>\r\n        <\/div>\r\n        <div class=\"form-group\">\r\n            <label for=\"contact_postalCode\" class=\"required\">Code postal et localit\u00e9<\/label>\r\n            <input type=\"text\" name=\"postalCode\" class=\"form-control\" required>\r\n        <\/div>\r\n        <div class=\"form-group\">\r\n            <label for=\"contact_address\" class=\"required\">Adresse<\/label>\r\n            <input type=\"text\" name=\"address\" class=\"form-control\" required>\r\n        <\/div>\r\n        <div class=\"full-width topic\">\r\n            <p class=\"required\">Je souhaite \u00eatre contact\u00e9 pour :<\/p>\r\n            <div class=\"form-check\">\r\n                <input type=\"radio\" name=\"topic\" value=\"D\u00e9pannage\" class=\"form-control\" required>\r\n                <label for=\"d\u00e9pannage\">D\u00e9pannage<\/label>\r\n            <\/div>\r\n            <div class=\"form-check\">\r\n                <input type=\"radio\" name=\"topic\" value=\"Entretien\" class=\"form-control\" required>\r\n                <label for=\"entretien\">Entretien<\/label>\r\n            <\/div>\r\n            <div class=\"form-check\">\r\n                <input type=\"radio\" name=\"topic\" value=\"R\u00e9novation\" class=\"form-control\" required>\r\n                <label for=\"r\u00e9novation\">R\u00e9novation<\/label>\r\n            <\/div>\r\n            <div class=\"form-check\">\r\n                <input type=\"radio\" name=\"topic\" value=\"Autre\" class=\"form-control\" required>\r\n                <label for=\"autre\">Autre<\/label>\r\n            <\/div>\r\n        <\/div>\r\n        <div class=\"form-group full-width\">\r\n            <label for=\"contact_message\">Message<\/label>\r\n            <textarea name=\"message\" rows=\"3\" class=\"form-control\"><\/textarea>\r\n        <\/div>\r\n    <\/div>\r\n    <div class=\"form-actions\">\r\n        <button class=\"wp-block-button__link has-accent-background-color\">Contacter<\/button>\r\n    <\/div>\r\n<\/form>\r\n<div class=\"form-feedback\"><\/div>    <\/div>\n<h2>Artisanlocal le professionnel du d\u00e9m\u00e9nagement \u00e0 Montreux<\/h2>\n<p>Notre entreprise est situ\u00e9e \u00e0 Montreux depuis plusieurs ann\u00e9es. Nous sommes sp\u00e9cialis\u00e9s dans les d\u00e9m\u00e9nagements de particuliers et d&rsquo;entreprises. Nos d\u00e9m\u00e9nageurs sont exp\u00e9riment\u00e9s et form\u00e9s aux derni\u00e8res techniques pour r\u00e9aliser tous vos projets.<\/p>\n<h2>Quels sont les avantages de collaborer avec Artisanlocal \u00e0 Montreux ?<\/h2>\n<h3>Une entreprise soucieuse de l&rsquo;environnement<\/h3>\n<p>Pour limiter notre empreinte carbone au cours de votre d\u00e9m\u00e9nagement, nous utilisons des protections biod\u00e9gradables, de plus, nous recyclons tous les mat\u00e9riaux employ\u00e9s lors du d\u00e9m\u00e9nagement.<\/p>\n<h3>Une entreprise de d\u00e9m\u00e9nagement tout le temps disponible<\/h3>\n<p>Notre entreprise est joignable \u00e0 tout moment et peu importe le jour dans la semaine pour d\u00e9m\u00e9nager votre maison, studio ou vos bureaux.<\/p>\n<h3>Prestation de d\u00e9m\u00e9nagement \u00e0 Montreux et dans les localit\u00e9s aux alentours<\/h3>\n<p>Nous effectuons les d\u00e9m\u00e9nagements \u00e0 Montreux et aussi dans toutes les villes proches, comme : Puidoux, Chexbres, Rivaz, St-Saphorin (Lavaux), Aran, Chenaux, Grandvaux, Cully, Villette (Lavaux), Riex, Epesses, Vevey, Le Mont-P\u00e8lerin, Corseaux, Chardonne, Corsier-sur-Vevey, Jongny, St-L\u00e9gier-La Chi\u00e9saz, Blonay, Les Monts-de-Corsier, Fenil-sur-Corsier, La Tour-de-Peilz, Clarens, Chailly-Montreux, Brent, Territet, Veytaux, Chernex, Glion, Caux, Chamby, Villard-sur-Chamby, Les Avants..<\/p>\n<h3>Prestation de d\u00e9m\u00e9nagement en Suisse et dans les pays frontaliers<\/h3>\n<p>Si vous \u00eates un Montreusien, Artisanlocal vous aide pour d\u00e9m\u00e9nager dans n&rsquo;importe quelle municipalit\u00e9 en Suisse et dans les pays frontaliers.&nbsp;<\/p>\n<h3>Des d\u00e9m\u00e9nageurs toujours minutieux \u00e0 Montreux<\/h3>\n<p>Artisanlocal s&rsquo;engage \u00e0 prendre toutes les mesures possibles pour \u00e9viter de cr\u00e9er des d\u00e9g\u00e2ts, notamment pour vos :&nbsp;<\/p>\n<ul>\n<li>Planchers : au cours de votre d\u00e9m\u00e9nagement, nous nous assurerons de marcher avec pr\u00e9caution et \u00e0 transporter vos objets afin d&rsquo;\u00e9viter d&rsquo;ab\u00eemer vos planchers.<\/li>\n<li>Angles : nous veillons \u00e0 prot\u00e9ger les angles de vos murs afin d&rsquo;\u00e9viter les \u00e9raflures.<\/li>\n<li>Couloirs : avant le d\u00e9placement de votre \u00e9lectrom\u00e9nager et de votre mobilier, nous pla\u00e7ons des protections dans les couloirs, pour pr\u00e9venir les d\u00e9g\u00e2ts.<\/li>\n<li>Portes : si cela le demande, nous prot\u00e9geons vos portes contre les dommages.<\/li>\n<\/ul>\n<h3>Estimations gratuites<\/h3>\n<p>Apr\u00e8s qu\u2019un de nos d\u00e9m\u00e9nageurs est \u00e9tudi\u00e9 vos besoins, nous vous fournissons une \u00e9valuation gratuite.<\/p>\n<h2>Quels sont les types de d\u00e9m\u00e9nagement et services que propose Artisanlocal \u00e0 Montreux ?<\/h2>\n<h3>D\u00e9m\u00e9nagement de bureaux et de locaux de bureau<\/h3>\n<p>Nous planifions le d\u00e9m\u00e9nagement de vos bureaux ou de votre commerce selon votre calendrier, et de la commune d&rsquo;arriv\u00e9e.<\/p>\n<h3>D\u00e9m\u00e9nagement de petit volume<\/h3>\n<p>Nous nous occupons aussi de d\u00e9m\u00e9nager des petits logements. Nous parlons d\u2019un petit d\u00e9m\u00e9nagement pour des volumes inf\u00e9rieurs ou \u00e9gaux \u00e0 15 m\u00e8tres cubes.<\/p>\n<h3>D\u00e9m\u00e9nagements en urgence<\/h3>\n<p>Nous vous aiderons \u00e0 vous installer dans votre nouvelle maison le plus rapidement possible. Nous vous proposons aussi des services d&#8217;emballage et de stockage en urgence.<\/p>\n<h3>Garde-meubles<\/h3>\n<p>Nous r\u00e9cup\u00e9rons vos objets et les transportons dans notre entrep\u00f4t prot\u00e9g\u00e9 \u00e0 Montreux. Ils y seront en s\u00e9curit\u00e9 pour la p\u00e9riode que vous d\u00e9sirez. Vous n&rsquo;avez qu&rsquo;\u00e0 nous transmettre le jour et l&rsquo;heure \u00e0 laquelle vous souhaitez r\u00e9cup\u00e9rer vos biens, et nous les transporterons \u00e0 votre logement.<\/p>\n<h3>Protection sur mesure pour vos objets de grande valeur<\/h3>\n<p>Vos objets de grande importance et les \u0153uvres d&rsquo;art seront envelopp\u00e9s avec soin. Nous construisons des cartons adapt\u00e9s, de plus, nous recourons des appareils de levage adapt\u00e9s pour votre d\u00e9m\u00e9nagement.<\/p>\n<h3>D\u00e9placement de pianos<\/h3>\n<h3>Manipuler un piano en toute s\u00e9curit\u00e9 n\u00e9cessite des comp\u00e9tences, des \u00e9quipements et des connaissances particuli\u00e8res. Notre entreprise Artisanlocal est sp\u00e9cialis\u00e9e dans le d\u00e9m\u00e9nagement de pianos, comme : les droits, les interm\u00e9diaires ou \u00e0 queue.<\/h3>\n<h3>Location de monte-meubles \u00e0 Montreux <\/h3>\n<p>Notre prestation de location de monte-meubles permet le transfert de vos mobiliers facilement en Suisse et \u00e0 Montreux.<\/p>\n<h3>Acheter des cartons de d\u00e9m\u00e9nagement \u00e0 Montreux<\/h3>\n<p>Vous cherchez des cartons de protection pour votre projet \u00e0 Montreux ? Notre entreprise propose une gamme compl\u00e8te de cartons de d\u00e9m\u00e9nagement et aussi : de fournitures, de housses de protection, et d&rsquo;adh\u00e9sifs.<\/p>\n<h2>Qu\u2019est-ce qui est compris dans le d\u00e9m\u00e9nagement ?<\/h2>\n<h3>L\u2019emballage sur mesure, pour :<\/h3>\n<ul>\n<li>les literies,<\/li>\n<li>les t\u00e9l\u00e9viseurs<\/li>\n<li>les si\u00e8ges,<\/li>\n<li>les sofas<\/li>\n<li>les \u00e9lectrom\u00e9nagers,<\/li>\n<li>les ordinateurs,<\/li>\n<li>les ampoules et les lampes,<\/li>\n<li>les tableaux et miroirs.<\/li>\n<\/ul>\n<h3>Le d\u00e9montage des meubles<\/h3>\n<ul>\n<li>les tables,<\/li>\n<li>les meubles de rangement,<\/li>\n<li>les mobiliers,<\/li>\n<li>les supports de rangement,<\/li>\n<li>les luminaires.<\/li>\n<\/ul>\n<h2>Aide et r\u00e9ponses<\/h2>\n<h3>Combien co\u00fbte un d\u00e9m\u00e9nagement \u00e0 Montreux et en Suisse ?<\/h3>\n<p>Le prix d&rsquo;un d\u00e9m\u00e9nagement \u00e0 Montreux change en fonction du volume et du nombre de pi\u00e8ces.<\/p>\n<p>Voici les prix d\u00e9taill\u00e9s selon le nombre de chambres et le volume :<\/p>\n<p>Pour un d\u00e9m\u00e9nagement \u00e0 Montreux :<\/p>\n<table>\n<tbody>\n<tr>\n<td>Pour un appartement de 1-2 pi\u00e8ces<\/td>\n<td>Entre 350 \u00e0 600 Francs Suisses<\/td>\n<\/tr>\n<tr>\n<td>D\u2019un appartement entre 2-3 pi\u00e8ces<\/td>\n<td>Entre 700 \u00e0 1300 CHF<\/td>\n<\/tr>\n<tr>\n<td>D\u2019un appartement entre 3-4 pi\u00e8ces<\/td>\n<td>De 850 \u00e0 2000 CHF<\/td>\n<\/tr>\n<tr>\n<td>D\u2019une maison<\/td>\n<td>Entre 1200 \u00e0 2500 CHF<\/td>\n<\/tr>\n<\/tbody>\n<\/table>\n<p>Pour un service de d\u00e9m\u00e9nagement au-del\u00e0 de 200 km :<\/p>\n<table>\n<tbody>\n<tr>\n<td>Pour un appartement de 1-2 pi\u00e8ces<\/td>\n<td>Entre 600 \u00e0 900 CHF<\/td>\n<\/tr>\n<tr>\n<td>Pour un appartement de 2-3 pi\u00e8ces<\/td>\n<td>De 1200 \u00e0 2500 CHF<\/td>\n<\/tr>\n<tr>\n<td>Pour un appartement de 3-4 pi\u00e8ces<\/td>\n<td>De 1800 \u00e0 3000 Francs Suisses<\/td>\n<\/tr>\n<tr>\n<td>D\u2019une maison<\/td>\n<td>Entre 2000 \u00e0 4500 CHF<\/td>\n<\/tr>\n<\/tbody>\n<\/table>\n<p>Combien co\u00fbte la location d\u2019un monte meuble \u00e0 Montreux ?<\/p>\n<p>Le co\u00fbt pour louer un monte-meuble \u00e0 Montreux est approximativement 150 Francs Suisses par heure.<\/p>\n<h3>Quels sont les b\u00e9n\u00e9fices d&#8217;embaucher une entreprise experte dans le d\u00e9m\u00e9nagement \u00e0 Montreux ?<\/h3>\n<p>M\u00eame si vous pourriez \u00e9conomiser de l&rsquo;argent en r\u00e9alisant le travail seul, vous risquez de subir des blessures (surtout si vous n&rsquo;\u00eates pas entra\u00een\u00e9 \u00e0 lever des objets lourds) ou vous pouvez aussi ab\u00eemer vos biens. En engageant Artisanlocal pour votre d\u00e9m\u00e9nagement, vous \u00e9conomisez du temps et vous limitez les risques.<\/p>\n","protected":false},"excerpt":{"rendered":"<p>Le d\u00e9m\u00e9nagement \u00e0 Montreux ne devrait pas \u00eatre compliqu\u00e9. Une fois que vous avez trouv\u00e9 nouveau logement et que vous avez d\u00e9termin\u00e9 la date du d\u00e9m\u00e9nagement, vous vous demandez peut-\u00eatre de quelle mani\u00e8re pr\u00e9voir au mieux votre d\u00e9m\u00e9nagement et votre installation ? Avec notre soci\u00e9t\u00e9 de d\u00e9m\u00e9nagement \u00e0 Montreux, vous gagnez du temps, nous g\u00e9rons [&hellip;]<\/p>\n","protected":false},"author":4,"featured_media":2759,"parent":0,"menu_order":0,"comment_status":"closed","ping_status":"closed","template":"","meta":{"footnotes":""},"profession":[122],"location":[17],"canton":[113],"class_list":["post-923","page","type-page","status-publish","has-post-thumbnail","hentry","profession-demenageur","location-montreux","canton-vd"],"yoast_head":"<!-- This site is optimized with the Yoast SEO Premium plugin v25.7.1 (Yoast SEO v27.3) - https:\/\/yoast.com\/product\/yoast-seo-premium-wordpress\/ -->\n<title>Votre d\u00e9m\u00e9nageur \u00e0 Montreux - Artisanlocal<\/title>\n<meta name=\"robots\" content=\"index, follow, max-snippet:-1, max-image-preview:large, max-video-preview:-1\" \/>\n<link rel=\"canonical\" href=\"https:\/\/www.artisanlocal.ch\/c\/votre-demenageur-a-montreux\/\" \/>\n<meta property=\"og:locale\" content=\"fr_FR\" \/>\n<meta property=\"og:type\" content=\"article\" \/>\n<meta property=\"og:title\" content=\"Votre d\u00e9m\u00e9nageur \u00e0 Montreux\" \/>\n<meta property=\"og:description\" content=\"Le d\u00e9m\u00e9nagement \u00e0 Montreux ne devrait pas \u00eatre compliqu\u00e9. Une fois que vous avez trouv\u00e9 nouveau logement et que vous avez d\u00e9termin\u00e9 la date du d\u00e9m\u00e9nagement, vous vous demandez peut-\u00eatre de quelle mani\u00e8re pr\u00e9voir au mieux votre d\u00e9m\u00e9nagement et votre installation ? Avec notre soci\u00e9t\u00e9 de d\u00e9m\u00e9nagement \u00e0 Montreux, vous gagnez du temps, nous g\u00e9rons [&hellip;]\" \/>\n<meta property=\"og:url\" content=\"https:\/\/www.artisanlocal.ch\/c\/votre-demenageur-a-montreux\/\" \/>\n<meta property=\"og:site_name\" content=\"Artisanlocal\" \/>\n<meta property=\"article:modified_time\" content=\"2025-08-26T17:27:51+00:00\" \/>\n<meta property=\"og:image\" content=\"https:\/\/www.artisanlocal.ch\/c\/wp-content\/uploads\/2024\/10\/demenageur.jpg\" \/>\n\t<meta property=\"og:image:width\" content=\"1920\" \/>\n\t<meta property=\"og:image:height\" content=\"300\" \/>\n\t<meta property=\"og:image:type\" content=\"image\/jpeg\" \/>\n<meta name=\"twitter:card\" content=\"summary_large_image\" \/>\n<meta name=\"twitter:label1\" content=\"Dur\u00e9e de lecture estim\u00e9e\" \/>\n\t<meta name=\"twitter:data1\" content=\"5 minutes\" \/>\n<script type=\"application\/ld+json\" class=\"yoast-schema-graph\">{\"@context\":\"https:\\\/\\\/schema.org\",\"@graph\":[{\"@type\":\"WebPage\",\"@id\":\"https:\\\/\\\/www.artisanlocal.ch\\\/c\\\/votre-demenageur-a-montreux\\\/\",\"url\":\"https:\\\/\\\/www.artisanlocal.ch\\\/c\\\/votre-demenageur-a-montreux\\\/\",\"name\":\"Votre d\u00e9m\u00e9nageur \u00e0 Montreux - Artisanlocal\",\"isPartOf\":{\"@id\":\"https:\\\/\\\/www.artisanlocal.ch\\\/c\\\/#website\"},\"primaryImageOfPage\":{\"@id\":\"https:\\\/\\\/www.artisanlocal.ch\\\/c\\\/votre-demenageur-a-montreux\\\/#primaryimage\"},\"image\":{\"@id\":\"https:\\\/\\\/www.artisanlocal.ch\\\/c\\\/votre-demenageur-a-montreux\\\/#primaryimage\"},\"thumbnailUrl\":\"https:\\\/\\\/www.artisanlocal.ch\\\/c\\\/wp-content\\\/uploads\\\/2024\\\/10\\\/demenageur.jpg\",\"datePublished\":\"2024-04-23T14:01:07+00:00\",\"dateModified\":\"2025-08-26T17:27:51+00:00\",\"breadcrumb\":{\"@id\":\"https:\\\/\\\/www.artisanlocal.ch\\\/c\\\/votre-demenageur-a-montreux\\\/#breadcrumb\"},\"inLanguage\":\"fr-FR\",\"potentialAction\":[{\"@type\":\"ReadAction\",\"target\":[\"https:\\\/\\\/www.artisanlocal.ch\\\/c\\\/votre-demenageur-a-montreux\\\/\"]}]},{\"@type\":\"ImageObject\",\"inLanguage\":\"fr-FR\",\"@id\":\"https:\\\/\\\/www.artisanlocal.ch\\\/c\\\/votre-demenageur-a-montreux\\\/#primaryimage\",\"url\":\"https:\\\/\\\/www.artisanlocal.ch\\\/c\\\/wp-content\\\/uploads\\\/2024\\\/10\\\/demenageur.jpg\",\"contentUrl\":\"https:\\\/\\\/www.artisanlocal.ch\\\/c\\\/wp-content\\\/uploads\\\/2024\\\/10\\\/demenageur.jpg\",\"width\":1920,\"height\":300},{\"@type\":\"BreadcrumbList\",\"@id\":\"https:\\\/\\\/www.artisanlocal.ch\\\/c\\\/votre-demenageur-a-montreux\\\/#breadcrumb\",\"itemListElement\":[{\"@type\":\"ListItem\",\"position\":1,\"name\":\"Accueil\",\"item\":\"https:\\\/\\\/www.artisanlocal.ch\\\/c\\\/\"},{\"@type\":\"ListItem\",\"position\":2,\"name\":\"Votre d\u00e9m\u00e9nageur \u00e0 Montreux\"}]},{\"@type\":\"WebSite\",\"@id\":\"https:\\\/\\\/www.artisanlocal.ch\\\/c\\\/#website\",\"url\":\"https:\\\/\\\/www.artisanlocal.ch\\\/c\\\/\",\"name\":\"Artisanlocal\",\"description\":\"\",\"publisher\":{\"@id\":\"https:\\\/\\\/www.artisanlocal.ch\\\/c\\\/#organization\"},\"potentialAction\":[{\"@type\":\"SearchAction\",\"target\":{\"@type\":\"EntryPoint\",\"urlTemplate\":\"https:\\\/\\\/www.artisanlocal.ch\\\/c\\\/?s={search_term_string}\"},\"query-input\":{\"@type\":\"PropertyValueSpecification\",\"valueRequired\":true,\"valueName\":\"search_term_string\"}}],\"inLanguage\":\"fr-FR\"},{\"@type\":\"Organization\",\"@id\":\"https:\\\/\\\/www.artisanlocal.ch\\\/c\\\/#organization\",\"name\":\"Artisanlocal\",\"url\":\"https:\\\/\\\/www.artisanlocal.ch\\\/c\\\/\",\"logo\":{\"@type\":\"ImageObject\",\"inLanguage\":\"fr-FR\",\"@id\":\"https:\\\/\\\/www.artisanlocal.ch\\\/c\\\/#\\\/schema\\\/logo\\\/image\\\/\",\"url\":\"https:\\\/\\\/www.artisanlocal.ch\\\/c\\\/wp-content\\\/uploads\\\/2024\\\/02\\\/logo-artisanlocal-h.svg\",\"contentUrl\":\"https:\\\/\\\/www.artisanlocal.ch\\\/c\\\/wp-content\\\/uploads\\\/2024\\\/02\\\/logo-artisanlocal-h.svg\",\"caption\":\"Artisanlocal\"},\"image\":{\"@id\":\"https:\\\/\\\/www.artisanlocal.ch\\\/c\\\/#\\\/schema\\\/logo\\\/image\\\/\"}}]}<\/script>\n<!-- \/ Yoast SEO Premium plugin. -->","yoast_head_json":{"title":"Votre d\u00e9m\u00e9nageur \u00e0 Montreux - Artisanlocal","robots":{"index":"index","follow":"follow","max-snippet":"max-snippet:-1","max-image-preview":"max-image-preview:large","max-video-preview":"max-video-preview:-1"},"canonical":"https:\/\/www.artisanlocal.ch\/c\/votre-demenageur-a-montreux\/","og_locale":"fr_FR","og_type":"article","og_title":"Votre d\u00e9m\u00e9nageur \u00e0 Montreux","og_description":"Le d\u00e9m\u00e9nagement \u00e0 Montreux ne devrait pas \u00eatre compliqu\u00e9. Une fois que vous avez trouv\u00e9 nouveau logement et que vous avez d\u00e9termin\u00e9 la date du d\u00e9m\u00e9nagement, vous vous demandez peut-\u00eatre de quelle mani\u00e8re pr\u00e9voir au mieux votre d\u00e9m\u00e9nagement et votre installation ? Avec notre soci\u00e9t\u00e9 de d\u00e9m\u00e9nagement \u00e0 Montreux, vous gagnez du temps, nous g\u00e9rons [&hellip;]","og_url":"https:\/\/www.artisanlocal.ch\/c\/votre-demenageur-a-montreux\/","og_site_name":"Artisanlocal","article_modified_time":"2025-08-26T17:27:51+00:00","og_image":[{"width":1920,"height":300,"url":"https:\/\/www.artisanlocal.ch\/c\/wp-content\/uploads\/2024\/10\/demenageur.jpg","type":"image\/jpeg"}],"twitter_card":"summary_large_image","twitter_misc":{"Dur\u00e9e de lecture estim\u00e9e":"5 minutes"},"schema":{"@context":"https:\/\/schema.org","@graph":[{"@type":"WebPage","@id":"https:\/\/www.artisanlocal.ch\/c\/votre-demenageur-a-montreux\/","url":"https:\/\/www.artisanlocal.ch\/c\/votre-demenageur-a-montreux\/","name":"Votre d\u00e9m\u00e9nageur \u00e0 Montreux - Artisanlocal","isPartOf":{"@id":"https:\/\/www.artisanlocal.ch\/c\/#website"},"primaryImageOfPage":{"@id":"https:\/\/www.artisanlocal.ch\/c\/votre-demenageur-a-montreux\/#primaryimage"},"image":{"@id":"https:\/\/www.artisanlocal.ch\/c\/votre-demenageur-a-montreux\/#primaryimage"},"thumbnailUrl":"https:\/\/www.artisanlocal.ch\/c\/wp-content\/uploads\/2024\/10\/demenageur.jpg","datePublished":"2024-04-23T14:01:07+00:00","dateModified":"2025-08-26T17:27:51+00:00","breadcrumb":{"@id":"https:\/\/www.artisanlocal.ch\/c\/votre-demenageur-a-montreux\/#breadcrumb"},"inLanguage":"fr-FR","potentialAction":[{"@type":"ReadAction","target":["https:\/\/www.artisanlocal.ch\/c\/votre-demenageur-a-montreux\/"]}]},{"@type":"ImageObject","inLanguage":"fr-FR","@id":"https:\/\/www.artisanlocal.ch\/c\/votre-demenageur-a-montreux\/#primaryimage","url":"https:\/\/www.artisanlocal.ch\/c\/wp-content\/uploads\/2024\/10\/demenageur.jpg","contentUrl":"https:\/\/www.artisanlocal.ch\/c\/wp-content\/uploads\/2024\/10\/demenageur.jpg","width":1920,"height":300},{"@type":"BreadcrumbList","@id":"https:\/\/www.artisanlocal.ch\/c\/votre-demenageur-a-montreux\/#breadcrumb","itemListElement":[{"@type":"ListItem","position":1,"name":"Accueil","item":"https:\/\/www.artisanlocal.ch\/c\/"},{"@type":"ListItem","position":2,"name":"Votre d\u00e9m\u00e9nageur \u00e0 Montreux"}]},{"@type":"WebSite","@id":"https:\/\/www.artisanlocal.ch\/c\/#website","url":"https:\/\/www.artisanlocal.ch\/c\/","name":"Artisanlocal","description":"","publisher":{"@id":"https:\/\/www.artisanlocal.ch\/c\/#organization"},"potentialAction":[{"@type":"SearchAction","target":{"@type":"EntryPoint","urlTemplate":"https:\/\/www.artisanlocal.ch\/c\/?s={search_term_string}"},"query-input":{"@type":"PropertyValueSpecification","valueRequired":true,"valueName":"search_term_string"}}],"inLanguage":"fr-FR"},{"@type":"Organization","@id":"https:\/\/www.artisanlocal.ch\/c\/#organization","name":"Artisanlocal","url":"https:\/\/www.artisanlocal.ch\/c\/","logo":{"@type":"ImageObject","inLanguage":"fr-FR","@id":"https:\/\/www.artisanlocal.ch\/c\/#\/schema\/logo\/image\/","url":"https:\/\/www.artisanlocal.ch\/c\/wp-content\/uploads\/2024\/02\/logo-artisanlocal-h.svg","contentUrl":"https:\/\/www.artisanlocal.ch\/c\/wp-content\/uploads\/2024\/02\/logo-artisanlocal-h.svg","caption":"Artisanlocal"},"image":{"@id":"https:\/\/www.artisanlocal.ch\/c\/#\/schema\/logo\/image\/"}}]}},"_links":{"self":[{"href":"https:\/\/www.artisanlocal.ch\/c\/wp-json\/wp\/v2\/pages\/923","targetHints":{"allow":["GET"]}}],"collection":[{"href":"https:\/\/www.artisanlocal.ch\/c\/wp-json\/wp\/v2\/pages"}],"about":[{"href":"https:\/\/www.artisanlocal.ch\/c\/wp-json\/wp\/v2\/types\/page"}],"author":[{"embeddable":true,"href":"https:\/\/www.artisanlocal.ch\/c\/wp-json\/wp\/v2\/users\/4"}],"replies":[{"embeddable":true,"href":"https:\/\/www.artisanlocal.ch\/c\/wp-json\/wp\/v2\/comments?post=923"}],"version-history":[{"count":0,"href":"https:\/\/www.artisanlocal.ch\/c\/wp-json\/wp\/v2\/pages\/923\/revisions"}],"wp:featuredmedia":[{"embeddable":true,"href":"https:\/\/www.artisanlocal.ch\/c\/wp-json\/wp\/v2\/media\/2759"}],"wp:attachment":[{"href":"https:\/\/www.artisanlocal.ch\/c\/wp-json\/wp\/v2\/media?parent=923"}],"wp:term":[{"taxonomy":"profession","embeddable":true,"href":"https:\/\/www.artisanlocal.ch\/c\/wp-json\/wp\/v2\/profession?post=923"},{"taxonomy":"location","embeddable":true,"href":"https:\/\/www.artisanlocal.ch\/c\/wp-json\/wp\/v2\/location?post=923"},{"taxonomy":"canton","embeddable":true,"href":"https:\/\/www.artisanlocal.ch\/c\/wp-json\/wp\/v2\/canton?post=923"}],"curies":[{"name":"wp","href":"https:\/\/api.w.org\/{rel}","templated":true}]}}