{"id":925,"date":"2024-04-23T14:11:16","date_gmt":"2024-04-23T12:11:16","guid":{"rendered":"https:\/\/www.artisanlocal.ch\/c\/simplifiez-votre-demenagement-a-bienne\/"},"modified":"2025-08-26T19:27:58","modified_gmt":"2025-08-26T17:27:58","slug":"simplifiez-votre-demenagement-a-bienne","status":"publish","type":"page","link":"https:\/\/www.artisanlocal.ch\/c\/simplifiez-votre-demenagement-a-bienne\/","title":{"rendered":"Entreprises de d\u00e9m\u00e9nagement \u00e0 Biel\/Bienne"},"content":{"rendered":"<p>Besoin d&rsquo;une entreprise de d\u00e9m\u00e9nagement \u00e0 Biel\/Bienne ? En faisant appel \u00e0 Artisanlocal, vous \u00e9conomisez de l&rsquo;argent et du temps, nous prenons en charge tous les aspects de votre d\u00e9m\u00e9nagement, de la location du v\u00e9hicule, \u00e0 la protection de vos meubles.<br \/>\n\r\n<div class=\"box\">\r\n    <h2 class=\"text-dark\">Nous cherchons un <em class=\"text-primary\">D\u00e9m\u00e9nageur<\/em> dans la r\u00e9gion de <em class=\"text-primary\">Biel\/Bienne<\/em>  en exclusivit\u00e9, afin de proposer vos services \u00e0 nos clients propri\u00e9taires.<\/h2>\r\n    <p>Une opportunit\u00e9 unique pour booster votre activit\u00e9 \u00e0 <strong>Biel\/Bienne<\/strong> et aux alentours dans votre domaine (D\u00e9m\u00e9nageur).<\/p>\r\n    <p>Nous travaillons en exclusivit\u00e9 avec qu'une soci\u00e9t\u00e9 par m\u00e9tier et par r\u00e9gion. <br>Votre entreprise est pr\u00e9sente sur tous les documents immobiliers. Afin d'\u00eatre mieux vu sur le net, vous \u00eates \u00e9galement visible sur nos deux sites et sur les pages de r\u00e9f\u00e9rencement de votre r\u00e9gion.<\/p>\r\n    <a href=\"\/contact\" class=\"wp-block-button__link has-accent-background-color has-text-align-center wp-element-button\">R\u00e9server<\/a>\r\n<\/div><\/p>\n<h2>Artisanlocal : entreprise de confiance pour votre d\u00e9m\u00e9nagement<\/h2>\n<p>Notre entreprise est situ\u00e9e au c\u0153ur de Biel\/Bienne pour intervenir rapidement chez vous. Nos d\u00e9m\u00e9nageurs interviennent chez les particuliers et les entreprises. Nos \u00e9quipes sont form\u00e9es et exp\u00e9riment\u00e9es pour vous assister, quelle que soit la complexit\u00e9 de votre projet.<\/p>\n<h2>Pourquoi travailler avec Artisanlocal.ch \u00e0 Biel\/Bienne ?<\/h2>\n<h3>Une entreprise engag\u00e9e<\/h3>\n<p>Pour limiter notre impact environnemental durant votre d\u00e9m\u00e9nagement, nous utilisons des emballages \u00e9cologiques, et nous r\u00e9employons tous les \u00e9l\u00e9ments utilis\u00e9s lors des pr\u00e9c\u00e9dents d\u00e9m\u00e9nagements.<\/p>\n<h3>Une entreprise de d\u00e9m\u00e9nagement disponible<\/h3>\n<p>Nos sommes disponibles \u00e0 tout moment et peu importe le jour dans la semaine pour d\u00e9m\u00e9nager votre maison, appartement ou vos bureaux.<\/p>\n<h3>Artisanlocal intervient \u00e0 Biel\/Bienne et dans les alentours<\/h3>\n<p>Notre entreprise intervient \u00e0 Biel\/Bienne et dans les localit\u00e9s voisines, comme : T\u00fcscherz-Alferm\u00e9e, Twann, Ligerz, Ligni\u00e8res, Le Landeron, Magglingen\/Macolin, Evilard, Les Pr\u00e9s-d'Orvin..<\/p>\n<h3>Intervention \u00e0 l&rsquo;international et dans toute la Suisse<\/h3>\n<p>Si vous \u00eates un Biennois, nous pouvons vous aider \u00e0 d\u00e9m\u00e9nager dans n&rsquo;importe quelle ville en Suisse, mais aussi dans les pays limitrophes.<\/p>\n<h3>D\u00e9m\u00e9nageurs minutieux<\/h3>\n<ul>\n<li>Sols : lors de votre d\u00e9m\u00e9nagement, nous manipulons avec prudence vos objets pour \u00e9viter d&rsquo;ab\u00eemer vos sols.<\/li>\n<li>Coins : nous veillons \u00e0 prot\u00e9ger les coins de vos murs afin d&rsquo;\u00e9viter les dommages.<\/li>\n<li>Couloirs : avant le d\u00e9placement de votre \u00e9lectrom\u00e9nager et de votre mobilier, nous pla\u00e7ons des protections dans vos couloirs, de mani\u00e8re \u00e0 pr\u00e9venir les d\u00e9g\u00e2ts.<\/li>\n<li>Portes : si cela le demande, nous installons des protections sur vos portes contre les rayures.<\/li>\n<\/ul>\n<h3>Devis gratuits<\/h3>\n<p>Contactez-nous maintenant et obtenez un devis gratuit.<\/p>\n<h2>Quels sont les types de d\u00e9m\u00e9nagement que propose Artisanlocal \u00e0 Biel\/Bienne ?<\/h2>\n<h3>D\u00e9m\u00e9nagement de bureaux et de locaux<\/h3>\n<p>Nous r\u00e9alisons le d\u00e9m\u00e9nagement des bureaux et des locaux commerciaux.<\/p>\n<h3>D\u00e9m\u00e9nagement de petit volume<\/h3>\n<p>Nous r\u00e9alisons le d\u00e9m\u00e9nagement des petits logements. Nous parlons d&rsquo;un d\u00e9m\u00e9nagement de petit volume pour des projets inf\u00e9rieurs \u00e0 15 m\u00e8tres cubes.<\/p>\n<h3>D\u00e9m\u00e9nagements rapides<\/h3>\n<p>Nous vous aiderons \u00e0 vous installer dans votre nouvelle habitation le plus rapidement possible. Nous offrons aussi des services de stockage et d&#8217;emballage en urgence.<\/p>\n<h3>Garde-meubles<\/h3>\n<p>Notre \u00e9quipe vient r\u00e9cup\u00e9rer vos biens et ensuite, nous les d\u00e9pla\u00e7ons vers notre d\u00e9p\u00f4t \u00e0 Biel\/Bienne. Ils seront stock\u00e9s durant la p\u00e9riode que vous avez choisie. Il vous suffit de nous donner la date \u00e0 laquelle vous voulez r\u00e9cup\u00e9rer vos meubles, et nous vous les livrerons \u00e0 la date pr\u00e9vue.<\/p>\n<h3>Emballage sur mesure pour vos objets de valeurs<\/h3>\n<p>Les objets de grande valeur et les \u0153uvres d&rsquo;art seront emball\u00e9s avec pr\u00e9caution. Nous fabriquons des cartons adapt\u00e9s et nous les enveloppons avec soin, et nous utilisons certaines fois des machines de levage.<\/p>\n<h3>Transfert de pianos<\/h3>\n<p>D\u00e9m\u00e9nager un piano exige des comp\u00e9tences, du mat\u00e9riel adapt\u00e9 et des connaissances particuli\u00e8res. Notre soci\u00e9t\u00e9 d\u00e9m\u00e9nage tous types de pianos : droits, horizontaux et interm\u00e9diaires.<\/p>\n<h3>Location de monte-meubles \u00e0 Biel\/Bienne pour d\u00e9m\u00e9nagement<\/h3>\n<p>Nous proposons un service de location de monte-meubles pour simplifier le transfert de vos meubles dans toute la Suisse et \u00e0 Biel\/Bienne.<\/p>\n<h3>Acheter des cartons pour votre d\u00e9m\u00e9nagement \u00e0 Biel\/Bienne<\/h3>\n<p>Vous avez besoin de protection pour votre d\u00e9m\u00e9nagement \u00e0 Biel\/Bienne ? Chez Artisanlocal, nous proposons \u00e0 nos clients la vente de cartons de d\u00e9m\u00e9nagement et de protections adapt\u00e9es.<\/p>\n<h2>Qu&rsquo;est-ce qui est pr\u00e9vu dans votre prestation de d\u00e9m\u00e9nagement ?<\/h2>\n<h3>L&#8217;emballage personnalis\u00e9, pour :<\/h3>\n<ul>\n<li>les matelas,<\/li>\n<li>les t\u00e9l\u00e9viseurs<\/li>\n<li>les si\u00e8ges,<\/li>\n<li>les sofas<\/li>\n<li>les appareils \u00e9lectrom\u00e9nagers,<\/li>\n<li>les PC,<\/li>\n<li>les lampes et ampoules,<\/li>\n<li>les tableaux et miroirs.<\/li>\n<\/ul>\n<h3>Le montage et d\u00e9montage du mobilier<\/h3>\n<ul>\n<li>les tables,<\/li>\n<li>les meubles de rangement,<\/li>\n<li>les meubles,<\/li>\n<li>les supports de rangement,<\/li>\n<li>les lustres.<\/li>\n<\/ul>\n<h2>FAQ<\/h2>\n<h3>Quel budget pour un d\u00e9m\u00e9nagement \u00e0 Biel\/Bienne et en Suisse ?<\/h3>\n<p>Le co\u00fbt d&rsquo;un d\u00e9m\u00e9nagement \u00e0 Biel\/Bienne d\u00e9pend du nombre de pi\u00e8ces dans votre habitat.<\/p>\n<p>Ci-dessous, vous trouverez les prix en fonction du nombre de pi\u00e8ces :<\/p>\n<h3>Pour un d\u00e9m\u00e9nagement \u00e0 Biel\/Bienne :<\/h3>\n<table>\n<tbody>\n<tr>\n<td>D\u2019un appartement de 1-2 pi\u00e8ces<\/td>\n<td>Entre 350 \u00e0 600 Francs Suisses<\/td>\n<\/tr>\n<tr>\n<td>D\u2019un appartement de 2-3 pi\u00e8ces<\/td>\n<td>De 700 \u00e0 1300 Francs Suisses<\/td>\n<\/tr>\n<tr>\n<td>D\u2019un appartement entre 3-4 pi\u00e8ces<\/td>\n<td>De 850 \u00e0 2000 Francs Suisses<\/td>\n<\/tr>\n<tr>\n<td>D\u2019une maison<\/td>\n<td>De 1200 \u00e0 2500 CHF<\/td>\n<\/tr>\n<\/tbody>\n<\/table>\n<h3>Pour d\u00e9m\u00e9nager plus loin de 200 km :<\/h3>\n<table>\n<tbody>\n<tr>\n<td>Pour un appartement de 1-2 pi\u00e8ces<\/td>\n<td>Entre 600 \u00e0 900 CHF<\/td>\n<\/tr>\n<tr>\n<td>D\u2019un appartement de 2-3 pi\u00e8ces<\/td>\n<td>De 1200 \u00e0 2500 Francs Suisses<\/td>\n<\/tr>\n<tr>\n<td>Pour un appartement de 3-4 pi\u00e8ces<\/td>\n<td>De 1800 \u00e0 3000 Francs Suisses<\/td>\n<\/tr>\n<tr>\n<td>Pour une maison<\/td>\n<td>De 2000 \u00e0 4500 Francs Suisses<\/td>\n<\/tr>\n<\/tbody>\n<\/table>\n<h2>Combien faut-il compter pour la location d\u2019un monte meuble \u00e0 Biel\/Bienne ?<\/h2>\n<p>Le prix approximatif pour la location d&rsquo;un monte meuble \u00e0 Biel\/Bienne est d&rsquo;environ 150 CHF par heure.<\/p>\n<h3>Pourquoi faire appel \u00e0 une entreprise de d\u00e9m\u00e9nagement \u00e0 Biel\/Bienne ?<\/h3>\n<p>M\u00eame si vous \u00e9vitez de perdre de l&rsquo;argent en faisant le travail vous-m\u00eame, vous pouvez vous blesser (particuli\u00e8rement si vous n&rsquo;\u00eates pas habitu\u00e9 \u00e0 soulever des objets lourds) et vous pouvez aussi ab\u00eemer vos meubles. En engageant Artisanlocal pour votre d\u00e9m\u00e9nagement, vous \u00e9conomisez du temps et de l&rsquo;argent.<\/p>\n","protected":false},"excerpt":{"rendered":"<p>Besoin d&rsquo;une entreprise de d\u00e9m\u00e9nagement \u00e0 Biel\/Bienne ? En faisant appel \u00e0 Artisanlocal, vous \u00e9conomisez de l&rsquo;argent et du temps, nous prenons en charge tous les aspects de votre d\u00e9m\u00e9nagement, de la location du v\u00e9hicule, \u00e0 la protection de vos meubles. Artisanlocal : entreprise de confiance pour votre d\u00e9m\u00e9nagement Notre entreprise est situ\u00e9e au c\u0153ur [&hellip;]<\/p>\n","protected":false},"author":4,"featured_media":2759,"parent":0,"menu_order":0,"comment_status":"closed","ping_status":"closed","template":"","meta":{"footnotes":""},"profession":[122],"location":[59],"canton":[118],"class_list":["post-925","page","type-page","status-publish","has-post-thumbnail","hentry","profession-demenageur","location-biel-bienne","canton-be"],"yoast_head":"<!-- This site is optimized with the Yoast SEO Premium plugin v25.7.1 (Yoast SEO v27.4) - https:\/\/yoast.com\/product\/yoast-seo-premium-wordpress\/ -->\n<title>Entreprises de d\u00e9m\u00e9nagement \u00e0 Biel\/Bienne - Artisanlocal<\/title>\n<meta name=\"robots\" content=\"index, follow, max-snippet:-1, max-image-preview:large, max-video-preview:-1\" \/>\n<link rel=\"canonical\" href=\"https:\/\/www.artisanlocal.ch\/c\/simplifiez-votre-demenagement-a-bienne\/\" \/>\n<meta property=\"og:locale\" content=\"fr_FR\" \/>\n<meta property=\"og:type\" content=\"article\" \/>\n<meta property=\"og:title\" content=\"Entreprises de d\u00e9m\u00e9nagement \u00e0 Biel\/Bienne\" \/>\n<meta property=\"og:description\" content=\"Besoin d&rsquo;une entreprise de d\u00e9m\u00e9nagement \u00e0 Biel\/Bienne ? En faisant appel \u00e0 Artisanlocal, vous \u00e9conomisez de l&rsquo;argent et du temps, nous prenons en charge tous les aspects de votre d\u00e9m\u00e9nagement, de la location du v\u00e9hicule, \u00e0 la protection de vos meubles. Artisanlocal : entreprise de confiance pour votre d\u00e9m\u00e9nagement Notre entreprise est situ\u00e9e au c\u0153ur [&hellip;]\" \/>\n<meta property=\"og:url\" content=\"https:\/\/www.artisanlocal.ch\/c\/simplifiez-votre-demenagement-a-bienne\/\" \/>\n<meta property=\"og:site_name\" content=\"Artisanlocal\" \/>\n<meta property=\"article:modified_time\" content=\"2025-08-26T17:27:58+00:00\" \/>\n<meta property=\"og:image\" content=\"https:\/\/www.artisanlocal.ch\/c\/wp-content\/uploads\/2024\/10\/demenageur.jpg\" \/>\n\t<meta property=\"og:image:width\" content=\"1920\" \/>\n\t<meta property=\"og:image:height\" content=\"300\" \/>\n\t<meta property=\"og:image:type\" content=\"image\/jpeg\" \/>\n<meta name=\"twitter:card\" content=\"summary_large_image\" \/>\n<meta name=\"twitter:label1\" content=\"Dur\u00e9e de lecture estim\u00e9e\" \/>\n\t<meta name=\"twitter:data1\" content=\"5 minutes\" \/>\n<script type=\"application\/ld+json\" class=\"yoast-schema-graph\">{\"@context\":\"https:\\\/\\\/schema.org\",\"@graph\":[{\"@type\":\"WebPage\",\"@id\":\"https:\\\/\\\/www.artisanlocal.ch\\\/c\\\/simplifiez-votre-demenagement-a-bienne\\\/\",\"url\":\"https:\\\/\\\/www.artisanlocal.ch\\\/c\\\/simplifiez-votre-demenagement-a-bienne\\\/\",\"name\":\"Entreprises de d\u00e9m\u00e9nagement \u00e0 Biel\\\/Bienne - Artisanlocal\",\"isPartOf\":{\"@id\":\"https:\\\/\\\/www.artisanlocal.ch\\\/c\\\/#website\"},\"primaryImageOfPage\":{\"@id\":\"https:\\\/\\\/www.artisanlocal.ch\\\/c\\\/simplifiez-votre-demenagement-a-bienne\\\/#primaryimage\"},\"image\":{\"@id\":\"https:\\\/\\\/www.artisanlocal.ch\\\/c\\\/simplifiez-votre-demenagement-a-bienne\\\/#primaryimage\"},\"thumbnailUrl\":\"https:\\\/\\\/www.artisanlocal.ch\\\/c\\\/wp-content\\\/uploads\\\/2024\\\/10\\\/demenageur.jpg\",\"datePublished\":\"2024-04-23T12:11:16+00:00\",\"dateModified\":\"2025-08-26T17:27:58+00:00\",\"breadcrumb\":{\"@id\":\"https:\\\/\\\/www.artisanlocal.ch\\\/c\\\/simplifiez-votre-demenagement-a-bienne\\\/#breadcrumb\"},\"inLanguage\":\"fr-FR\",\"potentialAction\":[{\"@type\":\"ReadAction\",\"target\":[\"https:\\\/\\\/www.artisanlocal.ch\\\/c\\\/simplifiez-votre-demenagement-a-bienne\\\/\"]}]},{\"@type\":\"ImageObject\",\"inLanguage\":\"fr-FR\",\"@id\":\"https:\\\/\\\/www.artisanlocal.ch\\\/c\\\/simplifiez-votre-demenagement-a-bienne\\\/#primaryimage\",\"url\":\"https:\\\/\\\/www.artisanlocal.ch\\\/c\\\/wp-content\\\/uploads\\\/2024\\\/10\\\/demenageur.jpg\",\"contentUrl\":\"https:\\\/\\\/www.artisanlocal.ch\\\/c\\\/wp-content\\\/uploads\\\/2024\\\/10\\\/demenageur.jpg\",\"width\":1920,\"height\":300},{\"@type\":\"BreadcrumbList\",\"@id\":\"https:\\\/\\\/www.artisanlocal.ch\\\/c\\\/simplifiez-votre-demenagement-a-bienne\\\/#breadcrumb\",\"itemListElement\":[{\"@type\":\"ListItem\",\"position\":1,\"name\":\"Accueil\",\"item\":\"https:\\\/\\\/www.artisanlocal.ch\\\/c\\\/\"},{\"@type\":\"ListItem\",\"position\":2,\"name\":\"Entreprises de d\u00e9m\u00e9nagement \u00e0 Bienne\"}]},{\"@type\":\"WebSite\",\"@id\":\"https:\\\/\\\/www.artisanlocal.ch\\\/c\\\/#website\",\"url\":\"https:\\\/\\\/www.artisanlocal.ch\\\/c\\\/\",\"name\":\"Artisanlocal\",\"description\":\"\",\"publisher\":{\"@id\":\"https:\\\/\\\/www.artisanlocal.ch\\\/c\\\/#organization\"},\"potentialAction\":[{\"@type\":\"SearchAction\",\"target\":{\"@type\":\"EntryPoint\",\"urlTemplate\":\"https:\\\/\\\/www.artisanlocal.ch\\\/c\\\/?s={search_term_string}\"},\"query-input\":{\"@type\":\"PropertyValueSpecification\",\"valueRequired\":true,\"valueName\":\"search_term_string\"}}],\"inLanguage\":\"fr-FR\"},{\"@type\":\"Organization\",\"@id\":\"https:\\\/\\\/www.artisanlocal.ch\\\/c\\\/#organization\",\"name\":\"Artisanlocal\",\"url\":\"https:\\\/\\\/www.artisanlocal.ch\\\/c\\\/\",\"logo\":{\"@type\":\"ImageObject\",\"inLanguage\":\"fr-FR\",\"@id\":\"https:\\\/\\\/www.artisanlocal.ch\\\/c\\\/#\\\/schema\\\/logo\\\/image\\\/\",\"url\":\"https:\\\/\\\/www.artisanlocal.ch\\\/c\\\/wp-content\\\/uploads\\\/2024\\\/02\\\/logo-artisanlocal-h.svg\",\"contentUrl\":\"https:\\\/\\\/www.artisanlocal.ch\\\/c\\\/wp-content\\\/uploads\\\/2024\\\/02\\\/logo-artisanlocal-h.svg\",\"caption\":\"Artisanlocal\"},\"image\":{\"@id\":\"https:\\\/\\\/www.artisanlocal.ch\\\/c\\\/#\\\/schema\\\/logo\\\/image\\\/\"}}]}<\/script>\n<!-- \/ Yoast SEO Premium plugin. -->","yoast_head_json":{"title":"Entreprises de d\u00e9m\u00e9nagement \u00e0 Biel\/Bienne - Artisanlocal","robots":{"index":"index","follow":"follow","max-snippet":"max-snippet:-1","max-image-preview":"max-image-preview:large","max-video-preview":"max-video-preview:-1"},"canonical":"https:\/\/www.artisanlocal.ch\/c\/simplifiez-votre-demenagement-a-bienne\/","og_locale":"fr_FR","og_type":"article","og_title":"Entreprises de d\u00e9m\u00e9nagement \u00e0 Biel\/Bienne","og_description":"Besoin d&rsquo;une entreprise de d\u00e9m\u00e9nagement \u00e0 Biel\/Bienne ? En faisant appel \u00e0 Artisanlocal, vous \u00e9conomisez de l&rsquo;argent et du temps, nous prenons en charge tous les aspects de votre d\u00e9m\u00e9nagement, de la location du v\u00e9hicule, \u00e0 la protection de vos meubles. Artisanlocal : entreprise de confiance pour votre d\u00e9m\u00e9nagement Notre entreprise est situ\u00e9e au c\u0153ur [&hellip;]","og_url":"https:\/\/www.artisanlocal.ch\/c\/simplifiez-votre-demenagement-a-bienne\/","og_site_name":"Artisanlocal","article_modified_time":"2025-08-26T17:27:58+00:00","og_image":[{"width":1920,"height":300,"url":"https:\/\/www.artisanlocal.ch\/c\/wp-content\/uploads\/2024\/10\/demenageur.jpg","type":"image\/jpeg"}],"twitter_card":"summary_large_image","twitter_misc":{"Dur\u00e9e de lecture estim\u00e9e":"5 minutes"},"schema":{"@context":"https:\/\/schema.org","@graph":[{"@type":"WebPage","@id":"https:\/\/www.artisanlocal.ch\/c\/simplifiez-votre-demenagement-a-bienne\/","url":"https:\/\/www.artisanlocal.ch\/c\/simplifiez-votre-demenagement-a-bienne\/","name":"Entreprises de d\u00e9m\u00e9nagement \u00e0 Biel\/Bienne - Artisanlocal","isPartOf":{"@id":"https:\/\/www.artisanlocal.ch\/c\/#website"},"primaryImageOfPage":{"@id":"https:\/\/www.artisanlocal.ch\/c\/simplifiez-votre-demenagement-a-bienne\/#primaryimage"},"image":{"@id":"https:\/\/www.artisanlocal.ch\/c\/simplifiez-votre-demenagement-a-bienne\/#primaryimage"},"thumbnailUrl":"https:\/\/www.artisanlocal.ch\/c\/wp-content\/uploads\/2024\/10\/demenageur.jpg","datePublished":"2024-04-23T12:11:16+00:00","dateModified":"2025-08-26T17:27:58+00:00","breadcrumb":{"@id":"https:\/\/www.artisanlocal.ch\/c\/simplifiez-votre-demenagement-a-bienne\/#breadcrumb"},"inLanguage":"fr-FR","potentialAction":[{"@type":"ReadAction","target":["https:\/\/www.artisanlocal.ch\/c\/simplifiez-votre-demenagement-a-bienne\/"]}]},{"@type":"ImageObject","inLanguage":"fr-FR","@id":"https:\/\/www.artisanlocal.ch\/c\/simplifiez-votre-demenagement-a-bienne\/#primaryimage","url":"https:\/\/www.artisanlocal.ch\/c\/wp-content\/uploads\/2024\/10\/demenageur.jpg","contentUrl":"https:\/\/www.artisanlocal.ch\/c\/wp-content\/uploads\/2024\/10\/demenageur.jpg","width":1920,"height":300},{"@type":"BreadcrumbList","@id":"https:\/\/www.artisanlocal.ch\/c\/simplifiez-votre-demenagement-a-bienne\/#breadcrumb","itemListElement":[{"@type":"ListItem","position":1,"name":"Accueil","item":"https:\/\/www.artisanlocal.ch\/c\/"},{"@type":"ListItem","position":2,"name":"Entreprises de d\u00e9m\u00e9nagement \u00e0 Bienne"}]},{"@type":"WebSite","@id":"https:\/\/www.artisanlocal.ch\/c\/#website","url":"https:\/\/www.artisanlocal.ch\/c\/","name":"Artisanlocal","description":"","publisher":{"@id":"https:\/\/www.artisanlocal.ch\/c\/#organization"},"potentialAction":[{"@type":"SearchAction","target":{"@type":"EntryPoint","urlTemplate":"https:\/\/www.artisanlocal.ch\/c\/?s={search_term_string}"},"query-input":{"@type":"PropertyValueSpecification","valueRequired":true,"valueName":"search_term_string"}}],"inLanguage":"fr-FR"},{"@type":"Organization","@id":"https:\/\/www.artisanlocal.ch\/c\/#organization","name":"Artisanlocal","url":"https:\/\/www.artisanlocal.ch\/c\/","logo":{"@type":"ImageObject","inLanguage":"fr-FR","@id":"https:\/\/www.artisanlocal.ch\/c\/#\/schema\/logo\/image\/","url":"https:\/\/www.artisanlocal.ch\/c\/wp-content\/uploads\/2024\/02\/logo-artisanlocal-h.svg","contentUrl":"https:\/\/www.artisanlocal.ch\/c\/wp-content\/uploads\/2024\/02\/logo-artisanlocal-h.svg","caption":"Artisanlocal"},"image":{"@id":"https:\/\/www.artisanlocal.ch\/c\/#\/schema\/logo\/image\/"}}]}},"_links":{"self":[{"href":"https:\/\/www.artisanlocal.ch\/c\/wp-json\/wp\/v2\/pages\/925","targetHints":{"allow":["GET"]}}],"collection":[{"href":"https:\/\/www.artisanlocal.ch\/c\/wp-json\/wp\/v2\/pages"}],"about":[{"href":"https:\/\/www.artisanlocal.ch\/c\/wp-json\/wp\/v2\/types\/page"}],"author":[{"embeddable":true,"href":"https:\/\/www.artisanlocal.ch\/c\/wp-json\/wp\/v2\/users\/4"}],"replies":[{"embeddable":true,"href":"https:\/\/www.artisanlocal.ch\/c\/wp-json\/wp\/v2\/comments?post=925"}],"version-history":[{"count":0,"href":"https:\/\/www.artisanlocal.ch\/c\/wp-json\/wp\/v2\/pages\/925\/revisions"}],"wp:featuredmedia":[{"embeddable":true,"href":"https:\/\/www.artisanlocal.ch\/c\/wp-json\/wp\/v2\/media\/2759"}],"wp:attachment":[{"href":"https:\/\/www.artisanlocal.ch\/c\/wp-json\/wp\/v2\/media?parent=925"}],"wp:term":[{"taxonomy":"profession","embeddable":true,"href":"https:\/\/www.artisanlocal.ch\/c\/wp-json\/wp\/v2\/profession?post=925"},{"taxonomy":"location","embeddable":true,"href":"https:\/\/www.artisanlocal.ch\/c\/wp-json\/wp\/v2\/location?post=925"},{"taxonomy":"canton","embeddable":true,"href":"https:\/\/www.artisanlocal.ch\/c\/wp-json\/wp\/v2\/canton?post=925"}],"curies":[{"name":"wp","href":"https:\/\/api.w.org\/{rel}","templated":true}]}}