{"id":926,"date":"2024-04-22T07:35:26","date_gmt":"2024-04-22T05:35:26","guid":{"rendered":"https:\/\/www.artisanlocal.ch\/c\/artisanlocal-votre-societe-de-demenagement-a-cheseaux-sur-lausanne\/"},"modified":"2025-08-26T19:28:57","modified_gmt":"2025-08-26T17:28:57","slug":"artisanlocal-votre-societe-de-demenagement-a-cheseaux-sur-lausanne","status":"publish","type":"page","link":"https:\/\/www.artisanlocal.ch\/c\/artisanlocal-votre-societe-de-demenagement-a-cheseaux-sur-lausanne\/","title":{"rendered":"Artisanlocal votre soci\u00e9t\u00e9 de d\u00e9m\u00e9nagement \u00e0 Cheseaux-sur-Lausanne"},"content":{"rendered":"<p>Le d\u00e9m\u00e9nagement \u00e0 Cheseaux-sur-Lausanne ne devrait pas \u00eatre difficile. Une fois que vous avez trouv\u00e9 votre domicile et que vous avez fix\u00e9 la date du d\u00e9m\u00e9nagement, vous vous demandez peut-\u00eatre de quelle mani\u00e8re pr\u00e9voir au mieux votre d\u00e9m\u00e9nagement et votre installation ? Avec notre soci\u00e9t\u00e9 de d\u00e9m\u00e9nagement \u00e0 Cheseaux-sur-Lausanne, vous \u00e9conomisez votre temps, nous nous occupons de tous les aspects de votre d\u00e9m\u00e9nagement, de la location du v\u00e9hicule, jusqu&rsquo;\u00e0 la protection de vos meubles.<\/p>\n\r\n<div class=\"box\">\r\n            <div class=\"company-info\">\r\n            <img decoding=\"async\" class=\"company-info__logo\" src=\"https:\/\/www.artisanlocal.ch\/media\/cache\/thumb\/images\/companies\/6261245fbc730454673720.png\" alt=\"Logo\">\r\n            <h2 class=\"company-info__name\">Veillard & Fils SA<\/h2>\r\n            <p class=\"company-info__business\">D\u00e9m\u00e9nagements - Garde-meubles - Transports<\/p>\r\n        <\/div>\r\n        <div class=\"company-contact\">\r\n            <p class=\"company-info__address\">Avenue de la Piscine 26<\/p>\r\n                            <div class=\"links\">\r\n                                            <a class=\"btn has-accent-background-color js-phoneNumber\" href=\"tel:0216344668\" title=\"Appelez\" data-id=\"2226\" data-type=\"11\">021 634 46 68<\/a>\r\n                                                                <a class=\"btn has-accent-background-color\" href=\"https:\/\/www.veillard.ch\/\" target=\"_blank\" title=\"Voir le site internet\" data-id=\"2226\" data-type=\"20\">Site internet<\/a>\r\n                                    <\/div>\r\n                    <\/div>\r\n    \r\n            \r\n<form action=\"https:\/\/www.artisanlocal.ch\/c\/wp-admin\/admin-ajax.php\" method=\"post\" class=\"form-contact\" id=\"artisan_form_contact_company_inline\">\r\n    <div><input type=\"hidden\" name=\"action\" value=\"company_contact\"><\/div>\r\n    <div><input type=\"hidden\" name=\"nonce\" value=\"04de2cd502\"><\/div>\r\n    <div><input type=\"hidden\" name=\"company_id\" value=\"2226\"><\/div>\r\n    <div><input type=\"hidden\" name=\"form_id\" value=\"artisan_form_contact_company_inline\"><\/div>\r\n    <div class=\"gglcptch gglcptch_v3 gglcptch_custom\"><input type=\"hidden\" id=\"g-recaptcha-response\" name=\"g-recaptcha-response\" \/><br \/><div class=\"gglcptch_error_text\">La p\u00e9riode de v\u00e9rification reCAPTCHA a expir\u00e9. Veuillez recharger la page.<\/div><\/div>    <div class=\"form-content\">\r\n        <div class=\"form-group\">\r\n            <label for=\"contact_firstName\" class=\"required\">Pr\u00e9nom<\/label>\r\n            <input type=\"text\" name=\"firstName\" class=\"form-control\" required>\r\n        <\/div>\r\n        <div class=\"form-group\">\r\n            <label for=\"contact_lastName\" class=\"required\">Nom<\/label>\r\n            <input type=\"text\" name=\"lastName\" class=\"form-control\" required>\r\n        <\/div>\r\n        <div class=\"form-group\">\r\n            <label for=\"contact_email\" class=\"required\">Email<\/label>\r\n            <input type=\"email\" name=\"email\" class=\"form-control\" required>\r\n        <\/div>\r\n        <div class=\"form-group\">\r\n            <label for=\"contact_phone\" class=\"required\">Num\u00e9ro de t\u00e9l\u00e9phone<\/label>\r\n            <input type=\"tel\" name=\"phone\" class=\"form-control\" placeholder=\"0787117165\" pattern=\"^[0-9]{10}$\" required>\r\n        <\/div>\r\n        <div class=\"form-group\">\r\n            <label for=\"contact_postalCode\" class=\"required\">Code postal et localit\u00e9<\/label>\r\n            <input type=\"text\" name=\"postalCode\" class=\"form-control\" required>\r\n        <\/div>\r\n        <div class=\"form-group\">\r\n            <label for=\"contact_address\" class=\"required\">Adresse<\/label>\r\n            <input type=\"text\" name=\"address\" class=\"form-control\" required>\r\n        <\/div>\r\n        <div class=\"full-width topic\">\r\n            <p class=\"required\">Je souhaite \u00eatre contact\u00e9 pour :<\/p>\r\n            <div class=\"form-check\">\r\n                <input type=\"radio\" name=\"topic\" value=\"D\u00e9pannage\" class=\"form-control\" required>\r\n                <label for=\"d\u00e9pannage\">D\u00e9pannage<\/label>\r\n            <\/div>\r\n            <div class=\"form-check\">\r\n                <input type=\"radio\" name=\"topic\" value=\"Entretien\" class=\"form-control\" required>\r\n                <label for=\"entretien\">Entretien<\/label>\r\n            <\/div>\r\n            <div class=\"form-check\">\r\n                <input type=\"radio\" name=\"topic\" value=\"R\u00e9novation\" class=\"form-control\" required>\r\n                <label for=\"r\u00e9novation\">R\u00e9novation<\/label>\r\n            <\/div>\r\n            <div class=\"form-check\">\r\n                <input type=\"radio\" name=\"topic\" value=\"Autre\" class=\"form-control\" required>\r\n                <label for=\"autre\">Autre<\/label>\r\n            <\/div>\r\n        <\/div>\r\n        <div class=\"form-group full-width\">\r\n            <label for=\"contact_message\">Message<\/label>\r\n            <textarea name=\"message\" rows=\"3\" class=\"form-control\"><\/textarea>\r\n        <\/div>\r\n    <\/div>\r\n    <div class=\"form-actions\">\r\n        <button class=\"wp-block-button__link has-accent-background-color\">Contacter<\/button>\r\n    <\/div>\r\n<\/form>\r\n<div class=\"form-feedback\"><\/div>    <\/div>\n<h2>Artisanlocal une soci\u00e9t\u00e9 de confiance pour votre d\u00e9m\u00e9nagement <\/h2>\n<p>Notre soci\u00e9t\u00e9 est install\u00e9e au centre de Cheseaux-sur-Lausanne. Nous effectuons le d\u00e9m\u00e9nagement pour les bureaux et les particuliers. Nos d\u00e9m\u00e9nageurs sont comp\u00e9tents et exp\u00e9riment\u00e9s pour r\u00e9aliser tous vos projets.<\/p>\n<h2>Quels sont les avantages de collaborer avec Artisanlocal \u00e0 Cheseaux-sur-Lausanne ?<\/h2>\n<h3>Artisanlocal une entreprise \u00e9coresponsable<\/h3>\n<p>Dans le but de limiter notre empreinte carbone durant votre d\u00e9m\u00e9nagement, nous employons des protections \u00e9coresponsables, par ailleurs, nous r\u00e9cup\u00e9rons tous les mat\u00e9riaux employ\u00e9s lors du d\u00e9m\u00e9nagement.<\/p>\n<h3>Artisanlocal une soci\u00e9t\u00e9 joignable \u00e0 tout moment pour votre d\u00e9m\u00e9nagement<\/h3>\n<p>Artisanlocal est disponible tous les jours de la semaine, pour effectuer le d\u00e9m\u00e9nagement de votre studio, r\u00e9sidence ou de vos boutiques et bureaux \u00e0 Cheseaux-sur-Lausanne.<\/p>\n<h3>Prestation de d\u00e9m\u00e9nagement \u00e0 Cheseaux-sur-Lausanne et dans les localit\u00e9s aux environs<\/h3>\n<p>Nous r\u00e9alisons les d\u00e9m\u00e9nagements \u00e0 Cheseaux-sur-Lausanne et aussi dans toutes les localit\u00e9s \u00e0 proximit\u00e9, comme : Romanel-sur-Lausanne, Le Mont-sur-Lausanne, Bretigny-sur-Morrens, Cugy VD, Morrens VD, Froideville, Epalinges..<\/p>\n<h3>Prestation de d\u00e9m\u00e9nagement dans les pays frontaliers et en Suisse<\/h3>\n<p>Si vous habitez \u00e0 Cheseaux-sur-Lausanne, nous pouvons planifier votre d\u00e9m\u00e9nagement dans toutes les villes en Suisse ou les pays frontaliers.&nbsp;<\/p>\n<h3>Une entreprise de d\u00e9m\u00e9nagement qui est attentive aux d\u00e9tails<\/h3>\n<p>Notre soci\u00e9t\u00e9 s&rsquo;engage \u00e0 prendre toutes les pr\u00e9cautions possibles pour \u00e9viter d&rsquo;occasionner des dommages, par exemple pour vos :&nbsp;<\/p>\n<ul>\n<li>Planchers : le jour de votre d\u00e9m\u00e9nagement, notre \u00e9quipe de d\u00e9m\u00e9nageurs prendra toutes les mesures possibles pour ne pas d\u00e9grader vos planchers.<\/li>\n<li>Coins : nous prot\u00e9geons les coins de vos murs afin d&rsquo;\u00e9viter les \u00e9raflures.<\/li>\n<li>Couloirs : avant le d\u00e9m\u00e9nagement de votre \u00e9lectrom\u00e9nager et de votre mobilier, nous pla\u00e7ons des protections dans vos couloirs, afin d&rsquo;\u00e9viter tout pr\u00e9judice.<\/li>\n<li>Portes : si cela le demande, nous prot\u00e9geons vos portes contre les dommages.<\/li>\n<\/ul>\n<h3>Estimations gratuites<\/h3>\n<p>Apr\u00e8s qu&rsquo;un de nos experts est examin\u00e9 votre projet, nous vous offrons une \u00e9valuation gratuite.<\/p>\n<h2>Quels sont les prestations de d\u00e9m\u00e9nagement d&rsquo;Artisanlocal ?<\/h2>\n<h3>D\u00e9m\u00e9nagement de bureaux et de locaux de bureau<\/h3>\n<p>Nous programmons le d\u00e9m\u00e9nagement de votre commerce ou de vos bureaux en fonction de votre calendrier, et de la ville de destination.<\/p>\n<h3>Petits d\u00e9m\u00e9nagements<\/h3>\n<p>Nous d\u00e9m\u00e9nageons les petits appartements et les studios. Nous d\u00e9finissons un petit d\u00e9m\u00e9nagement pour des projets inf\u00e9rieurs \u00e0 15 m\u00e8tres cubes.<\/p>\n<h3>D\u00e9m\u00e9nagements en urgence<\/h3>\n<p>Si vous avez peu de temps entre le d\u00e9m\u00e9nagement et l&#8217;emm\u00e9nagement dans votre nouveau domicile, notre entreprise d\u00e9m\u00e9nage et vous installe rapidement. Nous avons aussi des prestations d&#8217;emballage et de stockage en urgence.<\/p>\n<h3>Espace de stockage<\/h3>\n<p>Notre \u00e9quipe vient r\u00e9cup\u00e9rer vos biens et ensuite nous les transportons vers notre entrep\u00f4t \u00e0 Cheseaux-sur-Lausanne. Ils y seront en s\u00e9curit\u00e9 pour le temps que vous d\u00e9sirez. Vous n&rsquo;avez qu&rsquo;\u00e0 nous communiquer la date \u00e0 laquelle vous souhaitez r\u00e9cup\u00e9rer vos biens et mobiliers, et nous les transporterons chez vous \u00e0 la date qui vous arrange.<\/p>\n<h3>Emballage des biens pr\u00e9cieux<\/h3>\n<p>Vos \u0153uvres d&rsquo;art ou meubles pr\u00e9cieux seront pr\u00e9serv\u00e9s. Nous concevons des emballages sur mesure et nous employons des appareils de levage adapt\u00e9s.<\/p>\n<h3>D\u00e9placement de pianos<\/h3>\n<h3>Nous d\u00e9m\u00e9nageons votre piano en toute s\u00e9curit\u00e9. Nous sommes sp\u00e9cialis\u00e9s dans le d\u00e9m\u00e9nagement de pianos, comme : les droits, les interm\u00e9diaires ou \u00e0 queue.<\/h3>\n<h3>Location de monte-meubles \u00e0 Cheseaux-sur-Lausanne <\/h3>\n<p>Nous proposons une prestation de location de monte-meubles pour faciliter le d\u00e9placement de vos meubles lourds en Suisse et \u00e0 Cheseaux-sur-Lausanne.<\/p>\n<h3>Vente de cartons de d\u00e9m\u00e9nagement \u00e0 Cheseaux-sur-Lausanne<\/h3>\n<p>Vous \u00eates \u00e0 la recherche de cartons de protection pour votre d\u00e9m\u00e9nagement \u00e0 Cheseaux-sur-Lausanne ? Chez Artisanlocal, nous proposons \u00e0 nos clients des emballages et des \u00e9quipements de protection adapt\u00e9s.<\/p>\n<h2>Qu&rsquo;est-ce qui est inclus dans votre service de d\u00e9m\u00e9nagement ?<\/h2>\n<h3>L&#8217;emballage personnalis\u00e9, pour :<\/h3>\n<ul>\n<li>les matelas,<\/li>\n<li>les t\u00e9l\u00e9viseurs<\/li>\n<li>les fauteuils,<\/li>\n<li>les sofas<\/li>\n<li>les \u00e9lectrom\u00e9nagers,<\/li>\n<li>les ordinateurs,<\/li>\n<li>les lampes et ampoules,<\/li>\n<li>les miroirs et tableaux.<\/li>\n<\/ul>\n<h3>L&rsquo;installation et d\u00e9montage du mobilier<\/h3>\n<ul>\n<li>les tables,<\/li>\n<li>les meubles de rangement,<\/li>\n<li>les mobiliers,<\/li>\n<li>les supports de rangement,<\/li>\n<li>les lustres.<\/li>\n<\/ul>\n<h2>FAQ<\/h2>\n<h3>Quel budget pour un d\u00e9m\u00e9nagement \u00e0 Cheseaux-sur-Lausanne et en Suisse ?<\/h3>\n<p>Le prix d&rsquo;un d\u00e9m\u00e9nagement \u00e0 Cheseaux-sur-Lausanne varie en fonction du nombre de pi\u00e8ces et du volume.<\/p>\n<p>Voici les tarif d\u00e9taill\u00e9s selon le nombre de chambres et le volume :<\/p>\n<p>Pour un d\u00e9m\u00e9nagement \u00e0 Cheseaux-sur-Lausanne :<\/p>\n<table>\n<tbody>\n<tr>\n<td>Pour un appartement de 1-2 pi\u00e8ces<\/td>\n<td>Entre 350 \u00e0 600 CHF<\/td>\n<\/tr>\n<tr>\n<td>Pour un appartement entre 2-3 pi\u00e8ces<\/td>\n<td>Entre 700 \u00e0 1300 Francs Suisses<\/td>\n<\/tr>\n<tr>\n<td>D\u2019un appartement entre 3-4 pi\u00e8ces<\/td>\n<td>De 850 \u00e0 2000 Francs Suisses<\/td>\n<\/tr>\n<tr>\n<td>D\u2019une maison<\/td>\n<td>De 1200 \u00e0 2500 CHF<\/td>\n<\/tr>\n<\/tbody>\n<\/table>\n<p>Pour un d\u00e9m\u00e9nagement plus loin de 200 km :<\/p>\n<table>\n<tbody>\n<tr>\n<td>Pour un appartement de 1-2 pi\u00e8ces<\/td>\n<td>Entre 600 \u00e0 900 CHF<\/td>\n<\/tr>\n<tr>\n<td>D\u2019un appartement de 2-3 pi\u00e8ces<\/td>\n<td>De 1200 \u00e0 2500 CHF<\/td>\n<\/tr>\n<tr>\n<td>Pour un appartement de 3-4 pi\u00e8ces<\/td>\n<td>De 1800 \u00e0 3000 CHF<\/td>\n<\/tr>\n<tr>\n<td>Pour une maison<\/td>\n<td>De 2000 \u00e0 4500 Francs Suisses<\/td>\n<\/tr>\n<\/tbody>\n<\/table>\n<p>Combien co\u00fbte la location d\u2019un monte meuble \u00e0 Cheseaux-sur-Lausanne ?<\/p>\n<p>Le tarif approximatif pour le service de location d&rsquo;un monte meuble \u00e0 Cheseaux-sur-Lausanne est \u00e0 peu pr\u00e8s 150 Francs Suisses par heure.<\/p>\n<h3>Pourquoi faire appel \u00e0 une soci\u00e9t\u00e9 de d\u00e9m\u00e9nagement \u00e0 Cheseaux-sur-Lausanne ?<\/h3>\n<p>M\u00eame si vous \u00e9vitez de perdre de l&rsquo;argent en faisant le d\u00e9m\u00e9nagement vous-m\u00eame, vous pouvez vous faire mal (surtout si vous n&rsquo;\u00eates pas habitu\u00e9 \u00e0 lever des objets lourds) ou vous pouvez aussi d\u00e9t\u00e9riorer vos biens. Avec Artisanlocal, vous gagnez du temps et vous \u00e9vitez des soucis de dos.<\/p>\n","protected":false},"excerpt":{"rendered":"<p>Le d\u00e9m\u00e9nagement \u00e0 Cheseaux-sur-Lausanne ne devrait pas \u00eatre difficile. Une fois que vous avez trouv\u00e9 votre domicile et que vous avez fix\u00e9 la date du d\u00e9m\u00e9nagement, vous vous demandez peut-\u00eatre de quelle mani\u00e8re pr\u00e9voir au mieux votre d\u00e9m\u00e9nagement et votre installation ? Avec notre soci\u00e9t\u00e9 de d\u00e9m\u00e9nagement \u00e0 Cheseaux-sur-Lausanne, vous \u00e9conomisez votre temps, nous nous [&hellip;]<\/p>\n","protected":false},"author":4,"featured_media":2759,"parent":0,"menu_order":0,"comment_status":"closed","ping_status":"closed","template":"","meta":{"footnotes":""},"profession":[122],"location":[9],"canton":[113],"class_list":["post-926","page","type-page","status-publish","has-post-thumbnail","hentry","profession-demenageur","location-cheseaux-sur-lausanne","canton-vd"],"yoast_head":"<!-- This site is optimized with the Yoast SEO Premium plugin v25.7.1 (Yoast SEO v27.3) - https:\/\/yoast.com\/product\/yoast-seo-premium-wordpress\/ -->\n<title>Artisanlocal votre soci\u00e9t\u00e9 de d\u00e9m\u00e9nagement \u00e0 Cheseaux-sur-Lausanne - Artisanlocal<\/title>\n<meta name=\"robots\" content=\"index, follow, max-snippet:-1, max-image-preview:large, max-video-preview:-1\" \/>\n<link rel=\"canonical\" href=\"https:\/\/www.artisanlocal.ch\/c\/artisanlocal-votre-societe-de-demenagement-a-cheseaux-sur-lausanne\/\" \/>\n<meta property=\"og:locale\" content=\"fr_FR\" \/>\n<meta property=\"og:type\" content=\"article\" \/>\n<meta property=\"og:title\" content=\"Artisanlocal votre soci\u00e9t\u00e9 de d\u00e9m\u00e9nagement \u00e0 Cheseaux-sur-Lausanne\" \/>\n<meta property=\"og:description\" content=\"Le d\u00e9m\u00e9nagement \u00e0 Cheseaux-sur-Lausanne ne devrait pas \u00eatre difficile. Une fois que vous avez trouv\u00e9 votre domicile et que vous avez fix\u00e9 la date du d\u00e9m\u00e9nagement, vous vous demandez peut-\u00eatre de quelle mani\u00e8re pr\u00e9voir au mieux votre d\u00e9m\u00e9nagement et votre installation ? Avec notre soci\u00e9t\u00e9 de d\u00e9m\u00e9nagement \u00e0 Cheseaux-sur-Lausanne, vous \u00e9conomisez votre temps, nous nous [&hellip;]\" \/>\n<meta property=\"og:url\" content=\"https:\/\/www.artisanlocal.ch\/c\/artisanlocal-votre-societe-de-demenagement-a-cheseaux-sur-lausanne\/\" \/>\n<meta property=\"og:site_name\" content=\"Artisanlocal\" \/>\n<meta property=\"article:modified_time\" content=\"2025-08-26T17:28:57+00:00\" \/>\n<meta property=\"og:image\" content=\"https:\/\/www.artisanlocal.ch\/c\/wp-content\/uploads\/2024\/10\/demenageur.jpg\" \/>\n\t<meta property=\"og:image:width\" content=\"1920\" \/>\n\t<meta property=\"og:image:height\" content=\"300\" \/>\n\t<meta property=\"og:image:type\" content=\"image\/jpeg\" \/>\n<meta name=\"twitter:card\" content=\"summary_large_image\" \/>\n<meta name=\"twitter:label1\" content=\"Dur\u00e9e de lecture estim\u00e9e\" \/>\n\t<meta name=\"twitter:data1\" content=\"5 minutes\" \/>\n<script type=\"application\/ld+json\" class=\"yoast-schema-graph\">{\"@context\":\"https:\\\/\\\/schema.org\",\"@graph\":[{\"@type\":\"WebPage\",\"@id\":\"https:\\\/\\\/www.artisanlocal.ch\\\/c\\\/artisanlocal-votre-societe-de-demenagement-a-cheseaux-sur-lausanne\\\/\",\"url\":\"https:\\\/\\\/www.artisanlocal.ch\\\/c\\\/artisanlocal-votre-societe-de-demenagement-a-cheseaux-sur-lausanne\\\/\",\"name\":\"Artisanlocal votre soci\u00e9t\u00e9 de d\u00e9m\u00e9nagement \u00e0 Cheseaux-sur-Lausanne - Artisanlocal\",\"isPartOf\":{\"@id\":\"https:\\\/\\\/www.artisanlocal.ch\\\/c\\\/#website\"},\"primaryImageOfPage\":{\"@id\":\"https:\\\/\\\/www.artisanlocal.ch\\\/c\\\/artisanlocal-votre-societe-de-demenagement-a-cheseaux-sur-lausanne\\\/#primaryimage\"},\"image\":{\"@id\":\"https:\\\/\\\/www.artisanlocal.ch\\\/c\\\/artisanlocal-votre-societe-de-demenagement-a-cheseaux-sur-lausanne\\\/#primaryimage\"},\"thumbnailUrl\":\"https:\\\/\\\/www.artisanlocal.ch\\\/c\\\/wp-content\\\/uploads\\\/2024\\\/10\\\/demenageur.jpg\",\"datePublished\":\"2024-04-22T05:35:26+00:00\",\"dateModified\":\"2025-08-26T17:28:57+00:00\",\"breadcrumb\":{\"@id\":\"https:\\\/\\\/www.artisanlocal.ch\\\/c\\\/artisanlocal-votre-societe-de-demenagement-a-cheseaux-sur-lausanne\\\/#breadcrumb\"},\"inLanguage\":\"fr-FR\",\"potentialAction\":[{\"@type\":\"ReadAction\",\"target\":[\"https:\\\/\\\/www.artisanlocal.ch\\\/c\\\/artisanlocal-votre-societe-de-demenagement-a-cheseaux-sur-lausanne\\\/\"]}]},{\"@type\":\"ImageObject\",\"inLanguage\":\"fr-FR\",\"@id\":\"https:\\\/\\\/www.artisanlocal.ch\\\/c\\\/artisanlocal-votre-societe-de-demenagement-a-cheseaux-sur-lausanne\\\/#primaryimage\",\"url\":\"https:\\\/\\\/www.artisanlocal.ch\\\/c\\\/wp-content\\\/uploads\\\/2024\\\/10\\\/demenageur.jpg\",\"contentUrl\":\"https:\\\/\\\/www.artisanlocal.ch\\\/c\\\/wp-content\\\/uploads\\\/2024\\\/10\\\/demenageur.jpg\",\"width\":1920,\"height\":300},{\"@type\":\"BreadcrumbList\",\"@id\":\"https:\\\/\\\/www.artisanlocal.ch\\\/c\\\/artisanlocal-votre-societe-de-demenagement-a-cheseaux-sur-lausanne\\\/#breadcrumb\",\"itemListElement\":[{\"@type\":\"ListItem\",\"position\":1,\"name\":\"Accueil\",\"item\":\"https:\\\/\\\/www.artisanlocal.ch\\\/c\\\/\"},{\"@type\":\"ListItem\",\"position\":2,\"name\":\"Artisanlocal votre soci\u00e9t\u00e9 de d\u00e9m\u00e9nagement \u00e0 Cheseaux-sur-Lausanne\"}]},{\"@type\":\"WebSite\",\"@id\":\"https:\\\/\\\/www.artisanlocal.ch\\\/c\\\/#website\",\"url\":\"https:\\\/\\\/www.artisanlocal.ch\\\/c\\\/\",\"name\":\"Artisanlocal\",\"description\":\"\",\"publisher\":{\"@id\":\"https:\\\/\\\/www.artisanlocal.ch\\\/c\\\/#organization\"},\"potentialAction\":[{\"@type\":\"SearchAction\",\"target\":{\"@type\":\"EntryPoint\",\"urlTemplate\":\"https:\\\/\\\/www.artisanlocal.ch\\\/c\\\/?s={search_term_string}\"},\"query-input\":{\"@type\":\"PropertyValueSpecification\",\"valueRequired\":true,\"valueName\":\"search_term_string\"}}],\"inLanguage\":\"fr-FR\"},{\"@type\":\"Organization\",\"@id\":\"https:\\\/\\\/www.artisanlocal.ch\\\/c\\\/#organization\",\"name\":\"Artisanlocal\",\"url\":\"https:\\\/\\\/www.artisanlocal.ch\\\/c\\\/\",\"logo\":{\"@type\":\"ImageObject\",\"inLanguage\":\"fr-FR\",\"@id\":\"https:\\\/\\\/www.artisanlocal.ch\\\/c\\\/#\\\/schema\\\/logo\\\/image\\\/\",\"url\":\"https:\\\/\\\/www.artisanlocal.ch\\\/c\\\/wp-content\\\/uploads\\\/2024\\\/02\\\/logo-artisanlocal-h.svg\",\"contentUrl\":\"https:\\\/\\\/www.artisanlocal.ch\\\/c\\\/wp-content\\\/uploads\\\/2024\\\/02\\\/logo-artisanlocal-h.svg\",\"caption\":\"Artisanlocal\"},\"image\":{\"@id\":\"https:\\\/\\\/www.artisanlocal.ch\\\/c\\\/#\\\/schema\\\/logo\\\/image\\\/\"}}]}<\/script>\n<!-- \/ Yoast SEO Premium plugin. -->","yoast_head_json":{"title":"Artisanlocal votre soci\u00e9t\u00e9 de d\u00e9m\u00e9nagement \u00e0 Cheseaux-sur-Lausanne - Artisanlocal","robots":{"index":"index","follow":"follow","max-snippet":"max-snippet:-1","max-image-preview":"max-image-preview:large","max-video-preview":"max-video-preview:-1"},"canonical":"https:\/\/www.artisanlocal.ch\/c\/artisanlocal-votre-societe-de-demenagement-a-cheseaux-sur-lausanne\/","og_locale":"fr_FR","og_type":"article","og_title":"Artisanlocal votre soci\u00e9t\u00e9 de d\u00e9m\u00e9nagement \u00e0 Cheseaux-sur-Lausanne","og_description":"Le d\u00e9m\u00e9nagement \u00e0 Cheseaux-sur-Lausanne ne devrait pas \u00eatre difficile. Une fois que vous avez trouv\u00e9 votre domicile et que vous avez fix\u00e9 la date du d\u00e9m\u00e9nagement, vous vous demandez peut-\u00eatre de quelle mani\u00e8re pr\u00e9voir au mieux votre d\u00e9m\u00e9nagement et votre installation ? Avec notre soci\u00e9t\u00e9 de d\u00e9m\u00e9nagement \u00e0 Cheseaux-sur-Lausanne, vous \u00e9conomisez votre temps, nous nous [&hellip;]","og_url":"https:\/\/www.artisanlocal.ch\/c\/artisanlocal-votre-societe-de-demenagement-a-cheseaux-sur-lausanne\/","og_site_name":"Artisanlocal","article_modified_time":"2025-08-26T17:28:57+00:00","og_image":[{"width":1920,"height":300,"url":"https:\/\/www.artisanlocal.ch\/c\/wp-content\/uploads\/2024\/10\/demenageur.jpg","type":"image\/jpeg"}],"twitter_card":"summary_large_image","twitter_misc":{"Dur\u00e9e de lecture estim\u00e9e":"5 minutes"},"schema":{"@context":"https:\/\/schema.org","@graph":[{"@type":"WebPage","@id":"https:\/\/www.artisanlocal.ch\/c\/artisanlocal-votre-societe-de-demenagement-a-cheseaux-sur-lausanne\/","url":"https:\/\/www.artisanlocal.ch\/c\/artisanlocal-votre-societe-de-demenagement-a-cheseaux-sur-lausanne\/","name":"Artisanlocal votre soci\u00e9t\u00e9 de d\u00e9m\u00e9nagement \u00e0 Cheseaux-sur-Lausanne - Artisanlocal","isPartOf":{"@id":"https:\/\/www.artisanlocal.ch\/c\/#website"},"primaryImageOfPage":{"@id":"https:\/\/www.artisanlocal.ch\/c\/artisanlocal-votre-societe-de-demenagement-a-cheseaux-sur-lausanne\/#primaryimage"},"image":{"@id":"https:\/\/www.artisanlocal.ch\/c\/artisanlocal-votre-societe-de-demenagement-a-cheseaux-sur-lausanne\/#primaryimage"},"thumbnailUrl":"https:\/\/www.artisanlocal.ch\/c\/wp-content\/uploads\/2024\/10\/demenageur.jpg","datePublished":"2024-04-22T05:35:26+00:00","dateModified":"2025-08-26T17:28:57+00:00","breadcrumb":{"@id":"https:\/\/www.artisanlocal.ch\/c\/artisanlocal-votre-societe-de-demenagement-a-cheseaux-sur-lausanne\/#breadcrumb"},"inLanguage":"fr-FR","potentialAction":[{"@type":"ReadAction","target":["https:\/\/www.artisanlocal.ch\/c\/artisanlocal-votre-societe-de-demenagement-a-cheseaux-sur-lausanne\/"]}]},{"@type":"ImageObject","inLanguage":"fr-FR","@id":"https:\/\/www.artisanlocal.ch\/c\/artisanlocal-votre-societe-de-demenagement-a-cheseaux-sur-lausanne\/#primaryimage","url":"https:\/\/www.artisanlocal.ch\/c\/wp-content\/uploads\/2024\/10\/demenageur.jpg","contentUrl":"https:\/\/www.artisanlocal.ch\/c\/wp-content\/uploads\/2024\/10\/demenageur.jpg","width":1920,"height":300},{"@type":"BreadcrumbList","@id":"https:\/\/www.artisanlocal.ch\/c\/artisanlocal-votre-societe-de-demenagement-a-cheseaux-sur-lausanne\/#breadcrumb","itemListElement":[{"@type":"ListItem","position":1,"name":"Accueil","item":"https:\/\/www.artisanlocal.ch\/c\/"},{"@type":"ListItem","position":2,"name":"Artisanlocal votre soci\u00e9t\u00e9 de d\u00e9m\u00e9nagement \u00e0 Cheseaux-sur-Lausanne"}]},{"@type":"WebSite","@id":"https:\/\/www.artisanlocal.ch\/c\/#website","url":"https:\/\/www.artisanlocal.ch\/c\/","name":"Artisanlocal","description":"","publisher":{"@id":"https:\/\/www.artisanlocal.ch\/c\/#organization"},"potentialAction":[{"@type":"SearchAction","target":{"@type":"EntryPoint","urlTemplate":"https:\/\/www.artisanlocal.ch\/c\/?s={search_term_string}"},"query-input":{"@type":"PropertyValueSpecification","valueRequired":true,"valueName":"search_term_string"}}],"inLanguage":"fr-FR"},{"@type":"Organization","@id":"https:\/\/www.artisanlocal.ch\/c\/#organization","name":"Artisanlocal","url":"https:\/\/www.artisanlocal.ch\/c\/","logo":{"@type":"ImageObject","inLanguage":"fr-FR","@id":"https:\/\/www.artisanlocal.ch\/c\/#\/schema\/logo\/image\/","url":"https:\/\/www.artisanlocal.ch\/c\/wp-content\/uploads\/2024\/02\/logo-artisanlocal-h.svg","contentUrl":"https:\/\/www.artisanlocal.ch\/c\/wp-content\/uploads\/2024\/02\/logo-artisanlocal-h.svg","caption":"Artisanlocal"},"image":{"@id":"https:\/\/www.artisanlocal.ch\/c\/#\/schema\/logo\/image\/"}}]}},"_links":{"self":[{"href":"https:\/\/www.artisanlocal.ch\/c\/wp-json\/wp\/v2\/pages\/926","targetHints":{"allow":["GET"]}}],"collection":[{"href":"https:\/\/www.artisanlocal.ch\/c\/wp-json\/wp\/v2\/pages"}],"about":[{"href":"https:\/\/www.artisanlocal.ch\/c\/wp-json\/wp\/v2\/types\/page"}],"author":[{"embeddable":true,"href":"https:\/\/www.artisanlocal.ch\/c\/wp-json\/wp\/v2\/users\/4"}],"replies":[{"embeddable":true,"href":"https:\/\/www.artisanlocal.ch\/c\/wp-json\/wp\/v2\/comments?post=926"}],"version-history":[{"count":0,"href":"https:\/\/www.artisanlocal.ch\/c\/wp-json\/wp\/v2\/pages\/926\/revisions"}],"wp:featuredmedia":[{"embeddable":true,"href":"https:\/\/www.artisanlocal.ch\/c\/wp-json\/wp\/v2\/media\/2759"}],"wp:attachment":[{"href":"https:\/\/www.artisanlocal.ch\/c\/wp-json\/wp\/v2\/media?parent=926"}],"wp:term":[{"taxonomy":"profession","embeddable":true,"href":"https:\/\/www.artisanlocal.ch\/c\/wp-json\/wp\/v2\/profession?post=926"},{"taxonomy":"location","embeddable":true,"href":"https:\/\/www.artisanlocal.ch\/c\/wp-json\/wp\/v2\/location?post=926"},{"taxonomy":"canton","embeddable":true,"href":"https:\/\/www.artisanlocal.ch\/c\/wp-json\/wp\/v2\/canton?post=926"}],"curies":[{"name":"wp","href":"https:\/\/api.w.org\/{rel}","templated":true}]}}