{"id":930,"date":"2024-04-22T03:39:19","date_gmt":"2024-04-22T01:39:19","guid":{"rendered":"https:\/\/www.artisanlocal.ch\/c\/votre-demenageur-a-sierre\/"},"modified":"2025-08-26T19:29:08","modified_gmt":"2025-08-26T17:29:08","slug":"votre-demenageur-a-sierre","status":"publish","type":"page","link":"https:\/\/www.artisanlocal.ch\/c\/votre-demenageur-a-sierre\/","title":{"rendered":"Votre d\u00e9m\u00e9nageur \u00e0 Sierre"},"content":{"rendered":"<p>Le d\u00e9m\u00e9nagement \u00e0 Sierre ne devrait pas \u00eatre difficile. Une fois que vous avez trouv\u00e9 nouvel appartement et que vous avez choisi la date du d\u00e9m\u00e9nagement, vous vous demandez peut-\u00eatre comment planifier au mieux votre d\u00e9m\u00e9nagement et votre installation ? Gr\u00e2ce \u00e0 notre soci\u00e9t\u00e9 de d\u00e9m\u00e9nagement \u00e0 Sierre, vous \u00e9chappez aux situations stressantes, nous g\u00e9rons toutes les parties de votre d\u00e9m\u00e9nagement et am\u00e9nagement, de la r\u00e9servation du camion, \u00e0 la protection de vos meubles.<\/p>\n\r\n<div class=\"box\">\r\n    <h2 class=\"text-dark\">Nous cherchons un <em class=\"text-primary\">D\u00e9m\u00e9nageur<\/em> dans la r\u00e9gion de <em class=\"text-primary\">Sierre<\/em>  en exclusivit\u00e9, afin de proposer vos services \u00e0 nos clients propri\u00e9taires.<\/h2>\r\n    <p>Une opportunit\u00e9 unique pour booster votre activit\u00e9 \u00e0 <strong>Sierre<\/strong> et aux alentours dans votre domaine (D\u00e9m\u00e9nageur).<\/p>\r\n    <p>Nous travaillons en exclusivit\u00e9 avec qu'une soci\u00e9t\u00e9 par m\u00e9tier et par r\u00e9gion. <br>Votre entreprise est pr\u00e9sente sur tous les documents immobiliers. Afin d'\u00eatre mieux vu sur le net, vous \u00eates \u00e9galement visible sur nos deux sites et sur les pages de r\u00e9f\u00e9rencement de votre r\u00e9gion.<\/p>\r\n    <a href=\"\/contact\" class=\"wp-block-button__link has-accent-background-color has-text-align-center wp-element-button\">R\u00e9server<\/a>\r\n<\/div>\n<h2>Artisanlocal l&rsquo;expert du d\u00e9m\u00e9nagement \u00e0 Sierre<\/h2>\n<p>Notre soci\u00e9t\u00e9 est situ\u00e9e au centre de Sierre. Nous effectuons le d\u00e9m\u00e9nagement pour les particuliers et les bureaux. Nos \u00e9quipes sont form\u00e9es et exp\u00e9riment\u00e9es pour vous aider, quelle que soit la complexit\u00e9 de votre projet.<\/p>\n<h2>Quels sont les avantages de collaborer avec Artisanlocal \u00e0 Sierre ?<\/h2>\n<h3>Artisanlocal une entreprise engag\u00e9e<\/h3>\n<p>Afin de diminuer notre empreinte carbone au cours de votre d\u00e9m\u00e9nagement, nous utilisons des emballages \u00e9coresponsables, de plus, nous r\u00e9cup\u00e9rons tous les mat\u00e9riaux employ\u00e9s lors du d\u00e9m\u00e9nagement.<\/p>\n<h3>Artisanlocal une entreprise joignable \u00e0 tout moment pour votre d\u00e9m\u00e9nagement<\/h3>\n<p>Nos sommes disponibles n&rsquo;importe quel jour de la semaine pour d\u00e9m\u00e9nager votre habitation, studio ou vos locaux professionnels.<\/p>\n<h3>Entreprise de d\u00e9m\u00e9nagement qui intervient \u00e0 Sierre et dans les alentours<\/h3>\n<p>Nous effectuons les d\u00e9m\u00e9nagements \u00e0 Sierre et aussi dans toutes les localit\u00e9s \u00e0 proximit\u00e9, par exemple : Argnou (Ayent), Blignou (Ayent), Botyre (Ayent), Fortunau (Ayent), La Place (Ayent), Luc (Ayent), Saxonne (Ayent), Sign\u00e8se (Ayent), St-Romain (Ayent), Villa (Ayent), Anz\u00e8re, Icogne, Lens, Corin-de-la-Cr\u00eate, Loc, Muraz (Sierre), Niouc, Ayer, Chandolin, Grimentz, St-Jean VS, St-Luc, Vissoie, Zinal, Aminona, Crans-Montana, Montana, Chippis, Chalais, R\u00e9chy, Vercorin, Veyras, Chermignon, Chermignon-d'en-Bas, Ollon VS, Mi\u00e8ge, Venth\u00f4ne, Mollens VS, Randogne, Champzab\u00e9, No\u00ebs, Granges VS, Flanthey, Gr\u00f4ne..<\/p>\n<h3>Prestation de d\u00e9m\u00e9nagement dans les pays frontaliers et en Suisse<\/h3>\n<p>Si vous habitez \u00e0 Sierre, nous pouvons effectuer votre d\u00e9m\u00e9nagement vers toutes les communes et les villes de Suisse ainsi que les pays limitrophes.&nbsp;<\/p>\n<h3>Des d\u00e9m\u00e9nageurs toujours pr\u00e9cautionneux \u00e0 Sierre<\/h3>\n<p>Nous emballons vos objets et mettons en place des protections sur les murs et les sols pour \u00e9viter les dommages lors de votre d\u00e9m\u00e9nagement, notamment pour vos :&nbsp;<\/p>\n<ul>\n<li>Planchers : le jour de votre d\u00e9m\u00e9nagement, Artisanlocal prendra toutes les mesures possibles pour ne pas endommager vos sols.<\/li>\n<li>Coins : nous couvrons les coins de vos murs pour\u00e9viter les \u00e9raflures.<\/li>\n<li>Couloirs : avant de transporter vos objets, nous pla\u00e7ons des protections dans vos couloirs, dans le but de pr\u00e9venir les dommages.<\/li>\n<li>Portes : si cela le demande, nous installons des protections sur vos portes contre les rayures.<\/li>\n<\/ul>\n<h3>Estimations gratuites<\/h3>\n<p>Apr\u00e8s \u00e9tude de votre projet, notre soci\u00e9t\u00e9 vous transmet une estimation gratuite.<\/p>\n<h2>Quels sont les types de services et de d\u00e9m\u00e9nagement que propose Artisanlocal \u00e0 Sierre ?<\/h2>\n<h3>D\u00e9m\u00e9nagement de boutiques et de bureaux<\/h3>\n<p>Nous r\u00e9alisons le d\u00e9m\u00e9nagement des espaces de travail et des boutiques.<\/p>\n<h3>D\u00e9m\u00e9nagement de petit volume<\/h3>\n<p>Nous nous occupons aussi de d\u00e9m\u00e9nager des petits appartements. Nous parlons d&rsquo;un d\u00e9m\u00e9nagement de petit volume pour des projets inf\u00e9rieurs \u00e0 15 m3.<\/p>\n<h3>D\u00e9m\u00e9nagements rapides<\/h3>\n<p>Si vous avez un temps limit\u00e9 entre le d\u00e9m\u00e9nagement et l&#8217;emm\u00e9nagement dans votre nouveau logement, notre soci\u00e9t\u00e9 d\u00e9m\u00e9nage et vous installe en urgence. Nous proposons par ailleurs des prestations de stockage et de pr\u00e9paration des cartons en urgence.<\/p>\n<h3>Garde-meubles<\/h3>\n<p>Nous r\u00e9cup\u00e9rons vos meubles et objets et les entreposons dans notre d\u00e9p\u00f4t prot\u00e9g\u00e9 \u00e0 Sierre. Ils seront stock\u00e9s durant la p\u00e9riode de votre choix. Vous n&rsquo;avez qu&rsquo;\u00e0 nous dire le jour et l&rsquo;heure \u00e0 laquelle vous voulez r\u00e9cup\u00e9rer vos biens et mobiliers, et nous les transporterons \u00e0 votre logement.<\/p>\n<h3>Emballage sur mesure pour vos objets de grande importance<\/h3>\n<p>Vos objets de grande valeur et les \u0153uvres d&rsquo;art seront conditionn\u00e9s avec attention. Nous r\u00e9alisons des cartons personnalis\u00e9s et nous utilisons des \u00e9quipements de levage adapt\u00e9s.<\/p>\n<h3>Transport de pianos<\/h3>\n<h3>Manipuler un piano de mani\u00e8re s\u00e9curis\u00e9e demande des comp\u00e9tences, des \u00e9quipements et des connaissances sp\u00e9cifiques. Notre soci\u00e9t\u00e9 d\u00e9place tous mod\u00e8les de pianos : droits, horizontaux et interm\u00e9diaires.<\/h3>\n<h3>Service de location monte-meubles \u00e0 Sierre pour d\u00e9m\u00e9nagement<\/h3>\n<p>Nous offrons un service de location de monte-meubles pour faciliter le transfert de vos mobiliers lourds en Suisse et \u00e0 Sierre.<\/p>\n<h3>Acheter des cartons de d\u00e9m\u00e9nagement \u00e0 Sierre<\/h3>\n<p>Vous avez besoin de protection pour votre d\u00e9m\u00e9nagement \u00e0 Sierre ? Notre entreprise offre une large gamme d&#8217;emballages et aussi : d&rsquo;accessoires, de housses de protection, et d&rsquo;adh\u00e9sifs.<\/p>\n<h2>Qu&rsquo;est-ce qui est compris dans le d\u00e9m\u00e9nagement ?<\/h2>\n<h3>L&#8217;emballage personnalis\u00e9, pour :<\/h3>\n<ul>\n<li>les matelas,<\/li>\n<li>les \u00e9crans de t\u00e9l\u00e9vision <\/li>\n<li>les chaises,<\/li>\n<li>les sofas<\/li>\n<li>les appareils \u00e9lectrom\u00e9nagers,<\/li>\n<li>les PC,<\/li>\n<li>les lampes et ampoules,<\/li>\n<li>les miroirs et tableaux.<\/li>\n<\/ul>\n<h3>Le d\u00e9montage des meubles<\/h3>\n<ul>\n<li>les tables,<\/li>\n<li>les meubles de rangement,<\/li>\n<li>les mobiliers,<\/li>\n<li>les \u00e9tag\u00e8res,<\/li>\n<li>les lustres.<\/li>\n<\/ul>\n<h2>Foire aux questions<\/h2>\n<h3>Quel est le prix d&rsquo;un d\u00e9m\u00e9nagement \u00e0 Sierre et en Suisse ?<\/h3>\n<p>La somme \u00e0 pr\u00e9voir pour un d\u00e9m\u00e9nagement \u00e0 Sierre change en fonction du nombre de pi\u00e8ces et du volume.<\/p>\n<p>Ci-dessous, vous trouverez les prix en fonction du nombre de pi\u00e8ces :<\/p>\n<p>Pour un d\u00e9m\u00e9nagement \u00e0 Sierre :<\/p>\n<table>\n<tbody>\n<tr>\n<td>Pour un appartement entre 1-2 pi\u00e8ces<\/td>\n<td>Entre 350 \u00e0 600 Francs Suisses<\/td>\n<\/tr>\n<tr>\n<td>D\u2019un appartement entre 2-3 pi\u00e8ces<\/td>\n<td>De 700 \u00e0 1300 CHF<\/td>\n<\/tr>\n<tr>\n<td>D\u2019un appartement entre 3-4 pi\u00e8ces<\/td>\n<td>De 850 \u00e0 2000 CHF<\/td>\n<\/tr>\n<tr>\n<td>Pour une maison<\/td>\n<td>De 1200 \u00e0 2500 CHF<\/td>\n<\/tr>\n<\/tbody>\n<\/table>\n<p>Pour un service de d\u00e9m\u00e9nagement au-del\u00e0 de 200 km :<\/p>\n<table>\n<tbody>\n<tr>\n<td>D\u2019un appartement de 1-2 pi\u00e8ces<\/td>\n<td>De 600 \u00e0 900 CHF<\/td>\n<\/tr>\n<tr>\n<td>D\u2019un appartement de 2-3 pi\u00e8ces<\/td>\n<td>Entre 1200 \u00e0 2500 Francs Suisses<\/td>\n<\/tr>\n<tr>\n<td>Pour un appartement de 3-4 pi\u00e8ces<\/td>\n<td>De 1800 \u00e0 3000 CHF<\/td>\n<\/tr>\n<tr>\n<td>Pour une maison<\/td>\n<td>Entre 2000 \u00e0 4500 CHF<\/td>\n<\/tr>\n<\/tbody>\n<\/table>\n<p>Combien faut-il compter pour la location d\u2019un monte meuble \u00e0 Sierre ?<\/p>\n<p>Le co\u00fbt pour louer un monte-meuble \u00e0 Sierre est \u00e0 peu pr\u00e8s 150 CHF par heure.<\/p>\n<h3>Quels sont les avantages d&rsquo;engager une soci\u00e9t\u00e9 sp\u00e9cialis\u00e9e dans le d\u00e9m\u00e9nagement \u00e0 Sierre ?<\/h3>\n<p>M\u00eame si vous pourriez \u00e9conomiser de l&rsquo;argent en effectuant le travail seul, vous risquez de subir des blessures (si vous n&rsquo;\u00eates pas habitu\u00e9 \u00e0 porter des charges lourdes) ou d&rsquo;ab\u00eemer vos meubles au cours du d\u00e9m\u00e9nagement. En engageant Artisanlocal pour votre d\u00e9m\u00e9nagement, vous \u00e9conomisez du temps et vous limitez les risques.<\/p>\n","protected":false},"excerpt":{"rendered":"<p>Le d\u00e9m\u00e9nagement \u00e0 Sierre ne devrait pas \u00eatre difficile. Une fois que vous avez trouv\u00e9 nouvel appartement et que vous avez choisi la date du d\u00e9m\u00e9nagement, vous vous demandez peut-\u00eatre comment planifier au mieux votre d\u00e9m\u00e9nagement et votre installation ? Gr\u00e2ce \u00e0 notre soci\u00e9t\u00e9 de d\u00e9m\u00e9nagement \u00e0 Sierre, vous \u00e9chappez aux situations stressantes, nous g\u00e9rons [&hellip;]<\/p>\n","protected":false},"author":4,"featured_media":2759,"parent":0,"menu_order":0,"comment_status":"closed","ping_status":"closed","template":"","meta":{"footnotes":""},"profession":[122],"location":[44],"canton":[110],"class_list":["post-930","page","type-page","status-publish","has-post-thumbnail","hentry","profession-demenageur","location-sierre","canton-vs"],"yoast_head":"<!-- This site is optimized with the Yoast SEO Premium plugin v25.7.1 (Yoast SEO v27.4) - https:\/\/yoast.com\/product\/yoast-seo-premium-wordpress\/ -->\n<title>Votre d\u00e9m\u00e9nageur \u00e0 Sierre - Artisanlocal<\/title>\n<meta name=\"robots\" content=\"index, follow, max-snippet:-1, max-image-preview:large, max-video-preview:-1\" \/>\n<link rel=\"canonical\" href=\"https:\/\/www.artisanlocal.ch\/c\/votre-demenageur-a-sierre\/\" \/>\n<meta property=\"og:locale\" content=\"fr_FR\" \/>\n<meta property=\"og:type\" content=\"article\" \/>\n<meta property=\"og:title\" content=\"Votre d\u00e9m\u00e9nageur \u00e0 Sierre\" \/>\n<meta property=\"og:description\" content=\"Le d\u00e9m\u00e9nagement \u00e0 Sierre ne devrait pas \u00eatre difficile. Une fois que vous avez trouv\u00e9 nouvel appartement et que vous avez choisi la date du d\u00e9m\u00e9nagement, vous vous demandez peut-\u00eatre comment planifier au mieux votre d\u00e9m\u00e9nagement et votre installation ? Gr\u00e2ce \u00e0 notre soci\u00e9t\u00e9 de d\u00e9m\u00e9nagement \u00e0 Sierre, vous \u00e9chappez aux situations stressantes, nous g\u00e9rons [&hellip;]\" \/>\n<meta property=\"og:url\" content=\"https:\/\/www.artisanlocal.ch\/c\/votre-demenageur-a-sierre\/\" \/>\n<meta property=\"og:site_name\" content=\"Artisanlocal\" \/>\n<meta property=\"article:modified_time\" content=\"2025-08-26T17:29:08+00:00\" \/>\n<meta property=\"og:image\" content=\"https:\/\/www.artisanlocal.ch\/c\/wp-content\/uploads\/2024\/10\/demenageur.jpg\" \/>\n\t<meta property=\"og:image:width\" content=\"1920\" \/>\n\t<meta property=\"og:image:height\" content=\"300\" \/>\n\t<meta property=\"og:image:type\" content=\"image\/jpeg\" \/>\n<meta name=\"twitter:card\" content=\"summary_large_image\" \/>\n<meta name=\"twitter:label1\" content=\"Dur\u00e9e de lecture estim\u00e9e\" \/>\n\t<meta name=\"twitter:data1\" content=\"5 minutes\" \/>\n<script type=\"application\/ld+json\" class=\"yoast-schema-graph\">{\"@context\":\"https:\\\/\\\/schema.org\",\"@graph\":[{\"@type\":\"WebPage\",\"@id\":\"https:\\\/\\\/www.artisanlocal.ch\\\/c\\\/votre-demenageur-a-sierre\\\/\",\"url\":\"https:\\\/\\\/www.artisanlocal.ch\\\/c\\\/votre-demenageur-a-sierre\\\/\",\"name\":\"Votre d\u00e9m\u00e9nageur \u00e0 Sierre - Artisanlocal\",\"isPartOf\":{\"@id\":\"https:\\\/\\\/www.artisanlocal.ch\\\/c\\\/#website\"},\"primaryImageOfPage\":{\"@id\":\"https:\\\/\\\/www.artisanlocal.ch\\\/c\\\/votre-demenageur-a-sierre\\\/#primaryimage\"},\"image\":{\"@id\":\"https:\\\/\\\/www.artisanlocal.ch\\\/c\\\/votre-demenageur-a-sierre\\\/#primaryimage\"},\"thumbnailUrl\":\"https:\\\/\\\/www.artisanlocal.ch\\\/c\\\/wp-content\\\/uploads\\\/2024\\\/10\\\/demenageur.jpg\",\"datePublished\":\"2024-04-22T01:39:19+00:00\",\"dateModified\":\"2025-08-26T17:29:08+00:00\",\"breadcrumb\":{\"@id\":\"https:\\\/\\\/www.artisanlocal.ch\\\/c\\\/votre-demenageur-a-sierre\\\/#breadcrumb\"},\"inLanguage\":\"fr-FR\",\"potentialAction\":[{\"@type\":\"ReadAction\",\"target\":[\"https:\\\/\\\/www.artisanlocal.ch\\\/c\\\/votre-demenageur-a-sierre\\\/\"]}]},{\"@type\":\"ImageObject\",\"inLanguage\":\"fr-FR\",\"@id\":\"https:\\\/\\\/www.artisanlocal.ch\\\/c\\\/votre-demenageur-a-sierre\\\/#primaryimage\",\"url\":\"https:\\\/\\\/www.artisanlocal.ch\\\/c\\\/wp-content\\\/uploads\\\/2024\\\/10\\\/demenageur.jpg\",\"contentUrl\":\"https:\\\/\\\/www.artisanlocal.ch\\\/c\\\/wp-content\\\/uploads\\\/2024\\\/10\\\/demenageur.jpg\",\"width\":1920,\"height\":300},{\"@type\":\"BreadcrumbList\",\"@id\":\"https:\\\/\\\/www.artisanlocal.ch\\\/c\\\/votre-demenageur-a-sierre\\\/#breadcrumb\",\"itemListElement\":[{\"@type\":\"ListItem\",\"position\":1,\"name\":\"Accueil\",\"item\":\"https:\\\/\\\/www.artisanlocal.ch\\\/c\\\/\"},{\"@type\":\"ListItem\",\"position\":2,\"name\":\"Votre d\u00e9m\u00e9nageur \u00e0 Sierre\"}]},{\"@type\":\"WebSite\",\"@id\":\"https:\\\/\\\/www.artisanlocal.ch\\\/c\\\/#website\",\"url\":\"https:\\\/\\\/www.artisanlocal.ch\\\/c\\\/\",\"name\":\"Artisanlocal\",\"description\":\"\",\"publisher\":{\"@id\":\"https:\\\/\\\/www.artisanlocal.ch\\\/c\\\/#organization\"},\"potentialAction\":[{\"@type\":\"SearchAction\",\"target\":{\"@type\":\"EntryPoint\",\"urlTemplate\":\"https:\\\/\\\/www.artisanlocal.ch\\\/c\\\/?s={search_term_string}\"},\"query-input\":{\"@type\":\"PropertyValueSpecification\",\"valueRequired\":true,\"valueName\":\"search_term_string\"}}],\"inLanguage\":\"fr-FR\"},{\"@type\":\"Organization\",\"@id\":\"https:\\\/\\\/www.artisanlocal.ch\\\/c\\\/#organization\",\"name\":\"Artisanlocal\",\"url\":\"https:\\\/\\\/www.artisanlocal.ch\\\/c\\\/\",\"logo\":{\"@type\":\"ImageObject\",\"inLanguage\":\"fr-FR\",\"@id\":\"https:\\\/\\\/www.artisanlocal.ch\\\/c\\\/#\\\/schema\\\/logo\\\/image\\\/\",\"url\":\"https:\\\/\\\/www.artisanlocal.ch\\\/c\\\/wp-content\\\/uploads\\\/2024\\\/02\\\/logo-artisanlocal-h.svg\",\"contentUrl\":\"https:\\\/\\\/www.artisanlocal.ch\\\/c\\\/wp-content\\\/uploads\\\/2024\\\/02\\\/logo-artisanlocal-h.svg\",\"caption\":\"Artisanlocal\"},\"image\":{\"@id\":\"https:\\\/\\\/www.artisanlocal.ch\\\/c\\\/#\\\/schema\\\/logo\\\/image\\\/\"}}]}<\/script>\n<!-- \/ Yoast SEO Premium plugin. -->","yoast_head_json":{"title":"Votre d\u00e9m\u00e9nageur \u00e0 Sierre - Artisanlocal","robots":{"index":"index","follow":"follow","max-snippet":"max-snippet:-1","max-image-preview":"max-image-preview:large","max-video-preview":"max-video-preview:-1"},"canonical":"https:\/\/www.artisanlocal.ch\/c\/votre-demenageur-a-sierre\/","og_locale":"fr_FR","og_type":"article","og_title":"Votre d\u00e9m\u00e9nageur \u00e0 Sierre","og_description":"Le d\u00e9m\u00e9nagement \u00e0 Sierre ne devrait pas \u00eatre difficile. Une fois que vous avez trouv\u00e9 nouvel appartement et que vous avez choisi la date du d\u00e9m\u00e9nagement, vous vous demandez peut-\u00eatre comment planifier au mieux votre d\u00e9m\u00e9nagement et votre installation ? Gr\u00e2ce \u00e0 notre soci\u00e9t\u00e9 de d\u00e9m\u00e9nagement \u00e0 Sierre, vous \u00e9chappez aux situations stressantes, nous g\u00e9rons [&hellip;]","og_url":"https:\/\/www.artisanlocal.ch\/c\/votre-demenageur-a-sierre\/","og_site_name":"Artisanlocal","article_modified_time":"2025-08-26T17:29:08+00:00","og_image":[{"width":1920,"height":300,"url":"https:\/\/www.artisanlocal.ch\/c\/wp-content\/uploads\/2024\/10\/demenageur.jpg","type":"image\/jpeg"}],"twitter_card":"summary_large_image","twitter_misc":{"Dur\u00e9e de lecture estim\u00e9e":"5 minutes"},"schema":{"@context":"https:\/\/schema.org","@graph":[{"@type":"WebPage","@id":"https:\/\/www.artisanlocal.ch\/c\/votre-demenageur-a-sierre\/","url":"https:\/\/www.artisanlocal.ch\/c\/votre-demenageur-a-sierre\/","name":"Votre d\u00e9m\u00e9nageur \u00e0 Sierre - Artisanlocal","isPartOf":{"@id":"https:\/\/www.artisanlocal.ch\/c\/#website"},"primaryImageOfPage":{"@id":"https:\/\/www.artisanlocal.ch\/c\/votre-demenageur-a-sierre\/#primaryimage"},"image":{"@id":"https:\/\/www.artisanlocal.ch\/c\/votre-demenageur-a-sierre\/#primaryimage"},"thumbnailUrl":"https:\/\/www.artisanlocal.ch\/c\/wp-content\/uploads\/2024\/10\/demenageur.jpg","datePublished":"2024-04-22T01:39:19+00:00","dateModified":"2025-08-26T17:29:08+00:00","breadcrumb":{"@id":"https:\/\/www.artisanlocal.ch\/c\/votre-demenageur-a-sierre\/#breadcrumb"},"inLanguage":"fr-FR","potentialAction":[{"@type":"ReadAction","target":["https:\/\/www.artisanlocal.ch\/c\/votre-demenageur-a-sierre\/"]}]},{"@type":"ImageObject","inLanguage":"fr-FR","@id":"https:\/\/www.artisanlocal.ch\/c\/votre-demenageur-a-sierre\/#primaryimage","url":"https:\/\/www.artisanlocal.ch\/c\/wp-content\/uploads\/2024\/10\/demenageur.jpg","contentUrl":"https:\/\/www.artisanlocal.ch\/c\/wp-content\/uploads\/2024\/10\/demenageur.jpg","width":1920,"height":300},{"@type":"BreadcrumbList","@id":"https:\/\/www.artisanlocal.ch\/c\/votre-demenageur-a-sierre\/#breadcrumb","itemListElement":[{"@type":"ListItem","position":1,"name":"Accueil","item":"https:\/\/www.artisanlocal.ch\/c\/"},{"@type":"ListItem","position":2,"name":"Votre d\u00e9m\u00e9nageur \u00e0 Sierre"}]},{"@type":"WebSite","@id":"https:\/\/www.artisanlocal.ch\/c\/#website","url":"https:\/\/www.artisanlocal.ch\/c\/","name":"Artisanlocal","description":"","publisher":{"@id":"https:\/\/www.artisanlocal.ch\/c\/#organization"},"potentialAction":[{"@type":"SearchAction","target":{"@type":"EntryPoint","urlTemplate":"https:\/\/www.artisanlocal.ch\/c\/?s={search_term_string}"},"query-input":{"@type":"PropertyValueSpecification","valueRequired":true,"valueName":"search_term_string"}}],"inLanguage":"fr-FR"},{"@type":"Organization","@id":"https:\/\/www.artisanlocal.ch\/c\/#organization","name":"Artisanlocal","url":"https:\/\/www.artisanlocal.ch\/c\/","logo":{"@type":"ImageObject","inLanguage":"fr-FR","@id":"https:\/\/www.artisanlocal.ch\/c\/#\/schema\/logo\/image\/","url":"https:\/\/www.artisanlocal.ch\/c\/wp-content\/uploads\/2024\/02\/logo-artisanlocal-h.svg","contentUrl":"https:\/\/www.artisanlocal.ch\/c\/wp-content\/uploads\/2024\/02\/logo-artisanlocal-h.svg","caption":"Artisanlocal"},"image":{"@id":"https:\/\/www.artisanlocal.ch\/c\/#\/schema\/logo\/image\/"}}]}},"_links":{"self":[{"href":"https:\/\/www.artisanlocal.ch\/c\/wp-json\/wp\/v2\/pages\/930","targetHints":{"allow":["GET"]}}],"collection":[{"href":"https:\/\/www.artisanlocal.ch\/c\/wp-json\/wp\/v2\/pages"}],"about":[{"href":"https:\/\/www.artisanlocal.ch\/c\/wp-json\/wp\/v2\/types\/page"}],"author":[{"embeddable":true,"href":"https:\/\/www.artisanlocal.ch\/c\/wp-json\/wp\/v2\/users\/4"}],"replies":[{"embeddable":true,"href":"https:\/\/www.artisanlocal.ch\/c\/wp-json\/wp\/v2\/comments?post=930"}],"version-history":[{"count":0,"href":"https:\/\/www.artisanlocal.ch\/c\/wp-json\/wp\/v2\/pages\/930\/revisions"}],"wp:featuredmedia":[{"embeddable":true,"href":"https:\/\/www.artisanlocal.ch\/c\/wp-json\/wp\/v2\/media\/2759"}],"wp:attachment":[{"href":"https:\/\/www.artisanlocal.ch\/c\/wp-json\/wp\/v2\/media?parent=930"}],"wp:term":[{"taxonomy":"profession","embeddable":true,"href":"https:\/\/www.artisanlocal.ch\/c\/wp-json\/wp\/v2\/profession?post=930"},{"taxonomy":"location","embeddable":true,"href":"https:\/\/www.artisanlocal.ch\/c\/wp-json\/wp\/v2\/location?post=930"},{"taxonomy":"canton","embeddable":true,"href":"https:\/\/www.artisanlocal.ch\/c\/wp-json\/wp\/v2\/canton?post=930"}],"curies":[{"name":"wp","href":"https:\/\/api.w.org\/{rel}","templated":true}]}}