{"id":935,"date":"2024-04-22T14:16:18","date_gmt":"2024-04-22T12:16:18","guid":{"rendered":"https:\/\/www.artisanlocal.ch\/c\/votre-demenageur-a-canton-de-vaud\/"},"modified":"2025-11-06T12:39:54","modified_gmt":"2025-11-06T11:39:54","slug":"votre-demenageur-a-canton-de-vaud","status":"publish","type":"page","link":"https:\/\/www.artisanlocal.ch\/c\/votre-demenageur-a-canton-de-vaud\/","title":{"rendered":"Votre d\u00e9m\u00e9nageur dans le canton de Vaud"},"content":{"rendered":"<p>D\u00e9m\u00e9nager dans le canton de Vaud ne doit pas \u00eatre une crise d&rsquo;angoisse. Si vous avez d\u00e9j\u00e0 trouv\u00e9 votre nouvel appartement et d\u00e9cid\u00e9 le jour de votre d\u00e9m\u00e9nagement, vous devez vous interroger sur comment pr\u00e9voir aux mieux votre d\u00e9m\u00e9nagement et installation ? Avec notre entreprise de d\u00e9m\u00e9nagement dans le canton de Vaud, vous \u00e9vitez les situations stressantes, Artisanlocal s&rsquo;occupe de la totalit\u00e9 de votre d\u00e9m\u00e9nagement, de la location du v\u00e9hicule, jusqu&rsquo;\u00e0 la protection de vos meubles.<\/p>\n<h2>Artisanlocal l&rsquo;expert du d\u00e9m\u00e9nagement dans le canton de Vaud<\/h2>\n<p>Notre entreprise est localis\u00e9e au centre de canton de Vaud. Nous effectuons le d\u00e9m\u00e9nagement pour les bureaux et les particuliers. Notre \u00e9quipe est exp\u00e9riment\u00e9e et form\u00e9e aux derni\u00e8res techniques pour vous assister, peu importe la difficult\u00e9 de votre projet.<\/p>\n<h2>Quels sont les avantages de collaborer avec Artisanlocal dans le canton de Vaud ?<\/h2>\n<h3>Artisanlocal une soci\u00e9t\u00e9 \u00e9coresponsable<\/h3>\n<p>Pour r\u00e9duire notre impact environnemental durant votre d\u00e9m\u00e9nagement, nous employons des emballages biod\u00e9gradables, de plus, nous r\u00e9utilisons tous les mat\u00e9riaux utilis\u00e9s lors du d\u00e9m\u00e9nagement.<\/p>\n<h3>Artisanlocal une soci\u00e9t\u00e9 disponible \u00e0 tout moment<\/h3>\n<p>Nous sommes disponibles tous les jours de la semaine, pour r\u00e9aliser le d\u00e9m\u00e9nagement de votre studio, habitation ou de vos locaux commerciaux dans le canton de Vaud.<\/p>\n<h3>Prestation de d\u00e9m\u00e9nagement dans le canton de Vaud et dans les communes aux alentours<\/h3>\n<p>Nous r\u00e9alisons les d\u00e9m\u00e9nagements dans le canton de Vaud et aussi dans toutes les communes \u00e0 proximit\u00e9, par exemple : Bogis-Bossey, Chavannes-de-Bogis, Chavannes-des-Bois, Versoix, Commugny, Bellevue, Genthod, Mies, Tannay, Coppet, Founex, C\u00e9ligny, Gland, Prangins, Nyon, Le Vaud, Eysins, Crassier, St-Cergue, La Cure, Duillier, Coinsins, Vich, Begnins, Bassins, Tr\u00e9lex, Givrins, Genolier, Arzier-Le Muids, Grens, Signy, Ch\u00e9serex, Gingins, Arnex-sur-Nyon, Borex, La Rippe, Crans VD, Rolle, Tartegnin, Gilly, Bursins, Luins, Vinzel, Mont-sur-Rolle, Essertines-sur-Rolle, St-Oyens, Gimel, St-George, Bursinel, Dully, Longirod, Marchissy, Burtigny, Apples, Ballens, Bi\u00e8re, Mollens VD, Berolle, Etoy, Buchillon, Allaman, Perroy, Villars-sous-Yens, Yens, Aubonne, Bougy-Villars, F\u00e9chy, Pizy, Montherod, Lavigny, St-Livres, Saubraz, Chavannes-pr\u00e8s-Renens, Ecublens VD, St-Sulpice VD, Denges, Echandens, Lonay, Pr\u00e9verenges, Villars-Ste-Croix, Bussigny, Morges, Echichens, St-Saphorin-sur-Morges, Colombier VD, Vullierens, Bremblens, Romanel-sur-Morges, Aclens, Monnaz, Vaux-sur-Morges, Clarmont, Reverolle, Tolochenaz, Lully VD, Chigny, Vufflens-le-Ch\u00e2teau, Denens, Bussy-Chardonney, St-Prex, Lussy-sur-Morges, Mex VD, Boussens, Bournens, Sullens, Bettens, Cottens VD, Grancy, Gollion, S\u00e9very, Pampigny, Montricher, Chavannes-le-Veyron, Cuarnens, L'Isle, La Coudre, Villars-Bozon, Mauraz, Moiry VD, Mont-la-Ville, Vufflens-la-Ville, Penthaz, Allens, Cossonay-Ville, Dizy, Senarclens, Penthalaz, Daillens, Lussery-Villars, La Chaux (Cossonay), Ecl\u00e9pens, Ferreyres, La Sarraz, Chevilly, Orny, Pompaples, Puidoux, Chexbres, Rivaz, St-Saphorin (Lavaux), Aran, Chenaux, Grandvaux, Cully, Villette (Lavaux), Riex, Epesses, Vevey, Le Mont-P\u00e8lerin, Corseaux, Chardonne, Corsier-sur-Vevey, Jongny, St-L\u00e9gier-La Chi\u00e9saz, Blonay, Les Monts-de-Corsier, Fenil-sur-Corsier, La Tour-de-Peilz, Clarens, Chailly-Montreux, Brent, Montreux, Territet, Veytaux, Chernex, Glion, Caux, Chamby, Villard-sur-Chamby, Les Avants, La Tine, Rossini\u00e8re, Flendruz, Rougemont, Ch\u00e2teau-d'Oex, L'Etivaz, La L\u00e9cherette, Les Moulins, Villeneuve VD, Noville, Chessel, Rennaz, Roche VD, Yvorne, Leysin, Corbeyrier, Aigle, La Comballaz, Les Mosses, Le S\u00e9pey, Vers-l'Eglise, Les Diablerets, La Forclaz VD, Ollon VD, Panex, St-Triphon, Bex, Fenalet-sur-Bex, Freni\u00e8res-sur-Bex, Les Plans-sur-Bex, Gryon, Les Posses-sur-Bex, Arveyes, Hu\u00e9moz, Villars-sur-Ollon, Chesi\u00e8res, Lavey-les-Bains, Lavey-Village, Peney-le-Jorat, Forel (Lavaux), Mollie-Margot, Savigny, Ferlens VD, Servion, Essertes, Les Cullayes, Montpreveyres, Corcelles-le-Jorat, M\u00e9zi\u00e8res VD, Carrouge VD, Vulliens, Ropraz, Les Tavernes, Les Thioleyres, Pal\u00e9zieux, Pal\u00e9zieux-Village, Chapelle (Gl\u00e2ne), Bussigny-sur-Oron, Chesalles-sur-Oron, Oron-le-Ch\u00e2tel, Ch\u00e2tillens, Oron-la-Ville, Vuibroye, Le Cr\u00eat-pr\u00e8s-Semsales, Ecoteaux, Maracon, Etagni\u00e8res, Bercher, Echallens, St-Barth\u00e9lemy VD, Villars-le-Terroir, Bottens, Poliez-Pittet, Dommartin, Naz, Poliez-le-Grand, Montaubion-Chardonney, Assens, Bioley-Orjulaz, Sugnens, Fey, Rueyres, Villars-Tiercelin, Penth\u00e9r\u00e9az, Eclagnens, Goumoens-la-Ville, Goumoens-le-Jux, Oulens-sous-Echallens, Pailly, Vuarrens, La Praz, Arnex-sur-Orbe, Croy, Romainm\u00f4tier, Premier, Vaulion, Juriens, Bretonni\u00e8res, Vallorbe, Ballaigues, Orbe, Agiez, Bofflens, Montcherand, L'Abergement, Sergey, La Russille, Les Cl\u00e9es, Lignerolle, Valeyres-sous-Rances, Bavois, Chavornay, Corcelles-sur-Chavornay, Rances, Baulmes, Oppens, Cheseaux-Nor\u00e9az, Yverdon-les-Bains, Cuarny, Villars-Epeney, Pomy, Cronay, Bioley-Magnoux, Donneloye, Gossens, M\u00e9zery-pr\u00e8s-Donneloye, Prahins, Ursins, Valeyres-sous-Ursins, Orzens, D\u00e9moret, Molondin, Epautheyres, Essertines-sur-Yverdon, Belmont-sur-Yverdon, Gressy, Suchy, Ependes VD, Essert-Pittet, Chamblon, Treycovagnes, Susc\u00e9vaz, Mathod, Valeyres-sous-Montagny, Montagny-pr\u00e8s-Yverdon, Champvent, Essert-sous-Champvent, Villars-sous-Champvent, Yvonand, Rovray, Chavannes-le-Ch\u00eane, Ch\u00eane-P\u00e2quier, Ogens, Villars-Mendraz, Sottens, Boulens, Chapelle-sur-Moudon, Martherenges, Peyres-Possens, Chan\u00e9az, Pr\u00e9vondavaux, Correvon, Denezy, St-Cierges, Thierrens, Vuissens, Vucherens, Moudon, Syens, Chavannes-sur-Moudon, Hermenches, Rossenges, Bussy-sur-Moudon, Neyruz-sur-Moudon, Villars-le-Comte, Curtilles, Lucens, Oulens-sur-Lucens, Granges-pr\u00e8s-Marnand, Marnand, Henniez, Seigneux, Cremin, Forel-sur-Lucens, Villeneuve FR, Praratoud, Surpierre, Cheiry, Chapelle (Broye), Sassel, Combremont-le-Grand, Combremont-le-Petit, Champtauroz, Rossens VD, S\u00e9deilles, Villarzel, Dompierre VD, Lovatens, Pr\u00e9vonloup, Cerniaz VD, Villars-Bramard, Brenles, Chesalles-sur-Moudon, Sarzens, Fiez, Fontaines-sur-Grandson, Grandevent, Grandson, Fontanezier, Romairon, Vaugondry, Villars-Burquin, Champagne, Onnens VD, Concise, Corcelles-pr\u00e8s-Concise, Bonvillars, Mutrux, Provence, Giez, Orges, Novalles, Vugelles-La Mothe, Vuiteboeuf, La Sagne (Ste-croix), Le Ch\u00e2teau-de-Ste-Croix, Ste-Croix, Les Rasses, Bullet, Mauborget, L'Auberson, La Vraconnaz, L'Orient, Le Pont, Les Charbonni\u00e8res, L'Abbaye, Le Lieu, Les Bioux, Le Sentier, Le Solliat, Le Brassus, Cheyres, Estavayer-le-Lac, Bollion, Lully FR, Seiry, Ch\u00e2tillon FR, Font, Ch\u00e2bles FR, Autavaux, Forel FR, Montbrelloz, Cugy FR, Vesin, Frasses, Montet (Broye), Aumont, Granges-de-Vesin, Nuvilly, Murist, Payerne, F\u00e9tigny, M\u00e9ni\u00e8res, Treytorrens (Payerne), Bussy FR, Morens FR, S\u00e9vaz, Rueyres-les-Pr\u00e9s, Grandcour, Chevroux, Vers-chez-Perrin, Trey, Ch\u00e2tonnaye, Corcelles-pr\u00e8s-Payerne, Missy, Cerniat FR, Middes, Cousset, Montagny-les-Monts, Grandsivaz, Mannens, Montagny-la-Ville, Gletterens, Dompierre FR, Domdidier, Vallon, Les Friques, St-Aubin FR, Delley, Portalban, Avenches, Oleyres, Donatyre, Villarepos, Villars-le-Grand, Bellerive VD, Cotterd, Salavaux, Vallamand, Constantine, Montmagny, Cudrefin, Chabrey, Clavaleyres, Faoug, Corm\u00e9rod, Courtion, Misery, Chandon, L\u00e9chelles, Russy, Sugiez, Mur (Vully) FR, M\u00f4tier (Vully), Mur (Vully) VD, Praz (Vully), Lugnorre, Pully, Les Monts-de-Pully, La Croix (Lutry), Belmont-sur-Lausanne, La Conversion, Paudex, Lutry, Jouxtens-M\u00e9zery, Prilly, Renens VD, Crissier, Romanel-sur-Lausanne, Cheseaux-sur-Lausanne, Le Mont-sur-Lausanne, Bretigny-sur-Morrens, Cugy VD, Morrens VD, Froideville, Epalinges..<\/p>\n<h3>D\u00e9m\u00e9nagement et installation dans toute la Suisse et \u00e0 l&rsquo;international<\/h3>\n<p>Si vous vivez dans le canton de Vaud, nous pouvons planifier votre d\u00e9m\u00e9nagement dans toutes les villes en Suisse ou les pays frontaliers.<\/p>\n<h3>Une soci\u00e9t\u00e9 de d\u00e9m\u00e9nagement qui est attentive<\/h3>\n<p>Artisanlocal s&rsquo;engage \u00e0 prendre toutes les pr\u00e9cautions n\u00e9cessaires pour \u00e9viter d&rsquo;occasionner des dommages, \u00e0 titre d&rsquo;illustration pour vos :<\/p>\n<ul>\n<li>Planchers : au moment de votre d\u00e9m\u00e9nagement, nous veillerons \u00e0 marcher avec prudence et \u00e0 manipuler vos objets afin d\u2019\u00e9viter d&rsquo;ab\u00eemer vos planchers.<\/li>\n<li>Coins : nous veillons \u00e0 prot\u00e9ger les coins de vos murs pour \u00e9viter les d\u00e9gradations.<\/li>\n<li>Couloirs : avant de d\u00e9m\u00e9nager vos meubles, nous installons des mat\u00e9riaux de protection dans vos couloirs, afin d&rsquo;\u00e9viter tout casse.<\/li>\n<li>Portes : si cela le demande, nous installons des protections sur vos portes contre les dommages.<\/li>\n<\/ul>\n<h3>Estimations gratuites<\/h3>\n<p>Apr\u00e8s \u00e9tude de votre d\u00e9m\u00e9nagement, nous vous fournissons une estimation gratuite.<\/p>\n<h2>Quels sont les types de services et de d\u00e9m\u00e9nagement que propose Artisanlocal dans le canton de Vaud ?<\/h2>\n<h3>D\u00e9m\u00e9nagement de bureaux et de locaux<\/h3>\n<p>Nous programmons le d\u00e9m\u00e9nagement de votre commerce ou de vos bureaux selon votre calendrier, et de la ville de destination.<\/p>\n<h3>D\u00e9m\u00e9nagement de petit volume<\/h3>\n<p>Nous nous occupons aussi de d\u00e9m\u00e9nager des petits logements. C&rsquo;est un d\u00e9m\u00e9nagement pour des volumes inf\u00e9rieurs \u00e0 15 m3.<\/p>\n<h3>D\u00e9m\u00e9nagements rapides<\/h3>\n<p>Artisanlocal vous aide \u00e0 vous installer dans votre nouvelle r\u00e9sidence rapidement. Nous offrons aussi des services de stockage et de pr\u00e9paration des cartons en urgence.<\/p>\n<h3>Espace de stockage<\/h3>\n<p>Notre \u00e9quipe vient chercher vos affaires et ensuite nous les transportons vers notre lieu de stockage dans le canton de Vaud. Ils seront stock\u00e9s durant la p\u00e9riode de votre choix. Vous n&rsquo;avez qu&rsquo;\u00e0 nous communiquer le jour et l&rsquo;heure \u00e0 laquelle vous d\u00e9sirez r\u00e9cup\u00e9rer vos biens, et nous les transporterons chez vous \u00e0 la date qui vous arrange.<\/p>\n<h3>Emballage des objets de valeur<\/h3>\n<p>Vos objets de grande importance et les \u0153uvres d&rsquo;art seront envelopp\u00e9s avec pr\u00e9caution. Nous r\u00e9alisons des emballages personnalis\u00e9s et nous employons des \u00e9quipements de levage appropri\u00e9s.<\/p>\n<h3>Transport de pianos<\/h3>\n<h3>Nous d\u00e9pla\u00e7ons votre piano en toute s\u00fbret\u00e9. Notre soci\u00e9t\u00e9 est sp\u00e9cialis\u00e9e dans le transport de pianos, comme : les droits, les interm\u00e9diaires ou \u00e0 queue.<\/h3>\n<h3>Location de monte-meubles dans le canton de Vaud<\/h3>\n<p>Nous offrons une prestation de location de monte-meubles pour simplifier le d\u00e9placement de vos mobiliers massifs en Suisse et dans le canton de Vaud.<\/p>\n<h3>Vente de cartons de d\u00e9m\u00e9nagement dans le canton de Vaud<\/h3>\n<p>Vous \u00eates \u00e0 la recherche de cartons de protection pour votre projet dans le canton de Vaud ? Notre entreprise propose une gamme compl\u00e8te de cartons de d\u00e9m\u00e9nagement et aussi : d&rsquo;accessoires, d&rsquo;adh\u00e9sifs, et de housses de protection.<\/p>\n<h2>Qu\u2019est-ce qui est compris dans le d\u00e9m\u00e9nagement ?<\/h2>\n<h3>L&#8217;emballage personnalis\u00e9, pour :<\/h3>\n<ul>\n<li>les matelas,<\/li>\n<li>les t\u00e9l\u00e9viseurs<\/li>\n<li>les si\u00e8ges,<\/li>\n<li>les canap\u00e9s<\/li>\n<li>les appareils \u00e9lectrom\u00e9nagers,<\/li>\n<li>les ordinateurs,<\/li>\n<li>les ampoules et les lampes,<\/li>\n<li>les miroirs et tableaux.<\/li>\n<\/ul>\n<h3>Le montage et d\u00e9montage du mobilier<\/h3>\n<ul>\n<li>les tables,<\/li>\n<li>les armoires,<\/li>\n<li>les meubles,<\/li>\n<li>les \u00e9tag\u00e8res,<\/li>\n<li>les lustres.<\/li>\n<\/ul>\n<h2>Aide et r\u00e9ponses<\/h2>\n<h3>Combien co\u00fbte un d\u00e9m\u00e9nagement dans le canton de Vaud et en Suisse ?<\/h3>\n<p>Le co\u00fbt d&rsquo;un d\u00e9m\u00e9nagement dans le canton de Vaud change en fonction du volume et du nombre de pi\u00e8ces.<\/p>\n<p>Voici les prix d\u00e9taill\u00e9s selon le volume et le nombre de chambres :<\/p>\n<p>Pour un d\u00e9m\u00e9nagement dans le canton de Vaud :<\/p>\n<table>\n<tbody>\n<tr>\n<td>Pour un appartement de 1-2 pi\u00e8ces<\/td>\n<td>Entre 350 \u00e0 600 Francs Suisses<\/td>\n<\/tr>\n<tr>\n<td>Pour un appartement entre 2-3 pi\u00e8ces<\/td>\n<td>De 700 \u00e0 1300 CHF<\/td>\n<\/tr>\n<tr>\n<td>Pour un appartement de 3-4 pi\u00e8ces<\/td>\n<td>De 850 \u00e0 2000 CHF<\/td>\n<\/tr>\n<tr>\n<td>Pour une maison<\/td>\n<td>De 1200 \u00e0 2500 CHF<\/td>\n<\/tr>\n<\/tbody>\n<\/table>\n<p>Pour d\u00e9m\u00e9nager plus loin de 200 km :<\/p>\n<table>\n<tbody>\n<tr>\n<td>D\u2019un appartement de 1-2 pi\u00e8ces<\/td>\n<td>De 600 \u00e0 900 CHF<\/td>\n<\/tr>\n<tr>\n<td>D\u2019un appartement de 2-3 pi\u00e8ces<\/td>\n<td>De 1200 \u00e0 2500 CHF<\/td>\n<\/tr>\n<tr>\n<td>D\u2019un appartement de 3-4 pi\u00e8ces<\/td>\n<td>Entre 1800 \u00e0 3000 CHF<\/td>\n<\/tr>\n<tr>\n<td>D\u2019une maison<\/td>\n<td>De 2000 \u00e0 4500 Francs Suisses<\/td>\n<\/tr>\n<\/tbody>\n<\/table>\n<p>Quel est le tarif pour la location d&rsquo;un monte-meuble dans le canton de Vaud ?<\/p>\n<p>Le tarif approximatif pour le service de location d&rsquo;un monte meuble dans le canton de Vaud est \u00e0 peu pr\u00e8s 150 CHF par heure.<\/p>\n<h3>Pourquoi faire appel \u00e0 une entreprise de d\u00e9m\u00e9nagement dans le canton de Vaud ?<\/h3>\n<p>Bien que vous \u00e9vitez de d\u00e9penser de l&rsquo;argent en faisant le d\u00e9m\u00e9nagement vous-m\u00eame, vous pouvez vous blesser (si vous n&rsquo;\u00eates pas habitu\u00e9 \u00e0 soulever des charges lourdes) ou vous pouvez aussi d\u00e9t\u00e9riorer vos biens. Avec une entreprise de d\u00e9m\u00e9nagement comme Artisanlocal, vous \u00e9conomisez du temps et vous \u00e9vitez des maux de dos.<\/p>\n","protected":false},"excerpt":{"rendered":"<p>D\u00e9m\u00e9nager dans le canton de Vaud ne doit pas \u00eatre une crise d&rsquo;angoisse. Si vous avez d\u00e9j\u00e0 trouv\u00e9 votre nouvel appartement et d\u00e9cid\u00e9 le jour de votre d\u00e9m\u00e9nagement, vous devez vous interroger sur comment pr\u00e9voir aux mieux votre d\u00e9m\u00e9nagement et installation ? Avec notre entreprise de d\u00e9m\u00e9nagement dans le canton de Vaud, vous \u00e9vitez les [&hellip;]<\/p>\n","protected":false},"author":4,"featured_media":2759,"parent":0,"menu_order":0,"comment_status":"closed","ping_status":"closed","template":"wp-custom-template-page-canton","meta":{"footnotes":""},"profession":[122],"location":[],"canton":[113],"class_list":["post-935","page","type-page","status-publish","has-post-thumbnail","hentry","profession-demenageur","canton-vd"],"yoast_head":"<!-- This site is optimized with the Yoast SEO Premium plugin v25.7.1 (Yoast SEO v27.3) - https:\/\/yoast.com\/product\/yoast-seo-premium-wordpress\/ -->\n<title>Votre d\u00e9m\u00e9nageur dans le canton de Vaud - Artisanlocal<\/title>\n<meta name=\"robots\" content=\"index, follow, max-snippet:-1, max-image-preview:large, max-video-preview:-1\" \/>\n<link rel=\"canonical\" href=\"https:\/\/www.artisanlocal.ch\/c\/votre-demenageur-a-canton-de-vaud\/\" \/>\n<meta property=\"og:locale\" content=\"fr_FR\" \/>\n<meta property=\"og:type\" content=\"article\" \/>\n<meta property=\"og:title\" content=\"Votre d\u00e9m\u00e9nageur dans le canton de Vaud\" \/>\n<meta property=\"og:description\" content=\"D\u00e9m\u00e9nager dans le canton de Vaud ne doit pas \u00eatre une crise d&rsquo;angoisse. Si vous avez d\u00e9j\u00e0 trouv\u00e9 votre nouvel appartement et d\u00e9cid\u00e9 le jour de votre d\u00e9m\u00e9nagement, vous devez vous interroger sur comment pr\u00e9voir aux mieux votre d\u00e9m\u00e9nagement et installation ? Avec notre entreprise de d\u00e9m\u00e9nagement dans le canton de Vaud, vous \u00e9vitez les [&hellip;]\" \/>\n<meta property=\"og:url\" content=\"https:\/\/www.artisanlocal.ch\/c\/votre-demenageur-a-canton-de-vaud\/\" \/>\n<meta property=\"og:site_name\" content=\"Artisanlocal\" \/>\n<meta property=\"article:modified_time\" content=\"2025-11-06T11:39:54+00:00\" \/>\n<meta property=\"og:image\" content=\"https:\/\/www.artisanlocal.ch\/c\/wp-content\/uploads\/2024\/10\/demenageur.jpg\" \/>\n\t<meta property=\"og:image:width\" content=\"1920\" \/>\n\t<meta property=\"og:image:height\" content=\"300\" \/>\n\t<meta property=\"og:image:type\" content=\"image\/jpeg\" \/>\n<meta name=\"twitter:card\" content=\"summary_large_image\" \/>\n<meta name=\"twitter:label1\" content=\"Dur\u00e9e de lecture estim\u00e9e\" \/>\n\t<meta name=\"twitter:data1\" content=\"5 minutes\" \/>\n<script type=\"application\/ld+json\" class=\"yoast-schema-graph\">{\"@context\":\"https:\\\/\\\/schema.org\",\"@graph\":[{\"@type\":\"WebPage\",\"@id\":\"https:\\\/\\\/www.artisanlocal.ch\\\/c\\\/votre-demenageur-a-canton-de-vaud\\\/\",\"url\":\"https:\\\/\\\/www.artisanlocal.ch\\\/c\\\/votre-demenageur-a-canton-de-vaud\\\/\",\"name\":\"Votre d\u00e9m\u00e9nageur dans le canton de Vaud - Artisanlocal\",\"isPartOf\":{\"@id\":\"https:\\\/\\\/www.artisanlocal.ch\\\/c\\\/#website\"},\"primaryImageOfPage\":{\"@id\":\"https:\\\/\\\/www.artisanlocal.ch\\\/c\\\/votre-demenageur-a-canton-de-vaud\\\/#primaryimage\"},\"image\":{\"@id\":\"https:\\\/\\\/www.artisanlocal.ch\\\/c\\\/votre-demenageur-a-canton-de-vaud\\\/#primaryimage\"},\"thumbnailUrl\":\"https:\\\/\\\/www.artisanlocal.ch\\\/c\\\/wp-content\\\/uploads\\\/2024\\\/10\\\/demenageur.jpg\",\"datePublished\":\"2024-04-22T12:16:18+00:00\",\"dateModified\":\"2025-11-06T11:39:54+00:00\",\"breadcrumb\":{\"@id\":\"https:\\\/\\\/www.artisanlocal.ch\\\/c\\\/votre-demenageur-a-canton-de-vaud\\\/#breadcrumb\"},\"inLanguage\":\"fr-FR\",\"potentialAction\":[{\"@type\":\"ReadAction\",\"target\":[\"https:\\\/\\\/www.artisanlocal.ch\\\/c\\\/votre-demenageur-a-canton-de-vaud\\\/\"]}]},{\"@type\":\"ImageObject\",\"inLanguage\":\"fr-FR\",\"@id\":\"https:\\\/\\\/www.artisanlocal.ch\\\/c\\\/votre-demenageur-a-canton-de-vaud\\\/#primaryimage\",\"url\":\"https:\\\/\\\/www.artisanlocal.ch\\\/c\\\/wp-content\\\/uploads\\\/2024\\\/10\\\/demenageur.jpg\",\"contentUrl\":\"https:\\\/\\\/www.artisanlocal.ch\\\/c\\\/wp-content\\\/uploads\\\/2024\\\/10\\\/demenageur.jpg\",\"width\":1920,\"height\":300},{\"@type\":\"BreadcrumbList\",\"@id\":\"https:\\\/\\\/www.artisanlocal.ch\\\/c\\\/votre-demenageur-a-canton-de-vaud\\\/#breadcrumb\",\"itemListElement\":[{\"@type\":\"ListItem\",\"position\":1,\"name\":\"Accueil\",\"item\":\"https:\\\/\\\/www.artisanlocal.ch\\\/c\\\/\"},{\"@type\":\"ListItem\",\"position\":2,\"name\":\"Votre d\u00e9m\u00e9nageur dans le canton de Vaud\"}]},{\"@type\":\"WebSite\",\"@id\":\"https:\\\/\\\/www.artisanlocal.ch\\\/c\\\/#website\",\"url\":\"https:\\\/\\\/www.artisanlocal.ch\\\/c\\\/\",\"name\":\"Artisanlocal\",\"description\":\"\",\"publisher\":{\"@id\":\"https:\\\/\\\/www.artisanlocal.ch\\\/c\\\/#organization\"},\"potentialAction\":[{\"@type\":\"SearchAction\",\"target\":{\"@type\":\"EntryPoint\",\"urlTemplate\":\"https:\\\/\\\/www.artisanlocal.ch\\\/c\\\/?s={search_term_string}\"},\"query-input\":{\"@type\":\"PropertyValueSpecification\",\"valueRequired\":true,\"valueName\":\"search_term_string\"}}],\"inLanguage\":\"fr-FR\"},{\"@type\":\"Organization\",\"@id\":\"https:\\\/\\\/www.artisanlocal.ch\\\/c\\\/#organization\",\"name\":\"Artisanlocal\",\"url\":\"https:\\\/\\\/www.artisanlocal.ch\\\/c\\\/\",\"logo\":{\"@type\":\"ImageObject\",\"inLanguage\":\"fr-FR\",\"@id\":\"https:\\\/\\\/www.artisanlocal.ch\\\/c\\\/#\\\/schema\\\/logo\\\/image\\\/\",\"url\":\"https:\\\/\\\/www.artisanlocal.ch\\\/c\\\/wp-content\\\/uploads\\\/2024\\\/02\\\/logo-artisanlocal-h.svg\",\"contentUrl\":\"https:\\\/\\\/www.artisanlocal.ch\\\/c\\\/wp-content\\\/uploads\\\/2024\\\/02\\\/logo-artisanlocal-h.svg\",\"caption\":\"Artisanlocal\"},\"image\":{\"@id\":\"https:\\\/\\\/www.artisanlocal.ch\\\/c\\\/#\\\/schema\\\/logo\\\/image\\\/\"}}]}<\/script>\n<!-- \/ Yoast SEO Premium plugin. -->","yoast_head_json":{"title":"Votre d\u00e9m\u00e9nageur dans le canton de Vaud - Artisanlocal","robots":{"index":"index","follow":"follow","max-snippet":"max-snippet:-1","max-image-preview":"max-image-preview:large","max-video-preview":"max-video-preview:-1"},"canonical":"https:\/\/www.artisanlocal.ch\/c\/votre-demenageur-a-canton-de-vaud\/","og_locale":"fr_FR","og_type":"article","og_title":"Votre d\u00e9m\u00e9nageur dans le canton de Vaud","og_description":"D\u00e9m\u00e9nager dans le canton de Vaud ne doit pas \u00eatre une crise d&rsquo;angoisse. Si vous avez d\u00e9j\u00e0 trouv\u00e9 votre nouvel appartement et d\u00e9cid\u00e9 le jour de votre d\u00e9m\u00e9nagement, vous devez vous interroger sur comment pr\u00e9voir aux mieux votre d\u00e9m\u00e9nagement et installation ? Avec notre entreprise de d\u00e9m\u00e9nagement dans le canton de Vaud, vous \u00e9vitez les [&hellip;]","og_url":"https:\/\/www.artisanlocal.ch\/c\/votre-demenageur-a-canton-de-vaud\/","og_site_name":"Artisanlocal","article_modified_time":"2025-11-06T11:39:54+00:00","og_image":[{"width":1920,"height":300,"url":"https:\/\/www.artisanlocal.ch\/c\/wp-content\/uploads\/2024\/10\/demenageur.jpg","type":"image\/jpeg"}],"twitter_card":"summary_large_image","twitter_misc":{"Dur\u00e9e de lecture estim\u00e9e":"5 minutes"},"schema":{"@context":"https:\/\/schema.org","@graph":[{"@type":"WebPage","@id":"https:\/\/www.artisanlocal.ch\/c\/votre-demenageur-a-canton-de-vaud\/","url":"https:\/\/www.artisanlocal.ch\/c\/votre-demenageur-a-canton-de-vaud\/","name":"Votre d\u00e9m\u00e9nageur dans le canton de Vaud - Artisanlocal","isPartOf":{"@id":"https:\/\/www.artisanlocal.ch\/c\/#website"},"primaryImageOfPage":{"@id":"https:\/\/www.artisanlocal.ch\/c\/votre-demenageur-a-canton-de-vaud\/#primaryimage"},"image":{"@id":"https:\/\/www.artisanlocal.ch\/c\/votre-demenageur-a-canton-de-vaud\/#primaryimage"},"thumbnailUrl":"https:\/\/www.artisanlocal.ch\/c\/wp-content\/uploads\/2024\/10\/demenageur.jpg","datePublished":"2024-04-22T12:16:18+00:00","dateModified":"2025-11-06T11:39:54+00:00","breadcrumb":{"@id":"https:\/\/www.artisanlocal.ch\/c\/votre-demenageur-a-canton-de-vaud\/#breadcrumb"},"inLanguage":"fr-FR","potentialAction":[{"@type":"ReadAction","target":["https:\/\/www.artisanlocal.ch\/c\/votre-demenageur-a-canton-de-vaud\/"]}]},{"@type":"ImageObject","inLanguage":"fr-FR","@id":"https:\/\/www.artisanlocal.ch\/c\/votre-demenageur-a-canton-de-vaud\/#primaryimage","url":"https:\/\/www.artisanlocal.ch\/c\/wp-content\/uploads\/2024\/10\/demenageur.jpg","contentUrl":"https:\/\/www.artisanlocal.ch\/c\/wp-content\/uploads\/2024\/10\/demenageur.jpg","width":1920,"height":300},{"@type":"BreadcrumbList","@id":"https:\/\/www.artisanlocal.ch\/c\/votre-demenageur-a-canton-de-vaud\/#breadcrumb","itemListElement":[{"@type":"ListItem","position":1,"name":"Accueil","item":"https:\/\/www.artisanlocal.ch\/c\/"},{"@type":"ListItem","position":2,"name":"Votre d\u00e9m\u00e9nageur dans le canton de Vaud"}]},{"@type":"WebSite","@id":"https:\/\/www.artisanlocal.ch\/c\/#website","url":"https:\/\/www.artisanlocal.ch\/c\/","name":"Artisanlocal","description":"","publisher":{"@id":"https:\/\/www.artisanlocal.ch\/c\/#organization"},"potentialAction":[{"@type":"SearchAction","target":{"@type":"EntryPoint","urlTemplate":"https:\/\/www.artisanlocal.ch\/c\/?s={search_term_string}"},"query-input":{"@type":"PropertyValueSpecification","valueRequired":true,"valueName":"search_term_string"}}],"inLanguage":"fr-FR"},{"@type":"Organization","@id":"https:\/\/www.artisanlocal.ch\/c\/#organization","name":"Artisanlocal","url":"https:\/\/www.artisanlocal.ch\/c\/","logo":{"@type":"ImageObject","inLanguage":"fr-FR","@id":"https:\/\/www.artisanlocal.ch\/c\/#\/schema\/logo\/image\/","url":"https:\/\/www.artisanlocal.ch\/c\/wp-content\/uploads\/2024\/02\/logo-artisanlocal-h.svg","contentUrl":"https:\/\/www.artisanlocal.ch\/c\/wp-content\/uploads\/2024\/02\/logo-artisanlocal-h.svg","caption":"Artisanlocal"},"image":{"@id":"https:\/\/www.artisanlocal.ch\/c\/#\/schema\/logo\/image\/"}}]}},"_links":{"self":[{"href":"https:\/\/www.artisanlocal.ch\/c\/wp-json\/wp\/v2\/pages\/935","targetHints":{"allow":["GET"]}}],"collection":[{"href":"https:\/\/www.artisanlocal.ch\/c\/wp-json\/wp\/v2\/pages"}],"about":[{"href":"https:\/\/www.artisanlocal.ch\/c\/wp-json\/wp\/v2\/types\/page"}],"author":[{"embeddable":true,"href":"https:\/\/www.artisanlocal.ch\/c\/wp-json\/wp\/v2\/users\/4"}],"replies":[{"embeddable":true,"href":"https:\/\/www.artisanlocal.ch\/c\/wp-json\/wp\/v2\/comments?post=935"}],"version-history":[{"count":0,"href":"https:\/\/www.artisanlocal.ch\/c\/wp-json\/wp\/v2\/pages\/935\/revisions"}],"wp:featuredmedia":[{"embeddable":true,"href":"https:\/\/www.artisanlocal.ch\/c\/wp-json\/wp\/v2\/media\/2759"}],"wp:attachment":[{"href":"https:\/\/www.artisanlocal.ch\/c\/wp-json\/wp\/v2\/media?parent=935"}],"wp:term":[{"taxonomy":"profession","embeddable":true,"href":"https:\/\/www.artisanlocal.ch\/c\/wp-json\/wp\/v2\/profession?post=935"},{"taxonomy":"location","embeddable":true,"href":"https:\/\/www.artisanlocal.ch\/c\/wp-json\/wp\/v2\/location?post=935"},{"taxonomy":"canton","embeddable":true,"href":"https:\/\/www.artisanlocal.ch\/c\/wp-json\/wp\/v2\/canton?post=935"}],"curies":[{"name":"wp","href":"https:\/\/api.w.org\/{rel}","templated":true}]}}