{"id":961,"date":"2024-05-19T20:11:45","date_gmt":"2024-05-19T18:11:45","guid":{"rendered":"https:\/\/www.artisanlocal.ch\/c\/plombier-a-broc\/"},"modified":"2025-08-26T19:26:58","modified_gmt":"2025-08-26T17:26:58","slug":"plombier-a-broc","status":"publish","type":"page","link":"https:\/\/www.artisanlocal.ch\/c\/plombier-a-broc\/","title":{"rendered":"Plombier \u00e0 Broc"},"content":{"rendered":"<p>Si vous \u00eates domicili\u00e9 \u00e0 Broc, Artisanlocal intervient dans votre foyer en urgence.<\/p>\n\r\n<div class=\"box\">\r\n            <div class=\"company-info\">\r\n            <img decoding=\"async\" class=\"company-info__logo\" src=\"https:\/\/www.artisanlocal.ch\/media\/cache\/thumb\/images\/companies\/66c48c393d7ef777233838.png\" alt=\"Logo\">\r\n            <h2 class=\"company-info__name\">Calotherm Concept SA<\/h2>\r\n            <p class=\"company-info__business\">Chauffage - Sanitaire - D\u00e9pannage - Pompe \u00e0 chaleur - \u00c9nergie renouvellable - R\u00e9novation salle de bains<\/p>\r\n        <\/div>\r\n        <div class=\"company-contact\">\r\n            <p class=\"company-info__address\">Chemin de Combernesse 4<\/p>\r\n                            <div class=\"links\">\r\n                                            <a class=\"btn has-accent-background-color js-phoneNumber\" href=\"tel:0791552927\" title=\"Appelez\" data-id=\"25159\" data-type=\"11\">079 155 29 27<\/a>\r\n                                                                <a class=\"btn has-accent-background-color\" href=\"https:\/\/calotherm-sa.ch\/\" target=\"_blank\" title=\"Voir le site internet\" data-id=\"25159\" data-type=\"20\">Site internet<\/a>\r\n                                    <\/div>\r\n                    <\/div>\r\n    \r\n            \r\n<form action=\"https:\/\/www.artisanlocal.ch\/c\/wp-admin\/admin-ajax.php\" method=\"post\" class=\"form-contact\" id=\"artisan_form_contact_company_inline\">\r\n    <div><input type=\"hidden\" name=\"action\" value=\"company_contact\"><\/div>\r\n    <div><input type=\"hidden\" name=\"nonce\" value=\"972bc58192\"><\/div>\r\n    <div><input type=\"hidden\" name=\"company_id\" value=\"25159\"><\/div>\r\n    <div><input type=\"hidden\" name=\"form_id\" value=\"artisan_form_contact_company_inline\"><\/div>\r\n    <div class=\"gglcptch gglcptch_v3 gglcptch_custom\"><input type=\"hidden\" id=\"g-recaptcha-response\" name=\"g-recaptcha-response\" \/><br \/><div class=\"gglcptch_error_text\">La p\u00e9riode de v\u00e9rification reCAPTCHA a expir\u00e9. Veuillez recharger la page.<\/div><\/div>    <div class=\"form-content\">\r\n        <div class=\"form-group\">\r\n            <label for=\"contact_firstName\" class=\"required\">Pr\u00e9nom<\/label>\r\n            <input type=\"text\" name=\"firstName\" class=\"form-control\" required>\r\n        <\/div>\r\n        <div class=\"form-group\">\r\n            <label for=\"contact_lastName\" class=\"required\">Nom<\/label>\r\n            <input type=\"text\" name=\"lastName\" class=\"form-control\" required>\r\n        <\/div>\r\n        <div class=\"form-group\">\r\n            <label for=\"contact_email\" class=\"required\">Email<\/label>\r\n            <input type=\"email\" name=\"email\" class=\"form-control\" required>\r\n        <\/div>\r\n        <div class=\"form-group\">\r\n            <label for=\"contact_phone\" class=\"required\">Num\u00e9ro de t\u00e9l\u00e9phone<\/label>\r\n            <input type=\"tel\" name=\"phone\" class=\"form-control\" placeholder=\"0787117165\" pattern=\"^[0-9]{10}$\" required>\r\n        <\/div>\r\n        <div class=\"form-group\">\r\n            <label for=\"contact_postalCode\" class=\"required\">Code postal et localit\u00e9<\/label>\r\n            <input type=\"text\" name=\"postalCode\" class=\"form-control\" required>\r\n        <\/div>\r\n        <div class=\"form-group\">\r\n            <label for=\"contact_address\" class=\"required\">Adresse<\/label>\r\n            <input type=\"text\" name=\"address\" class=\"form-control\" required>\r\n        <\/div>\r\n        <div class=\"full-width topic\">\r\n            <p class=\"required\">Je souhaite \u00eatre contact\u00e9 pour :<\/p>\r\n            <div class=\"form-check\">\r\n                <input type=\"radio\" name=\"topic\" value=\"D\u00e9pannage\" class=\"form-control\" required>\r\n                <label for=\"d\u00e9pannage\">D\u00e9pannage<\/label>\r\n            <\/div>\r\n            <div class=\"form-check\">\r\n                <input type=\"radio\" name=\"topic\" value=\"Entretien\" class=\"form-control\" required>\r\n                <label for=\"entretien\">Entretien<\/label>\r\n            <\/div>\r\n            <div class=\"form-check\">\r\n                <input type=\"radio\" name=\"topic\" value=\"R\u00e9novation\" class=\"form-control\" required>\r\n                <label for=\"r\u00e9novation\">R\u00e9novation<\/label>\r\n            <\/div>\r\n            <div class=\"form-check\">\r\n                <input type=\"radio\" name=\"topic\" value=\"Autre\" class=\"form-control\" required>\r\n                <label for=\"autre\">Autre<\/label>\r\n            <\/div>\r\n        <\/div>\r\n        <div class=\"form-group full-width\">\r\n            <label for=\"contact_message\">Message<\/label>\r\n            <textarea name=\"message\" rows=\"3\" class=\"form-control\"><\/textarea>\r\n        <\/div>\r\n    <\/div>\r\n    <div class=\"form-actions\">\r\n        <button class=\"wp-block-button__link has-accent-background-color\">Contacter<\/button>\r\n    <\/div>\r\n<\/form>\r\n<div class=\"form-feedback\"><\/div>    <\/div>\n<h2>Pourquoi faire appel \u00e0 Artisanlocal \u00e0 Broc ?<\/h2>\n<ul>\n<li>Nous sommes ouverts 7 jours sur 7, y compris les jours f\u00e9ri\u00e9s.<\/li>\n<li>Nous fournissons des estimations gratuites.<\/li>\n<li>Nous utilisons les derni\u00e8res techniques.<\/li>\n<li>Notre soci\u00e9t\u00e9 est localis\u00e9e \u00e0 Broc ce qui nous permet d&rsquo;intervenir rapidement \u00e0 votre foyer.<\/li>\n<li>Nous proposons des tarifs comp\u00e9titifs.<\/li>\n<li>Nos artisans plombiers sont assur\u00e9s et exp\u00e9riment\u00e9s.<\/li>\n<li>Avant toute r\u00e9paration, nous contr\u00f4lons votre installation de plomberie.<\/li>\n<li>Nous g\u00e9rons tous les travaux de plomberie possibles.<\/li>\n<\/ul>\n<h2>Les services que nous proposons \u00e0 Broc<\/h2>\n<ul>\n<li>Nous d\u00e9tectons les fuites et ensuite, nous r\u00e9parons vos canalisations.<\/li>\n<li>Le changement de votre installation sanitaire.<\/li>\n<li>Nos artisans r\u00e9novent tous vos \u00e9quipements sanitaires.<\/li>\n<li>Les travaux de plomberie, tel que : l\u2019installation de robinet, \u00e9vier, lavabo et de la tuyauterie.<\/li>\n<li>La pose de ballons d&rsquo;eau chaude ou de chaudi\u00e8res.<\/li>\n<li>Le d\u00e9bouchage et l\u2019assainissement de vos tuyaux.<\/li>\n<li>La restauration compl\u00e8te de votre salle de bain.<\/li>\n<li>Notre entreprise r\u00e9alise aussi la vidange de votre fosse septique.<\/li>\n<\/ul>\n<h2>Quel est le fonctionnement d&rsquo;Artisanlocal \u00e0 Broc ?<\/h2>\n<ol>\n<li>Apr\u00e8s avoir pris contact avec nous par email ou par t\u00e9l\u00e9phone, nous vous appelons pour \u00e9valuer votre probl\u00e8me.<\/li>\n<li>Par la suite, nous vous offrons un devis gratuit et d\u00e9taill\u00e9. Avec notre soci\u00e9t\u00e9, il n&rsquo;y a pas de frais cach\u00e9s, \u00e0 moins que vous ayez besoin d&rsquo;\u00e9l\u00e9ments de remplacement ou de travaux importants.<\/li>\n<li>Une fois que vous avez valid\u00e9 notre devis, notre artisan d\u00e9termine avec vous une date d\u2019intervention.<\/li>\n<\/ol>\n<h2>Prestations de plomberie pour les particuliers \u00e0 Broc<\/h2>\n<p>Si votre syst\u00e8me de plomberie est d\u00e9fectueux, il y a une possibilit\u00e9 que votre eau soit contamin\u00e9e et vous pouvez mettre en danger votre famille, c&rsquo;est pour cela que l&rsquo;artisan plombier qui op\u00e8re chez vous r\u00e9alise :<\/p>\n<ul>\n<li>La localisation et la r\u00e9paration de fuites dans vos tuyaux.<\/li>\n<li>Le d\u00e9bouchage et l&rsquo;entretien de vos canalisations.<\/li>\n<li>La r\u00e9vision de votre chauffe-eau.<\/li>\n<li>Le contr\u00f4le de vos canalisations.<\/li>\n<li>La restauration de vos canalisations.<\/li>\n<li>Le nettoyage apr\u00e8s les d\u00e9g\u00e2ts des eaux.<\/li>\n<\/ul>\n<h2>Artisanlocal aux services des entreprises \u00e0 Broc<\/h2>\n<p>\u00c0 Broc, il y a des soci\u00e9t\u00e9s, restaurants et commerces de d\u00e9tail. Une fuite dans un robinet, un reflux dans une canalisation ou encore une panne de chauffe-eau sont des incidents fr\u00e9quents qui peuvent r\u00e9duire la productivit\u00e9 de vos employ\u00e9s. Artisanlocal aide votre entreprise pour :<\/p>\n<ul>\n<li>Le d\u00e9gorgement de vos lavabos et le remplacement de vos mitigeurs de cuisine.<\/li>\n<li>L&rsquo;inspection par vid\u00e9o et la r\u00e9paration de vos tuyaux.<\/li>\n<li>Le service nettoyage de tuyaux canalisations avec un jet d&rsquo;eau \u00e0 haute pression.<\/li>\n<li>L\u2019installation de nouveaux appareils dans votre syst\u00e8me de plomberie.<\/li>\n<li>La vidange, le nettoyage, le remplacement ou la remise en \u00e9tat de bac \u00e0 graisse.<\/li>\n<li>La mise en place, la remise en \u00e9tat et l&rsquo;entretien de votre chauffage ou chauffe-eau.<\/li>\n<li>La r\u00e9novation de votre r\u00e9seau de tuyaux.<\/li>\n<li>Le service de d\u00e9pannage de vos \u00e9quipements sanitaires.<\/li>\n<li>L&rsquo;inspection de vos canalisations par cam\u00e9ra.<\/li>\n<\/ul>\n<h2>Service d&rsquo;entretien de vos tuyaux de canalisations \u00e0 Broc en urgence<\/h2>\n<p>Nos plombiers artisans nettoient vos canalisations \u00e0 Broc en urgence afin de vous pr\u00e9server des probl\u00e8mes d\u2019\u00e9vacuation de vos eaux us\u00e9es, des remont\u00e9es de mauvaises odeurs ou encore du d\u00e9bordement de vos toilettes, \u00e9viers ou baignoires, d&rsquo;autre part, nos plombiers op\u00e8rent d\u00e8s que possible sur vos :<\/p>\n<ul>\n<li>\u00c9viers.<\/li>\n<li>WC.<\/li>\n<li>Toits (goutti\u00e8res).<\/li>\n<li>\u00c9gouts.<\/li>\n<li>Canalisations. <\/li>\n<\/ul>\n<h2>Nettoyage et entretien des r\u00e9seaux d&rsquo;\u00e9gouts \u00e0 Broc<\/h2>\n<p>Le syst\u00e8me d&rsquo;\u00e9gouts constitue le c\u0153ur de la plomberie. Il \u00e9vacue les eaux us\u00e9es des toilettes, des lavabos et des autres appareils sanitaires. Si votre \u00e9gout est bouch\u00e9 ou d\u00e9borde, cela peut causer des d\u00e9g\u00e2ts dans votre habitat, et vous mettre en danger.<\/p>\n<p>L&rsquo;entretien r\u00e9gulier permet d&rsquo;\u00e9viter les refoulements et la formation de bouchons. Nos plombiers \u00e0 Broc emploient les derni\u00e8res technologies pour inspecter, nettoyer et assurer le d\u00e9bit de l&rsquo;eau dans vos canalisations.<\/p>\n<p>Artisanlocal remplace les conduits de vos \u00e9gouts en cas de dommage important. Notre soci\u00e9t\u00e9 propose aussi le nettoyage de votre soci\u00e9t\u00e9 ou de votre h\u00e9bergement \u00e0 la suite d&rsquo;un d\u00e9g\u00e2t des eaux. Pour \u00e9viter la formation de moisissures, nous d\u00e9shumidifions et s\u00e9chons les zones de votre habitat \u00e0 risques.<\/p>\n<h2>Services de r\u00e9paration et d&rsquo;installation de chauffe-eau \u00e0 Broc<\/h2>\n<p>Il n&rsquo;y a que de l&rsquo;eau froide dans votre logement ? Il se peut que vous ayez des soucis avec votre cumulus. Artisanlocal effectue la r\u00e9paration de votre chauffe-eau rapidement. Voici les signaux qui montrent des soucis :<\/p>\n<ul>\n<li>La baisse du volume de l\u2019eau chaude : \u00e7a peut-\u00eatre caus\u00e9 par une fuite d&rsquo;eau dans votre chauffe-eau, ou un \u00e9l\u00e9ment chauffant en panne ou la pr\u00e9sence de s\u00e9diments au fond du r\u00e9servoir.<\/li>\n<li>De l&rsquo;eau \u00e0 proximit\u00e9 de votre r\u00e9servoir : la pr\u00e9sence d&rsquo;eau au pied du cumulus peut-\u00eatre l&rsquo;indication d&rsquo;un dysfonctionnement, ou possiblement d&rsquo;un trou dans le r\u00e9servoir.<\/li>\n<li>Vous percevez des bruits anormaux qui viennent du cumulus : si vous entendez des bruits anormaux, cela peut \u00eatre d\u00fb \u00e0 l&rsquo;accumulation de s\u00e9diments, d\u2019une fuite, ou d&rsquo;un dysfonctionnement de l&rsquo;\u00e9l\u00e9ment chauffant.<\/li>\n<li>La d\u00e9coloration de l&rsquo;eau : c&rsquo;est occasionner par la pr\u00e9sence de substances nocives et de rouille dans votre chauffe-eau.<\/li>\n<li>Le chauffe-eau marche en sans interruption : si vous constatez que votre cumulus est sans cesse en marche, cela peut \u00eatre d\u00fb \u00e0 un probl\u00e8me.<\/li>\n<\/ul>\n<p>En contactant nos plombiers d\u00e8s les premiers signes, il est possible d&rsquo;\u00e9viter des co\u00fbts importants pour vos travaux de r\u00e9parations.<\/p>\n<h2>Nettoyage apr\u00e8s un d\u00e9g\u00e2t des eaux<\/h2>\n<p>Nos \u00e9quipes peuvent nettoyer votre habitat apr\u00e8s une inondation \u00e0 Broc, nous sommes disponibles pour vous apporter une assistance en cas de caves submerg\u00e9es, de fortes pluies, d&rsquo;\u00e9clatements de tuyaux de canalisations, de refoulements d&rsquo;\u00e9gouts, et de d\u00e9bordements de baignoires et de toilettes et d&rsquo;autres soucis de plomberie li\u00e9s \u00e0 un dommages provoqu\u00e9s par l&rsquo;eau.<\/p>\n<h2>Questions fr\u00e9quemment pos\u00e9es<\/h2>\n<h3>Quel est le prix d\u2019un plombier \u00e0 Broc ?<\/h3>\n<p>Apr\u00e8s \u00e9tude de votre souci de plomberie, notre soci\u00e9t\u00e9 vous fournit une estimation gratuite. Les tarifs suivants de nos services sont donn\u00e9s \u00e0 titre indicatif \u00e0 Broc :<\/p>\n<table border=\"1\">\n<tbody>\n<tr>\n<th>Prestations<\/th>\n<th>Prix CHF<\/th>\n<\/tr>\n<tr>\n<td>Mise en place d\u2019un lavabo<\/td>\n<td>280.00<\/td>\n<\/tr>\n<tr>\n<td>Taux horaire : pose sanitaire<\/td>\n<td>110.00 \u00e0 129.00<\/td>\n<\/tr>\n<tr>\n<td>Pose et raccord, d\u2019un siphon \u00e0 un \u00e9vier<\/td>\n<td>70.00<\/td>\n<\/tr>\n<tr>\n<td>Assemblage mobilier de salle d&rsquo;eau<\/td>\n<td>95.00<\/td>\n<\/tr>\n<tr>\n<td>Pose et raccordement, d\u2019une douche \u00e0 la tuyauterie<\/td>\n<td>86.00<\/td>\n<\/tr>\n<tr>\n<td>Installation d\u2019un r\u00e9servoir ind\u00e9pendant de WC<\/td>\n<td>112.00<\/td>\n<\/tr>\n<tr>\n<td>Pose d\u2019accessoires de salle de bain<\/td>\n<td>60.00<\/td>\n<\/tr>\n<tr>\n<td>Pose d\u2019un WC suspendu<\/td>\n<td>170.00<\/td>\n<\/tr>\n<tr>\n<td>D\u00e9placement du plombier aller-retour<\/td>\n<td>100.00<\/td>\n<\/tr>\n<\/tbody>\n<\/table>\n<h3>Votre soci\u00e9t\u00e9 de plomberie \u00e0 Broc est ouverte le dimanche et le samedi ?<\/h3>\n<p>Notre prestation de plomberie est disponible 24h\/24, 7j\/7 et m\u00eame durant les jours f\u00e9ri\u00e9s.<\/p>\n<h3>Nos professionnels interviennent \u00e0 Broc et dans les municipalit\u00e9s alentours ?<\/h3>\n<p>Oui, les professionnels de notre soci\u00e9t\u00e9 op\u00e8rent \u00e0 Broc, comme dans les localit\u00e9s aux alentours, telles que : Maules, S\u00e2les (Gruy\u00e8re), Romanens, Rueyres-Treyfayes, Treyfayes, Vaulruz, Vuadens, Bulle, Riaz, Marsens, Vuippens, La Roche FR, La Tour-de-Tr\u00eame, Charmey (Gruy\u00e8re), Morlon, Sorens, Gumefens, Avry-devant-Pont, Le Bry, Echarlens, Corbi\u00e8res, Hauteville, Pont-la-Ville, Villarvolard, Botterens, Villarbeney, Ch\u00e2tel-sur-Montsalvens, Cr\u00e9suz, Im Fang, Jaun, Abl\u00e4ndschen, Le P\u00e2quier-Montbarry, Epagny, Gruy\u00e8res, Mol\u00e9son-sur-Gruy\u00e8res, Pringy, Estavannens, Grandvillard, Villars-sous-Mont, Enney, Albeuve, Lessoc, Montbovon, Neirivue, Les Sciernes-d'Albeuve.<\/p>\n","protected":false},"excerpt":{"rendered":"<p>Si vous \u00eates domicili\u00e9 \u00e0 Broc, Artisanlocal intervient dans votre foyer en urgence. Pourquoi faire appel \u00e0 Artisanlocal \u00e0 Broc ? Nous sommes ouverts 7 jours sur 7, y compris les jours f\u00e9ri\u00e9s. Nous fournissons des estimations gratuites. Nous utilisons les derni\u00e8res techniques. Notre soci\u00e9t\u00e9 est localis\u00e9e \u00e0 Broc ce qui nous permet d&rsquo;intervenir rapidement [&hellip;]<\/p>\n","protected":false},"author":4,"featured_media":2758,"parent":0,"menu_order":0,"comment_status":"closed","ping_status":"closed","template":"","meta":{"footnotes":""},"profession":[123],"location":[115],"canton":[109],"class_list":["post-961","page","type-page","status-publish","has-post-thumbnail","hentry","profession-sanitaire","location-broc","canton-fr"],"yoast_head":"<!-- This site is optimized with the Yoast SEO Premium plugin v25.7.1 (Yoast SEO v27.4) - https:\/\/yoast.com\/product\/yoast-seo-premium-wordpress\/ -->\n<title>Plombier \u00e0 Broc - Artisanlocal<\/title>\n<meta name=\"robots\" content=\"index, follow, max-snippet:-1, max-image-preview:large, max-video-preview:-1\" \/>\n<link rel=\"canonical\" href=\"https:\/\/www.artisanlocal.ch\/c\/plombier-a-broc\/\" \/>\n<meta property=\"og:locale\" content=\"fr_FR\" \/>\n<meta property=\"og:type\" content=\"article\" \/>\n<meta property=\"og:title\" content=\"Plombier \u00e0 Broc\" \/>\n<meta property=\"og:description\" content=\"Si vous \u00eates domicili\u00e9 \u00e0 Broc, Artisanlocal intervient dans votre foyer en urgence. Pourquoi faire appel \u00e0 Artisanlocal \u00e0 Broc ? Nous sommes ouverts 7 jours sur 7, y compris les jours f\u00e9ri\u00e9s. Nous fournissons des estimations gratuites. Nous utilisons les derni\u00e8res techniques. Notre soci\u00e9t\u00e9 est localis\u00e9e \u00e0 Broc ce qui nous permet d&rsquo;intervenir rapidement [&hellip;]\" \/>\n<meta property=\"og:url\" content=\"https:\/\/www.artisanlocal.ch\/c\/plombier-a-broc\/\" \/>\n<meta property=\"og:site_name\" content=\"Artisanlocal\" \/>\n<meta property=\"article:modified_time\" content=\"2025-08-26T17:26:58+00:00\" \/>\n<meta property=\"og:image\" content=\"https:\/\/www.artisanlocal.ch\/c\/wp-content\/uploads\/2024\/10\/plombier.jpg\" \/>\n\t<meta property=\"og:image:width\" content=\"1920\" \/>\n\t<meta property=\"og:image:height\" content=\"300\" \/>\n\t<meta property=\"og:image:type\" content=\"image\/jpeg\" \/>\n<meta name=\"twitter:card\" content=\"summary_large_image\" \/>\n<meta name=\"twitter:label1\" content=\"Dur\u00e9e de lecture estim\u00e9e\" \/>\n\t<meta name=\"twitter:data1\" content=\"6 minutes\" \/>\n<script type=\"application\/ld+json\" class=\"yoast-schema-graph\">{\"@context\":\"https:\\\/\\\/schema.org\",\"@graph\":[{\"@type\":\"WebPage\",\"@id\":\"https:\\\/\\\/www.artisanlocal.ch\\\/c\\\/plombier-a-broc\\\/\",\"url\":\"https:\\\/\\\/www.artisanlocal.ch\\\/c\\\/plombier-a-broc\\\/\",\"name\":\"Plombier \u00e0 Broc - Artisanlocal\",\"isPartOf\":{\"@id\":\"https:\\\/\\\/www.artisanlocal.ch\\\/c\\\/#website\"},\"primaryImageOfPage\":{\"@id\":\"https:\\\/\\\/www.artisanlocal.ch\\\/c\\\/plombier-a-broc\\\/#primaryimage\"},\"image\":{\"@id\":\"https:\\\/\\\/www.artisanlocal.ch\\\/c\\\/plombier-a-broc\\\/#primaryimage\"},\"thumbnailUrl\":\"https:\\\/\\\/www.artisanlocal.ch\\\/c\\\/wp-content\\\/uploads\\\/2024\\\/10\\\/plombier.jpg\",\"datePublished\":\"2024-05-19T18:11:45+00:00\",\"dateModified\":\"2025-08-26T17:26:58+00:00\",\"breadcrumb\":{\"@id\":\"https:\\\/\\\/www.artisanlocal.ch\\\/c\\\/plombier-a-broc\\\/#breadcrumb\"},\"inLanguage\":\"fr-FR\",\"potentialAction\":[{\"@type\":\"ReadAction\",\"target\":[\"https:\\\/\\\/www.artisanlocal.ch\\\/c\\\/plombier-a-broc\\\/\"]}]},{\"@type\":\"ImageObject\",\"inLanguage\":\"fr-FR\",\"@id\":\"https:\\\/\\\/www.artisanlocal.ch\\\/c\\\/plombier-a-broc\\\/#primaryimage\",\"url\":\"https:\\\/\\\/www.artisanlocal.ch\\\/c\\\/wp-content\\\/uploads\\\/2024\\\/10\\\/plombier.jpg\",\"contentUrl\":\"https:\\\/\\\/www.artisanlocal.ch\\\/c\\\/wp-content\\\/uploads\\\/2024\\\/10\\\/plombier.jpg\",\"width\":1920,\"height\":300},{\"@type\":\"BreadcrumbList\",\"@id\":\"https:\\\/\\\/www.artisanlocal.ch\\\/c\\\/plombier-a-broc\\\/#breadcrumb\",\"itemListElement\":[{\"@type\":\"ListItem\",\"position\":1,\"name\":\"Accueil\",\"item\":\"https:\\\/\\\/www.artisanlocal.ch\\\/c\\\/\"},{\"@type\":\"ListItem\",\"position\":2,\"name\":\"Plombier \u00e0 Broc\"}]},{\"@type\":\"WebSite\",\"@id\":\"https:\\\/\\\/www.artisanlocal.ch\\\/c\\\/#website\",\"url\":\"https:\\\/\\\/www.artisanlocal.ch\\\/c\\\/\",\"name\":\"Artisanlocal\",\"description\":\"\",\"publisher\":{\"@id\":\"https:\\\/\\\/www.artisanlocal.ch\\\/c\\\/#organization\"},\"potentialAction\":[{\"@type\":\"SearchAction\",\"target\":{\"@type\":\"EntryPoint\",\"urlTemplate\":\"https:\\\/\\\/www.artisanlocal.ch\\\/c\\\/?s={search_term_string}\"},\"query-input\":{\"@type\":\"PropertyValueSpecification\",\"valueRequired\":true,\"valueName\":\"search_term_string\"}}],\"inLanguage\":\"fr-FR\"},{\"@type\":\"Organization\",\"@id\":\"https:\\\/\\\/www.artisanlocal.ch\\\/c\\\/#organization\",\"name\":\"Artisanlocal\",\"url\":\"https:\\\/\\\/www.artisanlocal.ch\\\/c\\\/\",\"logo\":{\"@type\":\"ImageObject\",\"inLanguage\":\"fr-FR\",\"@id\":\"https:\\\/\\\/www.artisanlocal.ch\\\/c\\\/#\\\/schema\\\/logo\\\/image\\\/\",\"url\":\"https:\\\/\\\/www.artisanlocal.ch\\\/c\\\/wp-content\\\/uploads\\\/2024\\\/02\\\/logo-artisanlocal-h.svg\",\"contentUrl\":\"https:\\\/\\\/www.artisanlocal.ch\\\/c\\\/wp-content\\\/uploads\\\/2024\\\/02\\\/logo-artisanlocal-h.svg\",\"caption\":\"Artisanlocal\"},\"image\":{\"@id\":\"https:\\\/\\\/www.artisanlocal.ch\\\/c\\\/#\\\/schema\\\/logo\\\/image\\\/\"}}]}<\/script>\n<!-- \/ Yoast SEO Premium plugin. -->","yoast_head_json":{"title":"Plombier \u00e0 Broc - Artisanlocal","robots":{"index":"index","follow":"follow","max-snippet":"max-snippet:-1","max-image-preview":"max-image-preview:large","max-video-preview":"max-video-preview:-1"},"canonical":"https:\/\/www.artisanlocal.ch\/c\/plombier-a-broc\/","og_locale":"fr_FR","og_type":"article","og_title":"Plombier \u00e0 Broc","og_description":"Si vous \u00eates domicili\u00e9 \u00e0 Broc, Artisanlocal intervient dans votre foyer en urgence. Pourquoi faire appel \u00e0 Artisanlocal \u00e0 Broc ? Nous sommes ouverts 7 jours sur 7, y compris les jours f\u00e9ri\u00e9s. Nous fournissons des estimations gratuites. Nous utilisons les derni\u00e8res techniques. Notre soci\u00e9t\u00e9 est localis\u00e9e \u00e0 Broc ce qui nous permet d&rsquo;intervenir rapidement [&hellip;]","og_url":"https:\/\/www.artisanlocal.ch\/c\/plombier-a-broc\/","og_site_name":"Artisanlocal","article_modified_time":"2025-08-26T17:26:58+00:00","og_image":[{"width":1920,"height":300,"url":"https:\/\/www.artisanlocal.ch\/c\/wp-content\/uploads\/2024\/10\/plombier.jpg","type":"image\/jpeg"}],"twitter_card":"summary_large_image","twitter_misc":{"Dur\u00e9e de lecture estim\u00e9e":"6 minutes"},"schema":{"@context":"https:\/\/schema.org","@graph":[{"@type":"WebPage","@id":"https:\/\/www.artisanlocal.ch\/c\/plombier-a-broc\/","url":"https:\/\/www.artisanlocal.ch\/c\/plombier-a-broc\/","name":"Plombier \u00e0 Broc - Artisanlocal","isPartOf":{"@id":"https:\/\/www.artisanlocal.ch\/c\/#website"},"primaryImageOfPage":{"@id":"https:\/\/www.artisanlocal.ch\/c\/plombier-a-broc\/#primaryimage"},"image":{"@id":"https:\/\/www.artisanlocal.ch\/c\/plombier-a-broc\/#primaryimage"},"thumbnailUrl":"https:\/\/www.artisanlocal.ch\/c\/wp-content\/uploads\/2024\/10\/plombier.jpg","datePublished":"2024-05-19T18:11:45+00:00","dateModified":"2025-08-26T17:26:58+00:00","breadcrumb":{"@id":"https:\/\/www.artisanlocal.ch\/c\/plombier-a-broc\/#breadcrumb"},"inLanguage":"fr-FR","potentialAction":[{"@type":"ReadAction","target":["https:\/\/www.artisanlocal.ch\/c\/plombier-a-broc\/"]}]},{"@type":"ImageObject","inLanguage":"fr-FR","@id":"https:\/\/www.artisanlocal.ch\/c\/plombier-a-broc\/#primaryimage","url":"https:\/\/www.artisanlocal.ch\/c\/wp-content\/uploads\/2024\/10\/plombier.jpg","contentUrl":"https:\/\/www.artisanlocal.ch\/c\/wp-content\/uploads\/2024\/10\/plombier.jpg","width":1920,"height":300},{"@type":"BreadcrumbList","@id":"https:\/\/www.artisanlocal.ch\/c\/plombier-a-broc\/#breadcrumb","itemListElement":[{"@type":"ListItem","position":1,"name":"Accueil","item":"https:\/\/www.artisanlocal.ch\/c\/"},{"@type":"ListItem","position":2,"name":"Plombier \u00e0 Broc"}]},{"@type":"WebSite","@id":"https:\/\/www.artisanlocal.ch\/c\/#website","url":"https:\/\/www.artisanlocal.ch\/c\/","name":"Artisanlocal","description":"","publisher":{"@id":"https:\/\/www.artisanlocal.ch\/c\/#organization"},"potentialAction":[{"@type":"SearchAction","target":{"@type":"EntryPoint","urlTemplate":"https:\/\/www.artisanlocal.ch\/c\/?s={search_term_string}"},"query-input":{"@type":"PropertyValueSpecification","valueRequired":true,"valueName":"search_term_string"}}],"inLanguage":"fr-FR"},{"@type":"Organization","@id":"https:\/\/www.artisanlocal.ch\/c\/#organization","name":"Artisanlocal","url":"https:\/\/www.artisanlocal.ch\/c\/","logo":{"@type":"ImageObject","inLanguage":"fr-FR","@id":"https:\/\/www.artisanlocal.ch\/c\/#\/schema\/logo\/image\/","url":"https:\/\/www.artisanlocal.ch\/c\/wp-content\/uploads\/2024\/02\/logo-artisanlocal-h.svg","contentUrl":"https:\/\/www.artisanlocal.ch\/c\/wp-content\/uploads\/2024\/02\/logo-artisanlocal-h.svg","caption":"Artisanlocal"},"image":{"@id":"https:\/\/www.artisanlocal.ch\/c\/#\/schema\/logo\/image\/"}}]}},"_links":{"self":[{"href":"https:\/\/www.artisanlocal.ch\/c\/wp-json\/wp\/v2\/pages\/961","targetHints":{"allow":["GET"]}}],"collection":[{"href":"https:\/\/www.artisanlocal.ch\/c\/wp-json\/wp\/v2\/pages"}],"about":[{"href":"https:\/\/www.artisanlocal.ch\/c\/wp-json\/wp\/v2\/types\/page"}],"author":[{"embeddable":true,"href":"https:\/\/www.artisanlocal.ch\/c\/wp-json\/wp\/v2\/users\/4"}],"replies":[{"embeddable":true,"href":"https:\/\/www.artisanlocal.ch\/c\/wp-json\/wp\/v2\/comments?post=961"}],"version-history":[{"count":0,"href":"https:\/\/www.artisanlocal.ch\/c\/wp-json\/wp\/v2\/pages\/961\/revisions"}],"wp:featuredmedia":[{"embeddable":true,"href":"https:\/\/www.artisanlocal.ch\/c\/wp-json\/wp\/v2\/media\/2758"}],"wp:attachment":[{"href":"https:\/\/www.artisanlocal.ch\/c\/wp-json\/wp\/v2\/media?parent=961"}],"wp:term":[{"taxonomy":"profession","embeddable":true,"href":"https:\/\/www.artisanlocal.ch\/c\/wp-json\/wp\/v2\/profession?post=961"},{"taxonomy":"location","embeddable":true,"href":"https:\/\/www.artisanlocal.ch\/c\/wp-json\/wp\/v2\/location?post=961"},{"taxonomy":"canton","embeddable":true,"href":"https:\/\/www.artisanlocal.ch\/c\/wp-json\/wp\/v2\/canton?post=961"}],"curies":[{"name":"wp","href":"https:\/\/api.w.org\/{rel}","templated":true}]}}