{"id":963,"date":"2024-05-19T07:03:22","date_gmt":"2024-05-19T05:03:22","guid":{"rendered":"https:\/\/www.artisanlocal.ch\/c\/plombier-bulle\/"},"modified":"2025-08-26T19:27:15","modified_gmt":"2025-08-26T17:27:15","slug":"plombier-bulle","status":"publish","type":"page","link":"https:\/\/www.artisanlocal.ch\/c\/plombier-bulle\/","title":{"rendered":"Plombier Bulle"},"content":{"rendered":"<p>Si vous \u00eates un Bullois, nos plombiers se d\u00e9placent \u00e0 votre domicile.<\/p>\n\r\n<div class=\"box\">\r\n            <div class=\"company-info\">\r\n            <img decoding=\"async\" class=\"company-info__logo\" src=\"https:\/\/www.artisanlocal.ch\/media\/cache\/thumb\/images\/companies\/66c48c393d7ef777233838.png\" alt=\"Logo\">\r\n            <h2 class=\"company-info__name\">Calotherm Concept SA<\/h2>\r\n            <p class=\"company-info__business\">Chauffage - Sanitaire - D\u00e9pannage - Pompe \u00e0 chaleur - \u00c9nergie renouvellable - R\u00e9novation salle de bains<\/p>\r\n        <\/div>\r\n        <div class=\"company-contact\">\r\n            <p class=\"company-info__address\">Chemin de Combernesse 4<\/p>\r\n                            <div class=\"links\">\r\n                                            <a class=\"btn has-accent-background-color js-phoneNumber\" href=\"tel:0791552927\" title=\"Appelez\" data-id=\"25159\" data-type=\"11\">079 155 29 27<\/a>\r\n                                                                <a class=\"btn has-accent-background-color\" href=\"https:\/\/calotherm-sa.ch\/\" target=\"_blank\" title=\"Voir le site internet\" data-id=\"25159\" data-type=\"20\">Site internet<\/a>\r\n                                    <\/div>\r\n                    <\/div>\r\n    \r\n            \r\n<form action=\"https:\/\/www.artisanlocal.ch\/c\/wp-admin\/admin-ajax.php\" method=\"post\" class=\"form-contact\" id=\"artisan_form_contact_company_inline\">\r\n    <div><input type=\"hidden\" name=\"action\" value=\"company_contact\"><\/div>\r\n    <div><input type=\"hidden\" name=\"nonce\" value=\"972bc58192\"><\/div>\r\n    <div><input type=\"hidden\" name=\"company_id\" value=\"25159\"><\/div>\r\n    <div><input type=\"hidden\" name=\"form_id\" value=\"artisan_form_contact_company_inline\"><\/div>\r\n    <div class=\"gglcptch gglcptch_v3 gglcptch_custom\"><input type=\"hidden\" id=\"g-recaptcha-response\" name=\"g-recaptcha-response\" \/><br \/><div class=\"gglcptch_error_text\">La p\u00e9riode de v\u00e9rification reCAPTCHA a expir\u00e9. Veuillez recharger la page.<\/div><\/div>    <div class=\"form-content\">\r\n        <div class=\"form-group\">\r\n            <label for=\"contact_firstName\" class=\"required\">Pr\u00e9nom<\/label>\r\n            <input type=\"text\" name=\"firstName\" class=\"form-control\" required>\r\n        <\/div>\r\n        <div class=\"form-group\">\r\n            <label for=\"contact_lastName\" class=\"required\">Nom<\/label>\r\n            <input type=\"text\" name=\"lastName\" class=\"form-control\" required>\r\n        <\/div>\r\n        <div class=\"form-group\">\r\n            <label for=\"contact_email\" class=\"required\">Email<\/label>\r\n            <input type=\"email\" name=\"email\" class=\"form-control\" required>\r\n        <\/div>\r\n        <div class=\"form-group\">\r\n            <label for=\"contact_phone\" class=\"required\">Num\u00e9ro de t\u00e9l\u00e9phone<\/label>\r\n            <input type=\"tel\" name=\"phone\" class=\"form-control\" placeholder=\"0787117165\" pattern=\"^[0-9]{10}$\" required>\r\n        <\/div>\r\n        <div class=\"form-group\">\r\n            <label for=\"contact_postalCode\" class=\"required\">Code postal et localit\u00e9<\/label>\r\n            <input type=\"text\" name=\"postalCode\" class=\"form-control\" required>\r\n        <\/div>\r\n        <div class=\"form-group\">\r\n            <label for=\"contact_address\" class=\"required\">Adresse<\/label>\r\n            <input type=\"text\" name=\"address\" class=\"form-control\" required>\r\n        <\/div>\r\n        <div class=\"full-width topic\">\r\n            <p class=\"required\">Je souhaite \u00eatre contact\u00e9 pour :<\/p>\r\n            <div class=\"form-check\">\r\n                <input type=\"radio\" name=\"topic\" value=\"D\u00e9pannage\" class=\"form-control\" required>\r\n                <label for=\"d\u00e9pannage\">D\u00e9pannage<\/label>\r\n            <\/div>\r\n            <div class=\"form-check\">\r\n                <input type=\"radio\" name=\"topic\" value=\"Entretien\" class=\"form-control\" required>\r\n                <label for=\"entretien\">Entretien<\/label>\r\n            <\/div>\r\n            <div class=\"form-check\">\r\n                <input type=\"radio\" name=\"topic\" value=\"R\u00e9novation\" class=\"form-control\" required>\r\n                <label for=\"r\u00e9novation\">R\u00e9novation<\/label>\r\n            <\/div>\r\n            <div class=\"form-check\">\r\n                <input type=\"radio\" name=\"topic\" value=\"Autre\" class=\"form-control\" required>\r\n                <label for=\"autre\">Autre<\/label>\r\n            <\/div>\r\n        <\/div>\r\n        <div class=\"form-group full-width\">\r\n            <label for=\"contact_message\">Message<\/label>\r\n            <textarea name=\"message\" rows=\"3\" class=\"form-control\"><\/textarea>\r\n        <\/div>\r\n    <\/div>\r\n    <div class=\"form-actions\">\r\n        <button class=\"wp-block-button__link has-accent-background-color\">Contacter<\/button>\r\n    <\/div>\r\n<\/form>\r\n<div class=\"form-feedback\"><\/div>    <\/div>\n<h2>Pourquoi choisir Artisanlocal \u00e0 Bulle ?<\/h2>\n<ul>\n<li>Nous sommes ouverts 24 heures sur 24, tous les jours de la semaine, y compris les jours f\u00e9ri\u00e9s.<\/li>\n<li>Nous fournissons des estimations gratuites.<\/li>\n<li>Nos plombiers emploient les derni\u00e8res techniques et technologies.<\/li>\n<li>Notre entreprise est situ\u00e9e \u00e0 Bulle permettant \u00e0 nos artisans d&rsquo;intervenir rapidement dans votre domicile.<\/li>\n<li>Nos prix sont comp\u00e9titifs.<\/li>\n<li>Tous nos plombiers sont qualifi\u00e9s et poss\u00e8dent les comp\u00e9tences n\u00e9cessaires.<\/li>\n<li>Nous contr\u00f4lons votre plomberie avant les travaux.<\/li>\n<li>Aucun probl\u00e8me est insurmontable pour notre \u00e9quipe d&rsquo;artisan, nous effectuons tous types d&rsquo;interventions.<\/li>\n<\/ul>\n<h2>Les services que nous proposons \u00e0 Bulle<\/h2>\n<ul>\n<li>Nous d\u00e9tectons les fuites et ensuite, nous r\u00e9novons vos tuyauteries.<\/li>\n<li>Le changement de votre \u00e9quipement sanitaire.<\/li>\n<li>Nos artisans r\u00e9parent tous vos \u00e9quipements sanitaires.<\/li>\n<li>Les travaux de plomberie, pour : l\u2019installation de lavabo, d&rsquo;\u00e9vier, de la tuyauterie et de robinet.<\/li>\n<li>La pose de ballons d&rsquo;eau chaude ou de chaudi\u00e8res.<\/li>\n<li>Nous r\u00e9alisons l&rsquo;assainissement et le d\u00e9bouchage de vos canalisations.<\/li>\n<li>Nous restaurons compl\u00e8tement les salles d&rsquo;eau.<\/li>\n<li>Nous pouvons aussi r\u00e9aliser aussi la vidange de votre fosse septique.<\/li>\n<\/ul>\n<h2>Comment fonctionne Artisanlocal ?<\/h2>\n<ol>\n<li>Suite \u00e0 votre prise de contact par t\u00e9l\u00e9phone ou mail, un de nos artisans vous contacte pour examiner l&rsquo;\u00e9tendue de votre probl\u00e8me.<\/li>\n<li>Par la suite, nous vous offrons un devis d\u00e9taill\u00e9 et gratuit. Avec notre soci\u00e9t\u00e9, il n&rsquo;y a aucuns frais cach\u00e9s, \u00e0 moins que vous ayez besoin d&rsquo;\u00e9l\u00e9ments de remplacement ou de gros travaux.<\/li>\n<li>Apr\u00e8s la validation du devis, notre artisan plombier fixe avec vous une date d\u2019intervention.<\/li>\n<\/ol>\n<h2>Prestations de plomberie pour les particuliers \u00e0 Bulle<\/h2>\n<p>Si votre plomberie est d\u00e9fectueuse, il y a une possibilit\u00e9 que votre eau soit contamin\u00e9e et vous pouvez mettre en p\u00e9ril la sant\u00e9 vos proches, c\u2019est la raison pour laquelle le plombier qui se d\u00e9place chez vous effectue :<\/p>\n<ul>\n<li>La r\u00e9paration de fuites.<\/li>\n<li>Le d\u00e9bouchage et le nettoyage de vos canalisations.<\/li>\n<li>La maintenance de votre chauffe-eau.<\/li>\n<li>Le contr\u00f4le de vos tuyaux.<\/li>\n<li>La r\u00e9novation de vos canalisations.<\/li>\n<li>Le nettoyage apr\u00e8s les d\u00e9g\u00e2ts des eaux.<\/li>\n<\/ul>\n<h2>Service de plombier pour les entreprises \u00e0 Bulle<\/h2>\n<p>\u00c0 Bulle, il y a des entreprises, restaurants et commerces de proximit\u00e9. Les robinets qui coulent, les tuyaux de canalisations bouch\u00e9es et les chauffe-eau qui fonctionnent mal sont des probl\u00e8mes qui peuvent conduire \u00e0 une chute de productivit\u00e9 ou encore endommager vos locaux. Artisanlocal assiste votre entreprise pour :<\/p>\n<ul>\n<li>La suppression des bouchons dans les \u00e9viers et la pose d&rsquo;une nouvelle robinetterie.<\/li>\n<li>L&rsquo;inspection par vid\u00e9o et la remise en \u00e9tat de vos tuyaux d&rsquo;\u00e9vacuations.<\/li>\n<li>Le service nettoyage de tuyaux canalisations avec un jet d&rsquo;eau \u00e0 haute pression.<\/li>\n<li>L&rsquo;installation de nouveaux dispositifs de plomberie.<\/li>\n<li>Le nettoyage, le changement ou la r\u00e9paration de bac d\u00e9graisseur.<\/li>\n<li>La mise en place, l\u2019entretien et la r\u00e9paration de votre chauffe-eau ou syst\u00e8me de chauffage.<\/li>\n<li>La r\u00e9paration de votre r\u00e9seau de tuyaux.<\/li>\n<li>Le service de d\u00e9pannage de vos \u00e9quipements sanitaires.<\/li>\n<li>L&rsquo;examen de vos \u00e9gouts par vid\u00e9o.<\/li>\n<\/ul>\n<h2>Service d&rsquo;entretien de vos canalisations \u00e0 Bulle en urgence<\/h2>\n<p>Si vous \u00eates un Bullois, notre soci\u00e9t\u00e9 intervient en urgence pour le d\u00e9bouchage vos canalisations ou pour r\u00e9gler vos probl\u00e8mes de refoulement de vos WC, \u00e9viers ou douches, de plus, nos plombiers interviennent d\u00e8s que possible sur vos :<\/p>\n<ul>\n<li>Lavabos.<\/li>\n<li>Toilettes.<\/li>\n<li>Toits (goutti\u00e8res).<\/li>\n<li>Syst\u00e8mes d&rsquo;\u00e9gouts.<\/li>\n<li>Tuyauteries. <\/li>\n<\/ul>\n<h2>Service de nettoyage d&rsquo;\u00e9gouts \u00e0 Bulle<\/h2>\n<p>Le r\u00e9seau d&rsquo;\u00e9gouts constitue le c\u0153ur de la plomberie. Il assure l&rsquo;\u00e9vacuation des eaux us\u00e9es des lavabos, des toilettes et des autres installations sanitaires. Si votre \u00e9gout est plein ou que l&rsquo;eau remonte, cela peut provoquer des dommages dans votre logement, et compromettre votre s\u00e9curit\u00e9.<\/p>\n<p>L&rsquo;entretien r\u00e9gulier permet d&#8217;emp\u00eacher les refoulements et la cr\u00e9ation de bouchons. Nos artisans plombiers \u00e0 Bulle utilisent les derni\u00e8res technologies pour \u00e9liminer, inspecter et restaurer l&rsquo;\u00e9coulement des eaux us\u00e9es dans vos tuyaux de canalisations.<\/p>\n<p>Artisanlocal peut aussi remplacer votre tuyauterie si elle est trop ab\u00eem\u00e9e. Notre soci\u00e9t\u00e9 peut aussi nettoyer rapidement tout dommage caus\u00e9 par les eaux us\u00e9es dans votre r\u00e9sidence ou entreprise. Pour \u00e9viter le d\u00e9veloppement de moisissures, nous d\u00e9shumidifions et s\u00e9chons les zones de votre habitat \u00e0 risques.<\/p>\n<h2>Services de r\u00e9paration et de mise en place de chauffe-eau \u00e0 Bulle<\/h2>\n<p>Il n&rsquo;y a que de l&rsquo;eau froide dans votre h\u00e9bergement ? Votre cumulus peut rencontrer des probl\u00e8mes. Artisanlocal remet en \u00e9tat votre cumulus rapidement. Voici les signes qui indiquent des soucis :<\/p>\n<ul>\n<li>Un faible d\u00e9bit d&rsquo;eau chaude : cela peut-\u00eatre d\u00fb \u00e0 une fuite de votre cumulus, ou un \u00e9l\u00e9ment chauffant d\u00e9fectueux ou l&rsquo;accumulation de s\u00e9diments dans votre r\u00e9servoir.<\/li>\n<li>De l&rsquo;eau \u00e0 proximit\u00e9 de votre r\u00e9servoir : la pr\u00e9sence d&rsquo;eau au pied du r\u00e9servoir est le signe d&rsquo;un dysfonctionnement, ou la pr\u00e9sence d&rsquo;un trou dans votre cumulus.<\/li>\n<li>Vous percevez des bruits \u00e9tranges qui viennent du cumulus : si vous entendez des sons anormaux, cela peut \u00eatre d\u00fb \u00e0 la grande quantit\u00e9 de s\u00e9diments, un dysfonctionnement de l&rsquo;\u00e9l\u00e9ment chauffant ou d\u2019une fuite d&rsquo;eau.<\/li>\n<li>L&rsquo;eau est d\u00e9color\u00e9e : cela peut \u00eatre caus\u00e9 par la rouille ou \u00e0 d&rsquo;autres contaminants pr\u00e9sents dans le cumulus.<\/li>\n<li>Le chauffe-eau marche en continu : si vous constatez que votre chauffe-eau est toujours en marche, cela peut \u00eatre d\u00fb \u00e0 un probl\u00e8me.<\/li>\n<\/ul>\n<p>En appelant nos artisans plombiers d\u00e8s les premiers signes, il est possible d&rsquo;\u00e9viter des co\u00fbts \u00e9lev\u00e9s pour vos travaux de r\u00e9parations.<\/p>\n<h2>Assistance de nettoyage apr\u00e8s des d\u00e9g\u00e2ts des eaux<\/h2>\n<p>Nos plombiers peuvent nettoyer votre domicile apr\u00e8s un d\u00e9g\u00e2t des eaux \u00e0 Bulle, nous sommes disponibles pour vous aider en cas de caves inond\u00e9es, de fortes pluies, d&rsquo;\u00e9clatements de canalisations, de reflux d&rsquo;\u00e9gouts, et de d\u00e9bordements de baignoires et de toilettes et d&rsquo;autres probl\u00e8mes de plomberie li\u00e9s \u00e0 un dommages engendr\u00e9s par l&rsquo;eau.<\/p>\n<h2>Questions fr\u00e9quemment pos\u00e9es<\/h2>\n<h3>Quel est le montant d\u2019un plombier \u00e0 Bulle ?<\/h3>\n<p>Apr\u00e8s \u00e9tude de votre probl\u00e8me de plomberie, Artisanlocal vous offre une estimation gratuite. Les prix suivants de nos services sont donn\u00e9s \u00e0 titre indicatif \u00e0 Bulle :<\/p>\n<table border=\"1\">\n<tbody>\n<tr>\n<th>Services<\/th>\n<th>Prix CHF<\/th>\n<\/tr>\n<tr>\n<td>Installation d\u2019un lavabo<\/td>\n<td>280.00<\/td>\n<\/tr>\n<tr>\n<td>Tarif horaire : mise en place sanitaire<\/td>\n<td>110.00 \u00e0 129.00<\/td>\n<\/tr>\n<tr>\n<td>Mise en place et raccordement, d\u2019un siphon \u00e0 un lavabo<\/td>\n<td>70.00<\/td>\n<\/tr>\n<tr>\n<td>Assemblage mobilier de salle d&rsquo;eau<\/td>\n<td>95.00<\/td>\n<\/tr>\n<tr>\n<td>Mise en place et raccord, d\u2019une douche \u00e0 la tuyauterie<\/td>\n<td>86.00<\/td>\n<\/tr>\n<tr>\n<td>Mise en place d\u2019un r\u00e9servoir ind\u00e9pendant de toilette<\/td>\n<td>112.00<\/td>\n<\/tr>\n<tr>\n<td>Pose d\u2019accessoires de salle de bain<\/td>\n<td>60.00<\/td>\n<\/tr>\n<tr>\n<td>Mise en place d\u2019un toilette suspendu<\/td>\n<td>170.00<\/td>\n<\/tr>\n<tr>\n<td>D\u00e9placement aller-retour<\/td>\n<td>100.00<\/td>\n<\/tr>\n<\/tbody>\n<\/table>\n<h3>L&rsquo;entreprise Artisanlocal est-elle ouverte les samedis et dimanches ?<\/h3>\n<p>Notre soci\u00e9t\u00e9 offre un service de plomberie en urgence 24 heures sur 24 et 7 jours sur 7 et les jours f\u00e9ri\u00e9s.<\/p>\n<h3>Nos professionnels interviennent \u00e0 Bulle et dans les localit\u00e9s alentours ?<\/h3>\n<p>Oui, les plombiers de notre soci\u00e9t\u00e9 interviennent \u00e0 Bulle, \u00e9galement dans les localit\u00e9s aux environs, telles que : Maules, S\u00e2les (Gruy\u00e8re), Romanens, Rueyres-Treyfayes, Treyfayes, Vaulruz, Vuadens, Riaz, Marsens, Vuippens, La Roche FR, La Tour-de-Tr\u00eame, Broc, Charmey (Gruy\u00e8re), Morlon, Sorens, Gumefens, Avry-devant-Pont, Le Bry, Echarlens, Corbi\u00e8res, Hauteville, Pont-la-Ville, Villarvolard, Botterens, Villarbeney, Ch\u00e2tel-sur-Montsalvens, Cr\u00e9suz, Im Fang, Jaun, Abl\u00e4ndschen, Le P\u00e2quier-Montbarry, Epagny, Gruy\u00e8res, Mol\u00e9son-sur-Gruy\u00e8res, Pringy, Estavannens, Grandvillard, Villars-sous-Mont, Enney, Albeuve, Lessoc, Montbovon, Neirivue, Les Sciernes-d'Albeuve.<\/p>\n","protected":false},"excerpt":{"rendered":"<p>Si vous \u00eates un Bullois, nos plombiers se d\u00e9placent \u00e0 votre domicile. Pourquoi choisir Artisanlocal \u00e0 Bulle ? Nous sommes ouverts 24 heures sur 24, tous les jours de la semaine, y compris les jours f\u00e9ri\u00e9s. Nous fournissons des estimations gratuites. Nos plombiers emploient les derni\u00e8res techniques et technologies. Notre entreprise est situ\u00e9e \u00e0 Bulle [&hellip;]<\/p>\n","protected":false},"author":4,"featured_media":2758,"parent":0,"menu_order":0,"comment_status":"closed","ping_status":"closed","template":"","meta":{"footnotes":""},"profession":[123],"location":[58],"canton":[109],"class_list":["post-963","page","type-page","status-publish","has-post-thumbnail","hentry","profession-sanitaire","location-bulle","canton-fr"],"yoast_head":"<!-- This site is optimized with the Yoast SEO Premium plugin v25.7.1 (Yoast SEO v27.4) - https:\/\/yoast.com\/product\/yoast-seo-premium-wordpress\/ -->\n<title>Plombier Bulle - Artisanlocal<\/title>\n<meta name=\"robots\" content=\"index, follow, max-snippet:-1, max-image-preview:large, max-video-preview:-1\" \/>\n<link rel=\"canonical\" href=\"https:\/\/www.artisanlocal.ch\/c\/plombier-bulle\/\" \/>\n<meta property=\"og:locale\" content=\"fr_FR\" \/>\n<meta property=\"og:type\" content=\"article\" \/>\n<meta property=\"og:title\" content=\"Plombier Bulle\" \/>\n<meta property=\"og:description\" content=\"Si vous \u00eates un Bullois, nos plombiers se d\u00e9placent \u00e0 votre domicile. Pourquoi choisir Artisanlocal \u00e0 Bulle ? Nous sommes ouverts 24 heures sur 24, tous les jours de la semaine, y compris les jours f\u00e9ri\u00e9s. Nous fournissons des estimations gratuites. Nos plombiers emploient les derni\u00e8res techniques et technologies. Notre entreprise est situ\u00e9e \u00e0 Bulle [&hellip;]\" \/>\n<meta property=\"og:url\" content=\"https:\/\/www.artisanlocal.ch\/c\/plombier-bulle\/\" \/>\n<meta property=\"og:site_name\" content=\"Artisanlocal\" \/>\n<meta property=\"article:modified_time\" content=\"2025-08-26T17:27:15+00:00\" \/>\n<meta property=\"og:image\" content=\"https:\/\/www.artisanlocal.ch\/c\/wp-content\/uploads\/2024\/10\/plombier.jpg\" \/>\n\t<meta property=\"og:image:width\" content=\"1920\" \/>\n\t<meta property=\"og:image:height\" content=\"300\" \/>\n\t<meta property=\"og:image:type\" content=\"image\/jpeg\" \/>\n<meta name=\"twitter:card\" content=\"summary_large_image\" \/>\n<meta name=\"twitter:label1\" content=\"Dur\u00e9e de lecture estim\u00e9e\" \/>\n\t<meta name=\"twitter:data1\" content=\"6 minutes\" \/>\n<script type=\"application\/ld+json\" class=\"yoast-schema-graph\">{\"@context\":\"https:\\\/\\\/schema.org\",\"@graph\":[{\"@type\":\"WebPage\",\"@id\":\"https:\\\/\\\/www.artisanlocal.ch\\\/c\\\/plombier-bulle\\\/\",\"url\":\"https:\\\/\\\/www.artisanlocal.ch\\\/c\\\/plombier-bulle\\\/\",\"name\":\"Plombier Bulle - Artisanlocal\",\"isPartOf\":{\"@id\":\"https:\\\/\\\/www.artisanlocal.ch\\\/c\\\/#website\"},\"primaryImageOfPage\":{\"@id\":\"https:\\\/\\\/www.artisanlocal.ch\\\/c\\\/plombier-bulle\\\/#primaryimage\"},\"image\":{\"@id\":\"https:\\\/\\\/www.artisanlocal.ch\\\/c\\\/plombier-bulle\\\/#primaryimage\"},\"thumbnailUrl\":\"https:\\\/\\\/www.artisanlocal.ch\\\/c\\\/wp-content\\\/uploads\\\/2024\\\/10\\\/plombier.jpg\",\"datePublished\":\"2024-05-19T05:03:22+00:00\",\"dateModified\":\"2025-08-26T17:27:15+00:00\",\"breadcrumb\":{\"@id\":\"https:\\\/\\\/www.artisanlocal.ch\\\/c\\\/plombier-bulle\\\/#breadcrumb\"},\"inLanguage\":\"fr-FR\",\"potentialAction\":[{\"@type\":\"ReadAction\",\"target\":[\"https:\\\/\\\/www.artisanlocal.ch\\\/c\\\/plombier-bulle\\\/\"]}]},{\"@type\":\"ImageObject\",\"inLanguage\":\"fr-FR\",\"@id\":\"https:\\\/\\\/www.artisanlocal.ch\\\/c\\\/plombier-bulle\\\/#primaryimage\",\"url\":\"https:\\\/\\\/www.artisanlocal.ch\\\/c\\\/wp-content\\\/uploads\\\/2024\\\/10\\\/plombier.jpg\",\"contentUrl\":\"https:\\\/\\\/www.artisanlocal.ch\\\/c\\\/wp-content\\\/uploads\\\/2024\\\/10\\\/plombier.jpg\",\"width\":1920,\"height\":300},{\"@type\":\"BreadcrumbList\",\"@id\":\"https:\\\/\\\/www.artisanlocal.ch\\\/c\\\/plombier-bulle\\\/#breadcrumb\",\"itemListElement\":[{\"@type\":\"ListItem\",\"position\":1,\"name\":\"Accueil\",\"item\":\"https:\\\/\\\/www.artisanlocal.ch\\\/c\\\/\"},{\"@type\":\"ListItem\",\"position\":2,\"name\":\"Plombier Bulle\"}]},{\"@type\":\"WebSite\",\"@id\":\"https:\\\/\\\/www.artisanlocal.ch\\\/c\\\/#website\",\"url\":\"https:\\\/\\\/www.artisanlocal.ch\\\/c\\\/\",\"name\":\"Artisanlocal\",\"description\":\"\",\"publisher\":{\"@id\":\"https:\\\/\\\/www.artisanlocal.ch\\\/c\\\/#organization\"},\"potentialAction\":[{\"@type\":\"SearchAction\",\"target\":{\"@type\":\"EntryPoint\",\"urlTemplate\":\"https:\\\/\\\/www.artisanlocal.ch\\\/c\\\/?s={search_term_string}\"},\"query-input\":{\"@type\":\"PropertyValueSpecification\",\"valueRequired\":true,\"valueName\":\"search_term_string\"}}],\"inLanguage\":\"fr-FR\"},{\"@type\":\"Organization\",\"@id\":\"https:\\\/\\\/www.artisanlocal.ch\\\/c\\\/#organization\",\"name\":\"Artisanlocal\",\"url\":\"https:\\\/\\\/www.artisanlocal.ch\\\/c\\\/\",\"logo\":{\"@type\":\"ImageObject\",\"inLanguage\":\"fr-FR\",\"@id\":\"https:\\\/\\\/www.artisanlocal.ch\\\/c\\\/#\\\/schema\\\/logo\\\/image\\\/\",\"url\":\"https:\\\/\\\/www.artisanlocal.ch\\\/c\\\/wp-content\\\/uploads\\\/2024\\\/02\\\/logo-artisanlocal-h.svg\",\"contentUrl\":\"https:\\\/\\\/www.artisanlocal.ch\\\/c\\\/wp-content\\\/uploads\\\/2024\\\/02\\\/logo-artisanlocal-h.svg\",\"caption\":\"Artisanlocal\"},\"image\":{\"@id\":\"https:\\\/\\\/www.artisanlocal.ch\\\/c\\\/#\\\/schema\\\/logo\\\/image\\\/\"}}]}<\/script>\n<!-- \/ Yoast SEO Premium plugin. -->","yoast_head_json":{"title":"Plombier Bulle - Artisanlocal","robots":{"index":"index","follow":"follow","max-snippet":"max-snippet:-1","max-image-preview":"max-image-preview:large","max-video-preview":"max-video-preview:-1"},"canonical":"https:\/\/www.artisanlocal.ch\/c\/plombier-bulle\/","og_locale":"fr_FR","og_type":"article","og_title":"Plombier Bulle","og_description":"Si vous \u00eates un Bullois, nos plombiers se d\u00e9placent \u00e0 votre domicile. Pourquoi choisir Artisanlocal \u00e0 Bulle ? Nous sommes ouverts 24 heures sur 24, tous les jours de la semaine, y compris les jours f\u00e9ri\u00e9s. Nous fournissons des estimations gratuites. Nos plombiers emploient les derni\u00e8res techniques et technologies. Notre entreprise est situ\u00e9e \u00e0 Bulle [&hellip;]","og_url":"https:\/\/www.artisanlocal.ch\/c\/plombier-bulle\/","og_site_name":"Artisanlocal","article_modified_time":"2025-08-26T17:27:15+00:00","og_image":[{"width":1920,"height":300,"url":"https:\/\/www.artisanlocal.ch\/c\/wp-content\/uploads\/2024\/10\/plombier.jpg","type":"image\/jpeg"}],"twitter_card":"summary_large_image","twitter_misc":{"Dur\u00e9e de lecture estim\u00e9e":"6 minutes"},"schema":{"@context":"https:\/\/schema.org","@graph":[{"@type":"WebPage","@id":"https:\/\/www.artisanlocal.ch\/c\/plombier-bulle\/","url":"https:\/\/www.artisanlocal.ch\/c\/plombier-bulle\/","name":"Plombier Bulle - Artisanlocal","isPartOf":{"@id":"https:\/\/www.artisanlocal.ch\/c\/#website"},"primaryImageOfPage":{"@id":"https:\/\/www.artisanlocal.ch\/c\/plombier-bulle\/#primaryimage"},"image":{"@id":"https:\/\/www.artisanlocal.ch\/c\/plombier-bulle\/#primaryimage"},"thumbnailUrl":"https:\/\/www.artisanlocal.ch\/c\/wp-content\/uploads\/2024\/10\/plombier.jpg","datePublished":"2024-05-19T05:03:22+00:00","dateModified":"2025-08-26T17:27:15+00:00","breadcrumb":{"@id":"https:\/\/www.artisanlocal.ch\/c\/plombier-bulle\/#breadcrumb"},"inLanguage":"fr-FR","potentialAction":[{"@type":"ReadAction","target":["https:\/\/www.artisanlocal.ch\/c\/plombier-bulle\/"]}]},{"@type":"ImageObject","inLanguage":"fr-FR","@id":"https:\/\/www.artisanlocal.ch\/c\/plombier-bulle\/#primaryimage","url":"https:\/\/www.artisanlocal.ch\/c\/wp-content\/uploads\/2024\/10\/plombier.jpg","contentUrl":"https:\/\/www.artisanlocal.ch\/c\/wp-content\/uploads\/2024\/10\/plombier.jpg","width":1920,"height":300},{"@type":"BreadcrumbList","@id":"https:\/\/www.artisanlocal.ch\/c\/plombier-bulle\/#breadcrumb","itemListElement":[{"@type":"ListItem","position":1,"name":"Accueil","item":"https:\/\/www.artisanlocal.ch\/c\/"},{"@type":"ListItem","position":2,"name":"Plombier Bulle"}]},{"@type":"WebSite","@id":"https:\/\/www.artisanlocal.ch\/c\/#website","url":"https:\/\/www.artisanlocal.ch\/c\/","name":"Artisanlocal","description":"","publisher":{"@id":"https:\/\/www.artisanlocal.ch\/c\/#organization"},"potentialAction":[{"@type":"SearchAction","target":{"@type":"EntryPoint","urlTemplate":"https:\/\/www.artisanlocal.ch\/c\/?s={search_term_string}"},"query-input":{"@type":"PropertyValueSpecification","valueRequired":true,"valueName":"search_term_string"}}],"inLanguage":"fr-FR"},{"@type":"Organization","@id":"https:\/\/www.artisanlocal.ch\/c\/#organization","name":"Artisanlocal","url":"https:\/\/www.artisanlocal.ch\/c\/","logo":{"@type":"ImageObject","inLanguage":"fr-FR","@id":"https:\/\/www.artisanlocal.ch\/c\/#\/schema\/logo\/image\/","url":"https:\/\/www.artisanlocal.ch\/c\/wp-content\/uploads\/2024\/02\/logo-artisanlocal-h.svg","contentUrl":"https:\/\/www.artisanlocal.ch\/c\/wp-content\/uploads\/2024\/02\/logo-artisanlocal-h.svg","caption":"Artisanlocal"},"image":{"@id":"https:\/\/www.artisanlocal.ch\/c\/#\/schema\/logo\/image\/"}}]}},"_links":{"self":[{"href":"https:\/\/www.artisanlocal.ch\/c\/wp-json\/wp\/v2\/pages\/963","targetHints":{"allow":["GET"]}}],"collection":[{"href":"https:\/\/www.artisanlocal.ch\/c\/wp-json\/wp\/v2\/pages"}],"about":[{"href":"https:\/\/www.artisanlocal.ch\/c\/wp-json\/wp\/v2\/types\/page"}],"author":[{"embeddable":true,"href":"https:\/\/www.artisanlocal.ch\/c\/wp-json\/wp\/v2\/users\/4"}],"replies":[{"embeddable":true,"href":"https:\/\/www.artisanlocal.ch\/c\/wp-json\/wp\/v2\/comments?post=963"}],"version-history":[{"count":0,"href":"https:\/\/www.artisanlocal.ch\/c\/wp-json\/wp\/v2\/pages\/963\/revisions"}],"wp:featuredmedia":[{"embeddable":true,"href":"https:\/\/www.artisanlocal.ch\/c\/wp-json\/wp\/v2\/media\/2758"}],"wp:attachment":[{"href":"https:\/\/www.artisanlocal.ch\/c\/wp-json\/wp\/v2\/media?parent=963"}],"wp:term":[{"taxonomy":"profession","embeddable":true,"href":"https:\/\/www.artisanlocal.ch\/c\/wp-json\/wp\/v2\/profession?post=963"},{"taxonomy":"location","embeddable":true,"href":"https:\/\/www.artisanlocal.ch\/c\/wp-json\/wp\/v2\/location?post=963"},{"taxonomy":"canton","embeddable":true,"href":"https:\/\/www.artisanlocal.ch\/c\/wp-json\/wp\/v2\/canton?post=963"}],"curies":[{"name":"wp","href":"https:\/\/api.w.org\/{rel}","templated":true}]}}