{"id":964,"date":"2024-05-19T11:39:41","date_gmt":"2024-05-19T09:39:41","guid":{"rendered":"https:\/\/www.artisanlocal.ch\/c\/plombier-a-siviriez\/"},"modified":"2025-08-26T19:27:10","modified_gmt":"2025-08-26T17:27:10","slug":"plombier-a-siviriez","status":"publish","type":"page","link":"https:\/\/www.artisanlocal.ch\/c\/plombier-a-siviriez\/","title":{"rendered":"Plombier \u00e0 Siviriez"},"content":{"rendered":"<p>Si vous \u00eates domicili\u00e9 \u00e0 Siviriez, nos plombiers se d\u00e9placent \u00e0 votre domicile.<\/p>\n\r\n<div class=\"box\">\r\n            <div class=\"company-info\">\r\n            <img decoding=\"async\" class=\"company-info__logo\" src=\"https:\/\/www.artisanlocal.ch\/media\/cache\/thumb\/images\/companies\/67b49fdd59e3f817339503.png\" alt=\"Logo\">\r\n            <h2 class=\"company-info__name\">Eurosanitherm S\u00e0rl<\/h2>\r\n            <p class=\"company-info__business\">Installations sanitaires - Sanitaire, Service d'Urgence - Chauffages - D\u00e9pannage - Ing\u00e9nierie solaire - Installations solaires - Assainissement de canalisations<\/p>\r\n        <\/div>\r\n        <div class=\"company-contact\">\r\n            <p class=\"company-info__address\">Rue Pierre de Savoie 29<\/p>\r\n                            <div class=\"links\">\r\n                                            <a class=\"btn has-accent-background-color js-phoneNumber\" href=\"tel:0797392870\" title=\"Appelez\" data-id=\"7484\" data-type=\"11\">079 739 28 70<\/a>\r\n                                                                <a class=\"btn has-accent-background-color\" href=\"https:\/\/www.eurosanithermsarl.ch\/\" target=\"_blank\" title=\"Voir le site internet\" data-id=\"7484\" data-type=\"20\">Site internet<\/a>\r\n                                    <\/div>\r\n                    <\/div>\r\n    \r\n            \r\n<form action=\"https:\/\/www.artisanlocal.ch\/c\/wp-admin\/admin-ajax.php\" method=\"post\" class=\"form-contact\" id=\"artisan_form_contact_company_inline\">\r\n    <div><input type=\"hidden\" name=\"action\" value=\"company_contact\"><\/div>\r\n    <div><input type=\"hidden\" name=\"nonce\" value=\"972bc58192\"><\/div>\r\n    <div><input type=\"hidden\" name=\"company_id\" value=\"7484\"><\/div>\r\n    <div><input type=\"hidden\" name=\"form_id\" value=\"artisan_form_contact_company_inline\"><\/div>\r\n    <div class=\"gglcptch gglcptch_v3 gglcptch_custom\"><input type=\"hidden\" id=\"g-recaptcha-response\" name=\"g-recaptcha-response\" \/><br \/><div class=\"gglcptch_error_text\">La p\u00e9riode de v\u00e9rification reCAPTCHA a expir\u00e9. Veuillez recharger la page.<\/div><\/div>    <div class=\"form-content\">\r\n        <div class=\"form-group\">\r\n            <label for=\"contact_firstName\" class=\"required\">Pr\u00e9nom<\/label>\r\n            <input type=\"text\" name=\"firstName\" class=\"form-control\" required>\r\n        <\/div>\r\n        <div class=\"form-group\">\r\n            <label for=\"contact_lastName\" class=\"required\">Nom<\/label>\r\n            <input type=\"text\" name=\"lastName\" class=\"form-control\" required>\r\n        <\/div>\r\n        <div class=\"form-group\">\r\n            <label for=\"contact_email\" class=\"required\">Email<\/label>\r\n            <input type=\"email\" name=\"email\" class=\"form-control\" required>\r\n        <\/div>\r\n        <div class=\"form-group\">\r\n            <label for=\"contact_phone\" class=\"required\">Num\u00e9ro de t\u00e9l\u00e9phone<\/label>\r\n            <input type=\"tel\" name=\"phone\" class=\"form-control\" placeholder=\"0787117165\" pattern=\"^[0-9]{10}$\" required>\r\n        <\/div>\r\n        <div class=\"form-group\">\r\n            <label for=\"contact_postalCode\" class=\"required\">Code postal et localit\u00e9<\/label>\r\n            <input type=\"text\" name=\"postalCode\" class=\"form-control\" required>\r\n        <\/div>\r\n        <div class=\"form-group\">\r\n            <label for=\"contact_address\" class=\"required\">Adresse<\/label>\r\n            <input type=\"text\" name=\"address\" class=\"form-control\" required>\r\n        <\/div>\r\n        <div class=\"full-width topic\">\r\n            <p class=\"required\">Je souhaite \u00eatre contact\u00e9 pour :<\/p>\r\n            <div class=\"form-check\">\r\n                <input type=\"radio\" name=\"topic\" value=\"D\u00e9pannage\" class=\"form-control\" required>\r\n                <label for=\"d\u00e9pannage\">D\u00e9pannage<\/label>\r\n            <\/div>\r\n            <div class=\"form-check\">\r\n                <input type=\"radio\" name=\"topic\" value=\"Entretien\" class=\"form-control\" required>\r\n                <label for=\"entretien\">Entretien<\/label>\r\n            <\/div>\r\n            <div class=\"form-check\">\r\n                <input type=\"radio\" name=\"topic\" value=\"R\u00e9novation\" class=\"form-control\" required>\r\n                <label for=\"r\u00e9novation\">R\u00e9novation<\/label>\r\n            <\/div>\r\n            <div class=\"form-check\">\r\n                <input type=\"radio\" name=\"topic\" value=\"Autre\" class=\"form-control\" required>\r\n                <label for=\"autre\">Autre<\/label>\r\n            <\/div>\r\n        <\/div>\r\n        <div class=\"form-group full-width\">\r\n            <label for=\"contact_message\">Message<\/label>\r\n            <textarea name=\"message\" rows=\"3\" class=\"form-control\"><\/textarea>\r\n        <\/div>\r\n    <\/div>\r\n    <div class=\"form-actions\">\r\n        <button class=\"wp-block-button__link has-accent-background-color\">Contacter<\/button>\r\n    <\/div>\r\n<\/form>\r\n<div class=\"form-feedback\"><\/div>    <\/div>\n<h2>Pourquoi faire appel \u00e0 notre soci\u00e9t\u00e9 de plombier \u00e0 Siviriez ?<\/h2>\n<ul>\n<li>Nos artisans plombiers sont disponibles tous les jours et les jours f\u00e9ri\u00e9s.<\/li>\n<li>Nous offrons des estimations gratuites.<\/li>\n<li>Nos artisans plombiers utilisent les derni\u00e8res techniques et technologies.<\/li>\n<li>Nous sommes implant\u00e9s \u00e0 Siviriez permettant \u00e0 nos artisans d&rsquo;intervenir rapidement dans votre domicile.<\/li>\n<li>Nous avons des tarifs comp\u00e9titifs.<\/li>\n<li>Tous nos artisans plombiers sont qualifi\u00e9s et poss\u00e8dent les comp\u00e9tences n\u00e9cessaires.<\/li>\n<li>Nous examinons votre syst\u00e8me de plomberie avant les travaux.<\/li>\n<li>Nous g\u00e9rons tous les travaux de plomberie possibles.<\/li>\n<\/ul>\n<h2>Les prestations que nous r\u00e9alisons \u00e0 Siviriez<\/h2>\n<ul>\n<li>Nous localisons les fuites et ensuite, nous r\u00e9novons vos tuyauteries.<\/li>\n<li>Le changement de votre \u00e9quipement sanitaire.<\/li>\n<li>La restauration de votre sanitaire.<\/li>\n<li>Les services de plomberie, pour : l&rsquo;installation de lavabo, d&rsquo;\u00e9vier, de la tuyauterie et de robinet.<\/li>\n<li>Nous installons les chauffes-eau et les chaudi\u00e8res.<\/li>\n<li>Nous r\u00e9alisons le d\u00e9bouchage et l&rsquo;assainissement de vos canalisations.<\/li>\n<li>Nous r\u00e9novons int\u00e9gralement les salles de bain.<\/li>\n<li>La vidange de fosse septique.<\/li>\n<\/ul>\n<h2>Quel est le fonctionnement d&rsquo;Artisanlocal \u00e0 Siviriez ?<\/h2>\n<ol>\n<li>Apr\u00e8s avoir pris contact avec nous par email ou par t\u00e9l\u00e9phone, nous vous appelons pour estimer vos besoins.<\/li>\n<li>Apr\u00e8s cela, vous recevrez une estimation gratuite pour vos travaux de plomberie. Avec Artisanlocal, il n&rsquo;y a aucuns frais cach\u00e9s, \u00e0 moins que vous ayez besoin d&rsquo;\u00e9l\u00e9ments de rechange ou de travaux importants.<\/li>\n<li>Apr\u00e8s avoir donn\u00e9 votre accord pour l&rsquo;estimation, nous d\u00e9ciderons ensemble d&rsquo;une date d&rsquo;intervention \u00e0 votre foyer.<\/li>\n<\/ol>\n<h2>Travaux de plomberie pour les particuliers \u00e0 Siviriez<\/h2>\n<p>Si votre plomberie est d\u00e9fectueuse, votre eau peut-\u00eatre contamin\u00e9e et vous pouvez mettre en p\u00e9ril votre famille, c&rsquo;est pour cela que l&rsquo;artisan plombier qui op\u00e8re chez vous r\u00e9alise :<\/p>\n<ul>\n<li>La localisation et la remise en \u00e9tat de vos tuyaux.<\/li>\n<li>Le nettoyage et le d\u00e9bouchage de vos tuyaux.<\/li>\n<li>L\u2019entretien de votre chauffe-eau.<\/li>\n<li>Le contr\u00f4le de vos tuyaux.<\/li>\n<li>La r\u00e9novation de vos canalisations.<\/li>\n<li>Le nettoyage de votre maison apr\u00e8s les d\u00e9g\u00e2ts des eaux.<\/li>\n<\/ul>\n<h2>Plombier pour les entreprises \u00e0 Siviriez<\/h2>\n<p>\u00c0 Siviriez, il y a des soci\u00e9t\u00e9s, commerces de d\u00e9tail et restaurants. Une petite fuite dans un robinet, un reflux dans une canalisation ou encore un probl\u00e8me de chauffe-eau sont des incidents fr\u00e9quents qui peuvent r\u00e9duire l&rsquo;efficacit\u00e9 de vos salari\u00e9s. Artisanlocal assiste votre entreprise pour :<\/p>\n<ul>\n<li>La suppression des bouchons dans vos \u00e9viers et l&rsquo;installation de nouveaux robinets.<\/li>\n<li>La r\u00e9paration et l&rsquo;inspection de vos tuyaux.<\/li>\n<li>L\u2019hydrocurage (jet d&rsquo;eau \u00e0 haute pression) de vos canalisations.<\/li>\n<li>L\u2019installation de nouveaux appareils dans votre syst\u00e8me de plomberie.<\/li>\n<li>L\u2019entretien et la r\u00e9paration de votre bac \u00e0 graisse.<\/li>\n<li>L\u2019installation, l\u2019entretien et la r\u00e9paration de votre chauffage ou chauffe-eau.<\/li>\n<li>La restauration de vos canalisations.<\/li>\n<li>Le d\u00e9pannage de vos \u00e9quipements sanitaires.<\/li>\n<li>L\u2019inspection de vos conduits par cam\u00e9ra vid\u00e9o.<\/li>\n<\/ul>\n<h2>Service d&rsquo;entretien de vos canalisations \u00e0 Siviriez en urgence<\/h2>\n<p>Si vous \u00eates un Siviriez, Artisanlocal intervient en urgence pour le d\u00e9bouchage vos tuyaux de canalisations ou pour r\u00e9soudre vos probl\u00e8mes de refoulement de vos \u00e9viers, douches ou WC, de plus, nos plombiers interviennent rapidement sur vos :<\/p>\n<ul>\n<li>Lavabos.<\/li>\n<li>Toilettes.<\/li>\n<li>Toits (goutti\u00e8res).<\/li>\n<li>Syst\u00e8mes d&rsquo;\u00e9gouts.<\/li>\n<li>Canalisations. <\/li>\n<\/ul>\n<h2>Nettoyage et entretien des r\u00e9seaux d&rsquo;\u00e9gouts \u00e0 Siviriez<\/h2>\n<p>Le r\u00e9seau d&rsquo;\u00e9gouts repr\u00e9sente le c\u0153ur de la plomberie. Il assure l&rsquo;\u00e9vacuation des eaux us\u00e9es des lavabos, des toilettes et des autres syst\u00e8mes sanitaires. Lorsque l\u2019\u00e9gout est bouch\u00e9 ou d\u00e9borde, cela peut endommager votre propri\u00e9t\u00e9, et mettre votre s\u00e9curit\u00e9 en jeu.<\/p>\n<p>L&rsquo;entretien r\u00e9gulier de votre \u00e9gout permet de pr\u00e9venir la formation de bouchons et les remont\u00e9es dans les canalisations. Nos plombiers \u00e0 Siviriez emploient les derni\u00e8res technologies pour v\u00e9rifier, nettoyer et garantir le d\u00e9bit de l&rsquo;eau dans vos conduits.<\/p>\n<p>Artisanlocal r\u00e9nove les canalisations de vos \u00e9gouts en cas de dommage important. Notre \u00e9quipe offre aussi le nettoyage de votre soci\u00e9t\u00e9 ou de votre domicile \u00e0 la suite d&rsquo;un d\u00e9g\u00e2t des eaux. Pour \u00e9viter la formation de moisissures, nous d\u00e9shumidifions et s\u00e9chons les zones de votre h\u00e9bergement \u00e0 risques.<\/p>\n<h2>Installations et r\u00e9parations de cumulus<\/h2>\n<p>Tout ce que vous avez, c&rsquo;est de l\u2019eau froide dans vos tuyaux ? Il se peut que vous ayez des probl\u00e8mes de chauffe-eau. Notre entreprise r\u00e9alise la r\u00e9paration de votre chauffe-eau rapidement. Voici les signes qui indiquent des soucis :<\/p>\n<ul>\n<li>La baisse de la pression de l\u2019eau chaude : cela peut-\u00eatre caus\u00e9 par une fuite de votre cumulus, ou un \u00e9l\u00e9ment chauffant qui ne fonctionne pas ou les d\u00e9p\u00f4ts de s\u00e9diments dans votre r\u00e9servoir.<\/li>\n<li>De l&rsquo;eau autour de votre cumulus : la pr\u00e9sence d&rsquo;humidit\u00e9 au pied du cumulus peut signaler une panne, ou potentiellement d&rsquo;une fissure dans le r\u00e9servoir.<\/li>\n<li>Des bruits \u00e9tranges proviennent du chauffe-eau : si vous entendez des bruits anormaux, cela peut \u00eatre d\u00fb \u00e0 la grande quantit\u00e9 de s\u00e9diments, une fuite ou un probl\u00e8me de l&rsquo;\u00e9l\u00e9ment de chauffage.<\/li>\n<li>La d\u00e9coloration de l&rsquo;eau : c&rsquo;est provoquer par l&rsquo;existence de rouille ou d&rsquo;autres substances nocives dans votre cumulus.<\/li>\n<li>Le chauffe-eau reste en marche : si vous remarquez que votre cumulus fonctionne tr\u00e8s fr\u00e9quemment, c&rsquo;est peut-\u00eatre que votre cumulus \u00e0 un probl\u00e8me.<\/li>\n<\/ul>\n<p>En faisant appel \u00e0 notre entreprise au premier signe d\u2019alerte, il est possible d&rsquo;\u00e9viter des frais importants pour vos travaux de r\u00e9parations.<\/p>\n<h2>Assistance de nettoyage apr\u00e8s des d\u00e9g\u00e2ts des eaux<\/h2>\n<p>Nos plombiers nettoient votre domicile suite \u00e0 une inondation \u00e0 Siviriez, notre entreprise vous assiste, en cas de caves inond\u00e9es, de fortes pluies, de ruptures de tuyaux, de reflux d&rsquo;\u00e9gouts, et de d\u00e9bordements de baignoires et de w.c. Et d&rsquo;autres probl\u00e8mes de plomberie li\u00e9s \u00e0 un d\u00e9g\u00e2t des eaux.<\/p>\n<h2>R\u00e9ponses aux interrogations courantes<\/h2>\n<h3>Quel est le montant d\u2019un plombier \u00e0 Siviriez ?<\/h3>\n<p>Apr\u00e8s avoir \u00e9valu\u00e9 votre souci de plomberie, les artisans plombiers d&rsquo;Artisanlocal calculent le montant de l&rsquo;intervention. Les tarifs suivants de nos services sont fournis \u00e0 titre indicatif \u00e0 Siviriez :<\/p>\n<table border=\"1\">\n<tbody>\n<tr>\n<th>Prestations<\/th>\n<th>Prix CHF<\/th>\n<\/tr>\n<tr>\n<td>Installation d\u2019un lavabo<\/td>\n<td>280.00<\/td>\n<\/tr>\n<tr>\n<td>Taux horaire : installation sanitaire<\/td>\n<td>110.00 \u00e0 129.00<\/td>\n<\/tr>\n<tr>\n<td>Installation et raccordement, d\u2019un siphon \u00e0 un lavabo<\/td>\n<td>70.00<\/td>\n<\/tr>\n<tr>\n<td>Assemblage meuble de salle de bain<\/td>\n<td>95.00<\/td>\n<\/tr>\n<tr>\n<td>Mise en place et raccord, d\u2019une douche \u00e0 la tuyauterie<\/td>\n<td>86.00<\/td>\n<\/tr>\n<tr>\n<td>Installation d\u2019un r\u00e9servoir de WC<\/td>\n<td>112.00<\/td>\n<\/tr>\n<tr>\n<td>Pose d\u2019accessoires de salle de bain<\/td>\n<td>60.00<\/td>\n<\/tr>\n<tr>\n<td>Pose d\u2019un WC suspendu<\/td>\n<td>170.00<\/td>\n<\/tr>\n<tr>\n<td>D\u00e9placement du plombier aller-retour<\/td>\n<td>100.00<\/td>\n<\/tr>\n<\/tbody>\n<\/table>\n<h3>La soci\u00e9t\u00e9 Artisanlocal est-elle ouverte les samedis et dimanches ?<\/h3>\n<p>Artisanlocal propose un service de plomberie 24 heures sur 24 et 7 jours sur 7 et les jours f\u00e9ri\u00e9s.<\/p>\n<h3>Les plombiers r\u00e9alisent des interventions \u00e0 Siviriez et dans les villes voisines ?<\/h3>\n<p>Oui, les professionnels de notre entreprise interviennent \u00e0 Siviriez, \u00e9galement dans les villes aux environs, comme : Bionnens, Esmonts, Ursy, Auboranges, Ecublens FR, Gillarens, Promasens, Rue, Montet (Gl\u00e2ne), Morlens, Vuarmarens, Blessens, Mossel, Vauderens, Chavannes-les-Forts, Prez-vers-Siviriez, Villaraboud, Berlens, Romont FR, Billens, Hennens, M\u00e9zi\u00e8res FR, Villariaz, Grangettes-pr\u00e8s-Romont, La Neirigue, Est\u00e9venens, La Magne, Vuisternens-devant-Romont, Lieffrens, Sommentier, Le Ch\u00e2telard-pr\u00e8s-Romont, Villaz-St-Pierre, Lussy FR, Villarimboud, Massonnens, Chavannes-sous-Orsonnens, Orsonnens, Villargiroud, Villarsiviriaux, La Joux FR, Les Ecasseys, Torny-le-Grand.<\/p>\n","protected":false},"excerpt":{"rendered":"<p>Si vous \u00eates domicili\u00e9 \u00e0 Siviriez, nos plombiers se d\u00e9placent \u00e0 votre domicile. Pourquoi faire appel \u00e0 notre soci\u00e9t\u00e9 de plombier \u00e0 Siviriez ? Nos artisans plombiers sont disponibles tous les jours et les jours f\u00e9ri\u00e9s. Nous offrons des estimations gratuites. Nos artisans plombiers utilisent les derni\u00e8res techniques et technologies. Nous sommes implant\u00e9s \u00e0 Siviriez [&hellip;]<\/p>\n","protected":false},"author":4,"featured_media":2758,"parent":0,"menu_order":0,"comment_status":"closed","ping_status":"closed","template":"","meta":{"footnotes":""},"profession":[123],"location":[101],"canton":[109],"class_list":["post-964","page","type-page","status-publish","has-post-thumbnail","hentry","profession-sanitaire","location-siviriez","canton-fr"],"yoast_head":"<!-- This site is optimized with the Yoast SEO Premium plugin v25.7.1 (Yoast SEO v27.4) - https:\/\/yoast.com\/product\/yoast-seo-premium-wordpress\/ -->\n<title>Plombier \u00e0 Siviriez - Artisanlocal<\/title>\n<meta name=\"robots\" content=\"index, follow, max-snippet:-1, max-image-preview:large, max-video-preview:-1\" \/>\n<link rel=\"canonical\" href=\"https:\/\/www.artisanlocal.ch\/c\/plombier-a-siviriez\/\" \/>\n<meta property=\"og:locale\" content=\"fr_FR\" \/>\n<meta property=\"og:type\" content=\"article\" \/>\n<meta property=\"og:title\" content=\"Plombier \u00e0 Siviriez\" \/>\n<meta property=\"og:description\" content=\"Si vous \u00eates domicili\u00e9 \u00e0 Siviriez, nos plombiers se d\u00e9placent \u00e0 votre domicile. Pourquoi faire appel \u00e0 notre soci\u00e9t\u00e9 de plombier \u00e0 Siviriez ? Nos artisans plombiers sont disponibles tous les jours et les jours f\u00e9ri\u00e9s. Nous offrons des estimations gratuites. Nos artisans plombiers utilisent les derni\u00e8res techniques et technologies. Nous sommes implant\u00e9s \u00e0 Siviriez [&hellip;]\" \/>\n<meta property=\"og:url\" content=\"https:\/\/www.artisanlocal.ch\/c\/plombier-a-siviriez\/\" \/>\n<meta property=\"og:site_name\" content=\"Artisanlocal\" \/>\n<meta property=\"article:modified_time\" content=\"2025-08-26T17:27:10+00:00\" \/>\n<meta property=\"og:image\" content=\"https:\/\/www.artisanlocal.ch\/c\/wp-content\/uploads\/2024\/10\/plombier.jpg\" \/>\n\t<meta property=\"og:image:width\" content=\"1920\" \/>\n\t<meta property=\"og:image:height\" content=\"300\" \/>\n\t<meta property=\"og:image:type\" content=\"image\/jpeg\" \/>\n<meta name=\"twitter:card\" content=\"summary_large_image\" \/>\n<meta name=\"twitter:label1\" content=\"Dur\u00e9e de lecture estim\u00e9e\" \/>\n\t<meta name=\"twitter:data1\" content=\"6 minutes\" \/>\n<script type=\"application\/ld+json\" class=\"yoast-schema-graph\">{\"@context\":\"https:\\\/\\\/schema.org\",\"@graph\":[{\"@type\":\"WebPage\",\"@id\":\"https:\\\/\\\/www.artisanlocal.ch\\\/c\\\/plombier-a-siviriez\\\/\",\"url\":\"https:\\\/\\\/www.artisanlocal.ch\\\/c\\\/plombier-a-siviriez\\\/\",\"name\":\"Plombier \u00e0 Siviriez - Artisanlocal\",\"isPartOf\":{\"@id\":\"https:\\\/\\\/www.artisanlocal.ch\\\/c\\\/#website\"},\"primaryImageOfPage\":{\"@id\":\"https:\\\/\\\/www.artisanlocal.ch\\\/c\\\/plombier-a-siviriez\\\/#primaryimage\"},\"image\":{\"@id\":\"https:\\\/\\\/www.artisanlocal.ch\\\/c\\\/plombier-a-siviriez\\\/#primaryimage\"},\"thumbnailUrl\":\"https:\\\/\\\/www.artisanlocal.ch\\\/c\\\/wp-content\\\/uploads\\\/2024\\\/10\\\/plombier.jpg\",\"datePublished\":\"2024-05-19T09:39:41+00:00\",\"dateModified\":\"2025-08-26T17:27:10+00:00\",\"breadcrumb\":{\"@id\":\"https:\\\/\\\/www.artisanlocal.ch\\\/c\\\/plombier-a-siviriez\\\/#breadcrumb\"},\"inLanguage\":\"fr-FR\",\"potentialAction\":[{\"@type\":\"ReadAction\",\"target\":[\"https:\\\/\\\/www.artisanlocal.ch\\\/c\\\/plombier-a-siviriez\\\/\"]}]},{\"@type\":\"ImageObject\",\"inLanguage\":\"fr-FR\",\"@id\":\"https:\\\/\\\/www.artisanlocal.ch\\\/c\\\/plombier-a-siviriez\\\/#primaryimage\",\"url\":\"https:\\\/\\\/www.artisanlocal.ch\\\/c\\\/wp-content\\\/uploads\\\/2024\\\/10\\\/plombier.jpg\",\"contentUrl\":\"https:\\\/\\\/www.artisanlocal.ch\\\/c\\\/wp-content\\\/uploads\\\/2024\\\/10\\\/plombier.jpg\",\"width\":1920,\"height\":300},{\"@type\":\"BreadcrumbList\",\"@id\":\"https:\\\/\\\/www.artisanlocal.ch\\\/c\\\/plombier-a-siviriez\\\/#breadcrumb\",\"itemListElement\":[{\"@type\":\"ListItem\",\"position\":1,\"name\":\"Accueil\",\"item\":\"https:\\\/\\\/www.artisanlocal.ch\\\/c\\\/\"},{\"@type\":\"ListItem\",\"position\":2,\"name\":\"Plombier \u00e0 Siviriez\"}]},{\"@type\":\"WebSite\",\"@id\":\"https:\\\/\\\/www.artisanlocal.ch\\\/c\\\/#website\",\"url\":\"https:\\\/\\\/www.artisanlocal.ch\\\/c\\\/\",\"name\":\"Artisanlocal\",\"description\":\"\",\"publisher\":{\"@id\":\"https:\\\/\\\/www.artisanlocal.ch\\\/c\\\/#organization\"},\"potentialAction\":[{\"@type\":\"SearchAction\",\"target\":{\"@type\":\"EntryPoint\",\"urlTemplate\":\"https:\\\/\\\/www.artisanlocal.ch\\\/c\\\/?s={search_term_string}\"},\"query-input\":{\"@type\":\"PropertyValueSpecification\",\"valueRequired\":true,\"valueName\":\"search_term_string\"}}],\"inLanguage\":\"fr-FR\"},{\"@type\":\"Organization\",\"@id\":\"https:\\\/\\\/www.artisanlocal.ch\\\/c\\\/#organization\",\"name\":\"Artisanlocal\",\"url\":\"https:\\\/\\\/www.artisanlocal.ch\\\/c\\\/\",\"logo\":{\"@type\":\"ImageObject\",\"inLanguage\":\"fr-FR\",\"@id\":\"https:\\\/\\\/www.artisanlocal.ch\\\/c\\\/#\\\/schema\\\/logo\\\/image\\\/\",\"url\":\"https:\\\/\\\/www.artisanlocal.ch\\\/c\\\/wp-content\\\/uploads\\\/2024\\\/02\\\/logo-artisanlocal-h.svg\",\"contentUrl\":\"https:\\\/\\\/www.artisanlocal.ch\\\/c\\\/wp-content\\\/uploads\\\/2024\\\/02\\\/logo-artisanlocal-h.svg\",\"caption\":\"Artisanlocal\"},\"image\":{\"@id\":\"https:\\\/\\\/www.artisanlocal.ch\\\/c\\\/#\\\/schema\\\/logo\\\/image\\\/\"}}]}<\/script>\n<!-- \/ Yoast SEO Premium plugin. -->","yoast_head_json":{"title":"Plombier \u00e0 Siviriez - Artisanlocal","robots":{"index":"index","follow":"follow","max-snippet":"max-snippet:-1","max-image-preview":"max-image-preview:large","max-video-preview":"max-video-preview:-1"},"canonical":"https:\/\/www.artisanlocal.ch\/c\/plombier-a-siviriez\/","og_locale":"fr_FR","og_type":"article","og_title":"Plombier \u00e0 Siviriez","og_description":"Si vous \u00eates domicili\u00e9 \u00e0 Siviriez, nos plombiers se d\u00e9placent \u00e0 votre domicile. Pourquoi faire appel \u00e0 notre soci\u00e9t\u00e9 de plombier \u00e0 Siviriez ? Nos artisans plombiers sont disponibles tous les jours et les jours f\u00e9ri\u00e9s. Nous offrons des estimations gratuites. Nos artisans plombiers utilisent les derni\u00e8res techniques et technologies. Nous sommes implant\u00e9s \u00e0 Siviriez [&hellip;]","og_url":"https:\/\/www.artisanlocal.ch\/c\/plombier-a-siviriez\/","og_site_name":"Artisanlocal","article_modified_time":"2025-08-26T17:27:10+00:00","og_image":[{"width":1920,"height":300,"url":"https:\/\/www.artisanlocal.ch\/c\/wp-content\/uploads\/2024\/10\/plombier.jpg","type":"image\/jpeg"}],"twitter_card":"summary_large_image","twitter_misc":{"Dur\u00e9e de lecture estim\u00e9e":"6 minutes"},"schema":{"@context":"https:\/\/schema.org","@graph":[{"@type":"WebPage","@id":"https:\/\/www.artisanlocal.ch\/c\/plombier-a-siviriez\/","url":"https:\/\/www.artisanlocal.ch\/c\/plombier-a-siviriez\/","name":"Plombier \u00e0 Siviriez - Artisanlocal","isPartOf":{"@id":"https:\/\/www.artisanlocal.ch\/c\/#website"},"primaryImageOfPage":{"@id":"https:\/\/www.artisanlocal.ch\/c\/plombier-a-siviriez\/#primaryimage"},"image":{"@id":"https:\/\/www.artisanlocal.ch\/c\/plombier-a-siviriez\/#primaryimage"},"thumbnailUrl":"https:\/\/www.artisanlocal.ch\/c\/wp-content\/uploads\/2024\/10\/plombier.jpg","datePublished":"2024-05-19T09:39:41+00:00","dateModified":"2025-08-26T17:27:10+00:00","breadcrumb":{"@id":"https:\/\/www.artisanlocal.ch\/c\/plombier-a-siviriez\/#breadcrumb"},"inLanguage":"fr-FR","potentialAction":[{"@type":"ReadAction","target":["https:\/\/www.artisanlocal.ch\/c\/plombier-a-siviriez\/"]}]},{"@type":"ImageObject","inLanguage":"fr-FR","@id":"https:\/\/www.artisanlocal.ch\/c\/plombier-a-siviriez\/#primaryimage","url":"https:\/\/www.artisanlocal.ch\/c\/wp-content\/uploads\/2024\/10\/plombier.jpg","contentUrl":"https:\/\/www.artisanlocal.ch\/c\/wp-content\/uploads\/2024\/10\/plombier.jpg","width":1920,"height":300},{"@type":"BreadcrumbList","@id":"https:\/\/www.artisanlocal.ch\/c\/plombier-a-siviriez\/#breadcrumb","itemListElement":[{"@type":"ListItem","position":1,"name":"Accueil","item":"https:\/\/www.artisanlocal.ch\/c\/"},{"@type":"ListItem","position":2,"name":"Plombier \u00e0 Siviriez"}]},{"@type":"WebSite","@id":"https:\/\/www.artisanlocal.ch\/c\/#website","url":"https:\/\/www.artisanlocal.ch\/c\/","name":"Artisanlocal","description":"","publisher":{"@id":"https:\/\/www.artisanlocal.ch\/c\/#organization"},"potentialAction":[{"@type":"SearchAction","target":{"@type":"EntryPoint","urlTemplate":"https:\/\/www.artisanlocal.ch\/c\/?s={search_term_string}"},"query-input":{"@type":"PropertyValueSpecification","valueRequired":true,"valueName":"search_term_string"}}],"inLanguage":"fr-FR"},{"@type":"Organization","@id":"https:\/\/www.artisanlocal.ch\/c\/#organization","name":"Artisanlocal","url":"https:\/\/www.artisanlocal.ch\/c\/","logo":{"@type":"ImageObject","inLanguage":"fr-FR","@id":"https:\/\/www.artisanlocal.ch\/c\/#\/schema\/logo\/image\/","url":"https:\/\/www.artisanlocal.ch\/c\/wp-content\/uploads\/2024\/02\/logo-artisanlocal-h.svg","contentUrl":"https:\/\/www.artisanlocal.ch\/c\/wp-content\/uploads\/2024\/02\/logo-artisanlocal-h.svg","caption":"Artisanlocal"},"image":{"@id":"https:\/\/www.artisanlocal.ch\/c\/#\/schema\/logo\/image\/"}}]}},"_links":{"self":[{"href":"https:\/\/www.artisanlocal.ch\/c\/wp-json\/wp\/v2\/pages\/964","targetHints":{"allow":["GET"]}}],"collection":[{"href":"https:\/\/www.artisanlocal.ch\/c\/wp-json\/wp\/v2\/pages"}],"about":[{"href":"https:\/\/www.artisanlocal.ch\/c\/wp-json\/wp\/v2\/types\/page"}],"author":[{"embeddable":true,"href":"https:\/\/www.artisanlocal.ch\/c\/wp-json\/wp\/v2\/users\/4"}],"replies":[{"embeddable":true,"href":"https:\/\/www.artisanlocal.ch\/c\/wp-json\/wp\/v2\/comments?post=964"}],"version-history":[{"count":0,"href":"https:\/\/www.artisanlocal.ch\/c\/wp-json\/wp\/v2\/pages\/964\/revisions"}],"wp:featuredmedia":[{"embeddable":true,"href":"https:\/\/www.artisanlocal.ch\/c\/wp-json\/wp\/v2\/media\/2758"}],"wp:attachment":[{"href":"https:\/\/www.artisanlocal.ch\/c\/wp-json\/wp\/v2\/media?parent=964"}],"wp:term":[{"taxonomy":"profession","embeddable":true,"href":"https:\/\/www.artisanlocal.ch\/c\/wp-json\/wp\/v2\/profession?post=964"},{"taxonomy":"location","embeddable":true,"href":"https:\/\/www.artisanlocal.ch\/c\/wp-json\/wp\/v2\/location?post=964"},{"taxonomy":"canton","embeddable":true,"href":"https:\/\/www.artisanlocal.ch\/c\/wp-json\/wp\/v2\/canton?post=964"}],"curies":[{"name":"wp","href":"https:\/\/api.w.org\/{rel}","templated":true}]}}