{"id":965,"date":"2024-05-18T12:39:04","date_gmt":"2024-05-18T10:39:04","guid":{"rendered":"https:\/\/www.artisanlocal.ch\/c\/vos-experts-en-plomberie-a-romont\/"},"modified":"2025-08-26T19:27:35","modified_gmt":"2025-08-26T17:27:35","slug":"vos-experts-en-plomberie-a-romont","status":"publish","type":"page","link":"https:\/\/www.artisanlocal.ch\/c\/vos-experts-en-plomberie-a-romont\/","title":{"rendered":"Vos experts en plomberie \u00e0 Romont FR"},"content":{"rendered":"<p>Si vous \u00eates un habitant de Romont FR, Artisanlocal se d\u00e9place chez vous en urgence.<\/p>\n\r\n<div class=\"box\">\r\n            <div class=\"company-info\">\r\n            <img decoding=\"async\" class=\"company-info__logo\" src=\"https:\/\/www.artisanlocal.ch\/media\/cache\/thumb\/images\/companies\/67b49fdd59e3f817339503.png\" alt=\"Logo\">\r\n            <h2 class=\"company-info__name\">Eurosanitherm S\u00e0rl<\/h2>\r\n            <p class=\"company-info__business\">Installations sanitaires - Sanitaire, Service d'Urgence - Chauffages - D\u00e9pannage - Ing\u00e9nierie solaire - Installations solaires - Assainissement de canalisations<\/p>\r\n        <\/div>\r\n        <div class=\"company-contact\">\r\n            <p class=\"company-info__address\">Rue Pierre de Savoie 29<\/p>\r\n                            <div class=\"links\">\r\n                                            <a class=\"btn has-accent-background-color js-phoneNumber\" href=\"tel:0797392870\" title=\"Appelez\" data-id=\"7484\" data-type=\"11\">079 739 28 70<\/a>\r\n                                                                <a class=\"btn has-accent-background-color\" href=\"https:\/\/www.eurosanithermsarl.ch\/\" target=\"_blank\" title=\"Voir le site internet\" data-id=\"7484\" data-type=\"20\">Site internet<\/a>\r\n                                    <\/div>\r\n                    <\/div>\r\n    \r\n            \r\n<form action=\"https:\/\/www.artisanlocal.ch\/c\/wp-admin\/admin-ajax.php\" method=\"post\" class=\"form-contact\" id=\"artisan_form_contact_company_inline\">\r\n    <div><input type=\"hidden\" name=\"action\" value=\"company_contact\"><\/div>\r\n    <div><input type=\"hidden\" name=\"nonce\" value=\"f071462bb9\"><\/div>\r\n    <div><input type=\"hidden\" name=\"company_id\" value=\"7484\"><\/div>\r\n    <div><input type=\"hidden\" name=\"form_id\" value=\"artisan_form_contact_company_inline\"><\/div>\r\n    <div class=\"gglcptch gglcptch_v3 gglcptch_custom\"><input type=\"hidden\" id=\"g-recaptcha-response\" name=\"g-recaptcha-response\" \/><br \/><div class=\"gglcptch_error_text\">La p\u00e9riode de v\u00e9rification reCAPTCHA a expir\u00e9. Veuillez recharger la page.<\/div><\/div>    <div class=\"form-content\">\r\n        <div class=\"form-group\">\r\n            <label for=\"contact_firstName\" class=\"required\">Pr\u00e9nom<\/label>\r\n            <input type=\"text\" name=\"firstName\" class=\"form-control\" required>\r\n        <\/div>\r\n        <div class=\"form-group\">\r\n            <label for=\"contact_lastName\" class=\"required\">Nom<\/label>\r\n            <input type=\"text\" name=\"lastName\" class=\"form-control\" required>\r\n        <\/div>\r\n        <div class=\"form-group\">\r\n            <label for=\"contact_email\" class=\"required\">Email<\/label>\r\n            <input type=\"email\" name=\"email\" class=\"form-control\" required>\r\n        <\/div>\r\n        <div class=\"form-group\">\r\n            <label for=\"contact_phone\" class=\"required\">Num\u00e9ro de t\u00e9l\u00e9phone<\/label>\r\n            <input type=\"tel\" name=\"phone\" class=\"form-control\" placeholder=\"0787117165\" pattern=\"^[0-9]{10}$\" required>\r\n        <\/div>\r\n        <div class=\"form-group\">\r\n            <label for=\"contact_postalCode\" class=\"required\">Code postal et localit\u00e9<\/label>\r\n            <input type=\"text\" name=\"postalCode\" class=\"form-control\" required>\r\n        <\/div>\r\n        <div class=\"form-group\">\r\n            <label for=\"contact_address\" class=\"required\">Adresse<\/label>\r\n            <input type=\"text\" name=\"address\" class=\"form-control\" required>\r\n        <\/div>\r\n        <div class=\"full-width topic\">\r\n            <p class=\"required\">Je souhaite \u00eatre contact\u00e9 pour :<\/p>\r\n            <div class=\"form-check\">\r\n                <input type=\"radio\" name=\"topic\" value=\"D\u00e9pannage\" class=\"form-control\" required>\r\n                <label for=\"d\u00e9pannage\">D\u00e9pannage<\/label>\r\n            <\/div>\r\n            <div class=\"form-check\">\r\n                <input type=\"radio\" name=\"topic\" value=\"Entretien\" class=\"form-control\" required>\r\n                <label for=\"entretien\">Entretien<\/label>\r\n            <\/div>\r\n            <div class=\"form-check\">\r\n                <input type=\"radio\" name=\"topic\" value=\"R\u00e9novation\" class=\"form-control\" required>\r\n                <label for=\"r\u00e9novation\">R\u00e9novation<\/label>\r\n            <\/div>\r\n            <div class=\"form-check\">\r\n                <input type=\"radio\" name=\"topic\" value=\"Autre\" class=\"form-control\" required>\r\n                <label for=\"autre\">Autre<\/label>\r\n            <\/div>\r\n        <\/div>\r\n        <div class=\"form-group full-width\">\r\n            <label for=\"contact_message\">Message<\/label>\r\n            <textarea name=\"message\" rows=\"3\" class=\"form-control\"><\/textarea>\r\n        <\/div>\r\n    <\/div>\r\n    <div class=\"form-actions\">\r\n        <button class=\"wp-block-button__link has-accent-background-color\">Contacter<\/button>\r\n    <\/div>\r\n<\/form>\r\n<div class=\"form-feedback\"><\/div>    <\/div>\n<h2>Pourquoi choisir Artisanlocal \u00e0 Romont FR ?<\/h2>\n<ul>\n<li>Nos plombiers se d\u00e9placent tous les jours et les jours f\u00e9ri\u00e9s.<\/li>\n<li>Nos devis sont gratuits.<\/li>\n<li>Nos plombiers utilisent les derni\u00e8res techniques et technologies.<\/li>\n<li>Notre entreprise est situ\u00e9e \u00e0 Romont FR ce qui nous permet d&rsquo;intervenir en urgence \u00e0 votre domicile.<\/li>\n<li>Nous proposons des tarifs comp\u00e9titifs.<\/li>\n<li>Tous nos artisans plombiers sont qualifi\u00e9s.<\/li>\n<li>Nous examinons votre plomberie avant les travaux.<\/li>\n<li>Nous r\u00e9alisons tous types de travaux de plomberie.<\/li>\n<\/ul>\n<h2>Les services que nous r\u00e9alisons \u00e0 Romont FR<\/h2>\n<ul>\n<li>Nous proposons la d\u00e9tection des fuites et la r\u00e9paration de vos canalisations.<\/li>\n<li>Le changement de votre \u00e9quipement sanitaire.<\/li>\n<li>La restauration de votre sanitaire.<\/li>\n<li>Les travaux de plomberie, tel que : l\u2019installation de lavabo, d&rsquo;\u00e9vier, de la tuyauterie et de robinet.<\/li>\n<li>Nous installons les chauffes-eau et les chaudi\u00e8res.<\/li>\n<li>Le d\u00e9bouchage et l\u2019assainissement de vos tuyaux.<\/li>\n<li>La r\u00e9novation int\u00e9grale de votre salle de bain.<\/li>\n<li>La vidange de fosse septique.<\/li>\n<\/ul>\n<h2>Comment fonctionne Artisanlocal ?<\/h2>\n<ol>\n<li>Apr\u00e8s avoir pris contact avec nous par t\u00e9l\u00e9phone ou email, nous rentrons en contact avec vous pour \u00e9valuer votre probl\u00e8me.<\/li>\n<li>Ensuite, nous vous fournissons un devis d\u00e9taill\u00e9 et gratuit. Avec Artisanlocal, il n&rsquo;y a pas de frais cach\u00e9s, \u00e0 moins que vous ayez besoin d&rsquo;\u00e9l\u00e9ments de remplacement ou de travaux importants.<\/li>\n<li>Apr\u00e8s avoir donn\u00e9 votre accord pour le devis, nous conviendrons ensemble d&rsquo;une date d&rsquo;intervention \u00e0 votre domicile.<\/li>\n<\/ol>\n<h2>Plombier pour les particuliers \u00e0 Romont FR<\/h2>\n<p>Si votre plomberie est d\u00e9fectueuse, il y a un risque de contamination de l&rsquo;eau, ce qui peut mettre votre famille en danger, c&rsquo;est pour cela que l&rsquo;artisan plombier qui intervient chez vous r\u00e9alise :<\/p>\n<ul>\n<li>La r\u00e9paration de fuites.<\/li>\n<li>Le d\u00e9bouchage et le nettoyage de vos canalisations.<\/li>\n<li>La r\u00e9vision de votre chauffe-eau.<\/li>\n<li>L\u2019Inspection de vos tuyaux.<\/li>\n<li>La restauration de vos canalisations.<\/li>\n<li>La remise en \u00e9tat apr\u00e8s un d\u00e9g\u00e2t des eaux.<\/li>\n<\/ul>\n<h2>Artisanlocal aux services des entreprises \u00e0 Romont FR<\/h2>\n<p>\u00c0 Romont FR, il y a des commerces de d\u00e9tail, petites entreprises et restaurants. Les robinets qui coulent, les canalisations qui refoulent et les chauffe-eau qui marchent mal sont des probl\u00e8mes qui peuvent provoquer une baisse de productivit\u00e9 ou encore d\u00e9t\u00e9riorer vos bureaux. Artisanlocal assiste votre entreprise pour :<\/p>\n<ul>\n<li>La suppression des blocages dans les lavabos et la pose de nouveaux robinets.<\/li>\n<li>L&rsquo;inspection par vid\u00e9o et la remise en \u00e9tat de vos tuyaux.<\/li>\n<li>Le service nettoyage de canalisations avec de l&rsquo;eau \u00e0 haute pression (hydrocurage).<\/li>\n<li>L\u2019installation de nouveaux dispositifs dans votre installation de plomberie.<\/li>\n<li>L\u2019entretien et la r\u00e9novation de votre bac \u00e0 graisse.<\/li>\n<li>La mise en place, la remise en \u00e9tat et l&rsquo;entretien de votre chauffe-eau ou syst\u00e8me de chauffage.<\/li>\n<li>La r\u00e9novation de vos canalisations.<\/li>\n<li>Le d\u00e9pannage de vos installations sanitaires.<\/li>\n<li>La v\u00e9rification de vos tuyaux par cam\u00e9ra.<\/li>\n<\/ul>\n<h2>Service d&rsquo;entretien de vos tuyaux de canalisations \u00e0 Romont FR en urgence<\/h2>\n<p>Nos artisans assainissent vos tuyaux de canalisations \u00e0 Romont FR en urgence pour vous pr\u00e9server des difficult\u00e9s d\u2019\u00e9coulement de vos eaux us\u00e9es, des remont\u00e9es d\u2019odeurs d\u00e9sagr\u00e9ables ou encore du d\u00e9bordement de vos toilettes, \u00e9viers ou baignoires, de plus, nos plombiers interviennent rapidement sur vos :<\/p>\n<ul>\n<li>\u00c9viers.<\/li>\n<li>Toilettes.<\/li>\n<li>Toitures.<\/li>\n<li>Syst\u00e8mes d&rsquo;\u00e9gouts.<\/li>\n<li>Canalisations. <\/li>\n<\/ul>\n<h2>Nettoyage et entretien des r\u00e9seaux d&rsquo;\u00e9gouts \u00e0 Romont FR<\/h2>\n<p>Le r\u00e9seau d&rsquo;\u00e9gouts constitue l&rsquo;\u00e9l\u00e9ment central de la plomberie. Il transporte les eaux us\u00e9es des toilettes, des \u00e9viers et des autres syst\u00e8mes sanitaires. Si votre \u00e9gout est bouch\u00e9 ou fuit, cela peut d\u00e9grader votre habitation, et vous mettre en danger.<\/p>\n<p>L&rsquo;entretien fr\u00e9quent de votre \u00e9gout permet d&rsquo;\u00e9viter les refoulements dans les canalisations et la formation de bouchons. Nos plombiers \u00e0 Romont FR utilisent les derni\u00e8res technologies pour v\u00e9rifier, nettoyer et assurer l&rsquo;\u00e9coulement de l&rsquo;eau dans vos canalisations.<\/p>\n<p>Artisanlocal peut aussi changer votre conduite d&rsquo;\u00e9gout si elle est trop endommag\u00e9e. Notre entreprise offre aussi le nettoyage de votre entreprise ou de votre domicile \u00e0 la suite d&rsquo;un dommage occasionn\u00e9 par l&rsquo;eau. Pour \u00e9viter le d\u00e9veloppement de moisissures, nous s\u00e9chons et d\u00e9shumidifions les zones de votre logement \u00e0 risques.<\/p>\n<h2>R\u00e9parations et installations de cumulus<\/h2>\n<p>Vous n&rsquo;avez que de l\u2019eau froide dans vos conduits ? Votre cumulus peut rencontrer des probl\u00e8mes techniques. Notre soci\u00e9t\u00e9 effectue la r\u00e9paration de votre chauffe-eau en express. Voici les signaux qui montrent des probl\u00e8mes :<\/p>\n<ul>\n<li>Un faible d\u00e9bit d&rsquo;eau chaude : \u00e7a peut-\u00eatre caus\u00e9 par une fuite d&rsquo;eau dans votre chauffe-eau, ou un \u00e9l\u00e9ment chauffant qui ne fonctionne pas ou la pr\u00e9sence de s\u00e9diments au fond du r\u00e9servoir.<\/li>\n<li>Une flaque d&rsquo;eau \u00e0 proximit\u00e9 de votre r\u00e9servoir : la pr\u00e9sence d&rsquo;eau \u00e0 la base du cumulus est le signe d&rsquo;un dysfonctionnement, ou la pr\u00e9sence d&rsquo;une fissure dans votre cumulus.<\/li>\n<li>Des bruits \u00e9tranges proviennent du cumulus : des bruits \u00e9tranges peuvent indiquer une accumulation de s\u00e9diments, une fuite ou une panne de l&rsquo;\u00e9l\u00e9ment chauffant.<\/li>\n<li>L&rsquo;eau est d\u00e9color\u00e9e : cela peut \u00eatre caus\u00e9 par des contaminants et par la rouille pr\u00e9sents dans le cumulus.<\/li>\n<li>Le chauffe-eau est toujours en fonctionnement : si vous remarquez que votre cumulus est tout le temps en marche, cela peut \u00eatre d\u00fb \u00e0 une panne.<\/li>\n<\/ul>\n<p>En engageant notre soci\u00e9t\u00e9 d\u00e8s le premier signal d&rsquo;alerte, vous pouvez \u00e9viter des travaux de r\u00e9parations on\u00e9reuses.<\/p>\n<h2>Services de nettoyage apr\u00e8s un d\u00e9g\u00e2t des eaux<\/h2>\n<p>Nos plombiers ont la capacit\u00e9 de nettoyer votre habitat apr\u00e8s une inondation \u00e0 Romont FR, nos plombiers sont disponibles pour vous aider en cas de caves inond\u00e9es, de ruptures de tuyaux de canalisations, de d\u00e9bordements de toilettes et de baignoires, de fortes pluies, de refoulements d&rsquo;\u00e9gouts et d&rsquo;autres probl\u00e8mes de canalisation li\u00e9s \u00e0 un d\u00e9g\u00e2t des eaux.<\/p>\n<h2>Foire aux questions<\/h2>\n<h3>Quel tarif pour faire intervenir un plombier \u00e0 Romont FR ?<\/h3>\n<p>Apr\u00e8s avoir \u00e9valu\u00e9 votre probl\u00e8me de plomberie, les artisans plombiers d&rsquo;Artisanlocal \u00e9valuent le montant des travaux. Voici les montants \u00e0 titre informatif \u00e0 Romont FR :<\/p>\n<table border=\"1\">\n<tbody>\n<tr>\n<th>Prestations<\/th>\n<th>Prix CHF<\/th>\n<\/tr>\n<tr>\n<td>Mise en place d\u2019un lavabo<\/td>\n<td>280.00<\/td>\n<\/tr>\n<tr>\n<td>Tarif horaire : pose sanitaire<\/td>\n<td>110.00 \u00e0 129.00<\/td>\n<\/tr>\n<tr>\n<td>Installation et raccordement, d\u2019un siphon \u00e0 un \u00e9vier<\/td>\n<td>70.00<\/td>\n<\/tr>\n<tr>\n<td>Montage mobilier de salle d&rsquo;eau<\/td>\n<td>95.00<\/td>\n<\/tr>\n<tr>\n<td>Mise en place et raccordement, d\u2019une douche \u00e0 la robinetterie<\/td>\n<td>86.00<\/td>\n<\/tr>\n<tr>\n<td>Installation d\u2019un r\u00e9servoir de WC<\/td>\n<td>112.00<\/td>\n<\/tr>\n<tr>\n<td>Fixation d\u2019accessoires de salle d&rsquo;eau<\/td>\n<td>60.00<\/td>\n<\/tr>\n<tr>\n<td>Pose d\u2019un toilette suspendu<\/td>\n<td>170.00<\/td>\n<\/tr>\n<tr>\n<td>D\u00e9placement du plombier aller-retour<\/td>\n<td>100.00<\/td>\n<\/tr>\n<\/tbody>\n<\/table>\n<h3>La soci\u00e9t\u00e9 Artisanlocal est-elle ouverte les samedis et dimanches ?<\/h3>\n<p>Notre prestation de plomberie est joignable 24h\/24, 7j\/7 et m\u00eame les jours f\u00e9ri\u00e9s.<\/p>\n<h3>Nos artisans plombiers interviennent \u00e0 Romont FR et dans les villes \u00e0 proximit\u00e9 ?<\/h3>\n<p>Oui, les plombiers de notre soci\u00e9t\u00e9 op\u00e8rent \u00e0 Romont FR, aussi dans les localit\u00e9s aux environs, telles que : Bionnens, Esmonts, Ursy, Auboranges, Ecublens FR, Gillarens, Promasens, Rue, Montet (Gl\u00e2ne), Morlens, Vuarmarens, Blessens, Mossel, Vauderens, Chavannes-les-Forts, Prez-vers-Siviriez, Siviriez, Villaraboud, Berlens, Billens, Hennens, M\u00e9zi\u00e8res FR, Villariaz, Grangettes-pr\u00e8s-Romont, La Neirigue, Est\u00e9venens, La Magne, Vuisternens-devant-Romont, Lieffrens, Sommentier, Le Ch\u00e2telard-pr\u00e8s-Romont, Villaz-St-Pierre, Lussy FR, Villarimboud, Massonnens, Chavannes-sous-Orsonnens, Orsonnens, Villargiroud, Villarsiviriaux, La Joux FR, Les Ecasseys, Torny-le-Grand.<\/p>\n","protected":false},"excerpt":{"rendered":"<p>Si vous \u00eates un habitant de Romont FR, Artisanlocal se d\u00e9place chez vous en urgence. Pourquoi choisir Artisanlocal \u00e0 Romont FR ? Nos plombiers se d\u00e9placent tous les jours et les jours f\u00e9ri\u00e9s. Nos devis sont gratuits. Nos plombiers utilisent les derni\u00e8res techniques et technologies. Notre entreprise est situ\u00e9e \u00e0 Romont FR ce qui nous [&hellip;]<\/p>\n","protected":false},"author":4,"featured_media":2758,"parent":0,"menu_order":0,"comment_status":"closed","ping_status":"closed","template":"","meta":{"footnotes":""},"profession":[123],"location":[43],"canton":[109],"class_list":["post-965","page","type-page","status-publish","has-post-thumbnail","hentry","profession-sanitaire","location-romont-fr","canton-fr"],"yoast_head":"<!-- This site is optimized with the Yoast SEO Premium plugin v25.7.1 (Yoast SEO v27.4) - https:\/\/yoast.com\/product\/yoast-seo-premium-wordpress\/ -->\n<title>Vos experts en plomberie \u00e0 Romont FR - Artisanlocal<\/title>\n<meta name=\"robots\" content=\"index, follow, max-snippet:-1, max-image-preview:large, max-video-preview:-1\" \/>\n<link rel=\"canonical\" href=\"https:\/\/www.artisanlocal.ch\/c\/vos-experts-en-plomberie-a-romont\/\" \/>\n<meta property=\"og:locale\" content=\"fr_FR\" \/>\n<meta property=\"og:type\" content=\"article\" \/>\n<meta property=\"og:title\" content=\"Vos experts en plomberie \u00e0 Romont FR\" \/>\n<meta property=\"og:description\" content=\"Si vous \u00eates un habitant de Romont FR, Artisanlocal se d\u00e9place chez vous en urgence. Pourquoi choisir Artisanlocal \u00e0 Romont FR ? Nos plombiers se d\u00e9placent tous les jours et les jours f\u00e9ri\u00e9s. Nos devis sont gratuits. Nos plombiers utilisent les derni\u00e8res techniques et technologies. Notre entreprise est situ\u00e9e \u00e0 Romont FR ce qui nous [&hellip;]\" \/>\n<meta property=\"og:url\" content=\"https:\/\/www.artisanlocal.ch\/c\/vos-experts-en-plomberie-a-romont\/\" \/>\n<meta property=\"og:site_name\" content=\"Artisanlocal\" \/>\n<meta property=\"article:modified_time\" content=\"2025-08-26T17:27:35+00:00\" \/>\n<meta property=\"og:image\" content=\"https:\/\/www.artisanlocal.ch\/c\/wp-content\/uploads\/2024\/10\/plombier.jpg\" \/>\n\t<meta property=\"og:image:width\" content=\"1920\" \/>\n\t<meta property=\"og:image:height\" content=\"300\" \/>\n\t<meta property=\"og:image:type\" content=\"image\/jpeg\" \/>\n<meta name=\"twitter:card\" content=\"summary_large_image\" \/>\n<meta name=\"twitter:label1\" content=\"Dur\u00e9e de lecture estim\u00e9e\" \/>\n\t<meta name=\"twitter:data1\" content=\"6 minutes\" \/>\n<script type=\"application\/ld+json\" class=\"yoast-schema-graph\">{\"@context\":\"https:\\\/\\\/schema.org\",\"@graph\":[{\"@type\":\"WebPage\",\"@id\":\"https:\\\/\\\/www.artisanlocal.ch\\\/c\\\/vos-experts-en-plomberie-a-romont\\\/\",\"url\":\"https:\\\/\\\/www.artisanlocal.ch\\\/c\\\/vos-experts-en-plomberie-a-romont\\\/\",\"name\":\"Vos experts en plomberie \u00e0 Romont FR - Artisanlocal\",\"isPartOf\":{\"@id\":\"https:\\\/\\\/www.artisanlocal.ch\\\/c\\\/#website\"},\"primaryImageOfPage\":{\"@id\":\"https:\\\/\\\/www.artisanlocal.ch\\\/c\\\/vos-experts-en-plomberie-a-romont\\\/#primaryimage\"},\"image\":{\"@id\":\"https:\\\/\\\/www.artisanlocal.ch\\\/c\\\/vos-experts-en-plomberie-a-romont\\\/#primaryimage\"},\"thumbnailUrl\":\"https:\\\/\\\/www.artisanlocal.ch\\\/c\\\/wp-content\\\/uploads\\\/2024\\\/10\\\/plombier.jpg\",\"datePublished\":\"2024-05-18T10:39:04+00:00\",\"dateModified\":\"2025-08-26T17:27:35+00:00\",\"breadcrumb\":{\"@id\":\"https:\\\/\\\/www.artisanlocal.ch\\\/c\\\/vos-experts-en-plomberie-a-romont\\\/#breadcrumb\"},\"inLanguage\":\"fr-FR\",\"potentialAction\":[{\"@type\":\"ReadAction\",\"target\":[\"https:\\\/\\\/www.artisanlocal.ch\\\/c\\\/vos-experts-en-plomberie-a-romont\\\/\"]}]},{\"@type\":\"ImageObject\",\"inLanguage\":\"fr-FR\",\"@id\":\"https:\\\/\\\/www.artisanlocal.ch\\\/c\\\/vos-experts-en-plomberie-a-romont\\\/#primaryimage\",\"url\":\"https:\\\/\\\/www.artisanlocal.ch\\\/c\\\/wp-content\\\/uploads\\\/2024\\\/10\\\/plombier.jpg\",\"contentUrl\":\"https:\\\/\\\/www.artisanlocal.ch\\\/c\\\/wp-content\\\/uploads\\\/2024\\\/10\\\/plombier.jpg\",\"width\":1920,\"height\":300},{\"@type\":\"BreadcrumbList\",\"@id\":\"https:\\\/\\\/www.artisanlocal.ch\\\/c\\\/vos-experts-en-plomberie-a-romont\\\/#breadcrumb\",\"itemListElement\":[{\"@type\":\"ListItem\",\"position\":1,\"name\":\"Accueil\",\"item\":\"https:\\\/\\\/www.artisanlocal.ch\\\/c\\\/\"},{\"@type\":\"ListItem\",\"position\":2,\"name\":\"Vos experts en plomberie \u00e0 Romont\"}]},{\"@type\":\"WebSite\",\"@id\":\"https:\\\/\\\/www.artisanlocal.ch\\\/c\\\/#website\",\"url\":\"https:\\\/\\\/www.artisanlocal.ch\\\/c\\\/\",\"name\":\"Artisanlocal\",\"description\":\"\",\"publisher\":{\"@id\":\"https:\\\/\\\/www.artisanlocal.ch\\\/c\\\/#organization\"},\"potentialAction\":[{\"@type\":\"SearchAction\",\"target\":{\"@type\":\"EntryPoint\",\"urlTemplate\":\"https:\\\/\\\/www.artisanlocal.ch\\\/c\\\/?s={search_term_string}\"},\"query-input\":{\"@type\":\"PropertyValueSpecification\",\"valueRequired\":true,\"valueName\":\"search_term_string\"}}],\"inLanguage\":\"fr-FR\"},{\"@type\":\"Organization\",\"@id\":\"https:\\\/\\\/www.artisanlocal.ch\\\/c\\\/#organization\",\"name\":\"Artisanlocal\",\"url\":\"https:\\\/\\\/www.artisanlocal.ch\\\/c\\\/\",\"logo\":{\"@type\":\"ImageObject\",\"inLanguage\":\"fr-FR\",\"@id\":\"https:\\\/\\\/www.artisanlocal.ch\\\/c\\\/#\\\/schema\\\/logo\\\/image\\\/\",\"url\":\"https:\\\/\\\/www.artisanlocal.ch\\\/c\\\/wp-content\\\/uploads\\\/2024\\\/02\\\/logo-artisanlocal-h.svg\",\"contentUrl\":\"https:\\\/\\\/www.artisanlocal.ch\\\/c\\\/wp-content\\\/uploads\\\/2024\\\/02\\\/logo-artisanlocal-h.svg\",\"caption\":\"Artisanlocal\"},\"image\":{\"@id\":\"https:\\\/\\\/www.artisanlocal.ch\\\/c\\\/#\\\/schema\\\/logo\\\/image\\\/\"}}]}<\/script>\n<!-- \/ Yoast SEO Premium plugin. -->","yoast_head_json":{"title":"Vos experts en plomberie \u00e0 Romont FR - Artisanlocal","robots":{"index":"index","follow":"follow","max-snippet":"max-snippet:-1","max-image-preview":"max-image-preview:large","max-video-preview":"max-video-preview:-1"},"canonical":"https:\/\/www.artisanlocal.ch\/c\/vos-experts-en-plomberie-a-romont\/","og_locale":"fr_FR","og_type":"article","og_title":"Vos experts en plomberie \u00e0 Romont FR","og_description":"Si vous \u00eates un habitant de Romont FR, Artisanlocal se d\u00e9place chez vous en urgence. Pourquoi choisir Artisanlocal \u00e0 Romont FR ? Nos plombiers se d\u00e9placent tous les jours et les jours f\u00e9ri\u00e9s. Nos devis sont gratuits. Nos plombiers utilisent les derni\u00e8res techniques et technologies. Notre entreprise est situ\u00e9e \u00e0 Romont FR ce qui nous [&hellip;]","og_url":"https:\/\/www.artisanlocal.ch\/c\/vos-experts-en-plomberie-a-romont\/","og_site_name":"Artisanlocal","article_modified_time":"2025-08-26T17:27:35+00:00","og_image":[{"width":1920,"height":300,"url":"https:\/\/www.artisanlocal.ch\/c\/wp-content\/uploads\/2024\/10\/plombier.jpg","type":"image\/jpeg"}],"twitter_card":"summary_large_image","twitter_misc":{"Dur\u00e9e de lecture estim\u00e9e":"6 minutes"},"schema":{"@context":"https:\/\/schema.org","@graph":[{"@type":"WebPage","@id":"https:\/\/www.artisanlocal.ch\/c\/vos-experts-en-plomberie-a-romont\/","url":"https:\/\/www.artisanlocal.ch\/c\/vos-experts-en-plomberie-a-romont\/","name":"Vos experts en plomberie \u00e0 Romont FR - Artisanlocal","isPartOf":{"@id":"https:\/\/www.artisanlocal.ch\/c\/#website"},"primaryImageOfPage":{"@id":"https:\/\/www.artisanlocal.ch\/c\/vos-experts-en-plomberie-a-romont\/#primaryimage"},"image":{"@id":"https:\/\/www.artisanlocal.ch\/c\/vos-experts-en-plomberie-a-romont\/#primaryimage"},"thumbnailUrl":"https:\/\/www.artisanlocal.ch\/c\/wp-content\/uploads\/2024\/10\/plombier.jpg","datePublished":"2024-05-18T10:39:04+00:00","dateModified":"2025-08-26T17:27:35+00:00","breadcrumb":{"@id":"https:\/\/www.artisanlocal.ch\/c\/vos-experts-en-plomberie-a-romont\/#breadcrumb"},"inLanguage":"fr-FR","potentialAction":[{"@type":"ReadAction","target":["https:\/\/www.artisanlocal.ch\/c\/vos-experts-en-plomberie-a-romont\/"]}]},{"@type":"ImageObject","inLanguage":"fr-FR","@id":"https:\/\/www.artisanlocal.ch\/c\/vos-experts-en-plomberie-a-romont\/#primaryimage","url":"https:\/\/www.artisanlocal.ch\/c\/wp-content\/uploads\/2024\/10\/plombier.jpg","contentUrl":"https:\/\/www.artisanlocal.ch\/c\/wp-content\/uploads\/2024\/10\/plombier.jpg","width":1920,"height":300},{"@type":"BreadcrumbList","@id":"https:\/\/www.artisanlocal.ch\/c\/vos-experts-en-plomberie-a-romont\/#breadcrumb","itemListElement":[{"@type":"ListItem","position":1,"name":"Accueil","item":"https:\/\/www.artisanlocal.ch\/c\/"},{"@type":"ListItem","position":2,"name":"Vos experts en plomberie \u00e0 Romont"}]},{"@type":"WebSite","@id":"https:\/\/www.artisanlocal.ch\/c\/#website","url":"https:\/\/www.artisanlocal.ch\/c\/","name":"Artisanlocal","description":"","publisher":{"@id":"https:\/\/www.artisanlocal.ch\/c\/#organization"},"potentialAction":[{"@type":"SearchAction","target":{"@type":"EntryPoint","urlTemplate":"https:\/\/www.artisanlocal.ch\/c\/?s={search_term_string}"},"query-input":{"@type":"PropertyValueSpecification","valueRequired":true,"valueName":"search_term_string"}}],"inLanguage":"fr-FR"},{"@type":"Organization","@id":"https:\/\/www.artisanlocal.ch\/c\/#organization","name":"Artisanlocal","url":"https:\/\/www.artisanlocal.ch\/c\/","logo":{"@type":"ImageObject","inLanguage":"fr-FR","@id":"https:\/\/www.artisanlocal.ch\/c\/#\/schema\/logo\/image\/","url":"https:\/\/www.artisanlocal.ch\/c\/wp-content\/uploads\/2024\/02\/logo-artisanlocal-h.svg","contentUrl":"https:\/\/www.artisanlocal.ch\/c\/wp-content\/uploads\/2024\/02\/logo-artisanlocal-h.svg","caption":"Artisanlocal"},"image":{"@id":"https:\/\/www.artisanlocal.ch\/c\/#\/schema\/logo\/image\/"}}]}},"_links":{"self":[{"href":"https:\/\/www.artisanlocal.ch\/c\/wp-json\/wp\/v2\/pages\/965","targetHints":{"allow":["GET"]}}],"collection":[{"href":"https:\/\/www.artisanlocal.ch\/c\/wp-json\/wp\/v2\/pages"}],"about":[{"href":"https:\/\/www.artisanlocal.ch\/c\/wp-json\/wp\/v2\/types\/page"}],"author":[{"embeddable":true,"href":"https:\/\/www.artisanlocal.ch\/c\/wp-json\/wp\/v2\/users\/4"}],"replies":[{"embeddable":true,"href":"https:\/\/www.artisanlocal.ch\/c\/wp-json\/wp\/v2\/comments?post=965"}],"version-history":[{"count":0,"href":"https:\/\/www.artisanlocal.ch\/c\/wp-json\/wp\/v2\/pages\/965\/revisions"}],"wp:featuredmedia":[{"embeddable":true,"href":"https:\/\/www.artisanlocal.ch\/c\/wp-json\/wp\/v2\/media\/2758"}],"wp:attachment":[{"href":"https:\/\/www.artisanlocal.ch\/c\/wp-json\/wp\/v2\/media?parent=965"}],"wp:term":[{"taxonomy":"profession","embeddable":true,"href":"https:\/\/www.artisanlocal.ch\/c\/wp-json\/wp\/v2\/profession?post=965"},{"taxonomy":"location","embeddable":true,"href":"https:\/\/www.artisanlocal.ch\/c\/wp-json\/wp\/v2\/location?post=965"},{"taxonomy":"canton","embeddable":true,"href":"https:\/\/www.artisanlocal.ch\/c\/wp-json\/wp\/v2\/canton?post=965"}],"curies":[{"name":"wp","href":"https:\/\/api.w.org\/{rel}","templated":true}]}}