{"id":968,"date":"2024-05-18T07:04:20","date_gmt":"2024-05-18T05:04:20","guid":{"rendered":"https:\/\/www.artisanlocal.ch\/c\/plombier-attalens\/"},"modified":"2025-08-26T19:27:38","modified_gmt":"2025-08-26T17:27:38","slug":"plombier-attalens","status":"publish","type":"page","link":"https:\/\/www.artisanlocal.ch\/c\/plombier-attalens\/","title":{"rendered":"Plombier Attalens"},"content":{"rendered":"<p>Si vous \u00eates un Attalensois, Artisanlocal intervient chez vous rapidement.<\/p>\n\r\n<div class=\"box\">\r\n    <h2 class=\"text-dark\">Nous cherchons un <em class=\"text-primary\">Sanitaire<\/em> dans la r\u00e9gion de <em class=\"text-primary\">Attalens<\/em>  en exclusivit\u00e9, afin de proposer vos services \u00e0 nos clients propri\u00e9taires.<\/h2>\r\n    <p>Une opportunit\u00e9 unique pour booster votre activit\u00e9 \u00e0 <strong>Attalens<\/strong> et aux alentours dans votre domaine (Sanitaire).<\/p>\r\n    <p>Nous travaillons en exclusivit\u00e9 avec qu'une soci\u00e9t\u00e9 par m\u00e9tier et par r\u00e9gion. <br>Votre entreprise est pr\u00e9sente sur tous les documents immobiliers. Afin d'\u00eatre mieux vu sur le net, vous \u00eates \u00e9galement visible sur nos deux sites et sur les pages de r\u00e9f\u00e9rencement de votre r\u00e9gion.<\/p>\r\n    <a href=\"\/contact\" class=\"wp-block-button__link has-accent-background-color has-text-align-center wp-element-button\">R\u00e9server<\/a>\r\n<\/div>\n<h2>Pourquoi choisir Artisanlocal \u00e0 Attalens ?<\/h2>\n<ul>\n<li>Nos plombiers se d\u00e9placent tous les jours.<\/li>\n<li>Nous fournissons des estimations gratuites.<\/li>\n<li>Nos artisans emploient les derni\u00e8res techniques et technologies.<\/li>\n<li>Nous sommes localis\u00e9s \u00e0 Attalens ce qui nous permet d&rsquo;intervenir rapidement \u00e0 votre logement.<\/li>\n<li>Nos tarifs sont comp\u00e9titifs.<\/li>\n<li>Nos artisans plombiers sont assur\u00e9s et exp\u00e9riment\u00e9s.<\/li>\n<li>Nous examinons votre r\u00e9seau de plomberie avant les travaux.<\/li>\n<li>Nous r\u00e9alisons tous les travaux de plomberie possibles.<\/li>\n<\/ul>\n<h2>Quels sont les prestations propos\u00e9es par Artisanlocal ?<\/h2>\n<ul>\n<li>Notre entreprise est sp\u00e9cialis\u00e9e dans la localisation des fuites et la r\u00e9paration de vos tuyaux.<\/li>\n<li>Nos artisans remplacent vos \u00e9quipements sanitaires.<\/li>\n<li>La remise en \u00e9tat de votre sanitaire.<\/li>\n<li>Les services de plomberie, tel que : l\u2019installation de robinet, \u00e9vier, lavabo et de la tuyauterie.<\/li>\n<li>L&rsquo;installation de ballons d&rsquo;eau chaude ou de chaudi\u00e8res.<\/li>\n<li>L\u2019assainissement et le d\u00e9bouchage de vos canalisations.<\/li>\n<li>La restauration totale de votre salle de bain.<\/li>\n<li>La vidange de fosse septique.<\/li>\n<\/ul>\n<h2>Quel est le fonctionnement d&rsquo;Artisanlocal \u00e0 Attalens ?<\/h2>\n<ol>\n<li>Suite \u00e0 votre prise de contact par email ou t\u00e9l\u00e9phone, un de nos plombiers vous contacte pour examiner l&rsquo;\u00e9tendue de votre probl\u00e8me de plomberie.<\/li>\n<li>Par la suite, nous vous donnons un devis gratuit. Avec notre entreprise, il n&rsquo;y a pas de frais dissimul\u00e9s, sauf si vous ayez besoin d&rsquo;\u00e9l\u00e9ments de rechange ou de travaux importants.<\/li>\n<li>Apr\u00e8s la validation du devis, notre artisan plombier fixe avec vous le jour de l&rsquo;intervention.<\/li>\n<\/ol>\n<h2>Plombier pour les particuliers \u00e0 Attalens<\/h2>\n<p>En cas de souci avec votre installation sanitaire, il y a un risque que vous contaminiez l&rsquo;eau de votre foyer, ce qui peut mettre votre famille en danger, c&rsquo;est pour cela que le plombier qui intervient chez vous r\u00e9alise :<\/p>\n<ul>\n<li>La d\u00e9tection et la r\u00e9paration de fuites dans vos tuyaux.<\/li>\n<li>Le d\u00e9bouchage et le nettoyage de vos canalisations.<\/li>\n<li>La r\u00e9vision de votre chauffe-eau.<\/li>\n<li>L\u2019Inspection de vos canalisations.<\/li>\n<li>La restauration de vos tuyaux de canalisations.<\/li>\n<li>La remise en \u00e9tat apr\u00e8s un sinistre.<\/li>\n<\/ul>\n<h2>Plombier pour les entreprises \u00e0 Attalens<\/h2>\n<p>\u00c0 Attalens, il y a des soci\u00e9t\u00e9s, restaurants et commerces de d\u00e9tail. Une petite fuite dans un robinet ou un joint d\u00e9fectueux, un refoulement dans une canalisation ou encore une panne de chauffe-eau sont des probl\u00e8mes r\u00e9pandus qui peuvent r\u00e9duire l&rsquo;efficacit\u00e9 de vos salari\u00e9s. Artisanlocal soutiens votre soci\u00e9t\u00e9 pour :<\/p>\n<ul>\n<li>Le d\u00e9gorgement de vos lavabos et le changement de vos robinets.<\/li>\n<li>L\u2019inspection et la r\u00e9paration de vos tuyaux.<\/li>\n<li>Le service nettoyage de tuyaux canalisations avec de l&rsquo;eau \u00e0 haute pression (hydrocurage).<\/li>\n<li>La pose de nouveaux dispositifs de plomberie.<\/li>\n<li>L\u2019entretien et la remise en \u00e9tat de votre bac \u00e0 graisse.<\/li>\n<li>L\u2019installation, la r\u00e9paration et l&rsquo;entretien de votre chauffe-eau ou syst\u00e8me de chauffage.<\/li>\n<li>La r\u00e9novation de votre r\u00e9seau de tuyaux.<\/li>\n<li>Le service de d\u00e9pannage de vos installations sanitaires.<\/li>\n<li>L&rsquo;inspection de vos canalisations par cam\u00e9ra.<\/li>\n<\/ul>\n<h2>Nettoyage de votre tuyauterie en urgence \u00e0 Attalens<\/h2>\n<p>Si vous \u00eates un Attalensois, notre entreprise intervient en urgence pour le d\u00e9bouchage vos canalisations ou pour r\u00e9soudre vos probl\u00e8mes de refoulement de vos WC, \u00e9viers ou douches, de plus, nos plombiers op\u00e8rent d\u00e8s que possible sur vos :<\/p>\n<ul>\n<li>\u00c9viers.<\/li>\n<li>WC.<\/li>\n<li>Toitures.<\/li>\n<li>\u00c9gouts.<\/li>\n<li>Canalisations. <\/li>\n<\/ul>\n<h2>Service de nettoyage d&rsquo;\u00e9gouts \u00e0 Attalens<\/h2>\n<p>Le syst\u00e8me d&rsquo;\u00e9gouts repr\u00e9sente l&rsquo;\u00e9l\u00e9ment central de la plomberie. Il transporte les eaux us\u00e9es des lavabos, des toilettes et des autres \u00e9quipements sanitaires. Lorsque l\u2019\u00e9gout est plein ou \u00e0 des fuites, cela peut d\u00e9grader votre r\u00e9sidence, et mettre votre s\u00e9curit\u00e9 en jeu.<\/p>\n<p>Le nettoyage fr\u00e9quent de votre \u00e9gout permet d&rsquo;\u00e9viter les refoulements ou encore la cr\u00e9ation de bouchons. Nos plombiers \u00e0 Attalens combinent les techniques classiques et les derni\u00e8res technologies pour contr\u00f4ler, nettoyer et assurer le d\u00e9bit de l&rsquo;eau dans vos conduits.<\/p>\n<p>Artisanlocal change les canalisations de vos \u00e9gouts en cas de dommage important. Notre \u00e9quipe propose aussi le nettoyage de votre entreprise ou de votre logement \u00e0 la suite d&rsquo;un d\u00e9g\u00e2t des eaux. Nous d\u00e9shumidifions et s\u00e9chons les zones touch\u00e9es afin de diminuer les dangers de d\u00e9veloppement de champignons.<\/p>\n<h2>Services de r\u00e9paration et d&rsquo;installation de chauffe-eau \u00e0 Attalens<\/h2>\n<p>Il n&rsquo;y a que de l&rsquo;eau froide dans votre h\u00e9bergement ? Il est probable que vous ayez des soucis avec votre cumulus. Notre entreprise r\u00e9pare votre cumulus en urgence. Voici les indices qui montrent des probl\u00e8mes :<\/p>\n<ul>\n<li>La r\u00e9duction de la pression de l\u2019eau chaude : vous avez possiblement une fuite dans votre cumulus, ou un syst\u00e8me chauffant en panne ou la pr\u00e9sence de s\u00e9diments dans votre r\u00e9servoir.<\/li>\n<li>De l&rsquo;eau autour de votre chauffe-eau : une flaque d&rsquo;eau \u00e0 la base du cumulus est le signe d&rsquo;un dysfonctionnement, ou la pr\u00e9sence d&rsquo;un trou dans le r\u00e9servoir.<\/li>\n<li>Vous percevez des bruits anormaux qui proviennent du chauffe-eau : si vous entendez des bruits \u00e9tranges, cela peut \u00eatre d\u00fb \u00e0 l&rsquo;accumulation de s\u00e9diments, un dysfonctionnement de l&rsquo;\u00e9l\u00e9ment chauffant ou d\u2019une fuite d&rsquo;eau.<\/li>\n<li>L&rsquo;eau est d\u00e9color\u00e9e : c&rsquo;est occasionner par la pr\u00e9sence de substances nocives et de rouille dans votre chauffe-eau.<\/li>\n<li>Le chauffe-eau marche en continu : si vous remarquez que votre cumulus est toujours en marche, cela peut \u00eatre d\u00fb \u00e0 un probl\u00e8me.<\/li>\n<\/ul>\n<p>En engageant Artisanlocal d\u00e8s le premier signal d&rsquo;alerte, vous pouvez \u00e9viter des r\u00e9parations on\u00e9reuses.<\/p>\n<h2>Services de nettoyage apr\u00e8s un d\u00e9g\u00e2t des eaux<\/h2>\n<p>Nos plombiers professionnels nettoient votre domicile suite \u00e0 un d\u00e9g\u00e2t des eaux \u00e0 Attalens, nos plombiers sont disponibles pour vous apporter une assistance en cas de caves submerg\u00e9es, de ruptures de canalisations, de d\u00e9bordements de toilettes et de douches, d&rsquo;importantes pr\u00e9cipitations, de refoulements d&rsquo;\u00e9gouts et d&rsquo;autres probl\u00e8mes de canalisation qui peuvent causer des dommages.<\/p>\n<h2>FAQ<\/h2>\n<h3>Quel tarif pour faire intervenir un plombier \u00e0 Attalens ?<\/h3>\n<p>Apr\u00e8s avoir examin\u00e9 votre souci de plomberie, les plombiers d&rsquo;Artisanlocal \u00e9valuent le co\u00fbt de l&rsquo;intervention. Voici les montants \u00e0 titre d&rsquo;information \u00e0 Attalens :<\/p>\n<table border=\"1\">\n<tbody>\n<tr>\n<th>Services<\/th>\n<th>Prix CHF<\/th>\n<\/tr>\n<tr>\n<td>Mise en place d\u2019un lavabo<\/td>\n<td>280.00<\/td>\n<\/tr>\n<tr>\n<td>Tarif horaire : pose sanitaire<\/td>\n<td>110.00 \u00e0 129.00<\/td>\n<\/tr>\n<tr>\n<td>Pose et raccord, d\u2019un siphon \u00e0 un lavabo<\/td>\n<td>70.00<\/td>\n<\/tr>\n<tr>\n<td>Assemblage meuble de salle de bain<\/td>\n<td>95.00<\/td>\n<\/tr>\n<tr>\n<td>Pose et raccordement, d\u2019une douche \u00e0 la robinetterie<\/td>\n<td>86.00<\/td>\n<\/tr>\n<tr>\n<td>Mise en place d\u2019un r\u00e9servoir ind\u00e9pendant de toilette<\/td>\n<td>112.00<\/td>\n<\/tr>\n<tr>\n<td>Fixation d\u2019accessoires de salle de bain<\/td>\n<td>60.00<\/td>\n<\/tr>\n<tr>\n<td>Mise en place d\u2019un toilette suspendu<\/td>\n<td>170.00<\/td>\n<\/tr>\n<tr>\n<td>D\u00e9placement du plombier aller-retour<\/td>\n<td>100.00<\/td>\n<\/tr>\n<\/tbody>\n<\/table>\n<h3>La soci\u00e9t\u00e9 Artisanlocal est-elle ouverte les samedis et dimanches ?<\/h3>\n<p>Notre prestation de plomberie est disponible 24h\/24, 7j\/7 et m\u00eame les jours f\u00e9ri\u00e9s.<\/p>\n<h3>Nos artisans plombiers op\u00e8rent \u00e0 Attalens et dans les localit\u00e9s alentours ?<\/h3>\n<p>Nos plombiers interviennent \u00e0 Attalens, comme dans les villes aux environs, telles que : Besencens, Fiaug\u00e8res, St-Martin FR, Granges (Veveyse), Bossonnens, Tatroz, Remaufens, Ch\u00e2tel-St-Denis, Les Paccots, Semsales, Grattavache, La Verrerie, Progens, Bouloz, Pont (Veveyse), Porsel.<\/p>\n","protected":false},"excerpt":{"rendered":"<p>Si vous \u00eates un Attalensois, Artisanlocal intervient chez vous rapidement. Pourquoi choisir Artisanlocal \u00e0 Attalens ? Nos plombiers se d\u00e9placent tous les jours. Nous fournissons des estimations gratuites. Nos artisans emploient les derni\u00e8res techniques et technologies. Nous sommes localis\u00e9s \u00e0 Attalens ce qui nous permet d&rsquo;intervenir rapidement \u00e0 votre logement. Nos tarifs sont comp\u00e9titifs. Nos [&hellip;]<\/p>\n","protected":false},"author":4,"featured_media":2758,"parent":0,"menu_order":0,"comment_status":"closed","ping_status":"closed","template":"","meta":{"footnotes":""},"profession":[123],"location":[32],"canton":[109],"class_list":["post-968","page","type-page","status-publish","has-post-thumbnail","hentry","profession-sanitaire","location-attalens","canton-fr"],"yoast_head":"<!-- This site is optimized with the Yoast SEO Premium plugin v25.7.1 (Yoast SEO v27.4) - https:\/\/yoast.com\/product\/yoast-seo-premium-wordpress\/ -->\n<title>Plombier Attalens - Artisanlocal<\/title>\n<meta name=\"robots\" content=\"index, follow, max-snippet:-1, max-image-preview:large, max-video-preview:-1\" \/>\n<link rel=\"canonical\" href=\"https:\/\/www.artisanlocal.ch\/c\/plombier-attalens\/\" \/>\n<meta property=\"og:locale\" content=\"fr_FR\" \/>\n<meta property=\"og:type\" content=\"article\" \/>\n<meta property=\"og:title\" content=\"Plombier Attalens\" \/>\n<meta property=\"og:description\" content=\"Si vous \u00eates un Attalensois, Artisanlocal intervient chez vous rapidement. Pourquoi choisir Artisanlocal \u00e0 Attalens ? Nos plombiers se d\u00e9placent tous les jours. Nous fournissons des estimations gratuites. Nos artisans emploient les derni\u00e8res techniques et technologies. Nous sommes localis\u00e9s \u00e0 Attalens ce qui nous permet d&rsquo;intervenir rapidement \u00e0 votre logement. Nos tarifs sont comp\u00e9titifs. Nos [&hellip;]\" \/>\n<meta property=\"og:url\" content=\"https:\/\/www.artisanlocal.ch\/c\/plombier-attalens\/\" \/>\n<meta property=\"og:site_name\" content=\"Artisanlocal\" \/>\n<meta property=\"article:modified_time\" content=\"2025-08-26T17:27:38+00:00\" \/>\n<meta property=\"og:image\" content=\"https:\/\/www.artisanlocal.ch\/c\/wp-content\/uploads\/2024\/10\/plombier.jpg\" \/>\n\t<meta property=\"og:image:width\" content=\"1920\" \/>\n\t<meta property=\"og:image:height\" content=\"300\" \/>\n\t<meta property=\"og:image:type\" content=\"image\/jpeg\" \/>\n<meta name=\"twitter:card\" content=\"summary_large_image\" \/>\n<meta name=\"twitter:label1\" content=\"Dur\u00e9e de lecture estim\u00e9e\" \/>\n\t<meta name=\"twitter:data1\" content=\"6 minutes\" \/>\n<script type=\"application\/ld+json\" class=\"yoast-schema-graph\">{\"@context\":\"https:\\\/\\\/schema.org\",\"@graph\":[{\"@type\":\"WebPage\",\"@id\":\"https:\\\/\\\/www.artisanlocal.ch\\\/c\\\/plombier-attalens\\\/\",\"url\":\"https:\\\/\\\/www.artisanlocal.ch\\\/c\\\/plombier-attalens\\\/\",\"name\":\"Plombier Attalens - Artisanlocal\",\"isPartOf\":{\"@id\":\"https:\\\/\\\/www.artisanlocal.ch\\\/c\\\/#website\"},\"primaryImageOfPage\":{\"@id\":\"https:\\\/\\\/www.artisanlocal.ch\\\/c\\\/plombier-attalens\\\/#primaryimage\"},\"image\":{\"@id\":\"https:\\\/\\\/www.artisanlocal.ch\\\/c\\\/plombier-attalens\\\/#primaryimage\"},\"thumbnailUrl\":\"https:\\\/\\\/www.artisanlocal.ch\\\/c\\\/wp-content\\\/uploads\\\/2024\\\/10\\\/plombier.jpg\",\"datePublished\":\"2024-05-18T05:04:20+00:00\",\"dateModified\":\"2025-08-26T17:27:38+00:00\",\"breadcrumb\":{\"@id\":\"https:\\\/\\\/www.artisanlocal.ch\\\/c\\\/plombier-attalens\\\/#breadcrumb\"},\"inLanguage\":\"fr-FR\",\"potentialAction\":[{\"@type\":\"ReadAction\",\"target\":[\"https:\\\/\\\/www.artisanlocal.ch\\\/c\\\/plombier-attalens\\\/\"]}]},{\"@type\":\"ImageObject\",\"inLanguage\":\"fr-FR\",\"@id\":\"https:\\\/\\\/www.artisanlocal.ch\\\/c\\\/plombier-attalens\\\/#primaryimage\",\"url\":\"https:\\\/\\\/www.artisanlocal.ch\\\/c\\\/wp-content\\\/uploads\\\/2024\\\/10\\\/plombier.jpg\",\"contentUrl\":\"https:\\\/\\\/www.artisanlocal.ch\\\/c\\\/wp-content\\\/uploads\\\/2024\\\/10\\\/plombier.jpg\",\"width\":1920,\"height\":300},{\"@type\":\"BreadcrumbList\",\"@id\":\"https:\\\/\\\/www.artisanlocal.ch\\\/c\\\/plombier-attalens\\\/#breadcrumb\",\"itemListElement\":[{\"@type\":\"ListItem\",\"position\":1,\"name\":\"Accueil\",\"item\":\"https:\\\/\\\/www.artisanlocal.ch\\\/c\\\/\"},{\"@type\":\"ListItem\",\"position\":2,\"name\":\"Plombier Attalens\"}]},{\"@type\":\"WebSite\",\"@id\":\"https:\\\/\\\/www.artisanlocal.ch\\\/c\\\/#website\",\"url\":\"https:\\\/\\\/www.artisanlocal.ch\\\/c\\\/\",\"name\":\"Artisanlocal\",\"description\":\"\",\"publisher\":{\"@id\":\"https:\\\/\\\/www.artisanlocal.ch\\\/c\\\/#organization\"},\"potentialAction\":[{\"@type\":\"SearchAction\",\"target\":{\"@type\":\"EntryPoint\",\"urlTemplate\":\"https:\\\/\\\/www.artisanlocal.ch\\\/c\\\/?s={search_term_string}\"},\"query-input\":{\"@type\":\"PropertyValueSpecification\",\"valueRequired\":true,\"valueName\":\"search_term_string\"}}],\"inLanguage\":\"fr-FR\"},{\"@type\":\"Organization\",\"@id\":\"https:\\\/\\\/www.artisanlocal.ch\\\/c\\\/#organization\",\"name\":\"Artisanlocal\",\"url\":\"https:\\\/\\\/www.artisanlocal.ch\\\/c\\\/\",\"logo\":{\"@type\":\"ImageObject\",\"inLanguage\":\"fr-FR\",\"@id\":\"https:\\\/\\\/www.artisanlocal.ch\\\/c\\\/#\\\/schema\\\/logo\\\/image\\\/\",\"url\":\"https:\\\/\\\/www.artisanlocal.ch\\\/c\\\/wp-content\\\/uploads\\\/2024\\\/02\\\/logo-artisanlocal-h.svg\",\"contentUrl\":\"https:\\\/\\\/www.artisanlocal.ch\\\/c\\\/wp-content\\\/uploads\\\/2024\\\/02\\\/logo-artisanlocal-h.svg\",\"caption\":\"Artisanlocal\"},\"image\":{\"@id\":\"https:\\\/\\\/www.artisanlocal.ch\\\/c\\\/#\\\/schema\\\/logo\\\/image\\\/\"}}]}<\/script>\n<!-- \/ Yoast SEO Premium plugin. -->","yoast_head_json":{"title":"Plombier Attalens - Artisanlocal","robots":{"index":"index","follow":"follow","max-snippet":"max-snippet:-1","max-image-preview":"max-image-preview:large","max-video-preview":"max-video-preview:-1"},"canonical":"https:\/\/www.artisanlocal.ch\/c\/plombier-attalens\/","og_locale":"fr_FR","og_type":"article","og_title":"Plombier Attalens","og_description":"Si vous \u00eates un Attalensois, Artisanlocal intervient chez vous rapidement. Pourquoi choisir Artisanlocal \u00e0 Attalens ? Nos plombiers se d\u00e9placent tous les jours. Nous fournissons des estimations gratuites. Nos artisans emploient les derni\u00e8res techniques et technologies. Nous sommes localis\u00e9s \u00e0 Attalens ce qui nous permet d&rsquo;intervenir rapidement \u00e0 votre logement. Nos tarifs sont comp\u00e9titifs. Nos [&hellip;]","og_url":"https:\/\/www.artisanlocal.ch\/c\/plombier-attalens\/","og_site_name":"Artisanlocal","article_modified_time":"2025-08-26T17:27:38+00:00","og_image":[{"width":1920,"height":300,"url":"https:\/\/www.artisanlocal.ch\/c\/wp-content\/uploads\/2024\/10\/plombier.jpg","type":"image\/jpeg"}],"twitter_card":"summary_large_image","twitter_misc":{"Dur\u00e9e de lecture estim\u00e9e":"6 minutes"},"schema":{"@context":"https:\/\/schema.org","@graph":[{"@type":"WebPage","@id":"https:\/\/www.artisanlocal.ch\/c\/plombier-attalens\/","url":"https:\/\/www.artisanlocal.ch\/c\/plombier-attalens\/","name":"Plombier Attalens - Artisanlocal","isPartOf":{"@id":"https:\/\/www.artisanlocal.ch\/c\/#website"},"primaryImageOfPage":{"@id":"https:\/\/www.artisanlocal.ch\/c\/plombier-attalens\/#primaryimage"},"image":{"@id":"https:\/\/www.artisanlocal.ch\/c\/plombier-attalens\/#primaryimage"},"thumbnailUrl":"https:\/\/www.artisanlocal.ch\/c\/wp-content\/uploads\/2024\/10\/plombier.jpg","datePublished":"2024-05-18T05:04:20+00:00","dateModified":"2025-08-26T17:27:38+00:00","breadcrumb":{"@id":"https:\/\/www.artisanlocal.ch\/c\/plombier-attalens\/#breadcrumb"},"inLanguage":"fr-FR","potentialAction":[{"@type":"ReadAction","target":["https:\/\/www.artisanlocal.ch\/c\/plombier-attalens\/"]}]},{"@type":"ImageObject","inLanguage":"fr-FR","@id":"https:\/\/www.artisanlocal.ch\/c\/plombier-attalens\/#primaryimage","url":"https:\/\/www.artisanlocal.ch\/c\/wp-content\/uploads\/2024\/10\/plombier.jpg","contentUrl":"https:\/\/www.artisanlocal.ch\/c\/wp-content\/uploads\/2024\/10\/plombier.jpg","width":1920,"height":300},{"@type":"BreadcrumbList","@id":"https:\/\/www.artisanlocal.ch\/c\/plombier-attalens\/#breadcrumb","itemListElement":[{"@type":"ListItem","position":1,"name":"Accueil","item":"https:\/\/www.artisanlocal.ch\/c\/"},{"@type":"ListItem","position":2,"name":"Plombier Attalens"}]},{"@type":"WebSite","@id":"https:\/\/www.artisanlocal.ch\/c\/#website","url":"https:\/\/www.artisanlocal.ch\/c\/","name":"Artisanlocal","description":"","publisher":{"@id":"https:\/\/www.artisanlocal.ch\/c\/#organization"},"potentialAction":[{"@type":"SearchAction","target":{"@type":"EntryPoint","urlTemplate":"https:\/\/www.artisanlocal.ch\/c\/?s={search_term_string}"},"query-input":{"@type":"PropertyValueSpecification","valueRequired":true,"valueName":"search_term_string"}}],"inLanguage":"fr-FR"},{"@type":"Organization","@id":"https:\/\/www.artisanlocal.ch\/c\/#organization","name":"Artisanlocal","url":"https:\/\/www.artisanlocal.ch\/c\/","logo":{"@type":"ImageObject","inLanguage":"fr-FR","@id":"https:\/\/www.artisanlocal.ch\/c\/#\/schema\/logo\/image\/","url":"https:\/\/www.artisanlocal.ch\/c\/wp-content\/uploads\/2024\/02\/logo-artisanlocal-h.svg","contentUrl":"https:\/\/www.artisanlocal.ch\/c\/wp-content\/uploads\/2024\/02\/logo-artisanlocal-h.svg","caption":"Artisanlocal"},"image":{"@id":"https:\/\/www.artisanlocal.ch\/c\/#\/schema\/logo\/image\/"}}]}},"_links":{"self":[{"href":"https:\/\/www.artisanlocal.ch\/c\/wp-json\/wp\/v2\/pages\/968","targetHints":{"allow":["GET"]}}],"collection":[{"href":"https:\/\/www.artisanlocal.ch\/c\/wp-json\/wp\/v2\/pages"}],"about":[{"href":"https:\/\/www.artisanlocal.ch\/c\/wp-json\/wp\/v2\/types\/page"}],"author":[{"embeddable":true,"href":"https:\/\/www.artisanlocal.ch\/c\/wp-json\/wp\/v2\/users\/4"}],"replies":[{"embeddable":true,"href":"https:\/\/www.artisanlocal.ch\/c\/wp-json\/wp\/v2\/comments?post=968"}],"version-history":[{"count":0,"href":"https:\/\/www.artisanlocal.ch\/c\/wp-json\/wp\/v2\/pages\/968\/revisions"}],"wp:featuredmedia":[{"embeddable":true,"href":"https:\/\/www.artisanlocal.ch\/c\/wp-json\/wp\/v2\/media\/2758"}],"wp:attachment":[{"href":"https:\/\/www.artisanlocal.ch\/c\/wp-json\/wp\/v2\/media?parent=968"}],"wp:term":[{"taxonomy":"profession","embeddable":true,"href":"https:\/\/www.artisanlocal.ch\/c\/wp-json\/wp\/v2\/profession?post=968"},{"taxonomy":"location","embeddable":true,"href":"https:\/\/www.artisanlocal.ch\/c\/wp-json\/wp\/v2\/location?post=968"},{"taxonomy":"canton","embeddable":true,"href":"https:\/\/www.artisanlocal.ch\/c\/wp-json\/wp\/v2\/canton?post=968"}],"curies":[{"name":"wp","href":"https:\/\/api.w.org\/{rel}","templated":true}]}}