{"id":969,"date":"2024-05-19T14:33:54","date_gmt":"2024-05-19T12:33:54","guid":{"rendered":"https:\/\/www.artisanlocal.ch\/c\/artisan-plombier-a-geneve\/"},"modified":"2025-08-26T19:27:03","modified_gmt":"2025-08-26T17:27:03","slug":"artisan-plombier-a-geneve","status":"publish","type":"page","link":"https:\/\/www.artisanlocal.ch\/c\/artisan-plombier-a-geneve\/","title":{"rendered":"Plombier \u00e0 Gen\u00e8ve"},"content":{"rendered":"<p>Vous habitez \u00e0 Gen\u00e8ve et vous avez un probl\u00e8me avec votre plomberie ? Nos plombiers se d\u00e9placent en urgence \u00e0 votre logement.<br \/>\n\r\n<div class=\"company-partners\">\r\n    <h3>Nos soci\u00e9t\u00e9s<\/h3>\r\n    <ul>\r\n                    <li>\r\n                <p class=\"company-partners__name\">\r\n                    <a href=\"https:\/\/www.artisanlocal.ch\/c\/artisan-plombier-a-geneve\/?geo=Rive+Gauche\" target=\"_blank\" class=\"has-accent-color\" title=\"Voir les coordonn\u00e9es de notre partenaire\">A.N Sanitaire S\u00e0rl<\/a>\r\n                <\/p>\r\n                <p class=\"company-partners__address\">1207\u00a0Gen\u00e8ve<\/p>\r\n            <\/li>\r\n                    <li>\r\n                <p class=\"company-partners__name\">\r\n                    <a href=\"https:\/\/www.artisanlocal.ch\/c\/artisan-plombier-a-geneve\/?geo=Rive+Droite\" target=\"_blank\" class=\"has-accent-color\" title=\"Voir les coordonn\u00e9es de notre partenaire\">Tec Man Chauffage et Sanitaire S\u00e0rl<\/a>\r\n                <\/p>\r\n                <p class=\"company-partners__address\">1217 Meyrin<\/p>\r\n            <\/li>\r\n            <\/ul>\r\n<\/div><\/p>\n<h2>Pourquoi faire appel \u00e0 notre soci\u00e9t\u00e9 de plomberie \u00e0 Gen\u00e8ve ?<\/h2>\n<ul>\n<li>Nos plombiers sont joignables tous les jours de la semaine et les jours f\u00e9ri\u00e9s.<\/li>\n<li>Nous offrons des estimations gratuites.<\/li>\n<li>Nous utilisons les derni\u00e8res techniques.<\/li>\n<li>Notre entreprise est situ\u00e9e \u00e0 Gen\u00e8ve, ce qui nous permet d&rsquo;intervenir rapidement \u00e0 votre logement.<\/li>\n<li>Nos tarifs sont comp\u00e9titifs.<\/li>\n<li>Tous nos artisans plombiers sont qualifi\u00e9s et poss\u00e8dent les comp\u00e9tences n\u00e9cessaires.<\/li>\n<li>Nous examinons votre r\u00e9seau de plomberie avant de r\u00e9aliser les travaux.<\/li>\n<li>Nous g\u00e9rons tous les probl\u00e8mes de plomberie.<\/li>\n<\/ul>\n<h2>Quels sont les services propos\u00e9s par Artisanlocal ?<\/h2>\n<ul>\n<li>Localisation des fuites.<\/li>\n<li>R\u00e9paration de vos canalisations.<\/li>\n<li>Changement de votre \u00e9quipement sanitaire.<\/li>\n<li>Installation des : robinets, \u00e9viers, lavabos et tuyauteries.<\/li>\n<li>Pose de chaudi\u00e8res ou de ballons d&rsquo;eau chaude.<\/li>\n<li>Assainissement et le d\u00e9bouchage de vos canalisations.<\/li>\n<li>Restauration int\u00e9grale de votre salle de bain.<\/li>\n<li>Vidange de fosse septique.<\/li>\n<\/ul>\n<h2>Quel est le fonctionnement d&rsquo;Artisanlocal \u00e0 Gen\u00e8ve ?<\/h2>\n<ol>\n<li>Une fois que vous nous avez contact\u00e9s par t\u00e9l\u00e9phone ou email, nous rentrons en contact avec vous pour \u00e9valuer votre probl\u00e8me.<\/li>\n<li>Apr\u00e8s cela, vous obtiendrez de notre part une estimation gratuite pour vos travaux. Vous ne d\u00e9penserez aucuns frais additionnels, sauf si vous ayez besoin de pi\u00e8ces de remplacement ou de gros travaux.<\/li>\n<li>Apr\u00e8s avoir donn\u00e9 votre accord pour le devis, nous d\u00e9ciderons ensemble d&rsquo;une date d&rsquo;intervention \u00e0 votre foyer.<\/li>\n<\/ol>\n<h2>Prestations de plomberie pour les particuliers \u00e0 Gen\u00e8ve<\/h2>\n<p>Si votre plomberie est d\u00e9fectueuse, il y a un risque de contamination de l&rsquo;eau, ce qui peut occasionner un danger pour votre famille, c&rsquo;est pour cela que l&rsquo;artisan plombier qui op\u00e8re \u00e0 votre domicile r\u00e9alise :<\/p>\n<ul>\n<li>La d\u00e9tection et la r\u00e9paration de fuites dans vos tuyaux.<\/li>\n<li>Le d\u00e9bouchage et l&rsquo;entretien de vos canalisations.<\/li>\n<li>L\u2019entretien de votre chauffe-eau.<\/li>\n<li>L\u2019Inspection de vos canalisations.<\/li>\n<li>La r\u00e9novation de vos tuyaux de canalisations.<\/li>\n<li>Le nettoyage apr\u00e8s les d\u00e9g\u00e2ts des eaux.<\/li>\n<\/ul>\n<h2>Artisanlocal aux services des entreprises \u00e0 Gen\u00e8ve<\/h2>\n<p>Si vous avez une entreprise, un commerce de d\u00e9tail ou un restaurant. Un robinet qui coule, un tuyau de canalisation bouch\u00e9e ou un chauffe-eau qui fonctionne mal sont des probl\u00e8mes qui peuvent entra\u00eener une baisse de productivit\u00e9 de vos salari\u00e9s ou encore d\u00e9grader vos locaux. Artisanlocal assiste votre entreprise pour :<\/p>\n<ul>\n<li>Le d\u00e9bouchage de vos lavabos et le changement de vos mitigeurs de cuisine.<\/li>\n<li>L&rsquo;inspection par vid\u00e9o et la remise en \u00e9tat de vos tuyaux.<\/li>\n<li>Le nettoyage de vos tuyaux canalisations avec de l&rsquo;eau \u00e0 haute pression (hydrocurage).<\/li>\n<li>L&rsquo;installation de nouveaux \u00e9quipements de plomberie.<\/li>\n<li>La maintenance et la r\u00e9paration de votre bac \u00e0 graisse.<\/li>\n<li>La mise en place, la r\u00e9paration et l&rsquo;entretien de votre chauffe-eau ou syst\u00e8me de chauffage.<\/li>\n<li>La r\u00e9novation de votre r\u00e9seau de tuyaux.<\/li>\n<li>Le d\u00e9pannage de vos appareils sanitaires.<\/li>\n<li>L\u2019inspection de vos \u00e9gouts par cam\u00e9ra vid\u00e9o.<\/li>\n<\/ul>\n<h2>Service de nettoyage de vos canalisations \u00e0 Gen\u00e8ve en urgence<\/h2>\n<p>Nos plombiers assainissent vos tuyaux de canalisations en urgence afin de vous \u00e9viter des difficult\u00e9s dans l&rsquo;\u00e9vacuation de vos eaux us\u00e9es, les remont\u00e9es de mauvaises odeurs ou encore le d\u00e9bordement de vos toilettes, \u00e9viers ou baignoires, de plus, nos artisans op\u00e8rent d\u00e8s que possible sur vos :<\/p>\n<ul>\n<li>\u00c9viers.<\/li>\n<li>Toilettes.<\/li>\n<li>Toitures.<\/li>\n<li>Syst\u00e8mes d&rsquo;\u00e9gouts.<\/li>\n<li>Canalisations.<\/li>\n<\/ul>\n<h2>Service de nettoyage d&rsquo;\u00e9gouts \u00e0 Gen\u00e8ve<\/h2>\n<p>Les \u00e9gouts constituent le syst\u00e8me principal de la plomberie. Il transporte les eaux us\u00e9es des \u00e9viers, des toilettes et des autres installations sanitaires. Lorsque l\u2019\u00e9gout est bouch\u00e9 ou \u00e0 des fuites, cela peut causer des dommages dans votre logement, et compromettre votre s\u00e9curit\u00e9.<\/p>\n<p>Un entretien r\u00e9gulier permet d&#8217;emp\u00eacher les refoulements et la formation de bouchons. Nos plombiers professionnels \u00e0 Gen\u00e8ve associent les techniques classiques et les derni\u00e8res technologies pour inspecter, \u00e9liminer et r\u00e9tablir le bon \u00e9coulement des eaux dans vos tuyaux de canalisations.<\/p>\n<p>Notre soci\u00e9t\u00e9 peut aussi changer votre syst\u00e8me d&rsquo;\u00e9gout s&rsquo;il est trop endommag\u00e9. Notre \u00e9quipe propose aussi le nettoyage de votre entreprise ou de votre h\u00e9bergement \u00e0 la suite d&rsquo;un d\u00e9g\u00e2t des eaux. Nous d\u00e9shumidifions et s\u00e9chons les zones touch\u00e9es pour minimiser les risques de d\u00e9veloppement de champignons.<\/p>\n<h2>Services de d\u00e9pannage et de pose de chauffe-eau \u00e0 Gen\u00e8ve<\/h2>\n<p>Il n&rsquo;y a que de l&rsquo;eau froide dans votre h\u00e9bergement ? Votre chauffe-eau peut rencontrer des probl\u00e8mes. Artisanlocal effectue la remise en \u00e9tat de votre chauffe-eau en express. Voici les signes qui montrent des probl\u00e8mes :<\/p>\n<ul>\n<li>Un \u00e9coulement r\u00e9duit d&rsquo;eau chaude : cela peut \u00eatre caus\u00e9 par une fuite de votre chauffe-eau, ou un syst\u00e8me chauffant d\u00e9fectueux ou la pr\u00e9sence de s\u00e9diments dans votre r\u00e9servoir.<\/li>\n<li>De l&rsquo;eau \u00e0 proximit\u00e9 de votre chauffe-eau : une flaque d&rsquo;eau \u00e0 la base du cumulus est l&rsquo;indication d&rsquo;un dysfonctionnement ou \u00e0 la pr\u00e9sence d&rsquo;une fissure dans le r\u00e9servoir.<\/li>\n<li>Des bruits \u00e9tranges sortent du cumulus : si vous entendez des bruits \u00e9tranges, cela peut \u00eatre d\u00fb \u00e0 l&rsquo;accumulation de s\u00e9diments, une d\u00e9faillance de l&rsquo;\u00e9l\u00e9ment chauffant ou d\u2019une fuite d&rsquo;eau.<\/li>\n<li>La d\u00e9coloration de l&rsquo;eau : cela peut \u00eatre provoqu\u00e9 par des contaminants et par la rouille pr\u00e9sents dans le chauffe-eau.<\/li>\n<li>Le cumulus est sans cesse en fonctionnement : si vous remarquez que votre chauffe-eau fonctionne continuellement, il est possible que votre cumulus \u00e0 une panne.<\/li>\n<\/ul>\n<p>En faisant appel \u00e0 notre entreprise au premier signe d\u2019alerte, il est possible d&rsquo;\u00e9viter des co\u00fbts importants pour vos r\u00e9parations.<\/p>\n<h2>Prestation de nettoyage apr\u00e8s des d\u00e9g\u00e2ts des eaux<\/h2>\n<p>Nos plombiers professionnels nettoient votre domicile suite \u00e0 une inondation \u00e0 Gen\u00e8ve, nous sommes disponibles pour vous apporter une assistance en cas de caves inond\u00e9es, de fortes pluies, de ruptures de tuyaux, de refoulements d&rsquo;\u00e9gouts, et de d\u00e9bordements de baignoires et de w.c. Et d&rsquo;autres soucis de plomberie li\u00e9s \u00e0 un dommage caus\u00e9s par l&rsquo;eau.<\/p>\n<h2>Foire aux questions<\/h2>\n<h3>Quel est le prix d\u2019un plombier \u00e0 Gen\u00e8ve ?<\/h3>\n<p>Apr\u00e8s avoir \u00e9valu\u00e9 votre probl\u00e8me de plomberie, les plombiers d&rsquo;Artisanlocal \u00e9valuent le co\u00fbt des travaux. Voici les tarifs \u00e0 titre d&rsquo;information \u00e0 Gen\u00e8ve :<\/p>\n<table border=\"1\">\n<tbody>\n<tr>\n<th>Services<\/th>\n<th>Prix CHF<\/th>\n<\/tr>\n<tr>\n<td>Installation d\u2019un lavabo<\/td>\n<td>280.00<\/td>\n<\/tr>\n<tr>\n<td>Taux horaire : mise en place sanitaire<\/td>\n<td>110.00 \u00e0 129.00<\/td>\n<\/tr>\n<tr>\n<td>Pose et raccordement, d\u2019un siphon \u00e0 un lavabo<\/td>\n<td>70.00<\/td>\n<\/tr>\n<tr>\n<td>Assemblage mobilier de salle d&rsquo;eau<\/td>\n<td>95.00<\/td>\n<\/tr>\n<tr>\n<td>Mise en place et raccordement, d\u2019une douche \u00e0 la robinetterie<\/td>\n<td>86.00<\/td>\n<\/tr>\n<tr>\n<td>Installation d\u2019un r\u00e9servoir ind\u00e9pendant de toilette<\/td>\n<td>112.00<\/td>\n<\/tr>\n<tr>\n<td>Pose d\u2019accessoires de salle de bain<\/td>\n<td>60.00<\/td>\n<\/tr>\n<tr>\n<td>Mise en place d\u2019un toilette suspendu<\/td>\n<td>170.00<\/td>\n<\/tr>\n<tr>\n<td>D\u00e9placement du plombier aller-retour<\/td>\n<td>100.00<\/td>\n<\/tr>\n<\/tbody>\n<\/table>\n<h3>L&rsquo;entreprise Artisanlocal est-elle ouverte les samedis et dimanches ?<\/h3>\n<p>Artisanlocal propose un service de plomberie en urgence 24 heures sur 24 et 7 jours sur 7 et les jours f\u00e9ri\u00e9s.<\/p>\n<h3>Les artisans plombiers effectuent des interventions \u00e0 Gen\u00e8ve et dans les localit\u00e9s voisines ?<\/h3>\n<p>Oui, les professionnels de notre soci\u00e9t\u00e9 interviennent \u00e0 Gen\u00e8ve, \u00e9galement dans les communes aux alentours, telles que : Grand-Lancy, Petit-Lancy, Onex, A\u00efre, V\u00e9senaz, Cologny, Ch\u00eane-Bougeries, Ch\u00eane-Bourg, Th\u00f4nex, Carouge GE, Les Acacias, Plan-les-Ouates, Conches, Confignon, Bernex, Vessy, Cartigny, Avully, Puplinge, Presinge, Choulex, Collonge-Bellerive, Corsier GE, Ani\u00e8res, Hermance, Gy, Meinier, Vandoeuvres, Jussy, Veyrier, Troinex, La Croix-de-Rozon, Perly, Chancy, Athenaz (Avusy), Soral, Laconnex, Aire-la-Ville, Vernier, Cointrin, Meyrin, Le Grand-Saconnex, Ch\u00e2telaine, Le Lignon, Les Avanchets, Collex, Satigny, Russin, Dardagny, La Plaine, Chamb\u00e9sy.<\/p>\n","protected":false},"excerpt":{"rendered":"<p>Vous habitez \u00e0 Gen\u00e8ve et vous avez un probl\u00e8me avec votre plomberie ? Nos plombiers se d\u00e9placent en urgence \u00e0 votre logement. Pourquoi faire appel \u00e0 notre soci\u00e9t\u00e9 de plomberie \u00e0 Gen\u00e8ve ? Nos plombiers sont joignables tous les jours de la semaine et les jours f\u00e9ri\u00e9s. Nous offrons des estimations gratuites. Nous utilisons les [&hellip;]<\/p>\n","protected":false},"author":4,"featured_media":2758,"parent":0,"menu_order":0,"comment_status":"closed","ping_status":"closed","template":"","meta":{"footnotes":""},"profession":[123],"location":[35],"canton":[112],"class_list":["post-969","page","type-page","status-publish","has-post-thumbnail","hentry","profession-sanitaire","location-geneve","canton-ge"],"yoast_head":"<!-- This site is optimized with the Yoast SEO Premium plugin v25.7.1 (Yoast SEO v27.4) - https:\/\/yoast.com\/product\/yoast-seo-premium-wordpress\/ -->\n<title>Plombier \u00e0 Gen\u00e8ve - Artisanlocal<\/title>\n<meta name=\"robots\" content=\"index, follow, max-snippet:-1, max-image-preview:large, max-video-preview:-1\" \/>\n<link rel=\"canonical\" href=\"https:\/\/www.artisanlocal.ch\/c\/artisan-plombier-a-geneve\/\" \/>\n<meta property=\"og:locale\" content=\"fr_FR\" \/>\n<meta property=\"og:type\" content=\"article\" \/>\n<meta property=\"og:title\" content=\"Plombier \u00e0 Gen\u00e8ve\" \/>\n<meta property=\"og:description\" content=\"Vous habitez \u00e0 Gen\u00e8ve et vous avez un probl\u00e8me avec votre plomberie ? Nos plombiers se d\u00e9placent en urgence \u00e0 votre logement. Pourquoi faire appel \u00e0 notre soci\u00e9t\u00e9 de plomberie \u00e0 Gen\u00e8ve ? Nos plombiers sont joignables tous les jours de la semaine et les jours f\u00e9ri\u00e9s. Nous offrons des estimations gratuites. Nous utilisons les [&hellip;]\" \/>\n<meta property=\"og:url\" content=\"https:\/\/www.artisanlocal.ch\/c\/artisan-plombier-a-geneve\/\" \/>\n<meta property=\"og:site_name\" content=\"Artisanlocal\" \/>\n<meta property=\"article:modified_time\" content=\"2025-08-26T17:27:03+00:00\" \/>\n<meta property=\"og:image\" content=\"https:\/\/www.artisanlocal.ch\/c\/wp-content\/uploads\/2024\/10\/plombier.jpg\" \/>\n\t<meta property=\"og:image:width\" content=\"1920\" \/>\n\t<meta property=\"og:image:height\" content=\"300\" \/>\n\t<meta property=\"og:image:type\" content=\"image\/jpeg\" \/>\n<meta name=\"twitter:card\" content=\"summary_large_image\" \/>\n<meta name=\"twitter:label1\" content=\"Dur\u00e9e de lecture estim\u00e9e\" \/>\n\t<meta name=\"twitter:data1\" content=\"6 minutes\" \/>\n<script type=\"application\/ld+json\" class=\"yoast-schema-graph\">{\"@context\":\"https:\\\/\\\/schema.org\",\"@graph\":[{\"@type\":\"WebPage\",\"@id\":\"https:\\\/\\\/www.artisanlocal.ch\\\/c\\\/artisan-plombier-a-geneve\\\/\",\"url\":\"https:\\\/\\\/www.artisanlocal.ch\\\/c\\\/artisan-plombier-a-geneve\\\/\",\"name\":\"Plombier \u00e0 Gen\u00e8ve - Artisanlocal\",\"isPartOf\":{\"@id\":\"https:\\\/\\\/www.artisanlocal.ch\\\/c\\\/#website\"},\"primaryImageOfPage\":{\"@id\":\"https:\\\/\\\/www.artisanlocal.ch\\\/c\\\/artisan-plombier-a-geneve\\\/#primaryimage\"},\"image\":{\"@id\":\"https:\\\/\\\/www.artisanlocal.ch\\\/c\\\/artisan-plombier-a-geneve\\\/#primaryimage\"},\"thumbnailUrl\":\"https:\\\/\\\/www.artisanlocal.ch\\\/c\\\/wp-content\\\/uploads\\\/2024\\\/10\\\/plombier.jpg\",\"datePublished\":\"2024-05-19T12:33:54+00:00\",\"dateModified\":\"2025-08-26T17:27:03+00:00\",\"breadcrumb\":{\"@id\":\"https:\\\/\\\/www.artisanlocal.ch\\\/c\\\/artisan-plombier-a-geneve\\\/#breadcrumb\"},\"inLanguage\":\"fr-FR\",\"potentialAction\":[{\"@type\":\"ReadAction\",\"target\":[\"https:\\\/\\\/www.artisanlocal.ch\\\/c\\\/artisan-plombier-a-geneve\\\/\"]}]},{\"@type\":\"ImageObject\",\"inLanguage\":\"fr-FR\",\"@id\":\"https:\\\/\\\/www.artisanlocal.ch\\\/c\\\/artisan-plombier-a-geneve\\\/#primaryimage\",\"url\":\"https:\\\/\\\/www.artisanlocal.ch\\\/c\\\/wp-content\\\/uploads\\\/2024\\\/10\\\/plombier.jpg\",\"contentUrl\":\"https:\\\/\\\/www.artisanlocal.ch\\\/c\\\/wp-content\\\/uploads\\\/2024\\\/10\\\/plombier.jpg\",\"width\":1920,\"height\":300},{\"@type\":\"BreadcrumbList\",\"@id\":\"https:\\\/\\\/www.artisanlocal.ch\\\/c\\\/artisan-plombier-a-geneve\\\/#breadcrumb\",\"itemListElement\":[{\"@type\":\"ListItem\",\"position\":1,\"name\":\"Accueil\",\"item\":\"https:\\\/\\\/www.artisanlocal.ch\\\/c\\\/\"},{\"@type\":\"ListItem\",\"position\":2,\"name\":\"Plombier \u00e0 Gen\u00e8ve\"}]},{\"@type\":\"WebSite\",\"@id\":\"https:\\\/\\\/www.artisanlocal.ch\\\/c\\\/#website\",\"url\":\"https:\\\/\\\/www.artisanlocal.ch\\\/c\\\/\",\"name\":\"Artisanlocal\",\"description\":\"\",\"publisher\":{\"@id\":\"https:\\\/\\\/www.artisanlocal.ch\\\/c\\\/#organization\"},\"potentialAction\":[{\"@type\":\"SearchAction\",\"target\":{\"@type\":\"EntryPoint\",\"urlTemplate\":\"https:\\\/\\\/www.artisanlocal.ch\\\/c\\\/?s={search_term_string}\"},\"query-input\":{\"@type\":\"PropertyValueSpecification\",\"valueRequired\":true,\"valueName\":\"search_term_string\"}}],\"inLanguage\":\"fr-FR\"},{\"@type\":\"Organization\",\"@id\":\"https:\\\/\\\/www.artisanlocal.ch\\\/c\\\/#organization\",\"name\":\"Artisanlocal\",\"url\":\"https:\\\/\\\/www.artisanlocal.ch\\\/c\\\/\",\"logo\":{\"@type\":\"ImageObject\",\"inLanguage\":\"fr-FR\",\"@id\":\"https:\\\/\\\/www.artisanlocal.ch\\\/c\\\/#\\\/schema\\\/logo\\\/image\\\/\",\"url\":\"https:\\\/\\\/www.artisanlocal.ch\\\/c\\\/wp-content\\\/uploads\\\/2024\\\/02\\\/logo-artisanlocal-h.svg\",\"contentUrl\":\"https:\\\/\\\/www.artisanlocal.ch\\\/c\\\/wp-content\\\/uploads\\\/2024\\\/02\\\/logo-artisanlocal-h.svg\",\"caption\":\"Artisanlocal\"},\"image\":{\"@id\":\"https:\\\/\\\/www.artisanlocal.ch\\\/c\\\/#\\\/schema\\\/logo\\\/image\\\/\"}}]}<\/script>\n<!-- \/ Yoast SEO Premium plugin. -->","yoast_head_json":{"title":"Plombier \u00e0 Gen\u00e8ve - Artisanlocal","robots":{"index":"index","follow":"follow","max-snippet":"max-snippet:-1","max-image-preview":"max-image-preview:large","max-video-preview":"max-video-preview:-1"},"canonical":"https:\/\/www.artisanlocal.ch\/c\/artisan-plombier-a-geneve\/","og_locale":"fr_FR","og_type":"article","og_title":"Plombier \u00e0 Gen\u00e8ve","og_description":"Vous habitez \u00e0 Gen\u00e8ve et vous avez un probl\u00e8me avec votre plomberie ? Nos plombiers se d\u00e9placent en urgence \u00e0 votre logement. Pourquoi faire appel \u00e0 notre soci\u00e9t\u00e9 de plomberie \u00e0 Gen\u00e8ve ? Nos plombiers sont joignables tous les jours de la semaine et les jours f\u00e9ri\u00e9s. Nous offrons des estimations gratuites. Nous utilisons les [&hellip;]","og_url":"https:\/\/www.artisanlocal.ch\/c\/artisan-plombier-a-geneve\/","og_site_name":"Artisanlocal","article_modified_time":"2025-08-26T17:27:03+00:00","og_image":[{"width":1920,"height":300,"url":"https:\/\/www.artisanlocal.ch\/c\/wp-content\/uploads\/2024\/10\/plombier.jpg","type":"image\/jpeg"}],"twitter_card":"summary_large_image","twitter_misc":{"Dur\u00e9e de lecture estim\u00e9e":"6 minutes"},"schema":{"@context":"https:\/\/schema.org","@graph":[{"@type":"WebPage","@id":"https:\/\/www.artisanlocal.ch\/c\/artisan-plombier-a-geneve\/","url":"https:\/\/www.artisanlocal.ch\/c\/artisan-plombier-a-geneve\/","name":"Plombier \u00e0 Gen\u00e8ve - Artisanlocal","isPartOf":{"@id":"https:\/\/www.artisanlocal.ch\/c\/#website"},"primaryImageOfPage":{"@id":"https:\/\/www.artisanlocal.ch\/c\/artisan-plombier-a-geneve\/#primaryimage"},"image":{"@id":"https:\/\/www.artisanlocal.ch\/c\/artisan-plombier-a-geneve\/#primaryimage"},"thumbnailUrl":"https:\/\/www.artisanlocal.ch\/c\/wp-content\/uploads\/2024\/10\/plombier.jpg","datePublished":"2024-05-19T12:33:54+00:00","dateModified":"2025-08-26T17:27:03+00:00","breadcrumb":{"@id":"https:\/\/www.artisanlocal.ch\/c\/artisan-plombier-a-geneve\/#breadcrumb"},"inLanguage":"fr-FR","potentialAction":[{"@type":"ReadAction","target":["https:\/\/www.artisanlocal.ch\/c\/artisan-plombier-a-geneve\/"]}]},{"@type":"ImageObject","inLanguage":"fr-FR","@id":"https:\/\/www.artisanlocal.ch\/c\/artisan-plombier-a-geneve\/#primaryimage","url":"https:\/\/www.artisanlocal.ch\/c\/wp-content\/uploads\/2024\/10\/plombier.jpg","contentUrl":"https:\/\/www.artisanlocal.ch\/c\/wp-content\/uploads\/2024\/10\/plombier.jpg","width":1920,"height":300},{"@type":"BreadcrumbList","@id":"https:\/\/www.artisanlocal.ch\/c\/artisan-plombier-a-geneve\/#breadcrumb","itemListElement":[{"@type":"ListItem","position":1,"name":"Accueil","item":"https:\/\/www.artisanlocal.ch\/c\/"},{"@type":"ListItem","position":2,"name":"Plombier \u00e0 Gen\u00e8ve"}]},{"@type":"WebSite","@id":"https:\/\/www.artisanlocal.ch\/c\/#website","url":"https:\/\/www.artisanlocal.ch\/c\/","name":"Artisanlocal","description":"","publisher":{"@id":"https:\/\/www.artisanlocal.ch\/c\/#organization"},"potentialAction":[{"@type":"SearchAction","target":{"@type":"EntryPoint","urlTemplate":"https:\/\/www.artisanlocal.ch\/c\/?s={search_term_string}"},"query-input":{"@type":"PropertyValueSpecification","valueRequired":true,"valueName":"search_term_string"}}],"inLanguage":"fr-FR"},{"@type":"Organization","@id":"https:\/\/www.artisanlocal.ch\/c\/#organization","name":"Artisanlocal","url":"https:\/\/www.artisanlocal.ch\/c\/","logo":{"@type":"ImageObject","inLanguage":"fr-FR","@id":"https:\/\/www.artisanlocal.ch\/c\/#\/schema\/logo\/image\/","url":"https:\/\/www.artisanlocal.ch\/c\/wp-content\/uploads\/2024\/02\/logo-artisanlocal-h.svg","contentUrl":"https:\/\/www.artisanlocal.ch\/c\/wp-content\/uploads\/2024\/02\/logo-artisanlocal-h.svg","caption":"Artisanlocal"},"image":{"@id":"https:\/\/www.artisanlocal.ch\/c\/#\/schema\/logo\/image\/"}}]}},"_links":{"self":[{"href":"https:\/\/www.artisanlocal.ch\/c\/wp-json\/wp\/v2\/pages\/969","targetHints":{"allow":["GET"]}}],"collection":[{"href":"https:\/\/www.artisanlocal.ch\/c\/wp-json\/wp\/v2\/pages"}],"about":[{"href":"https:\/\/www.artisanlocal.ch\/c\/wp-json\/wp\/v2\/types\/page"}],"author":[{"embeddable":true,"href":"https:\/\/www.artisanlocal.ch\/c\/wp-json\/wp\/v2\/users\/4"}],"replies":[{"embeddable":true,"href":"https:\/\/www.artisanlocal.ch\/c\/wp-json\/wp\/v2\/comments?post=969"}],"version-history":[{"count":0,"href":"https:\/\/www.artisanlocal.ch\/c\/wp-json\/wp\/v2\/pages\/969\/revisions"}],"wp:featuredmedia":[{"embeddable":true,"href":"https:\/\/www.artisanlocal.ch\/c\/wp-json\/wp\/v2\/media\/2758"}],"wp:attachment":[{"href":"https:\/\/www.artisanlocal.ch\/c\/wp-json\/wp\/v2\/media?parent=969"}],"wp:term":[{"taxonomy":"profession","embeddable":true,"href":"https:\/\/www.artisanlocal.ch\/c\/wp-json\/wp\/v2\/profession?post=969"},{"taxonomy":"location","embeddable":true,"href":"https:\/\/www.artisanlocal.ch\/c\/wp-json\/wp\/v2\/location?post=969"},{"taxonomy":"canton","embeddable":true,"href":"https:\/\/www.artisanlocal.ch\/c\/wp-json\/wp\/v2\/canton?post=969"}],"curies":[{"name":"wp","href":"https:\/\/api.w.org\/{rel}","templated":true}]}}