{"id":970,"date":"2024-05-18T05:58:12","date_gmt":"2024-05-18T03:58:12","guid":{"rendered":"https:\/\/www.artisanlocal.ch\/c\/plombier-neuchatel\/"},"modified":"2025-08-26T19:27:41","modified_gmt":"2025-08-26T17:27:41","slug":"plombier-neuchatel","status":"publish","type":"page","link":"https:\/\/www.artisanlocal.ch\/c\/plombier-neuchatel\/","title":{"rendered":"Plombier Neuch\u00e2tel"},"content":{"rendered":"<p>Si vous \u00eates un Neuch\u00e2telois et que vous avez des probl\u00e8mes avec votre plomberie. Les plombiers d&rsquo;Artisanlocal se d\u00e9placent en urgence dans votre foyer et dans les villes aux alentours.<br \/>\n\r\n<div class=\"box\">\r\n    <h2 class=\"text-dark\">Nous cherchons un <em class=\"text-primary\">Sanitaire<\/em> dans la r\u00e9gion de <em class=\"text-primary\">Neuch\u00e2tel<\/em>  en exclusivit\u00e9, afin de proposer vos services \u00e0 nos clients propri\u00e9taires.<\/h2>\r\n    <p>Une opportunit\u00e9 unique pour booster votre activit\u00e9 \u00e0 <strong>Neuch\u00e2tel<\/strong> et aux alentours dans votre domaine (Sanitaire).<\/p>\r\n    <p>Nous travaillons en exclusivit\u00e9 avec qu'une soci\u00e9t\u00e9 par m\u00e9tier et par r\u00e9gion. <br>Votre entreprise est pr\u00e9sente sur tous les documents immobiliers. Afin d'\u00eatre mieux vu sur le net, vous \u00eates \u00e9galement visible sur nos deux sites et sur les pages de r\u00e9f\u00e9rencement de votre r\u00e9gion.<\/p>\r\n    <a href=\"\/contact\" class=\"wp-block-button__link has-accent-background-color has-text-align-center wp-element-button\">R\u00e9server<\/a>\r\n<\/div><\/p>\n<h2>Pourquoi choisir Artisanlocal \u00e0 Neuch\u00e2tel ?<\/h2>\n<ul>\n<li>Nous sommes ouverts 24 heures sur 24, 7 jours sur 7, y compris les jours f\u00e9ri\u00e9s.<\/li>\n<li>Nos devis sont sans frais.<\/li>\n<li>Nos plombiers utilisent les derni\u00e8res techniques et technologies.<\/li>\n<li>Nous sommes localis\u00e9s \u00e0 Neuch\u00e2tel nous permettant d&rsquo;intervenir en urgence dans votre foyer.<\/li>\n<li>Nous avons des tarifs comp\u00e9titifs.<\/li>\n<li>Tous nos plombiers sont qualifi\u00e9s et poss\u00e8dent les comp\u00e9tences n\u00e9cessaires.<\/li>\n<li>Avant de commencer notre travail, nous contr\u00f4lons votre installation.<\/li>\n<li>Nous r\u00e9parons et intervenons sur tous les types de plomberie possibles.<\/li>\n<\/ul>\n<h2>Quels sont les services propos\u00e9s par Artisanlocal ?<\/h2>\n<ul>\n<li>D\u00e9tections de fuites.<\/li>\n<li>de vos canalisations.<\/li>\n<li>Remplacement de votre installation sanitaire.<\/li>\n<li>R\u00e9parations de vos \u00e9quipements sanitaires.<\/li>\n<li>Installation des : tuyauteries, lavabos, robinets et \u00e9viers.<\/li>\n<li>Installation de ballons d&rsquo;eau chaude ou de chaudi\u00e8res.<\/li>\n<li>D\u00e9bouchage et l&rsquo;assainissement de vos canalisations.<\/li>\n<li>R\u00e9novation totale de votre salle d&rsquo;eau.<\/li>\n<li>Vidange de votre fosse septique.<\/li>\n<\/ul>\n<h2>Comment fonctionne Artisanlocal ?<\/h2>\n<ol>\n<li>Suite \u00e0 votre prise de contact par email ou t\u00e9l\u00e9phone, un de nos artisans plombiers vous contacte pour examiner l&rsquo;\u00e9tendue de votre probl\u00e8me de plomberie.<\/li>\n<li>Ensuite, nous vous donnons un devis gratuit. Vous ne d\u00e9penserez aucuns frais suppl\u00e9mentaires, sauf s&rsquo;il y a des travaux importants ou que vous avez besoin de remplacer certaines pi\u00e8ces de votre plomberie.<\/li>\n<li>Apr\u00e8s votre accord pour l&rsquo;estimation, nous conviendrons ensemble du jour de l&rsquo;intervention \u00e0 votre domicile.<\/li>\n<\/ol>\n<h2>Prestations de plomberie pour les particuliers \u00e0 Neuch\u00e2tel<\/h2>\n<p>Si votre plomberie est d\u00e9fectueuse, il y a une possibilit\u00e9 que votre eau soit pollu\u00e9e et vous pouvez mettre en p\u00e9ril vos proches, c&rsquo;est pour cela que l&rsquo;artisan plombier qui intervient \u00e0 votre logement r\u00e9alise :<\/p>\n<ul>\n<li>La r\u00e9paration de fuites.<\/li>\n<li>Le nettoyage et le d\u00e9bouchage de vos tuyaux.<\/li>\n<li>La r\u00e9vision de votre chauffe-eau.<\/li>\n<li>L&rsquo;Inspection de vos tuyaux.<\/li>\n<li>La r\u00e9paration de vos canalisations.<\/li>\n<li>La remise en \u00e9tat apr\u00e8s un d\u00e9g\u00e2t des eaux.<\/li>\n<\/ul>\n<h2>Plombier pour les entreprises \u00e0 Neuch\u00e2tel<\/h2>\n<p>Si vous \u00eates \u00e0 Neuch\u00e2tel, et que vous avez un commerce de d\u00e9tail, PME ou restaurant. Des robinets qui coulent, des \u00e9vacuations bouch\u00e9es et des chauffe-eau qui marchent mal sont autant de probl\u00e8mes qui peuvent provoquer une baisse de votre productivit\u00e9 ou m\u00eame d\u00e9t\u00e9riorer l&rsquo;int\u00e9rieur de vos bureaux. Artisanlocal propose des services de plomberie pour votre entreprise \u00e0 Neuch\u00e2tel, comme :<\/p>\n<ul>\n<li>L&rsquo;enl\u00e8vement des bouchons dans les \u00e9viers.<\/li>\n<li>La pose de nouveaux robinets.<\/li>\n<li>L\u2019inspection et la remise en \u00e9tat de vos tuyaux.<\/li>\n<li>Le nettoyage par jet d&rsquo;eau de vos canalisations.<\/li>\n<li>L\u2019installation de nouveaux appareils dans votre syst\u00e8me de plomberie.<\/li>\n<li>La vidange, le nettoyage, le changement ou la remise en \u00e9tat de bac \u00e0 graisse.<\/li>\n<li>L\u2019installation, la remise en \u00e9tat et l&rsquo;entretien de votre chauffe-eau ou chauffage.<\/li>\n<li>La r\u00e9novation de votre r\u00e9seau de tuyaux.<\/li>\n<li>Le service de d\u00e9pannage de vos \u00e9quipements sanitaires.<\/li>\n<li>La v\u00e9rification de vos tuyaux par cam\u00e9ra.<\/li>\n<\/ul>\n<h2>Service de nettoyage de vos canalisations \u00e0 Neuch\u00e2tel en urgence<\/h2>\n<p>Nos plombiers artisans assainissent vos tuyaux de canalisations \u00e0 Neuch\u00e2tel en urgence pour vous \u00e9viter des probl\u00e8mes d\u2019\u00e9coulement de vos eaux us\u00e9es, des remont\u00e9es de mauvaises odeurs ou encore du d\u00e9bordement de vos baignoires, toilettes ou \u00e9viers, de plus, nos artisans op\u00e8rent d\u00e8s que possible sur vos :<\/p>\n<ul>\n<li>\u00c9viers.<\/li>\n<li>Toilettes.<\/li>\n<li>Toitures.<\/li>\n<li>\u00c9gouts.<\/li>\n<li>Tuyauteries.<\/li>\n<\/ul>\n<h2>Service de nettoyage d&rsquo;\u00e9gouts \u00e0 Neuch\u00e2tel<\/h2>\n<p>Le r\u00e9seau d&rsquo;\u00e9gouts repr\u00e9sente l&rsquo;\u00e9l\u00e9ment central de la plomberie. Il assure l&rsquo;\u00e9vacuation des eaux us\u00e9es des WC, des lavabos et des autres \u00e9quipements sanitaires. Si votre \u00e9gout est bouch\u00e9 ou que l&rsquo;eau remonte, cela peut d\u00e9grader votre maison, et mettre votre s\u00e9curit\u00e9 en jeu.<\/p>\n<p>Le nettoyage fr\u00e9quent de votre \u00e9gout permet d&rsquo;\u00e9viter les refoulements dans les canalisations et la formation de bouchons. Nos plombiers \u00e0 Neuch\u00e2tel associent les technologies de pointes et les techniques standards pour inspecter, \u00e9liminer et r\u00e9tablir l&rsquo;\u00e9coulement des eaux dans vos tuyaux de canalisations.<\/p>\n<p>Artisanlocal change les canalisations de vos \u00e9gouts en cas de dommage important. Notre \u00e9quipe peut aussi nettoyer rapidement tout dommage caus\u00e9 par les eaux us\u00e9es dans votre habitation ou soci\u00e9t\u00e9. Pour \u00e9viter le d\u00e9veloppement de moisissures, nous s\u00e9chons et d\u00e9shumidifions les zones de votre domicile \u00e0 risques.<\/p>\n<h2>R\u00e9parations et installations de chauffe-eau<\/h2>\n<p>Tout ce que vous avez, c&rsquo;est de l\u2019eau froide dans vos tuyaux ? Votre cumulus peut avoir des probl\u00e8mes. Artisanlocal effectue la remise en \u00e9tat de votre chauffe-eau rapidement. Voici les indices qui montrent des soucis :<\/p>\n<ul>\n<li>La baisse de la pression de l\u2019eau dans vos tuyaux : vous avez possiblement une fuite d&rsquo;eau dans votre chauffe-eau, ou un syst\u00e8me chauffant qui ne fonctionne pas ou l&rsquo;accumulation de s\u00e9diments au fond du r\u00e9servoir.<\/li>\n<li>De l&rsquo;eau \u00e0 proximit\u00e9 de votre chauffe-eau : la pr\u00e9sence d&rsquo;eau \u00e0 la base du r\u00e9servoir peut indiquer une panne ou une fissure dans votre chauffe-eau.<\/li>\n<li>Des bruits bizarres dans votre chauffe-eau : ils peuvent r\u00e9v\u00e9ler une accumulation de s\u00e9diments, une fuite ou un probl\u00e8me de l&rsquo;\u00e9l\u00e9ment de chauffage.<\/li>\n<li>La d\u00e9coloration de l&rsquo;eau : cela peut \u00eatre d\u00fb \u00e0 des contaminants et par la rouille pr\u00e9sents dans le chauffe-eau.<\/li>\n<li>Le chauffe-eau marche en sans interruption : si vous constatez que votre cumulus marche tr\u00e8s fr\u00e9quemment, il est possible que votre chauffe-eau \u00e0 une panne.<\/li>\n<\/ul>\n<p>En sollicitant nos artisans plombiers d\u00e8s les premiers signes, il est possible d&rsquo;\u00e9viter des frais \u00e9lev\u00e9s pour vos r\u00e9parations.<\/p>\n<h2>Prestation de nettoyage apr\u00e8s des dommages caus\u00e9s par l&rsquo;eau<\/h2>\n<p>Nos plombiers peuvent nettoyer votre domicile apr\u00e8s un d\u00e9g\u00e2t des eaux \u00e0 Neuch\u00e2tel, nos plombiers sont disponibles pour vous apporter une assistance en cas de caves submerg\u00e9es, de ruptures de tuyaux de canalisations, de d\u00e9bordements de w.c. Et de douches, de fortes pluies, de refoulements d&rsquo;\u00e9gouts et d&rsquo;autres soucis de plomberie qui peuvent provoquer des d\u00e9g\u00e2ts des eaux.<\/p>\n<h2>Questions fr\u00e9quemment pos\u00e9es<\/h2>\n<h3>Quel prix pour faire intervenir un plombier \u00e0 Neuch\u00e2tel ?<\/h3>\n<p>Apr\u00e8s avoir \u00e9valu\u00e9 votre souci de plomberie, les artisans plombiers d&rsquo;Artisanlocal calculent le prix de l&rsquo;intervention. Voici les tarifs \u00e0 titre d&rsquo;information \u00e0 Neuch\u00e2tel :<\/p>\n<table border=\"1\">\n<tbody>\n<tr>\n<th>Prestations<\/th>\n<th>Prix CHF<\/th>\n<\/tr>\n<tr>\n<td>Installation d\u2019un lavabo<\/td>\n<td>280.00<\/td>\n<\/tr>\n<tr>\n<td>Taux horaire : installation sanitaire<\/td>\n<td>110.00 \u00e0 129.00<\/td>\n<\/tr>\n<tr>\n<td>Installation et raccord, d\u2019un siphon \u00e0 un lavabo<\/td>\n<td>70.00<\/td>\n<\/tr>\n<tr>\n<td>Montage mobilier de salle de bain<\/td>\n<td>95.00<\/td>\n<\/tr>\n<tr>\n<td>Installation et raccord, d\u2019une douche \u00e0 la tuyauterie<\/td>\n<td>86.00<\/td>\n<\/tr>\n<tr>\n<td>Mise en place d\u2019un r\u00e9servoir de toilette<\/td>\n<td>112.00<\/td>\n<\/tr>\n<tr>\n<td>Fixation d\u2019accessoires de salle d&rsquo;eau<\/td>\n<td>60.00<\/td>\n<\/tr>\n<tr>\n<td>Mise en place d\u2019un WC suspendu<\/td>\n<td>170.00<\/td>\n<\/tr>\n<tr>\n<td>D\u00e9placement aller-retour<\/td>\n<td>100.00<\/td>\n<\/tr>\n<\/tbody>\n<\/table>\n<h3>La soci\u00e9t\u00e9 Artisanlocal est-elle ouverte les samedis et dimanches ?<\/h3>\n<p>Notre service de plomberie est disponible 24h\/24, 7j\/7 et m\u00eame les jours f\u00e9ri\u00e9s.<\/p>\n<h3>Les plombiers d&rsquo;Artisanlocal effectuent des interventions \u00e0 Neuch\u00e2tel et dans les villes voisines ?<\/h3>\n<p>Nos plombiers se d\u00e9placent \u00e0 Neuch\u00e2tel, \u00e9galement dans les communes aux alentours, telles que : Auvernier, Colombier NE, B\u00f4le, Areuse, Cortaillod, Boudry, Chambrelien, Rochefort, Bevaix, Gorgier, St-Aubin-Sauges, Chez-le-Bart, Fresens, Montalchez, Vaumarcus, Peseux, Corcelles NE, Cormondr\u00e8che, Hauterive NE, St-Blaise, Enges, Marin-Epagnier, Thielle, Wavre, Cornaux NE, Cressier NE, Champ-du-Moulin.<\/p>\n","protected":false},"excerpt":{"rendered":"<p>Si vous \u00eates un Neuch\u00e2telois et que vous avez des probl\u00e8mes avec votre plomberie. Les plombiers d&rsquo;Artisanlocal se d\u00e9placent en urgence dans votre foyer et dans les villes aux alentours. Pourquoi choisir Artisanlocal \u00e0 Neuch\u00e2tel ? Nous sommes ouverts 24 heures sur 24, 7 jours sur 7, y compris les jours f\u00e9ri\u00e9s. Nos devis sont [&hellip;]<\/p>\n","protected":false},"author":4,"featured_media":2758,"parent":0,"menu_order":0,"comment_status":"closed","ping_status":"closed","template":"","meta":{"footnotes":""},"profession":[123],"location":[62],"canton":[114],"class_list":["post-970","page","type-page","status-publish","has-post-thumbnail","hentry","profession-sanitaire","location-neuchatel","canton-ne"],"yoast_head":"<!-- This site is optimized with the Yoast SEO Premium plugin v25.7.1 (Yoast SEO v27.4) - https:\/\/yoast.com\/product\/yoast-seo-premium-wordpress\/ -->\n<title>Plombier Neuch\u00e2tel - Artisanlocal<\/title>\n<meta name=\"robots\" content=\"index, follow, max-snippet:-1, max-image-preview:large, max-video-preview:-1\" \/>\n<link rel=\"canonical\" href=\"https:\/\/www.artisanlocal.ch\/c\/plombier-neuchatel\/\" \/>\n<meta property=\"og:locale\" content=\"fr_FR\" \/>\n<meta property=\"og:type\" content=\"article\" \/>\n<meta property=\"og:title\" content=\"Plombier Neuch\u00e2tel\" \/>\n<meta property=\"og:description\" content=\"Si vous \u00eates un Neuch\u00e2telois et que vous avez des probl\u00e8mes avec votre plomberie. Les plombiers d&rsquo;Artisanlocal se d\u00e9placent en urgence dans votre foyer et dans les villes aux alentours. Pourquoi choisir Artisanlocal \u00e0 Neuch\u00e2tel ? Nous sommes ouverts 24 heures sur 24, 7 jours sur 7, y compris les jours f\u00e9ri\u00e9s. Nos devis sont [&hellip;]\" \/>\n<meta property=\"og:url\" content=\"https:\/\/www.artisanlocal.ch\/c\/plombier-neuchatel\/\" \/>\n<meta property=\"og:site_name\" content=\"Artisanlocal\" \/>\n<meta property=\"article:modified_time\" content=\"2025-08-26T17:27:41+00:00\" \/>\n<meta property=\"og:image\" content=\"https:\/\/www.artisanlocal.ch\/c\/wp-content\/uploads\/2024\/10\/plombier.jpg\" \/>\n\t<meta property=\"og:image:width\" content=\"1920\" \/>\n\t<meta property=\"og:image:height\" content=\"300\" \/>\n\t<meta property=\"og:image:type\" content=\"image\/jpeg\" \/>\n<meta name=\"twitter:card\" content=\"summary_large_image\" \/>\n<meta name=\"twitter:label1\" content=\"Dur\u00e9e de lecture estim\u00e9e\" \/>\n\t<meta name=\"twitter:data1\" content=\"6 minutes\" \/>\n<script type=\"application\/ld+json\" class=\"yoast-schema-graph\">{\"@context\":\"https:\\\/\\\/schema.org\",\"@graph\":[{\"@type\":\"WebPage\",\"@id\":\"https:\\\/\\\/www.artisanlocal.ch\\\/c\\\/plombier-neuchatel\\\/\",\"url\":\"https:\\\/\\\/www.artisanlocal.ch\\\/c\\\/plombier-neuchatel\\\/\",\"name\":\"Plombier Neuch\u00e2tel - Artisanlocal\",\"isPartOf\":{\"@id\":\"https:\\\/\\\/www.artisanlocal.ch\\\/c\\\/#website\"},\"primaryImageOfPage\":{\"@id\":\"https:\\\/\\\/www.artisanlocal.ch\\\/c\\\/plombier-neuchatel\\\/#primaryimage\"},\"image\":{\"@id\":\"https:\\\/\\\/www.artisanlocal.ch\\\/c\\\/plombier-neuchatel\\\/#primaryimage\"},\"thumbnailUrl\":\"https:\\\/\\\/www.artisanlocal.ch\\\/c\\\/wp-content\\\/uploads\\\/2024\\\/10\\\/plombier.jpg\",\"datePublished\":\"2024-05-18T03:58:12+00:00\",\"dateModified\":\"2025-08-26T17:27:41+00:00\",\"breadcrumb\":{\"@id\":\"https:\\\/\\\/www.artisanlocal.ch\\\/c\\\/plombier-neuchatel\\\/#breadcrumb\"},\"inLanguage\":\"fr-FR\",\"potentialAction\":[{\"@type\":\"ReadAction\",\"target\":[\"https:\\\/\\\/www.artisanlocal.ch\\\/c\\\/plombier-neuchatel\\\/\"]}]},{\"@type\":\"ImageObject\",\"inLanguage\":\"fr-FR\",\"@id\":\"https:\\\/\\\/www.artisanlocal.ch\\\/c\\\/plombier-neuchatel\\\/#primaryimage\",\"url\":\"https:\\\/\\\/www.artisanlocal.ch\\\/c\\\/wp-content\\\/uploads\\\/2024\\\/10\\\/plombier.jpg\",\"contentUrl\":\"https:\\\/\\\/www.artisanlocal.ch\\\/c\\\/wp-content\\\/uploads\\\/2024\\\/10\\\/plombier.jpg\",\"width\":1920,\"height\":300},{\"@type\":\"BreadcrumbList\",\"@id\":\"https:\\\/\\\/www.artisanlocal.ch\\\/c\\\/plombier-neuchatel\\\/#breadcrumb\",\"itemListElement\":[{\"@type\":\"ListItem\",\"position\":1,\"name\":\"Accueil\",\"item\":\"https:\\\/\\\/www.artisanlocal.ch\\\/c\\\/\"},{\"@type\":\"ListItem\",\"position\":2,\"name\":\"Plombier Neuch\u00e2tel\"}]},{\"@type\":\"WebSite\",\"@id\":\"https:\\\/\\\/www.artisanlocal.ch\\\/c\\\/#website\",\"url\":\"https:\\\/\\\/www.artisanlocal.ch\\\/c\\\/\",\"name\":\"Artisanlocal\",\"description\":\"\",\"publisher\":{\"@id\":\"https:\\\/\\\/www.artisanlocal.ch\\\/c\\\/#organization\"},\"potentialAction\":[{\"@type\":\"SearchAction\",\"target\":{\"@type\":\"EntryPoint\",\"urlTemplate\":\"https:\\\/\\\/www.artisanlocal.ch\\\/c\\\/?s={search_term_string}\"},\"query-input\":{\"@type\":\"PropertyValueSpecification\",\"valueRequired\":true,\"valueName\":\"search_term_string\"}}],\"inLanguage\":\"fr-FR\"},{\"@type\":\"Organization\",\"@id\":\"https:\\\/\\\/www.artisanlocal.ch\\\/c\\\/#organization\",\"name\":\"Artisanlocal\",\"url\":\"https:\\\/\\\/www.artisanlocal.ch\\\/c\\\/\",\"logo\":{\"@type\":\"ImageObject\",\"inLanguage\":\"fr-FR\",\"@id\":\"https:\\\/\\\/www.artisanlocal.ch\\\/c\\\/#\\\/schema\\\/logo\\\/image\\\/\",\"url\":\"https:\\\/\\\/www.artisanlocal.ch\\\/c\\\/wp-content\\\/uploads\\\/2024\\\/02\\\/logo-artisanlocal-h.svg\",\"contentUrl\":\"https:\\\/\\\/www.artisanlocal.ch\\\/c\\\/wp-content\\\/uploads\\\/2024\\\/02\\\/logo-artisanlocal-h.svg\",\"caption\":\"Artisanlocal\"},\"image\":{\"@id\":\"https:\\\/\\\/www.artisanlocal.ch\\\/c\\\/#\\\/schema\\\/logo\\\/image\\\/\"}}]}<\/script>\n<!-- \/ Yoast SEO Premium plugin. -->","yoast_head_json":{"title":"Plombier Neuch\u00e2tel - Artisanlocal","robots":{"index":"index","follow":"follow","max-snippet":"max-snippet:-1","max-image-preview":"max-image-preview:large","max-video-preview":"max-video-preview:-1"},"canonical":"https:\/\/www.artisanlocal.ch\/c\/plombier-neuchatel\/","og_locale":"fr_FR","og_type":"article","og_title":"Plombier Neuch\u00e2tel","og_description":"Si vous \u00eates un Neuch\u00e2telois et que vous avez des probl\u00e8mes avec votre plomberie. Les plombiers d&rsquo;Artisanlocal se d\u00e9placent en urgence dans votre foyer et dans les villes aux alentours. Pourquoi choisir Artisanlocal \u00e0 Neuch\u00e2tel ? Nous sommes ouverts 24 heures sur 24, 7 jours sur 7, y compris les jours f\u00e9ri\u00e9s. Nos devis sont [&hellip;]","og_url":"https:\/\/www.artisanlocal.ch\/c\/plombier-neuchatel\/","og_site_name":"Artisanlocal","article_modified_time":"2025-08-26T17:27:41+00:00","og_image":[{"width":1920,"height":300,"url":"https:\/\/www.artisanlocal.ch\/c\/wp-content\/uploads\/2024\/10\/plombier.jpg","type":"image\/jpeg"}],"twitter_card":"summary_large_image","twitter_misc":{"Dur\u00e9e de lecture estim\u00e9e":"6 minutes"},"schema":{"@context":"https:\/\/schema.org","@graph":[{"@type":"WebPage","@id":"https:\/\/www.artisanlocal.ch\/c\/plombier-neuchatel\/","url":"https:\/\/www.artisanlocal.ch\/c\/plombier-neuchatel\/","name":"Plombier Neuch\u00e2tel - Artisanlocal","isPartOf":{"@id":"https:\/\/www.artisanlocal.ch\/c\/#website"},"primaryImageOfPage":{"@id":"https:\/\/www.artisanlocal.ch\/c\/plombier-neuchatel\/#primaryimage"},"image":{"@id":"https:\/\/www.artisanlocal.ch\/c\/plombier-neuchatel\/#primaryimage"},"thumbnailUrl":"https:\/\/www.artisanlocal.ch\/c\/wp-content\/uploads\/2024\/10\/plombier.jpg","datePublished":"2024-05-18T03:58:12+00:00","dateModified":"2025-08-26T17:27:41+00:00","breadcrumb":{"@id":"https:\/\/www.artisanlocal.ch\/c\/plombier-neuchatel\/#breadcrumb"},"inLanguage":"fr-FR","potentialAction":[{"@type":"ReadAction","target":["https:\/\/www.artisanlocal.ch\/c\/plombier-neuchatel\/"]}]},{"@type":"ImageObject","inLanguage":"fr-FR","@id":"https:\/\/www.artisanlocal.ch\/c\/plombier-neuchatel\/#primaryimage","url":"https:\/\/www.artisanlocal.ch\/c\/wp-content\/uploads\/2024\/10\/plombier.jpg","contentUrl":"https:\/\/www.artisanlocal.ch\/c\/wp-content\/uploads\/2024\/10\/plombier.jpg","width":1920,"height":300},{"@type":"BreadcrumbList","@id":"https:\/\/www.artisanlocal.ch\/c\/plombier-neuchatel\/#breadcrumb","itemListElement":[{"@type":"ListItem","position":1,"name":"Accueil","item":"https:\/\/www.artisanlocal.ch\/c\/"},{"@type":"ListItem","position":2,"name":"Plombier Neuch\u00e2tel"}]},{"@type":"WebSite","@id":"https:\/\/www.artisanlocal.ch\/c\/#website","url":"https:\/\/www.artisanlocal.ch\/c\/","name":"Artisanlocal","description":"","publisher":{"@id":"https:\/\/www.artisanlocal.ch\/c\/#organization"},"potentialAction":[{"@type":"SearchAction","target":{"@type":"EntryPoint","urlTemplate":"https:\/\/www.artisanlocal.ch\/c\/?s={search_term_string}"},"query-input":{"@type":"PropertyValueSpecification","valueRequired":true,"valueName":"search_term_string"}}],"inLanguage":"fr-FR"},{"@type":"Organization","@id":"https:\/\/www.artisanlocal.ch\/c\/#organization","name":"Artisanlocal","url":"https:\/\/www.artisanlocal.ch\/c\/","logo":{"@type":"ImageObject","inLanguage":"fr-FR","@id":"https:\/\/www.artisanlocal.ch\/c\/#\/schema\/logo\/image\/","url":"https:\/\/www.artisanlocal.ch\/c\/wp-content\/uploads\/2024\/02\/logo-artisanlocal-h.svg","contentUrl":"https:\/\/www.artisanlocal.ch\/c\/wp-content\/uploads\/2024\/02\/logo-artisanlocal-h.svg","caption":"Artisanlocal"},"image":{"@id":"https:\/\/www.artisanlocal.ch\/c\/#\/schema\/logo\/image\/"}}]}},"_links":{"self":[{"href":"https:\/\/www.artisanlocal.ch\/c\/wp-json\/wp\/v2\/pages\/970","targetHints":{"allow":["GET"]}}],"collection":[{"href":"https:\/\/www.artisanlocal.ch\/c\/wp-json\/wp\/v2\/pages"}],"about":[{"href":"https:\/\/www.artisanlocal.ch\/c\/wp-json\/wp\/v2\/types\/page"}],"author":[{"embeddable":true,"href":"https:\/\/www.artisanlocal.ch\/c\/wp-json\/wp\/v2\/users\/4"}],"replies":[{"embeddable":true,"href":"https:\/\/www.artisanlocal.ch\/c\/wp-json\/wp\/v2\/comments?post=970"}],"version-history":[{"count":0,"href":"https:\/\/www.artisanlocal.ch\/c\/wp-json\/wp\/v2\/pages\/970\/revisions"}],"wp:featuredmedia":[{"embeddable":true,"href":"https:\/\/www.artisanlocal.ch\/c\/wp-json\/wp\/v2\/media\/2758"}],"wp:attachment":[{"href":"https:\/\/www.artisanlocal.ch\/c\/wp-json\/wp\/v2\/media?parent=970"}],"wp:term":[{"taxonomy":"profession","embeddable":true,"href":"https:\/\/www.artisanlocal.ch\/c\/wp-json\/wp\/v2\/profession?post=970"},{"taxonomy":"location","embeddable":true,"href":"https:\/\/www.artisanlocal.ch\/c\/wp-json\/wp\/v2\/location?post=970"},{"taxonomy":"canton","embeddable":true,"href":"https:\/\/www.artisanlocal.ch\/c\/wp-json\/wp\/v2\/canton?post=970"}],"curies":[{"name":"wp","href":"https:\/\/api.w.org\/{rel}","templated":true}]}}