{"id":972,"date":"2024-05-19T00:18:17","date_gmt":"2024-05-18T22:18:17","guid":{"rendered":"https:\/\/www.artisanlocal.ch\/c\/plombier-aigle\/"},"modified":"2025-10-16T20:40:28","modified_gmt":"2025-10-16T18:40:28","slug":"plombier-aigle","status":"publish","type":"page","link":"https:\/\/www.artisanlocal.ch\/c\/plombier-aigle\/","title":{"rendered":"Plombier Aigle"},"content":{"rendered":"<p>Besoin d&rsquo;un plombier \u00e0 Aigle ? Artisanlocal intervient en urgence \u00e0 votre domicile pour r\u00e9parer votre plomberie.<\/p>\n\r\n<div class=\"box\">\r\n    <h2 class=\"text-dark\">Nous cherchons un <em class=\"text-primary\">Sanitaire<\/em> dans la r\u00e9gion de <em class=\"text-primary\">Aigle<\/em>  en exclusivit\u00e9, afin de proposer vos services \u00e0 nos clients propri\u00e9taires.<\/h2>\r\n    <p>Une opportunit\u00e9 unique pour booster votre activit\u00e9 \u00e0 <strong>Aigle<\/strong> et aux alentours dans votre domaine (Sanitaire).<\/p>\r\n    <p>Nous travaillons en exclusivit\u00e9 avec qu'une soci\u00e9t\u00e9 par m\u00e9tier et par r\u00e9gion. <br>Votre entreprise est pr\u00e9sente sur tous les documents immobiliers. Afin d'\u00eatre mieux vu sur le net, vous \u00eates \u00e9galement visible sur nos deux sites et sur les pages de r\u00e9f\u00e9rencement de votre r\u00e9gion.<\/p>\r\n    <a href=\"\/contact\" class=\"wp-block-button__link has-accent-background-color has-text-align-center wp-element-button\">R\u00e9server<\/a>\r\n<\/div>\n<h2>Pourquoi faire appel \u00e0 Artisanlocal \u00e0 Aigle ?<\/h2>\n<ul>\n<li>Plombiers disponibles tous les jours et les jours f\u00e9ri\u00e9s.<\/li>\n<li>Devis gratuits.<\/li>\n<li>Utilisations des derni\u00e8res techniques.<\/li>\n<li>Entreprise situ\u00e9e \u00e0 Aigle pour intervenir rapidement \u00e0 votre logement.<\/li>\n<li>Des tarifs comp\u00e9titifs.<\/li>\n<li>Des plombiers qualifi\u00e9s.<\/li>\n<li>Contr\u00f4le de votre plomberie avant intervention.<\/li>\n<li>R\u00e9paration de tous types de tuyaux.<\/li>\n<\/ul>\n<h2>Nos services \u00e0 Aigle<\/h2>\n<ul>\n<li>D\u00e9tection des fuites et r\u00e9paration.<\/li>\n<li>Changement de vos \u00e9quipements sanitaires.<\/li>\n<li>Remise en \u00e9tat de votre plomberie.<\/li>\n<li>Installation de lavabo, \u00e9vier, tuyauterie et robinet.<\/li>\n<li>Installation de chaudi\u00e8re et de ballon d&rsquo;eau chaude.<\/li>\n<li>D\u00e9bouchage et assainissement de vos canalisations.<\/li>\n<li>R\u00e9novation de salle de bain.<\/li>\n<li>Vidange de fosse septique.<\/li>\n<\/ul>\n<h2>Comment fonctionne votre entreprise ?<\/h2>\n<ol>\n<li>Suite \u00e0 votre demande d&rsquo;informations par email ou t\u00e9l\u00e9phone, un de nos artisans plombiers vous contacte pour \u00e9tudier votre projet.<\/li>\n<li>Par la suite, nous vous envoyons un devis gratuit (sans frais cach\u00e9s).<\/li>\n<li>Apr\u00e8s avoir donn\u00e9 votre accord pour le devis, nous d\u00e9ciderons ensemble du jour de l&rsquo;intervention.<\/li>\n<\/ol>\n<h2>Plombier pour les particuliers \u00e0 Aigle<\/h2>\n<p>Si votre plomberie est d\u00e9fectueuse, votre eau peut \u00eatre contamin\u00e9e et vous pouvez mettre en danger la sant\u00e9 vos proches, c\u2019est la raison pour laquelle l&rsquo;artisan qui se d\u00e9place \u00e0 votre domicile effectue :<\/p>\n<ul>\n<li>La r\u00e9paration de fuites.<\/li>\n<li>Le d\u00e9bouchage et l&rsquo;entretien de vos canalisations.<\/li>\n<li>La maintenance de votre chauffe-eau.<\/li>\n<li>Le contr\u00f4le de vos tuyaux de canalisations.<\/li>\n<li>La restauration de vos tuyaux de canalisations.<\/li>\n<li>La remise en \u00e9tat apr\u00e8s un sinistre.<\/li>\n<\/ul>\n<h2>Service de plombier pour les entreprises \u00e0 Aigle<\/h2>\n<p>Une petite fuite dans un robinet, un refoulement dans un tuyau de canalisation ou encore une panne de chauffe-eau sont des incidents fr\u00e9quents qui peuvent baisser la productivit\u00e9 de vos collaborateurs. Artisanlocal aide votre soci\u00e9t\u00e9 pour :<\/p>\n<ul>\n<li>Le d\u00e9gorgement de vos \u00e9viers.<\/li>\n<li>Le changement de vos mitigeurs de cuisine.<\/li>\n<li>L&rsquo;inspection par vid\u00e9o et la r\u00e9paration de vos tuyaux d&rsquo;\u00e9vacuations.<\/li>\n<li>L\u2019hydrocurage de vos canalisations.<\/li>\n<li>L&rsquo;installation de nouveaux \u00e9quipements de plomberie.<\/li>\n<li>L\u2019entretien et la r\u00e9novation de votre bac \u00e0 graisse.<\/li>\n<li>La mise en place, la remise en \u00e9tat et l&rsquo;entretien de votre chauffage ou chauffe-eau.<\/li>\n<li>La r\u00e9paration de vos canalisations.<\/li>\n<li>Le service de d\u00e9pannage de vos \u00e9quipements sanitaires.<\/li>\n<li>L\u2019inspection de vos tuyaux par vid\u00e9o.<\/li>\n<\/ul>\n<h2>Service d&rsquo;entretien de vos tuyaux de canalisations \u00e0 Aigle en urgence<\/h2>\n<p>Nos plombiers artisans nettoient vos canalisations \u00e0 Aigle en urgence dans le but de vous \u00e9viter des probl\u00e8mes d\u2019\u00e9coulement de vos eaux us\u00e9es, des remont\u00e9es de mauvaises odeurs ou encore du d\u00e9bordement de vos toilettes, \u00e9viers ou baignoires, d&rsquo;autre part, nos plombiers interviennent d\u00e8s que possible sur vos :<\/p>\n<ul>\n<li>\u00c9viers.<\/li>\n<li>Toilettes.<\/li>\n<li>Toits (goutti\u00e8res).<\/li>\n<li>Syst\u00e8mes d&rsquo;\u00e9gouts.<\/li>\n<li>Canalisations.<\/li>\n<\/ul>\n<h2>Nettoyage et entretien des r\u00e9seaux d&rsquo;\u00e9gouts \u00e0 Aigle<\/h2>\n<p>Le r\u00e9seau d&rsquo;\u00e9gouts constitue le c\u0153ur de la plomberie. Il \u00e9vacue les eaux us\u00e9es des \u00e9viers, des w.c. Et des autres installations sanitaires. Si votre \u00e9gout est plein ou que l&rsquo;eau remonte, cela peut compromettre votre s\u00e9curit\u00e9.<\/p>\n<p>Un entretien fr\u00e9quent de vos \u00e9gouts permet de pr\u00e9venir l&rsquo;apparition de bouchons et les refoulements dans vos canalisations. Nos plombiers \u00e0 Aigle utilisent les technologies de pointes pour inspecter, nettoyer et assurer l&rsquo;\u00e9coulement de l&rsquo;eau dans vos tuyaux.<\/p>\n<p>Artisanlocal peut aussi nettoyer en urgence tout dommage provoqu\u00e9 par les eaux us\u00e9es. Nous d\u00e9shumidifions et s\u00e9chons les espaces ab\u00eem\u00e9s pour minimiser les risques d&rsquo;apparition de champignons.<\/p>\n<h2>R\u00e9parations et installations de cumulus<\/h2>\n<p>Il n&rsquo;y a que de l&rsquo;eau froide dans votre domicile ? Votre chauffe-eau peut avoir des soucis techniques. Artisanlocal r\u00e9pare votre chauffe-eau en urgence. Voici les indices qui indiquent des soucis :<\/p>\n<ul>\n<li>La diminution de la pression de l\u2019eau chaude : vous avez potentiellement une fuite dans votre chauffe-eau, ou un syst\u00e8me chauffant qui ne marche pas ou la pr\u00e9sence de s\u00e9diments dans votre r\u00e9servoir.<\/li>\n<li>De l&rsquo;eau \u00e0 proximit\u00e9 de votre cumulus : une flaque d&rsquo;eau \u00e0 la base du chauffe-eau peut \u00eatre l&rsquo;indication d&rsquo;un probl\u00e8me grave, ou possiblement d&rsquo;un trou dans le r\u00e9servoir.<\/li>\n<li>Vous percevez des bruits anormaux qui proviennent du cumulus : si vous entendez des sons bizarres, cela peut \u00eatre d\u00fb \u00e0 la grande quantit\u00e9 de s\u00e9diments, d\u2019une fuite, ou d&rsquo;un dysfonctionnement de l&rsquo;\u00e9l\u00e9ment chauffant.<\/li>\n<li>L&rsquo;eau est d\u00e9color\u00e9e : c&rsquo;est causer par la pr\u00e9sence de rouille ou d&rsquo;autres substances nocives dans votre chauffe-eau.<\/li>\n<li>Le cumulus fonctionne en sans interruption : si vous constatez que votre chauffe-eau est toujours en marche, cela peut \u00eatre d\u00fb \u00e0 un probl\u00e8me.<\/li>\n<\/ul>\n<p>En contactant nos plombiers d\u00e8s les premiers signaux d&rsquo;alerte, il est possible d&rsquo;\u00e9viter les frais de r\u00e9paration.<\/p>\n<h2>Services de nettoyage apr\u00e8s un d\u00e9g\u00e2t des eaux<\/h2>\n<p>Nos plombiers ont la capacit\u00e9 de nettoyer votre logement apr\u00e8s une inondation \u00e0 Aigle, Artisanlocal vous assiste, en cas de caves submerg\u00e9es, de fortes pr\u00e9cipitations, d&rsquo;\u00e9clatements de canalisations, de reflux d&rsquo;\u00e9gouts, et de d\u00e9bordements de w.c. Et de baignoires et d&rsquo;autres probl\u00e8mes de canalisation li\u00e9s \u00e0 un d\u00e9g\u00e2t des eaux.<\/p>\n<h2>Foire aux questions<\/h2>\n<h3>Quel tarif pour faire intervenir un plombier \u00e0 Aigle ?<\/h3>\n<p>Apr\u00e8s \u00e9tude de votre souci de plomberie, Artisanlocal vous fournit une estimation gratuite. Les montants suivants de nos services sont donn\u00e9s \u00e0 titre indicatif \u00e0 Aigle :<\/p>\n<table border=\"1\">\n<tbody>\n<tr>\n<th>Services<\/th>\n<th>Prix CHF<\/th>\n<\/tr>\n<tr>\n<td>Mise en place d\u2019un lavabo<\/td>\n<td>280.00<\/td>\n<\/tr>\n<tr>\n<td>Taux horaire : installation sanitaire<\/td>\n<td>110.00 \u00e0 129.00<\/td>\n<\/tr>\n<tr>\n<td>Installation et raccord, d\u2019un siphon \u00e0 un \u00e9vier<\/td>\n<td>70.00<\/td>\n<\/tr>\n<tr>\n<td>Assemblage mobilier de salle de bain<\/td>\n<td>95.00<\/td>\n<\/tr>\n<tr>\n<td>Pose et raccord, d\u2019une douche \u00e0 la robinetterie<\/td>\n<td>86.00<\/td>\n<\/tr>\n<tr>\n<td>Pose d\u2019un r\u00e9servoir de WC<\/td>\n<td>112.00<\/td>\n<\/tr>\n<tr>\n<td>Pose d\u2019accessoires de salle de bain<\/td>\n<td>60.00<\/td>\n<\/tr>\n<tr>\n<td>Mise en place d\u2019un toilette suspendu<\/td>\n<td>170.00<\/td>\n<\/tr>\n<tr>\n<td>D\u00e9placement du plombier aller-retour<\/td>\n<td>100.00<\/td>\n<\/tr>\n<\/tbody>\n<\/table>\n<h3>Votre soci\u00e9t\u00e9 \u00e0 Aigle est ouverte le samedi et le dimanche ?<\/h3>\n<p>Oui, notre entreprise est joignable 24h\/24, 7j\/7 et m\u00eame les jours f\u00e9ri\u00e9s.<\/p>\n<h3>Les artisans plombiers d&rsquo;Artisanlocal r\u00e9alisent des interventions \u00e0 Aigle et dans les villes proches ?<\/h3>\n<p>Oui, les professionnels de notre soci\u00e9t\u00e9 interviennent \u00e0 Aigle, \u00e9galement dans les villes proches, telles que : La Tine, Rossini\u00e8re, Flendruz, Rougemont, Ch\u00e2teau-d'Oex, L'Etivaz, La L\u00e9cherette, Les Moulins, Villeneuve VD, Noville, Chessel, Rennaz, Roche VD, Yvorne, Leysin, Corbeyrier, La Comballaz, Les Mosses, Le S\u00e9pey, Vers-l'Eglise, Les Diablerets, La Forclaz VD, Ollon VD, Panex, St-Triphon, Bex, Fenalet-sur-Bex, Freni\u00e8res-sur-Bex, Les Plans-sur-Bex, Gryon, Les Posses-sur-Bex, Arveyes, Hu\u00e9moz, Villars-sur-Ollon, Chesi\u00e8res, Lavey-les-Bains, Lavey-Village.<\/p>\n","protected":false},"excerpt":{"rendered":"<p>Besoin d&rsquo;un plombier \u00e0 Aigle ? Artisanlocal intervient en urgence \u00e0 votre domicile pour r\u00e9parer votre plomberie. Pourquoi faire appel \u00e0 Artisanlocal \u00e0 Aigle ? Plombiers disponibles tous les jours et les jours f\u00e9ri\u00e9s. Devis gratuits. Utilisations des derni\u00e8res techniques. Entreprise situ\u00e9e \u00e0 Aigle pour intervenir rapidement \u00e0 votre logement. Des tarifs comp\u00e9titifs. Des plombiers [&hellip;]<\/p>\n","protected":false},"author":4,"featured_media":2758,"parent":0,"menu_order":0,"comment_status":"closed","ping_status":"closed","template":"","meta":{"footnotes":""},"profession":[123],"location":[61],"canton":[113],"class_list":["post-972","page","type-page","status-publish","has-post-thumbnail","hentry","profession-sanitaire","location-aigle","canton-vd"],"yoast_head":"<!-- This site is optimized with the Yoast SEO Premium plugin v25.7.1 (Yoast SEO v27.4) - https:\/\/yoast.com\/product\/yoast-seo-premium-wordpress\/ -->\n<title>Plombier Aigle - Artisanlocal<\/title>\n<meta name=\"robots\" content=\"index, follow, max-snippet:-1, max-image-preview:large, max-video-preview:-1\" \/>\n<link rel=\"canonical\" href=\"https:\/\/www.artisanlocal.ch\/c\/plombier-aigle\/\" \/>\n<meta property=\"og:locale\" content=\"fr_FR\" \/>\n<meta property=\"og:type\" content=\"article\" \/>\n<meta property=\"og:title\" content=\"Plombier Aigle\" \/>\n<meta property=\"og:description\" content=\"Besoin d&rsquo;un plombier \u00e0 Aigle ? Artisanlocal intervient en urgence \u00e0 votre domicile pour r\u00e9parer votre plomberie. Pourquoi faire appel \u00e0 Artisanlocal \u00e0 Aigle ? Plombiers disponibles tous les jours et les jours f\u00e9ri\u00e9s. Devis gratuits. Utilisations des derni\u00e8res techniques. Entreprise situ\u00e9e \u00e0 Aigle pour intervenir rapidement \u00e0 votre logement. Des tarifs comp\u00e9titifs. Des plombiers [&hellip;]\" \/>\n<meta property=\"og:url\" content=\"https:\/\/www.artisanlocal.ch\/c\/plombier-aigle\/\" \/>\n<meta property=\"og:site_name\" content=\"Artisanlocal\" \/>\n<meta property=\"article:modified_time\" content=\"2025-10-16T18:40:28+00:00\" \/>\n<meta property=\"og:image\" content=\"https:\/\/www.artisanlocal.ch\/c\/wp-content\/uploads\/2024\/10\/plombier.jpg\" \/>\n\t<meta property=\"og:image:width\" content=\"1920\" \/>\n\t<meta property=\"og:image:height\" content=\"300\" \/>\n\t<meta property=\"og:image:type\" content=\"image\/jpeg\" \/>\n<meta name=\"twitter:card\" content=\"summary_large_image\" \/>\n<meta name=\"twitter:label1\" content=\"Dur\u00e9e de lecture estim\u00e9e\" \/>\n\t<meta name=\"twitter:data1\" content=\"6 minutes\" \/>\n<script type=\"application\/ld+json\" class=\"yoast-schema-graph\">{\"@context\":\"https:\\\/\\\/schema.org\",\"@graph\":[{\"@type\":\"WebPage\",\"@id\":\"https:\\\/\\\/www.artisanlocal.ch\\\/c\\\/plombier-aigle\\\/\",\"url\":\"https:\\\/\\\/www.artisanlocal.ch\\\/c\\\/plombier-aigle\\\/\",\"name\":\"Plombier Aigle - Artisanlocal\",\"isPartOf\":{\"@id\":\"https:\\\/\\\/www.artisanlocal.ch\\\/c\\\/#website\"},\"primaryImageOfPage\":{\"@id\":\"https:\\\/\\\/www.artisanlocal.ch\\\/c\\\/plombier-aigle\\\/#primaryimage\"},\"image\":{\"@id\":\"https:\\\/\\\/www.artisanlocal.ch\\\/c\\\/plombier-aigle\\\/#primaryimage\"},\"thumbnailUrl\":\"https:\\\/\\\/www.artisanlocal.ch\\\/c\\\/wp-content\\\/uploads\\\/2024\\\/10\\\/plombier.jpg\",\"datePublished\":\"2024-05-18T22:18:17+00:00\",\"dateModified\":\"2025-10-16T18:40:28+00:00\",\"breadcrumb\":{\"@id\":\"https:\\\/\\\/www.artisanlocal.ch\\\/c\\\/plombier-aigle\\\/#breadcrumb\"},\"inLanguage\":\"fr-FR\",\"potentialAction\":[{\"@type\":\"ReadAction\",\"target\":[\"https:\\\/\\\/www.artisanlocal.ch\\\/c\\\/plombier-aigle\\\/\"]}]},{\"@type\":\"ImageObject\",\"inLanguage\":\"fr-FR\",\"@id\":\"https:\\\/\\\/www.artisanlocal.ch\\\/c\\\/plombier-aigle\\\/#primaryimage\",\"url\":\"https:\\\/\\\/www.artisanlocal.ch\\\/c\\\/wp-content\\\/uploads\\\/2024\\\/10\\\/plombier.jpg\",\"contentUrl\":\"https:\\\/\\\/www.artisanlocal.ch\\\/c\\\/wp-content\\\/uploads\\\/2024\\\/10\\\/plombier.jpg\",\"width\":1920,\"height\":300},{\"@type\":\"BreadcrumbList\",\"@id\":\"https:\\\/\\\/www.artisanlocal.ch\\\/c\\\/plombier-aigle\\\/#breadcrumb\",\"itemListElement\":[{\"@type\":\"ListItem\",\"position\":1,\"name\":\"Accueil\",\"item\":\"https:\\\/\\\/www.artisanlocal.ch\\\/c\\\/\"},{\"@type\":\"ListItem\",\"position\":2,\"name\":\"Plombier Aigle\"}]},{\"@type\":\"WebSite\",\"@id\":\"https:\\\/\\\/www.artisanlocal.ch\\\/c\\\/#website\",\"url\":\"https:\\\/\\\/www.artisanlocal.ch\\\/c\\\/\",\"name\":\"Artisanlocal\",\"description\":\"\",\"publisher\":{\"@id\":\"https:\\\/\\\/www.artisanlocal.ch\\\/c\\\/#organization\"},\"potentialAction\":[{\"@type\":\"SearchAction\",\"target\":{\"@type\":\"EntryPoint\",\"urlTemplate\":\"https:\\\/\\\/www.artisanlocal.ch\\\/c\\\/?s={search_term_string}\"},\"query-input\":{\"@type\":\"PropertyValueSpecification\",\"valueRequired\":true,\"valueName\":\"search_term_string\"}}],\"inLanguage\":\"fr-FR\"},{\"@type\":\"Organization\",\"@id\":\"https:\\\/\\\/www.artisanlocal.ch\\\/c\\\/#organization\",\"name\":\"Artisanlocal\",\"url\":\"https:\\\/\\\/www.artisanlocal.ch\\\/c\\\/\",\"logo\":{\"@type\":\"ImageObject\",\"inLanguage\":\"fr-FR\",\"@id\":\"https:\\\/\\\/www.artisanlocal.ch\\\/c\\\/#\\\/schema\\\/logo\\\/image\\\/\",\"url\":\"https:\\\/\\\/www.artisanlocal.ch\\\/c\\\/wp-content\\\/uploads\\\/2024\\\/02\\\/logo-artisanlocal-h.svg\",\"contentUrl\":\"https:\\\/\\\/www.artisanlocal.ch\\\/c\\\/wp-content\\\/uploads\\\/2024\\\/02\\\/logo-artisanlocal-h.svg\",\"caption\":\"Artisanlocal\"},\"image\":{\"@id\":\"https:\\\/\\\/www.artisanlocal.ch\\\/c\\\/#\\\/schema\\\/logo\\\/image\\\/\"}}]}<\/script>\n<!-- \/ Yoast SEO Premium plugin. -->","yoast_head_json":{"title":"Plombier Aigle - Artisanlocal","robots":{"index":"index","follow":"follow","max-snippet":"max-snippet:-1","max-image-preview":"max-image-preview:large","max-video-preview":"max-video-preview:-1"},"canonical":"https:\/\/www.artisanlocal.ch\/c\/plombier-aigle\/","og_locale":"fr_FR","og_type":"article","og_title":"Plombier Aigle","og_description":"Besoin d&rsquo;un plombier \u00e0 Aigle ? Artisanlocal intervient en urgence \u00e0 votre domicile pour r\u00e9parer votre plomberie. Pourquoi faire appel \u00e0 Artisanlocal \u00e0 Aigle ? Plombiers disponibles tous les jours et les jours f\u00e9ri\u00e9s. Devis gratuits. Utilisations des derni\u00e8res techniques. Entreprise situ\u00e9e \u00e0 Aigle pour intervenir rapidement \u00e0 votre logement. Des tarifs comp\u00e9titifs. Des plombiers [&hellip;]","og_url":"https:\/\/www.artisanlocal.ch\/c\/plombier-aigle\/","og_site_name":"Artisanlocal","article_modified_time":"2025-10-16T18:40:28+00:00","og_image":[{"width":1920,"height":300,"url":"https:\/\/www.artisanlocal.ch\/c\/wp-content\/uploads\/2024\/10\/plombier.jpg","type":"image\/jpeg"}],"twitter_card":"summary_large_image","twitter_misc":{"Dur\u00e9e de lecture estim\u00e9e":"6 minutes"},"schema":{"@context":"https:\/\/schema.org","@graph":[{"@type":"WebPage","@id":"https:\/\/www.artisanlocal.ch\/c\/plombier-aigle\/","url":"https:\/\/www.artisanlocal.ch\/c\/plombier-aigle\/","name":"Plombier Aigle - Artisanlocal","isPartOf":{"@id":"https:\/\/www.artisanlocal.ch\/c\/#website"},"primaryImageOfPage":{"@id":"https:\/\/www.artisanlocal.ch\/c\/plombier-aigle\/#primaryimage"},"image":{"@id":"https:\/\/www.artisanlocal.ch\/c\/plombier-aigle\/#primaryimage"},"thumbnailUrl":"https:\/\/www.artisanlocal.ch\/c\/wp-content\/uploads\/2024\/10\/plombier.jpg","datePublished":"2024-05-18T22:18:17+00:00","dateModified":"2025-10-16T18:40:28+00:00","breadcrumb":{"@id":"https:\/\/www.artisanlocal.ch\/c\/plombier-aigle\/#breadcrumb"},"inLanguage":"fr-FR","potentialAction":[{"@type":"ReadAction","target":["https:\/\/www.artisanlocal.ch\/c\/plombier-aigle\/"]}]},{"@type":"ImageObject","inLanguage":"fr-FR","@id":"https:\/\/www.artisanlocal.ch\/c\/plombier-aigle\/#primaryimage","url":"https:\/\/www.artisanlocal.ch\/c\/wp-content\/uploads\/2024\/10\/plombier.jpg","contentUrl":"https:\/\/www.artisanlocal.ch\/c\/wp-content\/uploads\/2024\/10\/plombier.jpg","width":1920,"height":300},{"@type":"BreadcrumbList","@id":"https:\/\/www.artisanlocal.ch\/c\/plombier-aigle\/#breadcrumb","itemListElement":[{"@type":"ListItem","position":1,"name":"Accueil","item":"https:\/\/www.artisanlocal.ch\/c\/"},{"@type":"ListItem","position":2,"name":"Plombier Aigle"}]},{"@type":"WebSite","@id":"https:\/\/www.artisanlocal.ch\/c\/#website","url":"https:\/\/www.artisanlocal.ch\/c\/","name":"Artisanlocal","description":"","publisher":{"@id":"https:\/\/www.artisanlocal.ch\/c\/#organization"},"potentialAction":[{"@type":"SearchAction","target":{"@type":"EntryPoint","urlTemplate":"https:\/\/www.artisanlocal.ch\/c\/?s={search_term_string}"},"query-input":{"@type":"PropertyValueSpecification","valueRequired":true,"valueName":"search_term_string"}}],"inLanguage":"fr-FR"},{"@type":"Organization","@id":"https:\/\/www.artisanlocal.ch\/c\/#organization","name":"Artisanlocal","url":"https:\/\/www.artisanlocal.ch\/c\/","logo":{"@type":"ImageObject","inLanguage":"fr-FR","@id":"https:\/\/www.artisanlocal.ch\/c\/#\/schema\/logo\/image\/","url":"https:\/\/www.artisanlocal.ch\/c\/wp-content\/uploads\/2024\/02\/logo-artisanlocal-h.svg","contentUrl":"https:\/\/www.artisanlocal.ch\/c\/wp-content\/uploads\/2024\/02\/logo-artisanlocal-h.svg","caption":"Artisanlocal"},"image":{"@id":"https:\/\/www.artisanlocal.ch\/c\/#\/schema\/logo\/image\/"}}]}},"_links":{"self":[{"href":"https:\/\/www.artisanlocal.ch\/c\/wp-json\/wp\/v2\/pages\/972","targetHints":{"allow":["GET"]}}],"collection":[{"href":"https:\/\/www.artisanlocal.ch\/c\/wp-json\/wp\/v2\/pages"}],"about":[{"href":"https:\/\/www.artisanlocal.ch\/c\/wp-json\/wp\/v2\/types\/page"}],"author":[{"embeddable":true,"href":"https:\/\/www.artisanlocal.ch\/c\/wp-json\/wp\/v2\/users\/4"}],"replies":[{"embeddable":true,"href":"https:\/\/www.artisanlocal.ch\/c\/wp-json\/wp\/v2\/comments?post=972"}],"version-history":[{"count":0,"href":"https:\/\/www.artisanlocal.ch\/c\/wp-json\/wp\/v2\/pages\/972\/revisions"}],"wp:featuredmedia":[{"embeddable":true,"href":"https:\/\/www.artisanlocal.ch\/c\/wp-json\/wp\/v2\/media\/2758"}],"wp:attachment":[{"href":"https:\/\/www.artisanlocal.ch\/c\/wp-json\/wp\/v2\/media?parent=972"}],"wp:term":[{"taxonomy":"profession","embeddable":true,"href":"https:\/\/www.artisanlocal.ch\/c\/wp-json\/wp\/v2\/profession?post=972"},{"taxonomy":"location","embeddable":true,"href":"https:\/\/www.artisanlocal.ch\/c\/wp-json\/wp\/v2\/location?post=972"},{"taxonomy":"canton","embeddable":true,"href":"https:\/\/www.artisanlocal.ch\/c\/wp-json\/wp\/v2\/canton?post=972"}],"curies":[{"name":"wp","href":"https:\/\/api.w.org\/{rel}","templated":true}]}}