{"id":974,"date":"2024-05-19T04:26:05","date_gmt":"2024-05-19T02:26:05","guid":{"rendered":"https:\/\/www.artisanlocal.ch\/c\/plombier-a-avenches\/"},"modified":"2025-08-26T19:27:17","modified_gmt":"2025-08-26T17:27:17","slug":"plombier-a-avenches","status":"publish","type":"page","link":"https:\/\/www.artisanlocal.ch\/c\/plombier-a-avenches\/","title":{"rendered":"Plombier \u00e0 Avenches"},"content":{"rendered":"<p>Si vous \u00eates un Avenchois, en cas d&rsquo;urgence, nos plombiers se d\u00e9placent \u00e0 votre logement.<\/p>\n\r\n<div class=\"box\">\r\n            <div class=\"company-info\">\r\n            <img decoding=\"async\" class=\"company-info__logo\" src=\"https:\/\/www.artisanlocal.ch\/media\/cache\/thumb\/images\/companies\/60c86d29da1df410905456.png\" alt=\"Logo\">\r\n            <h2 class=\"company-info__name\">Hirschi SA M\u00f4tier-Vully<\/h2>\r\n            <p class=\"company-info__business\">Chauffage - Installations sanitaires<\/p>\r\n        <\/div>\r\n        <div class=\"company-contact\">\r\n            <p class=\"company-info__address\">Route du Lac 19<\/p>\r\n                            <div class=\"links\">\r\n                                            <a class=\"btn has-accent-background-color js-phoneNumber\" href=\"tel:0796582961\" title=\"Appelez\" data-id=\"3467\" data-type=\"11\">079 658 29 61<\/a>\r\n                                                                <a class=\"btn has-accent-background-color\" href=\"https:\/\/hirschi-sa.ch\/fr\/accueil\/\" target=\"_blank\" title=\"Voir le site internet\" data-id=\"3467\" data-type=\"20\">Site internet<\/a>\r\n                                    <\/div>\r\n                    <\/div>\r\n    \r\n            \r\n<form action=\"https:\/\/www.artisanlocal.ch\/c\/wp-admin\/admin-ajax.php\" method=\"post\" class=\"form-contact\" id=\"artisan_form_contact_company_inline\">\r\n    <div><input type=\"hidden\" name=\"action\" value=\"company_contact\"><\/div>\r\n    <div><input type=\"hidden\" name=\"nonce\" value=\"4798b585aa\"><\/div>\r\n    <div><input type=\"hidden\" name=\"company_id\" value=\"3467\"><\/div>\r\n    <div><input type=\"hidden\" name=\"form_id\" value=\"artisan_form_contact_company_inline\"><\/div>\r\n    <div class=\"gglcptch gglcptch_v3 gglcptch_custom\"><input type=\"hidden\" id=\"g-recaptcha-response\" name=\"g-recaptcha-response\" \/><br \/><div class=\"gglcptch_error_text\">La p\u00e9riode de v\u00e9rification reCAPTCHA a expir\u00e9. Veuillez recharger la page.<\/div><\/div>    <div class=\"form-content\">\r\n        <div class=\"form-group\">\r\n            <label for=\"contact_firstName\" class=\"required\">Pr\u00e9nom<\/label>\r\n            <input type=\"text\" name=\"firstName\" class=\"form-control\" required>\r\n        <\/div>\r\n        <div class=\"form-group\">\r\n            <label for=\"contact_lastName\" class=\"required\">Nom<\/label>\r\n            <input type=\"text\" name=\"lastName\" class=\"form-control\" required>\r\n        <\/div>\r\n        <div class=\"form-group\">\r\n            <label for=\"contact_email\" class=\"required\">Email<\/label>\r\n            <input type=\"email\" name=\"email\" class=\"form-control\" required>\r\n        <\/div>\r\n        <div class=\"form-group\">\r\n            <label for=\"contact_phone\" class=\"required\">Num\u00e9ro de t\u00e9l\u00e9phone<\/label>\r\n            <input type=\"tel\" name=\"phone\" class=\"form-control\" placeholder=\"0787117165\" pattern=\"^[0-9]{10}$\" required>\r\n        <\/div>\r\n        <div class=\"form-group\">\r\n            <label for=\"contact_postalCode\" class=\"required\">Code postal et localit\u00e9<\/label>\r\n            <input type=\"text\" name=\"postalCode\" class=\"form-control\" required>\r\n        <\/div>\r\n        <div class=\"form-group\">\r\n            <label for=\"contact_address\" class=\"required\">Adresse<\/label>\r\n            <input type=\"text\" name=\"address\" class=\"form-control\" required>\r\n        <\/div>\r\n        <div class=\"full-width topic\">\r\n            <p class=\"required\">Je souhaite \u00eatre contact\u00e9 pour :<\/p>\r\n            <div class=\"form-check\">\r\n                <input type=\"radio\" name=\"topic\" value=\"D\u00e9pannage\" class=\"form-control\" required>\r\n                <label for=\"d\u00e9pannage\">D\u00e9pannage<\/label>\r\n            <\/div>\r\n            <div class=\"form-check\">\r\n                <input type=\"radio\" name=\"topic\" value=\"Entretien\" class=\"form-control\" required>\r\n                <label for=\"entretien\">Entretien<\/label>\r\n            <\/div>\r\n            <div class=\"form-check\">\r\n                <input type=\"radio\" name=\"topic\" value=\"R\u00e9novation\" class=\"form-control\" required>\r\n                <label for=\"r\u00e9novation\">R\u00e9novation<\/label>\r\n            <\/div>\r\n            <div class=\"form-check\">\r\n                <input type=\"radio\" name=\"topic\" value=\"Autre\" class=\"form-control\" required>\r\n                <label for=\"autre\">Autre<\/label>\r\n            <\/div>\r\n        <\/div>\r\n        <div class=\"form-group full-width\">\r\n            <label for=\"contact_message\">Message<\/label>\r\n            <textarea name=\"message\" rows=\"3\" class=\"form-control\"><\/textarea>\r\n        <\/div>\r\n    <\/div>\r\n    <div class=\"form-actions\">\r\n        <button class=\"wp-block-button__link has-accent-background-color\">Contacter<\/button>\r\n    <\/div>\r\n<\/form>\r\n<div class=\"form-feedback\"><\/div>    <\/div>\n<h2>Pourquoi faire appel \u00e0 notre soci\u00e9t\u00e9 de plombier \u00e0 Avenches ?<\/h2>\n<ul>\n<li>Nous sommes ouverts tous les jours de la semaine, y compris les jours f\u00e9ri\u00e9s.<\/li>\n<li>Nos devis sont sans frais.<\/li>\n<li>Nous utilisons les derni\u00e8res m\u00e9thodes de pointes.<\/li>\n<li>Nous sommes implant\u00e9s \u00e0 Avenches nous permettant d&rsquo;intervenir en urgence dans votre domicile.<\/li>\n<li>Nos tarifs sont attractifs.<\/li>\n<li>Nos artisans plombiers sont exp\u00e9riment\u00e9s et assur\u00e9s.<\/li>\n<li>Avant de d\u00e9buter notre travail, nous examinons votre plomberie.<\/li>\n<li>Aucun probl\u00e8me n&rsquo;est trop grand ou trop petit, nous effectuons tous types d&rsquo;interventions.<\/li>\n<\/ul>\n<h2>Quels sont les services propos\u00e9s par Artisanlocal ?<\/h2>\n<ul>\n<li>Nous localisons les fuites et ensuite, nous r\u00e9novons vos tuyauteries.<\/li>\n<li>Nos artisans plombiers remplacent vos \u00e9quipements sanitaires.<\/li>\n<li>La remise en \u00e9tat de votre sanitaire.<\/li>\n<li>Les travaux de plomberie, pour : l\u2019installation de lavabo, d&rsquo;\u00e9vier, de la tuyauterie et de robinet.<\/li>\n<li>L&rsquo;installation de ballons d&rsquo;eau chaude ou de chaudi\u00e8res.<\/li>\n<li>Nous effectuons le d\u00e9bouchage et l&rsquo;assainissement de vos canalisations.<\/li>\n<li>Nous r\u00e9novons totalement les salles de bain.<\/li>\n<li>Nous pouvons aussi r\u00e9aliser aussi la vidange de votre fosse septique.<\/li>\n<\/ul>\n<h2>Quel est le fonctionnement d&rsquo;Artisanlocal \u00e0 Avenches ?<\/h2>\n<ol>\n<li>Apr\u00e8s avoir pris contact avec nous par email ou par t\u00e9l\u00e9phone, nous vous appelons pour \u00e9valuer vos besoins.<\/li>\n<li>Par la suite, nous vous offrons un devis d\u00e9taill\u00e9 et gratuit. Vous ne paierez aucuns frais suppl\u00e9mentaires, sauf s&rsquo;il y a de gros travaux ou qu&rsquo;il est n\u00e9cessaire de changer des \u00e9l\u00e9ments de votre \u00e9quipement de plomberie.<\/li>\n<li>Apr\u00e8s avoir donn\u00e9 votre accord pour l&rsquo;estimation, nous conviendrons ensemble d&rsquo;une date d&rsquo;intervention \u00e0 votre domicile.<\/li>\n<\/ol>\n<h2>Entreprise de plomberie pour les particuliers \u00e0 Avenches<\/h2>\n<p>Si votre syst\u00e8me de plomberie est d\u00e9fectueux, il y a un risque que vous contaminiez l&rsquo;eau de votre foyer, ce qui peut mettre votre famille en danger, c&rsquo;est pour cela que l&rsquo;artisan plombier qui intervient \u00e0 votre domicile r\u00e9alise :<\/p>\n<ul>\n<li>La r\u00e9paration de fuites.<\/li>\n<li>Le d\u00e9bouchage et le nettoyage de vos canalisations.<\/li>\n<li>L\u2019entretien de votre chauffe-eau.<\/li>\n<li>Le contr\u00f4le de vos canalisations.<\/li>\n<li>La r\u00e9novation de vos tuyaux de canalisations.<\/li>\n<li>Le nettoyage de votre r\u00e9sidence apr\u00e8s les d\u00e9g\u00e2ts des eaux.<\/li>\n<\/ul>\n<h2>Artisanlocal aux services des entreprises \u00e0 Avenches<\/h2>\n<p>\u00c0 Avenches, il y a des commerces de d\u00e9tail, PME et restaurants. Une fuite dans un robinet, un refoulement dans un tuyau de canalisation ou encore un probl\u00e8me de chauffe-eau sont des probl\u00e8mes courants qui peuvent r\u00e9duire la productivit\u00e9 de vos salari\u00e9s. Notre entreprise offre des services de plomberie pour votre soci\u00e9t\u00e9 \u00e0 Avenches, comme :<\/p>\n<ul>\n<li>L&rsquo;\u00e9limination des blocages dans vos lavabos et l&rsquo;installation de nouveaux robinets.<\/li>\n<li>L&rsquo;inspection et la r\u00e9paration de vos tuyaux.<\/li>\n<li>Le service nettoyage de canalisations avec de l&rsquo;eau \u00e0 haute pression (hydrocurage).<\/li>\n<li>L&rsquo;installation de nouveaux \u00e9quipements de plomberie.<\/li>\n<li>L\u2019entretien et la r\u00e9paration de votre bac \u00e0 graisse.<\/li>\n<li>La mise en place, la r\u00e9paration et l&rsquo;entretien de votre chauffage ou chauffe-eau.<\/li>\n<li>La restauration de votre r\u00e9seau de tuyaux.<\/li>\n<li>Le service de d\u00e9pannage de vos appareils sanitaires.<\/li>\n<li>L&rsquo;examen de vos conduits par cam\u00e9ra vid\u00e9o.<\/li>\n<\/ul>\n<h2>Nettoyage de canalisations en urgence \u00e0 Avenches<\/h2>\n<p>Si vous \u00eates un Avenchois, Artisanlocal intervient rapidement chez vous pour le d\u00e9bouchage vos tuyaux de canalisations ou pour r\u00e9gler vos soucis d&rsquo;\u00e9coulement de vos WC, \u00e9viers ou douches, de plus, nos plombiers interviennent rapidement sur vos :<\/p>\n<ul>\n<li>\u00c9viers.<\/li>\n<li>WC.<\/li>\n<li>Toits (goutti\u00e8res).<\/li>\n<li>Syst\u00e8mes d&rsquo;\u00e9gouts.<\/li>\n<li>Tuyauteries. <\/li>\n<\/ul>\n<h2>Service de nettoyage d&rsquo;\u00e9gouts \u00e0 Avenches<\/h2>\n<p>Le r\u00e9seau d&rsquo;\u00e9gouts repr\u00e9sente le c\u0153ur de la plomberie. Il \u00e9vacue les eaux us\u00e9es des toilettes, des \u00e9viers et des autres \u00e9quipements sanitaires. Si votre \u00e9gout est bouch\u00e9 ou que l&rsquo;eau remonte, cela peut causer des d\u00e9g\u00e2ts dans votre domicile, et vous mettre en danger.<\/p>\n<p>Le nettoyage r\u00e9gulier de votre \u00e9gout permet de pr\u00e9venir les refoulements dans les canalisations et la formation de bouchons. Nos artisans plombiers \u00e0 Avenches associent les nouvelles technologies et les techniques standards pour contr\u00f4ler, assainir et assurer l&rsquo;\u00e9coulement de l&rsquo;eau dans vos conduits.<\/p>\n<p>Notre soci\u00e9t\u00e9 peut aussi remplacer votre canalisation d&rsquo;\u00e9gout si elle est trop d\u00e9t\u00e9rior\u00e9e. Notre entreprise peut aussi nettoyer en urgence tout dommage provoqu\u00e9 par les eaux us\u00e9es dans votre maison ou entreprise. Pour \u00e9viter le d\u00e9veloppement de moisissures, nous d\u00e9shumidifions et s\u00e9chons les zones \u00e0 risques.<\/p>\n<h2>Services de r\u00e9paration et d&rsquo;installation de chauffe-eau \u00e0 Avenches<\/h2>\n<p>Tout ce que vous avez, c&rsquo;est de l\u2019eau froide dans vos conduits ? Il est probable que vous ayez des probl\u00e8mes de chauffe-eau. Artisanlocal effectue la r\u00e9paration de votre chauffe-eau rapidement. Voici les signaux qui indiquent des probl\u00e8mes :<\/p>\n<ul>\n<li>La r\u00e9duction du d\u00e9bit de l\u2019eau chaude : \u00e7a peut-\u00eatre caus\u00e9 par une fuite de votre chauffe-eau, ou un syst\u00e8me chauffant en panne ou l&rsquo;accumulation de s\u00e9diments dans votre r\u00e9servoir.<\/li>\n<li>De l&rsquo;eau \u00e0 proximit\u00e9 de votre r\u00e9servoir : la pr\u00e9sence d&rsquo;eau \u00e0 la base du r\u00e9servoir peut-\u00eatre le signe d&rsquo;un dysfonctionnement, ou la pr\u00e9sence d&rsquo;une fissure dans le r\u00e9servoir.<\/li>\n<li>Des bruits bizarres sortent du chauffe-eau : des bruits \u00e9tranges peuvent r\u00e9v\u00e9ler une accumulation de s\u00e9diments, d\u2019une fuite, ou d&rsquo;une panne de l&rsquo;\u00e9l\u00e9ment chauffant.<\/li>\n<li>L&rsquo;eau est d\u00e9color\u00e9e : c&rsquo;est occasionner par la pr\u00e9sence de rouille ou d&rsquo;autres substances nocives dans votre chauffe-eau.<\/li>\n<li>Le chauffe-eau fonctionne en continu : si vous constatez que votre cumulus est sans cesse en marche, cela peut \u00eatre d\u00fb \u00e0 un probl\u00e8me.<\/li>\n<\/ul>\n<p>En faisant appel \u00e0 notre soci\u00e9t\u00e9 d\u00e8s le premier signal d&rsquo;alerte, vous pouvez \u00e9chapper \u00e0 des travaux de r\u00e9parations on\u00e9reuses.<\/p>\n<h2>Services de nettoyage apr\u00e8s un d\u00e9g\u00e2t des eaux<\/h2>\n<p>Nos artisans plombiers nettoient votre domicile suite \u00e0 une inondation \u00e0 Avenches, nous sommes disponibles pour vous aider en cas de caves inond\u00e9es, de ruptures de tuyaux de canalisations, de d\u00e9bordements de w.c. Et de douches, d&rsquo;importantes pr\u00e9cipitations, de refoulements d&rsquo;\u00e9gouts et d&rsquo;autres probl\u00e8mes de plomberie li\u00e9s \u00e0 un dommages provoqu\u00e9s par l&rsquo;eau.<\/p>\n<h2>FAQ<\/h2>\n<h3>Quel est le co\u00fbt d\u2019un plombier \u00e0 Avenches ?<\/h3>\n<p>Apr\u00e8s avoir examin\u00e9 votre souci de tuyauterie, les plombiers professionnels d&rsquo;Artisanlocal \u00e9valuent le prix des travaux. Voici les co\u00fbts \u00e0 titre informatif \u00e0 Avenches :<\/p>\n<table border=\"1\">\n<tbody>\n<tr>\n<th>Prestations<\/th>\n<th>Prix CHF<\/th>\n<\/tr>\n<tr>\n<td>Installation d\u2019un lavabo<\/td>\n<td>280.00<\/td>\n<\/tr>\n<tr>\n<td>Tarif horaire : mise en place sanitaire<\/td>\n<td>110.00 \u00e0 129.00<\/td>\n<\/tr>\n<tr>\n<td>Installation et raccordement, d\u2019un siphon \u00e0 un \u00e9vier<\/td>\n<td>70.00<\/td>\n<\/tr>\n<tr>\n<td>Assemblage mobilier de salle d&rsquo;eau<\/td>\n<td>95.00<\/td>\n<\/tr>\n<tr>\n<td>Mise en place et raccordement, d\u2019une douche \u00e0 la robinetterie<\/td>\n<td>86.00<\/td>\n<\/tr>\n<tr>\n<td>Installation d\u2019un r\u00e9servoir de WC<\/td>\n<td>112.00<\/td>\n<\/tr>\n<tr>\n<td>Pose d\u2019accessoires de salle d&rsquo;eau<\/td>\n<td>60.00<\/td>\n<\/tr>\n<tr>\n<td>Mise en place d\u2019un toilette suspendu<\/td>\n<td>170.00<\/td>\n<\/tr>\n<tr>\n<td>D\u00e9placement du plombier aller-retour<\/td>\n<td>100.00<\/td>\n<\/tr>\n<\/tbody>\n<\/table>\n<h3>La soci\u00e9t\u00e9 Artisanlocal est-elle ouverte les dimanches et samedis ?<\/h3>\n<p>Notre service de plomberie est disponible 24h\/24, 7j\/7 et m\u00eame durant les jours f\u00e9ri\u00e9s.<\/p>\n<h3>Les artisans plombiers effectuent des interventions \u00e0 Avenches et dans les localit\u00e9s proches ?<\/h3>\n<p>Nos plombiers interviennent \u00e0 Avenches, \u00e9galement dans les villes aux alentours, comme : Gletterens, Dompierre FR, Domdidier, Vallon, Les Friques, St-Aubin FR, Delley, Portalban, Oleyres, Donatyre, Villarepos, Villars-le-Grand, Bellerive VD, Cotterd, Salavaux, Vallamand, Constantine, Montmagny, Cudrefin, Chabrey, Clavaleyres, Faoug, Corm\u00e9rod, Courtion, Misery, Chandon, L\u00e9chelles, Russy, Sugiez, Mur (Vully) FR, M\u00f4tier (Vully), Mur (Vully) VD, Praz (Vully), Lugnorre.<\/p>\n","protected":false},"excerpt":{"rendered":"<p>Si vous \u00eates un Avenchois, en cas d&rsquo;urgence, nos plombiers se d\u00e9placent \u00e0 votre logement. Pourquoi faire appel \u00e0 notre soci\u00e9t\u00e9 de plombier \u00e0 Avenches ? Nous sommes ouverts tous les jours de la semaine, y compris les jours f\u00e9ri\u00e9s. Nos devis sont sans frais. Nous utilisons les derni\u00e8res m\u00e9thodes de pointes. Nous sommes implant\u00e9s [&hellip;]<\/p>\n","protected":false},"author":4,"featured_media":2758,"parent":0,"menu_order":0,"comment_status":"closed","ping_status":"closed","template":"","meta":{"footnotes":""},"profession":[123],"location":[37],"canton":[113],"class_list":["post-974","page","type-page","status-publish","has-post-thumbnail","hentry","profession-sanitaire","location-avenches","canton-vd"],"yoast_head":"<!-- This site is optimized with the Yoast SEO Premium plugin v25.7.1 (Yoast SEO v27.4) - https:\/\/yoast.com\/product\/yoast-seo-premium-wordpress\/ -->\n<title>Plombier \u00e0 Avenches - Artisanlocal<\/title>\n<meta name=\"robots\" content=\"index, follow, max-snippet:-1, max-image-preview:large, max-video-preview:-1\" \/>\n<link rel=\"canonical\" href=\"https:\/\/www.artisanlocal.ch\/c\/plombier-a-avenches\/\" \/>\n<meta property=\"og:locale\" content=\"fr_FR\" \/>\n<meta property=\"og:type\" content=\"article\" \/>\n<meta property=\"og:title\" content=\"Plombier \u00e0 Avenches\" \/>\n<meta property=\"og:description\" content=\"Si vous \u00eates un Avenchois, en cas d&rsquo;urgence, nos plombiers se d\u00e9placent \u00e0 votre logement. Pourquoi faire appel \u00e0 notre soci\u00e9t\u00e9 de plombier \u00e0 Avenches ? Nous sommes ouverts tous les jours de la semaine, y compris les jours f\u00e9ri\u00e9s. Nos devis sont sans frais. Nous utilisons les derni\u00e8res m\u00e9thodes de pointes. Nous sommes implant\u00e9s [&hellip;]\" \/>\n<meta property=\"og:url\" content=\"https:\/\/www.artisanlocal.ch\/c\/plombier-a-avenches\/\" \/>\n<meta property=\"og:site_name\" content=\"Artisanlocal\" \/>\n<meta property=\"article:modified_time\" content=\"2025-08-26T17:27:17+00:00\" \/>\n<meta property=\"og:image\" content=\"https:\/\/www.artisanlocal.ch\/c\/wp-content\/uploads\/2024\/10\/plombier.jpg\" \/>\n\t<meta property=\"og:image:width\" content=\"1920\" \/>\n\t<meta property=\"og:image:height\" content=\"300\" \/>\n\t<meta property=\"og:image:type\" content=\"image\/jpeg\" \/>\n<meta name=\"twitter:card\" content=\"summary_large_image\" \/>\n<meta name=\"twitter:label1\" content=\"Dur\u00e9e de lecture estim\u00e9e\" \/>\n\t<meta name=\"twitter:data1\" content=\"6 minutes\" \/>\n<script type=\"application\/ld+json\" class=\"yoast-schema-graph\">{\"@context\":\"https:\\\/\\\/schema.org\",\"@graph\":[{\"@type\":\"WebPage\",\"@id\":\"https:\\\/\\\/www.artisanlocal.ch\\\/c\\\/plombier-a-avenches\\\/\",\"url\":\"https:\\\/\\\/www.artisanlocal.ch\\\/c\\\/plombier-a-avenches\\\/\",\"name\":\"Plombier \u00e0 Avenches - Artisanlocal\",\"isPartOf\":{\"@id\":\"https:\\\/\\\/www.artisanlocal.ch\\\/c\\\/#website\"},\"primaryImageOfPage\":{\"@id\":\"https:\\\/\\\/www.artisanlocal.ch\\\/c\\\/plombier-a-avenches\\\/#primaryimage\"},\"image\":{\"@id\":\"https:\\\/\\\/www.artisanlocal.ch\\\/c\\\/plombier-a-avenches\\\/#primaryimage\"},\"thumbnailUrl\":\"https:\\\/\\\/www.artisanlocal.ch\\\/c\\\/wp-content\\\/uploads\\\/2024\\\/10\\\/plombier.jpg\",\"datePublished\":\"2024-05-19T02:26:05+00:00\",\"dateModified\":\"2025-08-26T17:27:17+00:00\",\"breadcrumb\":{\"@id\":\"https:\\\/\\\/www.artisanlocal.ch\\\/c\\\/plombier-a-avenches\\\/#breadcrumb\"},\"inLanguage\":\"fr-FR\",\"potentialAction\":[{\"@type\":\"ReadAction\",\"target\":[\"https:\\\/\\\/www.artisanlocal.ch\\\/c\\\/plombier-a-avenches\\\/\"]}]},{\"@type\":\"ImageObject\",\"inLanguage\":\"fr-FR\",\"@id\":\"https:\\\/\\\/www.artisanlocal.ch\\\/c\\\/plombier-a-avenches\\\/#primaryimage\",\"url\":\"https:\\\/\\\/www.artisanlocal.ch\\\/c\\\/wp-content\\\/uploads\\\/2024\\\/10\\\/plombier.jpg\",\"contentUrl\":\"https:\\\/\\\/www.artisanlocal.ch\\\/c\\\/wp-content\\\/uploads\\\/2024\\\/10\\\/plombier.jpg\",\"width\":1920,\"height\":300},{\"@type\":\"BreadcrumbList\",\"@id\":\"https:\\\/\\\/www.artisanlocal.ch\\\/c\\\/plombier-a-avenches\\\/#breadcrumb\",\"itemListElement\":[{\"@type\":\"ListItem\",\"position\":1,\"name\":\"Accueil\",\"item\":\"https:\\\/\\\/www.artisanlocal.ch\\\/c\\\/\"},{\"@type\":\"ListItem\",\"position\":2,\"name\":\"Plombier \u00e0 Avenches\"}]},{\"@type\":\"WebSite\",\"@id\":\"https:\\\/\\\/www.artisanlocal.ch\\\/c\\\/#website\",\"url\":\"https:\\\/\\\/www.artisanlocal.ch\\\/c\\\/\",\"name\":\"Artisanlocal\",\"description\":\"\",\"publisher\":{\"@id\":\"https:\\\/\\\/www.artisanlocal.ch\\\/c\\\/#organization\"},\"potentialAction\":[{\"@type\":\"SearchAction\",\"target\":{\"@type\":\"EntryPoint\",\"urlTemplate\":\"https:\\\/\\\/www.artisanlocal.ch\\\/c\\\/?s={search_term_string}\"},\"query-input\":{\"@type\":\"PropertyValueSpecification\",\"valueRequired\":true,\"valueName\":\"search_term_string\"}}],\"inLanguage\":\"fr-FR\"},{\"@type\":\"Organization\",\"@id\":\"https:\\\/\\\/www.artisanlocal.ch\\\/c\\\/#organization\",\"name\":\"Artisanlocal\",\"url\":\"https:\\\/\\\/www.artisanlocal.ch\\\/c\\\/\",\"logo\":{\"@type\":\"ImageObject\",\"inLanguage\":\"fr-FR\",\"@id\":\"https:\\\/\\\/www.artisanlocal.ch\\\/c\\\/#\\\/schema\\\/logo\\\/image\\\/\",\"url\":\"https:\\\/\\\/www.artisanlocal.ch\\\/c\\\/wp-content\\\/uploads\\\/2024\\\/02\\\/logo-artisanlocal-h.svg\",\"contentUrl\":\"https:\\\/\\\/www.artisanlocal.ch\\\/c\\\/wp-content\\\/uploads\\\/2024\\\/02\\\/logo-artisanlocal-h.svg\",\"caption\":\"Artisanlocal\"},\"image\":{\"@id\":\"https:\\\/\\\/www.artisanlocal.ch\\\/c\\\/#\\\/schema\\\/logo\\\/image\\\/\"}}]}<\/script>\n<!-- \/ Yoast SEO Premium plugin. -->","yoast_head_json":{"title":"Plombier \u00e0 Avenches - Artisanlocal","robots":{"index":"index","follow":"follow","max-snippet":"max-snippet:-1","max-image-preview":"max-image-preview:large","max-video-preview":"max-video-preview:-1"},"canonical":"https:\/\/www.artisanlocal.ch\/c\/plombier-a-avenches\/","og_locale":"fr_FR","og_type":"article","og_title":"Plombier \u00e0 Avenches","og_description":"Si vous \u00eates un Avenchois, en cas d&rsquo;urgence, nos plombiers se d\u00e9placent \u00e0 votre logement. Pourquoi faire appel \u00e0 notre soci\u00e9t\u00e9 de plombier \u00e0 Avenches ? Nous sommes ouverts tous les jours de la semaine, y compris les jours f\u00e9ri\u00e9s. Nos devis sont sans frais. Nous utilisons les derni\u00e8res m\u00e9thodes de pointes. Nous sommes implant\u00e9s [&hellip;]","og_url":"https:\/\/www.artisanlocal.ch\/c\/plombier-a-avenches\/","og_site_name":"Artisanlocal","article_modified_time":"2025-08-26T17:27:17+00:00","og_image":[{"width":1920,"height":300,"url":"https:\/\/www.artisanlocal.ch\/c\/wp-content\/uploads\/2024\/10\/plombier.jpg","type":"image\/jpeg"}],"twitter_card":"summary_large_image","twitter_misc":{"Dur\u00e9e de lecture estim\u00e9e":"6 minutes"},"schema":{"@context":"https:\/\/schema.org","@graph":[{"@type":"WebPage","@id":"https:\/\/www.artisanlocal.ch\/c\/plombier-a-avenches\/","url":"https:\/\/www.artisanlocal.ch\/c\/plombier-a-avenches\/","name":"Plombier \u00e0 Avenches - Artisanlocal","isPartOf":{"@id":"https:\/\/www.artisanlocal.ch\/c\/#website"},"primaryImageOfPage":{"@id":"https:\/\/www.artisanlocal.ch\/c\/plombier-a-avenches\/#primaryimage"},"image":{"@id":"https:\/\/www.artisanlocal.ch\/c\/plombier-a-avenches\/#primaryimage"},"thumbnailUrl":"https:\/\/www.artisanlocal.ch\/c\/wp-content\/uploads\/2024\/10\/plombier.jpg","datePublished":"2024-05-19T02:26:05+00:00","dateModified":"2025-08-26T17:27:17+00:00","breadcrumb":{"@id":"https:\/\/www.artisanlocal.ch\/c\/plombier-a-avenches\/#breadcrumb"},"inLanguage":"fr-FR","potentialAction":[{"@type":"ReadAction","target":["https:\/\/www.artisanlocal.ch\/c\/plombier-a-avenches\/"]}]},{"@type":"ImageObject","inLanguage":"fr-FR","@id":"https:\/\/www.artisanlocal.ch\/c\/plombier-a-avenches\/#primaryimage","url":"https:\/\/www.artisanlocal.ch\/c\/wp-content\/uploads\/2024\/10\/plombier.jpg","contentUrl":"https:\/\/www.artisanlocal.ch\/c\/wp-content\/uploads\/2024\/10\/plombier.jpg","width":1920,"height":300},{"@type":"BreadcrumbList","@id":"https:\/\/www.artisanlocal.ch\/c\/plombier-a-avenches\/#breadcrumb","itemListElement":[{"@type":"ListItem","position":1,"name":"Accueil","item":"https:\/\/www.artisanlocal.ch\/c\/"},{"@type":"ListItem","position":2,"name":"Plombier \u00e0 Avenches"}]},{"@type":"WebSite","@id":"https:\/\/www.artisanlocal.ch\/c\/#website","url":"https:\/\/www.artisanlocal.ch\/c\/","name":"Artisanlocal","description":"","publisher":{"@id":"https:\/\/www.artisanlocal.ch\/c\/#organization"},"potentialAction":[{"@type":"SearchAction","target":{"@type":"EntryPoint","urlTemplate":"https:\/\/www.artisanlocal.ch\/c\/?s={search_term_string}"},"query-input":{"@type":"PropertyValueSpecification","valueRequired":true,"valueName":"search_term_string"}}],"inLanguage":"fr-FR"},{"@type":"Organization","@id":"https:\/\/www.artisanlocal.ch\/c\/#organization","name":"Artisanlocal","url":"https:\/\/www.artisanlocal.ch\/c\/","logo":{"@type":"ImageObject","inLanguage":"fr-FR","@id":"https:\/\/www.artisanlocal.ch\/c\/#\/schema\/logo\/image\/","url":"https:\/\/www.artisanlocal.ch\/c\/wp-content\/uploads\/2024\/02\/logo-artisanlocal-h.svg","contentUrl":"https:\/\/www.artisanlocal.ch\/c\/wp-content\/uploads\/2024\/02\/logo-artisanlocal-h.svg","caption":"Artisanlocal"},"image":{"@id":"https:\/\/www.artisanlocal.ch\/c\/#\/schema\/logo\/image\/"}}]}},"_links":{"self":[{"href":"https:\/\/www.artisanlocal.ch\/c\/wp-json\/wp\/v2\/pages\/974","targetHints":{"allow":["GET"]}}],"collection":[{"href":"https:\/\/www.artisanlocal.ch\/c\/wp-json\/wp\/v2\/pages"}],"about":[{"href":"https:\/\/www.artisanlocal.ch\/c\/wp-json\/wp\/v2\/types\/page"}],"author":[{"embeddable":true,"href":"https:\/\/www.artisanlocal.ch\/c\/wp-json\/wp\/v2\/users\/4"}],"replies":[{"embeddable":true,"href":"https:\/\/www.artisanlocal.ch\/c\/wp-json\/wp\/v2\/comments?post=974"}],"version-history":[{"count":0,"href":"https:\/\/www.artisanlocal.ch\/c\/wp-json\/wp\/v2\/pages\/974\/revisions"}],"wp:featuredmedia":[{"embeddable":true,"href":"https:\/\/www.artisanlocal.ch\/c\/wp-json\/wp\/v2\/media\/2758"}],"wp:attachment":[{"href":"https:\/\/www.artisanlocal.ch\/c\/wp-json\/wp\/v2\/media?parent=974"}],"wp:term":[{"taxonomy":"profession","embeddable":true,"href":"https:\/\/www.artisanlocal.ch\/c\/wp-json\/wp\/v2\/profession?post=974"},{"taxonomy":"location","embeddable":true,"href":"https:\/\/www.artisanlocal.ch\/c\/wp-json\/wp\/v2\/location?post=974"},{"taxonomy":"canton","embeddable":true,"href":"https:\/\/www.artisanlocal.ch\/c\/wp-json\/wp\/v2\/canton?post=974"}],"curies":[{"name":"wp","href":"https:\/\/api.w.org\/{rel}","templated":true}]}}