{"id":975,"date":"2024-05-18T06:19:30","date_gmt":"2024-05-18T04:19:30","guid":{"rendered":"https:\/\/www.artisanlocal.ch\/c\/plombier-coppet\/"},"modified":"2025-08-26T19:27:40","modified_gmt":"2025-08-26T17:27:40","slug":"plombier-coppet","status":"publish","type":"page","link":"https:\/\/www.artisanlocal.ch\/c\/plombier-coppet\/","title":{"rendered":"Plombier Coppet"},"content":{"rendered":"<p>Si vous \u00eates un habitant de Coppet, Artisanlocal intervient chez vous en urgence.<\/p>\n\r\n<div class=\"box\">\r\n            <div class=\"company-info\">\r\n            <img decoding=\"async\" class=\"company-info__logo\" src=\"https:\/\/www.artisanlocal.ch\/media\/cache\/thumb\/images\/companies\/69a005ddd1a40665341504.png\" alt=\"Logo\">\r\n            <h2 class=\"company-info__name\">Alessi S\u00e0rl<\/h2>\r\n            <p class=\"company-info__business\">Sanitaire - Chauffage - D\u00e9pannage - Entretien - R\u00e9novation<\/p>\r\n        <\/div>\r\n        <div class=\"company-contact\">\r\n            <p class=\"company-info__address\">Route de Sauverny 6<\/p>\r\n                            <div class=\"links\">\r\n                                            <a class=\"btn has-accent-background-color js-phoneNumber\" href=\"tel:0799692441\" title=\"Appelez\" data-id=\"25836\" data-type=\"11\">079 969 24 41<\/a>\r\n                                                                <a class=\"btn has-accent-background-color\" href=\"https:\/\/alessi-sanitaires.ch\/\" target=\"_blank\" title=\"Voir le site internet\" data-id=\"25836\" data-type=\"20\">Site internet<\/a>\r\n                                    <\/div>\r\n                    <\/div>\r\n    \r\n            \r\n<form action=\"https:\/\/www.artisanlocal.ch\/c\/wp-admin\/admin-ajax.php\" method=\"post\" class=\"form-contact\" id=\"artisan_form_contact_company_inline\">\r\n    <div><input type=\"hidden\" name=\"action\" value=\"company_contact\"><\/div>\r\n    <div><input type=\"hidden\" name=\"nonce\" value=\"09754e6304\"><\/div>\r\n    <div><input type=\"hidden\" name=\"company_id\" value=\"25836\"><\/div>\r\n    <div><input type=\"hidden\" name=\"form_id\" value=\"artisan_form_contact_company_inline\"><\/div>\r\n    <div class=\"gglcptch gglcptch_v3 gglcptch_custom\"><input type=\"hidden\" id=\"g-recaptcha-response\" name=\"g-recaptcha-response\" \/><br \/><div class=\"gglcptch_error_text\">La p\u00e9riode de v\u00e9rification reCAPTCHA a expir\u00e9. Veuillez recharger la page.<\/div><\/div>    <div class=\"form-content\">\r\n        <div class=\"form-group\">\r\n            <label for=\"contact_firstName\" class=\"required\">Pr\u00e9nom<\/label>\r\n            <input type=\"text\" name=\"firstName\" class=\"form-control\" required>\r\n        <\/div>\r\n        <div class=\"form-group\">\r\n            <label for=\"contact_lastName\" class=\"required\">Nom<\/label>\r\n            <input type=\"text\" name=\"lastName\" class=\"form-control\" required>\r\n        <\/div>\r\n        <div class=\"form-group\">\r\n            <label for=\"contact_email\" class=\"required\">Email<\/label>\r\n            <input type=\"email\" name=\"email\" class=\"form-control\" required>\r\n        <\/div>\r\n        <div class=\"form-group\">\r\n            <label for=\"contact_phone\" class=\"required\">Num\u00e9ro de t\u00e9l\u00e9phone<\/label>\r\n            <input type=\"tel\" name=\"phone\" class=\"form-control\" placeholder=\"0787117165\" pattern=\"^[0-9]{10}$\" required>\r\n        <\/div>\r\n        <div class=\"form-group\">\r\n            <label for=\"contact_postalCode\" class=\"required\">Code postal et localit\u00e9<\/label>\r\n            <input type=\"text\" name=\"postalCode\" class=\"form-control\" required>\r\n        <\/div>\r\n        <div class=\"form-group\">\r\n            <label for=\"contact_address\" class=\"required\">Adresse<\/label>\r\n            <input type=\"text\" name=\"address\" class=\"form-control\" required>\r\n        <\/div>\r\n        <div class=\"full-width topic\">\r\n            <p class=\"required\">Je souhaite \u00eatre contact\u00e9 pour :<\/p>\r\n            <div class=\"form-check\">\r\n                <input type=\"radio\" name=\"topic\" value=\"D\u00e9pannage\" class=\"form-control\" required>\r\n                <label for=\"d\u00e9pannage\">D\u00e9pannage<\/label>\r\n            <\/div>\r\n            <div class=\"form-check\">\r\n                <input type=\"radio\" name=\"topic\" value=\"Entretien\" class=\"form-control\" required>\r\n                <label for=\"entretien\">Entretien<\/label>\r\n            <\/div>\r\n            <div class=\"form-check\">\r\n                <input type=\"radio\" name=\"topic\" value=\"R\u00e9novation\" class=\"form-control\" required>\r\n                <label for=\"r\u00e9novation\">R\u00e9novation<\/label>\r\n            <\/div>\r\n            <div class=\"form-check\">\r\n                <input type=\"radio\" name=\"topic\" value=\"Autre\" class=\"form-control\" required>\r\n                <label for=\"autre\">Autre<\/label>\r\n            <\/div>\r\n        <\/div>\r\n        <div class=\"form-group full-width\">\r\n            <label for=\"contact_message\">Message<\/label>\r\n            <textarea name=\"message\" rows=\"3\" class=\"form-control\"><\/textarea>\r\n        <\/div>\r\n    <\/div>\r\n    <div class=\"form-actions\">\r\n        <button class=\"wp-block-button__link has-accent-background-color\">Contacter<\/button>\r\n    <\/div>\r\n<\/form>\r\n<div class=\"form-feedback\"><\/div>    <\/div>\n<h2>Quels sont les avantages de choisir Artisanlocal \u00e0 Coppet ?<\/h2>\n<ul>\n<li>Nos artisans plombiers se d\u00e9placent tous les jours de la semaine et les jours f\u00e9ri\u00e9s.<\/li>\n<li>Nos devis sont sans frais.<\/li>\n<li>Nos plombiers emploient les derni\u00e8res techniques et technologies.<\/li>\n<li>Nous sommes localis\u00e9s \u00e0 Coppet ce qui nous permet d&rsquo;intervenir en urgence \u00e0 votre domicile.<\/li>\n<li>Nous proposons des tarifs comp\u00e9titifs.<\/li>\n<li>Nos artisans plombiers sont assur\u00e9s et exp\u00e9riment\u00e9s.<\/li>\n<li>Nous examinons votre plomberie avant les travaux.<\/li>\n<li>Nous g\u00e9rons tous types de travaux de plomberie.<\/li>\n<\/ul>\n<h2>Les prestations que nous r\u00e9alisons \u00e0 Coppet<\/h2>\n<ul>\n<li>Notre entreprise est sp\u00e9cialis\u00e9e dans la d\u00e9tection des fuites et la r\u00e9paration de vos tuyaux.<\/li>\n<li>Le changement de votre \u00e9quipement sanitaire.<\/li>\n<li>Nos artisans r\u00e9novent tous vos sanitaires.<\/li>\n<li>Les services de plomberie, tel que : l\u2019installation de robinet, \u00e9vier, lavabo et de la tuyauterie.<\/li>\n<li>L&rsquo;installation de chaudi\u00e8res ou de ballons d&rsquo;eau chaude.<\/li>\n<li>Nous accomplissons l&rsquo;assainissement et le d\u00e9bouchage de vos canalisations.<\/li>\n<li>Nous restaurons enti\u00e8rement les salles d&rsquo;eau.<\/li>\n<li>Nous pouvons aussi r\u00e9aliser aussi la vidange de votre fosse septique.<\/li>\n<\/ul>\n<h2>Quel est le fonctionnement d&rsquo;Artisanlocal \u00e0 Coppet ?<\/h2>\n<ol>\n<li>Suite \u00e0 votre demande d&rsquo;informations par email ou t\u00e9l\u00e9phone, un de nos artisans plombiers vous contacte pour analyser l&rsquo;\u00e9tendue de votre probl\u00e8me de plomberie.<\/li>\n<li>Par la suite, nous vous offrons un devis gratuit et d\u00e9taill\u00e9. Avec Artisanlocal, il n&rsquo;y a aucuns frais dissimul\u00e9s, sauf s&rsquo;il y a des travaux importants ou qu&rsquo;il est n\u00e9cessaire de remplacer des pi\u00e8ces de votre plomberie.<\/li>\n<li>Apr\u00e8s votre accord pour le devis, nous conviendrons ensemble d&rsquo;une date d&rsquo;intervention \u00e0 votre foyer.<\/li>\n<\/ol>\n<h2>Prestations de plomberie pour les particuliers \u00e0 Coppet<\/h2>\n<p>En cas de souci avec votre installation sanitaire, il y a un risque que vous contaminiez l&rsquo;eau de votre foyer, ce qui peut mettre votre famille en danger, c&rsquo;est pour cela que le plombier qui intervient \u00e0 votre domicile r\u00e9alise :<\/p>\n<ul>\n<li>La r\u00e9paration de fuites.<\/li>\n<li>Le d\u00e9bouchage et l&rsquo;entretien de vos canalisations.<\/li>\n<li>La r\u00e9vision de votre chauffe-eau.<\/li>\n<li>Le contr\u00f4le de vos tuyaux de canalisations.<\/li>\n<li>La r\u00e9paration de vos tuyaux de canalisations.<\/li>\n<li>Le nettoyage de votre maison apr\u00e8s les d\u00e9g\u00e2ts des eaux.<\/li>\n<\/ul>\n<h2>Plombier pour les entreprises \u00e0 Coppet<\/h2>\n<p>\u00c0 Coppet, il y a des commerces de d\u00e9tail, petites entreprises et restaurants. Une fuite dans un robinet, un reflux dans un tuyau de canalisation ou encore un probl\u00e8me de chauffe-eau sont des probl\u00e8mes fr\u00e9quents qui peuvent r\u00e9duire la productivit\u00e9 de vos employ\u00e9s. Notre soci\u00e9t\u00e9 offre des travaux de plomberie pour votre soci\u00e9t\u00e9 \u00e0 Coppet, comme :<\/p>\n<ul>\n<li>L&rsquo;\u00e9limination des blocages dans vos lavabos et la mise en place d&rsquo;une nouvelle robinetterie.<\/li>\n<li>L&rsquo;inspection par vid\u00e9o et la r\u00e9paration de vos tuyaux.<\/li>\n<li>Le service nettoyage de tuyaux canalisations avec de l&rsquo;eau \u00e0 haute pression (hydrocurage).<\/li>\n<li>La mise en place de nouveaux appareils dans votre syst\u00e8me de plomberie.<\/li>\n<li>L\u2019entretien et la r\u00e9novation de votre bac \u00e0 graisse.<\/li>\n<li>La mise en place, la remise en \u00e9tat et l&rsquo;entretien de votre chauffe-eau ou syst\u00e8me de chauffage.<\/li>\n<li>La r\u00e9novation de votre r\u00e9seau de tuyaux.<\/li>\n<li>Le d\u00e9pannage de vos appareils sanitaires.<\/li>\n<li>La v\u00e9rification de vos canalisations par cam\u00e9ra.<\/li>\n<\/ul>\n<h2>Nettoyage de canalisations en urgence \u00e0 Coppet<\/h2>\n<p>Si vous \u00eates un Cop\u00e9tan, Artisanlocal intervient en urgence pour d\u00e9boucher vos canalisations ou pour r\u00e9soudre vos soucis d&rsquo;\u00e9coulement de vos \u00e9viers, douches ou WC, de plus, nos artisans plombiers op\u00e8rent d\u00e8s que possible sur vos :<\/p>\n<ul>\n<li>\u00c9viers.<\/li>\n<li>Toilettes.<\/li>\n<li>Toitures.<\/li>\n<li>\u00c9gouts.<\/li>\n<li>Tuyauteries. <\/li>\n<\/ul>\n<h2>Service de nettoyage d&rsquo;\u00e9gouts \u00e0 Coppet<\/h2>\n<p>Le syst\u00e8me d&rsquo;\u00e9gouts repr\u00e9sente le c\u0153ur de la plomberie. Il assure l&rsquo;\u00e9vacuation des eaux us\u00e9es des WC, des lavabos et des autres \u00e9quipements sanitaires. Si votre \u00e9gout est plein ou d\u00e9borde, cela peut causer des d\u00e9g\u00e2ts dans votre logement, et compromettre votre s\u00e9curit\u00e9.<\/p>\n<p>L&rsquo;entretien fr\u00e9quent de votre \u00e9gout permet d&rsquo;\u00e9viter la formation de bouchons et les refoulements dans les canalisations. Nos plombiers professionnels \u00e0 Coppet utilisent les derni\u00e8res techniques pour inspecter, \u00e9liminer et r\u00e9tablir l&rsquo;\u00e9coulement des eaux dans vos tuyaux de canalisations.<\/p>\n<p>Artisanlocal change les tuyaux de canalisations de votre syst\u00e8me d&rsquo;\u00e9gout en cas de dommages. Notre \u00e9quipe peut aussi nettoyer en urgence tout dommage provoqu\u00e9 par les eaux us\u00e9es dans votre r\u00e9sidence ou entreprise. Pour \u00e9viter la formation de moisissures, nous s\u00e9chons et d\u00e9shumidifions les zones de votre habitat \u00e0 risques.<\/p>\n<h2>Services de d\u00e9pannage et d&rsquo;installation de chauffe-eau \u00e0 Coppet<\/h2>\n<p>Il n&rsquo;y a que de l&rsquo;eau froide dans votre domicile ? Il se peut que vous ayez des probl\u00e8mes avec votre cumulus. Artisanlocal r\u00e9alise la remise en \u00e9tat de votre chauffe-eau rapidement. Voici les signes qui indiquent des probl\u00e8mes :<\/p>\n<ul>\n<li>La baisse de la pression de l\u2019eau chaude : cela peut-\u00eatre d\u00fb \u00e0 une fuite d&rsquo;eau dans votre chauffe-eau, ou un syst\u00e8me chauffant en panne ou l&rsquo;accumulation de s\u00e9diments au fond de votre r\u00e9servoir.<\/li>\n<li>La pr\u00e9sence d&rsquo;eau \u00e0 proximit\u00e9 de votre chauffe-eau : une flaque d&rsquo;eau \u00e0 la base du cumulus peut-\u00eatre l&rsquo;indication d&rsquo;un probl\u00e8me grave, ou potentiellement d&rsquo;une fissure dans le r\u00e9servoir.<\/li>\n<li>Des bruits bizarres sortent du cumulus : des bruits bizarres peuvent indiquer une accumulation de s\u00e9diments, d\u2019une fuite, ou d&rsquo;un dysfonctionnement de l&rsquo;\u00e9l\u00e9ment chauffant.<\/li>\n<li>La d\u00e9coloration de l&rsquo;eau : c&rsquo;est causer par la pr\u00e9sence de rouille ou d&rsquo;autres substances nocives dans votre cumulus.<\/li>\n<li>Le chauffe-eau marche en continu : si vous constatez que votre cumulus est sans cesse en marche, cela peut \u00eatre d\u00fb \u00e0 un probl\u00e8me.<\/li>\n<\/ul>\n<p>En faisant appel \u00e0 notre soci\u00e9t\u00e9 d\u00e8s le premier signal d&rsquo;alerte, vous pouvez \u00e9viter des r\u00e9parations co\u00fbteuses.<\/p>\n<h2>Prestation de nettoyage apr\u00e8s des d\u00e9g\u00e2ts des eaux<\/h2>\n<p>Nos plombiers ont la capacit\u00e9 de nettoyer votre appartement apr\u00e8s une inondation \u00e0 Coppet, Artisanlocal vous aide, en cas de caves submerg\u00e9es, de ruptures de canalisations, de d\u00e9bordements de toilettes et de baignoires, de fortes pluies, de refoulements d&rsquo;\u00e9gouts et d&rsquo;autres probl\u00e8mes de canalisation li\u00e9s \u00e0 un dommages provoqu\u00e9s par l&rsquo;eau.<\/p>\n<h2>R\u00e9ponses aux interrogations courantes<\/h2>\n<h3>Quel est le co\u00fbt d\u2019un plombier \u00e0 Coppet ?<\/h3>\n<p>Apr\u00e8s analyse de votre probl\u00e8me de plomberie, notre soci\u00e9t\u00e9 vous offre une estimation gratuite. Les montants suivants de nos services sont donn\u00e9s \u00e0 titre indicatif \u00e0 Coppet :<\/p>\n<table border=\"1\">\n<tbody>\n<tr>\n<th>Prestations<\/th>\n<th>Prix CHF<\/th>\n<\/tr>\n<tr>\n<td>Mise en place d\u2019un lavabo<\/td>\n<td>280.00<\/td>\n<\/tr>\n<tr>\n<td>Tarif horaire : installation sanitaire<\/td>\n<td>110.00 \u00e0 129.00<\/td>\n<\/tr>\n<tr>\n<td>Installation et raccordement, d\u2019un siphon \u00e0 un \u00e9vier<\/td>\n<td>70.00<\/td>\n<\/tr>\n<tr>\n<td>Montage meuble de salle de bain<\/td>\n<td>95.00<\/td>\n<\/tr>\n<tr>\n<td>Mise en place et raccord, d\u2019une douche \u00e0 la tuyauterie<\/td>\n<td>86.00<\/td>\n<\/tr>\n<tr>\n<td>Pose d\u2019un r\u00e9servoir de WC<\/td>\n<td>112.00<\/td>\n<\/tr>\n<tr>\n<td>Fixation d\u2019accessoires de salle de bain<\/td>\n<td>60.00<\/td>\n<\/tr>\n<tr>\n<td>Pose d\u2019un WC suspendu<\/td>\n<td>170.00<\/td>\n<\/tr>\n<tr>\n<td>D\u00e9placement du plombier aller-retour<\/td>\n<td>100.00<\/td>\n<\/tr>\n<\/tbody>\n<\/table>\n<h3>Votre entreprise \u00e0 Coppet est ouverte le samedi et le dimanche ?<\/h3>\n<p>Artisanlocal offre un service de plomberie en urgence 24 heures sur 24 et 7 jours sur 7 et les jours f\u00e9ri\u00e9s.<\/p>\n<h3>Les plombiers r\u00e9alisent des interventions \u00e0 Coppet et dans les communes voisines ?<\/h3>\n<p>Nos artisans plombiers se d\u00e9placent \u00e0 Coppet, mais aussi dans les communes aux alentours, comme : Bogis-Bossey, Chavannes-de-Bogis, Chavannes-des-Bois, Versoix, Commugny, Bellevue, Genthod, Mies, Tannay, Founex, C\u00e9ligny.<\/p>\n","protected":false},"excerpt":{"rendered":"<p>Si vous \u00eates un habitant de Coppet, Artisanlocal intervient chez vous en urgence. Quels sont les avantages de choisir Artisanlocal \u00e0 Coppet ? Nos artisans plombiers se d\u00e9placent tous les jours de la semaine et les jours f\u00e9ri\u00e9s. Nos devis sont sans frais. Nos plombiers emploient les derni\u00e8res techniques et technologies. Nous sommes localis\u00e9s \u00e0 [&hellip;]<\/p>\n","protected":false},"author":4,"featured_media":2758,"parent":0,"menu_order":0,"comment_status":"closed","ping_status":"closed","template":"","meta":{"footnotes":""},"profession":[123],"location":[45],"canton":[113],"class_list":["post-975","page","type-page","status-publish","has-post-thumbnail","hentry","profession-sanitaire","location-coppet","canton-vd"],"yoast_head":"<!-- This site is optimized with the Yoast SEO Premium plugin v25.7.1 (Yoast SEO v27.4) - https:\/\/yoast.com\/product\/yoast-seo-premium-wordpress\/ -->\n<title>Plombier Coppet - Artisanlocal<\/title>\n<meta name=\"robots\" content=\"index, follow, max-snippet:-1, max-image-preview:large, max-video-preview:-1\" \/>\n<link rel=\"canonical\" href=\"https:\/\/www.artisanlocal.ch\/c\/plombier-coppet\/\" \/>\n<meta property=\"og:locale\" content=\"fr_FR\" \/>\n<meta property=\"og:type\" content=\"article\" \/>\n<meta property=\"og:title\" content=\"Plombier Coppet\" \/>\n<meta property=\"og:description\" content=\"Si vous \u00eates un habitant de Coppet, Artisanlocal intervient chez vous en urgence. Quels sont les avantages de choisir Artisanlocal \u00e0 Coppet ? Nos artisans plombiers se d\u00e9placent tous les jours de la semaine et les jours f\u00e9ri\u00e9s. Nos devis sont sans frais. Nos plombiers emploient les derni\u00e8res techniques et technologies. Nous sommes localis\u00e9s \u00e0 [&hellip;]\" \/>\n<meta property=\"og:url\" content=\"https:\/\/www.artisanlocal.ch\/c\/plombier-coppet\/\" \/>\n<meta property=\"og:site_name\" content=\"Artisanlocal\" \/>\n<meta property=\"article:modified_time\" content=\"2025-08-26T17:27:40+00:00\" \/>\n<meta property=\"og:image\" content=\"https:\/\/www.artisanlocal.ch\/c\/wp-content\/uploads\/2024\/10\/plombier.jpg\" \/>\n\t<meta property=\"og:image:width\" content=\"1920\" \/>\n\t<meta property=\"og:image:height\" content=\"300\" \/>\n\t<meta property=\"og:image:type\" content=\"image\/jpeg\" \/>\n<meta name=\"twitter:card\" content=\"summary_large_image\" \/>\n<meta name=\"twitter:label1\" content=\"Dur\u00e9e de lecture estim\u00e9e\" \/>\n\t<meta name=\"twitter:data1\" content=\"6 minutes\" \/>\n<script type=\"application\/ld+json\" class=\"yoast-schema-graph\">{\"@context\":\"https:\\\/\\\/schema.org\",\"@graph\":[{\"@type\":\"WebPage\",\"@id\":\"https:\\\/\\\/www.artisanlocal.ch\\\/c\\\/plombier-coppet\\\/\",\"url\":\"https:\\\/\\\/www.artisanlocal.ch\\\/c\\\/plombier-coppet\\\/\",\"name\":\"Plombier Coppet - Artisanlocal\",\"isPartOf\":{\"@id\":\"https:\\\/\\\/www.artisanlocal.ch\\\/c\\\/#website\"},\"primaryImageOfPage\":{\"@id\":\"https:\\\/\\\/www.artisanlocal.ch\\\/c\\\/plombier-coppet\\\/#primaryimage\"},\"image\":{\"@id\":\"https:\\\/\\\/www.artisanlocal.ch\\\/c\\\/plombier-coppet\\\/#primaryimage\"},\"thumbnailUrl\":\"https:\\\/\\\/www.artisanlocal.ch\\\/c\\\/wp-content\\\/uploads\\\/2024\\\/10\\\/plombier.jpg\",\"datePublished\":\"2024-05-18T04:19:30+00:00\",\"dateModified\":\"2025-08-26T17:27:40+00:00\",\"breadcrumb\":{\"@id\":\"https:\\\/\\\/www.artisanlocal.ch\\\/c\\\/plombier-coppet\\\/#breadcrumb\"},\"inLanguage\":\"fr-FR\",\"potentialAction\":[{\"@type\":\"ReadAction\",\"target\":[\"https:\\\/\\\/www.artisanlocal.ch\\\/c\\\/plombier-coppet\\\/\"]}]},{\"@type\":\"ImageObject\",\"inLanguage\":\"fr-FR\",\"@id\":\"https:\\\/\\\/www.artisanlocal.ch\\\/c\\\/plombier-coppet\\\/#primaryimage\",\"url\":\"https:\\\/\\\/www.artisanlocal.ch\\\/c\\\/wp-content\\\/uploads\\\/2024\\\/10\\\/plombier.jpg\",\"contentUrl\":\"https:\\\/\\\/www.artisanlocal.ch\\\/c\\\/wp-content\\\/uploads\\\/2024\\\/10\\\/plombier.jpg\",\"width\":1920,\"height\":300},{\"@type\":\"BreadcrumbList\",\"@id\":\"https:\\\/\\\/www.artisanlocal.ch\\\/c\\\/plombier-coppet\\\/#breadcrumb\",\"itemListElement\":[{\"@type\":\"ListItem\",\"position\":1,\"name\":\"Accueil\",\"item\":\"https:\\\/\\\/www.artisanlocal.ch\\\/c\\\/\"},{\"@type\":\"ListItem\",\"position\":2,\"name\":\"Plombier Coppet\"}]},{\"@type\":\"WebSite\",\"@id\":\"https:\\\/\\\/www.artisanlocal.ch\\\/c\\\/#website\",\"url\":\"https:\\\/\\\/www.artisanlocal.ch\\\/c\\\/\",\"name\":\"Artisanlocal\",\"description\":\"\",\"publisher\":{\"@id\":\"https:\\\/\\\/www.artisanlocal.ch\\\/c\\\/#organization\"},\"potentialAction\":[{\"@type\":\"SearchAction\",\"target\":{\"@type\":\"EntryPoint\",\"urlTemplate\":\"https:\\\/\\\/www.artisanlocal.ch\\\/c\\\/?s={search_term_string}\"},\"query-input\":{\"@type\":\"PropertyValueSpecification\",\"valueRequired\":true,\"valueName\":\"search_term_string\"}}],\"inLanguage\":\"fr-FR\"},{\"@type\":\"Organization\",\"@id\":\"https:\\\/\\\/www.artisanlocal.ch\\\/c\\\/#organization\",\"name\":\"Artisanlocal\",\"url\":\"https:\\\/\\\/www.artisanlocal.ch\\\/c\\\/\",\"logo\":{\"@type\":\"ImageObject\",\"inLanguage\":\"fr-FR\",\"@id\":\"https:\\\/\\\/www.artisanlocal.ch\\\/c\\\/#\\\/schema\\\/logo\\\/image\\\/\",\"url\":\"https:\\\/\\\/www.artisanlocal.ch\\\/c\\\/wp-content\\\/uploads\\\/2024\\\/02\\\/logo-artisanlocal-h.svg\",\"contentUrl\":\"https:\\\/\\\/www.artisanlocal.ch\\\/c\\\/wp-content\\\/uploads\\\/2024\\\/02\\\/logo-artisanlocal-h.svg\",\"caption\":\"Artisanlocal\"},\"image\":{\"@id\":\"https:\\\/\\\/www.artisanlocal.ch\\\/c\\\/#\\\/schema\\\/logo\\\/image\\\/\"}}]}<\/script>\n<!-- \/ Yoast SEO Premium plugin. -->","yoast_head_json":{"title":"Plombier Coppet - Artisanlocal","robots":{"index":"index","follow":"follow","max-snippet":"max-snippet:-1","max-image-preview":"max-image-preview:large","max-video-preview":"max-video-preview:-1"},"canonical":"https:\/\/www.artisanlocal.ch\/c\/plombier-coppet\/","og_locale":"fr_FR","og_type":"article","og_title":"Plombier Coppet","og_description":"Si vous \u00eates un habitant de Coppet, Artisanlocal intervient chez vous en urgence. Quels sont les avantages de choisir Artisanlocal \u00e0 Coppet ? Nos artisans plombiers se d\u00e9placent tous les jours de la semaine et les jours f\u00e9ri\u00e9s. Nos devis sont sans frais. Nos plombiers emploient les derni\u00e8res techniques et technologies. Nous sommes localis\u00e9s \u00e0 [&hellip;]","og_url":"https:\/\/www.artisanlocal.ch\/c\/plombier-coppet\/","og_site_name":"Artisanlocal","article_modified_time":"2025-08-26T17:27:40+00:00","og_image":[{"width":1920,"height":300,"url":"https:\/\/www.artisanlocal.ch\/c\/wp-content\/uploads\/2024\/10\/plombier.jpg","type":"image\/jpeg"}],"twitter_card":"summary_large_image","twitter_misc":{"Dur\u00e9e de lecture estim\u00e9e":"6 minutes"},"schema":{"@context":"https:\/\/schema.org","@graph":[{"@type":"WebPage","@id":"https:\/\/www.artisanlocal.ch\/c\/plombier-coppet\/","url":"https:\/\/www.artisanlocal.ch\/c\/plombier-coppet\/","name":"Plombier Coppet - Artisanlocal","isPartOf":{"@id":"https:\/\/www.artisanlocal.ch\/c\/#website"},"primaryImageOfPage":{"@id":"https:\/\/www.artisanlocal.ch\/c\/plombier-coppet\/#primaryimage"},"image":{"@id":"https:\/\/www.artisanlocal.ch\/c\/plombier-coppet\/#primaryimage"},"thumbnailUrl":"https:\/\/www.artisanlocal.ch\/c\/wp-content\/uploads\/2024\/10\/plombier.jpg","datePublished":"2024-05-18T04:19:30+00:00","dateModified":"2025-08-26T17:27:40+00:00","breadcrumb":{"@id":"https:\/\/www.artisanlocal.ch\/c\/plombier-coppet\/#breadcrumb"},"inLanguage":"fr-FR","potentialAction":[{"@type":"ReadAction","target":["https:\/\/www.artisanlocal.ch\/c\/plombier-coppet\/"]}]},{"@type":"ImageObject","inLanguage":"fr-FR","@id":"https:\/\/www.artisanlocal.ch\/c\/plombier-coppet\/#primaryimage","url":"https:\/\/www.artisanlocal.ch\/c\/wp-content\/uploads\/2024\/10\/plombier.jpg","contentUrl":"https:\/\/www.artisanlocal.ch\/c\/wp-content\/uploads\/2024\/10\/plombier.jpg","width":1920,"height":300},{"@type":"BreadcrumbList","@id":"https:\/\/www.artisanlocal.ch\/c\/plombier-coppet\/#breadcrumb","itemListElement":[{"@type":"ListItem","position":1,"name":"Accueil","item":"https:\/\/www.artisanlocal.ch\/c\/"},{"@type":"ListItem","position":2,"name":"Plombier Coppet"}]},{"@type":"WebSite","@id":"https:\/\/www.artisanlocal.ch\/c\/#website","url":"https:\/\/www.artisanlocal.ch\/c\/","name":"Artisanlocal","description":"","publisher":{"@id":"https:\/\/www.artisanlocal.ch\/c\/#organization"},"potentialAction":[{"@type":"SearchAction","target":{"@type":"EntryPoint","urlTemplate":"https:\/\/www.artisanlocal.ch\/c\/?s={search_term_string}"},"query-input":{"@type":"PropertyValueSpecification","valueRequired":true,"valueName":"search_term_string"}}],"inLanguage":"fr-FR"},{"@type":"Organization","@id":"https:\/\/www.artisanlocal.ch\/c\/#organization","name":"Artisanlocal","url":"https:\/\/www.artisanlocal.ch\/c\/","logo":{"@type":"ImageObject","inLanguage":"fr-FR","@id":"https:\/\/www.artisanlocal.ch\/c\/#\/schema\/logo\/image\/","url":"https:\/\/www.artisanlocal.ch\/c\/wp-content\/uploads\/2024\/02\/logo-artisanlocal-h.svg","contentUrl":"https:\/\/www.artisanlocal.ch\/c\/wp-content\/uploads\/2024\/02\/logo-artisanlocal-h.svg","caption":"Artisanlocal"},"image":{"@id":"https:\/\/www.artisanlocal.ch\/c\/#\/schema\/logo\/image\/"}}]}},"_links":{"self":[{"href":"https:\/\/www.artisanlocal.ch\/c\/wp-json\/wp\/v2\/pages\/975","targetHints":{"allow":["GET"]}}],"collection":[{"href":"https:\/\/www.artisanlocal.ch\/c\/wp-json\/wp\/v2\/pages"}],"about":[{"href":"https:\/\/www.artisanlocal.ch\/c\/wp-json\/wp\/v2\/types\/page"}],"author":[{"embeddable":true,"href":"https:\/\/www.artisanlocal.ch\/c\/wp-json\/wp\/v2\/users\/4"}],"replies":[{"embeddable":true,"href":"https:\/\/www.artisanlocal.ch\/c\/wp-json\/wp\/v2\/comments?post=975"}],"version-history":[{"count":0,"href":"https:\/\/www.artisanlocal.ch\/c\/wp-json\/wp\/v2\/pages\/975\/revisions"}],"wp:featuredmedia":[{"embeddable":true,"href":"https:\/\/www.artisanlocal.ch\/c\/wp-json\/wp\/v2\/media\/2758"}],"wp:attachment":[{"href":"https:\/\/www.artisanlocal.ch\/c\/wp-json\/wp\/v2\/media?parent=975"}],"wp:term":[{"taxonomy":"profession","embeddable":true,"href":"https:\/\/www.artisanlocal.ch\/c\/wp-json\/wp\/v2\/profession?post=975"},{"taxonomy":"location","embeddable":true,"href":"https:\/\/www.artisanlocal.ch\/c\/wp-json\/wp\/v2\/location?post=975"},{"taxonomy":"canton","embeddable":true,"href":"https:\/\/www.artisanlocal.ch\/c\/wp-json\/wp\/v2\/canton?post=975"}],"curies":[{"name":"wp","href":"https:\/\/api.w.org\/{rel}","templated":true}]}}