{"id":976,"date":"2024-05-19T11:45:32","date_gmt":"2024-05-19T09:45:32","guid":{"rendered":"https:\/\/www.artisanlocal.ch\/c\/plombier-cossonay-ville\/"},"modified":"2025-08-26T19:27:08","modified_gmt":"2025-08-26T17:27:08","slug":"plombier-cossonay-ville","status":"publish","type":"page","link":"https:\/\/www.artisanlocal.ch\/c\/plombier-cossonay-ville\/","title":{"rendered":"Plombier Cossonay-Ville"},"content":{"rendered":"<p>Si vous \u00eates un Cossonay-Villesan, Artisanlocal se d\u00e9place chez vous rapidement.<\/p>\n\r\n<div class=\"box\">\r\n    <h2 class=\"text-dark\">Nous cherchons un <em class=\"text-primary\">Sanitaire<\/em> dans la r\u00e9gion de <em class=\"text-primary\">Cossonay-Ville<\/em>  en exclusivit\u00e9, afin de proposer vos services \u00e0 nos clients propri\u00e9taires.<\/h2>\r\n    <p>Une opportunit\u00e9 unique pour booster votre activit\u00e9 \u00e0 <strong>Cossonay-Ville<\/strong> et aux alentours dans votre domaine (Sanitaire).<\/p>\r\n    <p>Nous travaillons en exclusivit\u00e9 avec qu'une soci\u00e9t\u00e9 par m\u00e9tier et par r\u00e9gion. <br>Votre entreprise est pr\u00e9sente sur tous les documents immobiliers. Afin d'\u00eatre mieux vu sur le net, vous \u00eates \u00e9galement visible sur nos deux sites et sur les pages de r\u00e9f\u00e9rencement de votre r\u00e9gion.<\/p>\r\n    <a href=\"\/contact\" class=\"wp-block-button__link has-accent-background-color has-text-align-center wp-element-button\">R\u00e9server<\/a>\r\n<\/div>\n<h2>Pourquoi faire appel \u00e0 Artisanlocal \u00e0 Cossonay-Ville ?<\/h2>\n<ul>\n<li>Nos artisans plombiers sont disponibles tous les jours de la semaine.<\/li>\n<li>Nos devis sont sans frais.<\/li>\n<li>Nous employons les derni\u00e8res techniques de pointes.<\/li>\n<li>Notre soci\u00e9t\u00e9 est \u00e9tabli \u00e0 Cossonay-Ville ce qui nous permet d&rsquo;intervenir rapidement \u00e0 votre foyer.<\/li>\n<li>Nos prix sont comp\u00e9titifs.<\/li>\n<li>Tous nos plombiers sont qualifi\u00e9s.<\/li>\n<li>Avant toute intervention, nous contr\u00f4lons votre installation de plomberie.<\/li>\n<li>Nous g\u00e9rons tous les travaux de plomberie possibles.<\/li>\n<\/ul>\n<h2>Quels sont les services propos\u00e9s par Artisanlocal ?<\/h2>\n<ul>\n<li>Nous proposons la d\u00e9tection des fuites et la r\u00e9paration de vos tuyauteries.<\/li>\n<li>Le changement de votre installation sanitaire.<\/li>\n<li>La restauration de votre sanitaire.<\/li>\n<li>Nous r\u00e9alisons tous vos travaux de plomberie tels que l&rsquo;installation des : robinets, \u00e9viers, lavabos et tuyauteries.<\/li>\n<li>Nous posons les chaudi\u00e8res et les chauffes-eau.<\/li>\n<li>L\u2019assainissement et le d\u00e9bouchage de vos canalisations.<\/li>\n<li>La r\u00e9novation totale de votre salle de bain.<\/li>\n<li>Nous pouvons aussi r\u00e9aliser aussi la vidange de votre fosse septique.<\/li>\n<\/ul>\n<h2>Quel est le fonctionnement d&rsquo;Artisanlocal \u00e0 Cossonay-Ville ?<\/h2>\n<ol>\n<li>Suite \u00e0 votre demande d&rsquo;informations par t\u00e9l\u00e9phone ou mail, un de nos plombiers vous contacte pour analyser l&rsquo;\u00e9tendue de votre probl\u00e8me.<\/li>\n<li>Par la suite, nous vous fournissons un devis gratuit et d\u00e9taill\u00e9. Avec notre soci\u00e9t\u00e9, il n&rsquo;y a pas de frais cach\u00e9s, sauf s&rsquo;il y a des travaux importants ou que vous avez besoin de remplacer des pi\u00e8ces de votre syst\u00e8me de plomberie.<\/li>\n<li>Apr\u00e8s votre accord pour l&rsquo;estimation, nous conviendrons ensemble du jour de l&rsquo;intervention \u00e0 votre domicile.<\/li>\n<\/ol>\n<h2>Entreprise de plomberie pour les particuliers \u00e0 Cossonay-Ville<\/h2>\n<p>En cas de probl\u00e8me avec votre plomberie, il y a un risque que vous contaminiez l&rsquo;eau de votre foyer, ce qui peut entra\u00eener un danger pour votre famille, c\u2019est la raison pour laquelle l&rsquo;artisan qui se d\u00e9place chez vous effectue :<\/p>\n<ul>\n<li>La r\u00e9paration de fuites.<\/li>\n<li>Le nettoyage et le d\u00e9bouchage de vos canalisations.<\/li>\n<li>La maintenance de votre chauffe-eau.<\/li>\n<li>L\u2019Inspection de vos tuyaux de canalisations.<\/li>\n<li>La r\u00e9novation de vos tuyaux de canalisations.<\/li>\n<li>La remise en \u00e9tat apr\u00e8s un d\u00e9g\u00e2t des eaux.<\/li>\n<\/ul>\n<h2>Plombier pour les entreprises \u00e0 Cossonay-Ville<\/h2>\n<p>\u00c0 Cossonay-Ville, il y a des soci\u00e9t\u00e9s, commerces de d\u00e9tail et restaurants. Les robinets qui fuient, les tuyaux de canalisations qui refoulent et les chauffe-eau qui fonctionnent mal sont des probl\u00e8mes qui peuvent provoquer une baisse de productivit\u00e9 de vos salari\u00e9s ou encore d\u00e9t\u00e9riorer vos locaux. Notre soci\u00e9t\u00e9 propose des travaux de plomberie pour votre entreprise \u00e0 Cossonay-Ville, comme :<\/p>\n<ul>\n<li>L&rsquo;\u00e9limination des blocages dans vos lavabos et la pose de nouveaux robinets.<\/li>\n<li>L\u2019inspection et la r\u00e9paration de vos tuyaux.<\/li>\n<li>Le service nettoyage de tuyaux canalisations avec de l&rsquo;eau \u00e0 haute pression (hydrocurage).<\/li>\n<li>La mise en place de nouveaux dispositifs de plomberie.<\/li>\n<li>Le nettoyage, le changement ou la remise en \u00e9tat de bac \u00e0 graisse.<\/li>\n<li>L\u2019installation, l\u2019entretien et la r\u00e9paration de votre chauffage ou chauffe-eau.<\/li>\n<li>La r\u00e9paration de votre r\u00e9seau de tuyaux.<\/li>\n<li>Le service de d\u00e9pannage de vos installations sanitaires.<\/li>\n<li>L&rsquo;examen de vos tuyaux par cam\u00e9ra vid\u00e9o.<\/li>\n<\/ul>\n<h2>Nettoyage de votre tuyauterie en urgence \u00e0 Cossonay-Ville<\/h2>\n<p>Nos plombiers artisans nettoient vos canalisations \u00e0 Cossonay-Ville en urgence dans le but de vous \u00e9viter des difficult\u00e9s d\u2019\u00e9coulement de vos eaux us\u00e9es, des remont\u00e9es de mauvaises odeurs ou encore du d\u00e9bordement de vos toilettes, \u00e9viers ou baignoires, d&rsquo;autre part, nos artisans op\u00e8rent d\u00e8s que possible sur vos :<\/p>\n<ul>\n<li>\u00c9viers.<\/li>\n<li>WC.<\/li>\n<li>Toits (goutti\u00e8res).<\/li>\n<li>Syst\u00e8mes d&rsquo;\u00e9gouts.<\/li>\n<li>Tuyauteries. <\/li>\n<\/ul>\n<h2>Nettoyage et entretien des r\u00e9seaux d&rsquo;\u00e9gouts \u00e0 Cossonay-Ville<\/h2>\n<p>Les \u00e9gouts sont le syst\u00e8me principal de la plomberie. Il assure l&rsquo;\u00e9vacuation des eaux us\u00e9es des \u00e9viers, des toilettes et des autres syst\u00e8mes sanitaires. Si votre \u00e9gout est bouch\u00e9 ou que l&rsquo;eau remonte, cela peut occasionner des dommages dans votre logement, et vous mettre en danger.<\/p>\n<p>Le nettoyage fr\u00e9quent de votre \u00e9gout permet d&rsquo;\u00e9viter les refoulements dans les canalisations et la formation de bouchons. Nos artisans plombiers \u00e0 Cossonay-Ville emploient les derni\u00e8res technologies pour \u00e9liminer, inspecter et r\u00e9tablir le bon \u00e9coulement des eaux dans vos canalisations.<\/p>\n<p>Artisanlocal remplace les canalisations de votre syst\u00e8me d&rsquo;\u00e9gout en cas de d\u00e9g\u00e2ts. Notre entreprise peut aussi nettoyer rapidement tout dommage caus\u00e9 par les eaux us\u00e9es dans votre r\u00e9sidence ou entreprise. Nous s\u00e9chons et d\u00e9shumidifions les zones touch\u00e9es afin de minimiser les dangers de d\u00e9veloppement de moisissures.<\/p>\n<h2>Installations et r\u00e9parations de chauffe-eau<\/h2>\n<p>Il n&rsquo;y a que de l&rsquo;eau froide dans votre logement ? Votre cumulus peut avoir des soucis techniques. Artisanlocal effectue la remise en \u00e9tat de votre chauffe-eau en urgence. Voici les signes qui montrent des probl\u00e8mes :<\/p>\n<ul>\n<li>La diminution du d\u00e9bit de l\u2019eau chaude : vous avez potentiellement une fuite d&rsquo;eau dans votre cumulus, ou un \u00e9l\u00e9ment chauffant qui ne fonctionne pas ou la pr\u00e9sence de s\u00e9diments dans votre r\u00e9servoir.<\/li>\n<li>La pr\u00e9sence d&rsquo;eau autour de votre cumulus : la pr\u00e9sence d&rsquo;eau \u00e0 la base du cumulus peut signaler une panne, ou potentiellement d&rsquo;un trou dans le chauffe-eau.<\/li>\n<li>Des bruits \u00e9tranges proviennent du chauffe-eau : des bruits bizarres peuvent indiquer un d\u00e9p\u00f4t de s\u00e9diments, d\u2019une fuite, ou d&rsquo;une panne de l&rsquo;\u00e9l\u00e9ment chauffant.<\/li>\n<li>La d\u00e9coloration de l&rsquo;eau : c&rsquo;est causer par la pr\u00e9sence de substances nocives et de rouille dans votre chauffe-eau.<\/li>\n<li>Le chauffe-eau reste en marche : si vous remarquez que votre cumulus marche tout le temps, c&rsquo;est peut-\u00eatre que votre chauffe-eau \u00e0 un probl\u00e8me.<\/li>\n<\/ul>\n<p>En faisant appel \u00e0 un professionnel comme Artisanlocal d\u00e8s le premier signal d&rsquo;alerte, vous pouvez \u00e9viter des r\u00e9parations hors de prix.<\/p>\n<h2>Nettoyage apr\u00e8s un d\u00e9g\u00e2t des eaux<\/h2>\n<p>Nos plombiers ont la capacit\u00e9 de nettoyer votre habitat apr\u00e8s un d\u00e9g\u00e2t des eaux \u00e0 Cossonay-Ville, Artisanlocal vous assiste, en cas de caves inond\u00e9es, de fortes pr\u00e9cipitations, de ruptures de canalisations, de refoulements d&rsquo;\u00e9gouts, et de d\u00e9bordements de baignoires et de w.c. Et d&rsquo;autres soucis de canalisation li\u00e9s \u00e0 un dommages provoqu\u00e9s par l&rsquo;eau.<\/p>\n<h2>FAQ<\/h2>\n<h3>Quel est le co\u00fbt d\u2019un plombier \u00e0 Cossonay-Ville ?<\/h3>\n<p>Apr\u00e8s analyse de votre probl\u00e8me de plomberie, notre soci\u00e9t\u00e9 vous offre une estimation gratuite. Les prix de nos services sont donn\u00e9s \u00e0 titre indicatif \u00e0 Cossonay-Ville :<\/p>\n<table border=\"1\">\n<tbody>\n<tr>\n<th>Services<\/th>\n<th>Prix CHF<\/th>\n<\/tr>\n<tr>\n<td>Installation d\u2019un lavabo<\/td>\n<td>280.00<\/td>\n<\/tr>\n<tr>\n<td>Tarif horaire : installation sanitaire<\/td>\n<td>110.00 \u00e0 129.00<\/td>\n<\/tr>\n<tr>\n<td>Pose et raccord, d\u2019un siphon \u00e0 un \u00e9vier<\/td>\n<td>70.00<\/td>\n<\/tr>\n<tr>\n<td>Montage meuble de salle d&rsquo;eau<\/td>\n<td>95.00<\/td>\n<\/tr>\n<tr>\n<td>Mise en place et raccordement, d\u2019une douche \u00e0 la tuyauterie<\/td>\n<td>86.00<\/td>\n<\/tr>\n<tr>\n<td>Pose d\u2019un r\u00e9servoir ind\u00e9pendant de WC<\/td>\n<td>112.00<\/td>\n<\/tr>\n<tr>\n<td>Fixation d\u2019accessoires de salle de bain<\/td>\n<td>60.00<\/td>\n<\/tr>\n<tr>\n<td>Pose d\u2019un toilette suspendu<\/td>\n<td>170.00<\/td>\n<\/tr>\n<tr>\n<td>D\u00e9placement du plombier aller-retour<\/td>\n<td>100.00<\/td>\n<\/tr>\n<\/tbody>\n<\/table>\n<h3>Votre soci\u00e9t\u00e9 de plomberie \u00e0 Cossonay-Ville est ouverte le dimanche et le samedi ?<\/h3>\n<p>Notre service de plomberie est joignable 24h\/24, 7j\/7 et m\u00eame les jours f\u00e9ri\u00e9s.<\/p>\n<h3>Nos artisans plombiers interviennent \u00e0 Cossonay-Ville et dans les localit\u00e9s alentours ?<\/h3>\n<p>Nos plombiers se d\u00e9placent \u00e0 Cossonay-Ville, mais aussi dans les communes aux environs, comme : Mex VD, Boussens, Bournens, Sullens, Bettens, Cottens VD, Grancy, Gollion, S\u00e9very, Pampigny, Montricher, Chavannes-le-Veyron, Cuarnens, L'Isle, La Coudre, Villars-Bozon, Mauraz, Moiry VD, Mont-la-Ville, Vufflens-la-Ville, Penthaz, Allens, Dizy, Senarclens, Penthalaz, Daillens, Lussery-Villars, La Chaux (Cossonay), Ecl\u00e9pens, Ferreyres, La Sarraz, Chevilly, Orny, Pompaples.<\/p>\n","protected":false},"excerpt":{"rendered":"<p>Si vous \u00eates un Cossonay-Villesan, Artisanlocal se d\u00e9place chez vous rapidement. Pourquoi faire appel \u00e0 Artisanlocal \u00e0 Cossonay-Ville ? Nos artisans plombiers sont disponibles tous les jours de la semaine. Nos devis sont sans frais. Nous employons les derni\u00e8res techniques de pointes. Notre soci\u00e9t\u00e9 est \u00e9tabli \u00e0 Cossonay-Ville ce qui nous permet d&rsquo;intervenir rapidement \u00e0 [&hellip;]<\/p>\n","protected":false},"author":4,"featured_media":2758,"parent":0,"menu_order":0,"comment_status":"closed","ping_status":"closed","template":"","meta":{"footnotes":""},"profession":[123],"location":[116],"canton":[113],"class_list":["post-976","page","type-page","status-publish","has-post-thumbnail","hentry","profession-sanitaire","location-cossonay-ville","canton-vd"],"yoast_head":"<!-- This site is optimized with the Yoast SEO Premium plugin v25.7.1 (Yoast SEO v27.4) - https:\/\/yoast.com\/product\/yoast-seo-premium-wordpress\/ -->\n<title>Plombier Cossonay-Ville - Artisanlocal<\/title>\n<meta name=\"robots\" content=\"index, follow, max-snippet:-1, max-image-preview:large, max-video-preview:-1\" \/>\n<link rel=\"canonical\" href=\"https:\/\/www.artisanlocal.ch\/c\/plombier-cossonay-ville\/\" \/>\n<meta property=\"og:locale\" content=\"fr_FR\" \/>\n<meta property=\"og:type\" content=\"article\" \/>\n<meta property=\"og:title\" content=\"Plombier Cossonay-Ville\" \/>\n<meta property=\"og:description\" content=\"Si vous \u00eates un Cossonay-Villesan, Artisanlocal se d\u00e9place chez vous rapidement. Pourquoi faire appel \u00e0 Artisanlocal \u00e0 Cossonay-Ville ? Nos artisans plombiers sont disponibles tous les jours de la semaine. Nos devis sont sans frais. Nous employons les derni\u00e8res techniques de pointes. Notre soci\u00e9t\u00e9 est \u00e9tabli \u00e0 Cossonay-Ville ce qui nous permet d&rsquo;intervenir rapidement \u00e0 [&hellip;]\" \/>\n<meta property=\"og:url\" content=\"https:\/\/www.artisanlocal.ch\/c\/plombier-cossonay-ville\/\" \/>\n<meta property=\"og:site_name\" content=\"Artisanlocal\" \/>\n<meta property=\"article:modified_time\" content=\"2025-08-26T17:27:08+00:00\" \/>\n<meta property=\"og:image\" content=\"https:\/\/www.artisanlocal.ch\/c\/wp-content\/uploads\/2024\/10\/plombier.jpg\" \/>\n\t<meta property=\"og:image:width\" content=\"1920\" \/>\n\t<meta property=\"og:image:height\" content=\"300\" \/>\n\t<meta property=\"og:image:type\" content=\"image\/jpeg\" \/>\n<meta name=\"twitter:card\" content=\"summary_large_image\" \/>\n<meta name=\"twitter:label1\" content=\"Dur\u00e9e de lecture estim\u00e9e\" \/>\n\t<meta name=\"twitter:data1\" content=\"6 minutes\" \/>\n<script type=\"application\/ld+json\" class=\"yoast-schema-graph\">{\"@context\":\"https:\\\/\\\/schema.org\",\"@graph\":[{\"@type\":\"WebPage\",\"@id\":\"https:\\\/\\\/www.artisanlocal.ch\\\/c\\\/plombier-cossonay-ville\\\/\",\"url\":\"https:\\\/\\\/www.artisanlocal.ch\\\/c\\\/plombier-cossonay-ville\\\/\",\"name\":\"Plombier Cossonay-Ville - Artisanlocal\",\"isPartOf\":{\"@id\":\"https:\\\/\\\/www.artisanlocal.ch\\\/c\\\/#website\"},\"primaryImageOfPage\":{\"@id\":\"https:\\\/\\\/www.artisanlocal.ch\\\/c\\\/plombier-cossonay-ville\\\/#primaryimage\"},\"image\":{\"@id\":\"https:\\\/\\\/www.artisanlocal.ch\\\/c\\\/plombier-cossonay-ville\\\/#primaryimage\"},\"thumbnailUrl\":\"https:\\\/\\\/www.artisanlocal.ch\\\/c\\\/wp-content\\\/uploads\\\/2024\\\/10\\\/plombier.jpg\",\"datePublished\":\"2024-05-19T09:45:32+00:00\",\"dateModified\":\"2025-08-26T17:27:08+00:00\",\"breadcrumb\":{\"@id\":\"https:\\\/\\\/www.artisanlocal.ch\\\/c\\\/plombier-cossonay-ville\\\/#breadcrumb\"},\"inLanguage\":\"fr-FR\",\"potentialAction\":[{\"@type\":\"ReadAction\",\"target\":[\"https:\\\/\\\/www.artisanlocal.ch\\\/c\\\/plombier-cossonay-ville\\\/\"]}]},{\"@type\":\"ImageObject\",\"inLanguage\":\"fr-FR\",\"@id\":\"https:\\\/\\\/www.artisanlocal.ch\\\/c\\\/plombier-cossonay-ville\\\/#primaryimage\",\"url\":\"https:\\\/\\\/www.artisanlocal.ch\\\/c\\\/wp-content\\\/uploads\\\/2024\\\/10\\\/plombier.jpg\",\"contentUrl\":\"https:\\\/\\\/www.artisanlocal.ch\\\/c\\\/wp-content\\\/uploads\\\/2024\\\/10\\\/plombier.jpg\",\"width\":1920,\"height\":300},{\"@type\":\"BreadcrumbList\",\"@id\":\"https:\\\/\\\/www.artisanlocal.ch\\\/c\\\/plombier-cossonay-ville\\\/#breadcrumb\",\"itemListElement\":[{\"@type\":\"ListItem\",\"position\":1,\"name\":\"Accueil\",\"item\":\"https:\\\/\\\/www.artisanlocal.ch\\\/c\\\/\"},{\"@type\":\"ListItem\",\"position\":2,\"name\":\"Plombier Cossonay-Ville\"}]},{\"@type\":\"WebSite\",\"@id\":\"https:\\\/\\\/www.artisanlocal.ch\\\/c\\\/#website\",\"url\":\"https:\\\/\\\/www.artisanlocal.ch\\\/c\\\/\",\"name\":\"Artisanlocal\",\"description\":\"\",\"publisher\":{\"@id\":\"https:\\\/\\\/www.artisanlocal.ch\\\/c\\\/#organization\"},\"potentialAction\":[{\"@type\":\"SearchAction\",\"target\":{\"@type\":\"EntryPoint\",\"urlTemplate\":\"https:\\\/\\\/www.artisanlocal.ch\\\/c\\\/?s={search_term_string}\"},\"query-input\":{\"@type\":\"PropertyValueSpecification\",\"valueRequired\":true,\"valueName\":\"search_term_string\"}}],\"inLanguage\":\"fr-FR\"},{\"@type\":\"Organization\",\"@id\":\"https:\\\/\\\/www.artisanlocal.ch\\\/c\\\/#organization\",\"name\":\"Artisanlocal\",\"url\":\"https:\\\/\\\/www.artisanlocal.ch\\\/c\\\/\",\"logo\":{\"@type\":\"ImageObject\",\"inLanguage\":\"fr-FR\",\"@id\":\"https:\\\/\\\/www.artisanlocal.ch\\\/c\\\/#\\\/schema\\\/logo\\\/image\\\/\",\"url\":\"https:\\\/\\\/www.artisanlocal.ch\\\/c\\\/wp-content\\\/uploads\\\/2024\\\/02\\\/logo-artisanlocal-h.svg\",\"contentUrl\":\"https:\\\/\\\/www.artisanlocal.ch\\\/c\\\/wp-content\\\/uploads\\\/2024\\\/02\\\/logo-artisanlocal-h.svg\",\"caption\":\"Artisanlocal\"},\"image\":{\"@id\":\"https:\\\/\\\/www.artisanlocal.ch\\\/c\\\/#\\\/schema\\\/logo\\\/image\\\/\"}}]}<\/script>\n<!-- \/ Yoast SEO Premium plugin. -->","yoast_head_json":{"title":"Plombier Cossonay-Ville - Artisanlocal","robots":{"index":"index","follow":"follow","max-snippet":"max-snippet:-1","max-image-preview":"max-image-preview:large","max-video-preview":"max-video-preview:-1"},"canonical":"https:\/\/www.artisanlocal.ch\/c\/plombier-cossonay-ville\/","og_locale":"fr_FR","og_type":"article","og_title":"Plombier Cossonay-Ville","og_description":"Si vous \u00eates un Cossonay-Villesan, Artisanlocal se d\u00e9place chez vous rapidement. Pourquoi faire appel \u00e0 Artisanlocal \u00e0 Cossonay-Ville ? Nos artisans plombiers sont disponibles tous les jours de la semaine. Nos devis sont sans frais. Nous employons les derni\u00e8res techniques de pointes. Notre soci\u00e9t\u00e9 est \u00e9tabli \u00e0 Cossonay-Ville ce qui nous permet d&rsquo;intervenir rapidement \u00e0 [&hellip;]","og_url":"https:\/\/www.artisanlocal.ch\/c\/plombier-cossonay-ville\/","og_site_name":"Artisanlocal","article_modified_time":"2025-08-26T17:27:08+00:00","og_image":[{"width":1920,"height":300,"url":"https:\/\/www.artisanlocal.ch\/c\/wp-content\/uploads\/2024\/10\/plombier.jpg","type":"image\/jpeg"}],"twitter_card":"summary_large_image","twitter_misc":{"Dur\u00e9e de lecture estim\u00e9e":"6 minutes"},"schema":{"@context":"https:\/\/schema.org","@graph":[{"@type":"WebPage","@id":"https:\/\/www.artisanlocal.ch\/c\/plombier-cossonay-ville\/","url":"https:\/\/www.artisanlocal.ch\/c\/plombier-cossonay-ville\/","name":"Plombier Cossonay-Ville - Artisanlocal","isPartOf":{"@id":"https:\/\/www.artisanlocal.ch\/c\/#website"},"primaryImageOfPage":{"@id":"https:\/\/www.artisanlocal.ch\/c\/plombier-cossonay-ville\/#primaryimage"},"image":{"@id":"https:\/\/www.artisanlocal.ch\/c\/plombier-cossonay-ville\/#primaryimage"},"thumbnailUrl":"https:\/\/www.artisanlocal.ch\/c\/wp-content\/uploads\/2024\/10\/plombier.jpg","datePublished":"2024-05-19T09:45:32+00:00","dateModified":"2025-08-26T17:27:08+00:00","breadcrumb":{"@id":"https:\/\/www.artisanlocal.ch\/c\/plombier-cossonay-ville\/#breadcrumb"},"inLanguage":"fr-FR","potentialAction":[{"@type":"ReadAction","target":["https:\/\/www.artisanlocal.ch\/c\/plombier-cossonay-ville\/"]}]},{"@type":"ImageObject","inLanguage":"fr-FR","@id":"https:\/\/www.artisanlocal.ch\/c\/plombier-cossonay-ville\/#primaryimage","url":"https:\/\/www.artisanlocal.ch\/c\/wp-content\/uploads\/2024\/10\/plombier.jpg","contentUrl":"https:\/\/www.artisanlocal.ch\/c\/wp-content\/uploads\/2024\/10\/plombier.jpg","width":1920,"height":300},{"@type":"BreadcrumbList","@id":"https:\/\/www.artisanlocal.ch\/c\/plombier-cossonay-ville\/#breadcrumb","itemListElement":[{"@type":"ListItem","position":1,"name":"Accueil","item":"https:\/\/www.artisanlocal.ch\/c\/"},{"@type":"ListItem","position":2,"name":"Plombier Cossonay-Ville"}]},{"@type":"WebSite","@id":"https:\/\/www.artisanlocal.ch\/c\/#website","url":"https:\/\/www.artisanlocal.ch\/c\/","name":"Artisanlocal","description":"","publisher":{"@id":"https:\/\/www.artisanlocal.ch\/c\/#organization"},"potentialAction":[{"@type":"SearchAction","target":{"@type":"EntryPoint","urlTemplate":"https:\/\/www.artisanlocal.ch\/c\/?s={search_term_string}"},"query-input":{"@type":"PropertyValueSpecification","valueRequired":true,"valueName":"search_term_string"}}],"inLanguage":"fr-FR"},{"@type":"Organization","@id":"https:\/\/www.artisanlocal.ch\/c\/#organization","name":"Artisanlocal","url":"https:\/\/www.artisanlocal.ch\/c\/","logo":{"@type":"ImageObject","inLanguage":"fr-FR","@id":"https:\/\/www.artisanlocal.ch\/c\/#\/schema\/logo\/image\/","url":"https:\/\/www.artisanlocal.ch\/c\/wp-content\/uploads\/2024\/02\/logo-artisanlocal-h.svg","contentUrl":"https:\/\/www.artisanlocal.ch\/c\/wp-content\/uploads\/2024\/02\/logo-artisanlocal-h.svg","caption":"Artisanlocal"},"image":{"@id":"https:\/\/www.artisanlocal.ch\/c\/#\/schema\/logo\/image\/"}}]}},"_links":{"self":[{"href":"https:\/\/www.artisanlocal.ch\/c\/wp-json\/wp\/v2\/pages\/976","targetHints":{"allow":["GET"]}}],"collection":[{"href":"https:\/\/www.artisanlocal.ch\/c\/wp-json\/wp\/v2\/pages"}],"about":[{"href":"https:\/\/www.artisanlocal.ch\/c\/wp-json\/wp\/v2\/types\/page"}],"author":[{"embeddable":true,"href":"https:\/\/www.artisanlocal.ch\/c\/wp-json\/wp\/v2\/users\/4"}],"replies":[{"embeddable":true,"href":"https:\/\/www.artisanlocal.ch\/c\/wp-json\/wp\/v2\/comments?post=976"}],"version-history":[{"count":0,"href":"https:\/\/www.artisanlocal.ch\/c\/wp-json\/wp\/v2\/pages\/976\/revisions"}],"wp:featuredmedia":[{"embeddable":true,"href":"https:\/\/www.artisanlocal.ch\/c\/wp-json\/wp\/v2\/media\/2758"}],"wp:attachment":[{"href":"https:\/\/www.artisanlocal.ch\/c\/wp-json\/wp\/v2\/media?parent=976"}],"wp:term":[{"taxonomy":"profession","embeddable":true,"href":"https:\/\/www.artisanlocal.ch\/c\/wp-json\/wp\/v2\/profession?post=976"},{"taxonomy":"location","embeddable":true,"href":"https:\/\/www.artisanlocal.ch\/c\/wp-json\/wp\/v2\/location?post=976"},{"taxonomy":"canton","embeddable":true,"href":"https:\/\/www.artisanlocal.ch\/c\/wp-json\/wp\/v2\/canton?post=976"}],"curies":[{"name":"wp","href":"https:\/\/api.w.org\/{rel}","templated":true}]}}