{"id":977,"date":"2024-05-18T13:28:06","date_gmt":"2024-05-18T11:28:06","guid":{"rendered":"https:\/\/www.artisanlocal.ch\/c\/plombier-a-echallens\/"},"modified":"2025-08-26T19:27:34","modified_gmt":"2025-08-26T17:27:34","slug":"plombier-a-echallens","status":"publish","type":"page","link":"https:\/\/www.artisanlocal.ch\/c\/plombier-a-echallens\/","title":{"rendered":"Plombier \u00e0 Echallens"},"content":{"rendered":"<p>Si vous \u00eates un habitant de Echallens, en cas d&rsquo;urgence, nos artisans plombiers se d\u00e9placent \u00e0 votre domicile.<\/p>\n\r\n<div class=\"box\">\r\n            <div class=\"company-info\">\r\n            <img decoding=\"async\" class=\"company-info__logo\" src=\"https:\/\/www.artisanlocal.ch\/media\/cache\/thumb\/images\/companies\/66d867429f678967824514.png\" alt=\"Logo\">\r\n            <h2 class=\"company-info__name\">Houriet Sanitaire<\/h2>\r\n            <p class=\"company-info__business\">Sanitaire - Chauffage - R\u00e9novation et transformation - D\u00e9pannage 7\/7 - Entretien installation - D\u00e9bouchage et curage - Pompes \u00e0 chaleur - Chauffage au sol - Chaudi\u00e8re \u00e0 pellets\/bois<\/p>\r\n        <\/div>\r\n        <div class=\"company-contact\">\r\n            <p class=\"company-info__address\">Route du Battoir 1<\/p>\r\n                            <div class=\"links\">\r\n                                            <a class=\"btn has-accent-background-color js-phoneNumber\" href=\"tel:0218877575\" title=\"Appelez\" data-id=\"25249\" data-type=\"11\">021 887 75 75<\/a>\r\n                                                                <a class=\"btn has-accent-background-color\" href=\"https:\/\/houriet-sanitaire.ch\/\" target=\"_blank\" title=\"Voir le site internet\" data-id=\"25249\" data-type=\"20\">Site internet<\/a>\r\n                                    <\/div>\r\n                    <\/div>\r\n    \r\n            \r\n<form action=\"https:\/\/www.artisanlocal.ch\/c\/wp-admin\/admin-ajax.php\" method=\"post\" class=\"form-contact\" id=\"artisan_form_contact_company_inline\">\r\n    <div><input type=\"hidden\" name=\"action\" value=\"company_contact\"><\/div>\r\n    <div><input type=\"hidden\" name=\"nonce\" value=\"1046d5a4e8\"><\/div>\r\n    <div><input type=\"hidden\" name=\"company_id\" value=\"25249\"><\/div>\r\n    <div><input type=\"hidden\" name=\"form_id\" value=\"artisan_form_contact_company_inline\"><\/div>\r\n    <div class=\"gglcptch gglcptch_v3 gglcptch_custom\"><input type=\"hidden\" id=\"g-recaptcha-response\" name=\"g-recaptcha-response\" \/><br \/><div class=\"gglcptch_error_text\">La p\u00e9riode de v\u00e9rification reCAPTCHA a expir\u00e9. Veuillez recharger la page.<\/div><\/div>    <div class=\"form-content\">\r\n        <div class=\"form-group\">\r\n            <label for=\"contact_firstName\" class=\"required\">Pr\u00e9nom<\/label>\r\n            <input type=\"text\" name=\"firstName\" class=\"form-control\" required>\r\n        <\/div>\r\n        <div class=\"form-group\">\r\n            <label for=\"contact_lastName\" class=\"required\">Nom<\/label>\r\n            <input type=\"text\" name=\"lastName\" class=\"form-control\" required>\r\n        <\/div>\r\n        <div class=\"form-group\">\r\n            <label for=\"contact_email\" class=\"required\">Email<\/label>\r\n            <input type=\"email\" name=\"email\" class=\"form-control\" required>\r\n        <\/div>\r\n        <div class=\"form-group\">\r\n            <label for=\"contact_phone\" class=\"required\">Num\u00e9ro de t\u00e9l\u00e9phone<\/label>\r\n            <input type=\"tel\" name=\"phone\" class=\"form-control\" placeholder=\"0787117165\" pattern=\"^[0-9]{10}$\" required>\r\n        <\/div>\r\n        <div class=\"form-group\">\r\n            <label for=\"contact_postalCode\" class=\"required\">Code postal et localit\u00e9<\/label>\r\n            <input type=\"text\" name=\"postalCode\" class=\"form-control\" required>\r\n        <\/div>\r\n        <div class=\"form-group\">\r\n            <label for=\"contact_address\" class=\"required\">Adresse<\/label>\r\n            <input type=\"text\" name=\"address\" class=\"form-control\" required>\r\n        <\/div>\r\n        <div class=\"full-width topic\">\r\n            <p class=\"required\">Je souhaite \u00eatre contact\u00e9 pour :<\/p>\r\n            <div class=\"form-check\">\r\n                <input type=\"radio\" name=\"topic\" value=\"D\u00e9pannage\" class=\"form-control\" required>\r\n                <label for=\"d\u00e9pannage\">D\u00e9pannage<\/label>\r\n            <\/div>\r\n            <div class=\"form-check\">\r\n                <input type=\"radio\" name=\"topic\" value=\"Entretien\" class=\"form-control\" required>\r\n                <label for=\"entretien\">Entretien<\/label>\r\n            <\/div>\r\n            <div class=\"form-check\">\r\n                <input type=\"radio\" name=\"topic\" value=\"R\u00e9novation\" class=\"form-control\" required>\r\n                <label for=\"r\u00e9novation\">R\u00e9novation<\/label>\r\n            <\/div>\r\n            <div class=\"form-check\">\r\n                <input type=\"radio\" name=\"topic\" value=\"Autre\" class=\"form-control\" required>\r\n                <label for=\"autre\">Autre<\/label>\r\n            <\/div>\r\n        <\/div>\r\n        <div class=\"form-group full-width\">\r\n            <label for=\"contact_message\">Message<\/label>\r\n            <textarea name=\"message\" rows=\"3\" class=\"form-control\"><\/textarea>\r\n        <\/div>\r\n    <\/div>\r\n    <div class=\"form-actions\">\r\n        <button class=\"wp-block-button__link has-accent-background-color\">Contacter<\/button>\r\n    <\/div>\r\n<\/form>\r\n<div class=\"form-feedback\"><\/div>    <\/div>\n<h2>Quels sont les avantages de choisir Artisanlocal \u00e0 Echallens ?<\/h2>\n<ul>\n<li>Nos plombiers se d\u00e9placent tous les jours et les jours f\u00e9ri\u00e9s.<\/li>\n<li>Nos devis sont gratuits.<\/li>\n<li>Nous employons les derni\u00e8res m\u00e9thodes.<\/li>\n<li>Nous sommes situ\u00e9s \u00e0 Echallens ce qui nous permet d&rsquo;intervenir en urgence \u00e0 votre domicile.<\/li>\n<li>Nous proposons des tarifs comp\u00e9titifs.<\/li>\n<li>Tous nos plombiers sont qualifi\u00e9s et poss\u00e8dent les comp\u00e9tences n\u00e9cessaires.<\/li>\n<li>Nous contr\u00f4lons votre plomberie avant les travaux.<\/li>\n<li>Nous r\u00e9alisons tous types de travaux de plomberie.<\/li>\n<\/ul>\n<h2>Quels sont les services propos\u00e9s par Artisanlocal ?<\/h2>\n<ul>\n<li>Nous sommes sp\u00e9cialis\u00e9s dans la d\u00e9tection des fuites et la r\u00e9paration de vos tuyaux.<\/li>\n<li>Nos artisans plombiers changent vos \u00e9quipements sanitaires.<\/li>\n<li>Nos artisans r\u00e9novent tous vos \u00e9quipements sanitaires.<\/li>\n<li>Les travaux de plomberie, pour : l\u2019installation de robinet, \u00e9vier, lavabo et de la tuyauterie.<\/li>\n<li>Nous installons les chauffes-eau et les chaudi\u00e8res.<\/li>\n<li>L\u2019assainissement et le d\u00e9bouchage de vos canalisations.<\/li>\n<li>Nous r\u00e9novons int\u00e9gralement les salles de bain.<\/li>\n<li>Nous pouvons aussi r\u00e9aliser aussi la vidange de votre fosse septique.<\/li>\n<\/ul>\n<h2>Comment fonctionne Artisanlocal ?<\/h2>\n<ol>\n<li>Suite \u00e0 votre demande d&rsquo;informations par t\u00e9l\u00e9phone ou mail, un de nos plombiers vous contacte pour \u00e9tudier l&rsquo;\u00e9tendue de votre probl\u00e8me.<\/li>\n<li>Ensuite, nous vous donnons un devis d\u00e9taill\u00e9 et gratuit. Vous ne r\u00e8glerez aucuns frais additionnels, sauf si vous ayez besoin de pi\u00e8ces de remplacement ou de gros travaux.<\/li>\n<li>Une fois que vous avez valid\u00e9 notre devis, notre artisan d\u00e9termine avec vous le jour de l&rsquo;intervention.<\/li>\n<\/ol>\n<h2>Services de plomberie pour les particuliers \u00e0 Echallens<\/h2>\n<p>En cas de souci avec votre plomberie, il y a un risque que vous contaminiez l&rsquo;eau de votre foyer, ce qui peut mettre votre famille en danger, c\u2019est la raison pour laquelle le plombier qui se d\u00e9place \u00e0 votre domicile effectue :<\/p>\n<ul>\n<li>La r\u00e9paration de fuites.<\/li>\n<li>Le d\u00e9bouchage et l&rsquo;entretien de vos canalisations.<\/li>\n<li>L\u2019entretien de votre chauffe-eau.<\/li>\n<li>Le contr\u00f4le de vos canalisations.<\/li>\n<li>La r\u00e9novation de vos tuyaux de canalisations.<\/li>\n<li>Le nettoyage de votre propri\u00e9t\u00e9 apr\u00e8s les d\u00e9g\u00e2ts des eaux.<\/li>\n<\/ul>\n<h2>Plombier pour les entreprises \u00e0 Echallens<\/h2>\n<p>\u00c0 Echallens, il y a des soci\u00e9t\u00e9s, commerces de d\u00e9tail et restaurants. Les robinets qui coulent, les tuyaux de canalisations qui refoulent et les chauffe-eau qui fonctionnent mal sont des probl\u00e8mes qui peuvent provoquer une perte de productivit\u00e9 ou encore endommager vos locaux. Notre entreprise propose des prestations de plomberie pour votre soci\u00e9t\u00e9 \u00e0 Echallens, comme :<\/p>\n<ul>\n<li>Le d\u00e9gorgement de vos \u00e9viers et le changement de vos mitigeurs de cuisine.<\/li>\n<li>L\u2019inspection et la remise en \u00e9tat de vos tuyaux.<\/li>\n<li>Le nettoyage par jet d&rsquo;eau de vos canalisations.<\/li>\n<li>La pose de nouveaux dispositifs dans votre installation de plomberie.<\/li>\n<li>Le nettoyage, le changement ou la remise en \u00e9tat de bac d\u00e9graisseur.<\/li>\n<li>La mise en place, l\u2019entretien et la r\u00e9paration de votre chauffage ou chauffe-eau.<\/li>\n<li>La r\u00e9novation de votre tuyauterie.<\/li>\n<li>Le service de d\u00e9pannage de vos installations sanitaires.<\/li>\n<li>L&rsquo;examen de vos tuyaux par cam\u00e9ra vid\u00e9o.<\/li>\n<\/ul>\n<h2>Entretien de votre tuyauterie en urgence \u00e0 Echallens<\/h2>\n<p>Nos artisans nettoient vos canalisations \u00e0 Echallens en urgence pour vous pr\u00e9server des probl\u00e8mes d\u2019\u00e9coulement de vos eaux us\u00e9es, des remont\u00e9es d\u2019odeurs d\u00e9sagr\u00e9ables ou encore du d\u00e9bordement de vos baignoires, toilettes ou \u00e9viers, d&rsquo;autre part, nos artisans plombiers interviennent en urgence pour vos :<\/p>\n<ul>\n<li>Lavabos.<\/li>\n<li>WC.<\/li>\n<li>Toitures.<\/li>\n<li>\u00c9gouts.<\/li>\n<li>Canalisations. <\/li>\n<\/ul>\n<h2>Service de nettoyage d&rsquo;\u00e9gouts \u00e0 Echallens<\/h2>\n<p>Les \u00e9gouts constituent le syst\u00e8me principal de la plomberie. Il \u00e9vacue les eaux us\u00e9es des toilettes, des \u00e9viers et des autres syst\u00e8mes sanitaires. Si votre \u00e9gout est plein ou d\u00e9borde, cela peut d\u00e9grader votre r\u00e9sidence, et vous mettre en danger.<\/p>\n<p>Le nettoyage fr\u00e9quent permet d&rsquo;\u00e9viter les refoulements et la formation de bouchons. Nos plombiers \u00e0 Echallens combinent les technologies de pointes et les techniques standards pour \u00e9liminer, inspecter et restaurer l&rsquo;\u00e9coulement des eaux us\u00e9es dans vos tuyaux de canalisations.<\/p>\n<p>Notre soci\u00e9t\u00e9 remplace les canalisations de vos \u00e9gouts en cas de dommage important. Notre \u00e9quipe offre aussi le nettoyage de votre soci\u00e9t\u00e9 ou de votre appartement \u00e0 la suite d&rsquo;un dommage caus\u00e9 par l&rsquo;eau. Pour \u00e9viter la formation de moisissures, nous d\u00e9shumidifions et s\u00e9chons les zones \u00e0 risques.<\/p>\n<h2>Services de d\u00e9pannage et de mise en place de chauffe-eau \u00e0 Echallens<\/h2>\n<p>Vous n&rsquo;avez que de l\u2019eau froide dans vos tuyaux ? Il est probable que vous ayez des soucis de chauffe-eau. Notre soci\u00e9t\u00e9 r\u00e9alise la r\u00e9paration de votre chauffe-eau rapidement. Voici les indices qui montrent des soucis :<\/p>\n<ul>\n<li>Un faible d\u00e9bit d&rsquo;eau chaude : vous avez potentiellement une fuite dans votre chauffe-eau, ou un \u00e9l\u00e9ment chauffant qui ne fonctionne pas ou la pr\u00e9sence de s\u00e9diments dans votre r\u00e9servoir.<\/li>\n<li>De l&rsquo;eau autour de votre chauffe-eau : la pr\u00e9sence d&rsquo;humidit\u00e9 au pied du cumulus peut signaler une panne, ou possiblement d&rsquo;un trou dans le r\u00e9servoir.<\/li>\n<li>Des bruits \u00e9tranges sortent du cumulus : des bruits \u00e9tranges peuvent r\u00e9v\u00e9ler un d\u00e9p\u00f4t de s\u00e9diments, une d\u00e9faillance de l&rsquo;\u00e9l\u00e9ment chauffant ou d\u2019une fuite d&rsquo;eau.<\/li>\n<li>La d\u00e9coloration de l&rsquo;eau : cela peut \u00eatre d\u00fb \u00e0 la rouille ou \u00e0 d&rsquo;autres contaminants pr\u00e9sents dans le cumulus.<\/li>\n<li>Le cumulus reste en fonctionnement : si vous constatez que votre cumulus est tout le temps en marche, cela peut \u00eatre d\u00fb \u00e0 un probl\u00e8me.<\/li>\n<\/ul>\n<p>En faisant appel \u00e0 Artisanlocal au premier signe d\u2019alerte, il est possible d&rsquo;\u00e9viter des co\u00fbts importants pour vos r\u00e9parations.<\/p>\n<h2>Services de nettoyage apr\u00e8s un d\u00e9g\u00e2t des eaux<\/h2>\n<p>Nos plombiers peuvent nettoyer votre appartement apr\u00e8s un d\u00e9g\u00e2t des eaux \u00e0 Echallens, nos plombiers sont disponibles pour vous aider en cas de caves inond\u00e9es, de ruptures de canalisations, de d\u00e9bordements de toilettes et de baignoires, d&rsquo;importantes pr\u00e9cipitations, de refoulements d&rsquo;\u00e9gouts et d&rsquo;autres probl\u00e8mes de canalisation qui peuvent provoquer des dommages.<\/p>\n<h2>Questions souvent pos\u00e9es<\/h2>\n<h3>Quel montant pour faire intervenir un plombier \u00e0 Echallens ?<\/h3>\n<p>Apr\u00e8s avoir \u00e9valu\u00e9 votre souci de tuyauterie, les plombiers professionnels d&rsquo;Artisanlocal calculent le prix des travaux. Les prix de nos services sont fournis \u00e0 titre indicatif \u00e0 Echallens :<\/p>\n<table border=\"1\">\n<tbody>\n<tr>\n<th>Services<\/th>\n<th>Prix CHF<\/th>\n<\/tr>\n<tr>\n<td>Mise en place d\u2019un lavabo<\/td>\n<td>280.00<\/td>\n<\/tr>\n<tr>\n<td>Taux horaire : pose sanitaire<\/td>\n<td>110.00 \u00e0 129.00<\/td>\n<\/tr>\n<tr>\n<td>Mise en place et raccord, d\u2019un siphon \u00e0 un lavabo<\/td>\n<td>70.00<\/td>\n<\/tr>\n<tr>\n<td>Assemblage meuble de salle de bain<\/td>\n<td>95.00<\/td>\n<\/tr>\n<tr>\n<td>Mise en place et raccord, d\u2019une douche \u00e0 la robinetterie<\/td>\n<td>86.00<\/td>\n<\/tr>\n<tr>\n<td>Mise en place d\u2019un r\u00e9servoir ind\u00e9pendant de toilette<\/td>\n<td>112.00<\/td>\n<\/tr>\n<tr>\n<td>Pose d\u2019accessoires de salle d&rsquo;eau<\/td>\n<td>60.00<\/td>\n<\/tr>\n<tr>\n<td>Mise en place d\u2019un WC suspendu<\/td>\n<td>170.00<\/td>\n<\/tr>\n<tr>\n<td>D\u00e9placement du plombier aller-retour<\/td>\n<td>100.00<\/td>\n<\/tr>\n<\/tbody>\n<\/table>\n<h3>La soci\u00e9t\u00e9 Artisanlocal est-elle ouverte les dimanches et samedis ?<\/h3>\n<p>Notre prestation de plomberie est disponible 24h\/24, 7j\/7 et m\u00eame durant les jours f\u00e9ri\u00e9s.<\/p>\n<h3>Les plombiers d&rsquo;Artisanlocal r\u00e9alisent des interventions \u00e0 Echallens et dans les villes proches ?<\/h3>\n<p>Oui, les plombiers de notre soci\u00e9t\u00e9 interviennent \u00e0 Echallens, mais aussi dans les villes \u00e0 proximit\u00e9, comme : Etagni\u00e8res, Bercher, St-Barth\u00e9lemy VD, Villars-le-Terroir, Bottens, Poliez-Pittet, Dommartin, Naz, Poliez-le-Grand, Montaubion-Chardonney, Assens, Bioley-Orjulaz, Sugnens, Fey, Rueyres, Villars-Tiercelin, Penth\u00e9r\u00e9az, Eclagnens, Goumoens-la-Ville, Goumoens-le-Jux, Oulens-sous-Echallens, Pailly, Vuarrens.<\/p>\n","protected":false},"excerpt":{"rendered":"<p>Si vous \u00eates un habitant de Echallens, en cas d&rsquo;urgence, nos artisans plombiers se d\u00e9placent \u00e0 votre domicile. Quels sont les avantages de choisir Artisanlocal \u00e0 Echallens ? Nos plombiers se d\u00e9placent tous les jours et les jours f\u00e9ri\u00e9s. Nos devis sont gratuits. Nous employons les derni\u00e8res m\u00e9thodes. Nous sommes situ\u00e9s \u00e0 Echallens ce qui [&hellip;]<\/p>\n","protected":false},"author":4,"featured_media":2758,"parent":0,"menu_order":0,"comment_status":"closed","ping_status":"closed","template":"","meta":{"footnotes":""},"profession":[123],"location":[57],"canton":[113],"class_list":["post-977","page","type-page","status-publish","has-post-thumbnail","hentry","profession-sanitaire","location-echallens","canton-vd"],"yoast_head":"<!-- This site is optimized with the Yoast SEO Premium plugin v25.7.1 (Yoast SEO v27.4) - https:\/\/yoast.com\/product\/yoast-seo-premium-wordpress\/ -->\n<title>Plombier \u00e0 Echallens - Artisanlocal<\/title>\n<meta name=\"robots\" content=\"index, follow, max-snippet:-1, max-image-preview:large, max-video-preview:-1\" \/>\n<link rel=\"canonical\" href=\"https:\/\/www.artisanlocal.ch\/c\/plombier-a-echallens\/\" \/>\n<meta property=\"og:locale\" content=\"fr_FR\" \/>\n<meta property=\"og:type\" content=\"article\" \/>\n<meta property=\"og:title\" content=\"Plombier \u00e0 Echallens\" \/>\n<meta property=\"og:description\" content=\"Si vous \u00eates un habitant de Echallens, en cas d&rsquo;urgence, nos artisans plombiers se d\u00e9placent \u00e0 votre domicile. Quels sont les avantages de choisir Artisanlocal \u00e0 Echallens ? Nos plombiers se d\u00e9placent tous les jours et les jours f\u00e9ri\u00e9s. Nos devis sont gratuits. Nous employons les derni\u00e8res m\u00e9thodes. Nous sommes situ\u00e9s \u00e0 Echallens ce qui [&hellip;]\" \/>\n<meta property=\"og:url\" content=\"https:\/\/www.artisanlocal.ch\/c\/plombier-a-echallens\/\" \/>\n<meta property=\"og:site_name\" content=\"Artisanlocal\" \/>\n<meta property=\"article:modified_time\" content=\"2025-08-26T17:27:34+00:00\" \/>\n<meta property=\"og:image\" content=\"https:\/\/www.artisanlocal.ch\/c\/wp-content\/uploads\/2024\/10\/plombier.jpg\" \/>\n\t<meta property=\"og:image:width\" content=\"1920\" \/>\n\t<meta property=\"og:image:height\" content=\"300\" \/>\n\t<meta property=\"og:image:type\" content=\"image\/jpeg\" \/>\n<meta name=\"twitter:card\" content=\"summary_large_image\" \/>\n<meta name=\"twitter:label1\" content=\"Dur\u00e9e de lecture estim\u00e9e\" \/>\n\t<meta name=\"twitter:data1\" content=\"6 minutes\" \/>\n<script type=\"application\/ld+json\" class=\"yoast-schema-graph\">{\"@context\":\"https:\\\/\\\/schema.org\",\"@graph\":[{\"@type\":\"WebPage\",\"@id\":\"https:\\\/\\\/www.artisanlocal.ch\\\/c\\\/plombier-a-echallens\\\/\",\"url\":\"https:\\\/\\\/www.artisanlocal.ch\\\/c\\\/plombier-a-echallens\\\/\",\"name\":\"Plombier \u00e0 Echallens - Artisanlocal\",\"isPartOf\":{\"@id\":\"https:\\\/\\\/www.artisanlocal.ch\\\/c\\\/#website\"},\"primaryImageOfPage\":{\"@id\":\"https:\\\/\\\/www.artisanlocal.ch\\\/c\\\/plombier-a-echallens\\\/#primaryimage\"},\"image\":{\"@id\":\"https:\\\/\\\/www.artisanlocal.ch\\\/c\\\/plombier-a-echallens\\\/#primaryimage\"},\"thumbnailUrl\":\"https:\\\/\\\/www.artisanlocal.ch\\\/c\\\/wp-content\\\/uploads\\\/2024\\\/10\\\/plombier.jpg\",\"datePublished\":\"2024-05-18T11:28:06+00:00\",\"dateModified\":\"2025-08-26T17:27:34+00:00\",\"breadcrumb\":{\"@id\":\"https:\\\/\\\/www.artisanlocal.ch\\\/c\\\/plombier-a-echallens\\\/#breadcrumb\"},\"inLanguage\":\"fr-FR\",\"potentialAction\":[{\"@type\":\"ReadAction\",\"target\":[\"https:\\\/\\\/www.artisanlocal.ch\\\/c\\\/plombier-a-echallens\\\/\"]}]},{\"@type\":\"ImageObject\",\"inLanguage\":\"fr-FR\",\"@id\":\"https:\\\/\\\/www.artisanlocal.ch\\\/c\\\/plombier-a-echallens\\\/#primaryimage\",\"url\":\"https:\\\/\\\/www.artisanlocal.ch\\\/c\\\/wp-content\\\/uploads\\\/2024\\\/10\\\/plombier.jpg\",\"contentUrl\":\"https:\\\/\\\/www.artisanlocal.ch\\\/c\\\/wp-content\\\/uploads\\\/2024\\\/10\\\/plombier.jpg\",\"width\":1920,\"height\":300},{\"@type\":\"BreadcrumbList\",\"@id\":\"https:\\\/\\\/www.artisanlocal.ch\\\/c\\\/plombier-a-echallens\\\/#breadcrumb\",\"itemListElement\":[{\"@type\":\"ListItem\",\"position\":1,\"name\":\"Accueil\",\"item\":\"https:\\\/\\\/www.artisanlocal.ch\\\/c\\\/\"},{\"@type\":\"ListItem\",\"position\":2,\"name\":\"Plombier \u00e0 Echallens\"}]},{\"@type\":\"WebSite\",\"@id\":\"https:\\\/\\\/www.artisanlocal.ch\\\/c\\\/#website\",\"url\":\"https:\\\/\\\/www.artisanlocal.ch\\\/c\\\/\",\"name\":\"Artisanlocal\",\"description\":\"\",\"publisher\":{\"@id\":\"https:\\\/\\\/www.artisanlocal.ch\\\/c\\\/#organization\"},\"potentialAction\":[{\"@type\":\"SearchAction\",\"target\":{\"@type\":\"EntryPoint\",\"urlTemplate\":\"https:\\\/\\\/www.artisanlocal.ch\\\/c\\\/?s={search_term_string}\"},\"query-input\":{\"@type\":\"PropertyValueSpecification\",\"valueRequired\":true,\"valueName\":\"search_term_string\"}}],\"inLanguage\":\"fr-FR\"},{\"@type\":\"Organization\",\"@id\":\"https:\\\/\\\/www.artisanlocal.ch\\\/c\\\/#organization\",\"name\":\"Artisanlocal\",\"url\":\"https:\\\/\\\/www.artisanlocal.ch\\\/c\\\/\",\"logo\":{\"@type\":\"ImageObject\",\"inLanguage\":\"fr-FR\",\"@id\":\"https:\\\/\\\/www.artisanlocal.ch\\\/c\\\/#\\\/schema\\\/logo\\\/image\\\/\",\"url\":\"https:\\\/\\\/www.artisanlocal.ch\\\/c\\\/wp-content\\\/uploads\\\/2024\\\/02\\\/logo-artisanlocal-h.svg\",\"contentUrl\":\"https:\\\/\\\/www.artisanlocal.ch\\\/c\\\/wp-content\\\/uploads\\\/2024\\\/02\\\/logo-artisanlocal-h.svg\",\"caption\":\"Artisanlocal\"},\"image\":{\"@id\":\"https:\\\/\\\/www.artisanlocal.ch\\\/c\\\/#\\\/schema\\\/logo\\\/image\\\/\"}}]}<\/script>\n<!-- \/ Yoast SEO Premium plugin. -->","yoast_head_json":{"title":"Plombier \u00e0 Echallens - Artisanlocal","robots":{"index":"index","follow":"follow","max-snippet":"max-snippet:-1","max-image-preview":"max-image-preview:large","max-video-preview":"max-video-preview:-1"},"canonical":"https:\/\/www.artisanlocal.ch\/c\/plombier-a-echallens\/","og_locale":"fr_FR","og_type":"article","og_title":"Plombier \u00e0 Echallens","og_description":"Si vous \u00eates un habitant de Echallens, en cas d&rsquo;urgence, nos artisans plombiers se d\u00e9placent \u00e0 votre domicile. Quels sont les avantages de choisir Artisanlocal \u00e0 Echallens ? Nos plombiers se d\u00e9placent tous les jours et les jours f\u00e9ri\u00e9s. Nos devis sont gratuits. Nous employons les derni\u00e8res m\u00e9thodes. Nous sommes situ\u00e9s \u00e0 Echallens ce qui [&hellip;]","og_url":"https:\/\/www.artisanlocal.ch\/c\/plombier-a-echallens\/","og_site_name":"Artisanlocal","article_modified_time":"2025-08-26T17:27:34+00:00","og_image":[{"width":1920,"height":300,"url":"https:\/\/www.artisanlocal.ch\/c\/wp-content\/uploads\/2024\/10\/plombier.jpg","type":"image\/jpeg"}],"twitter_card":"summary_large_image","twitter_misc":{"Dur\u00e9e de lecture estim\u00e9e":"6 minutes"},"schema":{"@context":"https:\/\/schema.org","@graph":[{"@type":"WebPage","@id":"https:\/\/www.artisanlocal.ch\/c\/plombier-a-echallens\/","url":"https:\/\/www.artisanlocal.ch\/c\/plombier-a-echallens\/","name":"Plombier \u00e0 Echallens - Artisanlocal","isPartOf":{"@id":"https:\/\/www.artisanlocal.ch\/c\/#website"},"primaryImageOfPage":{"@id":"https:\/\/www.artisanlocal.ch\/c\/plombier-a-echallens\/#primaryimage"},"image":{"@id":"https:\/\/www.artisanlocal.ch\/c\/plombier-a-echallens\/#primaryimage"},"thumbnailUrl":"https:\/\/www.artisanlocal.ch\/c\/wp-content\/uploads\/2024\/10\/plombier.jpg","datePublished":"2024-05-18T11:28:06+00:00","dateModified":"2025-08-26T17:27:34+00:00","breadcrumb":{"@id":"https:\/\/www.artisanlocal.ch\/c\/plombier-a-echallens\/#breadcrumb"},"inLanguage":"fr-FR","potentialAction":[{"@type":"ReadAction","target":["https:\/\/www.artisanlocal.ch\/c\/plombier-a-echallens\/"]}]},{"@type":"ImageObject","inLanguage":"fr-FR","@id":"https:\/\/www.artisanlocal.ch\/c\/plombier-a-echallens\/#primaryimage","url":"https:\/\/www.artisanlocal.ch\/c\/wp-content\/uploads\/2024\/10\/plombier.jpg","contentUrl":"https:\/\/www.artisanlocal.ch\/c\/wp-content\/uploads\/2024\/10\/plombier.jpg","width":1920,"height":300},{"@type":"BreadcrumbList","@id":"https:\/\/www.artisanlocal.ch\/c\/plombier-a-echallens\/#breadcrumb","itemListElement":[{"@type":"ListItem","position":1,"name":"Accueil","item":"https:\/\/www.artisanlocal.ch\/c\/"},{"@type":"ListItem","position":2,"name":"Plombier \u00e0 Echallens"}]},{"@type":"WebSite","@id":"https:\/\/www.artisanlocal.ch\/c\/#website","url":"https:\/\/www.artisanlocal.ch\/c\/","name":"Artisanlocal","description":"","publisher":{"@id":"https:\/\/www.artisanlocal.ch\/c\/#organization"},"potentialAction":[{"@type":"SearchAction","target":{"@type":"EntryPoint","urlTemplate":"https:\/\/www.artisanlocal.ch\/c\/?s={search_term_string}"},"query-input":{"@type":"PropertyValueSpecification","valueRequired":true,"valueName":"search_term_string"}}],"inLanguage":"fr-FR"},{"@type":"Organization","@id":"https:\/\/www.artisanlocal.ch\/c\/#organization","name":"Artisanlocal","url":"https:\/\/www.artisanlocal.ch\/c\/","logo":{"@type":"ImageObject","inLanguage":"fr-FR","@id":"https:\/\/www.artisanlocal.ch\/c\/#\/schema\/logo\/image\/","url":"https:\/\/www.artisanlocal.ch\/c\/wp-content\/uploads\/2024\/02\/logo-artisanlocal-h.svg","contentUrl":"https:\/\/www.artisanlocal.ch\/c\/wp-content\/uploads\/2024\/02\/logo-artisanlocal-h.svg","caption":"Artisanlocal"},"image":{"@id":"https:\/\/www.artisanlocal.ch\/c\/#\/schema\/logo\/image\/"}}]}},"_links":{"self":[{"href":"https:\/\/www.artisanlocal.ch\/c\/wp-json\/wp\/v2\/pages\/977","targetHints":{"allow":["GET"]}}],"collection":[{"href":"https:\/\/www.artisanlocal.ch\/c\/wp-json\/wp\/v2\/pages"}],"about":[{"href":"https:\/\/www.artisanlocal.ch\/c\/wp-json\/wp\/v2\/types\/page"}],"author":[{"embeddable":true,"href":"https:\/\/www.artisanlocal.ch\/c\/wp-json\/wp\/v2\/users\/4"}],"replies":[{"embeddable":true,"href":"https:\/\/www.artisanlocal.ch\/c\/wp-json\/wp\/v2\/comments?post=977"}],"version-history":[{"count":0,"href":"https:\/\/www.artisanlocal.ch\/c\/wp-json\/wp\/v2\/pages\/977\/revisions"}],"wp:featuredmedia":[{"embeddable":true,"href":"https:\/\/www.artisanlocal.ch\/c\/wp-json\/wp\/v2\/media\/2758"}],"wp:attachment":[{"href":"https:\/\/www.artisanlocal.ch\/c\/wp-json\/wp\/v2\/media?parent=977"}],"wp:term":[{"taxonomy":"profession","embeddable":true,"href":"https:\/\/www.artisanlocal.ch\/c\/wp-json\/wp\/v2\/profession?post=977"},{"taxonomy":"location","embeddable":true,"href":"https:\/\/www.artisanlocal.ch\/c\/wp-json\/wp\/v2\/location?post=977"},{"taxonomy":"canton","embeddable":true,"href":"https:\/\/www.artisanlocal.ch\/c\/wp-json\/wp\/v2\/canton?post=977"}],"curies":[{"name":"wp","href":"https:\/\/api.w.org\/{rel}","templated":true}]}}