{"id":978,"date":"2024-05-18T23:16:16","date_gmt":"2024-05-18T21:16:16","guid":{"rendered":"https:\/\/www.artisanlocal.ch\/c\/plombier-a-lausanne\/"},"modified":"2025-08-26T19:27:23","modified_gmt":"2025-08-26T17:27:23","slug":"plombier-a-lausanne","status":"publish","type":"page","link":"https:\/\/www.artisanlocal.ch\/c\/plombier-a-lausanne\/","title":{"rendered":"Plombier \u00e0 Lausanne"},"content":{"rendered":"<p>Si vous \u00eates domicili\u00e9 \u00e0 Lausanne, nos plombiers professionnels se d\u00e9placent \u00e0 votre logement.<\/p>\n\r\n<div class=\"company-partners\">\r\n    <h3>Nos soci\u00e9t\u00e9s<\/h3>\r\n    <ul>\r\n                    <li>\r\n                <p class=\"company-partners__name\">\r\n                    <a href=\"https:\/\/www.artisanlocal.ch\/c\/plombier-a-lausanne\/?geo=Est\" target=\"_blank\" class=\"has-accent-color\" title=\"Voir les coordonn\u00e9es de notre partenaire\">DF Sanitaire SA<\/a>\r\n                <\/p>\r\n                <p class=\"company-partners__address\">1092 Belmont-sur-Lausanne<\/p>\r\n            <\/li>\r\n                    <li>\r\n                <p class=\"company-partners__name\">\r\n                    <a href=\"https:\/\/www.artisanlocal.ch\/c\/plombier-a-lausanne\/?geo=Sud\" target=\"_blank\" class=\"has-accent-color\" title=\"Voir les coordonn\u00e9es de notre partenaire\">FJ Sanitaire S\u00e0rl<\/a>\r\n                <\/p>\r\n                <p class=\"company-partners__address\">1045 Ogens<\/p>\r\n            <\/li>\r\n                    <li>\r\n                <p class=\"company-partners__name\">\r\n                    <a href=\"https:\/\/www.artisanlocal.ch\/c\/plombier-a-lausanne\/?geo=Ouest\" target=\"_blank\" class=\"has-accent-color\" title=\"Voir les coordonn\u00e9es de notre partenaire\">Inter-Sanitaire S\u00e0rl<\/a>\r\n                <\/p>\r\n                <p class=\"company-partners__address\">1053 Bretigny-Morrens<\/p>\r\n            <\/li>\r\n                    <li>\r\n                <p class=\"company-partners__name\">\r\n                    <a href=\"https:\/\/www.artisanlocal.ch\/c\/plombier-a-lausanne\/?geo=Nord\" target=\"_blank\" class=\"has-accent-color\" title=\"Voir les coordonn\u00e9es de notre partenaire\">Sani-Ther S\u00e0rl<\/a>\r\n                <\/p>\r\n                <p class=\"company-partners__address\">1018 Lausanne<\/p>\r\n            <\/li>\r\n            <\/ul>\r\n<\/div>\n<h2>Quels sont les avantages de choisir Artisanlocal \u00e0 Lausanne ?<\/h2>\n<ul>\n<li>Nos plombiers sont joignables tous les jours et les jours f\u00e9ri\u00e9s.<\/li>\n<li>Nous fournissons des estimations gratuites.<\/li>\n<li>Nos artisans plombiers utilisent les derni\u00e8res techniques et technologies.<\/li>\n<li>Notre soci\u00e9t\u00e9 est localis\u00e9e \u00e0 Lausanne ce qui nous permet d&rsquo;intervenir en urgence \u00e0 votre domicile.<\/li>\n<li>Nos tarifs sont comp\u00e9titifs.<\/li>\n<li>Nos plombiers sont exp\u00e9riment\u00e9s et assur\u00e9s.<\/li>\n<li>Avant toute r\u00e9paration, nous inspectons votre installation de plomberie.<\/li>\n<li>Nous r\u00e9parons tous les types de plomberie.<\/li>\n<\/ul>\n<h2>Les prestations que nous proposons \u00e0 Lausanne<\/h2>\n<ul>\n<li>Nous localisons les fuites et ensuite, nous r\u00e9parons vos canalisations.<\/li>\n<li>Nos artisans plombiers remplacent vos \u00e9quipements sanitaires.<\/li>\n<li>La remise en \u00e9tat de votre sanitaire.<\/li>\n<li>Les travaux de plomberie, comme : l\u2019installation de lavabo, d&rsquo;\u00e9vier, de la tuyauterie et de robinet.<\/li>\n<li>Nous installons les chauffes-eau et les chaudi\u00e8res.<\/li>\n<li>Nous accomplissons le d\u00e9bouchage et l&rsquo;assainissement de vos canalisations.<\/li>\n<li>La restauration compl\u00e8te de votre salle d&rsquo;eau.<\/li>\n<li>Notre entreprise r\u00e9alise aussi la vidange de votre fosse septique.<\/li>\n<\/ul>\n<h2>Comment fonctionne Artisanlocal ?<\/h2>\n<ol>\n<li>Suite \u00e0 votre prise de contact par email ou t\u00e9l\u00e9phone, un de nos plombiers vous contacte pour analyser l&rsquo;ampleur de votre probl\u00e8me.<\/li>\n<li>Par la suite, nous vous fournissons un devis gratuit et d\u00e9taill\u00e9. Vous ne d\u00e9penserez aucuns frais additionnels, sauf si vous ayez besoin de pi\u00e8ces de rechange ou de travaux importants.<\/li>\n<li>Apr\u00e8s votre accord pour le devis, nous conviendrons ensemble d&rsquo;une date d&rsquo;intervention \u00e0 votre domicile.<\/li>\n<\/ol>\n<h2>Travaux de plomberie pour les particuliers \u00e0 Lausanne<\/h2>\n<p>Si votre plomberie est d\u00e9fectueuse, il y a une possibilit\u00e9 que votre eau soit pollu\u00e9e et vous pouvez mettre en danger la sant\u00e9 vos proches, c\u2019est la raison pour laquelle l&rsquo;artisan qui se d\u00e9place chez vous effectue :<\/p>\n<ul>\n<li>La r\u00e9paration de fuites.<\/li>\n<li>Le d\u00e9bouchage et le nettoyage de vos canalisations.<\/li>\n<li>L\u2019entretien de votre chauffe-eau.<\/li>\n<li>L\u2019Inspection de vos canalisations.<\/li>\n<li>La restauration de vos tuyaux de canalisations.<\/li>\n<li>Le nettoyage de votre habitation apr\u00e8s les d\u00e9g\u00e2ts des eaux.<\/li>\n<\/ul>\n<h2>Artisanlocal aux services des entreprises \u00e0 Lausanne<\/h2>\n<p>\u00c0 Lausanne, il y a des soci\u00e9t\u00e9s, restaurants et commerces de d\u00e9tail. Une fuite dans un robinet, un reflux dans une canalisation ou encore une panne de chauffe-eau sont des incidents r\u00e9pandus qui peuvent diminuer l&rsquo;efficacit\u00e9 de vos employ\u00e9s. Artisanlocal offre des services de plomberie pour votre entreprise \u00e0 Lausanne, comme :<\/p>\n<ul>\n<li>Le d\u00e9gorgement de vos lavabos et le remplacement de vos robinets.<\/li>\n<li>L\u2019inspection et la r\u00e9paration de vos tuyaux.<\/li>\n<li>Le nettoyage de tuyaux canalisations avec un jet d&rsquo;eau \u00e0 haute pression.<\/li>\n<li>La mise en place de nouveaux dispositifs dans votre syst\u00e8me de plomberie.<\/li>\n<li>La maintenance et la r\u00e9novation de votre bac \u00e0 graisse.<\/li>\n<li>L\u2019installation, l\u2019entretien et la r\u00e9paration de votre chauffage ou chauffe-eau.<\/li>\n<li>La r\u00e9paration de vos canalisations.<\/li>\n<li>Le d\u00e9pannage de vos \u00e9quipements sanitaires.<\/li>\n<li>L&rsquo;examen de vos \u00e9gouts par vid\u00e9o.<\/li>\n<\/ul>\n<h2>Entretien de canalisations en urgence \u00e0 Lausanne<\/h2>\n<p>Nos artisans nettoient vos canalisations \u00e0 Lausanne en urgence afin de vous \u00e9pargner des difficult\u00e9s d\u2019\u00e9coulement de vos eaux us\u00e9es, des remont\u00e9es d\u2019odeurs d\u00e9sagr\u00e9ables ou encore du d\u00e9bordement de vos baignoires, toilettes ou \u00e9viers, d&rsquo;autre part, nos artisans plombiers interviennent rapidement sur vos :<\/p>\n<ul>\n<li>\u00c9viers.<\/li>\n<li>WC.<\/li>\n<li>Toitures.<\/li>\n<li>\u00c9gouts.<\/li>\n<li>Tuyauteries. <\/li>\n<\/ul>\n<h2>Service de nettoyage d&rsquo;\u00e9gouts \u00e0 Lausanne<\/h2>\n<p>Les \u00e9gouts sont le r\u00e9seau central de la plomberie. Il transporte les eaux us\u00e9es des \u00e9viers, des w.c. Et des autres installations sanitaires. Si votre \u00e9gout est bouch\u00e9 ou d\u00e9borde, cela peut endommager votre propri\u00e9t\u00e9, et compromettre votre s\u00e9curit\u00e9.<\/p>\n<p>Le nettoyage fr\u00e9quent de votre \u00e9gout permet de pr\u00e9venir l&rsquo;apparition de bouchons et les refoulements dans vos canalisations. Nos artisans plombiers \u00e0 Lausanne associent les techniques traditionnelles et les nouvelles technologies pour v\u00e9rifier, nettoyer et garantir le d\u00e9bit de l&rsquo;eau dans vos canalisations.<\/p>\n<p>Artisanlocal remplace les tuyaux de canalisations de votre syst\u00e8me d&rsquo;\u00e9gout en cas de d\u00e9g\u00e2ts. Notre entreprise peut aussi nettoyer rapidement tout dommage caus\u00e9 par les eaux us\u00e9es dans votre r\u00e9sidence ou entreprise. Nous d\u00e9shumidifions et s\u00e9chons les espaces ab\u00eem\u00e9s afin de minimiser les dangers de d\u00e9veloppement de moisissures.<\/p>\n<h2>R\u00e9parations et installations de cumulus<\/h2>\n<p>Il n&rsquo;y a que de l&rsquo;eau froide dans votre logement ? Il est probable que vous ayez des soucis avec votre cumulus. Notre soci\u00e9t\u00e9 r\u00e9alise la r\u00e9paration de votre chauffe-eau en express. Voici les indices qui indiquent des probl\u00e8mes :<\/p>\n<ul>\n<li>Un faible d\u00e9bit d&rsquo;eau chaude : vous avez potentiellement une fuite d&rsquo;eau dans votre cumulus, ou un syst\u00e8me chauffant en panne ou l&rsquo;accumulation de s\u00e9diments dans votre r\u00e9servoir.<\/li>\n<li>Une flaque d&rsquo;eau autour de votre chauffe-eau : la pr\u00e9sence d&rsquo;eau \u00e0 la base du chauffe-eau peut-\u00eatre le signe d&rsquo;un probl\u00e8me grave, ou possiblement d&rsquo;un trou dans le chauffe-eau.<\/li>\n<li>Vous percevez des bruits anormaux qui proviennent du chauffe-eau : des bruits \u00e9tranges peuvent r\u00e9v\u00e9ler un d\u00e9p\u00f4t de s\u00e9diments, une fuite d&rsquo;eau ou un probl\u00e8me de l&rsquo;\u00e9l\u00e9ment chauffant.<\/li>\n<li>L&rsquo;eau est d\u00e9color\u00e9e : c&rsquo;est causer par l&rsquo;existence de rouille ou d&rsquo;autres substances nocives dans votre chauffe-eau.<\/li>\n<li>Le cumulus est toujours en marche : si vous constatez que votre chauffe-eau est tout le temps en marche, il est possible que votre cumulus \u00e0 une panne.<\/li>\n<\/ul>\n<p>En choisissant nos plombiers d\u00e8s les premiers signaux d&rsquo;alerte, il est possible d&rsquo;\u00e9viter des co\u00fbts \u00e9lev\u00e9s pour vos r\u00e9parations.<\/p>\n<h2>Assistance de nettoyage apr\u00e8s des d\u00e9g\u00e2ts des eaux<\/h2>\n<p>Nos artisans plombiers nettoient votre domicile suite \u00e0 un d\u00e9g\u00e2t des eaux \u00e0 Lausanne, nous sommes disponibles pour vous aider en cas de caves inond\u00e9es, de ruptures de tuyaux de canalisations, de d\u00e9bordements de toilettes et de douches, d&rsquo;importantes pr\u00e9cipitations, de reflux d&rsquo;\u00e9gouts et d&rsquo;autres probl\u00e8mes de canalisation li\u00e9s \u00e0 un dommages provoqu\u00e9s par l&rsquo;eau.<\/p>\n<h2>Questions souvent pos\u00e9es<\/h2>\n<h3>Quel montant pour faire intervenir un plombier \u00e0 Lausanne ?<\/h3>\n<p>Apr\u00e8s avoir \u00e9valu\u00e9 votre souci de plomberie, les artisans plombiers d&rsquo;Artisanlocal calculent le montant des travaux. Les tarifs suivants de nos services sont donn\u00e9s \u00e0 titre indicatif \u00e0 Lausanne :<\/p>\n<table border=\"1\">\n<tbody>\n<tr>\n<th>Services<\/th>\n<th>Prix CHF<\/th>\n<\/tr>\n<tr>\n<td>Installation d\u2019un lavabo<\/td>\n<td>280.00<\/td>\n<\/tr>\n<tr>\n<td>Taux horaire : mise en place sanitaire<\/td>\n<td>110.00 \u00e0 129.00<\/td>\n<\/tr>\n<tr>\n<td>Pose et raccordement, d\u2019un siphon \u00e0 un \u00e9vier<\/td>\n<td>70.00<\/td>\n<\/tr>\n<tr>\n<td>Assemblage mobilier de salle d&rsquo;eau<\/td>\n<td>95.00<\/td>\n<\/tr>\n<tr>\n<td>Installation et raccord, d\u2019une douche \u00e0 la robinetterie<\/td>\n<td>86.00<\/td>\n<\/tr>\n<tr>\n<td>Pose d\u2019un r\u00e9servoir ind\u00e9pendant de WC<\/td>\n<td>112.00<\/td>\n<\/tr>\n<tr>\n<td>Fixation d\u2019accessoires de salle de bain<\/td>\n<td>60.00<\/td>\n<\/tr>\n<tr>\n<td>Pose d\u2019un toilette suspendu<\/td>\n<td>170.00<\/td>\n<\/tr>\n<tr>\n<td>D\u00e9placement du plombier aller-retour<\/td>\n<td>100.00<\/td>\n<\/tr>\n<\/tbody>\n<\/table>\n<h3>Votre entreprise de plomberie \u00e0 Lausanne est ouverte le dimanche et le samedi ?<\/h3>\n<p>Notre soci\u00e9t\u00e9 propose un service de plomberie en urgence en continu, 24\/7 et m\u00eame pendant les jours f\u00e9ri\u00e9s.<\/p>\n<h3>Les plombiers d&rsquo;Artisanlocal effectuent des interventions \u00e0 Lausanne et dans les villes proches ?<\/h3>\n<p>Oui, les plombiers de notre soci\u00e9t\u00e9 op\u00e8rent \u00e0 Lausanne, \u00e9galement dans les communes \u00e0 proximit\u00e9, comme : Pully, Les Monts-de-Pully, La Croix (Lutry), Belmont-sur-Lausanne, La Conversion, Paudex, Lutry, Jouxtens-M\u00e9zery, Prilly, Renens VD, Crissier, Romanel-sur-Lausanne, Cheseaux-sur-Lausanne, Le Mont-sur-Lausanne, Bretigny-sur-Morrens, Cugy VD, Morrens VD, Froideville, Epalinges.<\/p>\n","protected":false},"excerpt":{"rendered":"<p>Si vous \u00eates domicili\u00e9 \u00e0 Lausanne, nos plombiers professionnels se d\u00e9placent \u00e0 votre logement. Quels sont les avantages de choisir Artisanlocal \u00e0 Lausanne ? Nos plombiers sont joignables tous les jours et les jours f\u00e9ri\u00e9s. Nous fournissons des estimations gratuites. Nos artisans plombiers utilisent les derni\u00e8res techniques et technologies. Notre soci\u00e9t\u00e9 est localis\u00e9e \u00e0 Lausanne [&hellip;]<\/p>\n","protected":false},"author":4,"featured_media":2758,"parent":0,"menu_order":0,"comment_status":"closed","ping_status":"closed","template":"","meta":{"footnotes":""},"profession":[123],"location":[31],"canton":[113],"class_list":["post-978","page","type-page","status-publish","has-post-thumbnail","hentry","profession-sanitaire","location-lausanne","canton-vd"],"yoast_head":"<!-- This site is optimized with the Yoast SEO Premium plugin v25.7.1 (Yoast SEO v27.3) - https:\/\/yoast.com\/product\/yoast-seo-premium-wordpress\/ -->\n<title>Plombier \u00e0 Lausanne - Artisanlocal<\/title>\n<meta name=\"robots\" content=\"index, follow, max-snippet:-1, max-image-preview:large, max-video-preview:-1\" \/>\n<link rel=\"canonical\" href=\"https:\/\/www.artisanlocal.ch\/c\/plombier-a-lausanne\/\" \/>\n<meta property=\"og:locale\" content=\"fr_FR\" \/>\n<meta property=\"og:type\" content=\"article\" \/>\n<meta property=\"og:title\" content=\"Plombier \u00e0 Lausanne\" \/>\n<meta property=\"og:description\" content=\"Si vous \u00eates domicili\u00e9 \u00e0 Lausanne, nos plombiers professionnels se d\u00e9placent \u00e0 votre logement. Quels sont les avantages de choisir Artisanlocal \u00e0 Lausanne ? Nos plombiers sont joignables tous les jours et les jours f\u00e9ri\u00e9s. Nous fournissons des estimations gratuites. Nos artisans plombiers utilisent les derni\u00e8res techniques et technologies. Notre soci\u00e9t\u00e9 est localis\u00e9e \u00e0 Lausanne [&hellip;]\" \/>\n<meta property=\"og:url\" content=\"https:\/\/www.artisanlocal.ch\/c\/plombier-a-lausanne\/\" \/>\n<meta property=\"og:site_name\" content=\"Artisanlocal\" \/>\n<meta property=\"article:modified_time\" content=\"2025-08-26T17:27:23+00:00\" \/>\n<meta property=\"og:image\" content=\"https:\/\/www.artisanlocal.ch\/c\/wp-content\/uploads\/2024\/10\/plombier.jpg\" \/>\n\t<meta property=\"og:image:width\" content=\"1920\" \/>\n\t<meta property=\"og:image:height\" content=\"300\" \/>\n\t<meta property=\"og:image:type\" content=\"image\/jpeg\" \/>\n<meta name=\"twitter:card\" content=\"summary_large_image\" \/>\n<meta name=\"twitter:label1\" content=\"Dur\u00e9e de lecture estim\u00e9e\" \/>\n\t<meta name=\"twitter:data1\" content=\"6 minutes\" \/>\n<script type=\"application\/ld+json\" class=\"yoast-schema-graph\">{\"@context\":\"https:\\\/\\\/schema.org\",\"@graph\":[{\"@type\":\"WebPage\",\"@id\":\"https:\\\/\\\/www.artisanlocal.ch\\\/c\\\/plombier-a-lausanne\\\/\",\"url\":\"https:\\\/\\\/www.artisanlocal.ch\\\/c\\\/plombier-a-lausanne\\\/\",\"name\":\"Plombier \u00e0 Lausanne - Artisanlocal\",\"isPartOf\":{\"@id\":\"https:\\\/\\\/www.artisanlocal.ch\\\/c\\\/#website\"},\"primaryImageOfPage\":{\"@id\":\"https:\\\/\\\/www.artisanlocal.ch\\\/c\\\/plombier-a-lausanne\\\/#primaryimage\"},\"image\":{\"@id\":\"https:\\\/\\\/www.artisanlocal.ch\\\/c\\\/plombier-a-lausanne\\\/#primaryimage\"},\"thumbnailUrl\":\"https:\\\/\\\/www.artisanlocal.ch\\\/c\\\/wp-content\\\/uploads\\\/2024\\\/10\\\/plombier.jpg\",\"datePublished\":\"2024-05-18T21:16:16+00:00\",\"dateModified\":\"2025-08-26T17:27:23+00:00\",\"breadcrumb\":{\"@id\":\"https:\\\/\\\/www.artisanlocal.ch\\\/c\\\/plombier-a-lausanne\\\/#breadcrumb\"},\"inLanguage\":\"fr-FR\",\"potentialAction\":[{\"@type\":\"ReadAction\",\"target\":[\"https:\\\/\\\/www.artisanlocal.ch\\\/c\\\/plombier-a-lausanne\\\/\"]}]},{\"@type\":\"ImageObject\",\"inLanguage\":\"fr-FR\",\"@id\":\"https:\\\/\\\/www.artisanlocal.ch\\\/c\\\/plombier-a-lausanne\\\/#primaryimage\",\"url\":\"https:\\\/\\\/www.artisanlocal.ch\\\/c\\\/wp-content\\\/uploads\\\/2024\\\/10\\\/plombier.jpg\",\"contentUrl\":\"https:\\\/\\\/www.artisanlocal.ch\\\/c\\\/wp-content\\\/uploads\\\/2024\\\/10\\\/plombier.jpg\",\"width\":1920,\"height\":300},{\"@type\":\"BreadcrumbList\",\"@id\":\"https:\\\/\\\/www.artisanlocal.ch\\\/c\\\/plombier-a-lausanne\\\/#breadcrumb\",\"itemListElement\":[{\"@type\":\"ListItem\",\"position\":1,\"name\":\"Accueil\",\"item\":\"https:\\\/\\\/www.artisanlocal.ch\\\/c\\\/\"},{\"@type\":\"ListItem\",\"position\":2,\"name\":\"Plombier \u00e0 Lausanne\"}]},{\"@type\":\"WebSite\",\"@id\":\"https:\\\/\\\/www.artisanlocal.ch\\\/c\\\/#website\",\"url\":\"https:\\\/\\\/www.artisanlocal.ch\\\/c\\\/\",\"name\":\"Artisanlocal\",\"description\":\"\",\"publisher\":{\"@id\":\"https:\\\/\\\/www.artisanlocal.ch\\\/c\\\/#organization\"},\"potentialAction\":[{\"@type\":\"SearchAction\",\"target\":{\"@type\":\"EntryPoint\",\"urlTemplate\":\"https:\\\/\\\/www.artisanlocal.ch\\\/c\\\/?s={search_term_string}\"},\"query-input\":{\"@type\":\"PropertyValueSpecification\",\"valueRequired\":true,\"valueName\":\"search_term_string\"}}],\"inLanguage\":\"fr-FR\"},{\"@type\":\"Organization\",\"@id\":\"https:\\\/\\\/www.artisanlocal.ch\\\/c\\\/#organization\",\"name\":\"Artisanlocal\",\"url\":\"https:\\\/\\\/www.artisanlocal.ch\\\/c\\\/\",\"logo\":{\"@type\":\"ImageObject\",\"inLanguage\":\"fr-FR\",\"@id\":\"https:\\\/\\\/www.artisanlocal.ch\\\/c\\\/#\\\/schema\\\/logo\\\/image\\\/\",\"url\":\"https:\\\/\\\/www.artisanlocal.ch\\\/c\\\/wp-content\\\/uploads\\\/2024\\\/02\\\/logo-artisanlocal-h.svg\",\"contentUrl\":\"https:\\\/\\\/www.artisanlocal.ch\\\/c\\\/wp-content\\\/uploads\\\/2024\\\/02\\\/logo-artisanlocal-h.svg\",\"caption\":\"Artisanlocal\"},\"image\":{\"@id\":\"https:\\\/\\\/www.artisanlocal.ch\\\/c\\\/#\\\/schema\\\/logo\\\/image\\\/\"}}]}<\/script>\n<!-- \/ Yoast SEO Premium plugin. -->","yoast_head_json":{"title":"Plombier \u00e0 Lausanne - Artisanlocal","robots":{"index":"index","follow":"follow","max-snippet":"max-snippet:-1","max-image-preview":"max-image-preview:large","max-video-preview":"max-video-preview:-1"},"canonical":"https:\/\/www.artisanlocal.ch\/c\/plombier-a-lausanne\/","og_locale":"fr_FR","og_type":"article","og_title":"Plombier \u00e0 Lausanne","og_description":"Si vous \u00eates domicili\u00e9 \u00e0 Lausanne, nos plombiers professionnels se d\u00e9placent \u00e0 votre logement. Quels sont les avantages de choisir Artisanlocal \u00e0 Lausanne ? Nos plombiers sont joignables tous les jours et les jours f\u00e9ri\u00e9s. Nous fournissons des estimations gratuites. Nos artisans plombiers utilisent les derni\u00e8res techniques et technologies. Notre soci\u00e9t\u00e9 est localis\u00e9e \u00e0 Lausanne [&hellip;]","og_url":"https:\/\/www.artisanlocal.ch\/c\/plombier-a-lausanne\/","og_site_name":"Artisanlocal","article_modified_time":"2025-08-26T17:27:23+00:00","og_image":[{"width":1920,"height":300,"url":"https:\/\/www.artisanlocal.ch\/c\/wp-content\/uploads\/2024\/10\/plombier.jpg","type":"image\/jpeg"}],"twitter_card":"summary_large_image","twitter_misc":{"Dur\u00e9e de lecture estim\u00e9e":"6 minutes"},"schema":{"@context":"https:\/\/schema.org","@graph":[{"@type":"WebPage","@id":"https:\/\/www.artisanlocal.ch\/c\/plombier-a-lausanne\/","url":"https:\/\/www.artisanlocal.ch\/c\/plombier-a-lausanne\/","name":"Plombier \u00e0 Lausanne - Artisanlocal","isPartOf":{"@id":"https:\/\/www.artisanlocal.ch\/c\/#website"},"primaryImageOfPage":{"@id":"https:\/\/www.artisanlocal.ch\/c\/plombier-a-lausanne\/#primaryimage"},"image":{"@id":"https:\/\/www.artisanlocal.ch\/c\/plombier-a-lausanne\/#primaryimage"},"thumbnailUrl":"https:\/\/www.artisanlocal.ch\/c\/wp-content\/uploads\/2024\/10\/plombier.jpg","datePublished":"2024-05-18T21:16:16+00:00","dateModified":"2025-08-26T17:27:23+00:00","breadcrumb":{"@id":"https:\/\/www.artisanlocal.ch\/c\/plombier-a-lausanne\/#breadcrumb"},"inLanguage":"fr-FR","potentialAction":[{"@type":"ReadAction","target":["https:\/\/www.artisanlocal.ch\/c\/plombier-a-lausanne\/"]}]},{"@type":"ImageObject","inLanguage":"fr-FR","@id":"https:\/\/www.artisanlocal.ch\/c\/plombier-a-lausanne\/#primaryimage","url":"https:\/\/www.artisanlocal.ch\/c\/wp-content\/uploads\/2024\/10\/plombier.jpg","contentUrl":"https:\/\/www.artisanlocal.ch\/c\/wp-content\/uploads\/2024\/10\/plombier.jpg","width":1920,"height":300},{"@type":"BreadcrumbList","@id":"https:\/\/www.artisanlocal.ch\/c\/plombier-a-lausanne\/#breadcrumb","itemListElement":[{"@type":"ListItem","position":1,"name":"Accueil","item":"https:\/\/www.artisanlocal.ch\/c\/"},{"@type":"ListItem","position":2,"name":"Plombier \u00e0 Lausanne"}]},{"@type":"WebSite","@id":"https:\/\/www.artisanlocal.ch\/c\/#website","url":"https:\/\/www.artisanlocal.ch\/c\/","name":"Artisanlocal","description":"","publisher":{"@id":"https:\/\/www.artisanlocal.ch\/c\/#organization"},"potentialAction":[{"@type":"SearchAction","target":{"@type":"EntryPoint","urlTemplate":"https:\/\/www.artisanlocal.ch\/c\/?s={search_term_string}"},"query-input":{"@type":"PropertyValueSpecification","valueRequired":true,"valueName":"search_term_string"}}],"inLanguage":"fr-FR"},{"@type":"Organization","@id":"https:\/\/www.artisanlocal.ch\/c\/#organization","name":"Artisanlocal","url":"https:\/\/www.artisanlocal.ch\/c\/","logo":{"@type":"ImageObject","inLanguage":"fr-FR","@id":"https:\/\/www.artisanlocal.ch\/c\/#\/schema\/logo\/image\/","url":"https:\/\/www.artisanlocal.ch\/c\/wp-content\/uploads\/2024\/02\/logo-artisanlocal-h.svg","contentUrl":"https:\/\/www.artisanlocal.ch\/c\/wp-content\/uploads\/2024\/02\/logo-artisanlocal-h.svg","caption":"Artisanlocal"},"image":{"@id":"https:\/\/www.artisanlocal.ch\/c\/#\/schema\/logo\/image\/"}}]}},"_links":{"self":[{"href":"https:\/\/www.artisanlocal.ch\/c\/wp-json\/wp\/v2\/pages\/978","targetHints":{"allow":["GET"]}}],"collection":[{"href":"https:\/\/www.artisanlocal.ch\/c\/wp-json\/wp\/v2\/pages"}],"about":[{"href":"https:\/\/www.artisanlocal.ch\/c\/wp-json\/wp\/v2\/types\/page"}],"author":[{"embeddable":true,"href":"https:\/\/www.artisanlocal.ch\/c\/wp-json\/wp\/v2\/users\/4"}],"replies":[{"embeddable":true,"href":"https:\/\/www.artisanlocal.ch\/c\/wp-json\/wp\/v2\/comments?post=978"}],"version-history":[{"count":0,"href":"https:\/\/www.artisanlocal.ch\/c\/wp-json\/wp\/v2\/pages\/978\/revisions"}],"wp:featuredmedia":[{"embeddable":true,"href":"https:\/\/www.artisanlocal.ch\/c\/wp-json\/wp\/v2\/media\/2758"}],"wp:attachment":[{"href":"https:\/\/www.artisanlocal.ch\/c\/wp-json\/wp\/v2\/media?parent=978"}],"wp:term":[{"taxonomy":"profession","embeddable":true,"href":"https:\/\/www.artisanlocal.ch\/c\/wp-json\/wp\/v2\/profession?post=978"},{"taxonomy":"location","embeddable":true,"href":"https:\/\/www.artisanlocal.ch\/c\/wp-json\/wp\/v2\/location?post=978"},{"taxonomy":"canton","embeddable":true,"href":"https:\/\/www.artisanlocal.ch\/c\/wp-json\/wp\/v2\/canton?post=978"}],"curies":[{"name":"wp","href":"https:\/\/api.w.org\/{rel}","templated":true}]}}