{"id":980,"date":"2024-05-19T17:38:08","date_gmt":"2024-05-19T15:38:08","guid":{"rendered":"https:\/\/www.artisanlocal.ch\/c\/plombier-a-moudon\/"},"modified":"2025-08-26T19:27:01","modified_gmt":"2025-08-26T17:27:01","slug":"plombier-a-moudon","status":"publish","type":"page","link":"https:\/\/www.artisanlocal.ch\/c\/plombier-a-moudon\/","title":{"rendered":"Plombier \u00e0 Moudon"},"content":{"rendered":"<p>Besoin d&rsquo;un plombier \u00e0 Moudon ? Nous intervenons en urgence chez vous.<br \/>\n\r\n<div class=\"box\">\r\n            <div class=\"company-info\">\r\n            <img decoding=\"async\" class=\"company-info__logo\" src=\"https:\/\/www.artisanlocal.ch\/media\/cache\/thumb\/images\/companies\/riedo-clima-sa-le-mont-sur-lausanne.jpg\" alt=\"Logo\">\r\n            <h2 class=\"company-info__name\">RIEDO Clima SA Le Mont-sur-Lausanne<\/h2>\r\n            <p class=\"company-info__business\">Sanitaire - Chauffage - Ventilation<\/p>\r\n        <\/div>\r\n        <div class=\"company-contact\">\r\n            <p class=\"company-info__address\">Chemin de Budron E 9<\/p>\r\n                            <div class=\"links\">\r\n                                            <a class=\"btn has-accent-background-color js-phoneNumber\" href=\"tel:0795072004\" title=\"Appelez\" data-id=\"7564\" data-type=\"11\">079 507 20 04<\/a>\r\n                                                                <a class=\"btn has-accent-background-color\" href=\"https:\/\/www.riedoclima.ch\/fr\/\" target=\"_blank\" title=\"Voir le site internet\" data-id=\"7564\" data-type=\"20\">Site internet<\/a>\r\n                                    <\/div>\r\n                    <\/div>\r\n    \r\n            \r\n<form action=\"https:\/\/www.artisanlocal.ch\/c\/wp-admin\/admin-ajax.php\" method=\"post\" class=\"form-contact\" id=\"artisan_form_contact_company_inline\">\r\n    <div><input type=\"hidden\" name=\"action\" value=\"company_contact\"><\/div>\r\n    <div><input type=\"hidden\" name=\"nonce\" value=\"52a81db700\"><\/div>\r\n    <div><input type=\"hidden\" name=\"company_id\" value=\"7564\"><\/div>\r\n    <div><input type=\"hidden\" name=\"form_id\" value=\"artisan_form_contact_company_inline\"><\/div>\r\n    <div class=\"gglcptch gglcptch_v3 gglcptch_custom\"><input type=\"hidden\" id=\"g-recaptcha-response\" name=\"g-recaptcha-response\" \/><br \/><div class=\"gglcptch_error_text\">La p\u00e9riode de v\u00e9rification reCAPTCHA a expir\u00e9. Veuillez recharger la page.<\/div><\/div>    <div class=\"form-content\">\r\n        <div class=\"form-group\">\r\n            <label for=\"contact_firstName\" class=\"required\">Pr\u00e9nom<\/label>\r\n            <input type=\"text\" name=\"firstName\" class=\"form-control\" required>\r\n        <\/div>\r\n        <div class=\"form-group\">\r\n            <label for=\"contact_lastName\" class=\"required\">Nom<\/label>\r\n            <input type=\"text\" name=\"lastName\" class=\"form-control\" required>\r\n        <\/div>\r\n        <div class=\"form-group\">\r\n            <label for=\"contact_email\" class=\"required\">Email<\/label>\r\n            <input type=\"email\" name=\"email\" class=\"form-control\" required>\r\n        <\/div>\r\n        <div class=\"form-group\">\r\n            <label for=\"contact_phone\" class=\"required\">Num\u00e9ro de t\u00e9l\u00e9phone<\/label>\r\n            <input type=\"tel\" name=\"phone\" class=\"form-control\" placeholder=\"0787117165\" pattern=\"^[0-9]{10}$\" required>\r\n        <\/div>\r\n        <div class=\"form-group\">\r\n            <label for=\"contact_postalCode\" class=\"required\">Code postal et localit\u00e9<\/label>\r\n            <input type=\"text\" name=\"postalCode\" class=\"form-control\" required>\r\n        <\/div>\r\n        <div class=\"form-group\">\r\n            <label for=\"contact_address\" class=\"required\">Adresse<\/label>\r\n            <input type=\"text\" name=\"address\" class=\"form-control\" required>\r\n        <\/div>\r\n        <div class=\"full-width topic\">\r\n            <p class=\"required\">Je souhaite \u00eatre contact\u00e9 pour :<\/p>\r\n            <div class=\"form-check\">\r\n                <input type=\"radio\" name=\"topic\" value=\"D\u00e9pannage\" class=\"form-control\" required>\r\n                <label for=\"d\u00e9pannage\">D\u00e9pannage<\/label>\r\n            <\/div>\r\n            <div class=\"form-check\">\r\n                <input type=\"radio\" name=\"topic\" value=\"Entretien\" class=\"form-control\" required>\r\n                <label for=\"entretien\">Entretien<\/label>\r\n            <\/div>\r\n            <div class=\"form-check\">\r\n                <input type=\"radio\" name=\"topic\" value=\"R\u00e9novation\" class=\"form-control\" required>\r\n                <label for=\"r\u00e9novation\">R\u00e9novation<\/label>\r\n            <\/div>\r\n            <div class=\"form-check\">\r\n                <input type=\"radio\" name=\"topic\" value=\"Autre\" class=\"form-control\" required>\r\n                <label for=\"autre\">Autre<\/label>\r\n            <\/div>\r\n        <\/div>\r\n        <div class=\"form-group full-width\">\r\n            <label for=\"contact_message\">Message<\/label>\r\n            <textarea name=\"message\" rows=\"3\" class=\"form-control\"><\/textarea>\r\n        <\/div>\r\n    <\/div>\r\n    <div class=\"form-actions\">\r\n        <button class=\"wp-block-button__link has-accent-background-color\">Contacter<\/button>\r\n    <\/div>\r\n<\/form>\r\n<div class=\"form-feedback\"><\/div>    <\/div><\/p>\n<h2>Pourquoi choisir Artisanlocal \u00e0 Moudon ?<\/h2>\n<ul>\n<li>Nos artisans plombiers sont disponibles tous les jours.<\/li>\n<li>Nos devis sont gratuits.<\/li>\n<li>Nos plombiers utilisent les derni\u00e8res technologies et techniques.<\/li>\n<li>Nous sommes localis\u00e9s \u00e0 Moudon ce qui nous permet d&rsquo;intervenir en urgence chez vous.<\/li>\n<li>Nos tarifs sont comp\u00e9titifs.<\/li>\n<li>Tous nos artisans plombiers sont qualifi\u00e9s.<\/li>\n<li>Avant de commencer notre travail, nous examinons toujours votre plomberie.<\/li>\n<li>Nous r\u00e9novons tous les types de plomberie.<\/li>\n<\/ul>\n<h2>Quels sont les services propos\u00e9s par Artisanlocal ?<\/h2>\n<ul>\n<li>D\u00e9tection des fuites et la remise en \u00e9tat de vos tuyaux.<\/li>\n<li>Remplacement de votre \u00e9quipement sanitaire.<\/li>\n<li>R\u00e9paration de votre sanitaire.<\/li>\n<li>Installation : de robinet, d&rsquo;\u00e9vier, de lavabo et de tuyauterie.<\/li>\n<li>Installation de chaudi\u00e8res et de ballons d&rsquo;eau chaude.<\/li>\n<li>Assainissement et d\u00e9bouchage de canalisations.<\/li>\n<li>R\u00e9novation de salle de bain.<\/li>\n<li>Vidange de votre fosse septique.<\/li>\n<\/ul>\n<h2>Comment fonctionne Artisanlocal ?<\/h2>\n<ol>\n<li>Une fois que vous nous avez contact\u00e9s par t\u00e9l\u00e9phone ou email, nous \u00e9valuons vos besoins.<\/li>\n<li>Ensuite, vous obtenez un devis d\u00e9taill\u00e9 et gratuit. Vous ne paierez aucuns frais suppl\u00e9mentaires, sauf s&rsquo;il y a des travaux importants ou qu&rsquo;il est n\u00e9cessaire de changer des \u00e9l\u00e9ments de votre plomberie.<\/li>\n<li>Apr\u00e8s avoir donn\u00e9 votre accord pour le devis, nous d\u00e9ciderons ensemble d&rsquo;une date d&rsquo;intervention.<\/li>\n<\/ol>\n<h2>Travaux de plomberie pour les particuliers \u00e0 Moudon<\/h2>\n<ul>\n<li>D\u00e9tection et la r\u00e9novation de vos tuyaux.<\/li>\n<li>D\u00e9bouchage et entretien de vos canalisations.<\/li>\n<li>R\u00e9vision de votre chauffe-eau.<\/li>\n<li>Contr\u00f4le de vos canalisations.<\/li>\n<li>R\u00e9paration de vos tuyaux de canalisations.<\/li>\n<li>Remise en \u00e9tat apr\u00e8s un sinistre.<\/li>\n<\/ul>\n<h2>Service de plombier pour les entreprises \u00e0 Moudon<\/h2>\n<p>Une petite fuite dans un robinet, un refoulement dans un tuyau de canalisation ou encore un probl\u00e8me de chauffe-eau sont des probl\u00e8mes r\u00e9pandus qui peuvent r\u00e9duire l&rsquo;efficacit\u00e9 de vos employ\u00e9s. Notre entreprise propose des prestations de plomberie pour votre soci\u00e9t\u00e9 \u00e0 Moudon, comme :<\/p>\n<ul>\n<li>Le d\u00e9gorgement de vos lavabos et le remplacement de vos robinets.<\/li>\n<li>La r\u00e9novation et la v\u00e9rification de vos tuyaux.<\/li>\n<li>L\u2019hydrocurage (jet d&rsquo;eau \u00e0 haute pression) de vos canalisations.<\/li>\n<li>La mise en place de nouveaux \u00e9quipements de plomberie.<\/li>\n<li>La maintenance et la remise en \u00e9tat de votre bac \u00e0 graisse.<\/li>\n<li>L\u2019installation, l\u2019entretien et la r\u00e9paration de votre chauffage ou chauffe-eau.<\/li>\n<li>La r\u00e9novation de votre r\u00e9seau de tuyaux.<\/li>\n<li>Le service de d\u00e9pannage de vos \u00e9quipements sanitaires.<\/li>\n<li>L&rsquo;examen de vos tuyaux par vid\u00e9o.<\/li>\n<\/ul>\n<h2>Nettoyage de votre tuyauterie en urgence \u00e0 Moudon<\/h2>\n<p>Nos artisans nettoient vos tuyaux de canalisations \u00e0 Moudon en urgence pour am\u00e9liorer l\u2019\u00e9vacuation des eaux us\u00e9es, \u00e9viter les remont\u00e9es de mauvaises odeurs et le d\u00e9bordement de vos baignoires, toilettes ou \u00e9viers.<\/p>\n<h2>Service de nettoyage d&rsquo;\u00e9gouts \u00e0 Moudon<\/h2>\n<p>Les \u00e9gouts constituent le r\u00e9seau central de la plomberie. Il permet d&rsquo;\u00e9vacuer les eaux us\u00e9es des \u00e9viers, des toilettes et des autres syst\u00e8mes sanitaires. Lorsque l\u2019\u00e9gout est bouch\u00e9 ou d\u00e9borde, cela peut endommager votre maison, et mettre en p\u00e9ril votre s\u00e9curit\u00e9 et celle de votre famille.<\/p>\n<p>L&rsquo;entretien fr\u00e9quent de votre \u00e9gout permet de pr\u00e9venir les remont\u00e9es d&rsquo;eau ou encore la formation de bouchons. Nos plombiers \u00e0 Moudon inspectent, \u00e9liminent et r\u00e9tablissent l&rsquo;\u00e9coulement des eaux us\u00e9es dans vos canalisations.<\/p>\n<p>Nos plombiers peuvent aussi remplacer vos canalisations endommag\u00e9es.<\/p>\n<p>Nous pouvons aussi intervenir pour le nettoyage de votre int\u00e9rieur \u00e0 la suite d&rsquo;un dommage caus\u00e9 par l&rsquo;eau.<\/p>\n<h2>Installations et r\u00e9parations de cumulus<\/h2>\n<p>Vous n&rsquo;avez que de l\u2019eau froide dans vos conduits ? Il se peut que vous ayez des probl\u00e8mes avec votre cumulus. Artisanlocal r\u00e9alise la remise en \u00e9tat de votre chauffe-eau. Voici les signaux qui indiquent des probl\u00e8mes :<\/p>\n<ul>\n<li>Un volume r\u00e9duit d&rsquo;eau chaude : vous avez potentiellement une fuite d&rsquo;eau dans votre cumulus, ou un \u00e9l\u00e9ment chauffant en panne ou l&rsquo;accumulation de s\u00e9diments au fond de votre r\u00e9servoir.<\/li>\n<li>De l&rsquo;eau autour de votre chauffe-eau : la pr\u00e9sence d&rsquo;eau \u00e0 la base du chauffe-eau peut indiquer une panne, ou potentiellement d&rsquo;un trou dans le chauffe-eau.<\/li>\n<li>Vous percevez des bruits anormaux qui proviennent du cumulus : des bruits bizarres peuvent indiquer un d\u00e9p\u00f4t de s\u00e9diments, une d\u00e9faillance de l&rsquo;\u00e9l\u00e9ment chauffant ou d\u2019une fuite d&rsquo;eau.<\/li>\n<li>La d\u00e9coloration de l&rsquo;eau : cela peut \u00eatre provoqu\u00e9 par des contaminants et par la rouille pr\u00e9sents dans le chauffe-eau.<\/li>\n<li>Le chauffe-eau reste en fonctionnement : si vous constatez que votre cumulus marche tr\u00e8s fr\u00e9quemment, c&rsquo;est peut-\u00eatre que votre cumulus \u00e0 un probl\u00e8me.<\/li>\n<\/ul>\n<p>En faisant appel \u00e0 notre entreprise au premier signe d\u2019alerte, vous \u00e9conomisez de l&rsquo;argent en \u00e9vitant des interventions en urgence.<\/p>\n<h2>Nettoyage apr\u00e8s des dommages caus\u00e9s par l&rsquo;eau<\/h2>\n<p>Nos plombiers nettoient votre logement suite \u00e0 un d\u00e9g\u00e2t des eaux \u00e0 Moudon, nous sommes disponibles pour vous apporter une assistance en cas de caves submerg\u00e9es, de ruptures de canalisations, de d\u00e9bordements de w.c.<\/p>\n<h2>R\u00e9ponses aux interrogations courantes<\/h2>\n<h3>Quel est le tarif d\u2019un plombier \u00e0 Moudon ?<\/h3>\n<p>Apr\u00e8s analyse de votre situation, vous recevrez un devis gratuit. Les prix suivants de nos services sont fournis \u00e0 titre indicatif \u00e0 Moudon :<\/p>\n<table border=\"1\">\n<tbody>\n<tr>\n<th>Prestations<\/th>\n<th>Prix CHF<\/th>\n<\/tr>\n<tr>\n<td>Mise en place d\u2019un lavabo<\/td>\n<td>280.00<\/td>\n<\/tr>\n<tr>\n<td>Taux horaire : mise en place sanitaire<\/td>\n<td>110.00 \u00e0 129.00<\/td>\n<\/tr>\n<tr>\n<td>Pose et raccord, d\u2019un siphon \u00e0 un lavabo<\/td>\n<td>70.00<\/td>\n<\/tr>\n<tr>\n<td>Montage meuble de salle d&rsquo;eau<\/td>\n<td>95.00<\/td>\n<\/tr>\n<tr>\n<td>Pose et raccordement, d\u2019une douche \u00e0 la tuyauterie<\/td>\n<td>86.00<\/td>\n<\/tr>\n<tr>\n<td>Installation d\u2019un r\u00e9servoir de toilette<\/td>\n<td>112.00<\/td>\n<\/tr>\n<tr>\n<td>Fixation d\u2019accessoires de salle de bain<\/td>\n<td>60.00<\/td>\n<\/tr>\n<tr>\n<td>Mise en place d\u2019un toilette suspendu<\/td>\n<td>170.00<\/td>\n<\/tr>\n<tr>\n<td>D\u00e9placement du plombier aller-retour<\/td>\n<td>100.00<\/td>\n<\/tr>\n<\/tbody>\n<\/table>\n<h3>Votre entreprise \u00e0 Moudon est ouverte le dimanche et le samedi ?<\/h3>\n<p>Oui, nous sommes disponibles 24h\/24, 7j\/7 et m\u00eame les jours f\u00e9ri\u00e9s.<\/p>\n<h3>Vos plombiers effectuent des interventions \u00e0 Moudon et dans les villes proches ?<\/h3>\n<p>Oui, les plombiers de notre entreprise interviennent \u00e0 Moudon, mais aussi dans les villes proches, comme : Ogens, Villars-Mendraz, Sottens, Boulens, Chapelle-sur-Moudon, Martherenges, Peyres-Possens, Chan\u00e9az, Pr\u00e9vondavaux, Correvon, Denezy, St-Cierges, Thierrens, Vuissens, Vucherens, Syens, Chavannes-sur-Moudon, Hermenches, Rossenges, Bussy-sur-Moudon, Neyruz-sur-Moudon, Villars-le-Comte, Curtilles, Lucens, Oulens-sur-Lucens, Granges-pr\u00e8s-Marnand, Marnand, Henniez, Seigneux, Cremin, Forel-sur-Lucens, Villeneuve FR, Praratoud, Surpierre, Cheiry, Chapelle (Broye), Sassel, Combremont-le-Grand, Combremont-le-Petit, Champtauroz, Rossens VD, S\u00e9deilles, Villarzel, Dompierre VD, Lovatens, Pr\u00e9vonloup, Cerniaz VD, Villars-Bramard, Brenles, Chesalles-sur-Moudon, Sarzens.<\/p>\n","protected":false},"excerpt":{"rendered":"<p>Besoin d&rsquo;un plombier \u00e0 Moudon ? Nous intervenons en urgence chez vous. Pourquoi choisir Artisanlocal \u00e0 Moudon ? Nos artisans plombiers sont disponibles tous les jours. Nos devis sont gratuits. Nos plombiers utilisent les derni\u00e8res technologies et techniques. Nous sommes localis\u00e9s \u00e0 Moudon ce qui nous permet d&rsquo;intervenir en urgence chez vous. Nos tarifs sont [&hellip;]<\/p>\n","protected":false},"author":4,"featured_media":2758,"parent":0,"menu_order":0,"comment_status":"closed","ping_status":"closed","template":"","meta":{"footnotes":""},"profession":[123],"location":[63],"canton":[113],"class_list":["post-980","page","type-page","status-publish","has-post-thumbnail","hentry","profession-sanitaire","location-moudon","canton-vd"],"yoast_head":"<!-- This site is optimized with the Yoast SEO Premium plugin v25.7.1 (Yoast SEO v27.3) - https:\/\/yoast.com\/product\/yoast-seo-premium-wordpress\/ -->\n<title>Plombier \u00e0 Moudon - Artisanlocal<\/title>\n<meta name=\"robots\" content=\"index, follow, max-snippet:-1, max-image-preview:large, max-video-preview:-1\" \/>\n<link rel=\"canonical\" href=\"https:\/\/www.artisanlocal.ch\/c\/plombier-a-moudon\/\" \/>\n<meta property=\"og:locale\" content=\"fr_FR\" \/>\n<meta property=\"og:type\" content=\"article\" \/>\n<meta property=\"og:title\" content=\"Plombier \u00e0 Moudon\" \/>\n<meta property=\"og:description\" content=\"Besoin d&rsquo;un plombier \u00e0 Moudon ? Nous intervenons en urgence chez vous. Pourquoi choisir Artisanlocal \u00e0 Moudon ? Nos artisans plombiers sont disponibles tous les jours. Nos devis sont gratuits. Nos plombiers utilisent les derni\u00e8res technologies et techniques. Nous sommes localis\u00e9s \u00e0 Moudon ce qui nous permet d&rsquo;intervenir en urgence chez vous. Nos tarifs sont [&hellip;]\" \/>\n<meta property=\"og:url\" content=\"https:\/\/www.artisanlocal.ch\/c\/plombier-a-moudon\/\" \/>\n<meta property=\"og:site_name\" content=\"Artisanlocal\" \/>\n<meta property=\"article:modified_time\" content=\"2025-08-26T17:27:01+00:00\" \/>\n<meta property=\"og:image\" content=\"https:\/\/www.artisanlocal.ch\/c\/wp-content\/uploads\/2024\/10\/plombier.jpg\" \/>\n\t<meta property=\"og:image:width\" content=\"1920\" \/>\n\t<meta property=\"og:image:height\" content=\"300\" \/>\n\t<meta property=\"og:image:type\" content=\"image\/jpeg\" \/>\n<meta name=\"twitter:card\" content=\"summary_large_image\" \/>\n<meta name=\"twitter:label1\" content=\"Dur\u00e9e de lecture estim\u00e9e\" \/>\n\t<meta name=\"twitter:data1\" content=\"5 minutes\" \/>\n<script type=\"application\/ld+json\" class=\"yoast-schema-graph\">{\"@context\":\"https:\\\/\\\/schema.org\",\"@graph\":[{\"@type\":\"WebPage\",\"@id\":\"https:\\\/\\\/www.artisanlocal.ch\\\/c\\\/plombier-a-moudon\\\/\",\"url\":\"https:\\\/\\\/www.artisanlocal.ch\\\/c\\\/plombier-a-moudon\\\/\",\"name\":\"Plombier \u00e0 Moudon - Artisanlocal\",\"isPartOf\":{\"@id\":\"https:\\\/\\\/www.artisanlocal.ch\\\/c\\\/#website\"},\"primaryImageOfPage\":{\"@id\":\"https:\\\/\\\/www.artisanlocal.ch\\\/c\\\/plombier-a-moudon\\\/#primaryimage\"},\"image\":{\"@id\":\"https:\\\/\\\/www.artisanlocal.ch\\\/c\\\/plombier-a-moudon\\\/#primaryimage\"},\"thumbnailUrl\":\"https:\\\/\\\/www.artisanlocal.ch\\\/c\\\/wp-content\\\/uploads\\\/2024\\\/10\\\/plombier.jpg\",\"datePublished\":\"2024-05-19T15:38:08+00:00\",\"dateModified\":\"2025-08-26T17:27:01+00:00\",\"breadcrumb\":{\"@id\":\"https:\\\/\\\/www.artisanlocal.ch\\\/c\\\/plombier-a-moudon\\\/#breadcrumb\"},\"inLanguage\":\"fr-FR\",\"potentialAction\":[{\"@type\":\"ReadAction\",\"target\":[\"https:\\\/\\\/www.artisanlocal.ch\\\/c\\\/plombier-a-moudon\\\/\"]}]},{\"@type\":\"ImageObject\",\"inLanguage\":\"fr-FR\",\"@id\":\"https:\\\/\\\/www.artisanlocal.ch\\\/c\\\/plombier-a-moudon\\\/#primaryimage\",\"url\":\"https:\\\/\\\/www.artisanlocal.ch\\\/c\\\/wp-content\\\/uploads\\\/2024\\\/10\\\/plombier.jpg\",\"contentUrl\":\"https:\\\/\\\/www.artisanlocal.ch\\\/c\\\/wp-content\\\/uploads\\\/2024\\\/10\\\/plombier.jpg\",\"width\":1920,\"height\":300},{\"@type\":\"BreadcrumbList\",\"@id\":\"https:\\\/\\\/www.artisanlocal.ch\\\/c\\\/plombier-a-moudon\\\/#breadcrumb\",\"itemListElement\":[{\"@type\":\"ListItem\",\"position\":1,\"name\":\"Accueil\",\"item\":\"https:\\\/\\\/www.artisanlocal.ch\\\/c\\\/\"},{\"@type\":\"ListItem\",\"position\":2,\"name\":\"Plombier \u00e0 Moudon\"}]},{\"@type\":\"WebSite\",\"@id\":\"https:\\\/\\\/www.artisanlocal.ch\\\/c\\\/#website\",\"url\":\"https:\\\/\\\/www.artisanlocal.ch\\\/c\\\/\",\"name\":\"Artisanlocal\",\"description\":\"\",\"publisher\":{\"@id\":\"https:\\\/\\\/www.artisanlocal.ch\\\/c\\\/#organization\"},\"potentialAction\":[{\"@type\":\"SearchAction\",\"target\":{\"@type\":\"EntryPoint\",\"urlTemplate\":\"https:\\\/\\\/www.artisanlocal.ch\\\/c\\\/?s={search_term_string}\"},\"query-input\":{\"@type\":\"PropertyValueSpecification\",\"valueRequired\":true,\"valueName\":\"search_term_string\"}}],\"inLanguage\":\"fr-FR\"},{\"@type\":\"Organization\",\"@id\":\"https:\\\/\\\/www.artisanlocal.ch\\\/c\\\/#organization\",\"name\":\"Artisanlocal\",\"url\":\"https:\\\/\\\/www.artisanlocal.ch\\\/c\\\/\",\"logo\":{\"@type\":\"ImageObject\",\"inLanguage\":\"fr-FR\",\"@id\":\"https:\\\/\\\/www.artisanlocal.ch\\\/c\\\/#\\\/schema\\\/logo\\\/image\\\/\",\"url\":\"https:\\\/\\\/www.artisanlocal.ch\\\/c\\\/wp-content\\\/uploads\\\/2024\\\/02\\\/logo-artisanlocal-h.svg\",\"contentUrl\":\"https:\\\/\\\/www.artisanlocal.ch\\\/c\\\/wp-content\\\/uploads\\\/2024\\\/02\\\/logo-artisanlocal-h.svg\",\"caption\":\"Artisanlocal\"},\"image\":{\"@id\":\"https:\\\/\\\/www.artisanlocal.ch\\\/c\\\/#\\\/schema\\\/logo\\\/image\\\/\"}}]}<\/script>\n<!-- \/ Yoast SEO Premium plugin. -->","yoast_head_json":{"title":"Plombier \u00e0 Moudon - Artisanlocal","robots":{"index":"index","follow":"follow","max-snippet":"max-snippet:-1","max-image-preview":"max-image-preview:large","max-video-preview":"max-video-preview:-1"},"canonical":"https:\/\/www.artisanlocal.ch\/c\/plombier-a-moudon\/","og_locale":"fr_FR","og_type":"article","og_title":"Plombier \u00e0 Moudon","og_description":"Besoin d&rsquo;un plombier \u00e0 Moudon ? Nous intervenons en urgence chez vous. Pourquoi choisir Artisanlocal \u00e0 Moudon ? Nos artisans plombiers sont disponibles tous les jours. Nos devis sont gratuits. Nos plombiers utilisent les derni\u00e8res technologies et techniques. Nous sommes localis\u00e9s \u00e0 Moudon ce qui nous permet d&rsquo;intervenir en urgence chez vous. Nos tarifs sont [&hellip;]","og_url":"https:\/\/www.artisanlocal.ch\/c\/plombier-a-moudon\/","og_site_name":"Artisanlocal","article_modified_time":"2025-08-26T17:27:01+00:00","og_image":[{"width":1920,"height":300,"url":"https:\/\/www.artisanlocal.ch\/c\/wp-content\/uploads\/2024\/10\/plombier.jpg","type":"image\/jpeg"}],"twitter_card":"summary_large_image","twitter_misc":{"Dur\u00e9e de lecture estim\u00e9e":"5 minutes"},"schema":{"@context":"https:\/\/schema.org","@graph":[{"@type":"WebPage","@id":"https:\/\/www.artisanlocal.ch\/c\/plombier-a-moudon\/","url":"https:\/\/www.artisanlocal.ch\/c\/plombier-a-moudon\/","name":"Plombier \u00e0 Moudon - Artisanlocal","isPartOf":{"@id":"https:\/\/www.artisanlocal.ch\/c\/#website"},"primaryImageOfPage":{"@id":"https:\/\/www.artisanlocal.ch\/c\/plombier-a-moudon\/#primaryimage"},"image":{"@id":"https:\/\/www.artisanlocal.ch\/c\/plombier-a-moudon\/#primaryimage"},"thumbnailUrl":"https:\/\/www.artisanlocal.ch\/c\/wp-content\/uploads\/2024\/10\/plombier.jpg","datePublished":"2024-05-19T15:38:08+00:00","dateModified":"2025-08-26T17:27:01+00:00","breadcrumb":{"@id":"https:\/\/www.artisanlocal.ch\/c\/plombier-a-moudon\/#breadcrumb"},"inLanguage":"fr-FR","potentialAction":[{"@type":"ReadAction","target":["https:\/\/www.artisanlocal.ch\/c\/plombier-a-moudon\/"]}]},{"@type":"ImageObject","inLanguage":"fr-FR","@id":"https:\/\/www.artisanlocal.ch\/c\/plombier-a-moudon\/#primaryimage","url":"https:\/\/www.artisanlocal.ch\/c\/wp-content\/uploads\/2024\/10\/plombier.jpg","contentUrl":"https:\/\/www.artisanlocal.ch\/c\/wp-content\/uploads\/2024\/10\/plombier.jpg","width":1920,"height":300},{"@type":"BreadcrumbList","@id":"https:\/\/www.artisanlocal.ch\/c\/plombier-a-moudon\/#breadcrumb","itemListElement":[{"@type":"ListItem","position":1,"name":"Accueil","item":"https:\/\/www.artisanlocal.ch\/c\/"},{"@type":"ListItem","position":2,"name":"Plombier \u00e0 Moudon"}]},{"@type":"WebSite","@id":"https:\/\/www.artisanlocal.ch\/c\/#website","url":"https:\/\/www.artisanlocal.ch\/c\/","name":"Artisanlocal","description":"","publisher":{"@id":"https:\/\/www.artisanlocal.ch\/c\/#organization"},"potentialAction":[{"@type":"SearchAction","target":{"@type":"EntryPoint","urlTemplate":"https:\/\/www.artisanlocal.ch\/c\/?s={search_term_string}"},"query-input":{"@type":"PropertyValueSpecification","valueRequired":true,"valueName":"search_term_string"}}],"inLanguage":"fr-FR"},{"@type":"Organization","@id":"https:\/\/www.artisanlocal.ch\/c\/#organization","name":"Artisanlocal","url":"https:\/\/www.artisanlocal.ch\/c\/","logo":{"@type":"ImageObject","inLanguage":"fr-FR","@id":"https:\/\/www.artisanlocal.ch\/c\/#\/schema\/logo\/image\/","url":"https:\/\/www.artisanlocal.ch\/c\/wp-content\/uploads\/2024\/02\/logo-artisanlocal-h.svg","contentUrl":"https:\/\/www.artisanlocal.ch\/c\/wp-content\/uploads\/2024\/02\/logo-artisanlocal-h.svg","caption":"Artisanlocal"},"image":{"@id":"https:\/\/www.artisanlocal.ch\/c\/#\/schema\/logo\/image\/"}}]}},"_links":{"self":[{"href":"https:\/\/www.artisanlocal.ch\/c\/wp-json\/wp\/v2\/pages\/980","targetHints":{"allow":["GET"]}}],"collection":[{"href":"https:\/\/www.artisanlocal.ch\/c\/wp-json\/wp\/v2\/pages"}],"about":[{"href":"https:\/\/www.artisanlocal.ch\/c\/wp-json\/wp\/v2\/types\/page"}],"author":[{"embeddable":true,"href":"https:\/\/www.artisanlocal.ch\/c\/wp-json\/wp\/v2\/users\/4"}],"replies":[{"embeddable":true,"href":"https:\/\/www.artisanlocal.ch\/c\/wp-json\/wp\/v2\/comments?post=980"}],"version-history":[{"count":0,"href":"https:\/\/www.artisanlocal.ch\/c\/wp-json\/wp\/v2\/pages\/980\/revisions"}],"wp:featuredmedia":[{"embeddable":true,"href":"https:\/\/www.artisanlocal.ch\/c\/wp-json\/wp\/v2\/media\/2758"}],"wp:attachment":[{"href":"https:\/\/www.artisanlocal.ch\/c\/wp-json\/wp\/v2\/media?parent=980"}],"wp:term":[{"taxonomy":"profession","embeddable":true,"href":"https:\/\/www.artisanlocal.ch\/c\/wp-json\/wp\/v2\/profession?post=980"},{"taxonomy":"location","embeddable":true,"href":"https:\/\/www.artisanlocal.ch\/c\/wp-json\/wp\/v2\/location?post=980"},{"taxonomy":"canton","embeddable":true,"href":"https:\/\/www.artisanlocal.ch\/c\/wp-json\/wp\/v2\/canton?post=980"}],"curies":[{"name":"wp","href":"https:\/\/api.w.org\/{rel}","templated":true}]}}