{"id":983,"date":"2024-05-18T12:01:25","date_gmt":"2024-05-18T10:01:25","guid":{"rendered":"https:\/\/www.artisanlocal.ch\/c\/artisan-plombier-a-oron-la-ville\/"},"modified":"2025-08-26T19:27:35","modified_gmt":"2025-08-26T17:27:35","slug":"artisan-plombier-a-oron-la-ville","status":"publish","type":"page","link":"https:\/\/www.artisanlocal.ch\/c\/artisan-plombier-a-oron-la-ville\/","title":{"rendered":"Artisan plombier \u00e0 Oron-la-Ville"},"content":{"rendered":"<p>Si vous \u00eates un habitant de Oron-la-Ville, nos artisans plombiers se d\u00e9placent \u00e0 votre domicile.<\/p>\n\r\n<div class=\"box\">\r\n    <h2 class=\"text-dark\">Nous cherchons un <em class=\"text-primary\">Sanitaire<\/em> dans la r\u00e9gion de <em class=\"text-primary\">Oron-la-Ville<\/em>  en exclusivit\u00e9, afin de proposer vos services \u00e0 nos clients propri\u00e9taires.<\/h2>\r\n    <p>Une opportunit\u00e9 unique pour booster votre activit\u00e9 \u00e0 <strong>Oron-la-Ville<\/strong> et aux alentours dans votre domaine (Sanitaire).<\/p>\r\n    <p>Nous travaillons en exclusivit\u00e9 avec qu'une soci\u00e9t\u00e9 par m\u00e9tier et par r\u00e9gion. <br>Votre entreprise est pr\u00e9sente sur tous les documents immobiliers. Afin d'\u00eatre mieux vu sur le net, vous \u00eates \u00e9galement visible sur nos deux sites et sur les pages de r\u00e9f\u00e9rencement de votre r\u00e9gion.<\/p>\r\n    <a href=\"\/contact\" class=\"wp-block-button__link has-accent-background-color has-text-align-center wp-element-button\">R\u00e9server<\/a>\r\n<\/div>\n<h2>Pourquoi faire appel \u00e0 Artisanlocal \u00e0 Oron-la-Ville ?<\/h2>\n<ul>\n<li>Nous sommes ouverts 24 heures sur 24, tous les jours de la semaine, y compris les jours f\u00e9ri\u00e9s.<\/li>\n<li>Nous fournissons des estimations gratuites.<\/li>\n<li>Nous utilisons les derni\u00e8res m\u00e9thodes.<\/li>\n<li>Notre entreprise est implant\u00e9e \u00e0 Oron-la-Ville permettant \u00e0 nos artisans d&rsquo;intervenir rapidement dans votre foyer.<\/li>\n<li>Nous avons des tarifs comp\u00e9titifs.<\/li>\n<li>Nos plombiers sont exp\u00e9riment\u00e9s et assur\u00e9s.<\/li>\n<li>Avant toute intervention, nous examinons votre installation de plomberie.<\/li>\n<li>Nous r\u00e9novons tous les types de plomberie.<\/li>\n<\/ul>\n<h2>Les prestations que nous proposons \u00e0 Oron-la-Ville<\/h2>\n<ul>\n<li>Notre soci\u00e9t\u00e9 est sp\u00e9cialis\u00e9e dans la localisation des fuites et la remise en \u00e9tat de vos tuyaux.<\/li>\n<li>Nos artisans plombiers changent vos \u00e9quipements sanitaires.<\/li>\n<li>Nos artisans r\u00e9novent tous vos \u00e9quipements sanitaires.<\/li>\n<li>Les services de plomberie, pour : l&rsquo;installation de lavabo, d&rsquo;\u00e9vier, de la tuyauterie et de robinet.<\/li>\n<li>Nous posons les chauffes-eau et les chaudi\u00e8res.<\/li>\n<li>Nous r\u00e9alisons le d\u00e9bouchage et l&rsquo;assainissement de vos canalisations.<\/li>\n<li>La restauration totale de votre salle d&rsquo;eau.<\/li>\n<li>La vidange de fosse septique.<\/li>\n<\/ul>\n<h2>Quel est le fonctionnement d&rsquo;Artisanlocal \u00e0 Oron-la-Ville ?<\/h2>\n<ol>\n<li>Apr\u00e8s avoir pris contact avec nous par email ou par t\u00e9l\u00e9phone, nous rentrons en contact avec vous pour \u00e9valuer votre probl\u00e8me.<\/li>\n<li>Ensuite, nous vous offrons un devis gratuit et d\u00e9taill\u00e9. Vous ne d\u00e9penserez aucuns frais additionnels, \u00e0 moins que vous ayez besoin de pi\u00e8ces de rechange ou de travaux importants.<\/li>\n<li>Apr\u00e8s la validation du devis, notre artisan plombier d\u00e9termine avec vous une date d\u2019intervention.<\/li>\n<\/ol>\n<h2>Entreprise de plomberie pour les particuliers \u00e0 Oron-la-Ville<\/h2>\n<p>Si votre plomberie est d\u00e9fectueuse, il y a un risque de contamination de l&rsquo;eau, ce qui peut entra\u00eener un risque pour votre famille, c\u2019est la raison pour laquelle le plombier qui se d\u00e9place \u00e0 votre logement effectue :<\/p>\n<ul>\n<li>La d\u00e9tection et la r\u00e9paration de fuites dans vos tuyaux.<\/li>\n<li>Le d\u00e9bouchage et le nettoyage de vos canalisations.<\/li>\n<li>La maintenance de votre chauffe-eau.<\/li>\n<li>Le contr\u00f4le de vos canalisations.<\/li>\n<li>La r\u00e9novation de vos tuyaux de canalisations.<\/li>\n<li>La remise en \u00e9tat apr\u00e8s un sinistre.<\/li>\n<\/ul>\n<h2>Artisanlocal aux services des entreprises \u00e0 Oron-la-Ville<\/h2>\n<p>\u00c0 Oron-la-Ville, il y a des entreprises, commerces de d\u00e9tail et restaurants. Les robinets qui coulent, les \u00e9vacuations qui refoulent et les chauffe-eau qui fonctionnent mal sont des probl\u00e8mes qui peuvent entra\u00eener une baisse de productivit\u00e9 de vos salari\u00e9s ou encore ab\u00eemer vos installations. Artisanlocal assiste votre entreprise pour :<\/p>\n<ul>\n<li>Le d\u00e9gorgement de vos lavabos et le remplacement de vos robinets.<\/li>\n<li>L\u2019inspection et la remise en \u00e9tat de vos tuyaux.<\/li>\n<li>Le nettoyage de canalisations avec de l&rsquo;eau \u00e0 haute pression (hydrocurage).<\/li>\n<li>L\u2019installation de nouveaux dispositifs dans votre installation de plomberie.<\/li>\n<li>La vidange, le nettoyage, le remplacement ou la r\u00e9paration de bac \u00e0 graisse.<\/li>\n<li>La mise en place, l\u2019entretien et la r\u00e9paration de votre chauffe-eau ou syst\u00e8me de chauffage.<\/li>\n<li>La restauration de votre tuyauterie.<\/li>\n<li>Le d\u00e9pannage de vos appareils sanitaires.<\/li>\n<li>L&rsquo;inspection de vos canalisations par cam\u00e9ra.<\/li>\n<\/ul>\n<h2>Nettoyage de votre tuyauterie en urgence \u00e0 Oron-la-Ville<\/h2>\n<p>Si vous \u00eates un Oronais, notre soci\u00e9t\u00e9 intervient en urgence pour le d\u00e9bouchage vos canalisations ou pour r\u00e9gler vos probl\u00e8mes de refoulement de vos WC, \u00e9viers ou douches, d&rsquo;autre part, nos artisans op\u00e8rent d\u00e8s que possible sur vos :<\/p>\n<ul>\n<li>\u00c9viers.<\/li>\n<li>WC.<\/li>\n<li>Toitures.<\/li>\n<li>\u00c9gouts.<\/li>\n<li>Tuyauteries. <\/li>\n<\/ul>\n<h2>Nettoyage et entretien des r\u00e9seaux d&rsquo;\u00e9gouts \u00e0 Oron-la-Ville<\/h2>\n<p>Les \u00e9gouts sont le syst\u00e8me principal de la plomberie. Il \u00e9vacue les eaux us\u00e9es des WC, des lavabos et des autres \u00e9quipements sanitaires. Lorsque l\u2019\u00e9gout est plein ou d\u00e9borde, cela peut d\u00e9grader votre propri\u00e9t\u00e9, et mettre votre s\u00e9curit\u00e9 en jeu.<\/p>\n<p>Le nettoyage r\u00e9gulier de votre \u00e9gout permet de pr\u00e9venir les refoulements dans les canalisations et la formation de bouchons. Nos artisans plombiers \u00e0 Oron-la-Ville combinent les technologies de pointes et les techniques standards pour v\u00e9rifier, assainir et garantir l&rsquo;\u00e9coulement de l&rsquo;eau dans vos conduits.<\/p>\n<p>Artisanlocal change les canalisations de vos \u00e9gouts en cas de dommage important. Notre soci\u00e9t\u00e9 peut aussi nettoyer en urgence tout dommage caus\u00e9 par les eaux us\u00e9es dans votre r\u00e9sidence ou soci\u00e9t\u00e9. Nous d\u00e9shumidifions et s\u00e9chons les zones touch\u00e9es dans le but de diminuer les risques d&rsquo;apparition de champignons.<\/p>\n<h2>R\u00e9parations et installations de chauffe-eau<\/h2>\n<p>Vous n&rsquo;avez que de l\u2019eau froide dans vos tuyaux ? Votre chauffe-eau peut avoir des soucis. Artisanlocal effectue la r\u00e9paration de votre chauffe-eau en express. Voici les signes qui indiquent des soucis :<\/p>\n<ul>\n<li>Un faible d\u00e9bit d&rsquo;eau chaude : \u00e7a peut-\u00eatre caus\u00e9 par une fuite de votre cumulus, ou un syst\u00e8me chauffant qui ne fonctionne pas ou l&rsquo;accumulation de s\u00e9diments dans votre r\u00e9servoir.<\/li>\n<li>La pr\u00e9sence d&rsquo;eau pr\u00e8s de votre chauffe-eau : la pr\u00e9sence d&rsquo;eau \u00e0 la base du chauffe-eau peut signaler une panne, ou la pr\u00e9sence d&rsquo;une fissure dans le r\u00e9servoir.<\/li>\n<li>Des bruits bizarres proviennent du cumulus : des bruits \u00e9tranges peuvent r\u00e9v\u00e9ler un d\u00e9p\u00f4t de s\u00e9diments, une d\u00e9faillance de l&rsquo;\u00e9l\u00e9ment chauffant ou d\u2019une fuite d&rsquo;eau.<\/li>\n<li>L&rsquo;eau est d\u00e9color\u00e9e : cela peut \u00eatre caus\u00e9 par la rouille ou \u00e0 d&rsquo;autres contaminants pr\u00e9sents dans le chauffe-eau.<\/li>\n<li>Le cumulus est tout le temps en marche : si vous constatez que votre chauffe-eau marche continuellement, c&rsquo;est peut-\u00eatre que votre chauffe-eau \u00e0 un probl\u00e8me.<\/li>\n<\/ul>\n<p>En faisant appel \u00e0 Artisanlocal d\u00e8s le premier signal d&rsquo;alerte, il est possible d&rsquo;\u00e9viter des co\u00fbts importants pour vos travaux de r\u00e9parations.<\/p>\n<h2>Services de nettoyage apr\u00e8s un d\u00e9g\u00e2t des eaux<\/h2>\n<p>Nos plombiers professionnels nettoient votre logement suite \u00e0 un d\u00e9g\u00e2t des eaux \u00e0 Oron-la-Ville, Artisanlocal vous assiste, en cas de caves submerg\u00e9es, de fortes pr\u00e9cipitations, de ruptures de canalisations, de reflux d&rsquo;\u00e9gouts, et de d\u00e9bordements de toilettes et de baignoires et d&rsquo;autres probl\u00e8mes de plomberie qui peuvent provoquer des dommages.<\/p>\n<h2>Questions fr\u00e9quemment pos\u00e9es<\/h2>\n<h3>Quel est le co\u00fbt d\u2019un plombier \u00e0 Oron-la-Ville ?<\/h3>\n<p>Apr\u00e8s avoir analys\u00e9 votre souci de tuyauterie, les plombiers professionnels d&rsquo;Artisanlocal calculent le prix des travaux. Les montants suivants de nos services sont donn\u00e9s \u00e0 titre indicatif \u00e0 Oron-la-Ville :<\/p>\n<table border=\"1\">\n<tbody>\n<tr>\n<th>Services<\/th>\n<th>Prix CHF<\/th>\n<\/tr>\n<tr>\n<td>Mise en place d\u2019un lavabo<\/td>\n<td>280.00<\/td>\n<\/tr>\n<tr>\n<td>Taux horaire : installation sanitaire<\/td>\n<td>110.00 \u00e0 129.00<\/td>\n<\/tr>\n<tr>\n<td>Pose et raccordement, d\u2019un siphon \u00e0 un \u00e9vier<\/td>\n<td>70.00<\/td>\n<\/tr>\n<tr>\n<td>Montage meuble de salle d&rsquo;eau<\/td>\n<td>95.00<\/td>\n<\/tr>\n<tr>\n<td>Installation et raccordement, d\u2019une douche \u00e0 la tuyauterie<\/td>\n<td>86.00<\/td>\n<\/tr>\n<tr>\n<td>Installation d\u2019un r\u00e9servoir ind\u00e9pendant de WC<\/td>\n<td>112.00<\/td>\n<\/tr>\n<tr>\n<td>Pose d\u2019accessoires de salle d&rsquo;eau<\/td>\n<td>60.00<\/td>\n<\/tr>\n<tr>\n<td>Pose d\u2019un toilette suspendu<\/td>\n<td>170.00<\/td>\n<\/tr>\n<tr>\n<td>D\u00e9placement du plombier aller-retour<\/td>\n<td>100.00<\/td>\n<\/tr>\n<\/tbody>\n<\/table>\n<h3>La soci\u00e9t\u00e9 Artisanlocal est-elle ouverte les samedis et dimanches ?<\/h3>\n<p>Notre service de plomberie est joignable 24h\/24, 7j\/7 et m\u00eame durant les jours f\u00e9ri\u00e9s.<\/p>\n<h3>Les artisans plombiers r\u00e9alisent des interventions \u00e0 Oron-la-Ville et dans les localit\u00e9s voisines ?<\/h3>\n<p>Nos plombiers se d\u00e9placent \u00e0 Oron-la-Ville, comme dans les localit\u00e9s aux environs, telles que : Peney-le-Jorat, Forel (Lavaux), Mollie-Margot, Savigny, Ferlens VD, Servion, Essertes, Les Cullayes, Montpreveyres, Corcelles-le-Jorat, M\u00e9zi\u00e8res VD, Carrouge VD, Vulliens, Ropraz, Les Tavernes, Les Thioleyres, Pal\u00e9zieux, Pal\u00e9zieux-Village, Oron-le-Ch\u00e2tel, Chapelle (Gl\u00e2ne), Bussigny-sur-Oron, Chesalles-sur-Oron, Ch\u00e2tillens, Vuibroye, Le Cr\u00eat-pr\u00e8s-Semsales, Ecoteaux, Maracon.<\/p>\n","protected":false},"excerpt":{"rendered":"<p>Si vous \u00eates un habitant de Oron-la-Ville, nos artisans plombiers se d\u00e9placent \u00e0 votre domicile. Pourquoi faire appel \u00e0 Artisanlocal \u00e0 Oron-la-Ville ? Nous sommes ouverts 24 heures sur 24, tous les jours de la semaine, y compris les jours f\u00e9ri\u00e9s. Nous fournissons des estimations gratuites. Nous utilisons les derni\u00e8res m\u00e9thodes. Notre entreprise est implant\u00e9e [&hellip;]<\/p>\n","protected":false},"author":4,"featured_media":2758,"parent":0,"menu_order":0,"comment_status":"closed","ping_status":"closed","template":"","meta":{"footnotes":""},"profession":[123],"location":[78],"canton":[113],"class_list":["post-983","page","type-page","status-publish","has-post-thumbnail","hentry","profession-sanitaire","location-oron-la-ville","canton-vd"],"yoast_head":"<!-- This site is optimized with the Yoast SEO Premium plugin v25.7.1 (Yoast SEO v27.3) - https:\/\/yoast.com\/product\/yoast-seo-premium-wordpress\/ -->\n<title>Artisan plombier \u00e0 Oron-la-Ville - Artisanlocal<\/title>\n<meta name=\"robots\" content=\"index, follow, max-snippet:-1, max-image-preview:large, max-video-preview:-1\" \/>\n<link rel=\"canonical\" href=\"https:\/\/www.artisanlocal.ch\/c\/artisan-plombier-a-oron-la-ville\/\" \/>\n<meta property=\"og:locale\" content=\"fr_FR\" \/>\n<meta property=\"og:type\" content=\"article\" \/>\n<meta property=\"og:title\" content=\"Artisan plombier \u00e0 Oron-la-Ville\" \/>\n<meta property=\"og:description\" content=\"Si vous \u00eates un habitant de Oron-la-Ville, nos artisans plombiers se d\u00e9placent \u00e0 votre domicile. Pourquoi faire appel \u00e0 Artisanlocal \u00e0 Oron-la-Ville ? Nous sommes ouverts 24 heures sur 24, tous les jours de la semaine, y compris les jours f\u00e9ri\u00e9s. Nous fournissons des estimations gratuites. Nous utilisons les derni\u00e8res m\u00e9thodes. Notre entreprise est implant\u00e9e [&hellip;]\" \/>\n<meta property=\"og:url\" content=\"https:\/\/www.artisanlocal.ch\/c\/artisan-plombier-a-oron-la-ville\/\" \/>\n<meta property=\"og:site_name\" content=\"Artisanlocal\" \/>\n<meta property=\"article:modified_time\" content=\"2025-08-26T17:27:35+00:00\" \/>\n<meta property=\"og:image\" content=\"https:\/\/www.artisanlocal.ch\/c\/wp-content\/uploads\/2024\/10\/plombier.jpg\" \/>\n\t<meta property=\"og:image:width\" content=\"1920\" \/>\n\t<meta property=\"og:image:height\" content=\"300\" \/>\n\t<meta property=\"og:image:type\" content=\"image\/jpeg\" \/>\n<meta name=\"twitter:card\" content=\"summary_large_image\" \/>\n<meta name=\"twitter:label1\" content=\"Dur\u00e9e de lecture estim\u00e9e\" \/>\n\t<meta name=\"twitter:data1\" content=\"6 minutes\" \/>\n<script type=\"application\/ld+json\" class=\"yoast-schema-graph\">{\"@context\":\"https:\\\/\\\/schema.org\",\"@graph\":[{\"@type\":\"WebPage\",\"@id\":\"https:\\\/\\\/www.artisanlocal.ch\\\/c\\\/artisan-plombier-a-oron-la-ville\\\/\",\"url\":\"https:\\\/\\\/www.artisanlocal.ch\\\/c\\\/artisan-plombier-a-oron-la-ville\\\/\",\"name\":\"Artisan plombier \u00e0 Oron-la-Ville - Artisanlocal\",\"isPartOf\":{\"@id\":\"https:\\\/\\\/www.artisanlocal.ch\\\/c\\\/#website\"},\"primaryImageOfPage\":{\"@id\":\"https:\\\/\\\/www.artisanlocal.ch\\\/c\\\/artisan-plombier-a-oron-la-ville\\\/#primaryimage\"},\"image\":{\"@id\":\"https:\\\/\\\/www.artisanlocal.ch\\\/c\\\/artisan-plombier-a-oron-la-ville\\\/#primaryimage\"},\"thumbnailUrl\":\"https:\\\/\\\/www.artisanlocal.ch\\\/c\\\/wp-content\\\/uploads\\\/2024\\\/10\\\/plombier.jpg\",\"datePublished\":\"2024-05-18T10:01:25+00:00\",\"dateModified\":\"2025-08-26T17:27:35+00:00\",\"breadcrumb\":{\"@id\":\"https:\\\/\\\/www.artisanlocal.ch\\\/c\\\/artisan-plombier-a-oron-la-ville\\\/#breadcrumb\"},\"inLanguage\":\"fr-FR\",\"potentialAction\":[{\"@type\":\"ReadAction\",\"target\":[\"https:\\\/\\\/www.artisanlocal.ch\\\/c\\\/artisan-plombier-a-oron-la-ville\\\/\"]}]},{\"@type\":\"ImageObject\",\"inLanguage\":\"fr-FR\",\"@id\":\"https:\\\/\\\/www.artisanlocal.ch\\\/c\\\/artisan-plombier-a-oron-la-ville\\\/#primaryimage\",\"url\":\"https:\\\/\\\/www.artisanlocal.ch\\\/c\\\/wp-content\\\/uploads\\\/2024\\\/10\\\/plombier.jpg\",\"contentUrl\":\"https:\\\/\\\/www.artisanlocal.ch\\\/c\\\/wp-content\\\/uploads\\\/2024\\\/10\\\/plombier.jpg\",\"width\":1920,\"height\":300},{\"@type\":\"BreadcrumbList\",\"@id\":\"https:\\\/\\\/www.artisanlocal.ch\\\/c\\\/artisan-plombier-a-oron-la-ville\\\/#breadcrumb\",\"itemListElement\":[{\"@type\":\"ListItem\",\"position\":1,\"name\":\"Accueil\",\"item\":\"https:\\\/\\\/www.artisanlocal.ch\\\/c\\\/\"},{\"@type\":\"ListItem\",\"position\":2,\"name\":\"Artisan plombier \u00e0 Oron-la-Ville\"}]},{\"@type\":\"WebSite\",\"@id\":\"https:\\\/\\\/www.artisanlocal.ch\\\/c\\\/#website\",\"url\":\"https:\\\/\\\/www.artisanlocal.ch\\\/c\\\/\",\"name\":\"Artisanlocal\",\"description\":\"\",\"publisher\":{\"@id\":\"https:\\\/\\\/www.artisanlocal.ch\\\/c\\\/#organization\"},\"potentialAction\":[{\"@type\":\"SearchAction\",\"target\":{\"@type\":\"EntryPoint\",\"urlTemplate\":\"https:\\\/\\\/www.artisanlocal.ch\\\/c\\\/?s={search_term_string}\"},\"query-input\":{\"@type\":\"PropertyValueSpecification\",\"valueRequired\":true,\"valueName\":\"search_term_string\"}}],\"inLanguage\":\"fr-FR\"},{\"@type\":\"Organization\",\"@id\":\"https:\\\/\\\/www.artisanlocal.ch\\\/c\\\/#organization\",\"name\":\"Artisanlocal\",\"url\":\"https:\\\/\\\/www.artisanlocal.ch\\\/c\\\/\",\"logo\":{\"@type\":\"ImageObject\",\"inLanguage\":\"fr-FR\",\"@id\":\"https:\\\/\\\/www.artisanlocal.ch\\\/c\\\/#\\\/schema\\\/logo\\\/image\\\/\",\"url\":\"https:\\\/\\\/www.artisanlocal.ch\\\/c\\\/wp-content\\\/uploads\\\/2024\\\/02\\\/logo-artisanlocal-h.svg\",\"contentUrl\":\"https:\\\/\\\/www.artisanlocal.ch\\\/c\\\/wp-content\\\/uploads\\\/2024\\\/02\\\/logo-artisanlocal-h.svg\",\"caption\":\"Artisanlocal\"},\"image\":{\"@id\":\"https:\\\/\\\/www.artisanlocal.ch\\\/c\\\/#\\\/schema\\\/logo\\\/image\\\/\"}}]}<\/script>\n<!-- \/ Yoast SEO Premium plugin. -->","yoast_head_json":{"title":"Artisan plombier \u00e0 Oron-la-Ville - Artisanlocal","robots":{"index":"index","follow":"follow","max-snippet":"max-snippet:-1","max-image-preview":"max-image-preview:large","max-video-preview":"max-video-preview:-1"},"canonical":"https:\/\/www.artisanlocal.ch\/c\/artisan-plombier-a-oron-la-ville\/","og_locale":"fr_FR","og_type":"article","og_title":"Artisan plombier \u00e0 Oron-la-Ville","og_description":"Si vous \u00eates un habitant de Oron-la-Ville, nos artisans plombiers se d\u00e9placent \u00e0 votre domicile. Pourquoi faire appel \u00e0 Artisanlocal \u00e0 Oron-la-Ville ? Nous sommes ouverts 24 heures sur 24, tous les jours de la semaine, y compris les jours f\u00e9ri\u00e9s. Nous fournissons des estimations gratuites. Nous utilisons les derni\u00e8res m\u00e9thodes. Notre entreprise est implant\u00e9e [&hellip;]","og_url":"https:\/\/www.artisanlocal.ch\/c\/artisan-plombier-a-oron-la-ville\/","og_site_name":"Artisanlocal","article_modified_time":"2025-08-26T17:27:35+00:00","og_image":[{"width":1920,"height":300,"url":"https:\/\/www.artisanlocal.ch\/c\/wp-content\/uploads\/2024\/10\/plombier.jpg","type":"image\/jpeg"}],"twitter_card":"summary_large_image","twitter_misc":{"Dur\u00e9e de lecture estim\u00e9e":"6 minutes"},"schema":{"@context":"https:\/\/schema.org","@graph":[{"@type":"WebPage","@id":"https:\/\/www.artisanlocal.ch\/c\/artisan-plombier-a-oron-la-ville\/","url":"https:\/\/www.artisanlocal.ch\/c\/artisan-plombier-a-oron-la-ville\/","name":"Artisan plombier \u00e0 Oron-la-Ville - Artisanlocal","isPartOf":{"@id":"https:\/\/www.artisanlocal.ch\/c\/#website"},"primaryImageOfPage":{"@id":"https:\/\/www.artisanlocal.ch\/c\/artisan-plombier-a-oron-la-ville\/#primaryimage"},"image":{"@id":"https:\/\/www.artisanlocal.ch\/c\/artisan-plombier-a-oron-la-ville\/#primaryimage"},"thumbnailUrl":"https:\/\/www.artisanlocal.ch\/c\/wp-content\/uploads\/2024\/10\/plombier.jpg","datePublished":"2024-05-18T10:01:25+00:00","dateModified":"2025-08-26T17:27:35+00:00","breadcrumb":{"@id":"https:\/\/www.artisanlocal.ch\/c\/artisan-plombier-a-oron-la-ville\/#breadcrumb"},"inLanguage":"fr-FR","potentialAction":[{"@type":"ReadAction","target":["https:\/\/www.artisanlocal.ch\/c\/artisan-plombier-a-oron-la-ville\/"]}]},{"@type":"ImageObject","inLanguage":"fr-FR","@id":"https:\/\/www.artisanlocal.ch\/c\/artisan-plombier-a-oron-la-ville\/#primaryimage","url":"https:\/\/www.artisanlocal.ch\/c\/wp-content\/uploads\/2024\/10\/plombier.jpg","contentUrl":"https:\/\/www.artisanlocal.ch\/c\/wp-content\/uploads\/2024\/10\/plombier.jpg","width":1920,"height":300},{"@type":"BreadcrumbList","@id":"https:\/\/www.artisanlocal.ch\/c\/artisan-plombier-a-oron-la-ville\/#breadcrumb","itemListElement":[{"@type":"ListItem","position":1,"name":"Accueil","item":"https:\/\/www.artisanlocal.ch\/c\/"},{"@type":"ListItem","position":2,"name":"Artisan plombier \u00e0 Oron-la-Ville"}]},{"@type":"WebSite","@id":"https:\/\/www.artisanlocal.ch\/c\/#website","url":"https:\/\/www.artisanlocal.ch\/c\/","name":"Artisanlocal","description":"","publisher":{"@id":"https:\/\/www.artisanlocal.ch\/c\/#organization"},"potentialAction":[{"@type":"SearchAction","target":{"@type":"EntryPoint","urlTemplate":"https:\/\/www.artisanlocal.ch\/c\/?s={search_term_string}"},"query-input":{"@type":"PropertyValueSpecification","valueRequired":true,"valueName":"search_term_string"}}],"inLanguage":"fr-FR"},{"@type":"Organization","@id":"https:\/\/www.artisanlocal.ch\/c\/#organization","name":"Artisanlocal","url":"https:\/\/www.artisanlocal.ch\/c\/","logo":{"@type":"ImageObject","inLanguage":"fr-FR","@id":"https:\/\/www.artisanlocal.ch\/c\/#\/schema\/logo\/image\/","url":"https:\/\/www.artisanlocal.ch\/c\/wp-content\/uploads\/2024\/02\/logo-artisanlocal-h.svg","contentUrl":"https:\/\/www.artisanlocal.ch\/c\/wp-content\/uploads\/2024\/02\/logo-artisanlocal-h.svg","caption":"Artisanlocal"},"image":{"@id":"https:\/\/www.artisanlocal.ch\/c\/#\/schema\/logo\/image\/"}}]}},"_links":{"self":[{"href":"https:\/\/www.artisanlocal.ch\/c\/wp-json\/wp\/v2\/pages\/983","targetHints":{"allow":["GET"]}}],"collection":[{"href":"https:\/\/www.artisanlocal.ch\/c\/wp-json\/wp\/v2\/pages"}],"about":[{"href":"https:\/\/www.artisanlocal.ch\/c\/wp-json\/wp\/v2\/types\/page"}],"author":[{"embeddable":true,"href":"https:\/\/www.artisanlocal.ch\/c\/wp-json\/wp\/v2\/users\/4"}],"replies":[{"embeddable":true,"href":"https:\/\/www.artisanlocal.ch\/c\/wp-json\/wp\/v2\/comments?post=983"}],"version-history":[{"count":0,"href":"https:\/\/www.artisanlocal.ch\/c\/wp-json\/wp\/v2\/pages\/983\/revisions"}],"wp:featuredmedia":[{"embeddable":true,"href":"https:\/\/www.artisanlocal.ch\/c\/wp-json\/wp\/v2\/media\/2758"}],"wp:attachment":[{"href":"https:\/\/www.artisanlocal.ch\/c\/wp-json\/wp\/v2\/media?parent=983"}],"wp:term":[{"taxonomy":"profession","embeddable":true,"href":"https:\/\/www.artisanlocal.ch\/c\/wp-json\/wp\/v2\/profession?post=983"},{"taxonomy":"location","embeddable":true,"href":"https:\/\/www.artisanlocal.ch\/c\/wp-json\/wp\/v2\/location?post=983"},{"taxonomy":"canton","embeddable":true,"href":"https:\/\/www.artisanlocal.ch\/c\/wp-json\/wp\/v2\/canton?post=983"}],"curies":[{"name":"wp","href":"https:\/\/api.w.org\/{rel}","templated":true}]}}