{"id":984,"date":"2024-05-18T15:48:08","date_gmt":"2024-05-18T13:48:08","guid":{"rendered":"https:\/\/www.artisanlocal.ch\/c\/plombier-a-rolle\/"},"modified":"2025-08-26T19:27:31","modified_gmt":"2025-08-26T17:27:31","slug":"plombier-a-rolle","status":"publish","type":"page","link":"https:\/\/www.artisanlocal.ch\/c\/plombier-a-rolle\/","title":{"rendered":"Plombier \u00e0 Rolle"},"content":{"rendered":"<p>Si vous \u00eates domicili\u00e9 \u00e0 Rolle, en cas d&rsquo;urgence, nos artisans plombiers se d\u00e9placent \u00e0 votre logement.<\/p>\n\r\n<div class=\"box\">\r\n            <div class=\"company-info\">\r\n            <img decoding=\"async\" class=\"company-info__logo\" src=\"https:\/\/www.artisanlocal.ch\/media\/cache\/thumb\/images\/companies\/6405ac003b93f146930056.png\" alt=\"Logo\">\r\n            <h2 class=\"company-info__name\">SR Chauffage et sanitaire Sylvain Robert<\/h2>\r\n            <p class=\"company-info__business\">Chauffages - Installations sanitaires - D\u00e9pannage<\/p>\r\n        <\/div>\r\n        <div class=\"company-contact\">\r\n            <p class=\"company-info__address\">Route de Saint-Cergue 8<\/p>\r\n                            <div class=\"links\">\r\n                                            <a class=\"btn has-accent-background-color js-phoneNumber\" href=\"tel:0795233666\" title=\"Appelez\" data-id=\"2465\" data-type=\"11\">079 523 36 66<\/a>\r\n                                                                <a class=\"btn has-accent-background-color\" href=\"http:\/\/srchauffage.ch\/\" target=\"_blank\" title=\"Voir le site internet\" data-id=\"2465\" data-type=\"20\">Site internet<\/a>\r\n                                    <\/div>\r\n                    <\/div>\r\n    \r\n            \r\n<form action=\"https:\/\/www.artisanlocal.ch\/c\/wp-admin\/admin-ajax.php\" method=\"post\" class=\"form-contact\" id=\"artisan_form_contact_company_inline\">\r\n    <div><input type=\"hidden\" name=\"action\" value=\"company_contact\"><\/div>\r\n    <div><input type=\"hidden\" name=\"nonce\" value=\"09754e6304\"><\/div>\r\n    <div><input type=\"hidden\" name=\"company_id\" value=\"2465\"><\/div>\r\n    <div><input type=\"hidden\" name=\"form_id\" value=\"artisan_form_contact_company_inline\"><\/div>\r\n    <div class=\"gglcptch gglcptch_v3 gglcptch_custom\"><input type=\"hidden\" id=\"g-recaptcha-response\" name=\"g-recaptcha-response\" \/><br \/><div class=\"gglcptch_error_text\">La p\u00e9riode de v\u00e9rification reCAPTCHA a expir\u00e9. Veuillez recharger la page.<\/div><\/div>    <div class=\"form-content\">\r\n        <div class=\"form-group\">\r\n            <label for=\"contact_firstName\" class=\"required\">Pr\u00e9nom<\/label>\r\n            <input type=\"text\" name=\"firstName\" class=\"form-control\" required>\r\n        <\/div>\r\n        <div class=\"form-group\">\r\n            <label for=\"contact_lastName\" class=\"required\">Nom<\/label>\r\n            <input type=\"text\" name=\"lastName\" class=\"form-control\" required>\r\n        <\/div>\r\n        <div class=\"form-group\">\r\n            <label for=\"contact_email\" class=\"required\">Email<\/label>\r\n            <input type=\"email\" name=\"email\" class=\"form-control\" required>\r\n        <\/div>\r\n        <div class=\"form-group\">\r\n            <label for=\"contact_phone\" class=\"required\">Num\u00e9ro de t\u00e9l\u00e9phone<\/label>\r\n            <input type=\"tel\" name=\"phone\" class=\"form-control\" placeholder=\"0787117165\" pattern=\"^[0-9]{10}$\" required>\r\n        <\/div>\r\n        <div class=\"form-group\">\r\n            <label for=\"contact_postalCode\" class=\"required\">Code postal et localit\u00e9<\/label>\r\n            <input type=\"text\" name=\"postalCode\" class=\"form-control\" required>\r\n        <\/div>\r\n        <div class=\"form-group\">\r\n            <label for=\"contact_address\" class=\"required\">Adresse<\/label>\r\n            <input type=\"text\" name=\"address\" class=\"form-control\" required>\r\n        <\/div>\r\n        <div class=\"full-width topic\">\r\n            <p class=\"required\">Je souhaite \u00eatre contact\u00e9 pour :<\/p>\r\n            <div class=\"form-check\">\r\n                <input type=\"radio\" name=\"topic\" value=\"D\u00e9pannage\" class=\"form-control\" required>\r\n                <label for=\"d\u00e9pannage\">D\u00e9pannage<\/label>\r\n            <\/div>\r\n            <div class=\"form-check\">\r\n                <input type=\"radio\" name=\"topic\" value=\"Entretien\" class=\"form-control\" required>\r\n                <label for=\"entretien\">Entretien<\/label>\r\n            <\/div>\r\n            <div class=\"form-check\">\r\n                <input type=\"radio\" name=\"topic\" value=\"R\u00e9novation\" class=\"form-control\" required>\r\n                <label for=\"r\u00e9novation\">R\u00e9novation<\/label>\r\n            <\/div>\r\n            <div class=\"form-check\">\r\n                <input type=\"radio\" name=\"topic\" value=\"Autre\" class=\"form-control\" required>\r\n                <label for=\"autre\">Autre<\/label>\r\n            <\/div>\r\n        <\/div>\r\n        <div class=\"form-group full-width\">\r\n            <label for=\"contact_message\">Message<\/label>\r\n            <textarea name=\"message\" rows=\"3\" class=\"form-control\"><\/textarea>\r\n        <\/div>\r\n    <\/div>\r\n    <div class=\"form-actions\">\r\n        <button class=\"wp-block-button__link has-accent-background-color\">Contacter<\/button>\r\n    <\/div>\r\n<\/form>\r\n<div class=\"form-feedback\"><\/div>    <\/div>\n<h2>Pourquoi faire appel \u00e0 notre entreprise de plombier \u00e0 Rolle ?<\/h2>\n<ul>\n<li>Nous sommes ouverts tous les jours de la semaine, y compris les jours f\u00e9ri\u00e9s.<\/li>\n<li>Nous offrons des estimations gratuites.<\/li>\n<li>Nos artisans plombiers utilisent les derni\u00e8res technologies et techniques.<\/li>\n<li>Notre soci\u00e9t\u00e9 est localis\u00e9e \u00e0 Rolle nous permettant d&rsquo;intervenir rapidement dans votre foyer.<\/li>\n<li>Nous proposons des tarifs comp\u00e9titifs.<\/li>\n<li>Tous nos plombiers sont qualifi\u00e9s.<\/li>\n<li>Nous examinons votre plomberie avant les travaux.<\/li>\n<li>Nous r\u00e9alisons tous types de travaux de plomberie.<\/li>\n<\/ul>\n<h2>Les services que nous r\u00e9alisons \u00e0 Rolle<\/h2>\n<ul>\n<li>Nous localisons les fuites et ensuite, nous r\u00e9parons vos tuyauteries.<\/li>\n<li>Nos artisans plombiers changent vos \u00e9quipements sanitaires.<\/li>\n<li>Nos artisans r\u00e9parent tous vos sanitaires.<\/li>\n<li>Les services de plomberie, tel que : l&rsquo;installation de lavabo, d&rsquo;\u00e9vier, de la tuyauterie et de robinet.<\/li>\n<li>Nous installons les chaudi\u00e8res et les chauffes-eau.<\/li>\n<li>Nous r\u00e9alisons le d\u00e9bouchage et l&rsquo;assainissement de vos canalisations.<\/li>\n<li>Nous restaurons int\u00e9gralement les salles de bain.<\/li>\n<li>Nous pouvons aussi r\u00e9aliser aussi la vidange de votre fosse septique.<\/li>\n<\/ul>\n<h2>Comment fonctionne Artisanlocal ?<\/h2>\n<ol>\n<li>Suite \u00e0 votre demande d&rsquo;informations par email ou t\u00e9l\u00e9phone, un de nos artisans plombiers vous contacte pour analyser l&rsquo;ampleur de votre probl\u00e8me.<\/li>\n<li>Apr\u00e8s cela, vous recevrez une estimation gratuite pour vos travaux. Vous ne r\u00e8glerez aucuns frais suppl\u00e9mentaires, sauf s&rsquo;il y a de gros travaux ou que vous avez besoin de remplacer certaines pi\u00e8ces de votre plomberie.<\/li>\n<li>Apr\u00e8s avoir donn\u00e9 votre accord pour le devis, nous conviendrons ensemble d&rsquo;une date d&rsquo;intervention \u00e0 votre domicile.<\/li>\n<\/ol>\n<h2>Services de plomberie pour les particuliers \u00e0 Rolle<\/h2>\n<p>Si votre plomberie est d\u00e9fectueuse, il y a un risque que vous contaminiez l&rsquo;eau de votre foyer, ce qui peut mettre votre famille en danger, c&rsquo;est pour cela que le plombier qui intervient \u00e0 votre logement r\u00e9alise :<\/p>\n<ul>\n<li>La d\u00e9tection et la r\u00e9paration de fuites dans vos tuyaux.<\/li>\n<li>Le d\u00e9bouchage et l&rsquo;entretien de vos canalisations.<\/li>\n<li>L\u2019entretien de votre chauffe-eau.<\/li>\n<li>Le contr\u00f4le de vos tuyaux.<\/li>\n<li>La r\u00e9novation de vos canalisations.<\/li>\n<li>La remise en \u00e9tat apr\u00e8s un d\u00e9g\u00e2t des eaux.<\/li>\n<\/ul>\n<h2>Artisanlocal aux services des entreprises \u00e0 Rolle<\/h2>\n<p>\u00c0 Rolle, il y a des boutiques de vente au d\u00e9tail, PME et restaurants. Une fuite dans un robinet, un reflux dans une canalisation ou encore un probl\u00e8me de chauffe-eau sont des incidents fr\u00e9quents qui peuvent baisser la productivit\u00e9 de vos employ\u00e9s. Artisanlocal soutiens votre soci\u00e9t\u00e9 pour :<\/p>\n<ul>\n<li>Le d\u00e9gorgement de vos \u00e9viers et le remplacement de vos mitigeurs de cuisine.<\/li>\n<li>La r\u00e9paration et la v\u00e9rification de vos tuyaux.<\/li>\n<li>Le nettoyage par jet d&rsquo;eau de vos canalisations.<\/li>\n<li>La mise en place de nouveaux appareils dans votre syst\u00e8me de plomberie.<\/li>\n<li>La maintenance et la r\u00e9paration de votre bac \u00e0 graisse.<\/li>\n<li>L\u2019installation, la r\u00e9paration et l&rsquo;entretien de votre chauffe-eau ou syst\u00e8me de chauffage.<\/li>\n<li>La r\u00e9novation de vos tuyaux de canalisations.<\/li>\n<li>Le d\u00e9pannage de vos appareils sanitaires.<\/li>\n<li>L\u2019inspection de vos tuyaux par vid\u00e9o.<\/li>\n<\/ul>\n<h2>Service d&rsquo;entretien de vos tuyaux de canalisations \u00e0 Rolle en urgence<\/h2>\n<p>Nos artisans nettoient vos canalisations \u00e0 Rolle en urgence dans le but de vous \u00e9pargner des probl\u00e8mes d\u2019\u00e9coulement de vos eaux us\u00e9es, des remont\u00e9es de mauvaises odeurs ou encore du d\u00e9bordement de vos baignoires, toilettes ou \u00e9viers, d&rsquo;autre part, nos artisans plombiers interviennent en urgence pour vos :<\/p>\n<ul>\n<li>\u00c9viers.<\/li>\n<li>WC.<\/li>\n<li>Toits (goutti\u00e8res).<\/li>\n<li>Syst\u00e8mes d&rsquo;\u00e9gouts.<\/li>\n<li>Canalisations. <\/li>\n<\/ul>\n<h2>Nettoyage et entretien des r\u00e9seaux d&rsquo;\u00e9gouts \u00e0 Rolle<\/h2>\n<p>Le syst\u00e8me d&rsquo;\u00e9gouts repr\u00e9sente le c\u0153ur de la plomberie. Il \u00e9vacue les eaux us\u00e9es des \u00e9viers, des w.c. Et des autres appareils sanitaires. Si votre \u00e9gout est plein ou que l&rsquo;eau remonte, cela peut provoquer des d\u00e9g\u00e2ts dans votre appartement, et vous mettre en danger.<\/p>\n<p>L&rsquo;entretien r\u00e9gulier de votre \u00e9gout permet de pr\u00e9venir les refoulements dans les canalisations et la formation de bouchons. Nos artisans plombiers \u00e0 Rolle utilisent les derni\u00e8res technologies pour inspecter, \u00e9liminer et r\u00e9tablir le bon \u00e9coulement des eaux us\u00e9es dans vos canalisations.<\/p>\n<p>Artisanlocal peut aussi changer votre conduite d&rsquo;\u00e9gout si elle est trop ab\u00eem\u00e9e. Notre entreprise propose aussi le nettoyage de votre entreprise ou de votre domicile \u00e0 la suite d&rsquo;un dommage caus\u00e9 par l&rsquo;eau. Pour \u00e9viter la formation de moisissures, nous d\u00e9shumidifions et s\u00e9chons les zones de votre habitat \u00e0 risques.<\/p>\n<h2>Services de r\u00e9paration et de mise en place de chauffe-eau \u00e0 Rolle<\/h2>\n<p>Tout ce que vous avez, c&rsquo;est de l\u2019eau froide dans vos tuyaux ? Votre chauffe-eau peut avoir des soucis techniques. Notre entreprise r\u00e9pare votre cumulus rapidement. Voici les indices qui indiquent des soucis :<\/p>\n<ul>\n<li>La diminution du volume de l\u2019eau chaude : vous avez possiblement une fuite dans votre chauffe-eau, ou un \u00e9l\u00e9ment chauffant en panne ou l&rsquo;accumulation de s\u00e9diments dans votre r\u00e9servoir.<\/li>\n<li>La pr\u00e9sence d&rsquo;eau autour de votre r\u00e9servoir : la pr\u00e9sence d&rsquo;eau \u00e0 la base du cumulus peut-\u00eatre l&rsquo;indication d&rsquo;un probl\u00e8me grave, ou potentiellement d&rsquo;une fissure dans le chauffe-eau.<\/li>\n<li>Des bruits bizarres proviennent du cumulus : si vous entendez des sons \u00e9tranges, cela peut \u00eatre d\u00fb \u00e0 l&rsquo;accumulation de s\u00e9diments, une d\u00e9faillance de l&rsquo;\u00e9l\u00e9ment chauffant ou d\u2019une fuite d&rsquo;eau.<\/li>\n<li>La d\u00e9coloration de l&rsquo;eau : c&rsquo;est provoquer par la pr\u00e9sence de rouille ou d&rsquo;autres substances nocives dans votre chauffe-eau.<\/li>\n<li>Le chauffe-eau fonctionne en sans interruption : si vous constatez que votre chauffe-eau marche tr\u00e8s fr\u00e9quemment, cela peut \u00eatre d\u00fb \u00e0 un probl\u00e8me.<\/li>\n<\/ul>\n<p>En faisant appel \u00e0 Artisanlocal au premier signe d\u2019alerte, il est possible d&rsquo;\u00e9viter des co\u00fbts \u00e9lev\u00e9s pour vos r\u00e9parations.<\/p>\n<h2>Nettoyage apr\u00e8s un d\u00e9g\u00e2t des eaux<\/h2>\n<p>Nos plombiers peuvent nettoyer votre habitat apr\u00e8s un d\u00e9g\u00e2t des eaux \u00e0 Rolle, nos plombiers sont disponibles pour vous apporter une assistance en cas de caves inond\u00e9es, de ruptures de tuyaux de canalisations, de d\u00e9bordements de toilettes et de douches, de fortes pluies, de reflux d&rsquo;\u00e9gouts et d&rsquo;autres soucis de canalisation li\u00e9s \u00e0 un d\u00e9g\u00e2t des eaux.<\/p>\n<h2>FAQ<\/h2>\n<h3>Quel est le co\u00fbt d\u2019un plombier \u00e0 Rolle ?<\/h3>\n<p>Apr\u00e8s analyse de votre probl\u00e8me de plomberie, Artisanlocal vous fournit une estimation gratuite. Les montants de nos services sont donn\u00e9s \u00e0 titre indicatif \u00e0 Rolle :<\/p>\n<table border=\"1\">\n<tbody>\n<tr>\n<th>Prestations<\/th>\n<th>Prix CHF<\/th>\n<\/tr>\n<tr>\n<td>Installation d\u2019un lavabo<\/td>\n<td>280.00<\/td>\n<\/tr>\n<tr>\n<td>Tarif horaire : pose sanitaire<\/td>\n<td>110.00 \u00e0 129.00<\/td>\n<\/tr>\n<tr>\n<td>Pose et raccord, d\u2019un siphon \u00e0 un lavabo<\/td>\n<td>70.00<\/td>\n<\/tr>\n<tr>\n<td>Assemblage meuble de salle de bain<\/td>\n<td>95.00<\/td>\n<\/tr>\n<tr>\n<td>Mise en place et raccord, d\u2019une douche \u00e0 la robinetterie<\/td>\n<td>86.00<\/td>\n<\/tr>\n<tr>\n<td>Mise en place d\u2019un r\u00e9servoir de WC<\/td>\n<td>112.00<\/td>\n<\/tr>\n<tr>\n<td>Pose d\u2019accessoires de salle de bain<\/td>\n<td>60.00<\/td>\n<\/tr>\n<tr>\n<td>Pose d\u2019un toilette suspendu<\/td>\n<td>170.00<\/td>\n<\/tr>\n<tr>\n<td>D\u00e9placement aller-retour<\/td>\n<td>100.00<\/td>\n<\/tr>\n<\/tbody>\n<\/table>\n<h3>Votre soci\u00e9t\u00e9 de plomberie \u00e0 Rolle est ouverte le dimanche et le samedi ?<\/h3>\n<p>Artisanlocal offre un service de plomberie en continu, 24\/7 et m\u00eame pendant les jours f\u00e9ri\u00e9s.<\/p>\n<h3>Nos professionnels op\u00e8rent \u00e0 Rolle et dans les communes aux environs ?<\/h3>\n<p>Oui, les plombiers de notre soci\u00e9t\u00e9 interviennent \u00e0 Rolle, \u00e9galement dans les communes aux alentours, telles que : Tartegnin, Gilly, Bursins, Luins, Vinzel, Mont-sur-Rolle, Essertines-sur-Rolle, St-Oyens, Gimel, St-George, Bursinel, Dully, Longirod, Marchissy, Burtigny.<\/p>\n","protected":false},"excerpt":{"rendered":"<p>Si vous \u00eates domicili\u00e9 \u00e0 Rolle, en cas d&rsquo;urgence, nos artisans plombiers se d\u00e9placent \u00e0 votre logement. Pourquoi faire appel \u00e0 notre entreprise de plombier \u00e0 Rolle ? Nous sommes ouverts tous les jours de la semaine, y compris les jours f\u00e9ri\u00e9s. Nous offrons des estimations gratuites. Nos artisans plombiers utilisent les derni\u00e8res technologies et [&hellip;]<\/p>\n","protected":false},"author":4,"featured_media":2758,"parent":0,"menu_order":0,"comment_status":"closed","ping_status":"closed","template":"","meta":{"footnotes":""},"profession":[123],"location":[70],"canton":[113],"class_list":["post-984","page","type-page","status-publish","has-post-thumbnail","hentry","profession-sanitaire","location-rolle","canton-vd"],"yoast_head":"<!-- This site is optimized with the Yoast SEO Premium plugin v25.7.1 (Yoast SEO v27.4) - https:\/\/yoast.com\/product\/yoast-seo-premium-wordpress\/ -->\n<title>Plombier \u00e0 Rolle - Artisanlocal<\/title>\n<meta name=\"robots\" content=\"index, follow, max-snippet:-1, max-image-preview:large, max-video-preview:-1\" \/>\n<link rel=\"canonical\" href=\"https:\/\/www.artisanlocal.ch\/c\/plombier-a-rolle\/\" \/>\n<meta property=\"og:locale\" content=\"fr_FR\" \/>\n<meta property=\"og:type\" content=\"article\" \/>\n<meta property=\"og:title\" content=\"Plombier \u00e0 Rolle\" \/>\n<meta property=\"og:description\" content=\"Si vous \u00eates domicili\u00e9 \u00e0 Rolle, en cas d&rsquo;urgence, nos artisans plombiers se d\u00e9placent \u00e0 votre logement. Pourquoi faire appel \u00e0 notre entreprise de plombier \u00e0 Rolle ? Nous sommes ouverts tous les jours de la semaine, y compris les jours f\u00e9ri\u00e9s. Nous offrons des estimations gratuites. Nos artisans plombiers utilisent les derni\u00e8res technologies et [&hellip;]\" \/>\n<meta property=\"og:url\" content=\"https:\/\/www.artisanlocal.ch\/c\/plombier-a-rolle\/\" \/>\n<meta property=\"og:site_name\" content=\"Artisanlocal\" \/>\n<meta property=\"article:modified_time\" content=\"2025-08-26T17:27:31+00:00\" \/>\n<meta property=\"og:image\" content=\"https:\/\/www.artisanlocal.ch\/c\/wp-content\/uploads\/2024\/10\/plombier.jpg\" \/>\n\t<meta property=\"og:image:width\" content=\"1920\" \/>\n\t<meta property=\"og:image:height\" content=\"300\" \/>\n\t<meta property=\"og:image:type\" content=\"image\/jpeg\" \/>\n<meta name=\"twitter:card\" content=\"summary_large_image\" \/>\n<meta name=\"twitter:label1\" content=\"Dur\u00e9e de lecture estim\u00e9e\" \/>\n\t<meta name=\"twitter:data1\" content=\"6 minutes\" \/>\n<script type=\"application\/ld+json\" class=\"yoast-schema-graph\">{\"@context\":\"https:\\\/\\\/schema.org\",\"@graph\":[{\"@type\":\"WebPage\",\"@id\":\"https:\\\/\\\/www.artisanlocal.ch\\\/c\\\/plombier-a-rolle\\\/\",\"url\":\"https:\\\/\\\/www.artisanlocal.ch\\\/c\\\/plombier-a-rolle\\\/\",\"name\":\"Plombier \u00e0 Rolle - Artisanlocal\",\"isPartOf\":{\"@id\":\"https:\\\/\\\/www.artisanlocal.ch\\\/c\\\/#website\"},\"primaryImageOfPage\":{\"@id\":\"https:\\\/\\\/www.artisanlocal.ch\\\/c\\\/plombier-a-rolle\\\/#primaryimage\"},\"image\":{\"@id\":\"https:\\\/\\\/www.artisanlocal.ch\\\/c\\\/plombier-a-rolle\\\/#primaryimage\"},\"thumbnailUrl\":\"https:\\\/\\\/www.artisanlocal.ch\\\/c\\\/wp-content\\\/uploads\\\/2024\\\/10\\\/plombier.jpg\",\"datePublished\":\"2024-05-18T13:48:08+00:00\",\"dateModified\":\"2025-08-26T17:27:31+00:00\",\"breadcrumb\":{\"@id\":\"https:\\\/\\\/www.artisanlocal.ch\\\/c\\\/plombier-a-rolle\\\/#breadcrumb\"},\"inLanguage\":\"fr-FR\",\"potentialAction\":[{\"@type\":\"ReadAction\",\"target\":[\"https:\\\/\\\/www.artisanlocal.ch\\\/c\\\/plombier-a-rolle\\\/\"]}]},{\"@type\":\"ImageObject\",\"inLanguage\":\"fr-FR\",\"@id\":\"https:\\\/\\\/www.artisanlocal.ch\\\/c\\\/plombier-a-rolle\\\/#primaryimage\",\"url\":\"https:\\\/\\\/www.artisanlocal.ch\\\/c\\\/wp-content\\\/uploads\\\/2024\\\/10\\\/plombier.jpg\",\"contentUrl\":\"https:\\\/\\\/www.artisanlocal.ch\\\/c\\\/wp-content\\\/uploads\\\/2024\\\/10\\\/plombier.jpg\",\"width\":1920,\"height\":300},{\"@type\":\"BreadcrumbList\",\"@id\":\"https:\\\/\\\/www.artisanlocal.ch\\\/c\\\/plombier-a-rolle\\\/#breadcrumb\",\"itemListElement\":[{\"@type\":\"ListItem\",\"position\":1,\"name\":\"Accueil\",\"item\":\"https:\\\/\\\/www.artisanlocal.ch\\\/c\\\/\"},{\"@type\":\"ListItem\",\"position\":2,\"name\":\"Plombier \u00e0 Rolle\"}]},{\"@type\":\"WebSite\",\"@id\":\"https:\\\/\\\/www.artisanlocal.ch\\\/c\\\/#website\",\"url\":\"https:\\\/\\\/www.artisanlocal.ch\\\/c\\\/\",\"name\":\"Artisanlocal\",\"description\":\"\",\"publisher\":{\"@id\":\"https:\\\/\\\/www.artisanlocal.ch\\\/c\\\/#organization\"},\"potentialAction\":[{\"@type\":\"SearchAction\",\"target\":{\"@type\":\"EntryPoint\",\"urlTemplate\":\"https:\\\/\\\/www.artisanlocal.ch\\\/c\\\/?s={search_term_string}\"},\"query-input\":{\"@type\":\"PropertyValueSpecification\",\"valueRequired\":true,\"valueName\":\"search_term_string\"}}],\"inLanguage\":\"fr-FR\"},{\"@type\":\"Organization\",\"@id\":\"https:\\\/\\\/www.artisanlocal.ch\\\/c\\\/#organization\",\"name\":\"Artisanlocal\",\"url\":\"https:\\\/\\\/www.artisanlocal.ch\\\/c\\\/\",\"logo\":{\"@type\":\"ImageObject\",\"inLanguage\":\"fr-FR\",\"@id\":\"https:\\\/\\\/www.artisanlocal.ch\\\/c\\\/#\\\/schema\\\/logo\\\/image\\\/\",\"url\":\"https:\\\/\\\/www.artisanlocal.ch\\\/c\\\/wp-content\\\/uploads\\\/2024\\\/02\\\/logo-artisanlocal-h.svg\",\"contentUrl\":\"https:\\\/\\\/www.artisanlocal.ch\\\/c\\\/wp-content\\\/uploads\\\/2024\\\/02\\\/logo-artisanlocal-h.svg\",\"caption\":\"Artisanlocal\"},\"image\":{\"@id\":\"https:\\\/\\\/www.artisanlocal.ch\\\/c\\\/#\\\/schema\\\/logo\\\/image\\\/\"}}]}<\/script>\n<!-- \/ Yoast SEO Premium plugin. -->","yoast_head_json":{"title":"Plombier \u00e0 Rolle - Artisanlocal","robots":{"index":"index","follow":"follow","max-snippet":"max-snippet:-1","max-image-preview":"max-image-preview:large","max-video-preview":"max-video-preview:-1"},"canonical":"https:\/\/www.artisanlocal.ch\/c\/plombier-a-rolle\/","og_locale":"fr_FR","og_type":"article","og_title":"Plombier \u00e0 Rolle","og_description":"Si vous \u00eates domicili\u00e9 \u00e0 Rolle, en cas d&rsquo;urgence, nos artisans plombiers se d\u00e9placent \u00e0 votre logement. Pourquoi faire appel \u00e0 notre entreprise de plombier \u00e0 Rolle ? Nous sommes ouverts tous les jours de la semaine, y compris les jours f\u00e9ri\u00e9s. Nous offrons des estimations gratuites. Nos artisans plombiers utilisent les derni\u00e8res technologies et [&hellip;]","og_url":"https:\/\/www.artisanlocal.ch\/c\/plombier-a-rolle\/","og_site_name":"Artisanlocal","article_modified_time":"2025-08-26T17:27:31+00:00","og_image":[{"width":1920,"height":300,"url":"https:\/\/www.artisanlocal.ch\/c\/wp-content\/uploads\/2024\/10\/plombier.jpg","type":"image\/jpeg"}],"twitter_card":"summary_large_image","twitter_misc":{"Dur\u00e9e de lecture estim\u00e9e":"6 minutes"},"schema":{"@context":"https:\/\/schema.org","@graph":[{"@type":"WebPage","@id":"https:\/\/www.artisanlocal.ch\/c\/plombier-a-rolle\/","url":"https:\/\/www.artisanlocal.ch\/c\/plombier-a-rolle\/","name":"Plombier \u00e0 Rolle - Artisanlocal","isPartOf":{"@id":"https:\/\/www.artisanlocal.ch\/c\/#website"},"primaryImageOfPage":{"@id":"https:\/\/www.artisanlocal.ch\/c\/plombier-a-rolle\/#primaryimage"},"image":{"@id":"https:\/\/www.artisanlocal.ch\/c\/plombier-a-rolle\/#primaryimage"},"thumbnailUrl":"https:\/\/www.artisanlocal.ch\/c\/wp-content\/uploads\/2024\/10\/plombier.jpg","datePublished":"2024-05-18T13:48:08+00:00","dateModified":"2025-08-26T17:27:31+00:00","breadcrumb":{"@id":"https:\/\/www.artisanlocal.ch\/c\/plombier-a-rolle\/#breadcrumb"},"inLanguage":"fr-FR","potentialAction":[{"@type":"ReadAction","target":["https:\/\/www.artisanlocal.ch\/c\/plombier-a-rolle\/"]}]},{"@type":"ImageObject","inLanguage":"fr-FR","@id":"https:\/\/www.artisanlocal.ch\/c\/plombier-a-rolle\/#primaryimage","url":"https:\/\/www.artisanlocal.ch\/c\/wp-content\/uploads\/2024\/10\/plombier.jpg","contentUrl":"https:\/\/www.artisanlocal.ch\/c\/wp-content\/uploads\/2024\/10\/plombier.jpg","width":1920,"height":300},{"@type":"BreadcrumbList","@id":"https:\/\/www.artisanlocal.ch\/c\/plombier-a-rolle\/#breadcrumb","itemListElement":[{"@type":"ListItem","position":1,"name":"Accueil","item":"https:\/\/www.artisanlocal.ch\/c\/"},{"@type":"ListItem","position":2,"name":"Plombier \u00e0 Rolle"}]},{"@type":"WebSite","@id":"https:\/\/www.artisanlocal.ch\/c\/#website","url":"https:\/\/www.artisanlocal.ch\/c\/","name":"Artisanlocal","description":"","publisher":{"@id":"https:\/\/www.artisanlocal.ch\/c\/#organization"},"potentialAction":[{"@type":"SearchAction","target":{"@type":"EntryPoint","urlTemplate":"https:\/\/www.artisanlocal.ch\/c\/?s={search_term_string}"},"query-input":{"@type":"PropertyValueSpecification","valueRequired":true,"valueName":"search_term_string"}}],"inLanguage":"fr-FR"},{"@type":"Organization","@id":"https:\/\/www.artisanlocal.ch\/c\/#organization","name":"Artisanlocal","url":"https:\/\/www.artisanlocal.ch\/c\/","logo":{"@type":"ImageObject","inLanguage":"fr-FR","@id":"https:\/\/www.artisanlocal.ch\/c\/#\/schema\/logo\/image\/","url":"https:\/\/www.artisanlocal.ch\/c\/wp-content\/uploads\/2024\/02\/logo-artisanlocal-h.svg","contentUrl":"https:\/\/www.artisanlocal.ch\/c\/wp-content\/uploads\/2024\/02\/logo-artisanlocal-h.svg","caption":"Artisanlocal"},"image":{"@id":"https:\/\/www.artisanlocal.ch\/c\/#\/schema\/logo\/image\/"}}]}},"_links":{"self":[{"href":"https:\/\/www.artisanlocal.ch\/c\/wp-json\/wp\/v2\/pages\/984","targetHints":{"allow":["GET"]}}],"collection":[{"href":"https:\/\/www.artisanlocal.ch\/c\/wp-json\/wp\/v2\/pages"}],"about":[{"href":"https:\/\/www.artisanlocal.ch\/c\/wp-json\/wp\/v2\/types\/page"}],"author":[{"embeddable":true,"href":"https:\/\/www.artisanlocal.ch\/c\/wp-json\/wp\/v2\/users\/4"}],"replies":[{"embeddable":true,"href":"https:\/\/www.artisanlocal.ch\/c\/wp-json\/wp\/v2\/comments?post=984"}],"version-history":[{"count":0,"href":"https:\/\/www.artisanlocal.ch\/c\/wp-json\/wp\/v2\/pages\/984\/revisions"}],"wp:featuredmedia":[{"embeddable":true,"href":"https:\/\/www.artisanlocal.ch\/c\/wp-json\/wp\/v2\/media\/2758"}],"wp:attachment":[{"href":"https:\/\/www.artisanlocal.ch\/c\/wp-json\/wp\/v2\/media?parent=984"}],"wp:term":[{"taxonomy":"profession","embeddable":true,"href":"https:\/\/www.artisanlocal.ch\/c\/wp-json\/wp\/v2\/profession?post=984"},{"taxonomy":"location","embeddable":true,"href":"https:\/\/www.artisanlocal.ch\/c\/wp-json\/wp\/v2\/location?post=984"},{"taxonomy":"canton","embeddable":true,"href":"https:\/\/www.artisanlocal.ch\/c\/wp-json\/wp\/v2\/canton?post=984"}],"curies":[{"name":"wp","href":"https:\/\/api.w.org\/{rel}","templated":true}]}}