{"id":986,"date":"2024-05-19T19:23:52","date_gmt":"2024-05-19T17:23:52","guid":{"rendered":"https:\/\/www.artisanlocal.ch\/c\/artisan-plombier-a-yverdon\/"},"modified":"2025-08-26T19:27:01","modified_gmt":"2025-08-26T17:27:01","slug":"artisan-plombier-a-yverdon","status":"publish","type":"page","link":"https:\/\/www.artisanlocal.ch\/c\/artisan-plombier-a-yverdon\/","title":{"rendered":"Artisan plombier \u00e0 Yverdon-les-Bains"},"content":{"rendered":"<p>Si vous \u00eates un habitant de Yverdon-les-Bains, Artisanlocal se d\u00e9place dans votre foyer rapidement.<\/p>\n\r\n<div class=\"box\">\r\n            <div class=\"company-info\">\r\n            <img decoding=\"async\" class=\"company-info__logo\" src=\"https:\/\/www.artisanlocal.ch\/media\/cache\/thumb\/images\/companies\/68ff45940642a357106637.png\" alt=\"Logo\">\r\n            <h2 class=\"company-info__name\">Nobs SA<\/h2>\r\n            <p class=\"company-info__business\">Installations sanitaires - Chauffages - \u00c9nergie renouvelable - Salle de bain - D\u00e9pannage - Entretien - Installation - R\u00e9novation<\/p>\r\n        <\/div>\r\n        <div class=\"company-contact\">\r\n            <p class=\"company-info__address\">Rue du Vieux Port 5<\/p>\r\n                            <div class=\"links\">\r\n                                            <a class=\"btn has-accent-background-color js-phoneNumber\" href=\"tel:0792044819\" title=\"Appelez\" data-id=\"8139\" data-type=\"11\">079 204 48 19<\/a>\r\n                                                                <a class=\"btn has-accent-background-color\" href=\"https:\/\/v2-nobs-sa.nobs-sa.ch\/\" target=\"_blank\" title=\"Voir le site internet\" data-id=\"8139\" data-type=\"20\">Site internet<\/a>\r\n                                    <\/div>\r\n                    <\/div>\r\n    \r\n            \r\n<form action=\"https:\/\/www.artisanlocal.ch\/c\/wp-admin\/admin-ajax.php\" method=\"post\" class=\"form-contact\" id=\"artisan_form_contact_company_inline\">\r\n    <div><input type=\"hidden\" name=\"action\" value=\"company_contact\"><\/div>\r\n    <div><input type=\"hidden\" name=\"nonce\" value=\"866548ef48\"><\/div>\r\n    <div><input type=\"hidden\" name=\"company_id\" value=\"8139\"><\/div>\r\n    <div><input type=\"hidden\" name=\"form_id\" value=\"artisan_form_contact_company_inline\"><\/div>\r\n    <div class=\"gglcptch gglcptch_v3 gglcptch_custom\"><input type=\"hidden\" id=\"g-recaptcha-response\" name=\"g-recaptcha-response\" \/><br \/><div class=\"gglcptch_error_text\">La p\u00e9riode de v\u00e9rification reCAPTCHA a expir\u00e9. Veuillez recharger la page.<\/div><\/div>    <div class=\"form-content\">\r\n        <div class=\"form-group\">\r\n            <label for=\"contact_firstName\" class=\"required\">Pr\u00e9nom<\/label>\r\n            <input type=\"text\" name=\"firstName\" class=\"form-control\" required>\r\n        <\/div>\r\n        <div class=\"form-group\">\r\n            <label for=\"contact_lastName\" class=\"required\">Nom<\/label>\r\n            <input type=\"text\" name=\"lastName\" class=\"form-control\" required>\r\n        <\/div>\r\n        <div class=\"form-group\">\r\n            <label for=\"contact_email\" class=\"required\">Email<\/label>\r\n            <input type=\"email\" name=\"email\" class=\"form-control\" required>\r\n        <\/div>\r\n        <div class=\"form-group\">\r\n            <label for=\"contact_phone\" class=\"required\">Num\u00e9ro de t\u00e9l\u00e9phone<\/label>\r\n            <input type=\"tel\" name=\"phone\" class=\"form-control\" placeholder=\"0787117165\" pattern=\"^[0-9]{10}$\" required>\r\n        <\/div>\r\n        <div class=\"form-group\">\r\n            <label for=\"contact_postalCode\" class=\"required\">Code postal et localit\u00e9<\/label>\r\n            <input type=\"text\" name=\"postalCode\" class=\"form-control\" required>\r\n        <\/div>\r\n        <div class=\"form-group\">\r\n            <label for=\"contact_address\" class=\"required\">Adresse<\/label>\r\n            <input type=\"text\" name=\"address\" class=\"form-control\" required>\r\n        <\/div>\r\n        <div class=\"full-width topic\">\r\n            <p class=\"required\">Je souhaite \u00eatre contact\u00e9 pour :<\/p>\r\n            <div class=\"form-check\">\r\n                <input type=\"radio\" name=\"topic\" value=\"D\u00e9pannage\" class=\"form-control\" required>\r\n                <label for=\"d\u00e9pannage\">D\u00e9pannage<\/label>\r\n            <\/div>\r\n            <div class=\"form-check\">\r\n                <input type=\"radio\" name=\"topic\" value=\"Entretien\" class=\"form-control\" required>\r\n                <label for=\"entretien\">Entretien<\/label>\r\n            <\/div>\r\n            <div class=\"form-check\">\r\n                <input type=\"radio\" name=\"topic\" value=\"R\u00e9novation\" class=\"form-control\" required>\r\n                <label for=\"r\u00e9novation\">R\u00e9novation<\/label>\r\n            <\/div>\r\n            <div class=\"form-check\">\r\n                <input type=\"radio\" name=\"topic\" value=\"Autre\" class=\"form-control\" required>\r\n                <label for=\"autre\">Autre<\/label>\r\n            <\/div>\r\n        <\/div>\r\n        <div class=\"form-group full-width\">\r\n            <label for=\"contact_message\">Message<\/label>\r\n            <textarea name=\"message\" rows=\"3\" class=\"form-control\"><\/textarea>\r\n        <\/div>\r\n    <\/div>\r\n    <div class=\"form-actions\">\r\n        <button class=\"wp-block-button__link has-accent-background-color\">Contacter<\/button>\r\n    <\/div>\r\n<\/form>\r\n<div class=\"form-feedback\"><\/div>    <\/div>\n<h2>Pourquoi faire appel \u00e0 Artisanlocal \u00e0 Yverdon-les-Bains ?<\/h2>\n<ul>\n<li>Nos plombiers sont disponibles tous les jours et les jours f\u00e9ri\u00e9s.<\/li>\n<li>Nos devis sont gratuits.<\/li>\n<li>Nous employons les derni\u00e8res m\u00e9thodes.<\/li>\n<li>Nous sommes localis\u00e9s \u00e0 Yverdon-les-Bains ce qui nous permet d&rsquo;intervenir en urgence \u00e0 votre logement.<\/li>\n<li>Nos tarifs sont comp\u00e9titifs.<\/li>\n<li>Nos artisans plombiers sont assur\u00e9s et exp\u00e9riment\u00e9s.<\/li>\n<li>Nous inspectons votre syst\u00e8me de plomberie avant les r\u00e9parations.<\/li>\n<li>Aucun probl\u00e8me n&rsquo;est trop grand ou trop petit, nous r\u00e9alisons tous types d\u2019interventions.<\/li>\n<\/ul>\n<h2>Les prestations que nous r\u00e9alisons \u00e0 Yverdon-les-Bains<\/h2>\n<ul>\n<li>Notre entreprise est sp\u00e9cialis\u00e9e dans la localisation des fuites et la remise en \u00e9tat de vos conduits.<\/li>\n<li>Nos artisans plombiers changent vos installations sanitaires.<\/li>\n<li>La remise en \u00e9tat de votre sanitaire.<\/li>\n<li>Les services de plomberie, comme : l\u2019installation de robinet, \u00e9vier, lavabo et de la tuyauterie.<\/li>\n<li>Nous installons les chauffes-eau et les chaudi\u00e8res.<\/li>\n<li>Le d\u00e9bouchage et l\u2019assainissement de vos canalisations.<\/li>\n<li>Nous r\u00e9novons compl\u00e8tement les salles de bain.<\/li>\n<li>La vidange de votre fosse septique.<\/li>\n<\/ul>\n<h2>Quel est le fonctionnement d&rsquo;Artisanlocal \u00e0 Yverdon-les-Bains ?<\/h2>\n<ol>\n<li>Suite \u00e0 votre demande d&rsquo;informations par t\u00e9l\u00e9phone ou mail, un de nos plombiers vous contacte pour analyser l&rsquo;\u00e9tendue de votre probl\u00e8me.<\/li>\n<li>Par la suite, nous vous donnons un devis d\u00e9taill\u00e9 et gratuit. Avec Artisanlocal, il n&rsquo;y a aucuns frais dissimul\u00e9s, sauf s&rsquo;il y a de gros travaux ou que vous avez besoin de changer des \u00e9l\u00e9ments de votre plomberie.<\/li>\n<li>Apr\u00e8s la validation de notre estimation, notre artisan d\u00e9termine avec vous une date d\u2019intervention.<\/li>\n<\/ol>\n<h2>Services de plomberie pour les particuliers \u00e0 Yverdon-les-Bains<\/h2>\n<p>Si votre plomberie est d\u00e9fectueuse, il y a un risque que vous contaminiez l&rsquo;eau de votre foyer, ce qui peut mettre votre famille en danger, c\u2019est la raison pour laquelle l&rsquo;artisan qui se d\u00e9place \u00e0 votre domicile effectue :<\/p>\n<ul>\n<li>La d\u00e9tection et la r\u00e9paration de fuites dans vos tuyaux.<\/li>\n<li>Le d\u00e9bouchage et l&rsquo;entretien de vos canalisations.<\/li>\n<li>La r\u00e9vision de votre chauffe-eau.<\/li>\n<li>L\u2019Inspection de vos tuyaux.<\/li>\n<li>La restauration de vos tuyaux de canalisations.<\/li>\n<li>La remise en \u00e9tat apr\u00e8s un sinistre.<\/li>\n<\/ul>\n<h2>Artisanlocal aux services des entreprises \u00e0 Yverdon-les-Bains<\/h2>\n<p>\u00c0 Yverdon-les-Bains, il y a des boutiques de vente au d\u00e9tail, PME et restaurants. Une fuite dans un robinet, un refoulement dans une canalisation ou encore une panne de chauffe-eau sont des probl\u00e8mes courants qui peuvent baisser la productivit\u00e9 de vos salari\u00e9s. Notre entreprise offre des services de plomberie pour votre soci\u00e9t\u00e9 \u00e0 Yverdon-les-Bains, comme :<\/p>\n<ul>\n<li>Le d\u00e9gorgement de vos lavabos et le remplacement de vos mitigeurs de cuisine.<\/li>\n<li>L&rsquo;inspection par vid\u00e9o et la remise en \u00e9tat de vos tuyaux d&rsquo;\u00e9vacuations.<\/li>\n<li>Le service nettoyage de tuyaux canalisations avec un jet d&rsquo;eau \u00e0 haute pression.<\/li>\n<li>La pose de nouveaux \u00e9quipements de plomberie.<\/li>\n<li>La maintenance et la r\u00e9paration de votre bac \u00e0 graisse.<\/li>\n<li>La mise en place, la r\u00e9paration et l&rsquo;entretien de votre chauffe-eau ou chauffage.<\/li>\n<li>La restauration de votre r\u00e9seau de tuyaux.<\/li>\n<li>Le service de d\u00e9pannage de vos \u00e9quipements sanitaires.<\/li>\n<li>L&rsquo;inspection de vos canalisations par cam\u00e9ra.<\/li>\n<\/ul>\n<h2>Entretien de canalisations en urgence \u00e0 Yverdon-les-Bains<\/h2>\n<p>Si vous \u00eates un Yverdon-les-Bainsnois, Artisanlocal intervient en urgence pour d\u00e9boucher vos tuyaux de canalisations ou pour r\u00e9gler vos probl\u00e8mes de refoulement de vos \u00e9viers, douches ou WC, d&rsquo;autre part, nos plombiers interviennent rapidement sur vos :<\/p>\n<ul>\n<li>Lavabos.<\/li>\n<li>WC.<\/li>\n<li>Toitures.<\/li>\n<li>Syst\u00e8mes d&rsquo;\u00e9gouts.<\/li>\n<li>Tuyauteries. <\/li>\n<\/ul>\n<h2>Nettoyage et entretien des r\u00e9seaux d&rsquo;\u00e9gouts \u00e0 Yverdon-les-Bains<\/h2>\n<p>Les \u00e9gouts constituent le r\u00e9seau principal de la plomberie. Il \u00e9vacue les eaux us\u00e9es des toilettes, des lavabos et des autres appareils sanitaires. Lorsque l\u2019\u00e9gout est bouch\u00e9 ou \u00e0 des fuites, cela peut occasionner des d\u00e9g\u00e2ts dans votre appartement, et compromettre votre s\u00e9curit\u00e9.<\/p>\n<p>Le nettoyage fr\u00e9quent de votre \u00e9gout permet d&rsquo;\u00e9viter la formation de bouchons et les remont\u00e9es dans vos canalisations. Nos artisans plombiers \u00e0 Yverdon-les-Bains utilisent les derni\u00e8res techniques pour contr\u00f4ler, nettoyer et assurer le d\u00e9bit de l&rsquo;eau dans vos conduits.<\/p>\n<p>Notre soci\u00e9t\u00e9 peut aussi changer votre tuyauterie si elle est trop d\u00e9t\u00e9rior\u00e9e. Notre soci\u00e9t\u00e9 peut aussi nettoyer en urgence tout dommage caus\u00e9 par les eaux us\u00e9es dans votre propri\u00e9t\u00e9 ou entreprise. Pour \u00e9viter la formation de moisissures, nous s\u00e9chons et d\u00e9shumidifions les zones \u00e0 risques.<\/p>\n<h2>Services de r\u00e9paration et de mise en place de chauffe-eau \u00e0 Yverdon-les-Bains<\/h2>\n<p>Tout ce que vous avez, c&rsquo;est de l\u2019eau froide dans vos conduits ? Il se peut que vous ayez des soucis de chauffe-eau. Notre soci\u00e9t\u00e9 r\u00e9pare votre chauffe-eau rapidement. Voici les signaux qui indiquent des soucis :<\/p>\n<ul>\n<li>La r\u00e9duction de la pression de l\u2019eau chaude : cela peut-\u00eatre d\u00fb \u00e0 une fuite de votre chauffe-eau, ou un \u00e9l\u00e9ment chauffant d\u00e9fectueux ou les d\u00e9p\u00f4ts de s\u00e9diments dans votre r\u00e9servoir.<\/li>\n<li>De l&rsquo;eau pr\u00e8s de votre chauffe-eau : la pr\u00e9sence d&rsquo;humidit\u00e9 \u00e0 la base du cumulus peut indiquer un probl\u00e8me, ou possiblement d&rsquo;un trou dans le chauffe-eau.<\/li>\n<li>Des bruits \u00e9tranges sortent du chauffe-eau : des bruits bizarres peuvent indiquer une accumulation de s\u00e9diments, d\u2019une fuite, ou d&rsquo;une panne de l&rsquo;\u00e9l\u00e9ment chauffant.<\/li>\n<li>La d\u00e9coloration de l&rsquo;eau : c&rsquo;est provoquer par la pr\u00e9sence de substances nocives et de rouille dans votre cumulus.<\/li>\n<li>Le cumulus est sans cesse en fonctionnement : si vous constatez que votre chauffe-eau marche tr\u00e8s fr\u00e9quemment, c&rsquo;est peut-\u00eatre que votre chauffe-eau \u00e0 un probl\u00e8me.<\/li>\n<\/ul>\n<p>En faisant appel \u00e0 Artisanlocal au premier signe d\u2019alerte, vous pouvez \u00e9viter des r\u00e9parations hors de prix.<\/p>\n<h2>Prestation de nettoyage apr\u00e8s des d\u00e9g\u00e2ts des eaux<\/h2>\n<p>Nos plombiers professionnels nettoient votre domicile suite \u00e0 une inondation \u00e0 Yverdon-les-Bains, nous sommes disponibles pour vous aider en cas de caves submerg\u00e9es, de fortes pluies, d&rsquo;\u00e9clatements de canalisations, de reflux d&rsquo;\u00e9gouts, et de d\u00e9bordements de baignoires et de w.c. Et d&rsquo;autres soucis de plomberie li\u00e9s \u00e0 un dommages engendr\u00e9s par l&rsquo;eau.<\/p>\n<h2>FAQ<\/h2>\n<h3>Quel est le tarif d\u2019un plombier \u00e0 Yverdon-les-Bains ?<\/h3>\n<p>Apr\u00e8s \u00e9tude de votre souci de plomberie, notre entreprise vous offre une estimation gratuite. Voici les prix \u00e0 titre d&rsquo;information \u00e0 Yverdon-les-Bains :<\/p>\n<table border=\"1\">\n<tbody>\n<tr>\n<th>Prestations<\/th>\n<th>Prix CHF<\/th>\n<\/tr>\n<tr>\n<td>Installation d\u2019un lavabo<\/td>\n<td>280.00<\/td>\n<\/tr>\n<tr>\n<td>Taux horaire : installation sanitaire<\/td>\n<td>110.00 \u00e0 129.00<\/td>\n<\/tr>\n<tr>\n<td>Pose et raccordement, d\u2019un siphon \u00e0 un \u00e9vier<\/td>\n<td>70.00<\/td>\n<\/tr>\n<tr>\n<td>Montage mobilier de salle d&rsquo;eau<\/td>\n<td>95.00<\/td>\n<\/tr>\n<tr>\n<td>Pose et raccordement, d\u2019une douche \u00e0 la tuyauterie<\/td>\n<td>86.00<\/td>\n<\/tr>\n<tr>\n<td>Mise en place d\u2019un r\u00e9servoir de toilette<\/td>\n<td>112.00<\/td>\n<\/tr>\n<tr>\n<td>Pose d\u2019accessoires de salle d&rsquo;eau<\/td>\n<td>60.00<\/td>\n<\/tr>\n<tr>\n<td>Mise en place d\u2019un WC suspendu<\/td>\n<td>170.00<\/td>\n<\/tr>\n<tr>\n<td>D\u00e9placement aller-retour<\/td>\n<td>100.00<\/td>\n<\/tr>\n<\/tbody>\n<\/table>\n<h3>Votre soci\u00e9t\u00e9 de plomberie \u00e0 Yverdon-les-Bains est ouverte le samedi et le dimanche ?<\/h3>\n<p>Notre prestation de plomberie est disponible 24h\/24, 7j\/7 et m\u00eame durant les jours f\u00e9ri\u00e9s.<\/p>\n<h3>Nos professionnels interviennent \u00e0 Yverdon-les-Bains et dans les municipalit\u00e9s aux environs ?<\/h3>\n<p>Nos plombiers interviennent \u00e0 Yverdon-les-Bains, \u00e9galement dans les communes aux environs, telles que : Oppens, Cheseaux-Nor\u00e9az, Cuarny, Villars-Epeney, Pomy, Cronay, Bioley-Magnoux, Donneloye, Gossens, M\u00e9zery-pr\u00e8s-Donneloye, Prahins, Ursins, Valeyres-sous-Ursins, Orzens, D\u00e9moret, Molondin, Epautheyres, Essertines-sur-Yverdon, Belmont-sur-Yverdon, Gressy, Suchy, Ependes VD, Essert-Pittet, Chamblon, Treycovagnes, Susc\u00e9vaz, Mathod, Valeyres-sous-Montagny, Montagny-pr\u00e8s-Yverdon, Champvent, Essert-sous-Champvent, Villars-sous-Champvent, Yvonand, Rovray, Chavannes-le-Ch\u00eane, Ch\u00eane-P\u00e2quier.<\/p>\n","protected":false},"excerpt":{"rendered":"<p>Si vous \u00eates un habitant de Yverdon-les-Bains, Artisanlocal se d\u00e9place dans votre foyer rapidement. Pourquoi faire appel \u00e0 Artisanlocal \u00e0 Yverdon-les-Bains ? Nos plombiers sont disponibles tous les jours et les jours f\u00e9ri\u00e9s. Nos devis sont gratuits. Nous employons les derni\u00e8res m\u00e9thodes. Nous sommes localis\u00e9s \u00e0 Yverdon-les-Bains ce qui nous permet d&rsquo;intervenir en urgence \u00e0 [&hellip;]<\/p>\n","protected":false},"author":4,"featured_media":2758,"parent":0,"menu_order":0,"comment_status":"closed","ping_status":"closed","template":"","meta":{"footnotes":""},"profession":[123],"location":[33],"canton":[113],"class_list":["post-986","page","type-page","status-publish","has-post-thumbnail","hentry","profession-sanitaire","location-yverdon-les-bains","canton-vd"],"yoast_head":"<!-- This site is optimized with the Yoast SEO Premium plugin v25.7.1 (Yoast SEO v27.4) - https:\/\/yoast.com\/product\/yoast-seo-premium-wordpress\/ -->\n<title>Artisan plombier \u00e0 Yverdon-les-Bains - Artisanlocal<\/title>\n<meta name=\"robots\" content=\"index, follow, max-snippet:-1, max-image-preview:large, max-video-preview:-1\" \/>\n<link rel=\"canonical\" href=\"https:\/\/www.artisanlocal.ch\/c\/artisan-plombier-a-yverdon\/\" \/>\n<meta property=\"og:locale\" content=\"fr_FR\" \/>\n<meta property=\"og:type\" content=\"article\" \/>\n<meta property=\"og:title\" content=\"Artisan plombier \u00e0 Yverdon-les-Bains\" \/>\n<meta property=\"og:description\" content=\"Si vous \u00eates un habitant de Yverdon-les-Bains, Artisanlocal se d\u00e9place dans votre foyer rapidement. Pourquoi faire appel \u00e0 Artisanlocal \u00e0 Yverdon-les-Bains ? Nos plombiers sont disponibles tous les jours et les jours f\u00e9ri\u00e9s. Nos devis sont gratuits. Nous employons les derni\u00e8res m\u00e9thodes. Nous sommes localis\u00e9s \u00e0 Yverdon-les-Bains ce qui nous permet d&rsquo;intervenir en urgence \u00e0 [&hellip;]\" \/>\n<meta property=\"og:url\" content=\"https:\/\/www.artisanlocal.ch\/c\/artisan-plombier-a-yverdon\/\" \/>\n<meta property=\"og:site_name\" content=\"Artisanlocal\" \/>\n<meta property=\"article:modified_time\" content=\"2025-08-26T17:27:01+00:00\" \/>\n<meta property=\"og:image\" content=\"https:\/\/www.artisanlocal.ch\/c\/wp-content\/uploads\/2024\/10\/plombier.jpg\" \/>\n\t<meta property=\"og:image:width\" content=\"1920\" \/>\n\t<meta property=\"og:image:height\" content=\"300\" \/>\n\t<meta property=\"og:image:type\" content=\"image\/jpeg\" \/>\n<meta name=\"twitter:card\" content=\"summary_large_image\" \/>\n<meta name=\"twitter:label1\" content=\"Dur\u00e9e de lecture estim\u00e9e\" \/>\n\t<meta name=\"twitter:data1\" content=\"6 minutes\" \/>\n<script type=\"application\/ld+json\" class=\"yoast-schema-graph\">{\"@context\":\"https:\\\/\\\/schema.org\",\"@graph\":[{\"@type\":\"WebPage\",\"@id\":\"https:\\\/\\\/www.artisanlocal.ch\\\/c\\\/artisan-plombier-a-yverdon\\\/\",\"url\":\"https:\\\/\\\/www.artisanlocal.ch\\\/c\\\/artisan-plombier-a-yverdon\\\/\",\"name\":\"Artisan plombier \u00e0 Yverdon-les-Bains - Artisanlocal\",\"isPartOf\":{\"@id\":\"https:\\\/\\\/www.artisanlocal.ch\\\/c\\\/#website\"},\"primaryImageOfPage\":{\"@id\":\"https:\\\/\\\/www.artisanlocal.ch\\\/c\\\/artisan-plombier-a-yverdon\\\/#primaryimage\"},\"image\":{\"@id\":\"https:\\\/\\\/www.artisanlocal.ch\\\/c\\\/artisan-plombier-a-yverdon\\\/#primaryimage\"},\"thumbnailUrl\":\"https:\\\/\\\/www.artisanlocal.ch\\\/c\\\/wp-content\\\/uploads\\\/2024\\\/10\\\/plombier.jpg\",\"datePublished\":\"2024-05-19T17:23:52+00:00\",\"dateModified\":\"2025-08-26T17:27:01+00:00\",\"breadcrumb\":{\"@id\":\"https:\\\/\\\/www.artisanlocal.ch\\\/c\\\/artisan-plombier-a-yverdon\\\/#breadcrumb\"},\"inLanguage\":\"fr-FR\",\"potentialAction\":[{\"@type\":\"ReadAction\",\"target\":[\"https:\\\/\\\/www.artisanlocal.ch\\\/c\\\/artisan-plombier-a-yverdon\\\/\"]}]},{\"@type\":\"ImageObject\",\"inLanguage\":\"fr-FR\",\"@id\":\"https:\\\/\\\/www.artisanlocal.ch\\\/c\\\/artisan-plombier-a-yverdon\\\/#primaryimage\",\"url\":\"https:\\\/\\\/www.artisanlocal.ch\\\/c\\\/wp-content\\\/uploads\\\/2024\\\/10\\\/plombier.jpg\",\"contentUrl\":\"https:\\\/\\\/www.artisanlocal.ch\\\/c\\\/wp-content\\\/uploads\\\/2024\\\/10\\\/plombier.jpg\",\"width\":1920,\"height\":300},{\"@type\":\"BreadcrumbList\",\"@id\":\"https:\\\/\\\/www.artisanlocal.ch\\\/c\\\/artisan-plombier-a-yverdon\\\/#breadcrumb\",\"itemListElement\":[{\"@type\":\"ListItem\",\"position\":1,\"name\":\"Accueil\",\"item\":\"https:\\\/\\\/www.artisanlocal.ch\\\/c\\\/\"},{\"@type\":\"ListItem\",\"position\":2,\"name\":\"Artisan plombier \u00e0 Yverdon\"}]},{\"@type\":\"WebSite\",\"@id\":\"https:\\\/\\\/www.artisanlocal.ch\\\/c\\\/#website\",\"url\":\"https:\\\/\\\/www.artisanlocal.ch\\\/c\\\/\",\"name\":\"Artisanlocal\",\"description\":\"\",\"publisher\":{\"@id\":\"https:\\\/\\\/www.artisanlocal.ch\\\/c\\\/#organization\"},\"potentialAction\":[{\"@type\":\"SearchAction\",\"target\":{\"@type\":\"EntryPoint\",\"urlTemplate\":\"https:\\\/\\\/www.artisanlocal.ch\\\/c\\\/?s={search_term_string}\"},\"query-input\":{\"@type\":\"PropertyValueSpecification\",\"valueRequired\":true,\"valueName\":\"search_term_string\"}}],\"inLanguage\":\"fr-FR\"},{\"@type\":\"Organization\",\"@id\":\"https:\\\/\\\/www.artisanlocal.ch\\\/c\\\/#organization\",\"name\":\"Artisanlocal\",\"url\":\"https:\\\/\\\/www.artisanlocal.ch\\\/c\\\/\",\"logo\":{\"@type\":\"ImageObject\",\"inLanguage\":\"fr-FR\",\"@id\":\"https:\\\/\\\/www.artisanlocal.ch\\\/c\\\/#\\\/schema\\\/logo\\\/image\\\/\",\"url\":\"https:\\\/\\\/www.artisanlocal.ch\\\/c\\\/wp-content\\\/uploads\\\/2024\\\/02\\\/logo-artisanlocal-h.svg\",\"contentUrl\":\"https:\\\/\\\/www.artisanlocal.ch\\\/c\\\/wp-content\\\/uploads\\\/2024\\\/02\\\/logo-artisanlocal-h.svg\",\"caption\":\"Artisanlocal\"},\"image\":{\"@id\":\"https:\\\/\\\/www.artisanlocal.ch\\\/c\\\/#\\\/schema\\\/logo\\\/image\\\/\"}}]}<\/script>\n<!-- \/ Yoast SEO Premium plugin. -->","yoast_head_json":{"title":"Artisan plombier \u00e0 Yverdon-les-Bains - Artisanlocal","robots":{"index":"index","follow":"follow","max-snippet":"max-snippet:-1","max-image-preview":"max-image-preview:large","max-video-preview":"max-video-preview:-1"},"canonical":"https:\/\/www.artisanlocal.ch\/c\/artisan-plombier-a-yverdon\/","og_locale":"fr_FR","og_type":"article","og_title":"Artisan plombier \u00e0 Yverdon-les-Bains","og_description":"Si vous \u00eates un habitant de Yverdon-les-Bains, Artisanlocal se d\u00e9place dans votre foyer rapidement. Pourquoi faire appel \u00e0 Artisanlocal \u00e0 Yverdon-les-Bains ? Nos plombiers sont disponibles tous les jours et les jours f\u00e9ri\u00e9s. Nos devis sont gratuits. Nous employons les derni\u00e8res m\u00e9thodes. Nous sommes localis\u00e9s \u00e0 Yverdon-les-Bains ce qui nous permet d&rsquo;intervenir en urgence \u00e0 [&hellip;]","og_url":"https:\/\/www.artisanlocal.ch\/c\/artisan-plombier-a-yverdon\/","og_site_name":"Artisanlocal","article_modified_time":"2025-08-26T17:27:01+00:00","og_image":[{"width":1920,"height":300,"url":"https:\/\/www.artisanlocal.ch\/c\/wp-content\/uploads\/2024\/10\/plombier.jpg","type":"image\/jpeg"}],"twitter_card":"summary_large_image","twitter_misc":{"Dur\u00e9e de lecture estim\u00e9e":"6 minutes"},"schema":{"@context":"https:\/\/schema.org","@graph":[{"@type":"WebPage","@id":"https:\/\/www.artisanlocal.ch\/c\/artisan-plombier-a-yverdon\/","url":"https:\/\/www.artisanlocal.ch\/c\/artisan-plombier-a-yverdon\/","name":"Artisan plombier \u00e0 Yverdon-les-Bains - Artisanlocal","isPartOf":{"@id":"https:\/\/www.artisanlocal.ch\/c\/#website"},"primaryImageOfPage":{"@id":"https:\/\/www.artisanlocal.ch\/c\/artisan-plombier-a-yverdon\/#primaryimage"},"image":{"@id":"https:\/\/www.artisanlocal.ch\/c\/artisan-plombier-a-yverdon\/#primaryimage"},"thumbnailUrl":"https:\/\/www.artisanlocal.ch\/c\/wp-content\/uploads\/2024\/10\/plombier.jpg","datePublished":"2024-05-19T17:23:52+00:00","dateModified":"2025-08-26T17:27:01+00:00","breadcrumb":{"@id":"https:\/\/www.artisanlocal.ch\/c\/artisan-plombier-a-yverdon\/#breadcrumb"},"inLanguage":"fr-FR","potentialAction":[{"@type":"ReadAction","target":["https:\/\/www.artisanlocal.ch\/c\/artisan-plombier-a-yverdon\/"]}]},{"@type":"ImageObject","inLanguage":"fr-FR","@id":"https:\/\/www.artisanlocal.ch\/c\/artisan-plombier-a-yverdon\/#primaryimage","url":"https:\/\/www.artisanlocal.ch\/c\/wp-content\/uploads\/2024\/10\/plombier.jpg","contentUrl":"https:\/\/www.artisanlocal.ch\/c\/wp-content\/uploads\/2024\/10\/plombier.jpg","width":1920,"height":300},{"@type":"BreadcrumbList","@id":"https:\/\/www.artisanlocal.ch\/c\/artisan-plombier-a-yverdon\/#breadcrumb","itemListElement":[{"@type":"ListItem","position":1,"name":"Accueil","item":"https:\/\/www.artisanlocal.ch\/c\/"},{"@type":"ListItem","position":2,"name":"Artisan plombier \u00e0 Yverdon"}]},{"@type":"WebSite","@id":"https:\/\/www.artisanlocal.ch\/c\/#website","url":"https:\/\/www.artisanlocal.ch\/c\/","name":"Artisanlocal","description":"","publisher":{"@id":"https:\/\/www.artisanlocal.ch\/c\/#organization"},"potentialAction":[{"@type":"SearchAction","target":{"@type":"EntryPoint","urlTemplate":"https:\/\/www.artisanlocal.ch\/c\/?s={search_term_string}"},"query-input":{"@type":"PropertyValueSpecification","valueRequired":true,"valueName":"search_term_string"}}],"inLanguage":"fr-FR"},{"@type":"Organization","@id":"https:\/\/www.artisanlocal.ch\/c\/#organization","name":"Artisanlocal","url":"https:\/\/www.artisanlocal.ch\/c\/","logo":{"@type":"ImageObject","inLanguage":"fr-FR","@id":"https:\/\/www.artisanlocal.ch\/c\/#\/schema\/logo\/image\/","url":"https:\/\/www.artisanlocal.ch\/c\/wp-content\/uploads\/2024\/02\/logo-artisanlocal-h.svg","contentUrl":"https:\/\/www.artisanlocal.ch\/c\/wp-content\/uploads\/2024\/02\/logo-artisanlocal-h.svg","caption":"Artisanlocal"},"image":{"@id":"https:\/\/www.artisanlocal.ch\/c\/#\/schema\/logo\/image\/"}}]}},"_links":{"self":[{"href":"https:\/\/www.artisanlocal.ch\/c\/wp-json\/wp\/v2\/pages\/986","targetHints":{"allow":["GET"]}}],"collection":[{"href":"https:\/\/www.artisanlocal.ch\/c\/wp-json\/wp\/v2\/pages"}],"about":[{"href":"https:\/\/www.artisanlocal.ch\/c\/wp-json\/wp\/v2\/types\/page"}],"author":[{"embeddable":true,"href":"https:\/\/www.artisanlocal.ch\/c\/wp-json\/wp\/v2\/users\/4"}],"replies":[{"embeddable":true,"href":"https:\/\/www.artisanlocal.ch\/c\/wp-json\/wp\/v2\/comments?post=986"}],"version-history":[{"count":0,"href":"https:\/\/www.artisanlocal.ch\/c\/wp-json\/wp\/v2\/pages\/986\/revisions"}],"wp:featuredmedia":[{"embeddable":true,"href":"https:\/\/www.artisanlocal.ch\/c\/wp-json\/wp\/v2\/media\/2758"}],"wp:attachment":[{"href":"https:\/\/www.artisanlocal.ch\/c\/wp-json\/wp\/v2\/media?parent=986"}],"wp:term":[{"taxonomy":"profession","embeddable":true,"href":"https:\/\/www.artisanlocal.ch\/c\/wp-json\/wp\/v2\/profession?post=986"},{"taxonomy":"location","embeddable":true,"href":"https:\/\/www.artisanlocal.ch\/c\/wp-json\/wp\/v2\/location?post=986"},{"taxonomy":"canton","embeddable":true,"href":"https:\/\/www.artisanlocal.ch\/c\/wp-json\/wp\/v2\/canton?post=986"}],"curies":[{"name":"wp","href":"https:\/\/api.w.org\/{rel}","templated":true}]}}