{"id":987,"date":"2024-05-18T18:46:05","date_gmt":"2024-05-18T16:46:05","guid":{"rendered":"https:\/\/www.artisanlocal.ch\/c\/artisan-plombier-a-martigny\/"},"modified":"2025-08-26T19:27:28","modified_gmt":"2025-08-26T17:27:28","slug":"artisan-plombier-a-martigny","status":"publish","type":"page","link":"https:\/\/www.artisanlocal.ch\/c\/artisan-plombier-a-martigny\/","title":{"rendered":"Artisan plombier \u00e0 Martigny"},"content":{"rendered":"<p>Si vous \u00eates un habitant de Martigny, nos plombiers se d\u00e9placent \u00e0 votre logement.<\/p>\n\r\n<div class=\"box\">\r\n            <div class=\"company-info\">\r\n            <img decoding=\"async\" class=\"company-info__logo\" src=\"https:\/\/www.artisanlocal.ch\/media\/cache\/thumb\/images\/companies\/6994410e41add050636702.png\" alt=\"Logo\">\r\n            <h2 class=\"company-info__name\">ARBERIA S\u00e0rl - D\u00e9pannage Sanitaire Chauffage<\/h2>\r\n            <p class=\"company-info__business\">Sanitaire - Chauffage - D\u00e9pannage - R\u00e9novation<\/p>\r\n        <\/div>\r\n        <div class=\"company-contact\">\r\n            <p class=\"company-info__address\">Ruelle du Mont-Chemin 5<\/p>\r\n                            <div class=\"links\">\r\n                                            <a class=\"btn has-accent-background-color js-phoneNumber\" href=\"tel:0787753600\" title=\"Appelez\" data-id=\"26347\" data-type=\"11\">078 775 36 00<\/a>\r\n                                                                <a class=\"btn has-accent-background-color\" href=\"https:\/\/www.arberia.ch\/\" target=\"_blank\" title=\"Voir le site internet\" data-id=\"26347\" data-type=\"20\">Site internet<\/a>\r\n                                    <\/div>\r\n                    <\/div>\r\n    \r\n            \r\n<form action=\"https:\/\/www.artisanlocal.ch\/c\/wp-admin\/admin-ajax.php\" method=\"post\" class=\"form-contact\" id=\"artisan_form_contact_company_inline\">\r\n    <div><input type=\"hidden\" name=\"action\" value=\"company_contact\"><\/div>\r\n    <div><input type=\"hidden\" name=\"nonce\" value=\"f071462bb9\"><\/div>\r\n    <div><input type=\"hidden\" name=\"company_id\" value=\"26347\"><\/div>\r\n    <div><input type=\"hidden\" name=\"form_id\" value=\"artisan_form_contact_company_inline\"><\/div>\r\n    <div class=\"gglcptch gglcptch_v3 gglcptch_custom\"><input type=\"hidden\" id=\"g-recaptcha-response\" name=\"g-recaptcha-response\" \/><br \/><div class=\"gglcptch_error_text\">La p\u00e9riode de v\u00e9rification reCAPTCHA a expir\u00e9. Veuillez recharger la page.<\/div><\/div>    <div class=\"form-content\">\r\n        <div class=\"form-group\">\r\n            <label for=\"contact_firstName\" class=\"required\">Pr\u00e9nom<\/label>\r\n            <input type=\"text\" name=\"firstName\" class=\"form-control\" required>\r\n        <\/div>\r\n        <div class=\"form-group\">\r\n            <label for=\"contact_lastName\" class=\"required\">Nom<\/label>\r\n            <input type=\"text\" name=\"lastName\" class=\"form-control\" required>\r\n        <\/div>\r\n        <div class=\"form-group\">\r\n            <label for=\"contact_email\" class=\"required\">Email<\/label>\r\n            <input type=\"email\" name=\"email\" class=\"form-control\" required>\r\n        <\/div>\r\n        <div class=\"form-group\">\r\n            <label for=\"contact_phone\" class=\"required\">Num\u00e9ro de t\u00e9l\u00e9phone<\/label>\r\n            <input type=\"tel\" name=\"phone\" class=\"form-control\" placeholder=\"0787117165\" pattern=\"^[0-9]{10}$\" required>\r\n        <\/div>\r\n        <div class=\"form-group\">\r\n            <label for=\"contact_postalCode\" class=\"required\">Code postal et localit\u00e9<\/label>\r\n            <input type=\"text\" name=\"postalCode\" class=\"form-control\" required>\r\n        <\/div>\r\n        <div class=\"form-group\">\r\n            <label for=\"contact_address\" class=\"required\">Adresse<\/label>\r\n            <input type=\"text\" name=\"address\" class=\"form-control\" required>\r\n        <\/div>\r\n        <div class=\"full-width topic\">\r\n            <p class=\"required\">Je souhaite \u00eatre contact\u00e9 pour :<\/p>\r\n            <div class=\"form-check\">\r\n                <input type=\"radio\" name=\"topic\" value=\"D\u00e9pannage\" class=\"form-control\" required>\r\n                <label for=\"d\u00e9pannage\">D\u00e9pannage<\/label>\r\n            <\/div>\r\n            <div class=\"form-check\">\r\n                <input type=\"radio\" name=\"topic\" value=\"Entretien\" class=\"form-control\" required>\r\n                <label for=\"entretien\">Entretien<\/label>\r\n            <\/div>\r\n            <div class=\"form-check\">\r\n                <input type=\"radio\" name=\"topic\" value=\"R\u00e9novation\" class=\"form-control\" required>\r\n                <label for=\"r\u00e9novation\">R\u00e9novation<\/label>\r\n            <\/div>\r\n            <div class=\"form-check\">\r\n                <input type=\"radio\" name=\"topic\" value=\"Autre\" class=\"form-control\" required>\r\n                <label for=\"autre\">Autre<\/label>\r\n            <\/div>\r\n        <\/div>\r\n        <div class=\"form-group full-width\">\r\n            <label for=\"contact_message\">Message<\/label>\r\n            <textarea name=\"message\" rows=\"3\" class=\"form-control\"><\/textarea>\r\n        <\/div>\r\n    <\/div>\r\n    <div class=\"form-actions\">\r\n        <button class=\"wp-block-button__link has-accent-background-color\">Contacter<\/button>\r\n    <\/div>\r\n<\/form>\r\n<div class=\"form-feedback\"><\/div>    <\/div>\n<h2>Pourquoi choisir Artisanlocal \u00e0 Martigny ?<\/h2>\n<ul>\n<li>Nous sommes ouverts 24 heures sur 24, 7 jours sur 7, y compris les jours f\u00e9ri\u00e9s.<\/li>\n<li>Nous fournissons des estimations gratuites.<\/li>\n<li>Nous employons les derni\u00e8res m\u00e9thodes.<\/li>\n<li>Notre soci\u00e9t\u00e9 est situ\u00e9e \u00e0 Martigny nous permettant d&rsquo;intervenir en urgence dans votre domicile.<\/li>\n<li>Nos tarifs sont comp\u00e9titifs.<\/li>\n<li>Nos plombiers sont assur\u00e9s et exp\u00e9riment\u00e9s.<\/li>\n<li>Avant de d\u00e9buter notre travail, nous contr\u00f4lons votre plomberie.<\/li>\n<li>Nous r\u00e9parons tous les types de plomberie.<\/li>\n<\/ul>\n<h2>Les services que nous r\u00e9alisons \u00e0 Martigny<\/h2>\n<ul>\n<li>Nous d\u00e9tectons les fuites et ensuite, nous r\u00e9parons vos canalisations.<\/li>\n<li>Nos artisans plombiers changent vos \u00e9quipements sanitaires.<\/li>\n<li>La remise en \u00e9tat de votre sanitaire.<\/li>\n<li>Les services de plomberie, tel que : l&rsquo;installation de lavabo, d&rsquo;\u00e9vier, de la tuyauterie et de robinet.<\/li>\n<li>Nous installons les chauffes-eau et les chaudi\u00e8res.<\/li>\n<li>Le d\u00e9bouchage et l\u2019assainissement de vos canalisations.<\/li>\n<li>Nous r\u00e9novons enti\u00e8rement les salles de bain.<\/li>\n<li>La vidange de votre fosse septique.<\/li>\n<\/ul>\n<h2>Comment fonctionne Artisanlocal ?<\/h2>\n<ol>\n<li>Suite \u00e0 votre prise de contact par email ou t\u00e9l\u00e9phone, un de nos plombiers vous contacte pour \u00e9tudier l&rsquo;ampleur de votre probl\u00e8me.<\/li>\n<li>Par la suite, nous vous donnons un devis gratuit et d\u00e9taill\u00e9. Vous ne d\u00e9penserez aucuns frais suppl\u00e9mentaires, sauf si vous ayez besoin d&rsquo;\u00e9l\u00e9ments de rechange ou de gros travaux.<\/li>\n<li>Apr\u00e8s la validation du devis, notre artisan d\u00e9termine avec vous une date d\u2019intervention.<\/li>\n<\/ol>\n<h2>Plombier pour les particuliers \u00e0 Martigny<\/h2>\n<p>En cas de probl\u00e8me avec votre installation sanitaire, il y a un risque de contamination de l&rsquo;eau, ce qui peut occasionner un danger pour votre famille, c&rsquo;est pour cela que l&rsquo;artisan plombier qui op\u00e8re \u00e0 votre logement r\u00e9alise :<\/p>\n<ul>\n<li>La r\u00e9paration de fuites.<\/li>\n<li>Le d\u00e9bouchage et le nettoyage de vos canalisations.<\/li>\n<li>La r\u00e9vision de votre chauffe-eau.<\/li>\n<li>L\u2019Inspection de vos canalisations.<\/li>\n<li>La r\u00e9paration de vos canalisations.<\/li>\n<li>Le nettoyage de votre maison apr\u00e8s les d\u00e9g\u00e2ts des eaux.<\/li>\n<\/ul>\n<h2>Artisanlocal aux services des entreprises \u00e0 Martigny<\/h2>\n<p>\u00c0 Martigny, il y a des commerces de d\u00e9tail, PME et restaurants. Les robinets qui coulent, les canalisations bouch\u00e9es et les chauffe-eau qui marchent mal sont des probl\u00e8mes qui peuvent conduire \u00e0 une chute de productivit\u00e9 ou encore d\u00e9grader vos installations. Artisanlocal propose des prestations de plomberie pour votre soci\u00e9t\u00e9 \u00e0 Martigny, comme :<\/p>\n<ul>\n<li>Le d\u00e9bouchage de vos \u00e9viers et le changement de vos mitigeurs de cuisine.<\/li>\n<li>L&rsquo;inspection par vid\u00e9o et la remise en \u00e9tat de vos tuyaux d&rsquo;\u00e9vacuations.<\/li>\n<li>L\u2019hydrocurage de vos tuyaux de canalisations.<\/li>\n<li>La pose de nouveaux \u00e9quipements de plomberie.<\/li>\n<li>Le nettoyage, le changement ou la r\u00e9paration de bac \u00e0 graisse.<\/li>\n<li>La mise en place, la r\u00e9paration et l&rsquo;entretien de votre chauffage ou chauffe-eau.<\/li>\n<li>La restauration de votre r\u00e9seau de tuyaux.<\/li>\n<li>Le service de d\u00e9pannage de vos appareils sanitaires.<\/li>\n<li>L&rsquo;examen de vos \u00e9gouts par cam\u00e9ra vid\u00e9o.<\/li>\n<\/ul>\n<h2>Entretien de votre tuyauterie en urgence \u00e0 Martigny<\/h2>\n<p>Nos artisans assainissent vos canalisations \u00e0 Martigny en urgence afin de vous pr\u00e9server des probl\u00e8mes d\u2019\u00e9vacuation de vos eaux us\u00e9es, des remont\u00e9es de mauvaises odeurs ou encore du d\u00e9bordement de vos toilettes, \u00e9viers ou baignoires, d&rsquo;autre part, nos plombiers op\u00e8rent rapidement sur vos :<\/p>\n<ul>\n<li>Lavabos.<\/li>\n<li>Toilettes.<\/li>\n<li>Toitures.<\/li>\n<li>Syst\u00e8mes d&rsquo;\u00e9gouts.<\/li>\n<li>Tuyauteries. <\/li>\n<\/ul>\n<h2>Service de nettoyage d&rsquo;\u00e9gouts \u00e0 Martigny<\/h2>\n<p>Les \u00e9gouts constituent le r\u00e9seau central de la plomberie. Il assure l&rsquo;\u00e9vacuation des eaux us\u00e9es des \u00e9viers, des w.c. Et des autres appareils sanitaires. Si votre \u00e9gout est bouch\u00e9 ou d\u00e9borde, cela peut provoquer des dommages dans votre habitat, et vous mettre en danger.<\/p>\n<p>Le nettoyage fr\u00e9quent de votre \u00e9gout permet d&rsquo;\u00e9viter les refoulements ou encore la formation de bouchons. Nos artisans plombiers \u00e0 Martigny combinent les techniques traditionnelles et les nouvelles technologies pour \u00e9liminer, inspecter et r\u00e9tablir l&rsquo;\u00e9coulement des eaux us\u00e9es dans vos canalisations.<\/p>\n<p>Notre soci\u00e9t\u00e9 peut aussi changer votre conduite d&rsquo;\u00e9gout si elle est trop endommag\u00e9e. Notre \u00e9quipe peut aussi nettoyer rapidement tout dommage caus\u00e9 par les eaux us\u00e9es dans votre r\u00e9sidence ou entreprise. Nous s\u00e9chons et d\u00e9shumidifions les zones touch\u00e9es dans le but de minimiser les risques d&rsquo;apparition de moisissures.<\/p>\n<h2>Services de d\u00e9pannage et de pose de chauffe-eau \u00e0 Martigny<\/h2>\n<p>Vous n&rsquo;avez que de l\u2019eau froide dans vos conduits ? Votre cumulus peut rencontrer des probl\u00e8mes techniques. Artisanlocal remet en \u00e9tat votre cumulus en urgence. Voici les signes qui indiquent des probl\u00e8mes :<\/p>\n<ul>\n<li>Un d\u00e9bit r\u00e9duit d&rsquo;eau chaude : vous avez potentiellement une fuite dans votre cumulus, ou un \u00e9l\u00e9ment chauffant qui ne marche pas ou les d\u00e9p\u00f4ts de s\u00e9diments dans votre r\u00e9servoir.<\/li>\n<li>De l&rsquo;eau autour de votre r\u00e9servoir : la pr\u00e9sence d&rsquo;eau \u00e0 la base du chauffe-eau est l&rsquo;indication d&rsquo;un probl\u00e8me important, ou la pr\u00e9sence d&rsquo;une fissure dans le r\u00e9servoir.<\/li>\n<li>Vous percevez des bruits \u00e9tranges qui proviennent du chauffe-eau : des bruits bizarres peuvent indiquer une accumulation de s\u00e9diments, d\u2019une fuite, ou d&rsquo;une panne de l&rsquo;\u00e9l\u00e9ment chauffant.<\/li>\n<li>La d\u00e9coloration de l&rsquo;eau : cela peut \u00eatre d\u00fb \u00e0 des contaminants et par la rouille pr\u00e9sents dans le chauffe-eau.<\/li>\n<li>Le chauffe-eau reste en marche : si vous remarquez que votre chauffe-eau est sans cesse en marche, cela peut \u00eatre d\u00fb \u00e0 un probl\u00e8me.<\/li>\n<\/ul>\n<p>En sollicitant nos artisans plombiers d\u00e8s les premiers signaux d&rsquo;alerte, vous pouvez \u00e9chapper \u00e0 des r\u00e9parations hors de prix.<\/p>\n<h2>Prestation de nettoyage apr\u00e8s des d\u00e9g\u00e2ts des eaux<\/h2>\n<p>Nos plombiers peuvent nettoyer votre appartement apr\u00e8s une inondation \u00e0 Martigny, nous sommes disponibles pour vous apporter une assistance en cas de caves inond\u00e9es, de fortes pr\u00e9cipitations, d&rsquo;\u00e9clatements de tuyaux de canalisations, de reflux d&rsquo;\u00e9gouts, et de d\u00e9bordements de toilettes et de baignoires et d&rsquo;autres soucis de canalisation li\u00e9s \u00e0 un dommages engendr\u00e9s par l&rsquo;eau.<\/p>\n<h2>Foire aux questions<\/h2>\n<h3>Quel tarif pour faire intervenir un plombier \u00e0 Martigny ?<\/h3>\n<p>Apr\u00e8s avoir analys\u00e9 votre souci de tuyauterie, les plombiers professionnels d&rsquo;Artisanlocal calculent le co\u00fbt de l&rsquo;intervention. Voici les prix \u00e0 titre informatif \u00e0 Martigny :<\/p>\n<table border=\"1\">\n<tbody>\n<tr>\n<th>Services<\/th>\n<th>Prix CHF<\/th>\n<\/tr>\n<tr>\n<td>Mise en place d\u2019un lavabo<\/td>\n<td>280.00<\/td>\n<\/tr>\n<tr>\n<td>Tarif horaire : pose sanitaire<\/td>\n<td>110.00 \u00e0 129.00<\/td>\n<\/tr>\n<tr>\n<td>Mise en place et raccordement, d\u2019un siphon \u00e0 un \u00e9vier<\/td>\n<td>70.00<\/td>\n<\/tr>\n<tr>\n<td>Assemblage mobilier de salle d&rsquo;eau<\/td>\n<td>95.00<\/td>\n<\/tr>\n<tr>\n<td>Mise en place et raccord, d\u2019une douche \u00e0 la robinetterie<\/td>\n<td>86.00<\/td>\n<\/tr>\n<tr>\n<td>Pose d\u2019un r\u00e9servoir de toilette<\/td>\n<td>112.00<\/td>\n<\/tr>\n<tr>\n<td>Fixation d\u2019accessoires de salle d&rsquo;eau<\/td>\n<td>60.00<\/td>\n<\/tr>\n<tr>\n<td>Pose d\u2019un toilette suspendu<\/td>\n<td>170.00<\/td>\n<\/tr>\n<tr>\n<td>D\u00e9placement du plombier aller-retour<\/td>\n<td>100.00<\/td>\n<\/tr>\n<\/tbody>\n<\/table>\n<h3>La soci\u00e9t\u00e9 Artisanlocal est-elle ouverte les samedis et dimanches ?<\/h3>\n<p>Notre service de plomberie est joignable 24h\/24, 7j\/7 et m\u00eame durant les jours f\u00e9ri\u00e9s.<\/p>\n<h3>Les artisans plombiers r\u00e9alisent des interventions \u00e0 Martigny et dans les villes voisines ?<\/h3>\n<p>Nos artisans plombiers se d\u00e9placent \u00e0 Martigny, mais aussi dans les villes \u00e0 proximit\u00e9, comme : Charrat, Saxon, Riddes, Dugny (Leytron), Leytron, Montagnon (Leytron), Produit (Leytron), Saillon, Is\u00e9rables, Auddes-sur-Riddes, La Tzoumaz, Martigny-Croix, Fully, Chemin, Ravoire, Trient, Bovernier, Les Valettes (Bovernier), Chamoille (Sembrancher), La Garde (Sembrancher), Sembrancher, Vens (Sembrancher), Bruson, Le Ch\u00e2ble VS, Verbier, Orsi\u00e8res, Champex-Lac, Cries (Voll\u00e8ges), Voll\u00e8ges, Levron, Praz-de-Fort, La Fouly VS, Chandonne (Liddes), Chez Petit (Liddes), Dranse (Liddes), Fontaine Dessous (Liddes), Fontaine Dessus (Liddes), Fornex (Liddes), Les Moulins VS (Liddes), Liddes, Palasuit (Liddes), Petit Vich\u00e8res (Liddes), Rive Haute (Liddes), Vich\u00e8res (Liddes), Bourg-St-Pierre, Champsec, Verseg\u00e8res, Fionnay, Lourtier, Sarreyer, Mayens-de-Chamoson, Ovronnaz.<\/p>\n","protected":false},"excerpt":{"rendered":"<p>Si vous \u00eates un habitant de Martigny, nos plombiers se d\u00e9placent \u00e0 votre logement. Pourquoi choisir Artisanlocal \u00e0 Martigny ? Nous sommes ouverts 24 heures sur 24, 7 jours sur 7, y compris les jours f\u00e9ri\u00e9s. Nous fournissons des estimations gratuites. Nous employons les derni\u00e8res m\u00e9thodes. Notre soci\u00e9t\u00e9 est situ\u00e9e \u00e0 Martigny nous permettant d&rsquo;intervenir [&hellip;]<\/p>\n","protected":false},"author":4,"featured_media":2758,"parent":0,"menu_order":0,"comment_status":"closed","ping_status":"closed","template":"","meta":{"footnotes":""},"profession":[123],"location":[23],"canton":[110],"class_list":["post-987","page","type-page","status-publish","has-post-thumbnail","hentry","profession-sanitaire","location-martigny","canton-vs"],"yoast_head":"<!-- This site is optimized with the Yoast SEO Premium plugin v25.7.1 (Yoast SEO v27.4) - https:\/\/yoast.com\/product\/yoast-seo-premium-wordpress\/ -->\n<title>Artisan plombier \u00e0 Martigny - Artisanlocal<\/title>\n<meta name=\"robots\" content=\"index, follow, max-snippet:-1, max-image-preview:large, max-video-preview:-1\" \/>\n<link rel=\"canonical\" href=\"https:\/\/www.artisanlocal.ch\/c\/artisan-plombier-a-martigny\/\" \/>\n<meta property=\"og:locale\" content=\"fr_FR\" \/>\n<meta property=\"og:type\" content=\"article\" \/>\n<meta property=\"og:title\" content=\"Artisan plombier \u00e0 Martigny\" \/>\n<meta property=\"og:description\" content=\"Si vous \u00eates un habitant de Martigny, nos plombiers se d\u00e9placent \u00e0 votre logement. Pourquoi choisir Artisanlocal \u00e0 Martigny ? Nous sommes ouverts 24 heures sur 24, 7 jours sur 7, y compris les jours f\u00e9ri\u00e9s. Nous fournissons des estimations gratuites. Nous employons les derni\u00e8res m\u00e9thodes. Notre soci\u00e9t\u00e9 est situ\u00e9e \u00e0 Martigny nous permettant d&rsquo;intervenir [&hellip;]\" \/>\n<meta property=\"og:url\" content=\"https:\/\/www.artisanlocal.ch\/c\/artisan-plombier-a-martigny\/\" \/>\n<meta property=\"og:site_name\" content=\"Artisanlocal\" \/>\n<meta property=\"article:modified_time\" content=\"2025-08-26T17:27:28+00:00\" \/>\n<meta property=\"og:image\" content=\"https:\/\/www.artisanlocal.ch\/c\/wp-content\/uploads\/2024\/10\/plombier.jpg\" \/>\n\t<meta property=\"og:image:width\" content=\"1920\" \/>\n\t<meta property=\"og:image:height\" content=\"300\" \/>\n\t<meta property=\"og:image:type\" content=\"image\/jpeg\" \/>\n<meta name=\"twitter:card\" content=\"summary_large_image\" \/>\n<meta name=\"twitter:label1\" content=\"Dur\u00e9e de lecture estim\u00e9e\" \/>\n\t<meta name=\"twitter:data1\" content=\"6 minutes\" \/>\n<script type=\"application\/ld+json\" class=\"yoast-schema-graph\">{\"@context\":\"https:\\\/\\\/schema.org\",\"@graph\":[{\"@type\":\"WebPage\",\"@id\":\"https:\\\/\\\/www.artisanlocal.ch\\\/c\\\/artisan-plombier-a-martigny\\\/\",\"url\":\"https:\\\/\\\/www.artisanlocal.ch\\\/c\\\/artisan-plombier-a-martigny\\\/\",\"name\":\"Artisan plombier \u00e0 Martigny - Artisanlocal\",\"isPartOf\":{\"@id\":\"https:\\\/\\\/www.artisanlocal.ch\\\/c\\\/#website\"},\"primaryImageOfPage\":{\"@id\":\"https:\\\/\\\/www.artisanlocal.ch\\\/c\\\/artisan-plombier-a-martigny\\\/#primaryimage\"},\"image\":{\"@id\":\"https:\\\/\\\/www.artisanlocal.ch\\\/c\\\/artisan-plombier-a-martigny\\\/#primaryimage\"},\"thumbnailUrl\":\"https:\\\/\\\/www.artisanlocal.ch\\\/c\\\/wp-content\\\/uploads\\\/2024\\\/10\\\/plombier.jpg\",\"datePublished\":\"2024-05-18T16:46:05+00:00\",\"dateModified\":\"2025-08-26T17:27:28+00:00\",\"breadcrumb\":{\"@id\":\"https:\\\/\\\/www.artisanlocal.ch\\\/c\\\/artisan-plombier-a-martigny\\\/#breadcrumb\"},\"inLanguage\":\"fr-FR\",\"potentialAction\":[{\"@type\":\"ReadAction\",\"target\":[\"https:\\\/\\\/www.artisanlocal.ch\\\/c\\\/artisan-plombier-a-martigny\\\/\"]}]},{\"@type\":\"ImageObject\",\"inLanguage\":\"fr-FR\",\"@id\":\"https:\\\/\\\/www.artisanlocal.ch\\\/c\\\/artisan-plombier-a-martigny\\\/#primaryimage\",\"url\":\"https:\\\/\\\/www.artisanlocal.ch\\\/c\\\/wp-content\\\/uploads\\\/2024\\\/10\\\/plombier.jpg\",\"contentUrl\":\"https:\\\/\\\/www.artisanlocal.ch\\\/c\\\/wp-content\\\/uploads\\\/2024\\\/10\\\/plombier.jpg\",\"width\":1920,\"height\":300},{\"@type\":\"BreadcrumbList\",\"@id\":\"https:\\\/\\\/www.artisanlocal.ch\\\/c\\\/artisan-plombier-a-martigny\\\/#breadcrumb\",\"itemListElement\":[{\"@type\":\"ListItem\",\"position\":1,\"name\":\"Accueil\",\"item\":\"https:\\\/\\\/www.artisanlocal.ch\\\/c\\\/\"},{\"@type\":\"ListItem\",\"position\":2,\"name\":\"Artisan plombier \u00e0 Martigny\"}]},{\"@type\":\"WebSite\",\"@id\":\"https:\\\/\\\/www.artisanlocal.ch\\\/c\\\/#website\",\"url\":\"https:\\\/\\\/www.artisanlocal.ch\\\/c\\\/\",\"name\":\"Artisanlocal\",\"description\":\"\",\"publisher\":{\"@id\":\"https:\\\/\\\/www.artisanlocal.ch\\\/c\\\/#organization\"},\"potentialAction\":[{\"@type\":\"SearchAction\",\"target\":{\"@type\":\"EntryPoint\",\"urlTemplate\":\"https:\\\/\\\/www.artisanlocal.ch\\\/c\\\/?s={search_term_string}\"},\"query-input\":{\"@type\":\"PropertyValueSpecification\",\"valueRequired\":true,\"valueName\":\"search_term_string\"}}],\"inLanguage\":\"fr-FR\"},{\"@type\":\"Organization\",\"@id\":\"https:\\\/\\\/www.artisanlocal.ch\\\/c\\\/#organization\",\"name\":\"Artisanlocal\",\"url\":\"https:\\\/\\\/www.artisanlocal.ch\\\/c\\\/\",\"logo\":{\"@type\":\"ImageObject\",\"inLanguage\":\"fr-FR\",\"@id\":\"https:\\\/\\\/www.artisanlocal.ch\\\/c\\\/#\\\/schema\\\/logo\\\/image\\\/\",\"url\":\"https:\\\/\\\/www.artisanlocal.ch\\\/c\\\/wp-content\\\/uploads\\\/2024\\\/02\\\/logo-artisanlocal-h.svg\",\"contentUrl\":\"https:\\\/\\\/www.artisanlocal.ch\\\/c\\\/wp-content\\\/uploads\\\/2024\\\/02\\\/logo-artisanlocal-h.svg\",\"caption\":\"Artisanlocal\"},\"image\":{\"@id\":\"https:\\\/\\\/www.artisanlocal.ch\\\/c\\\/#\\\/schema\\\/logo\\\/image\\\/\"}}]}<\/script>\n<!-- \/ Yoast SEO Premium plugin. -->","yoast_head_json":{"title":"Artisan plombier \u00e0 Martigny - Artisanlocal","robots":{"index":"index","follow":"follow","max-snippet":"max-snippet:-1","max-image-preview":"max-image-preview:large","max-video-preview":"max-video-preview:-1"},"canonical":"https:\/\/www.artisanlocal.ch\/c\/artisan-plombier-a-martigny\/","og_locale":"fr_FR","og_type":"article","og_title":"Artisan plombier \u00e0 Martigny","og_description":"Si vous \u00eates un habitant de Martigny, nos plombiers se d\u00e9placent \u00e0 votre logement. Pourquoi choisir Artisanlocal \u00e0 Martigny ? Nous sommes ouverts 24 heures sur 24, 7 jours sur 7, y compris les jours f\u00e9ri\u00e9s. Nous fournissons des estimations gratuites. Nous employons les derni\u00e8res m\u00e9thodes. Notre soci\u00e9t\u00e9 est situ\u00e9e \u00e0 Martigny nous permettant d&rsquo;intervenir [&hellip;]","og_url":"https:\/\/www.artisanlocal.ch\/c\/artisan-plombier-a-martigny\/","og_site_name":"Artisanlocal","article_modified_time":"2025-08-26T17:27:28+00:00","og_image":[{"width":1920,"height":300,"url":"https:\/\/www.artisanlocal.ch\/c\/wp-content\/uploads\/2024\/10\/plombier.jpg","type":"image\/jpeg"}],"twitter_card":"summary_large_image","twitter_misc":{"Dur\u00e9e de lecture estim\u00e9e":"6 minutes"},"schema":{"@context":"https:\/\/schema.org","@graph":[{"@type":"WebPage","@id":"https:\/\/www.artisanlocal.ch\/c\/artisan-plombier-a-martigny\/","url":"https:\/\/www.artisanlocal.ch\/c\/artisan-plombier-a-martigny\/","name":"Artisan plombier \u00e0 Martigny - Artisanlocal","isPartOf":{"@id":"https:\/\/www.artisanlocal.ch\/c\/#website"},"primaryImageOfPage":{"@id":"https:\/\/www.artisanlocal.ch\/c\/artisan-plombier-a-martigny\/#primaryimage"},"image":{"@id":"https:\/\/www.artisanlocal.ch\/c\/artisan-plombier-a-martigny\/#primaryimage"},"thumbnailUrl":"https:\/\/www.artisanlocal.ch\/c\/wp-content\/uploads\/2024\/10\/plombier.jpg","datePublished":"2024-05-18T16:46:05+00:00","dateModified":"2025-08-26T17:27:28+00:00","breadcrumb":{"@id":"https:\/\/www.artisanlocal.ch\/c\/artisan-plombier-a-martigny\/#breadcrumb"},"inLanguage":"fr-FR","potentialAction":[{"@type":"ReadAction","target":["https:\/\/www.artisanlocal.ch\/c\/artisan-plombier-a-martigny\/"]}]},{"@type":"ImageObject","inLanguage":"fr-FR","@id":"https:\/\/www.artisanlocal.ch\/c\/artisan-plombier-a-martigny\/#primaryimage","url":"https:\/\/www.artisanlocal.ch\/c\/wp-content\/uploads\/2024\/10\/plombier.jpg","contentUrl":"https:\/\/www.artisanlocal.ch\/c\/wp-content\/uploads\/2024\/10\/plombier.jpg","width":1920,"height":300},{"@type":"BreadcrumbList","@id":"https:\/\/www.artisanlocal.ch\/c\/artisan-plombier-a-martigny\/#breadcrumb","itemListElement":[{"@type":"ListItem","position":1,"name":"Accueil","item":"https:\/\/www.artisanlocal.ch\/c\/"},{"@type":"ListItem","position":2,"name":"Artisan plombier \u00e0 Martigny"}]},{"@type":"WebSite","@id":"https:\/\/www.artisanlocal.ch\/c\/#website","url":"https:\/\/www.artisanlocal.ch\/c\/","name":"Artisanlocal","description":"","publisher":{"@id":"https:\/\/www.artisanlocal.ch\/c\/#organization"},"potentialAction":[{"@type":"SearchAction","target":{"@type":"EntryPoint","urlTemplate":"https:\/\/www.artisanlocal.ch\/c\/?s={search_term_string}"},"query-input":{"@type":"PropertyValueSpecification","valueRequired":true,"valueName":"search_term_string"}}],"inLanguage":"fr-FR"},{"@type":"Organization","@id":"https:\/\/www.artisanlocal.ch\/c\/#organization","name":"Artisanlocal","url":"https:\/\/www.artisanlocal.ch\/c\/","logo":{"@type":"ImageObject","inLanguage":"fr-FR","@id":"https:\/\/www.artisanlocal.ch\/c\/#\/schema\/logo\/image\/","url":"https:\/\/www.artisanlocal.ch\/c\/wp-content\/uploads\/2024\/02\/logo-artisanlocal-h.svg","contentUrl":"https:\/\/www.artisanlocal.ch\/c\/wp-content\/uploads\/2024\/02\/logo-artisanlocal-h.svg","caption":"Artisanlocal"},"image":{"@id":"https:\/\/www.artisanlocal.ch\/c\/#\/schema\/logo\/image\/"}}]}},"_links":{"self":[{"href":"https:\/\/www.artisanlocal.ch\/c\/wp-json\/wp\/v2\/pages\/987","targetHints":{"allow":["GET"]}}],"collection":[{"href":"https:\/\/www.artisanlocal.ch\/c\/wp-json\/wp\/v2\/pages"}],"about":[{"href":"https:\/\/www.artisanlocal.ch\/c\/wp-json\/wp\/v2\/types\/page"}],"author":[{"embeddable":true,"href":"https:\/\/www.artisanlocal.ch\/c\/wp-json\/wp\/v2\/users\/4"}],"replies":[{"embeddable":true,"href":"https:\/\/www.artisanlocal.ch\/c\/wp-json\/wp\/v2\/comments?post=987"}],"version-history":[{"count":0,"href":"https:\/\/www.artisanlocal.ch\/c\/wp-json\/wp\/v2\/pages\/987\/revisions"}],"wp:featuredmedia":[{"embeddable":true,"href":"https:\/\/www.artisanlocal.ch\/c\/wp-json\/wp\/v2\/media\/2758"}],"wp:attachment":[{"href":"https:\/\/www.artisanlocal.ch\/c\/wp-json\/wp\/v2\/media?parent=987"}],"wp:term":[{"taxonomy":"profession","embeddable":true,"href":"https:\/\/www.artisanlocal.ch\/c\/wp-json\/wp\/v2\/profession?post=987"},{"taxonomy":"location","embeddable":true,"href":"https:\/\/www.artisanlocal.ch\/c\/wp-json\/wp\/v2\/location?post=987"},{"taxonomy":"canton","embeddable":true,"href":"https:\/\/www.artisanlocal.ch\/c\/wp-json\/wp\/v2\/canton?post=987"}],"curies":[{"name":"wp","href":"https:\/\/api.w.org\/{rel}","templated":true}]}}