{"id":990,"date":"2024-05-18T03:14:45","date_gmt":"2024-05-18T01:14:45","guid":{"rendered":"https:\/\/www.artisanlocal.ch\/c\/plombier-conthey\/"},"modified":"2025-08-26T19:27:44","modified_gmt":"2025-08-26T17:27:44","slug":"plombier-conthey","status":"publish","type":"page","link":"https:\/\/www.artisanlocal.ch\/c\/plombier-conthey\/","title":{"rendered":"Plombier Conthey"},"content":{"rendered":"<p>Si vous \u00eates un Contheysan, en cas d&rsquo;urgence, nos plombiers professionnels se d\u00e9placent \u00e0 votre logement.<\/p>\n\r\n<div class=\"box\">\r\n            <div class=\"company-info\">\r\n            <img decoding=\"async\" class=\"company-info__logo\" src=\"https:\/\/www.artisanlocal.ch\/media\/cache\/thumb\/images\/companies\/69aaa900e454f769416040.png\" alt=\"Logo\">\r\n            <h2 class=\"company-info__name\">Reynard Sanitaire-Ferblanterie SA<\/h2>\r\n            <p class=\"company-info__business\">Sanitaire - Chauffage - Couverture - \u00c9tanch\u00e9it\u00e9 - Ferblanterie - Solaire<\/p>\r\n        <\/div>\r\n        <div class=\"company-contact\">\r\n            <p class=\"company-info__address\">Route de Vasse 41<\/p>\r\n                            <div class=\"links\">\r\n                                            <a class=\"btn has-accent-background-color js-phoneNumber\" href=\"tel:0792137163\" title=\"Appelez\" data-id=\"7542\" data-type=\"11\">079 213 71 63<\/a>\r\n                                                                <a class=\"btn has-accent-background-color\" href=\"http:\/\/www.reynardsa.ch\/\" target=\"_blank\" title=\"Voir le site internet\" data-id=\"7542\" data-type=\"20\">Site internet<\/a>\r\n                                    <\/div>\r\n                    <\/div>\r\n    \r\n            \r\n<form action=\"https:\/\/www.artisanlocal.ch\/c\/wp-admin\/admin-ajax.php\" method=\"post\" class=\"form-contact\" id=\"artisan_form_contact_company_inline\">\r\n    <div><input type=\"hidden\" name=\"action\" value=\"company_contact\"><\/div>\r\n    <div><input type=\"hidden\" name=\"nonce\" value=\"622c770a9c\"><\/div>\r\n    <div><input type=\"hidden\" name=\"company_id\" value=\"7542\"><\/div>\r\n    <div><input type=\"hidden\" name=\"form_id\" value=\"artisan_form_contact_company_inline\"><\/div>\r\n    <div class=\"gglcptch gglcptch_v3 gglcptch_custom\"><input type=\"hidden\" id=\"g-recaptcha-response\" name=\"g-recaptcha-response\" \/><br \/><div class=\"gglcptch_error_text\">La p\u00e9riode de v\u00e9rification reCAPTCHA a expir\u00e9. Veuillez recharger la page.<\/div><\/div>    <div class=\"form-content\">\r\n        <div class=\"form-group\">\r\n            <label for=\"contact_firstName\" class=\"required\">Pr\u00e9nom<\/label>\r\n            <input type=\"text\" name=\"firstName\" class=\"form-control\" required>\r\n        <\/div>\r\n        <div class=\"form-group\">\r\n            <label for=\"contact_lastName\" class=\"required\">Nom<\/label>\r\n            <input type=\"text\" name=\"lastName\" class=\"form-control\" required>\r\n        <\/div>\r\n        <div class=\"form-group\">\r\n            <label for=\"contact_email\" class=\"required\">Email<\/label>\r\n            <input type=\"email\" name=\"email\" class=\"form-control\" required>\r\n        <\/div>\r\n        <div class=\"form-group\">\r\n            <label for=\"contact_phone\" class=\"required\">Num\u00e9ro de t\u00e9l\u00e9phone<\/label>\r\n            <input type=\"tel\" name=\"phone\" class=\"form-control\" placeholder=\"0787117165\" pattern=\"^[0-9]{10}$\" required>\r\n        <\/div>\r\n        <div class=\"form-group\">\r\n            <label for=\"contact_postalCode\" class=\"required\">Code postal et localit\u00e9<\/label>\r\n            <input type=\"text\" name=\"postalCode\" class=\"form-control\" required>\r\n        <\/div>\r\n        <div class=\"form-group\">\r\n            <label for=\"contact_address\" class=\"required\">Adresse<\/label>\r\n            <input type=\"text\" name=\"address\" class=\"form-control\" required>\r\n        <\/div>\r\n        <div class=\"full-width topic\">\r\n            <p class=\"required\">Je souhaite \u00eatre contact\u00e9 pour :<\/p>\r\n            <div class=\"form-check\">\r\n                <input type=\"radio\" name=\"topic\" value=\"D\u00e9pannage\" class=\"form-control\" required>\r\n                <label for=\"d\u00e9pannage\">D\u00e9pannage<\/label>\r\n            <\/div>\r\n            <div class=\"form-check\">\r\n                <input type=\"radio\" name=\"topic\" value=\"Entretien\" class=\"form-control\" required>\r\n                <label for=\"entretien\">Entretien<\/label>\r\n            <\/div>\r\n            <div class=\"form-check\">\r\n                <input type=\"radio\" name=\"topic\" value=\"R\u00e9novation\" class=\"form-control\" required>\r\n                <label for=\"r\u00e9novation\">R\u00e9novation<\/label>\r\n            <\/div>\r\n            <div class=\"form-check\">\r\n                <input type=\"radio\" name=\"topic\" value=\"Autre\" class=\"form-control\" required>\r\n                <label for=\"autre\">Autre<\/label>\r\n            <\/div>\r\n        <\/div>\r\n        <div class=\"form-group full-width\">\r\n            <label for=\"contact_message\">Message<\/label>\r\n            <textarea name=\"message\" rows=\"3\" class=\"form-control\"><\/textarea>\r\n        <\/div>\r\n    <\/div>\r\n    <div class=\"form-actions\">\r\n        <button class=\"wp-block-button__link has-accent-background-color\">Contacter<\/button>\r\n    <\/div>\r\n<\/form>\r\n<div class=\"form-feedback\"><\/div>    <\/div>\n<h2>Pourquoi faire appel \u00e0 Artisanlocal \u00e0 Conthey ?<\/h2>\n<ul>\n<li>Nos plombiers se d\u00e9placent tous les jours et les jours f\u00e9ri\u00e9s.<\/li>\n<li>Nous offrons des estimations gratuites.<\/li>\n<li>Nos plombiers emploient les derni\u00e8res techniques et technologies.<\/li>\n<li>Nous sommes implant\u00e9s \u00e0 Conthey ce qui nous permet d&rsquo;intervenir en urgence \u00e0 votre foyer.<\/li>\n<li>Nos prix sont attractifs.<\/li>\n<li>Nos artisans plombiers sont exp\u00e9riment\u00e9s et assur\u00e9s.<\/li>\n<li>Nous inspectons votre syst\u00e8me de plomberie avant les travaux.<\/li>\n<li>Nous g\u00e9rons tous les travaux de plomberie possibles.<\/li>\n<\/ul>\n<h2>Les services que nous r\u00e9alisons \u00e0 Conthey<\/h2>\n<ul>\n<li>Notre entreprise est sp\u00e9cialis\u00e9e dans la localisation des fuites et la remise en \u00e9tat de vos conduits.<\/li>\n<li>Le remplacement de votre \u00e9quipement sanitaire.<\/li>\n<li>Nos artisans r\u00e9novent tous vos \u00e9quipements sanitaires.<\/li>\n<li>Nous r\u00e9alisons tous vos services de plomberie tels que l&rsquo;installation des : tuyauteries, lavabos, robinets et \u00e9viers.<\/li>\n<li>Nous posons les chauffes-eau et les chaudi\u00e8res.<\/li>\n<li>Nous accomplissons l&rsquo;assainissement et le d\u00e9bouchage de vos canalisations.<\/li>\n<li>Nous restaurons enti\u00e8rement les salles de bain.<\/li>\n<li>La vidange de votre fosse septique.<\/li>\n<\/ul>\n<h2>Quel est le fonctionnement d&rsquo;Artisanlocal \u00e0 Conthey ?<\/h2>\n<ol>\n<li>Suite \u00e0 votre prise de contact par t\u00e9l\u00e9phone ou mail, un de nos plombiers vous contacte pour analyser l&rsquo;ampleur de votre probl\u00e8me de plomberie.<\/li>\n<li>Ensuite, nous vous offrons un devis gratuit et d\u00e9taill\u00e9. Avec Artisanlocal, il n&rsquo;y a pas de frais dissimul\u00e9s, sauf s&rsquo;il y a des travaux importants ou qu&rsquo;il est n\u00e9cessaire de remplacer des \u00e9l\u00e9ments de votre plomberie.<\/li>\n<li>Apr\u00e8s votre accord pour l&rsquo;estimation, nous d\u00e9ciderons ensemble d&rsquo;une date d&rsquo;intervention \u00e0 votre logement.<\/li>\n<\/ol>\n<h2>Services de plomberie pour les particuliers \u00e0 Conthey<\/h2>\n<p>Si votre syst\u00e8me de plomberie est d\u00e9fectueux, il y a une possibilit\u00e9 que votre eau soit pollu\u00e9e et vous pouvez mettre en p\u00e9ril vos proches, c&rsquo;est pour cela que le plombier qui intervient chez vous r\u00e9alise :<\/p>\n<ul>\n<li>La localisation et la r\u00e9paration de fuites dans vos tuyaux.<\/li>\n<li>Le d\u00e9bouchage et le nettoyage de vos tuyaux.<\/li>\n<li>L\u2019entretien de votre chauffe-eau.<\/li>\n<li>L\u2019Inspection de vos canalisations.<\/li>\n<li>La r\u00e9novation de vos canalisations.<\/li>\n<li>La remise en \u00e9tat apr\u00e8s un sinistre.<\/li>\n<\/ul>\n<h2>Service de plombier pour les entreprises \u00e0 Conthey<\/h2>\n<p>\u00c0 Conthey, il y a des soci\u00e9t\u00e9s, commerces de d\u00e9tail et restaurants. Une petite fuite dans un robinet, un reflux dans un tuyau de canalisation ou encore une panne de chauffe-eau sont des incidents fr\u00e9quents qui peuvent diminuer la productivit\u00e9 de vos salari\u00e9s. Artisanlocal soutiens votre entreprise pour :<\/p>\n<ul>\n<li>Le d\u00e9bouchage de vos lavabos et le remplacement de vos mitigeurs de cuisine.<\/li>\n<li>L&rsquo;inspection par vid\u00e9o et la remise en \u00e9tat de vos tuyaux.<\/li>\n<li>Le nettoyage par jet d&rsquo;eau de vos canalisations.<\/li>\n<li>L&rsquo;installation de nouveaux \u00e9quipements de plomberie.<\/li>\n<li>Le nettoyage, le remplacement ou la remise en \u00e9tat de bac d\u00e9graisseur.<\/li>\n<li>L\u2019installation, l\u2019entretien et la r\u00e9paration de votre chauffe-eau ou syst\u00e8me de chauffage.<\/li>\n<li>La restauration de votre tuyauterie.<\/li>\n<li>Le service de d\u00e9pannage de vos appareils sanitaires.<\/li>\n<li>La v\u00e9rification de vos tuyaux par cam\u00e9ra.<\/li>\n<\/ul>\n<h2>Service de nettoyage de vos tuyaux de canalisations \u00e0 Conthey en urgence<\/h2>\n<p>Nos plombiers artisans assainissent vos canalisations \u00e0 Conthey en urgence pour vous pr\u00e9server des probl\u00e8mes d\u2019\u00e9coulement de vos eaux us\u00e9es, des remont\u00e9es de mauvaises odeurs ou encore du d\u00e9bordement de vos toilettes, \u00e9viers ou baignoires, de plus, nos plombiers op\u00e8rent rapidement pour vos :<\/p>\n<ul>\n<li>Lavabos.<\/li>\n<li>Toilettes.<\/li>\n<li>Toits (goutti\u00e8res).<\/li>\n<li>\u00c9gouts.<\/li>\n<li>Canalisations. <\/li>\n<\/ul>\n<h2>Service de nettoyage d&rsquo;\u00e9gouts \u00e0 Conthey<\/h2>\n<p>Les \u00e9gouts constituent le r\u00e9seau principal de la plomberie. Il \u00e9vacue les eaux us\u00e9es des \u00e9viers, des toilettes et des autres appareils sanitaires. Si votre \u00e9gout est bouch\u00e9 ou d\u00e9borde, cela peut d\u00e9grader votre maison, et vous mettre en danger.<\/p>\n<p>Le nettoyage fr\u00e9quent de votre \u00e9gout permet d&rsquo;\u00e9viter l&rsquo;apparition de bouchons et les remont\u00e9es dans vos canalisations. Nos plombiers \u00e0 Conthey combinent les techniques traditionnelles et les nouvelles technologies pour inspecter, \u00e9liminer et r\u00e9tablir l&rsquo;\u00e9coulement des eaux dans vos canalisations.<\/p>\n<p>Artisanlocal peut aussi remplacer votre conduite d&rsquo;\u00e9gout si elle est trop ab\u00eem\u00e9e. Notre \u00e9quipe offre aussi le nettoyage de votre soci\u00e9t\u00e9 ou de votre h\u00e9bergement \u00e0 la suite d&rsquo;un d\u00e9g\u00e2t des eaux. Nous s\u00e9chons et d\u00e9shumidifions les espaces endommag\u00e9s afin de minimiser les risques de d\u00e9veloppement de moisissures.<\/p>\n<h2>Services de r\u00e9paration et de pose de chauffe-eau \u00e0 Conthey<\/h2>\n<p>Il n&rsquo;y a que de l&rsquo;eau froide dans votre domicile ? Votre chauffe-eau peut avoir des soucis techniques. Notre soci\u00e9t\u00e9 r\u00e9alise la remise en \u00e9tat de votre chauffe-eau rapidement. Voici les signaux qui montrent des probl\u00e8mes :<\/p>\n<ul>\n<li>La baisse de la pression de l\u2019eau chaude : vous avez possiblement une fuite dans votre chauffe-eau, ou un \u00e9l\u00e9ment chauffant en panne ou l&rsquo;accumulation de s\u00e9diments dans votre r\u00e9servoir.<\/li>\n<li>De l&rsquo;eau \u00e0 proximit\u00e9 de votre cumulus : la pr\u00e9sence d&rsquo;humidit\u00e9 \u00e0 la base du r\u00e9servoir peut signaler un probl\u00e8me, ou possiblement d&rsquo;une fissure dans le chauffe-eau.<\/li>\n<li>Vous entendez des bruits anormaux qui proviennent du cumulus : des bruits bizarres peuvent indiquer une accumulation de s\u00e9diments, d\u2019une fuite, ou d&rsquo;un dysfonctionnement de l&rsquo;\u00e9l\u00e9ment chauffant.<\/li>\n<li>La d\u00e9coloration de l&rsquo;eau : c&rsquo;est occasionner par l&rsquo;existence de rouille ou d&rsquo;autres substances nocives dans votre chauffe-eau.<\/li>\n<li>Le chauffe-eau est sans cesse en marche : si vous constatez que votre cumulus fonctionne sans cesse, c&rsquo;est peut-\u00eatre que votre chauffe-eau \u00e0 un probl\u00e8me.<\/li>\n<\/ul>\n<p>En faisant appel \u00e0 notre entreprise au premier signe d\u2019alerte, vous pouvez \u00e9chapper \u00e0 des travaux de r\u00e9parations on\u00e9reuses.<\/p>\n<h2>Prestation de nettoyage apr\u00e8s des dommages caus\u00e9s par l&rsquo;eau<\/h2>\n<p>Nos \u00e9quipes ont la capacit\u00e9 de nettoyer votre domicile apr\u00e8s une inondation \u00e0 Conthey, nos plombiers sont disponibles pour vous apporter une assistance en cas de caves inond\u00e9es, de fortes pluies, d&rsquo;\u00e9clatements de canalisations, de reflux d&rsquo;\u00e9gouts, et de d\u00e9bordements de w.c. Et de douches et d&rsquo;autres probl\u00e8mes de plomberie li\u00e9s \u00e0 un dommages engendr\u00e9s par l&rsquo;eau.<\/p>\n<h2>FAQ<\/h2>\n<h3>Quel montant pour faire intervenir un plombier \u00e0 Conthey ?<\/h3>\n<p>Apr\u00e8s avoir examin\u00e9 votre probl\u00e8me de tuyauterie, les plombiers professionnels d&rsquo;Artisanlocal \u00e9valuent le co\u00fbt de l&rsquo;intervention. Les montants de nos services sont donn\u00e9s \u00e0 titre indicatif \u00e0 Conthey :<\/p>\n<table border=\"1\">\n<tbody>\n<tr>\n<th>Prestations<\/th>\n<th>Prix CHF<\/th>\n<\/tr>\n<tr>\n<td>Mise en place d\u2019un lavabo<\/td>\n<td>280.00<\/td>\n<\/tr>\n<tr>\n<td>Tarif horaire : pose sanitaire<\/td>\n<td>110.00 \u00e0 129.00<\/td>\n<\/tr>\n<tr>\n<td>Pose et raccord, d\u2019un siphon \u00e0 un lavabo<\/td>\n<td>70.00<\/td>\n<\/tr>\n<tr>\n<td>Montage meuble de salle d&rsquo;eau<\/td>\n<td>95.00<\/td>\n<\/tr>\n<tr>\n<td>Installation et raccord, d\u2019une douche \u00e0 la robinetterie<\/td>\n<td>86.00<\/td>\n<\/tr>\n<tr>\n<td>Installation d\u2019un r\u00e9servoir ind\u00e9pendant de WC<\/td>\n<td>112.00<\/td>\n<\/tr>\n<tr>\n<td>Pose d\u2019accessoires de salle de bain<\/td>\n<td>60.00<\/td>\n<\/tr>\n<tr>\n<td>Mise en place d\u2019un WC suspendu<\/td>\n<td>170.00<\/td>\n<\/tr>\n<tr>\n<td>D\u00e9placement aller-retour<\/td>\n<td>100.00<\/td>\n<\/tr>\n<\/tbody>\n<\/table>\n<h3>Votre entreprise \u00e0 Conthey est ouverte le dimanche et le samedi ?<\/h3>\n<p>Notre service de plomberie est joignable 24h\/24, 7j\/7 et m\u00eame les jours f\u00e9ri\u00e9s.<\/p>\n<h3>Nos plombiers op\u00e8rent \u00e0 Conthey et dans les communes alentours ?<\/h3>\n<p>Oui, les professionnels de notre entreprise op\u00e8rent \u00e0 Conthey, comme dans les localit\u00e9s aux alentours, telles que : Sion, Chamoson, Grugnay (Chamoson), Les V\u00e9rines (Chamoson), N\u00e9miaz (Chamoson), St-Pierre-de-Clages, Ardon, St-L\u00e9onard, Uvrier, Vernami\u00e8ge, Pont-de-la-Morge (Sion), V\u00e9troz, Savi\u00e8se, Bramois, Mase, Eison (St-Martin), Liez (St-Martin), St-Martin VS, Suen (St-Martin), Trogne (St-Martin), Champlan (Grimisuat), Grimisuat, Nax, Arbaz, St-S\u00e9verin, Aven, Daillon, Erde, Vex, Euseigne, Evol\u00e8ne, Lanna, La Tour VS, Les Haud\u00e8res, La Forclaz VS, La Sage, Villa (Evol\u00e8ne), Arolla, H\u00e9r\u00e9mence, Les Collons, Thyon, Arvillard (Salins), Mis\u00e9riez (Salins), Pravidondaz (Salins), Salins, Turin (Salins), Cr\u00eate-\u00e0-l'Oeil (Les Agettes), La Vernaz (Les Agettes), Les Agettes, Les Mayens-de-Sion, Cl\u00e8bes (Nendaz), Veysonnaz, Aproz (Nendaz), Baar (Nendaz), Basse-Nendaz, Beuson (Nendaz), Bieudron (Nendaz), Brignon (Nendaz), Cond\u00e9mines (Nendaz), Fey (Nendaz), Saclentse, Haute-Nendaz, Siviez (Nendaz), Sornard (Nendaz).<\/p>\n","protected":false},"excerpt":{"rendered":"<p>Si vous \u00eates un Contheysan, en cas d&rsquo;urgence, nos plombiers professionnels se d\u00e9placent \u00e0 votre logement. Pourquoi faire appel \u00e0 Artisanlocal \u00e0 Conthey ? Nos plombiers se d\u00e9placent tous les jours et les jours f\u00e9ri\u00e9s. Nous offrons des estimations gratuites. Nos plombiers emploient les derni\u00e8res techniques et technologies. Nous sommes implant\u00e9s \u00e0 Conthey ce qui [&hellip;]<\/p>\n","protected":false},"author":4,"featured_media":2758,"parent":0,"menu_order":0,"comment_status":"closed","ping_status":"closed","template":"","meta":{"footnotes":""},"profession":[123],"location":[26],"canton":[110],"class_list":["post-990","page","type-page","status-publish","has-post-thumbnail","hentry","profession-sanitaire","location-conthey","canton-vs"],"yoast_head":"<!-- This site is optimized with the Yoast SEO Premium plugin v25.7.1 (Yoast SEO v27.4) - https:\/\/yoast.com\/product\/yoast-seo-premium-wordpress\/ -->\n<title>Plombier Conthey - Artisanlocal<\/title>\n<meta name=\"robots\" content=\"index, follow, max-snippet:-1, max-image-preview:large, max-video-preview:-1\" \/>\n<link rel=\"canonical\" href=\"https:\/\/www.artisanlocal.ch\/c\/plombier-conthey\/\" \/>\n<meta property=\"og:locale\" content=\"fr_FR\" \/>\n<meta property=\"og:type\" content=\"article\" \/>\n<meta property=\"og:title\" content=\"Plombier Conthey\" \/>\n<meta property=\"og:description\" content=\"Si vous \u00eates un Contheysan, en cas d&rsquo;urgence, nos plombiers professionnels se d\u00e9placent \u00e0 votre logement. Pourquoi faire appel \u00e0 Artisanlocal \u00e0 Conthey ? Nos plombiers se d\u00e9placent tous les jours et les jours f\u00e9ri\u00e9s. Nous offrons des estimations gratuites. Nos plombiers emploient les derni\u00e8res techniques et technologies. Nous sommes implant\u00e9s \u00e0 Conthey ce qui [&hellip;]\" \/>\n<meta property=\"og:url\" content=\"https:\/\/www.artisanlocal.ch\/c\/plombier-conthey\/\" \/>\n<meta property=\"og:site_name\" content=\"Artisanlocal\" \/>\n<meta property=\"article:modified_time\" content=\"2025-08-26T17:27:44+00:00\" \/>\n<meta property=\"og:image\" content=\"https:\/\/www.artisanlocal.ch\/c\/wp-content\/uploads\/2024\/10\/plombier.jpg\" \/>\n\t<meta property=\"og:image:width\" content=\"1920\" \/>\n\t<meta property=\"og:image:height\" content=\"300\" \/>\n\t<meta property=\"og:image:type\" content=\"image\/jpeg\" \/>\n<meta name=\"twitter:card\" content=\"summary_large_image\" \/>\n<meta name=\"twitter:label1\" content=\"Dur\u00e9e de lecture estim\u00e9e\" \/>\n\t<meta name=\"twitter:data1\" content=\"6 minutes\" \/>\n<script type=\"application\/ld+json\" class=\"yoast-schema-graph\">{\"@context\":\"https:\\\/\\\/schema.org\",\"@graph\":[{\"@type\":\"WebPage\",\"@id\":\"https:\\\/\\\/www.artisanlocal.ch\\\/c\\\/plombier-conthey\\\/\",\"url\":\"https:\\\/\\\/www.artisanlocal.ch\\\/c\\\/plombier-conthey\\\/\",\"name\":\"Plombier Conthey - Artisanlocal\",\"isPartOf\":{\"@id\":\"https:\\\/\\\/www.artisanlocal.ch\\\/c\\\/#website\"},\"primaryImageOfPage\":{\"@id\":\"https:\\\/\\\/www.artisanlocal.ch\\\/c\\\/plombier-conthey\\\/#primaryimage\"},\"image\":{\"@id\":\"https:\\\/\\\/www.artisanlocal.ch\\\/c\\\/plombier-conthey\\\/#primaryimage\"},\"thumbnailUrl\":\"https:\\\/\\\/www.artisanlocal.ch\\\/c\\\/wp-content\\\/uploads\\\/2024\\\/10\\\/plombier.jpg\",\"datePublished\":\"2024-05-18T01:14:45+00:00\",\"dateModified\":\"2025-08-26T17:27:44+00:00\",\"breadcrumb\":{\"@id\":\"https:\\\/\\\/www.artisanlocal.ch\\\/c\\\/plombier-conthey\\\/#breadcrumb\"},\"inLanguage\":\"fr-FR\",\"potentialAction\":[{\"@type\":\"ReadAction\",\"target\":[\"https:\\\/\\\/www.artisanlocal.ch\\\/c\\\/plombier-conthey\\\/\"]}]},{\"@type\":\"ImageObject\",\"inLanguage\":\"fr-FR\",\"@id\":\"https:\\\/\\\/www.artisanlocal.ch\\\/c\\\/plombier-conthey\\\/#primaryimage\",\"url\":\"https:\\\/\\\/www.artisanlocal.ch\\\/c\\\/wp-content\\\/uploads\\\/2024\\\/10\\\/plombier.jpg\",\"contentUrl\":\"https:\\\/\\\/www.artisanlocal.ch\\\/c\\\/wp-content\\\/uploads\\\/2024\\\/10\\\/plombier.jpg\",\"width\":1920,\"height\":300},{\"@type\":\"BreadcrumbList\",\"@id\":\"https:\\\/\\\/www.artisanlocal.ch\\\/c\\\/plombier-conthey\\\/#breadcrumb\",\"itemListElement\":[{\"@type\":\"ListItem\",\"position\":1,\"name\":\"Accueil\",\"item\":\"https:\\\/\\\/www.artisanlocal.ch\\\/c\\\/\"},{\"@type\":\"ListItem\",\"position\":2,\"name\":\"Plombier Conthey\"}]},{\"@type\":\"WebSite\",\"@id\":\"https:\\\/\\\/www.artisanlocal.ch\\\/c\\\/#website\",\"url\":\"https:\\\/\\\/www.artisanlocal.ch\\\/c\\\/\",\"name\":\"Artisanlocal\",\"description\":\"\",\"publisher\":{\"@id\":\"https:\\\/\\\/www.artisanlocal.ch\\\/c\\\/#organization\"},\"potentialAction\":[{\"@type\":\"SearchAction\",\"target\":{\"@type\":\"EntryPoint\",\"urlTemplate\":\"https:\\\/\\\/www.artisanlocal.ch\\\/c\\\/?s={search_term_string}\"},\"query-input\":{\"@type\":\"PropertyValueSpecification\",\"valueRequired\":true,\"valueName\":\"search_term_string\"}}],\"inLanguage\":\"fr-FR\"},{\"@type\":\"Organization\",\"@id\":\"https:\\\/\\\/www.artisanlocal.ch\\\/c\\\/#organization\",\"name\":\"Artisanlocal\",\"url\":\"https:\\\/\\\/www.artisanlocal.ch\\\/c\\\/\",\"logo\":{\"@type\":\"ImageObject\",\"inLanguage\":\"fr-FR\",\"@id\":\"https:\\\/\\\/www.artisanlocal.ch\\\/c\\\/#\\\/schema\\\/logo\\\/image\\\/\",\"url\":\"https:\\\/\\\/www.artisanlocal.ch\\\/c\\\/wp-content\\\/uploads\\\/2024\\\/02\\\/logo-artisanlocal-h.svg\",\"contentUrl\":\"https:\\\/\\\/www.artisanlocal.ch\\\/c\\\/wp-content\\\/uploads\\\/2024\\\/02\\\/logo-artisanlocal-h.svg\",\"caption\":\"Artisanlocal\"},\"image\":{\"@id\":\"https:\\\/\\\/www.artisanlocal.ch\\\/c\\\/#\\\/schema\\\/logo\\\/image\\\/\"}}]}<\/script>\n<!-- \/ Yoast SEO Premium plugin. -->","yoast_head_json":{"title":"Plombier Conthey - Artisanlocal","robots":{"index":"index","follow":"follow","max-snippet":"max-snippet:-1","max-image-preview":"max-image-preview:large","max-video-preview":"max-video-preview:-1"},"canonical":"https:\/\/www.artisanlocal.ch\/c\/plombier-conthey\/","og_locale":"fr_FR","og_type":"article","og_title":"Plombier Conthey","og_description":"Si vous \u00eates un Contheysan, en cas d&rsquo;urgence, nos plombiers professionnels se d\u00e9placent \u00e0 votre logement. Pourquoi faire appel \u00e0 Artisanlocal \u00e0 Conthey ? Nos plombiers se d\u00e9placent tous les jours et les jours f\u00e9ri\u00e9s. Nous offrons des estimations gratuites. Nos plombiers emploient les derni\u00e8res techniques et technologies. Nous sommes implant\u00e9s \u00e0 Conthey ce qui [&hellip;]","og_url":"https:\/\/www.artisanlocal.ch\/c\/plombier-conthey\/","og_site_name":"Artisanlocal","article_modified_time":"2025-08-26T17:27:44+00:00","og_image":[{"width":1920,"height":300,"url":"https:\/\/www.artisanlocal.ch\/c\/wp-content\/uploads\/2024\/10\/plombier.jpg","type":"image\/jpeg"}],"twitter_card":"summary_large_image","twitter_misc":{"Dur\u00e9e de lecture estim\u00e9e":"6 minutes"},"schema":{"@context":"https:\/\/schema.org","@graph":[{"@type":"WebPage","@id":"https:\/\/www.artisanlocal.ch\/c\/plombier-conthey\/","url":"https:\/\/www.artisanlocal.ch\/c\/plombier-conthey\/","name":"Plombier Conthey - Artisanlocal","isPartOf":{"@id":"https:\/\/www.artisanlocal.ch\/c\/#website"},"primaryImageOfPage":{"@id":"https:\/\/www.artisanlocal.ch\/c\/plombier-conthey\/#primaryimage"},"image":{"@id":"https:\/\/www.artisanlocal.ch\/c\/plombier-conthey\/#primaryimage"},"thumbnailUrl":"https:\/\/www.artisanlocal.ch\/c\/wp-content\/uploads\/2024\/10\/plombier.jpg","datePublished":"2024-05-18T01:14:45+00:00","dateModified":"2025-08-26T17:27:44+00:00","breadcrumb":{"@id":"https:\/\/www.artisanlocal.ch\/c\/plombier-conthey\/#breadcrumb"},"inLanguage":"fr-FR","potentialAction":[{"@type":"ReadAction","target":["https:\/\/www.artisanlocal.ch\/c\/plombier-conthey\/"]}]},{"@type":"ImageObject","inLanguage":"fr-FR","@id":"https:\/\/www.artisanlocal.ch\/c\/plombier-conthey\/#primaryimage","url":"https:\/\/www.artisanlocal.ch\/c\/wp-content\/uploads\/2024\/10\/plombier.jpg","contentUrl":"https:\/\/www.artisanlocal.ch\/c\/wp-content\/uploads\/2024\/10\/plombier.jpg","width":1920,"height":300},{"@type":"BreadcrumbList","@id":"https:\/\/www.artisanlocal.ch\/c\/plombier-conthey\/#breadcrumb","itemListElement":[{"@type":"ListItem","position":1,"name":"Accueil","item":"https:\/\/www.artisanlocal.ch\/c\/"},{"@type":"ListItem","position":2,"name":"Plombier Conthey"}]},{"@type":"WebSite","@id":"https:\/\/www.artisanlocal.ch\/c\/#website","url":"https:\/\/www.artisanlocal.ch\/c\/","name":"Artisanlocal","description":"","publisher":{"@id":"https:\/\/www.artisanlocal.ch\/c\/#organization"},"potentialAction":[{"@type":"SearchAction","target":{"@type":"EntryPoint","urlTemplate":"https:\/\/www.artisanlocal.ch\/c\/?s={search_term_string}"},"query-input":{"@type":"PropertyValueSpecification","valueRequired":true,"valueName":"search_term_string"}}],"inLanguage":"fr-FR"},{"@type":"Organization","@id":"https:\/\/www.artisanlocal.ch\/c\/#organization","name":"Artisanlocal","url":"https:\/\/www.artisanlocal.ch\/c\/","logo":{"@type":"ImageObject","inLanguage":"fr-FR","@id":"https:\/\/www.artisanlocal.ch\/c\/#\/schema\/logo\/image\/","url":"https:\/\/www.artisanlocal.ch\/c\/wp-content\/uploads\/2024\/02\/logo-artisanlocal-h.svg","contentUrl":"https:\/\/www.artisanlocal.ch\/c\/wp-content\/uploads\/2024\/02\/logo-artisanlocal-h.svg","caption":"Artisanlocal"},"image":{"@id":"https:\/\/www.artisanlocal.ch\/c\/#\/schema\/logo\/image\/"}}]}},"_links":{"self":[{"href":"https:\/\/www.artisanlocal.ch\/c\/wp-json\/wp\/v2\/pages\/990","targetHints":{"allow":["GET"]}}],"collection":[{"href":"https:\/\/www.artisanlocal.ch\/c\/wp-json\/wp\/v2\/pages"}],"about":[{"href":"https:\/\/www.artisanlocal.ch\/c\/wp-json\/wp\/v2\/types\/page"}],"author":[{"embeddable":true,"href":"https:\/\/www.artisanlocal.ch\/c\/wp-json\/wp\/v2\/users\/4"}],"replies":[{"embeddable":true,"href":"https:\/\/www.artisanlocal.ch\/c\/wp-json\/wp\/v2\/comments?post=990"}],"version-history":[{"count":0,"href":"https:\/\/www.artisanlocal.ch\/c\/wp-json\/wp\/v2\/pages\/990\/revisions"}],"wp:featuredmedia":[{"embeddable":true,"href":"https:\/\/www.artisanlocal.ch\/c\/wp-json\/wp\/v2\/media\/2758"}],"wp:attachment":[{"href":"https:\/\/www.artisanlocal.ch\/c\/wp-json\/wp\/v2\/media?parent=990"}],"wp:term":[{"taxonomy":"profession","embeddable":true,"href":"https:\/\/www.artisanlocal.ch\/c\/wp-json\/wp\/v2\/profession?post=990"},{"taxonomy":"location","embeddable":true,"href":"https:\/\/www.artisanlocal.ch\/c\/wp-json\/wp\/v2\/location?post=990"},{"taxonomy":"canton","embeddable":true,"href":"https:\/\/www.artisanlocal.ch\/c\/wp-json\/wp\/v2\/canton?post=990"}],"curies":[{"name":"wp","href":"https:\/\/api.w.org\/{rel}","templated":true}]}}