{"id":992,"date":"2024-05-19T19:10:06","date_gmt":"2024-05-19T17:10:06","guid":{"rendered":"https:\/\/www.artisanlocal.ch\/c\/plombier-canton-de-geneve\/"},"modified":"2025-11-06T12:39:45","modified_gmt":"2025-11-06T11:39:45","slug":"plombier-canton-de-geneve","status":"publish","type":"page","link":"https:\/\/www.artisanlocal.ch\/c\/plombier-canton-de-geneve\/","title":{"rendered":"Plombier canton de Gen\u00e8ve"},"content":{"rendered":"<p>Si vous \u00eates un Gen\u00e8ve, Artisanlocal intervient chez vous rapidement.<\/p>\n<h2>Quels sont les avantages de choisir Artisanlocal \u00e0 canton de Gen\u00e8ve ?<\/h2>\n<ul>\n<li>Nos plombiers se d\u00e9placent tous les jours.<\/li>\n<li>Nous fournissons des estimations gratuites.<\/li>\n<li>Nous utilisons les derni\u00e8res techniques.<\/li>\n<li>Notre soci\u00e9t\u00e9 est situ\u00e9e \u00e0 canton de Gen\u00e8ve ce qui nous permet d&rsquo;intervenir en urgence \u00e0 votre foyer.<\/li>\n<li>Nos prix sont comp\u00e9titifs.<\/li>\n<li>Tous nos plombiers sont qualifi\u00e9s et poss\u00e8dent les comp\u00e9tences n\u00e9cessaires.<\/li>\n<li>Nous inspectons votre plomberie avant les r\u00e9parations.<\/li>\n<li>Nous r\u00e9alisons tous les travaux de plomberie possibles.<\/li>\n<\/ul>\n<h2>Les prestations que nous proposons \u00e0 canton de Gen\u00e8ve<\/h2>\n<ul>\n<li>Nous localisons les fuites et ensuite, nous r\u00e9parons vos canalisations.<\/li>\n<li>Le changement de votre installation sanitaire.<\/li>\n<li>Nos artisans r\u00e9novent tous vos sanitaires.<\/li>\n<li>Nous r\u00e9alisons tous vos services de plomberie tels que l&rsquo;installation des : tuyauteries, lavabos, robinets et \u00e9viers.<\/li>\n<li>L&rsquo;installation de ballons d&rsquo;eau chaude ou de chaudi\u00e8res.<\/li>\n<li>Nous effectuons l&rsquo;assainissement et le d\u00e9bouchage de vos canalisations.<\/li>\n<li>La restauration totale de votre salle d&rsquo;eau.<\/li>\n<li>Nous pouvons aussi r\u00e9aliser aussi la vidange de votre fosse septique.<\/li>\n<\/ul>\n<h2>Comment fonctionne Artisanlocal ?<\/h2>\n<ol>\n<li>Une fois que vous nous avez contact\u00e9s par email ou par t\u00e9l\u00e9phone, nous rentrons en contact avec vous pour \u00e9valuer votre probl\u00e8me.<\/li>\n<li>Apr\u00e8s cela, vous recevrez une estimation gratuite pour vos travaux. Vous ne paierez aucuns frais additionnels, \u00e0 moins que vous ayez besoin d&rsquo;\u00e9l\u00e9ments de remplacement ou de gros travaux.<\/li>\n<li>Apr\u00e8s avoir donn\u00e9 votre accord pour l&rsquo;estimation, nous conviendrons ensemble d&rsquo;une date d&rsquo;intervention \u00e0 votre foyer.<\/li>\n<\/ol>\n<h2>Services de plomberie pour les particuliers \u00e0 canton de Gen\u00e8ve<\/h2>\n<p>Si votre syst\u00e8me de plomberie est d\u00e9fectueux, il y a un risque de contamination de l&rsquo;eau, ce qui peut entra\u00eener un danger pour votre famille, c\u2019est la raison pour laquelle l&rsquo;artisan qui se d\u00e9place \u00e0 votre domicile effectue :<\/p>\n<ul>\n<li>La r\u00e9paration de fuites.<\/li>\n<li>L&rsquo;entretien et le d\u00e9bouchage de vos canalisations.<\/li>\n<li>L\u2019entretien de votre chauffe-eau.<\/li>\n<li>L\u2019Inspection de vos tuyaux de canalisations.<\/li>\n<li>La r\u00e9novation de vos canalisations.<\/li>\n<li>La remise en \u00e9tat apr\u00e8s un sinistre.<\/li>\n<\/ul>\n<h2>Artisanlocal aux services des entreprises \u00e0 canton de Gen\u00e8ve<\/h2>\n<p>\u00c0 canton de Gen\u00e8ve, il y a des entreprises, commerces de d\u00e9tail et restaurants. Une petite fuite dans un robinet, un reflux dans une canalisation ou encore un probl\u00e8me de chauffe-eau sont des probl\u00e8mes courants qui peuvent baisser l&rsquo;efficacit\u00e9 de vos salari\u00e9s. Artisanlocal aide votre entreprise pour :<\/p>\n<ul>\n<li>La suppression des bouchons dans les \u00e9viers et la mise en place d&rsquo;une nouvelle robinetterie.<\/li>\n<li>L&rsquo;inspection par vid\u00e9o et la remise en \u00e9tat de vos tuyaux.<\/li>\n<li>Le service nettoyage de canalisations avec un jet d&rsquo;eau \u00e0 haute pression.<\/li>\n<li>L\u2019installation de nouveaux dispositifs dans votre installation de plomberie.<\/li>\n<li>La vidange, le nettoyage, le remplacement ou la remise en \u00e9tat de bac d\u00e9graisseur.<\/li>\n<li>L\u2019installation, l\u2019entretien et la r\u00e9paration de votre chauffe-eau ou chauffage.<\/li>\n<li>La r\u00e9paration de vos tuyaux de canalisations.<\/li>\n<li>Le d\u00e9pannage de vos \u00e9quipements sanitaires.<\/li>\n<li>L\u2019inspection de vos conduits par vid\u00e9o.<\/li>\n<\/ul>\n<h2>Nettoyage de votre tuyauterie en urgence \u00e0 canton de Gen\u00e8ve<\/h2>\n<p>Si vous \u00eates un Gen\u00e8ve, notre entreprise op\u00e8re en urgence pour d\u00e9boucher vos tuyaux de canalisations ou pour r\u00e9gler vos soucis d&rsquo;\u00e9coulement de vos \u00e9viers, douches ou WC, de plus, nos plombiers interviennent rapidement pour vos :<\/p>\n<ul>\n<li>Lavabos.<\/li>\n<li>Toilettes.<\/li>\n<li>Toits (goutti\u00e8res).<\/li>\n<li>Syst\u00e8mes d&rsquo;\u00e9gouts.<\/li>\n<li>Tuyauteries. <\/li>\n<\/ul>\n<h2>Service de nettoyage d&rsquo;\u00e9gouts \u00e0 canton de Gen\u00e8ve<\/h2>\n<p>Le syst\u00e8me d&rsquo;\u00e9gouts constitue le c\u0153ur de la plomberie. Il \u00e9vacue les eaux us\u00e9es des \u00e9viers, des w.c. Et des autres syst\u00e8mes sanitaires. Si votre \u00e9gout est bouch\u00e9 ou que l&rsquo;eau remonte, cela peut causer des d\u00e9g\u00e2ts dans votre domicile, et vous mettre en danger.<\/p>\n<p>Le nettoyage fr\u00e9quent de votre \u00e9gout permet d&rsquo;\u00e9viter les refoulements dans les canalisations et la formation de bouchons. Nos artisans plombiers \u00e0 canton de Gen\u00e8ve associent les techniques classiques et les derni\u00e8res technologies pour contr\u00f4ler, nettoyer et garantir le d\u00e9bit de l&rsquo;eau dans vos canalisations.<\/p>\n<p>Notre entreprise remplace les tuyaux de canalisations de votre syst\u00e8me d&rsquo;\u00e9gout en cas de d\u00e9g\u00e2ts. Notre \u00e9quipe peut aussi nettoyer rapidement tout dommage caus\u00e9 par les eaux us\u00e9es dans votre maison ou soci\u00e9t\u00e9. Nous s\u00e9chons et d\u00e9shumidifions les espaces endommag\u00e9s pour minimiser les dangers de d\u00e9veloppement de moisissures.<\/p>\n<h2>Services de r\u00e9paration et d&rsquo;installation de chauffe-eau \u00e0 canton de Gen\u00e8ve<\/h2>\n<p>Vous n&rsquo;avez que de l\u2019eau froide dans vos conduits ? Il est probable que vous ayez des soucis avec votre cumulus. Notre entreprise remet en \u00e9tat votre chauffe-eau en urgence. Voici les signaux qui montrent des soucis :<\/p>\n<ul>\n<li>La baisse du volume de l\u2019eau chaude : cela peut-\u00eatre d\u00fb \u00e0 une fuite d&rsquo;eau dans votre chauffe-eau, ou un \u00e9l\u00e9ment chauffant d\u00e9fectueux ou la pr\u00e9sence de s\u00e9diments dans votre r\u00e9servoir.<\/li>\n<li>De l&rsquo;eau autour de votre cumulus : une flaque d&rsquo;eau au pied du cumulus peut-\u00eatre le signe d&rsquo;un dysfonctionnement, ou possiblement d&rsquo;un trou dans le r\u00e9servoir.<\/li>\n<li>Des bruits \u00e9tranges proviennent du chauffe-eau : des bruits bizarres peuvent indiquer une accumulation de s\u00e9diments, d\u2019une fuite, ou d&rsquo;une panne de l&rsquo;\u00e9l\u00e9ment chauffant.<\/li>\n<li>L&rsquo;eau est d\u00e9color\u00e9e : c&rsquo;est provoquer par l&rsquo;existence de rouille ou d&rsquo;autres substances nocives dans votre cumulus.<\/li>\n<li>Le chauffe-eau fonctionne en continu : si vous constatez que votre chauffe-eau est toujours en marche, c&rsquo;est peut-\u00eatre que votre chauffe-eau \u00e0 un probl\u00e8me.<\/li>\n<\/ul>\n<p>En engageant notre entreprise d\u00e8s le premier signal d&rsquo;alerte, vous pouvez \u00e9chapper \u00e0 des r\u00e9parations hors de prix.<\/p>\n<h2>Nettoyage apr\u00e8s un d\u00e9g\u00e2t des eaux<\/h2>\n<p>Nos \u00e9quipes peuvent nettoyer votre h\u00e9bergement apr\u00e8s un d\u00e9g\u00e2t des eaux \u00e0 canton de Gen\u00e8ve, nous sommes disponibles pour vous apporter une assistance en cas de caves inond\u00e9es, de fortes pr\u00e9cipitations, d&rsquo;\u00e9clatements de tuyaux de canalisations, de reflux d&rsquo;\u00e9gouts, et de d\u00e9bordements de baignoires et de toilettes et d&rsquo;autres soucis de canalisation qui peuvent provoquer des d\u00e9g\u00e2ts des eaux.<\/p>\n<h2>R\u00e9ponses aux questions courantes<\/h2>\n<h3>Quel est le montant d\u2019un plombier \u00e0 canton de Gen\u00e8ve ?<\/h3>\n<p>Apr\u00e8s avoir \u00e9valu\u00e9 votre souci de plomberie, les plombiers professionnels d&rsquo;Artisanlocal \u00e9valuent le montant des travaux. Les prix suivants de nos services sont fournis \u00e0 titre indicatif \u00e0 canton de Gen\u00e8ve :<\/p>\n<table border=\"1\">\n<tbody>\n<tr>\n<th>Prestations<\/th>\n<th>Prix CHF<\/th>\n<\/tr>\n<tr>\n<td>Mise en place d\u2019un lavabo<\/td>\n<td>280.00<\/td>\n<\/tr>\n<tr>\n<td>Tarif horaire : installation sanitaire<\/td>\n<td>110.00 \u00e0 129.00<\/td>\n<\/tr>\n<tr>\n<td>Mise en place et raccord, d\u2019un siphon \u00e0 un lavabo<\/td>\n<td>70.00<\/td>\n<\/tr>\n<tr>\n<td>Montage meuble de salle d&rsquo;eau<\/td>\n<td>95.00<\/td>\n<\/tr>\n<tr>\n<td>Mise en place et raccordement, d\u2019une douche \u00e0 la robinetterie<\/td>\n<td>86.00<\/td>\n<\/tr>\n<tr>\n<td>Installation d\u2019un r\u00e9servoir de toilette<\/td>\n<td>112.00<\/td>\n<\/tr>\n<tr>\n<td>Pose d\u2019accessoires de salle de bain<\/td>\n<td>60.00<\/td>\n<\/tr>\n<tr>\n<td>Pose d\u2019un toilette suspendu<\/td>\n<td>170.00<\/td>\n<\/tr>\n<tr>\n<td>D\u00e9placement aller-retour<\/td>\n<td>100.00<\/td>\n<\/tr>\n<\/tbody>\n<\/table>\n<h3>L&rsquo;entreprise Artisanlocal est-elle ouverte les samedis et dimanches ?<\/h3>\n<p>Artisanlocal propose un service de plomberie en continu, 24\/7 et m\u00eame pendant les jours f\u00e9ri\u00e9s.<\/p>\n<h3>Les artisans plombiers d&rsquo;Artisanlocal r\u00e9alisent des interventions \u00e0 canton de Gen\u00e8ve et dans les communes proches ?<\/h3>\n<p>Nos artisans plombiers interviennent \u00e0 canton de Gen\u00e8ve, comme dans les villes aux alentours, telles que : Gen\u00e8ve, Grand-Lancy, Petit-Lancy, Onex, A\u00efre, V\u00e9senaz, Cologny, Ch\u00eane-Bougeries, Ch\u00eane-Bourg, Th\u00f4nex, Carouge GE, Les Acacias, Plan-les-Ouates, Conches, Confignon, Bernex, Vessy, Cartigny, Avully, Puplinge, Presinge, Choulex, Collonge-Bellerive, Corsier GE, Ani\u00e8res, Hermance, Gy, Meinier, Vandoeuvres, Jussy, Veyrier, Troinex, La Croix-de-Rozon, Perly, Chancy, Athenaz (Avusy), Soral, Laconnex, Aire-la-Ville, Vernier, Cointrin, Meyrin, Le Grand-Saconnex, Ch\u00e2telaine, Le Lignon, Les Avanchets, Collex, Satigny, Russin, Dardagny, La Plaine, Chamb\u00e9sy.<\/p>\n","protected":false},"excerpt":{"rendered":"<p>Si vous \u00eates un Gen\u00e8ve, Artisanlocal intervient chez vous rapidement. Quels sont les avantages de choisir Artisanlocal \u00e0 canton de Gen\u00e8ve ? Nos plombiers se d\u00e9placent tous les jours. Nous fournissons des estimations gratuites. Nous utilisons les derni\u00e8res techniques. Notre soci\u00e9t\u00e9 est situ\u00e9e \u00e0 canton de Gen\u00e8ve ce qui nous permet d&rsquo;intervenir en urgence \u00e0 [&hellip;]<\/p>\n","protected":false},"author":4,"featured_media":2758,"parent":0,"menu_order":0,"comment_status":"closed","ping_status":"closed","template":"wp-custom-template-page-canton","meta":{"footnotes":""},"profession":[123],"location":[],"canton":[112],"class_list":["post-992","page","type-page","status-publish","has-post-thumbnail","hentry","profession-sanitaire","canton-ge"],"yoast_head":"<!-- This site is optimized with the Yoast SEO Premium plugin v25.7.1 (Yoast SEO v27.4) - https:\/\/yoast.com\/product\/yoast-seo-premium-wordpress\/ -->\n<title>Plombier canton de Gen\u00e8ve - Artisanlocal<\/title>\n<meta name=\"robots\" content=\"index, follow, max-snippet:-1, max-image-preview:large, max-video-preview:-1\" \/>\n<link rel=\"canonical\" href=\"https:\/\/www.artisanlocal.ch\/c\/plombier-canton-de-geneve\/\" \/>\n<meta property=\"og:locale\" content=\"fr_FR\" \/>\n<meta property=\"og:type\" content=\"article\" \/>\n<meta property=\"og:title\" content=\"Plombier canton de Gen\u00e8ve\" \/>\n<meta property=\"og:description\" content=\"Si vous \u00eates un Gen\u00e8ve, Artisanlocal intervient chez vous rapidement. Quels sont les avantages de choisir Artisanlocal \u00e0 canton de Gen\u00e8ve ? Nos plombiers se d\u00e9placent tous les jours. Nous fournissons des estimations gratuites. Nous utilisons les derni\u00e8res techniques. Notre soci\u00e9t\u00e9 est situ\u00e9e \u00e0 canton de Gen\u00e8ve ce qui nous permet d&rsquo;intervenir en urgence \u00e0 [&hellip;]\" \/>\n<meta property=\"og:url\" content=\"https:\/\/www.artisanlocal.ch\/c\/plombier-canton-de-geneve\/\" \/>\n<meta property=\"og:site_name\" content=\"Artisanlocal\" \/>\n<meta property=\"article:modified_time\" content=\"2025-11-06T11:39:45+00:00\" \/>\n<meta property=\"og:image\" content=\"https:\/\/www.artisanlocal.ch\/c\/wp-content\/uploads\/2024\/10\/plombier.jpg\" \/>\n\t<meta property=\"og:image:width\" content=\"1920\" \/>\n\t<meta property=\"og:image:height\" content=\"300\" \/>\n\t<meta property=\"og:image:type\" content=\"image\/jpeg\" \/>\n<meta name=\"twitter:card\" content=\"summary_large_image\" \/>\n<meta name=\"twitter:label1\" content=\"Dur\u00e9e de lecture estim\u00e9e\" \/>\n\t<meta name=\"twitter:data1\" content=\"6 minutes\" \/>\n<script type=\"application\/ld+json\" class=\"yoast-schema-graph\">{\"@context\":\"https:\\\/\\\/schema.org\",\"@graph\":[{\"@type\":\"WebPage\",\"@id\":\"https:\\\/\\\/www.artisanlocal.ch\\\/c\\\/plombier-canton-de-geneve\\\/\",\"url\":\"https:\\\/\\\/www.artisanlocal.ch\\\/c\\\/plombier-canton-de-geneve\\\/\",\"name\":\"Plombier canton de Gen\u00e8ve - Artisanlocal\",\"isPartOf\":{\"@id\":\"https:\\\/\\\/www.artisanlocal.ch\\\/c\\\/#website\"},\"primaryImageOfPage\":{\"@id\":\"https:\\\/\\\/www.artisanlocal.ch\\\/c\\\/plombier-canton-de-geneve\\\/#primaryimage\"},\"image\":{\"@id\":\"https:\\\/\\\/www.artisanlocal.ch\\\/c\\\/plombier-canton-de-geneve\\\/#primaryimage\"},\"thumbnailUrl\":\"https:\\\/\\\/www.artisanlocal.ch\\\/c\\\/wp-content\\\/uploads\\\/2024\\\/10\\\/plombier.jpg\",\"datePublished\":\"2024-05-19T17:10:06+00:00\",\"dateModified\":\"2025-11-06T11:39:45+00:00\",\"breadcrumb\":{\"@id\":\"https:\\\/\\\/www.artisanlocal.ch\\\/c\\\/plombier-canton-de-geneve\\\/#breadcrumb\"},\"inLanguage\":\"fr-FR\",\"potentialAction\":[{\"@type\":\"ReadAction\",\"target\":[\"https:\\\/\\\/www.artisanlocal.ch\\\/c\\\/plombier-canton-de-geneve\\\/\"]}]},{\"@type\":\"ImageObject\",\"inLanguage\":\"fr-FR\",\"@id\":\"https:\\\/\\\/www.artisanlocal.ch\\\/c\\\/plombier-canton-de-geneve\\\/#primaryimage\",\"url\":\"https:\\\/\\\/www.artisanlocal.ch\\\/c\\\/wp-content\\\/uploads\\\/2024\\\/10\\\/plombier.jpg\",\"contentUrl\":\"https:\\\/\\\/www.artisanlocal.ch\\\/c\\\/wp-content\\\/uploads\\\/2024\\\/10\\\/plombier.jpg\",\"width\":1920,\"height\":300},{\"@type\":\"BreadcrumbList\",\"@id\":\"https:\\\/\\\/www.artisanlocal.ch\\\/c\\\/plombier-canton-de-geneve\\\/#breadcrumb\",\"itemListElement\":[{\"@type\":\"ListItem\",\"position\":1,\"name\":\"Accueil\",\"item\":\"https:\\\/\\\/www.artisanlocal.ch\\\/c\\\/\"},{\"@type\":\"ListItem\",\"position\":2,\"name\":\"Plombier canton de Gen\u00e8ve\"}]},{\"@type\":\"WebSite\",\"@id\":\"https:\\\/\\\/www.artisanlocal.ch\\\/c\\\/#website\",\"url\":\"https:\\\/\\\/www.artisanlocal.ch\\\/c\\\/\",\"name\":\"Artisanlocal\",\"description\":\"\",\"publisher\":{\"@id\":\"https:\\\/\\\/www.artisanlocal.ch\\\/c\\\/#organization\"},\"potentialAction\":[{\"@type\":\"SearchAction\",\"target\":{\"@type\":\"EntryPoint\",\"urlTemplate\":\"https:\\\/\\\/www.artisanlocal.ch\\\/c\\\/?s={search_term_string}\"},\"query-input\":{\"@type\":\"PropertyValueSpecification\",\"valueRequired\":true,\"valueName\":\"search_term_string\"}}],\"inLanguage\":\"fr-FR\"},{\"@type\":\"Organization\",\"@id\":\"https:\\\/\\\/www.artisanlocal.ch\\\/c\\\/#organization\",\"name\":\"Artisanlocal\",\"url\":\"https:\\\/\\\/www.artisanlocal.ch\\\/c\\\/\",\"logo\":{\"@type\":\"ImageObject\",\"inLanguage\":\"fr-FR\",\"@id\":\"https:\\\/\\\/www.artisanlocal.ch\\\/c\\\/#\\\/schema\\\/logo\\\/image\\\/\",\"url\":\"https:\\\/\\\/www.artisanlocal.ch\\\/c\\\/wp-content\\\/uploads\\\/2024\\\/02\\\/logo-artisanlocal-h.svg\",\"contentUrl\":\"https:\\\/\\\/www.artisanlocal.ch\\\/c\\\/wp-content\\\/uploads\\\/2024\\\/02\\\/logo-artisanlocal-h.svg\",\"caption\":\"Artisanlocal\"},\"image\":{\"@id\":\"https:\\\/\\\/www.artisanlocal.ch\\\/c\\\/#\\\/schema\\\/logo\\\/image\\\/\"}}]}<\/script>\n<!-- \/ Yoast SEO Premium plugin. -->","yoast_head_json":{"title":"Plombier canton de Gen\u00e8ve - Artisanlocal","robots":{"index":"index","follow":"follow","max-snippet":"max-snippet:-1","max-image-preview":"max-image-preview:large","max-video-preview":"max-video-preview:-1"},"canonical":"https:\/\/www.artisanlocal.ch\/c\/plombier-canton-de-geneve\/","og_locale":"fr_FR","og_type":"article","og_title":"Plombier canton de Gen\u00e8ve","og_description":"Si vous \u00eates un Gen\u00e8ve, Artisanlocal intervient chez vous rapidement. Quels sont les avantages de choisir Artisanlocal \u00e0 canton de Gen\u00e8ve ? Nos plombiers se d\u00e9placent tous les jours. Nous fournissons des estimations gratuites. Nous utilisons les derni\u00e8res techniques. Notre soci\u00e9t\u00e9 est situ\u00e9e \u00e0 canton de Gen\u00e8ve ce qui nous permet d&rsquo;intervenir en urgence \u00e0 [&hellip;]","og_url":"https:\/\/www.artisanlocal.ch\/c\/plombier-canton-de-geneve\/","og_site_name":"Artisanlocal","article_modified_time":"2025-11-06T11:39:45+00:00","og_image":[{"width":1920,"height":300,"url":"https:\/\/www.artisanlocal.ch\/c\/wp-content\/uploads\/2024\/10\/plombier.jpg","type":"image\/jpeg"}],"twitter_card":"summary_large_image","twitter_misc":{"Dur\u00e9e de lecture estim\u00e9e":"6 minutes"},"schema":{"@context":"https:\/\/schema.org","@graph":[{"@type":"WebPage","@id":"https:\/\/www.artisanlocal.ch\/c\/plombier-canton-de-geneve\/","url":"https:\/\/www.artisanlocal.ch\/c\/plombier-canton-de-geneve\/","name":"Plombier canton de Gen\u00e8ve - Artisanlocal","isPartOf":{"@id":"https:\/\/www.artisanlocal.ch\/c\/#website"},"primaryImageOfPage":{"@id":"https:\/\/www.artisanlocal.ch\/c\/plombier-canton-de-geneve\/#primaryimage"},"image":{"@id":"https:\/\/www.artisanlocal.ch\/c\/plombier-canton-de-geneve\/#primaryimage"},"thumbnailUrl":"https:\/\/www.artisanlocal.ch\/c\/wp-content\/uploads\/2024\/10\/plombier.jpg","datePublished":"2024-05-19T17:10:06+00:00","dateModified":"2025-11-06T11:39:45+00:00","breadcrumb":{"@id":"https:\/\/www.artisanlocal.ch\/c\/plombier-canton-de-geneve\/#breadcrumb"},"inLanguage":"fr-FR","potentialAction":[{"@type":"ReadAction","target":["https:\/\/www.artisanlocal.ch\/c\/plombier-canton-de-geneve\/"]}]},{"@type":"ImageObject","inLanguage":"fr-FR","@id":"https:\/\/www.artisanlocal.ch\/c\/plombier-canton-de-geneve\/#primaryimage","url":"https:\/\/www.artisanlocal.ch\/c\/wp-content\/uploads\/2024\/10\/plombier.jpg","contentUrl":"https:\/\/www.artisanlocal.ch\/c\/wp-content\/uploads\/2024\/10\/plombier.jpg","width":1920,"height":300},{"@type":"BreadcrumbList","@id":"https:\/\/www.artisanlocal.ch\/c\/plombier-canton-de-geneve\/#breadcrumb","itemListElement":[{"@type":"ListItem","position":1,"name":"Accueil","item":"https:\/\/www.artisanlocal.ch\/c\/"},{"@type":"ListItem","position":2,"name":"Plombier canton de Gen\u00e8ve"}]},{"@type":"WebSite","@id":"https:\/\/www.artisanlocal.ch\/c\/#website","url":"https:\/\/www.artisanlocal.ch\/c\/","name":"Artisanlocal","description":"","publisher":{"@id":"https:\/\/www.artisanlocal.ch\/c\/#organization"},"potentialAction":[{"@type":"SearchAction","target":{"@type":"EntryPoint","urlTemplate":"https:\/\/www.artisanlocal.ch\/c\/?s={search_term_string}"},"query-input":{"@type":"PropertyValueSpecification","valueRequired":true,"valueName":"search_term_string"}}],"inLanguage":"fr-FR"},{"@type":"Organization","@id":"https:\/\/www.artisanlocal.ch\/c\/#organization","name":"Artisanlocal","url":"https:\/\/www.artisanlocal.ch\/c\/","logo":{"@type":"ImageObject","inLanguage":"fr-FR","@id":"https:\/\/www.artisanlocal.ch\/c\/#\/schema\/logo\/image\/","url":"https:\/\/www.artisanlocal.ch\/c\/wp-content\/uploads\/2024\/02\/logo-artisanlocal-h.svg","contentUrl":"https:\/\/www.artisanlocal.ch\/c\/wp-content\/uploads\/2024\/02\/logo-artisanlocal-h.svg","caption":"Artisanlocal"},"image":{"@id":"https:\/\/www.artisanlocal.ch\/c\/#\/schema\/logo\/image\/"}}]}},"_links":{"self":[{"href":"https:\/\/www.artisanlocal.ch\/c\/wp-json\/wp\/v2\/pages\/992","targetHints":{"allow":["GET"]}}],"collection":[{"href":"https:\/\/www.artisanlocal.ch\/c\/wp-json\/wp\/v2\/pages"}],"about":[{"href":"https:\/\/www.artisanlocal.ch\/c\/wp-json\/wp\/v2\/types\/page"}],"author":[{"embeddable":true,"href":"https:\/\/www.artisanlocal.ch\/c\/wp-json\/wp\/v2\/users\/4"}],"replies":[{"embeddable":true,"href":"https:\/\/www.artisanlocal.ch\/c\/wp-json\/wp\/v2\/comments?post=992"}],"version-history":[{"count":0,"href":"https:\/\/www.artisanlocal.ch\/c\/wp-json\/wp\/v2\/pages\/992\/revisions"}],"wp:featuredmedia":[{"embeddable":true,"href":"https:\/\/www.artisanlocal.ch\/c\/wp-json\/wp\/v2\/media\/2758"}],"wp:attachment":[{"href":"https:\/\/www.artisanlocal.ch\/c\/wp-json\/wp\/v2\/media?parent=992"}],"wp:term":[{"taxonomy":"profession","embeddable":true,"href":"https:\/\/www.artisanlocal.ch\/c\/wp-json\/wp\/v2\/profession?post=992"},{"taxonomy":"location","embeddable":true,"href":"https:\/\/www.artisanlocal.ch\/c\/wp-json\/wp\/v2\/location?post=992"},{"taxonomy":"canton","embeddable":true,"href":"https:\/\/www.artisanlocal.ch\/c\/wp-json\/wp\/v2\/canton?post=992"}],"curies":[{"name":"wp","href":"https:\/\/api.w.org\/{rel}","templated":true}]}}