{"id":995,"date":"2024-05-18T05:07:20","date_gmt":"2024-05-18T03:07:20","guid":{"rendered":"https:\/\/www.artisanlocal.ch\/c\/plombier-boudry\/"},"modified":"2025-08-26T19:27:42","modified_gmt":"2025-08-26T17:27:42","slug":"plombier-boudry","status":"publish","type":"page","link":"https:\/\/www.artisanlocal.ch\/c\/plombier-boudry\/","title":{"rendered":"Plombier Boudry"},"content":{"rendered":"<p>Si vous \u00eates un Boudrysan et vous avez un probl\u00e8me de plomberie ? Nos plombiers se d\u00e9placent en urgence \u00e0 votre domicile pour r\u00e9parer vos tuyaux.<br \/>\n\r\n<div class=\"box\">\r\n    <h2 class=\"text-dark\">Nous cherchons un <em class=\"text-primary\">Sanitaire<\/em> dans la r\u00e9gion de <em class=\"text-primary\">Boudry<\/em>  en exclusivit\u00e9, afin de proposer vos services \u00e0 nos clients propri\u00e9taires.<\/h2>\r\n    <p>Une opportunit\u00e9 unique pour booster votre activit\u00e9 \u00e0 <strong>Boudry<\/strong> et aux alentours dans votre domaine (Sanitaire).<\/p>\r\n    <p>Nous travaillons en exclusivit\u00e9 avec qu'une soci\u00e9t\u00e9 par m\u00e9tier et par r\u00e9gion. <br>Votre entreprise est pr\u00e9sente sur tous les documents immobiliers. Afin d'\u00eatre mieux vu sur le net, vous \u00eates \u00e9galement visible sur nos deux sites et sur les pages de r\u00e9f\u00e9rencement de votre r\u00e9gion.<\/p>\r\n    <a href=\"\/contact\" class=\"wp-block-button__link has-accent-background-color has-text-align-center wp-element-button\">R\u00e9server<\/a>\r\n<\/div><\/p>\n<h2>Quels sont les avantages de choisir Artisanlocal \u00e0 Boudry ?<\/h2>\n<ul>\n<li>Nos plombiers sont joignables tous les jours de la semaine.<\/li>\n<li>Nous vous fournissons des devis gratuits.<\/li>\n<li>Nous utilisons les derni\u00e8res techniques de pointes.<\/li>\n<li>Notre entreprise est situ\u00e9e \u00e0 Boudry permettant \u00e0 nos artisans d&rsquo;intervenir rapidement \u00e0 votre domicile.<\/li>\n<li>Nous avons des tarifs comp\u00e9titifs.<\/li>\n<li>Nos plombiers sont exp\u00e9riment\u00e9s et assur\u00e9s.<\/li>\n<li>Nous examinons votre plomberie avant les r\u00e9parations.<\/li>\n<li>Aucun probl\u00e8me n&rsquo;est trop grand ou trop petit, nous effectuons tous types d&rsquo;interventions.<\/li>\n<\/ul>\n<h2>Quels sont les services propos\u00e9s par Artisanlocal ?<\/h2>\n<ul>\n<li>D\u00e9tection des fuites.<\/li>\n<li>R\u00e9paration de vos tuyauteries.<\/li>\n<li>Le changement de votre installation sanitaire.<\/li>\n<li>La remise en \u00e9tat de votre sanitaire.<\/li>\n<li>Nous effectuons tous vos travaux de plomberie tels que l&rsquo;installation des : robinets, \u00e9viers, lavabos et tuyauteries.<\/li>\n<li>Nous posons les chauffes-eau et les chaudi\u00e8res.<\/li>\n<li>Le d\u00e9bouchage et l\u2019assainissement de vos canalisations.<\/li>\n<li>La r\u00e9novation de votre salle de bain.<\/li>\n<li>La vidange de votre fosse septique.<\/li>\n<\/ul>\n<h2>Comment fonctionne Artisanlocal ?<\/h2>\n<ol>\n<li>Apr\u00e8s avoir pris contact avec nous par email ou par t\u00e9l\u00e9phone, nous rentrons en contact avec vous pour \u00e9valuer vos besoins.<\/li>\n<li>Apr\u00e8s cela, vous obtiendrez de notre part une \u00e9valuation gratuite pour vos travaux de plomberie. Avec notre entreprise, il n&rsquo;y a pas de frais cach\u00e9s, sauf s&rsquo;il y a de gros travaux ou que vous avez besoin de changer des \u00e9l\u00e9ments de votre plomberie.<\/li>\n<li>Apr\u00e8s avoir donn\u00e9 votre accord pour l&rsquo;estimation, nous d\u00e9ciderons ensemble d&rsquo;une date d&rsquo;intervention \u00e0 votre domicile.<\/li>\n<\/ol>\n<h2>Entreprise de plomberie pour les particuliers \u00e0 Boudry<\/h2>\n<p>En cas de probl\u00e8me avec votre installation, vos eaux us\u00e9es peuvent contaminer l&rsquo;eau de votre foyer et vous pouvez mettre en danger la sant\u00e9 de vos proches, c\u2019est la raison pour laquelle le plombier qui se d\u00e9place chez vous effectue :<\/p>\n<ul>\n<li>La localisation et la r\u00e9paration de fuites dans vos tuyaux.<\/li>\n<li>L&rsquo;entretien et le d\u00e9bouchage de vos tuyaux.<\/li>\n<li>L\u2019entretien de votre chauffe-eau.<\/li>\n<li>L\u2019Inspection de vos canalisations.<\/li>\n<li>La r\u00e9novation de vos tuyaux de canalisations.<\/li>\n<li>La remise en \u00e9tat apr\u00e8s un sinistre.<\/li>\n<\/ul>\n<h2>Service de plombier pour les entreprises \u00e0 Boudry<\/h2>\n<p>Si vous habitez \u00e0 Boudry, et que vous avez une soci\u00e9t\u00e9, un restaurant ou un commerce de d\u00e9tail. Les robinets qui fuient, les \u00e9vacuations bouch\u00e9es et les chauffe-eau qui marchent mal sont autant de probl\u00e8mes qui peuvent provoquer une baisse de productivit\u00e9 ou encore d\u00e9t\u00e9riorer vos locaux. Artisanlocal aide votre entreprise pour :<\/p>\n<ul>\n<li>L&rsquo;\u00e9limination des bouchons dans vos lavabos.<\/li>\n<li>L&rsquo;installation de nouveaux robinets.<\/li>\n<li>L&rsquo;inspection et la r\u00e9paration de vos tuyaux.<\/li>\n<li>Le nettoyage par jet d&rsquo;eau de vos tuyaux de canalisations.<\/li>\n<li>La pose de nouveaux \u00e9quipements de plomberie.<\/li>\n<li>La vidange, le nettoyage, le remplacement ou la remise en \u00e9tat de bac \u00e0 graisse.<\/li>\n<li>La mise en place, l\u2019entretien et la r\u00e9paration de votre chauffage ou chauffe-eau.<\/li>\n<li>La r\u00e9paration de vos tuyaux de canalisations.<\/li>\n<li>Le service de d\u00e9pannage de vos appareils sanitaires.<\/li>\n<li>L\u2019inspection de vos tuyaux par cam\u00e9ra vid\u00e9o.<\/li>\n<\/ul>\n<h2>Nettoyage de canalisations en urgence \u00e0 Boudry<\/h2>\n<p>Si vous \u00eates un Boudrysan, Artisanlocal intervient chez vous en urgence pour d\u00e9boucher vos canalisations ou pour r\u00e9soudre vos probl\u00e8mes de refoulement de vos \u00e9viers, douches ou WC, d&rsquo;autre part, nos artisans plombiers interviennent rapidement sur vos :<\/p>\n<ul>\n<li>Lavabos.<\/li>\n<li>WC.<\/li>\n<li>Toits (goutti\u00e8res).<\/li>\n<li>Syst\u00e8mes d&rsquo;\u00e9gouts.<\/li>\n<li>Tuyauteries.<\/li>\n<\/ul>\n<h2>Nettoyage et entretien des r\u00e9seaux d&rsquo;\u00e9gouts \u00e0 Boudry<\/h2>\n<p>Le syst\u00e8me d&rsquo;\u00e9gouts constitue le c\u0153ur de la plomberie. Il transporte les eaux us\u00e9es des \u00e9viers, des w.c. Et des autres installations sanitaires. Lorsque l\u2019\u00e9gout est plein ou d\u00e9borde, cela peut d\u00e9grader votre r\u00e9sidence, et compromettre la s\u00e9curit\u00e9 des habitants.<\/p>\n<p>L&rsquo;entretien r\u00e9gulier de votre \u00e9gout permet de pr\u00e9venir les remont\u00e9es d&rsquo;eau ou encore la cr\u00e9ation de bouchons. Nos artisans plombiers \u00e0 Boudry associent les techniques traditionnelles et les derni\u00e8res technologies pour contr\u00f4ler, assainir et garantir le d\u00e9bit de l&rsquo;eau dans vos conduits.<\/p>\n<p>Artisanlocal peut aussi remplacer vos tuyaux d&rsquo;\u00e9gout s&rsquo;ils sont trop abim\u00e9s. Artisanlocal peut aussi nettoyer rapidement tout dommage caus\u00e9 par les eaux us\u00e9es dans votre propri\u00e9t\u00e9 ou soci\u00e9t\u00e9. Afin d&rsquo;\u00e9viter le d\u00e9veloppement de moisissures, nous s\u00e9chons et d\u00e9shumidifions les zones \u00e0 risques.<\/p>\n<h2>R\u00e9parations et installations de chauffe-eau<\/h2>\n<p>Tout ce que vous avez, c&rsquo;est de l\u2019eau froide dans vos conduits ? Il se peut que vous ayez des probl\u00e8mes avec votre cumulus. Artisanlocal effectue la r\u00e9paration de votre chauffe-eau en urgence. Voici les indices qui indiquent des probl\u00e8mes dans votre chauffe-eau :<\/p>\n<ul>\n<li>La diminution de la pression de l\u2019eau chaude : cela peut \u00eatre d\u00fb \u00e0 une fuite de votre cumulus, un syst\u00e8me chauffant qui ne fonctionne pas ou la pr\u00e9sence de s\u00e9diments au fond du r\u00e9servoir.<\/li>\n<li>La pr\u00e9sence d&rsquo;eau pr\u00e8s de votre chauffe-eau : cela peut signaler un probl\u00e8me, ou la pr\u00e9sence d&rsquo;un trou dans le r\u00e9servoir.<\/li>\n<li>Vous entendez des bruits anormaux qui viennent du chauffe-eau : si vous entendez des sons \u00e9tranges, cela peut \u00eatre d\u00fb \u00e0 la grande quantit\u00e9 de s\u00e9diments, une fuite ou une panne de l&rsquo;\u00e9l\u00e9ment chauffant.<\/li>\n<li>L&rsquo;eau est d\u00e9color\u00e9e : c&rsquo;est causer par la pr\u00e9sence de substances nocives et de rouille.<\/li>\n<li>Le chauffe-eau marche en sans interruption : si vous remarquez que votre chauffe-eau est tout le temps en marche, c&rsquo;est peut-\u00eatre que votre chauffe-eau \u00e0 une panne.<\/li>\n<\/ul>\n<h2>Services de nettoyage apr\u00e8s un d\u00e9g\u00e2t des eaux<\/h2>\n<p>Nos plombiers nettoient votre domicile apr\u00e8s un d\u00e9g\u00e2t des eaux \u00e0 Boudry, nous sommes disponibles pour vous aider en cas de caves inond\u00e9es, de ruptures de canalisations, de d\u00e9bordements de w.c. Et de baignoires, d&rsquo;importantes pr\u00e9cipitations, de reflux d&rsquo;\u00e9gouts et d&rsquo;autres soucis de plomberie li\u00e9s \u00e0 un d\u00e9g\u00e2t des eaux.<\/p>\n<h2>R\u00e9ponses aux interrogations courantes<\/h2>\n<h3>Quels sont les tarifs pour une intervention \u00e0 Boudry ?<\/h3>\n<p>Apr\u00e8s avoir analys\u00e9 votre souci de tuyauterie, les plombiers professionnels d&rsquo;Artisanlocal \u00e9valuent le montant des travaux. Voici les tarifs \u00e0 titre d&rsquo;information \u00e0 Boudry :<\/p>\n<table border=\"1\">\n<tbody>\n<tr>\n<th>Prestations<\/th>\n<th>Prix CHF<\/th>\n<\/tr>\n<tr>\n<td>Installation d\u2019un lavabo<\/td>\n<td>280.00<\/td>\n<\/tr>\n<tr>\n<td>Tarif horaire : installation sanitaire<\/td>\n<td>110.00 \u00e0 129.00<\/td>\n<\/tr>\n<tr>\n<td>Installation et raccord, d\u2019un siphon \u00e0 un \u00e9vier<\/td>\n<td>70.00<\/td>\n<\/tr>\n<tr>\n<td>Assemblage mobilier de salle de bain<\/td>\n<td>95.00<\/td>\n<\/tr>\n<tr>\n<td>Installation et raccordement, d\u2019une douche \u00e0 la tuyauterie<\/td>\n<td>86.00<\/td>\n<\/tr>\n<tr>\n<td>Pose d\u2019un r\u00e9servoir de WC<\/td>\n<td>112.00<\/td>\n<\/tr>\n<tr>\n<td>Fixation d\u2019accessoires de salle de bain<\/td>\n<td>60.00<\/td>\n<\/tr>\n<tr>\n<td>Pose d\u2019un toilette suspendu<\/td>\n<td>170.00<\/td>\n<\/tr>\n<tr>\n<td>D\u00e9placement du plombier aller-retour<\/td>\n<td>100.00<\/td>\n<\/tr>\n<\/tbody>\n<\/table>\n<h3>L&rsquo;entreprise Artisanlocal est-elle ouverte les samedis et dimanches ?<\/h3>\n<p>Notre service de plomberie est joignable 24h\/24, 7j\/7 et m\u00eame les jours f\u00e9ri\u00e9s.<\/p>\n<h3>Les plombiers d&rsquo;Artisanlocal effectuent des interventions \u00e0 Boudry et dans les communes proches ?<\/h3>\n<p>Nos plombiers interviennent \u00e0 Boudry, aussi dans les communes aux alentours, telles que : Neuch\u00e2tel, Auvernier, Colombier NE, B\u00f4le, Areuse, Cortaillod, Chambrelien, Rochefort, Bevaix, Gorgier, St-Aubin-Sauges, Chez-le-Bart, Fresens, Montalchez, Vaumarcus, Peseux, Corcelles NE, Cormondr\u00e8che, Hauterive NE, St-Blaise, Enges, Marin-Epagnier, Thielle, Wavre, Cornaux NE, Cressier NE, Champ-du-Moulin.<\/p>\n","protected":false},"excerpt":{"rendered":"<p>Si vous \u00eates un Boudrysan et vous avez un probl\u00e8me de plomberie ? Nos plombiers se d\u00e9placent en urgence \u00e0 votre domicile pour r\u00e9parer vos tuyaux. Quels sont les avantages de choisir Artisanlocal \u00e0 Boudry ? Nos plombiers sont joignables tous les jours de la semaine. Nous vous fournissons des devis gratuits. Nous utilisons les [&hellip;]<\/p>\n","protected":false},"author":4,"featured_media":2758,"parent":0,"menu_order":0,"comment_status":"closed","ping_status":"closed","template":"","meta":{"footnotes":""},"profession":[123],"location":[46],"canton":[114],"class_list":["post-995","page","type-page","status-publish","has-post-thumbnail","hentry","profession-sanitaire","location-boudry","canton-ne"],"yoast_head":"<!-- This site is optimized with the Yoast SEO Premium plugin v25.7.1 (Yoast SEO v27.4) - https:\/\/yoast.com\/product\/yoast-seo-premium-wordpress\/ -->\n<title>Plombier Boudry - Artisanlocal<\/title>\n<meta name=\"robots\" content=\"index, follow, max-snippet:-1, max-image-preview:large, max-video-preview:-1\" \/>\n<link rel=\"canonical\" href=\"https:\/\/www.artisanlocal.ch\/c\/plombier-boudry\/\" \/>\n<meta property=\"og:locale\" content=\"fr_FR\" \/>\n<meta property=\"og:type\" content=\"article\" \/>\n<meta property=\"og:title\" content=\"Plombier Boudry\" \/>\n<meta property=\"og:description\" content=\"Si vous \u00eates un Boudrysan et vous avez un probl\u00e8me de plomberie ? Nos plombiers se d\u00e9placent en urgence \u00e0 votre domicile pour r\u00e9parer vos tuyaux. Quels sont les avantages de choisir Artisanlocal \u00e0 Boudry ? Nos plombiers sont joignables tous les jours de la semaine. Nous vous fournissons des devis gratuits. Nous utilisons les [&hellip;]\" \/>\n<meta property=\"og:url\" content=\"https:\/\/www.artisanlocal.ch\/c\/plombier-boudry\/\" \/>\n<meta property=\"og:site_name\" content=\"Artisanlocal\" \/>\n<meta property=\"article:modified_time\" content=\"2025-08-26T17:27:42+00:00\" \/>\n<meta property=\"og:image\" content=\"https:\/\/www.artisanlocal.ch\/c\/wp-content\/uploads\/2024\/10\/plombier.jpg\" \/>\n\t<meta property=\"og:image:width\" content=\"1920\" \/>\n\t<meta property=\"og:image:height\" content=\"300\" \/>\n\t<meta property=\"og:image:type\" content=\"image\/jpeg\" \/>\n<meta name=\"twitter:card\" content=\"summary_large_image\" \/>\n<meta name=\"twitter:label1\" content=\"Dur\u00e9e de lecture estim\u00e9e\" \/>\n\t<meta name=\"twitter:data1\" content=\"6 minutes\" \/>\n<script type=\"application\/ld+json\" class=\"yoast-schema-graph\">{\"@context\":\"https:\\\/\\\/schema.org\",\"@graph\":[{\"@type\":\"WebPage\",\"@id\":\"https:\\\/\\\/www.artisanlocal.ch\\\/c\\\/plombier-boudry\\\/\",\"url\":\"https:\\\/\\\/www.artisanlocal.ch\\\/c\\\/plombier-boudry\\\/\",\"name\":\"Plombier Boudry - Artisanlocal\",\"isPartOf\":{\"@id\":\"https:\\\/\\\/www.artisanlocal.ch\\\/c\\\/#website\"},\"primaryImageOfPage\":{\"@id\":\"https:\\\/\\\/www.artisanlocal.ch\\\/c\\\/plombier-boudry\\\/#primaryimage\"},\"image\":{\"@id\":\"https:\\\/\\\/www.artisanlocal.ch\\\/c\\\/plombier-boudry\\\/#primaryimage\"},\"thumbnailUrl\":\"https:\\\/\\\/www.artisanlocal.ch\\\/c\\\/wp-content\\\/uploads\\\/2024\\\/10\\\/plombier.jpg\",\"datePublished\":\"2024-05-18T03:07:20+00:00\",\"dateModified\":\"2025-08-26T17:27:42+00:00\",\"breadcrumb\":{\"@id\":\"https:\\\/\\\/www.artisanlocal.ch\\\/c\\\/plombier-boudry\\\/#breadcrumb\"},\"inLanguage\":\"fr-FR\",\"potentialAction\":[{\"@type\":\"ReadAction\",\"target\":[\"https:\\\/\\\/www.artisanlocal.ch\\\/c\\\/plombier-boudry\\\/\"]}]},{\"@type\":\"ImageObject\",\"inLanguage\":\"fr-FR\",\"@id\":\"https:\\\/\\\/www.artisanlocal.ch\\\/c\\\/plombier-boudry\\\/#primaryimage\",\"url\":\"https:\\\/\\\/www.artisanlocal.ch\\\/c\\\/wp-content\\\/uploads\\\/2024\\\/10\\\/plombier.jpg\",\"contentUrl\":\"https:\\\/\\\/www.artisanlocal.ch\\\/c\\\/wp-content\\\/uploads\\\/2024\\\/10\\\/plombier.jpg\",\"width\":1920,\"height\":300},{\"@type\":\"BreadcrumbList\",\"@id\":\"https:\\\/\\\/www.artisanlocal.ch\\\/c\\\/plombier-boudry\\\/#breadcrumb\",\"itemListElement\":[{\"@type\":\"ListItem\",\"position\":1,\"name\":\"Accueil\",\"item\":\"https:\\\/\\\/www.artisanlocal.ch\\\/c\\\/\"},{\"@type\":\"ListItem\",\"position\":2,\"name\":\"Plombier Boudry\"}]},{\"@type\":\"WebSite\",\"@id\":\"https:\\\/\\\/www.artisanlocal.ch\\\/c\\\/#website\",\"url\":\"https:\\\/\\\/www.artisanlocal.ch\\\/c\\\/\",\"name\":\"Artisanlocal\",\"description\":\"\",\"publisher\":{\"@id\":\"https:\\\/\\\/www.artisanlocal.ch\\\/c\\\/#organization\"},\"potentialAction\":[{\"@type\":\"SearchAction\",\"target\":{\"@type\":\"EntryPoint\",\"urlTemplate\":\"https:\\\/\\\/www.artisanlocal.ch\\\/c\\\/?s={search_term_string}\"},\"query-input\":{\"@type\":\"PropertyValueSpecification\",\"valueRequired\":true,\"valueName\":\"search_term_string\"}}],\"inLanguage\":\"fr-FR\"},{\"@type\":\"Organization\",\"@id\":\"https:\\\/\\\/www.artisanlocal.ch\\\/c\\\/#organization\",\"name\":\"Artisanlocal\",\"url\":\"https:\\\/\\\/www.artisanlocal.ch\\\/c\\\/\",\"logo\":{\"@type\":\"ImageObject\",\"inLanguage\":\"fr-FR\",\"@id\":\"https:\\\/\\\/www.artisanlocal.ch\\\/c\\\/#\\\/schema\\\/logo\\\/image\\\/\",\"url\":\"https:\\\/\\\/www.artisanlocal.ch\\\/c\\\/wp-content\\\/uploads\\\/2024\\\/02\\\/logo-artisanlocal-h.svg\",\"contentUrl\":\"https:\\\/\\\/www.artisanlocal.ch\\\/c\\\/wp-content\\\/uploads\\\/2024\\\/02\\\/logo-artisanlocal-h.svg\",\"caption\":\"Artisanlocal\"},\"image\":{\"@id\":\"https:\\\/\\\/www.artisanlocal.ch\\\/c\\\/#\\\/schema\\\/logo\\\/image\\\/\"}}]}<\/script>\n<!-- \/ Yoast SEO Premium plugin. -->","yoast_head_json":{"title":"Plombier Boudry - Artisanlocal","robots":{"index":"index","follow":"follow","max-snippet":"max-snippet:-1","max-image-preview":"max-image-preview:large","max-video-preview":"max-video-preview:-1"},"canonical":"https:\/\/www.artisanlocal.ch\/c\/plombier-boudry\/","og_locale":"fr_FR","og_type":"article","og_title":"Plombier Boudry","og_description":"Si vous \u00eates un Boudrysan et vous avez un probl\u00e8me de plomberie ? Nos plombiers se d\u00e9placent en urgence \u00e0 votre domicile pour r\u00e9parer vos tuyaux. Quels sont les avantages de choisir Artisanlocal \u00e0 Boudry ? Nos plombiers sont joignables tous les jours de la semaine. Nous vous fournissons des devis gratuits. Nous utilisons les [&hellip;]","og_url":"https:\/\/www.artisanlocal.ch\/c\/plombier-boudry\/","og_site_name":"Artisanlocal","article_modified_time":"2025-08-26T17:27:42+00:00","og_image":[{"width":1920,"height":300,"url":"https:\/\/www.artisanlocal.ch\/c\/wp-content\/uploads\/2024\/10\/plombier.jpg","type":"image\/jpeg"}],"twitter_card":"summary_large_image","twitter_misc":{"Dur\u00e9e de lecture estim\u00e9e":"6 minutes"},"schema":{"@context":"https:\/\/schema.org","@graph":[{"@type":"WebPage","@id":"https:\/\/www.artisanlocal.ch\/c\/plombier-boudry\/","url":"https:\/\/www.artisanlocal.ch\/c\/plombier-boudry\/","name":"Plombier Boudry - Artisanlocal","isPartOf":{"@id":"https:\/\/www.artisanlocal.ch\/c\/#website"},"primaryImageOfPage":{"@id":"https:\/\/www.artisanlocal.ch\/c\/plombier-boudry\/#primaryimage"},"image":{"@id":"https:\/\/www.artisanlocal.ch\/c\/plombier-boudry\/#primaryimage"},"thumbnailUrl":"https:\/\/www.artisanlocal.ch\/c\/wp-content\/uploads\/2024\/10\/plombier.jpg","datePublished":"2024-05-18T03:07:20+00:00","dateModified":"2025-08-26T17:27:42+00:00","breadcrumb":{"@id":"https:\/\/www.artisanlocal.ch\/c\/plombier-boudry\/#breadcrumb"},"inLanguage":"fr-FR","potentialAction":[{"@type":"ReadAction","target":["https:\/\/www.artisanlocal.ch\/c\/plombier-boudry\/"]}]},{"@type":"ImageObject","inLanguage":"fr-FR","@id":"https:\/\/www.artisanlocal.ch\/c\/plombier-boudry\/#primaryimage","url":"https:\/\/www.artisanlocal.ch\/c\/wp-content\/uploads\/2024\/10\/plombier.jpg","contentUrl":"https:\/\/www.artisanlocal.ch\/c\/wp-content\/uploads\/2024\/10\/plombier.jpg","width":1920,"height":300},{"@type":"BreadcrumbList","@id":"https:\/\/www.artisanlocal.ch\/c\/plombier-boudry\/#breadcrumb","itemListElement":[{"@type":"ListItem","position":1,"name":"Accueil","item":"https:\/\/www.artisanlocal.ch\/c\/"},{"@type":"ListItem","position":2,"name":"Plombier Boudry"}]},{"@type":"WebSite","@id":"https:\/\/www.artisanlocal.ch\/c\/#website","url":"https:\/\/www.artisanlocal.ch\/c\/","name":"Artisanlocal","description":"","publisher":{"@id":"https:\/\/www.artisanlocal.ch\/c\/#organization"},"potentialAction":[{"@type":"SearchAction","target":{"@type":"EntryPoint","urlTemplate":"https:\/\/www.artisanlocal.ch\/c\/?s={search_term_string}"},"query-input":{"@type":"PropertyValueSpecification","valueRequired":true,"valueName":"search_term_string"}}],"inLanguage":"fr-FR"},{"@type":"Organization","@id":"https:\/\/www.artisanlocal.ch\/c\/#organization","name":"Artisanlocal","url":"https:\/\/www.artisanlocal.ch\/c\/","logo":{"@type":"ImageObject","inLanguage":"fr-FR","@id":"https:\/\/www.artisanlocal.ch\/c\/#\/schema\/logo\/image\/","url":"https:\/\/www.artisanlocal.ch\/c\/wp-content\/uploads\/2024\/02\/logo-artisanlocal-h.svg","contentUrl":"https:\/\/www.artisanlocal.ch\/c\/wp-content\/uploads\/2024\/02\/logo-artisanlocal-h.svg","caption":"Artisanlocal"},"image":{"@id":"https:\/\/www.artisanlocal.ch\/c\/#\/schema\/logo\/image\/"}}]}},"_links":{"self":[{"href":"https:\/\/www.artisanlocal.ch\/c\/wp-json\/wp\/v2\/pages\/995","targetHints":{"allow":["GET"]}}],"collection":[{"href":"https:\/\/www.artisanlocal.ch\/c\/wp-json\/wp\/v2\/pages"}],"about":[{"href":"https:\/\/www.artisanlocal.ch\/c\/wp-json\/wp\/v2\/types\/page"}],"author":[{"embeddable":true,"href":"https:\/\/www.artisanlocal.ch\/c\/wp-json\/wp\/v2\/users\/4"}],"replies":[{"embeddable":true,"href":"https:\/\/www.artisanlocal.ch\/c\/wp-json\/wp\/v2\/comments?post=995"}],"version-history":[{"count":0,"href":"https:\/\/www.artisanlocal.ch\/c\/wp-json\/wp\/v2\/pages\/995\/revisions"}],"wp:featuredmedia":[{"embeddable":true,"href":"https:\/\/www.artisanlocal.ch\/c\/wp-json\/wp\/v2\/media\/2758"}],"wp:attachment":[{"href":"https:\/\/www.artisanlocal.ch\/c\/wp-json\/wp\/v2\/media?parent=995"}],"wp:term":[{"taxonomy":"profession","embeddable":true,"href":"https:\/\/www.artisanlocal.ch\/c\/wp-json\/wp\/v2\/profession?post=995"},{"taxonomy":"location","embeddable":true,"href":"https:\/\/www.artisanlocal.ch\/c\/wp-json\/wp\/v2\/location?post=995"},{"taxonomy":"canton","embeddable":true,"href":"https:\/\/www.artisanlocal.ch\/c\/wp-json\/wp\/v2\/canton?post=995"}],"curies":[{"name":"wp","href":"https:\/\/api.w.org\/{rel}","templated":true}]}}