{"id":996,"date":"2024-05-18T19:28:33","date_gmt":"2024-05-18T17:28:33","guid":{"rendered":"https:\/\/www.artisanlocal.ch\/c\/plombier-st-blaise\/"},"modified":"2025-08-26T19:27:27","modified_gmt":"2025-08-26T17:27:27","slug":"plombier-st-blaise","status":"publish","type":"page","link":"https:\/\/www.artisanlocal.ch\/c\/plombier-st-blaise\/","title":{"rendered":"Plombier St-Blaise"},"content":{"rendered":"<p>Si vous \u00eates un habitant de St-Blaise, Artisanlocal se d\u00e9place dans votre foyer en urgence.<\/p>\n\r\n<div class=\"box\">\r\n    <h2 class=\"text-dark\">Nous cherchons un <em class=\"text-primary\">Sanitaire<\/em> dans la r\u00e9gion de <em class=\"text-primary\">St-Blaise<\/em>  en exclusivit\u00e9, afin de proposer vos services \u00e0 nos clients propri\u00e9taires.<\/h2>\r\n    <p>Une opportunit\u00e9 unique pour booster votre activit\u00e9 \u00e0 <strong>St-Blaise<\/strong> et aux alentours dans votre domaine (Sanitaire).<\/p>\r\n    <p>Nous travaillons en exclusivit\u00e9 avec qu'une soci\u00e9t\u00e9 par m\u00e9tier et par r\u00e9gion. <br>Votre entreprise est pr\u00e9sente sur tous les documents immobiliers. Afin d'\u00eatre mieux vu sur le net, vous \u00eates \u00e9galement visible sur nos deux sites et sur les pages de r\u00e9f\u00e9rencement de votre r\u00e9gion.<\/p>\r\n    <a href=\"\/contact\" class=\"wp-block-button__link has-accent-background-color has-text-align-center wp-element-button\">R\u00e9server<\/a>\r\n<\/div>\n<h2>Pourquoi faire appel \u00e0 notre soci\u00e9t\u00e9 de plombier \u00e0 St-Blaise ?<\/h2>\n<ul>\n<li>Nos plombiers sont disponibles tous les jours de la semaine et les jours f\u00e9ri\u00e9s.<\/li>\n<li>Nos devis sont sans frais.<\/li>\n<li>Nous utilisons les derni\u00e8res m\u00e9thodes.<\/li>\n<li>Notre entreprise est situ\u00e9e \u00e0 St-Blaise permettant \u00e0 nos artisans d&rsquo;intervenir rapidement dans votre foyer.<\/li>\n<li>Nous proposons des tarifs comp\u00e9titifs.<\/li>\n<li>Tous nos plombiers sont qualifi\u00e9s.<\/li>\n<li>Avant toute r\u00e9paration, nous inspectons votre installation de plomberie.<\/li>\n<li>Nous g\u00e9rons tous types de travaux de plomberie.<\/li>\n<\/ul>\n<h2>Les prestations que nous r\u00e9alisons \u00e0 St-Blaise<\/h2>\n<ul>\n<li>Nous d\u00e9tectons les fuites et ensuite, nous r\u00e9novons vos tuyauteries.<\/li>\n<li>Le remplacement de votre installation sanitaire.<\/li>\n<li>Nos artisans plombiers r\u00e9novent tous vos \u00e9quipements sanitaires.<\/li>\n<li>Nous effectuons tous vos travaux de plomberie tels que l&rsquo;installation des : robinets, \u00e9viers, lavabos et tuyauteries.<\/li>\n<li>Nous installons les chaudi\u00e8res et les chauffes-eau.<\/li>\n<li>Le d\u00e9bouchage et l&rsquo;assainissement de vos tuyaux.<\/li>\n<li>Nous restaurons totalement les salles d&rsquo;eau.<\/li>\n<li>La vidange de fosse septique.<\/li>\n<\/ul>\n<h2>Quel est le fonctionnement d&rsquo;Artisanlocal \u00e0 St-Blaise ?<\/h2>\n<ol>\n<li>Suite \u00e0 votre prise de contact par email ou t\u00e9l\u00e9phone, un de nos plombiers vous contacte pour analyser l&rsquo;ampleur de votre probl\u00e8me.<\/li>\n<li>Par la suite, nous vous fournissons un devis d\u00e9taill\u00e9 et gratuit. Avec notre soci\u00e9t\u00e9, il n&rsquo;y a pas de frais dissimul\u00e9s, \u00e0 moins que vous ayez besoin d&rsquo;\u00e9l\u00e9ments de remplacement ou de travaux importants.<\/li>\n<li>Apr\u00e8s votre accord pour le devis, nous conviendrons ensemble d&rsquo;une date d&rsquo;intervention \u00e0 votre foyer.<\/li>\n<\/ol>\n<h2>Services de plomberie pour les particuliers \u00e0 St-Blaise<\/h2>\n<p>Si votre plomberie est d\u00e9fectueuse, votre eau peut-\u00eatre pollu\u00e9e et vous pouvez mettre en p\u00e9ril vos proches, c\u2019est la raison pour laquelle l&rsquo;artisan qui se d\u00e9place chez vous effectue :<\/p>\n<ul>\n<li>La r\u00e9paration de fuites.<\/li>\n<li>Le nettoyage et le d\u00e9bouchage de vos canalisations.<\/li>\n<li>La maintenance de votre chauffe-eau.<\/li>\n<li>Le contr\u00f4le de vos tuyaux de canalisations.<\/li>\n<li>La r\u00e9novation de vos tuyaux de canalisations.<\/li>\n<li>La remise en \u00e9tat apr\u00e8s un sinistre.<\/li>\n<\/ul>\n<h2>Artisanlocal aux services des entreprises \u00e0 St-Blaise<\/h2>\n<p>\u00c0 St-Blaise, il y a des soci\u00e9t\u00e9s, restaurants et commerces de proximit\u00e9. Les robinets qui fuient, les \u00e9vacuations qui refoulent et les chauffe-eau qui marchent mal sont des probl\u00e8mes qui peuvent entra\u00eener une baisse de productivit\u00e9 ou encore d\u00e9grader vos locaux. Artisanlocal offre des services de plomberie pour votre entreprise \u00e0 St-Blaise, comme :<\/p>\n<ul>\n<li>L&rsquo;\u00e9limination des blocages dans les lavabos et la mise en place de nouveaux robinets.<\/li>\n<li>La r\u00e9paration et l&rsquo;inspection de vos tuyaux.<\/li>\n<li>L\u2019hydrocurage de vos canalisations.<\/li>\n<li>La mise en place de nouveaux \u00e9quipements de plomberie.<\/li>\n<li>L\u2019entretien et la r\u00e9novation de votre bac \u00e0 graisse.<\/li>\n<li>La mise en place, l\u2019entretien et la r\u00e9paration de votre chauffe-eau ou syst\u00e8me de chauffage.<\/li>\n<li>La r\u00e9novation de votre r\u00e9seau de tuyaux.<\/li>\n<li>Le service de d\u00e9pannage de vos installations sanitaires.<\/li>\n<li>L&rsquo;inspection de vos canalisations par cam\u00e9ra.<\/li>\n<\/ul>\n<h2>Nettoyage de canalisations en urgence \u00e0 St-Blaise<\/h2>\n<p>Si vous \u00eates un Saint-Blaisois, notre soci\u00e9t\u00e9 intervient rapidement chez vous pour d\u00e9boucher vos tuyaux de canalisations ou pour r\u00e9gler vos probl\u00e8mes de refoulement de vos \u00e9viers, douches ou WC, d&rsquo;autre part, nos plombiers interviennent en urgence pour vos :<\/p>\n<ul>\n<li>\u00c9viers.<\/li>\n<li>Toilettes.<\/li>\n<li>Toits (goutti\u00e8res).<\/li>\n<li>\u00c9gouts.<\/li>\n<li>Tuyauteries. <\/li>\n<\/ul>\n<h2>Nettoyage et entretien des r\u00e9seaux d&rsquo;\u00e9gouts \u00e0 St-Blaise<\/h2>\n<p>Le r\u00e9seau d&rsquo;\u00e9gouts repr\u00e9sente le c\u0153ur de la plomberie. Il \u00e9vacue les eaux us\u00e9es des lavabos, des toilettes et des autres \u00e9quipements sanitaires. Lorsque l\u2019\u00e9gout est bouch\u00e9 ou d\u00e9borde, cela peut endommager votre r\u00e9sidence, et mettre en p\u00e9ril votre s\u00e9curit\u00e9 et celle de votre famille.<\/p>\n<p>L&rsquo;entretien fr\u00e9quent de votre \u00e9gout permet de pr\u00e9venir les refoulements dans les canalisations et la formation de bouchons. Nos plombiers \u00e0 St-Blaise utilisent les derni\u00e8res techniques pour \u00e9liminer, inspecter et restaurer le bon \u00e9coulement des eaux dans vos tuyaux de canalisations.<\/p>\n<p>Artisanlocal remplace les tuyaux de canalisations de votre syst\u00e8me d&rsquo;\u00e9gout en cas de dommages. Notre \u00e9quipe offre aussi le nettoyage de votre soci\u00e9t\u00e9 ou de votre domicile \u00e0 la suite d&rsquo;un d\u00e9g\u00e2t des eaux. Pour \u00e9viter la formation de moisissures, nous s\u00e9chons et d\u00e9shumidifions les zones de votre h\u00e9bergement \u00e0 risques.<\/p>\n<h2>R\u00e9parations et installations de cumulus<\/h2>\n<p>Il n&rsquo;y a que de l&rsquo;eau froide dans votre logement ? Il est probable que vous ayez des soucis de chauffe-eau. Artisanlocal remet en \u00e9tat votre chauffe-eau en urgence. Voici les indices qui montrent des soucis :<\/p>\n<ul>\n<li>Un d\u00e9bit r\u00e9duit d&rsquo;eau chaude : vous avez possiblement une fuite d&rsquo;eau dans votre cumulus, ou un \u00e9l\u00e9ment chauffant d\u00e9fectueux ou l&rsquo;accumulation de s\u00e9diments dans votre r\u00e9servoir.<\/li>\n<li>La pr\u00e9sence d&rsquo;eau autour de votre chauffe-eau : la pr\u00e9sence d&rsquo;humidit\u00e9 au pied du r\u00e9servoir peut signaler une panne, ou la pr\u00e9sence d&rsquo;une fissure dans votre cumulus.<\/li>\n<li>Vous entendez des bruits inhabituels qui viennent du chauffe-eau : des bruits bizarres peuvent indiquer un d\u00e9p\u00f4t de s\u00e9diments, une fuite ou un probl\u00e8me de l&rsquo;\u00e9l\u00e9ment chauffant.<\/li>\n<li>La d\u00e9coloration de l&rsquo;eau : cela peut \u00eatre caus\u00e9 par la rouille ou \u00e0 d&rsquo;autres contaminants pr\u00e9sents dans le cumulus.<\/li>\n<li>Le chauffe-eau fonctionne en continu : si vous remarquez que votre chauffe-eau marche tr\u00e8s fr\u00e9quemment, cela peut \u00eatre d\u00fb \u00e0 un probl\u00e8me.<\/li>\n<\/ul>\n<p>En faisant appel \u00e0 un professionnel comme Artisanlocal d\u00e8s le premier signal d&rsquo;alerte, vous pouvez \u00e9chapper \u00e0 des travaux de r\u00e9parations hors de prix.<\/p>\n<h2>Nettoyage apr\u00e8s un d\u00e9g\u00e2t des eaux<\/h2>\n<p>Nos plombiers ont la capacit\u00e9 de nettoyer votre logement apr\u00e8s une inondation \u00e0 St-Blaise, nos plombiers sont disponibles pour vous apporter une assistance en cas de caves submerg\u00e9es, de ruptures de tuyaux de canalisations, de d\u00e9bordements de toilettes et de baignoires, d&rsquo;importantes pr\u00e9cipitations, de refoulements d&rsquo;\u00e9gouts et d&rsquo;autres probl\u00e8mes de plomberie qui peuvent entra\u00eener des d\u00e9g\u00e2ts des eaux.<\/p>\n<h2>Questions habituellement pos\u00e9es<\/h2>\n<h3>Quel est le tarif d\u2019un plombier \u00e0 St-Blaise ?<\/h3>\n<p>Apr\u00e8s avoir \u00e9valu\u00e9 votre probl\u00e8me de plomberie, les artisans plombiers d&rsquo;Artisanlocal calculent le montant des travaux. Les prix suivants de nos services sont fournis \u00e0 titre indicatif \u00e0 St-Blaise :<\/p>\n<table border=\"1\">\n<tbody>\n<tr>\n<th>Prestations<\/th>\n<th>Prix CHF<\/th>\n<\/tr>\n<tr>\n<td>Installation d\u2019un lavabo<\/td>\n<td>280.00<\/td>\n<\/tr>\n<tr>\n<td>Tarif horaire : installation sanitaire<\/td>\n<td>110.00 \u00e0 129.00<\/td>\n<\/tr>\n<tr>\n<td>Pose et raccordement, d\u2019un siphon \u00e0 un lavabo<\/td>\n<td>70.00<\/td>\n<\/tr>\n<tr>\n<td>Montage mobilier de salle d&rsquo;eau<\/td>\n<td>95.00<\/td>\n<\/tr>\n<tr>\n<td>Pose et raccord, d\u2019une douche \u00e0 la robinetterie<\/td>\n<td>86.00<\/td>\n<\/tr>\n<tr>\n<td>Mise en place d\u2019un r\u00e9servoir de toilette<\/td>\n<td>112.00<\/td>\n<\/tr>\n<tr>\n<td>Fixation d\u2019accessoires de salle d&rsquo;eau<\/td>\n<td>60.00<\/td>\n<\/tr>\n<tr>\n<td>Pose d\u2019un toilette suspendu<\/td>\n<td>170.00<\/td>\n<\/tr>\n<tr>\n<td>D\u00e9placement du plombier aller-retour<\/td>\n<td>100.00<\/td>\n<\/tr>\n<\/tbody>\n<\/table>\n<h3>Votre soci\u00e9t\u00e9 \u00e0 St-Blaise est ouverte le samedi et le dimanche ?<\/h3>\n<p>Notre prestation de plomberie est joignable 24h\/24, 7j\/7 et m\u00eame durant les jours f\u00e9ri\u00e9s.<\/p>\n<h3>Les plombiers effectuent des interventions \u00e0 St-Blaise et dans les communes proches ?<\/h3>\n<p>Nos artisans plombiers interviennent \u00e0 St-Blaise, \u00e9galement dans les villes \u00e0 proximit\u00e9, comme : Neuch\u00e2tel, Auvernier, Colombier NE, B\u00f4le, Areuse, Cortaillod, Boudry, Chambrelien, Rochefort, Bevaix, Gorgier, St-Aubin-Sauges, Chez-le-Bart, Fresens, Montalchez, Vaumarcus, Peseux, Corcelles NE, Cormondr\u00e8che, Hauterive NE, Enges, Marin-Epagnier, Thielle, Wavre, Cornaux NE, Cressier NE, Champ-du-Moulin.<\/p>\n","protected":false},"excerpt":{"rendered":"<p>Si vous \u00eates un habitant de St-Blaise, Artisanlocal se d\u00e9place dans votre foyer en urgence. Pourquoi faire appel \u00e0 notre soci\u00e9t\u00e9 de plombier \u00e0 St-Blaise ? Nos plombiers sont disponibles tous les jours de la semaine et les jours f\u00e9ri\u00e9s. Nos devis sont sans frais. Nous utilisons les derni\u00e8res m\u00e9thodes. Notre entreprise est situ\u00e9e \u00e0 [&hellip;]<\/p>\n","protected":false},"author":4,"featured_media":2758,"parent":0,"menu_order":0,"comment_status":"closed","ping_status":"closed","template":"","meta":{"footnotes":""},"profession":[123],"location":[88],"canton":[114],"class_list":["post-996","page","type-page","status-publish","has-post-thumbnail","hentry","profession-sanitaire","location-st-blaise","canton-ne"],"yoast_head":"<!-- This site is optimized with the Yoast SEO Premium plugin v25.7.1 (Yoast SEO v27.4) - https:\/\/yoast.com\/product\/yoast-seo-premium-wordpress\/ -->\n<title>Plombier St-Blaise - Artisanlocal<\/title>\n<meta name=\"robots\" content=\"index, follow, max-snippet:-1, max-image-preview:large, max-video-preview:-1\" \/>\n<link rel=\"canonical\" href=\"https:\/\/www.artisanlocal.ch\/c\/plombier-st-blaise\/\" \/>\n<meta property=\"og:locale\" content=\"fr_FR\" \/>\n<meta property=\"og:type\" content=\"article\" \/>\n<meta property=\"og:title\" content=\"Plombier St-Blaise\" \/>\n<meta property=\"og:description\" content=\"Si vous \u00eates un habitant de St-Blaise, Artisanlocal se d\u00e9place dans votre foyer en urgence. Pourquoi faire appel \u00e0 notre soci\u00e9t\u00e9 de plombier \u00e0 St-Blaise ? Nos plombiers sont disponibles tous les jours de la semaine et les jours f\u00e9ri\u00e9s. Nos devis sont sans frais. Nous utilisons les derni\u00e8res m\u00e9thodes. Notre entreprise est situ\u00e9e \u00e0 [&hellip;]\" \/>\n<meta property=\"og:url\" content=\"https:\/\/www.artisanlocal.ch\/c\/plombier-st-blaise\/\" \/>\n<meta property=\"og:site_name\" content=\"Artisanlocal\" \/>\n<meta property=\"article:modified_time\" content=\"2025-08-26T17:27:27+00:00\" \/>\n<meta property=\"og:image\" content=\"https:\/\/www.artisanlocal.ch\/c\/wp-content\/uploads\/2024\/10\/plombier.jpg\" \/>\n\t<meta property=\"og:image:width\" content=\"1920\" \/>\n\t<meta property=\"og:image:height\" content=\"300\" \/>\n\t<meta property=\"og:image:type\" content=\"image\/jpeg\" \/>\n<meta name=\"twitter:card\" content=\"summary_large_image\" \/>\n<meta name=\"twitter:label1\" content=\"Dur\u00e9e de lecture estim\u00e9e\" \/>\n\t<meta name=\"twitter:data1\" content=\"6 minutes\" \/>\n<script type=\"application\/ld+json\" class=\"yoast-schema-graph\">{\"@context\":\"https:\\\/\\\/schema.org\",\"@graph\":[{\"@type\":\"WebPage\",\"@id\":\"https:\\\/\\\/www.artisanlocal.ch\\\/c\\\/plombier-st-blaise\\\/\",\"url\":\"https:\\\/\\\/www.artisanlocal.ch\\\/c\\\/plombier-st-blaise\\\/\",\"name\":\"Plombier St-Blaise - Artisanlocal\",\"isPartOf\":{\"@id\":\"https:\\\/\\\/www.artisanlocal.ch\\\/c\\\/#website\"},\"primaryImageOfPage\":{\"@id\":\"https:\\\/\\\/www.artisanlocal.ch\\\/c\\\/plombier-st-blaise\\\/#primaryimage\"},\"image\":{\"@id\":\"https:\\\/\\\/www.artisanlocal.ch\\\/c\\\/plombier-st-blaise\\\/#primaryimage\"},\"thumbnailUrl\":\"https:\\\/\\\/www.artisanlocal.ch\\\/c\\\/wp-content\\\/uploads\\\/2024\\\/10\\\/plombier.jpg\",\"datePublished\":\"2024-05-18T17:28:33+00:00\",\"dateModified\":\"2025-08-26T17:27:27+00:00\",\"breadcrumb\":{\"@id\":\"https:\\\/\\\/www.artisanlocal.ch\\\/c\\\/plombier-st-blaise\\\/#breadcrumb\"},\"inLanguage\":\"fr-FR\",\"potentialAction\":[{\"@type\":\"ReadAction\",\"target\":[\"https:\\\/\\\/www.artisanlocal.ch\\\/c\\\/plombier-st-blaise\\\/\"]}]},{\"@type\":\"ImageObject\",\"inLanguage\":\"fr-FR\",\"@id\":\"https:\\\/\\\/www.artisanlocal.ch\\\/c\\\/plombier-st-blaise\\\/#primaryimage\",\"url\":\"https:\\\/\\\/www.artisanlocal.ch\\\/c\\\/wp-content\\\/uploads\\\/2024\\\/10\\\/plombier.jpg\",\"contentUrl\":\"https:\\\/\\\/www.artisanlocal.ch\\\/c\\\/wp-content\\\/uploads\\\/2024\\\/10\\\/plombier.jpg\",\"width\":1920,\"height\":300},{\"@type\":\"BreadcrumbList\",\"@id\":\"https:\\\/\\\/www.artisanlocal.ch\\\/c\\\/plombier-st-blaise\\\/#breadcrumb\",\"itemListElement\":[{\"@type\":\"ListItem\",\"position\":1,\"name\":\"Accueil\",\"item\":\"https:\\\/\\\/www.artisanlocal.ch\\\/c\\\/\"},{\"@type\":\"ListItem\",\"position\":2,\"name\":\"Plombier St-Blaise\"}]},{\"@type\":\"WebSite\",\"@id\":\"https:\\\/\\\/www.artisanlocal.ch\\\/c\\\/#website\",\"url\":\"https:\\\/\\\/www.artisanlocal.ch\\\/c\\\/\",\"name\":\"Artisanlocal\",\"description\":\"\",\"publisher\":{\"@id\":\"https:\\\/\\\/www.artisanlocal.ch\\\/c\\\/#organization\"},\"potentialAction\":[{\"@type\":\"SearchAction\",\"target\":{\"@type\":\"EntryPoint\",\"urlTemplate\":\"https:\\\/\\\/www.artisanlocal.ch\\\/c\\\/?s={search_term_string}\"},\"query-input\":{\"@type\":\"PropertyValueSpecification\",\"valueRequired\":true,\"valueName\":\"search_term_string\"}}],\"inLanguage\":\"fr-FR\"},{\"@type\":\"Organization\",\"@id\":\"https:\\\/\\\/www.artisanlocal.ch\\\/c\\\/#organization\",\"name\":\"Artisanlocal\",\"url\":\"https:\\\/\\\/www.artisanlocal.ch\\\/c\\\/\",\"logo\":{\"@type\":\"ImageObject\",\"inLanguage\":\"fr-FR\",\"@id\":\"https:\\\/\\\/www.artisanlocal.ch\\\/c\\\/#\\\/schema\\\/logo\\\/image\\\/\",\"url\":\"https:\\\/\\\/www.artisanlocal.ch\\\/c\\\/wp-content\\\/uploads\\\/2024\\\/02\\\/logo-artisanlocal-h.svg\",\"contentUrl\":\"https:\\\/\\\/www.artisanlocal.ch\\\/c\\\/wp-content\\\/uploads\\\/2024\\\/02\\\/logo-artisanlocal-h.svg\",\"caption\":\"Artisanlocal\"},\"image\":{\"@id\":\"https:\\\/\\\/www.artisanlocal.ch\\\/c\\\/#\\\/schema\\\/logo\\\/image\\\/\"}}]}<\/script>\n<!-- \/ Yoast SEO Premium plugin. -->","yoast_head_json":{"title":"Plombier St-Blaise - Artisanlocal","robots":{"index":"index","follow":"follow","max-snippet":"max-snippet:-1","max-image-preview":"max-image-preview:large","max-video-preview":"max-video-preview:-1"},"canonical":"https:\/\/www.artisanlocal.ch\/c\/plombier-st-blaise\/","og_locale":"fr_FR","og_type":"article","og_title":"Plombier St-Blaise","og_description":"Si vous \u00eates un habitant de St-Blaise, Artisanlocal se d\u00e9place dans votre foyer en urgence. Pourquoi faire appel \u00e0 notre soci\u00e9t\u00e9 de plombier \u00e0 St-Blaise ? Nos plombiers sont disponibles tous les jours de la semaine et les jours f\u00e9ri\u00e9s. Nos devis sont sans frais. Nous utilisons les derni\u00e8res m\u00e9thodes. Notre entreprise est situ\u00e9e \u00e0 [&hellip;]","og_url":"https:\/\/www.artisanlocal.ch\/c\/plombier-st-blaise\/","og_site_name":"Artisanlocal","article_modified_time":"2025-08-26T17:27:27+00:00","og_image":[{"width":1920,"height":300,"url":"https:\/\/www.artisanlocal.ch\/c\/wp-content\/uploads\/2024\/10\/plombier.jpg","type":"image\/jpeg"}],"twitter_card":"summary_large_image","twitter_misc":{"Dur\u00e9e de lecture estim\u00e9e":"6 minutes"},"schema":{"@context":"https:\/\/schema.org","@graph":[{"@type":"WebPage","@id":"https:\/\/www.artisanlocal.ch\/c\/plombier-st-blaise\/","url":"https:\/\/www.artisanlocal.ch\/c\/plombier-st-blaise\/","name":"Plombier St-Blaise - Artisanlocal","isPartOf":{"@id":"https:\/\/www.artisanlocal.ch\/c\/#website"},"primaryImageOfPage":{"@id":"https:\/\/www.artisanlocal.ch\/c\/plombier-st-blaise\/#primaryimage"},"image":{"@id":"https:\/\/www.artisanlocal.ch\/c\/plombier-st-blaise\/#primaryimage"},"thumbnailUrl":"https:\/\/www.artisanlocal.ch\/c\/wp-content\/uploads\/2024\/10\/plombier.jpg","datePublished":"2024-05-18T17:28:33+00:00","dateModified":"2025-08-26T17:27:27+00:00","breadcrumb":{"@id":"https:\/\/www.artisanlocal.ch\/c\/plombier-st-blaise\/#breadcrumb"},"inLanguage":"fr-FR","potentialAction":[{"@type":"ReadAction","target":["https:\/\/www.artisanlocal.ch\/c\/plombier-st-blaise\/"]}]},{"@type":"ImageObject","inLanguage":"fr-FR","@id":"https:\/\/www.artisanlocal.ch\/c\/plombier-st-blaise\/#primaryimage","url":"https:\/\/www.artisanlocal.ch\/c\/wp-content\/uploads\/2024\/10\/plombier.jpg","contentUrl":"https:\/\/www.artisanlocal.ch\/c\/wp-content\/uploads\/2024\/10\/plombier.jpg","width":1920,"height":300},{"@type":"BreadcrumbList","@id":"https:\/\/www.artisanlocal.ch\/c\/plombier-st-blaise\/#breadcrumb","itemListElement":[{"@type":"ListItem","position":1,"name":"Accueil","item":"https:\/\/www.artisanlocal.ch\/c\/"},{"@type":"ListItem","position":2,"name":"Plombier St-Blaise"}]},{"@type":"WebSite","@id":"https:\/\/www.artisanlocal.ch\/c\/#website","url":"https:\/\/www.artisanlocal.ch\/c\/","name":"Artisanlocal","description":"","publisher":{"@id":"https:\/\/www.artisanlocal.ch\/c\/#organization"},"potentialAction":[{"@type":"SearchAction","target":{"@type":"EntryPoint","urlTemplate":"https:\/\/www.artisanlocal.ch\/c\/?s={search_term_string}"},"query-input":{"@type":"PropertyValueSpecification","valueRequired":true,"valueName":"search_term_string"}}],"inLanguage":"fr-FR"},{"@type":"Organization","@id":"https:\/\/www.artisanlocal.ch\/c\/#organization","name":"Artisanlocal","url":"https:\/\/www.artisanlocal.ch\/c\/","logo":{"@type":"ImageObject","inLanguage":"fr-FR","@id":"https:\/\/www.artisanlocal.ch\/c\/#\/schema\/logo\/image\/","url":"https:\/\/www.artisanlocal.ch\/c\/wp-content\/uploads\/2024\/02\/logo-artisanlocal-h.svg","contentUrl":"https:\/\/www.artisanlocal.ch\/c\/wp-content\/uploads\/2024\/02\/logo-artisanlocal-h.svg","caption":"Artisanlocal"},"image":{"@id":"https:\/\/www.artisanlocal.ch\/c\/#\/schema\/logo\/image\/"}}]}},"_links":{"self":[{"href":"https:\/\/www.artisanlocal.ch\/c\/wp-json\/wp\/v2\/pages\/996","targetHints":{"allow":["GET"]}}],"collection":[{"href":"https:\/\/www.artisanlocal.ch\/c\/wp-json\/wp\/v2\/pages"}],"about":[{"href":"https:\/\/www.artisanlocal.ch\/c\/wp-json\/wp\/v2\/types\/page"}],"author":[{"embeddable":true,"href":"https:\/\/www.artisanlocal.ch\/c\/wp-json\/wp\/v2\/users\/4"}],"replies":[{"embeddable":true,"href":"https:\/\/www.artisanlocal.ch\/c\/wp-json\/wp\/v2\/comments?post=996"}],"version-history":[{"count":0,"href":"https:\/\/www.artisanlocal.ch\/c\/wp-json\/wp\/v2\/pages\/996\/revisions"}],"wp:featuredmedia":[{"embeddable":true,"href":"https:\/\/www.artisanlocal.ch\/c\/wp-json\/wp\/v2\/media\/2758"}],"wp:attachment":[{"href":"https:\/\/www.artisanlocal.ch\/c\/wp-json\/wp\/v2\/media?parent=996"}],"wp:term":[{"taxonomy":"profession","embeddable":true,"href":"https:\/\/www.artisanlocal.ch\/c\/wp-json\/wp\/v2\/profession?post=996"},{"taxonomy":"location","embeddable":true,"href":"https:\/\/www.artisanlocal.ch\/c\/wp-json\/wp\/v2\/location?post=996"},{"taxonomy":"canton","embeddable":true,"href":"https:\/\/www.artisanlocal.ch\/c\/wp-json\/wp\/v2\/canton?post=996"}],"curies":[{"name":"wp","href":"https:\/\/api.w.org\/{rel}","templated":true}]}}