{"id":997,"date":"2024-05-19T09:23:30","date_gmt":"2024-05-19T07:23:30","guid":{"rendered":"https:\/\/www.artisanlocal.ch\/c\/plombier-ste-croix\/"},"modified":"2025-08-26T19:27:11","modified_gmt":"2025-08-26T17:27:11","slug":"plombier-ste-croix","status":"publish","type":"page","link":"https:\/\/www.artisanlocal.ch\/c\/plombier-ste-croix\/","title":{"rendered":"Plombier Ste-Croix"},"content":{"rendered":"<p>Vous \u00eates un Saint-Crucien et vous avez besoin d&rsquo;un plombier ? Un plombier intervient en urgence \u00e0 votre domicile.<br \/>\n\r\n<div class=\"box\">\r\n    <h2 class=\"text-dark\">Nous cherchons un <em class=\"text-primary\">Sanitaire<\/em> dans la r\u00e9gion de <em class=\"text-primary\">Ste-Croix<\/em>  en exclusivit\u00e9, afin de proposer vos services \u00e0 nos clients propri\u00e9taires.<\/h2>\r\n    <p>Une opportunit\u00e9 unique pour booster votre activit\u00e9 \u00e0 <strong>Ste-Croix<\/strong> et aux alentours dans votre domaine (Sanitaire).<\/p>\r\n    <p>Nous travaillons en exclusivit\u00e9 avec qu'une soci\u00e9t\u00e9 par m\u00e9tier et par r\u00e9gion. <br>Votre entreprise est pr\u00e9sente sur tous les documents immobiliers. Afin d'\u00eatre mieux vu sur le net, vous \u00eates \u00e9galement visible sur nos deux sites et sur les pages de r\u00e9f\u00e9rencement de votre r\u00e9gion.<\/p>\r\n    <a href=\"\/contact\" class=\"wp-block-button__link has-accent-background-color has-text-align-center wp-element-button\">R\u00e9server<\/a>\r\n<\/div><\/p>\n<h2>Quels sont les avantages de choisir Artisanlocal \u00e0 Ste-Croix ?<\/h2>\n<ul>\n<li>Des plombiers disponibles tous les jours et les jours f\u00e9ri\u00e9s.<\/li>\n<li>Nos devis sont gratuits.<\/li>\n<li>Une entreprise situ\u00e9e \u00e0 Ste-Croix permettant \u00e0 nos plombiers d&rsquo;intervenir en urgence.<\/li>\n<li>Des tarifs comp\u00e9titifs.<\/li>\n<li>Des plombiers exp\u00e9riment\u00e9s.<\/li>\n<li>Inspection non intrusive de la plomberie avant notre intervention.<\/li>\n<\/ul>\n<h2>Les services que nous proposons \u00e0 Ste-Croix<\/h2>\n<ul>\n<li>D\u00e9tection des fuites et r\u00e9paration des tuyaux.<\/li>\n<li>Remplacement des sanitaires.<\/li>\n<li>R\u00e9paration des sanitaires.<\/li>\n<li>Installation : de lavabo, d&rsquo;\u00e9vier, tuyauterie et de robinet.<\/li>\n<li>Installation de ballons d&rsquo;eau chaude ou de chaudi\u00e8res.<\/li>\n<li>D\u00e9bouchage et assainissement de vos tuyaux.<\/li>\n<li>R\u00e9novation des salles de bain.<\/li>\n<li>Vidange de fosse septique.<\/li>\n<\/ul>\n<h2>Comment fonctionne Artisanlocal.ch \u00e0 Ste-Croix ?<\/h2>\n<ol>\n<li>Une fois que vous nous avez contact\u00e9s, nous estimons votre projet.<\/li>\n<li>Ensuite, nous vous livrons un devis gratuit et d\u00e9taill\u00e9. Vous ne r\u00e8glerez aucuns frais additionnels, \u00e0 moins que vous ayez besoin d&rsquo;\u00e9l\u00e9ments de remplacement ou de travaux importants.<\/li>\n<li>Apr\u00e8s avoir donn\u00e9 votre accord pour le devis, nous conviendrons ensemble d&rsquo;une date d&rsquo;intervention.<\/li>\n<\/ol>\n<h2>Entreprise de plomberie pour les particuliers \u00e0 Ste-Croix<\/h2>\n<p>Si votre syst\u00e8me de plomberie est d\u00e9fectueux, votre eau peut \u00eatre contamin\u00e9e et vous pouvez mettre en danger votre famille, c\u2019est la raison pour laquelle l&rsquo;artisan qui se d\u00e9place chez vous effectue :<\/p>\n<ul>\n<li>La r\u00e9paration de fuites.<\/li>\n<li>Le d\u00e9bouchage et le nettoyage de vos canalisations.<\/li>\n<li>La maintenance de votre chauffe-eau.<\/li>\n<li>Le contr\u00f4le de vos canalisations.<\/li>\n<li>La r\u00e9paration de vos tuyaux de canalisations.<\/li>\n<li>Le nettoyage de votre propri\u00e9t\u00e9 apr\u00e8s les d\u00e9g\u00e2ts des eaux.<\/li>\n<\/ul>\n<h2>Service de plombier pour les entreprises \u00e0 Ste-Croix<\/h2>\n<p>Une fuite, un joint d\u00e9fectueux, un reflux dans un tuyau de canalisation ou encore une panne de chauffe-eau sont des probl\u00e8mes courants qui peuvent baisser l&rsquo;efficacit\u00e9 de vos collaborateurs. Artisanlocal aide votre soci\u00e9t\u00e9 pour :<\/p>\n<ul>\n<li>Enlever les bouchons pr\u00e9sents dans vos lavabos.<\/li>\n<li>Installer de nouveaux robinets.<\/li>\n<li>Inspecter par vid\u00e9o et r\u00e9parer vos tuyaux d&rsquo;\u00e9vacuations.<\/li>\n<li>Nettoyer vos canalisations avec de l&rsquo;eau \u00e0 haute pression (hydrocurage).<\/li>\n<li>Installer une nouvelle plomberie.<\/li>\n<li>R\u00e9aliser la vidange, le nettoyage, le changement ou la remise en \u00e9tat de bac d\u00e9graisseur.<\/li>\n<li>R\u00e9parer et entretenir votre chauffage ou chauffe-eau.<\/li>\n<li>Restaurer votre tuyauterie.<\/li>\n<li>D\u00e9panner vos installations sanitaires.<\/li>\n<li>Inspecter vos canalisations par cam\u00e9ra.<\/li>\n<\/ul>\n<h2>Nettoyage de votre tuyauterie en urgence \u00e0 Ste-Croix<\/h2>\n<p>Nos plombiers assainissent vos canalisations \u00e0 Ste-Croix et vous \u00e9vitent des probl\u00e8mes d\u2019\u00e9coulement de vos eaux us\u00e9es, des remont\u00e9es d\u2019odeurs d\u00e9sagr\u00e9ables ou encore du d\u00e9bordement de vos baignoires, toilettes ou \u00e9viers.<\/p>\n<h2>Nettoyage et entretien des r\u00e9seaux d&rsquo;\u00e9gouts \u00e0 Ste-Croix<\/h2>\n<p>Les \u00e9gouts sont le c\u0153ur de la plomberie. Ils assurent l&rsquo;\u00e9vacuation des eaux us\u00e9es des WC, des \u00e9viers et des autres appareils sanitaires. Si votre \u00e9gout est bouch\u00e9 ou fuit, cela peut endommager votre propri\u00e9t\u00e9, et compromettre votre s\u00e9curit\u00e9.<\/p>\n<p>L&rsquo;entretien r\u00e9gulier de votre \u00e9gout permet d&rsquo;\u00e9viter les refoulements dans les canalisations et la formation de bouchons. Nos plombiers \u00e0 Ste-Croix utilisent les nouvelles technologies et techniques pour \u00e9liminer, inspecter et restaurer le bon \u00e9coulement des eaux us\u00e9es dans vos tuyaux de canalisations.<\/p>\n<h2>R\u00e9parations et installations de chauffe-eau<\/h2>\n<p>Vous n&rsquo;avez que de l\u2019eau froide dans vos tuyaux ? Votre cumulus peut rencontrer des soucis. Artisanlocal r\u00e9alise la remise en \u00e9tat de votre chauffe-eau. Voici les signaux qui indiquent des probl\u00e8mes :<\/p>\n<ul>\n<li>Diminution du d\u00e9bit de l\u2019eau chaude : vous avez possiblement une fuite dans votre chauffe-eau, ou un syst\u00e8me chauffant d\u00e9fectueux ou les d\u00e9p\u00f4ts de s\u00e9diments au fond de votre r\u00e9servoir.<\/li>\n<li>Pr\u00e9sence d&rsquo;eau pr\u00e8s de votre chauffe-eau : la pr\u00e9sence d&rsquo;eau au pied du cumulus peut-\u00eatre le signe d&rsquo;un dysfonctionnement ou la pr\u00e9sence d&rsquo;un trou dans votre cumulus.<\/li>\n<li>Bruits \u00e9tranges venant du chauffe-eau : si vous entendez des sons \u00e9tranges, cela peut \u00eatre d\u00fb \u00e0 la pr\u00e9sence de s\u00e9diments, une d\u00e9faillance de l&rsquo;\u00e9l\u00e9ment chauffant ou d\u2019une fuite d&rsquo;eau.<\/li>\n<li>L&rsquo;eau est d\u00e9color\u00e9e : cela peut \u00eatre d\u00fb \u00e0 la rouille ou \u00e0 d&rsquo;autres contaminants pr\u00e9sents dans le chauffe-eau.<\/li>\n<li>Le chauffe-eau fonctionne en sans interruption : si vous constatez que votre cumulus est toujours en marche, il est possible que votre chauffe-eau \u00e0 une panne.<\/li>\n<\/ul>\n<h2>Services de nettoyage apr\u00e8s un d\u00e9g\u00e2t des eaux<\/h2>\n<p>Artisanlocal vous aide \u00e0 nettoyer votre logement, en cas de caves submerg\u00e9es, de fortes pr\u00e9cipitations, de ruptures de canalisations, de reflux d&rsquo;\u00e9gouts, et de d\u00e9bordements de w.c, et d&rsquo;autres probl\u00e8mes de canalisation li\u00e9s \u00e0 des dommages caus\u00e9s par l&rsquo;eau.<\/p>\n<h2>R\u00e9ponses aux questions courantes<\/h2>\n<h3>Quel montant pour faire intervenir un plombier \u00e0 Ste-Croix ?<\/h3>\n<p>Apr\u00e8s analyse de votre probl\u00e8me, notre entreprise vous propose un devis gratuit. Voici les prix \u00e0 titre informatif \u00e0 Ste-Croix :<\/p>\n<table border=\"1\">\n<tbody>\n<tr>\n<th>Prestations<\/th>\n<th>Prix CHF<\/th>\n<\/tr>\n<tr>\n<td>Installation d\u2019un lavabo<\/td>\n<td>280.00<\/td>\n<\/tr>\n<tr>\n<td>Tarif horaire : mise en place sanitaire<\/td>\n<td>110.00 \u00e0 129.00<\/td>\n<\/tr>\n<tr>\n<td>Installation et raccord, d\u2019un siphon \u00e0 un lavabo<\/td>\n<td>70.00<\/td>\n<\/tr>\n<tr>\n<td>Montage meuble de salle d&rsquo;eau<\/td>\n<td>95.00<\/td>\n<\/tr>\n<tr>\n<td>Pose et raccord, d\u2019une douche \u00e0 la robinetterie<\/td>\n<td>86.00<\/td>\n<\/tr>\n<tr>\n<td>Installation d\u2019un r\u00e9servoir ind\u00e9pendant de WC<\/td>\n<td>112.00<\/td>\n<\/tr>\n<tr>\n<td>Fixation d\u2019accessoires de salle d&rsquo;eau<\/td>\n<td>60.00<\/td>\n<\/tr>\n<tr>\n<td>Pose d\u2019un toilette suspendu<\/td>\n<td>170.00<\/td>\n<\/tr>\n<tr>\n<td>D\u00e9placement aller-retour<\/td>\n<td>100.00<\/td>\n<\/tr>\n<\/tbody>\n<\/table>\n<h3>L&rsquo;entreprise Artisanlocal est-elle ouverte les samedis et dimanches ?<\/h3>\n<p>Notre service de plomberie est disponible 24h\/24, 7j\/7 et m\u00eame durant les jours f\u00e9ri\u00e9s.<\/p>\n<h3>Nos professionnels interviennent \u00e0 Ste-Croix et dans les localit\u00e9s aux environs ?<\/h3>\n<p>Nos artisans plombiers interviennent \u00e0 Ste-Croix, \u00e9galement dans les localit\u00e9s aux environs, telles que : Fiez, Fontaines-sur-Grandson, Grandevent, Grandson, Fontanezier, Romairon, Vaugondry, Villars-Burquin, Champagne, Onnens VD, Concise, Corcelles-pr\u00e8s-Concise, Bonvillars, Mutrux, Provence, Giez, Orges, Novalles, Vugelles-La Mothe, Vuiteboeuf, La Sagne (Ste-croix), Le Ch\u00e2teau-de-Ste-Croix, Les Rasses, Bullet, Mauborget, L'Auberson, La Vraconnaz.<\/p>\n","protected":false},"excerpt":{"rendered":"<p>Vous \u00eates un Saint-Crucien et vous avez besoin d&rsquo;un plombier ? Un plombier intervient en urgence \u00e0 votre domicile. Quels sont les avantages de choisir Artisanlocal \u00e0 Ste-Croix ? Des plombiers disponibles tous les jours et les jours f\u00e9ri\u00e9s. Nos devis sont gratuits. Une entreprise situ\u00e9e \u00e0 Ste-Croix permettant \u00e0 nos plombiers d&rsquo;intervenir en urgence. [&hellip;]<\/p>\n","protected":false},"author":4,"featured_media":2758,"parent":0,"menu_order":0,"comment_status":"closed","ping_status":"closed","template":"","meta":{"footnotes":""},"profession":[123],"location":[29],"canton":[113],"class_list":["post-997","page","type-page","status-publish","has-post-thumbnail","hentry","profession-sanitaire","location-ste-croix","canton-vd"],"yoast_head":"<!-- This site is optimized with the Yoast SEO Premium plugin v25.7.1 (Yoast SEO v27.3) - https:\/\/yoast.com\/product\/yoast-seo-premium-wordpress\/ -->\n<title>Plombier Ste-Croix - Artisanlocal<\/title>\n<meta name=\"robots\" content=\"index, follow, max-snippet:-1, max-image-preview:large, max-video-preview:-1\" \/>\n<link rel=\"canonical\" href=\"https:\/\/www.artisanlocal.ch\/c\/plombier-ste-croix\/\" \/>\n<meta property=\"og:locale\" content=\"fr_FR\" \/>\n<meta property=\"og:type\" content=\"article\" \/>\n<meta property=\"og:title\" content=\"Plombier Ste-Croix\" \/>\n<meta property=\"og:description\" content=\"Vous \u00eates un Saint-Crucien et vous avez besoin d&rsquo;un plombier ? Un plombier intervient en urgence \u00e0 votre domicile. Quels sont les avantages de choisir Artisanlocal \u00e0 Ste-Croix ? Des plombiers disponibles tous les jours et les jours f\u00e9ri\u00e9s. Nos devis sont gratuits. Une entreprise situ\u00e9e \u00e0 Ste-Croix permettant \u00e0 nos plombiers d&rsquo;intervenir en urgence. [&hellip;]\" \/>\n<meta property=\"og:url\" content=\"https:\/\/www.artisanlocal.ch\/c\/plombier-ste-croix\/\" \/>\n<meta property=\"og:site_name\" content=\"Artisanlocal\" \/>\n<meta property=\"article:modified_time\" content=\"2025-08-26T17:27:11+00:00\" \/>\n<meta property=\"og:image\" content=\"https:\/\/www.artisanlocal.ch\/c\/wp-content\/uploads\/2024\/10\/plombier.jpg\" \/>\n\t<meta property=\"og:image:width\" content=\"1920\" \/>\n\t<meta property=\"og:image:height\" content=\"300\" \/>\n\t<meta property=\"og:image:type\" content=\"image\/jpeg\" \/>\n<meta name=\"twitter:card\" content=\"summary_large_image\" \/>\n<meta name=\"twitter:label1\" content=\"Dur\u00e9e de lecture estim\u00e9e\" \/>\n\t<meta name=\"twitter:data1\" content=\"5 minutes\" \/>\n<script type=\"application\/ld+json\" class=\"yoast-schema-graph\">{\"@context\":\"https:\\\/\\\/schema.org\",\"@graph\":[{\"@type\":\"WebPage\",\"@id\":\"https:\\\/\\\/www.artisanlocal.ch\\\/c\\\/plombier-ste-croix\\\/\",\"url\":\"https:\\\/\\\/www.artisanlocal.ch\\\/c\\\/plombier-ste-croix\\\/\",\"name\":\"Plombier Ste-Croix - Artisanlocal\",\"isPartOf\":{\"@id\":\"https:\\\/\\\/www.artisanlocal.ch\\\/c\\\/#website\"},\"primaryImageOfPage\":{\"@id\":\"https:\\\/\\\/www.artisanlocal.ch\\\/c\\\/plombier-ste-croix\\\/#primaryimage\"},\"image\":{\"@id\":\"https:\\\/\\\/www.artisanlocal.ch\\\/c\\\/plombier-ste-croix\\\/#primaryimage\"},\"thumbnailUrl\":\"https:\\\/\\\/www.artisanlocal.ch\\\/c\\\/wp-content\\\/uploads\\\/2024\\\/10\\\/plombier.jpg\",\"datePublished\":\"2024-05-19T07:23:30+00:00\",\"dateModified\":\"2025-08-26T17:27:11+00:00\",\"breadcrumb\":{\"@id\":\"https:\\\/\\\/www.artisanlocal.ch\\\/c\\\/plombier-ste-croix\\\/#breadcrumb\"},\"inLanguage\":\"fr-FR\",\"potentialAction\":[{\"@type\":\"ReadAction\",\"target\":[\"https:\\\/\\\/www.artisanlocal.ch\\\/c\\\/plombier-ste-croix\\\/\"]}]},{\"@type\":\"ImageObject\",\"inLanguage\":\"fr-FR\",\"@id\":\"https:\\\/\\\/www.artisanlocal.ch\\\/c\\\/plombier-ste-croix\\\/#primaryimage\",\"url\":\"https:\\\/\\\/www.artisanlocal.ch\\\/c\\\/wp-content\\\/uploads\\\/2024\\\/10\\\/plombier.jpg\",\"contentUrl\":\"https:\\\/\\\/www.artisanlocal.ch\\\/c\\\/wp-content\\\/uploads\\\/2024\\\/10\\\/plombier.jpg\",\"width\":1920,\"height\":300},{\"@type\":\"BreadcrumbList\",\"@id\":\"https:\\\/\\\/www.artisanlocal.ch\\\/c\\\/plombier-ste-croix\\\/#breadcrumb\",\"itemListElement\":[{\"@type\":\"ListItem\",\"position\":1,\"name\":\"Accueil\",\"item\":\"https:\\\/\\\/www.artisanlocal.ch\\\/c\\\/\"},{\"@type\":\"ListItem\",\"position\":2,\"name\":\"Plombier Ste-Croix\"}]},{\"@type\":\"WebSite\",\"@id\":\"https:\\\/\\\/www.artisanlocal.ch\\\/c\\\/#website\",\"url\":\"https:\\\/\\\/www.artisanlocal.ch\\\/c\\\/\",\"name\":\"Artisanlocal\",\"description\":\"\",\"publisher\":{\"@id\":\"https:\\\/\\\/www.artisanlocal.ch\\\/c\\\/#organization\"},\"potentialAction\":[{\"@type\":\"SearchAction\",\"target\":{\"@type\":\"EntryPoint\",\"urlTemplate\":\"https:\\\/\\\/www.artisanlocal.ch\\\/c\\\/?s={search_term_string}\"},\"query-input\":{\"@type\":\"PropertyValueSpecification\",\"valueRequired\":true,\"valueName\":\"search_term_string\"}}],\"inLanguage\":\"fr-FR\"},{\"@type\":\"Organization\",\"@id\":\"https:\\\/\\\/www.artisanlocal.ch\\\/c\\\/#organization\",\"name\":\"Artisanlocal\",\"url\":\"https:\\\/\\\/www.artisanlocal.ch\\\/c\\\/\",\"logo\":{\"@type\":\"ImageObject\",\"inLanguage\":\"fr-FR\",\"@id\":\"https:\\\/\\\/www.artisanlocal.ch\\\/c\\\/#\\\/schema\\\/logo\\\/image\\\/\",\"url\":\"https:\\\/\\\/www.artisanlocal.ch\\\/c\\\/wp-content\\\/uploads\\\/2024\\\/02\\\/logo-artisanlocal-h.svg\",\"contentUrl\":\"https:\\\/\\\/www.artisanlocal.ch\\\/c\\\/wp-content\\\/uploads\\\/2024\\\/02\\\/logo-artisanlocal-h.svg\",\"caption\":\"Artisanlocal\"},\"image\":{\"@id\":\"https:\\\/\\\/www.artisanlocal.ch\\\/c\\\/#\\\/schema\\\/logo\\\/image\\\/\"}}]}<\/script>\n<!-- \/ Yoast SEO Premium plugin. -->","yoast_head_json":{"title":"Plombier Ste-Croix - Artisanlocal","robots":{"index":"index","follow":"follow","max-snippet":"max-snippet:-1","max-image-preview":"max-image-preview:large","max-video-preview":"max-video-preview:-1"},"canonical":"https:\/\/www.artisanlocal.ch\/c\/plombier-ste-croix\/","og_locale":"fr_FR","og_type":"article","og_title":"Plombier Ste-Croix","og_description":"Vous \u00eates un Saint-Crucien et vous avez besoin d&rsquo;un plombier ? Un plombier intervient en urgence \u00e0 votre domicile. Quels sont les avantages de choisir Artisanlocal \u00e0 Ste-Croix ? Des plombiers disponibles tous les jours et les jours f\u00e9ri\u00e9s. Nos devis sont gratuits. Une entreprise situ\u00e9e \u00e0 Ste-Croix permettant \u00e0 nos plombiers d&rsquo;intervenir en urgence. [&hellip;]","og_url":"https:\/\/www.artisanlocal.ch\/c\/plombier-ste-croix\/","og_site_name":"Artisanlocal","article_modified_time":"2025-08-26T17:27:11+00:00","og_image":[{"width":1920,"height":300,"url":"https:\/\/www.artisanlocal.ch\/c\/wp-content\/uploads\/2024\/10\/plombier.jpg","type":"image\/jpeg"}],"twitter_card":"summary_large_image","twitter_misc":{"Dur\u00e9e de lecture estim\u00e9e":"5 minutes"},"schema":{"@context":"https:\/\/schema.org","@graph":[{"@type":"WebPage","@id":"https:\/\/www.artisanlocal.ch\/c\/plombier-ste-croix\/","url":"https:\/\/www.artisanlocal.ch\/c\/plombier-ste-croix\/","name":"Plombier Ste-Croix - Artisanlocal","isPartOf":{"@id":"https:\/\/www.artisanlocal.ch\/c\/#website"},"primaryImageOfPage":{"@id":"https:\/\/www.artisanlocal.ch\/c\/plombier-ste-croix\/#primaryimage"},"image":{"@id":"https:\/\/www.artisanlocal.ch\/c\/plombier-ste-croix\/#primaryimage"},"thumbnailUrl":"https:\/\/www.artisanlocal.ch\/c\/wp-content\/uploads\/2024\/10\/plombier.jpg","datePublished":"2024-05-19T07:23:30+00:00","dateModified":"2025-08-26T17:27:11+00:00","breadcrumb":{"@id":"https:\/\/www.artisanlocal.ch\/c\/plombier-ste-croix\/#breadcrumb"},"inLanguage":"fr-FR","potentialAction":[{"@type":"ReadAction","target":["https:\/\/www.artisanlocal.ch\/c\/plombier-ste-croix\/"]}]},{"@type":"ImageObject","inLanguage":"fr-FR","@id":"https:\/\/www.artisanlocal.ch\/c\/plombier-ste-croix\/#primaryimage","url":"https:\/\/www.artisanlocal.ch\/c\/wp-content\/uploads\/2024\/10\/plombier.jpg","contentUrl":"https:\/\/www.artisanlocal.ch\/c\/wp-content\/uploads\/2024\/10\/plombier.jpg","width":1920,"height":300},{"@type":"BreadcrumbList","@id":"https:\/\/www.artisanlocal.ch\/c\/plombier-ste-croix\/#breadcrumb","itemListElement":[{"@type":"ListItem","position":1,"name":"Accueil","item":"https:\/\/www.artisanlocal.ch\/c\/"},{"@type":"ListItem","position":2,"name":"Plombier Ste-Croix"}]},{"@type":"WebSite","@id":"https:\/\/www.artisanlocal.ch\/c\/#website","url":"https:\/\/www.artisanlocal.ch\/c\/","name":"Artisanlocal","description":"","publisher":{"@id":"https:\/\/www.artisanlocal.ch\/c\/#organization"},"potentialAction":[{"@type":"SearchAction","target":{"@type":"EntryPoint","urlTemplate":"https:\/\/www.artisanlocal.ch\/c\/?s={search_term_string}"},"query-input":{"@type":"PropertyValueSpecification","valueRequired":true,"valueName":"search_term_string"}}],"inLanguage":"fr-FR"},{"@type":"Organization","@id":"https:\/\/www.artisanlocal.ch\/c\/#organization","name":"Artisanlocal","url":"https:\/\/www.artisanlocal.ch\/c\/","logo":{"@type":"ImageObject","inLanguage":"fr-FR","@id":"https:\/\/www.artisanlocal.ch\/c\/#\/schema\/logo\/image\/","url":"https:\/\/www.artisanlocal.ch\/c\/wp-content\/uploads\/2024\/02\/logo-artisanlocal-h.svg","contentUrl":"https:\/\/www.artisanlocal.ch\/c\/wp-content\/uploads\/2024\/02\/logo-artisanlocal-h.svg","caption":"Artisanlocal"},"image":{"@id":"https:\/\/www.artisanlocal.ch\/c\/#\/schema\/logo\/image\/"}}]}},"_links":{"self":[{"href":"https:\/\/www.artisanlocal.ch\/c\/wp-json\/wp\/v2\/pages\/997","targetHints":{"allow":["GET"]}}],"collection":[{"href":"https:\/\/www.artisanlocal.ch\/c\/wp-json\/wp\/v2\/pages"}],"about":[{"href":"https:\/\/www.artisanlocal.ch\/c\/wp-json\/wp\/v2\/types\/page"}],"author":[{"embeddable":true,"href":"https:\/\/www.artisanlocal.ch\/c\/wp-json\/wp\/v2\/users\/4"}],"replies":[{"embeddable":true,"href":"https:\/\/www.artisanlocal.ch\/c\/wp-json\/wp\/v2\/comments?post=997"}],"version-history":[{"count":0,"href":"https:\/\/www.artisanlocal.ch\/c\/wp-json\/wp\/v2\/pages\/997\/revisions"}],"wp:featuredmedia":[{"embeddable":true,"href":"https:\/\/www.artisanlocal.ch\/c\/wp-json\/wp\/v2\/media\/2758"}],"wp:attachment":[{"href":"https:\/\/www.artisanlocal.ch\/c\/wp-json\/wp\/v2\/media?parent=997"}],"wp:term":[{"taxonomy":"profession","embeddable":true,"href":"https:\/\/www.artisanlocal.ch\/c\/wp-json\/wp\/v2\/profession?post=997"},{"taxonomy":"location","embeddable":true,"href":"https:\/\/www.artisanlocal.ch\/c\/wp-json\/wp\/v2\/location?post=997"},{"taxonomy":"canton","embeddable":true,"href":"https:\/\/www.artisanlocal.ch\/c\/wp-json\/wp\/v2\/canton?post=997"}],"curies":[{"name":"wp","href":"https:\/\/api.w.org\/{rel}","templated":true}]}}