{"id":998,"date":"2024-05-19T11:59:22","date_gmt":"2024-05-19T09:59:22","guid":{"rendered":"https:\/\/www.artisanlocal.ch\/c\/artisan-plombier-a-payerne\/"},"modified":"2025-08-26T19:27:08","modified_gmt":"2025-08-26T17:27:08","slug":"artisan-plombier-a-payerne","status":"publish","type":"page","link":"https:\/\/www.artisanlocal.ch\/c\/artisan-plombier-a-payerne\/","title":{"rendered":"Artisan plombier \u00e0 Payerne"},"content":{"rendered":"<p>Si vous \u00eates un Payernois, Artisanlocal intervient chez vous en urgence.<\/p>\n\r\n<div class=\"box\">\r\n            <div class=\"company-info\">\r\n            <img decoding=\"async\" class=\"company-info__logo\" src=\"https:\/\/www.artisanlocal.ch\/media\/cache\/thumb\/images\/companies\/646dc6fb5dc75542975225.png\" alt=\"Logo\">\r\n            <h2 class=\"company-info__name\">Sanitherme<\/h2>\r\n            <p class=\"company-info__business\">Installations sanitaires - Chauffages - R\u00e9novation de salle de bain<\/p>\r\n        <\/div>\r\n        <div class=\"company-contact\">\r\n            <p class=\"company-info__address\">Z. I. Champs Cheval 2<\/p>\r\n                            <div class=\"links\">\r\n                                            <a class=\"btn has-accent-background-color js-phoneNumber\" href=\"tel:0265083200\" title=\"Appelez\" data-id=\"1402\" data-type=\"11\">026 508 32 00<\/a>\r\n                                                                <a class=\"btn has-accent-background-color\" href=\"https:\/\/www.sanitherme.ch\/\" target=\"_blank\" title=\"Voir le site internet\" data-id=\"1402\" data-type=\"20\">Site internet<\/a>\r\n                                    <\/div>\r\n                    <\/div>\r\n    \r\n            \r\n<form action=\"https:\/\/www.artisanlocal.ch\/c\/wp-admin\/admin-ajax.php\" method=\"post\" class=\"form-contact\" id=\"artisan_form_contact_company_inline\">\r\n    <div><input type=\"hidden\" name=\"action\" value=\"company_contact\"><\/div>\r\n    <div><input type=\"hidden\" name=\"nonce\" value=\"1046d5a4e8\"><\/div>\r\n    <div><input type=\"hidden\" name=\"company_id\" value=\"1402\"><\/div>\r\n    <div><input type=\"hidden\" name=\"form_id\" value=\"artisan_form_contact_company_inline\"><\/div>\r\n    <div class=\"gglcptch gglcptch_v3 gglcptch_custom\"><input type=\"hidden\" id=\"g-recaptcha-response\" name=\"g-recaptcha-response\" \/><br \/><div class=\"gglcptch_error_text\">La p\u00e9riode de v\u00e9rification reCAPTCHA a expir\u00e9. Veuillez recharger la page.<\/div><\/div>    <div class=\"form-content\">\r\n        <div class=\"form-group\">\r\n            <label for=\"contact_firstName\" class=\"required\">Pr\u00e9nom<\/label>\r\n            <input type=\"text\" name=\"firstName\" class=\"form-control\" required>\r\n        <\/div>\r\n        <div class=\"form-group\">\r\n            <label for=\"contact_lastName\" class=\"required\">Nom<\/label>\r\n            <input type=\"text\" name=\"lastName\" class=\"form-control\" required>\r\n        <\/div>\r\n        <div class=\"form-group\">\r\n            <label for=\"contact_email\" class=\"required\">Email<\/label>\r\n            <input type=\"email\" name=\"email\" class=\"form-control\" required>\r\n        <\/div>\r\n        <div class=\"form-group\">\r\n            <label for=\"contact_phone\" class=\"required\">Num\u00e9ro de t\u00e9l\u00e9phone<\/label>\r\n            <input type=\"tel\" name=\"phone\" class=\"form-control\" placeholder=\"0787117165\" pattern=\"^[0-9]{10}$\" required>\r\n        <\/div>\r\n        <div class=\"form-group\">\r\n            <label for=\"contact_postalCode\" class=\"required\">Code postal et localit\u00e9<\/label>\r\n            <input type=\"text\" name=\"postalCode\" class=\"form-control\" required>\r\n        <\/div>\r\n        <div class=\"form-group\">\r\n            <label for=\"contact_address\" class=\"required\">Adresse<\/label>\r\n            <input type=\"text\" name=\"address\" class=\"form-control\" required>\r\n        <\/div>\r\n        <div class=\"full-width topic\">\r\n            <p class=\"required\">Je souhaite \u00eatre contact\u00e9 pour :<\/p>\r\n            <div class=\"form-check\">\r\n                <input type=\"radio\" name=\"topic\" value=\"D\u00e9pannage\" class=\"form-control\" required>\r\n                <label for=\"d\u00e9pannage\">D\u00e9pannage<\/label>\r\n            <\/div>\r\n            <div class=\"form-check\">\r\n                <input type=\"radio\" name=\"topic\" value=\"Entretien\" class=\"form-control\" required>\r\n                <label for=\"entretien\">Entretien<\/label>\r\n            <\/div>\r\n            <div class=\"form-check\">\r\n                <input type=\"radio\" name=\"topic\" value=\"R\u00e9novation\" class=\"form-control\" required>\r\n                <label for=\"r\u00e9novation\">R\u00e9novation<\/label>\r\n            <\/div>\r\n            <div class=\"form-check\">\r\n                <input type=\"radio\" name=\"topic\" value=\"Autre\" class=\"form-control\" required>\r\n                <label for=\"autre\">Autre<\/label>\r\n            <\/div>\r\n        <\/div>\r\n        <div class=\"form-group full-width\">\r\n            <label for=\"contact_message\">Message<\/label>\r\n            <textarea name=\"message\" rows=\"3\" class=\"form-control\"><\/textarea>\r\n        <\/div>\r\n    <\/div>\r\n    <div class=\"form-actions\">\r\n        <button class=\"wp-block-button__link has-accent-background-color\">Contacter<\/button>\r\n    <\/div>\r\n<\/form>\r\n<div class=\"form-feedback\"><\/div>    <\/div>\n<h2>Pourquoi faire appel \u00e0 notre soci\u00e9t\u00e9 de plombier \u00e0 Payerne ?<\/h2>\n<ul>\n<li>Nous sommes ouverts 7 jours sur 7, y compris les jours f\u00e9ri\u00e9s.<\/li>\n<li>Nos devis sont sans frais.<\/li>\n<li>Nos plombiers emploient les derni\u00e8res technologies et techniques.<\/li>\n<li>Notre soci\u00e9t\u00e9 est localis\u00e9e \u00e0 Payerne permettant \u00e0 nos artisans d&rsquo;intervenir en urgence dans votre foyer.<\/li>\n<li>Nous proposons des tarifs comp\u00e9titifs.<\/li>\n<li>Nos artisans plombiers sont exp\u00e9riment\u00e9s et assur\u00e9s.<\/li>\n<li>Nous inspectons votre syst\u00e8me de plomberie avant les travaux.<\/li>\n<li>Nous r\u00e9alisons tous les travaux de plomberie possibles.<\/li>\n<\/ul>\n<h2>Les prestations que nous proposons \u00e0 Payerne<\/h2>\n<ul>\n<li>Nous d\u00e9tectons les fuites et ensuite, nous r\u00e9parons vos tuyauteries.<\/li>\n<li>Nos artisans plombiers changent vos installations sanitaires.<\/li>\n<li>Nos artisans r\u00e9novent tous vos sanitaires.<\/li>\n<li>Nous r\u00e9alisons tous vos travaux de plomberie tels que l&rsquo;installation des : tuyauteries, lavabos, robinets et \u00e9viers.<\/li>\n<li>Nous posons les chaudi\u00e8res et les chauffes-eau.<\/li>\n<li>Nous accomplissons l&rsquo;assainissement et le d\u00e9bouchage de vos canalisations.<\/li>\n<li>La r\u00e9novation int\u00e9grale de votre salle d&rsquo;eau.<\/li>\n<li>La vidange de fosse septique.<\/li>\n<\/ul>\n<h2>Quel est le fonctionnement d&rsquo;Artisanlocal \u00e0 Payerne ?<\/h2>\n<ol>\n<li>Suite \u00e0 votre prise de contact par email ou t\u00e9l\u00e9phone, un de nos artisans vous contacte pour examiner l&rsquo;ampleur de votre probl\u00e8me.<\/li>\n<li>Apr\u00e8s cela, vous recevrez une \u00e9valuation gratuite pour vos travaux. Vous ne d\u00e9penserez aucuns frais suppl\u00e9mentaires, \u00e0 moins que vous ayez besoin de pi\u00e8ces de rechange ou de travaux importants.<\/li>\n<li>Apr\u00e8s votre accord pour le devis, nous d\u00e9ciderons ensemble d&rsquo;une date d&rsquo;intervention \u00e0 votre foyer.<\/li>\n<\/ol>\n<h2>Entreprise de plomberie pour les particuliers \u00e0 Payerne<\/h2>\n<p>Si votre syst\u00e8me de plomberie est d\u00e9fectueux, il y a une possibilit\u00e9 que votre eau soit contamin\u00e9e et vous pouvez mettre en p\u00e9ril votre famille, c&rsquo;est pour cela que le plombier qui op\u00e8re chez vous r\u00e9alise :<\/p>\n<ul>\n<li>La d\u00e9tection et la r\u00e9paration de fuites dans vos tuyaux.<\/li>\n<li>Le d\u00e9bouchage et l&rsquo;entretien de vos canalisations.<\/li>\n<li>L&rsquo;entretien de votre chauffe-eau.<\/li>\n<li>Le contr\u00f4le de vos canalisations.<\/li>\n<li>La r\u00e9novation de vos tuyaux de canalisations.<\/li>\n<li>Le nettoyage apr\u00e8s les d\u00e9g\u00e2ts des eaux.<\/li>\n<\/ul>\n<h2>Service de plombier pour les entreprises \u00e0 Payerne<\/h2>\n<p>\u00c0 Payerne, il y a des boutiques de vente au d\u00e9tail, petites entreprises et restaurants. Les robinets qui fuient, les canalisations qui refoulent et les chauffe-eau qui marchent mal sont des probl\u00e8mes qui peuvent conduire \u00e0 une chute de productivit\u00e9 ou encore endommager vos bureaux. Notre soci\u00e9t\u00e9 propose des travaux de plomberie pour votre soci\u00e9t\u00e9 \u00e0 Payerne, comme :<\/p>\n<ul>\n<li>L&rsquo;\u00e9limination des blocages dans vos lavabos et la mise en place d&rsquo;une nouvelle robinetterie.<\/li>\n<li>L&rsquo;inspection et la remise en \u00e9tat de vos tuyaux d&rsquo;\u00e9vacuations.<\/li>\n<li>Le nettoyage de tuyaux canalisations avec un jet d&rsquo;eau \u00e0 haute pression.<\/li>\n<li>L&rsquo;installation de nouveaux \u00e9quipements de plomberie.<\/li>\n<li>L\u2019entretien et la remise en \u00e9tat de votre bac \u00e0 graisse.<\/li>\n<li>L\u2019installation, la r\u00e9paration et l&rsquo;entretien de votre chauffage ou chauffe-eau.<\/li>\n<li>La r\u00e9paration de votre r\u00e9seau de tuyaux.<\/li>\n<li>Le service de d\u00e9pannage de vos \u00e9quipements sanitaires.<\/li>\n<li>L&rsquo;inspection de vos canalisations par cam\u00e9ra.<\/li>\n<\/ul>\n<h2>Entretien de canalisations en urgence \u00e0 Payerne<\/h2>\n<p>Nos plombiers artisans assainissent vos tuyaux de canalisations \u00e0 Payerne en urgence dans le but de vous pr\u00e9server des difficult\u00e9s d\u2019\u00e9coulement de vos eaux us\u00e9es, des remont\u00e9es de mauvaises odeurs ou encore du d\u00e9bordement de vos baignoires, toilettes ou \u00e9viers, de plus, nos artisans plombiers op\u00e8rent en urgence pour vos :<\/p>\n<ul>\n<li>Lavabos.<\/li>\n<li>Toilettes.<\/li>\n<li>Toits (goutti\u00e8res).<\/li>\n<li>Syst\u00e8mes d&rsquo;\u00e9gouts.<\/li>\n<li>Canalisations. <\/li>\n<\/ul>\n<h2>Service de nettoyage d&rsquo;\u00e9gouts \u00e0 Payerne<\/h2>\n<p>Les \u00e9gouts constituent le r\u00e9seau principal de la plomberie. Il \u00e9vacue les eaux us\u00e9es des lavabos, des w.c. Et des autres \u00e9quipements sanitaires. Si votre \u00e9gout est bouch\u00e9 ou que l&rsquo;eau remonte, cela peut occasionner des d\u00e9g\u00e2ts dans votre domicile, et mettre votre s\u00e9curit\u00e9 en jeu.<\/p>\n<p>L&rsquo;entretien fr\u00e9quent de votre \u00e9gout permet d&rsquo;\u00e9viter la formation de bouchons et les remont\u00e9es dans les canalisations. Nos plombiers \u00e0 Payerne combinent les techniques classiques et les derni\u00e8res technologies pour contr\u00f4ler, assainir et garantir l&rsquo;\u00e9coulement de l&rsquo;eau dans vos tuyaux.<\/p>\n<p>Notre entreprise r\u00e9nove les conduits de vos \u00e9gouts en cas de dommage important. Notre soci\u00e9t\u00e9 offre aussi le nettoyage de votre soci\u00e9t\u00e9 ou de votre logement \u00e0 la suite d&rsquo;un dommage occasionn\u00e9 par l&rsquo;eau. Pour \u00e9viter la formation de moisissures, nous s\u00e9chons et d\u00e9shumidifions les zones de votre logement \u00e0 risques.<\/p>\n<h2>Services de d\u00e9pannage et d&rsquo;installation de chauffe-eau \u00e0 Payerne<\/h2>\n<p>Il n&rsquo;y a que de l&rsquo;eau froide dans votre domicile ? Il se peut que vous ayez des soucis avec votre cumulus. Notre soci\u00e9t\u00e9 remet en \u00e9tat votre chauffe-eau en urgence. Voici les signaux qui indiquent des soucis :<\/p>\n<ul>\n<li>La baisse du volume de l\u2019eau chaude : \u00e7a peut-\u00eatre caus\u00e9 par une fuite de votre cumulus, ou un syst\u00e8me chauffant d\u00e9fectueux ou l&rsquo;accumulation de s\u00e9diments dans votre r\u00e9servoir.<\/li>\n<li>Une flaque d&rsquo;eau pr\u00e8s de votre cumulus : une flaque d&rsquo;eau au pied du chauffe-eau peut-\u00eatre l&rsquo;indication d&rsquo;un probl\u00e8me grave, ou la pr\u00e9sence d&rsquo;une fissure dans le r\u00e9servoir.<\/li>\n<li>Vous entendez des bruits inhabituels qui viennent du chauffe-eau : des bruits bizarres peuvent r\u00e9v\u00e9ler une accumulation de s\u00e9diments, d\u2019une fuite, ou d&rsquo;un dysfonctionnement de l&rsquo;\u00e9l\u00e9ment chauffant.<\/li>\n<li>L&rsquo;eau est d\u00e9color\u00e9e : cela peut \u00eatre d\u00fb \u00e0 des contaminants et par la rouille pr\u00e9sents dans le chauffe-eau.<\/li>\n<li>Le cumulus est toujours en marche : si vous remarquez que votre chauffe-eau est tout le temps en marche, il est possible que votre chauffe-eau \u00e0 une panne.<\/li>\n<\/ul>\n<p>En choisissant nos artisans plombiers d\u00e8s les premiers signaux d&rsquo;alerte, il est possible d&rsquo;\u00e9viter des frais \u00e9lev\u00e9s pour vos travaux de r\u00e9parations.<\/p>\n<h2>Services de nettoyage apr\u00e8s un d\u00e9g\u00e2t des eaux<\/h2>\n<p>Nos plombiers ont la capacit\u00e9 de nettoyer votre appartement apr\u00e8s un d\u00e9g\u00e2t des eaux \u00e0 Payerne, notre entreprise vous assiste, en cas de caves inond\u00e9es, de fortes pr\u00e9cipitations, de ruptures de tuyaux, de refoulements d&rsquo;\u00e9gouts, et de d\u00e9bordements de baignoires et de toilettes et d&rsquo;autres probl\u00e8mes de plomberie qui peuvent occasionner des d\u00e9g\u00e2ts des eaux.<\/p>\n<h2>Foire aux questions<\/h2>\n<h3>Quel est le tarif d\u2019un plombier \u00e0 Payerne ?<\/h3>\n<p>Apr\u00e8s avoir examin\u00e9 votre souci de plomberie, les artisans plombiers d&rsquo;Artisanlocal \u00e9valuent le co\u00fbt de l&rsquo;intervention. Voici les co\u00fbts \u00e0 titre informatif \u00e0 Payerne :<\/p>\n<table border=\"1\">\n<tbody>\n<tr>\n<th>Services<\/th>\n<th>Prix CHF<\/th>\n<\/tr>\n<tr>\n<td>Installation d\u2019un lavabo<\/td>\n<td>280.00<\/td>\n<\/tr>\n<tr>\n<td>Tarif horaire : mise en place sanitaire<\/td>\n<td>110.00 \u00e0 129.00<\/td>\n<\/tr>\n<tr>\n<td>Installation et raccordement, d\u2019un siphon \u00e0 un \u00e9vier<\/td>\n<td>70.00<\/td>\n<\/tr>\n<tr>\n<td>Montage mobilier de salle de bain<\/td>\n<td>95.00<\/td>\n<\/tr>\n<tr>\n<td>Installation et raccord, d\u2019une douche \u00e0 la tuyauterie<\/td>\n<td>86.00<\/td>\n<\/tr>\n<tr>\n<td>Mise en place d\u2019un r\u00e9servoir de WC<\/td>\n<td>112.00<\/td>\n<\/tr>\n<tr>\n<td>Pose d\u2019accessoires de salle de bain<\/td>\n<td>60.00<\/td>\n<\/tr>\n<tr>\n<td>Pose d\u2019un toilette suspendu<\/td>\n<td>170.00<\/td>\n<\/tr>\n<tr>\n<td>D\u00e9placement aller-retour<\/td>\n<td>100.00<\/td>\n<\/tr>\n<\/tbody>\n<\/table>\n<h3>Votre entreprise \u00e0 Payerne est ouverte le dimanche et le samedi ?<\/h3>\n<p>Notre entreprise propose un service de plomberie en continu, 24\/7 et m\u00eame pendant les jours f\u00e9ri\u00e9s.<\/p>\n<h3>Les artisans plombiers d&rsquo;Artisanlocal r\u00e9alisent des interventions \u00e0 Payerne et dans les villes proches ?<\/h3>\n<p>Nos artisans plombiers interviennent \u00e0 Payerne, aussi dans les communes aux environs, telles que : Cheyres, Estavayer-le-Lac, Bollion, Lully FR, Seiry, Ch\u00e2tillon FR, Font, Ch\u00e2bles FR, Autavaux, Forel FR, Montbrelloz, Cugy FR, Vesin, Frasses, Montet (Broye), Aumont, Granges-de-Vesin, Nuvilly, Murist, F\u00e9tigny, M\u00e9ni\u00e8res, Treytorrens (Payerne), Bussy FR, Morens FR, S\u00e9vaz, Rueyres-les-Pr\u00e9s, Grandcour, Chevroux, Vers-chez-Perrin, Trey, Ch\u00e2tonnaye, Corcelles-pr\u00e8s-Payerne, Missy, Cerniat FR, Middes, Cousset, Montagny-les-Monts, Grandsivaz, Mannens, Montagny-la-Ville.<\/p>\n","protected":false},"excerpt":{"rendered":"<p>Si vous \u00eates un Payernois, Artisanlocal intervient chez vous en urgence. Pourquoi faire appel \u00e0 notre soci\u00e9t\u00e9 de plombier \u00e0 Payerne ? Nous sommes ouverts 7 jours sur 7, y compris les jours f\u00e9ri\u00e9s. Nos devis sont sans frais. Nos plombiers emploient les derni\u00e8res technologies et techniques. Notre soci\u00e9t\u00e9 est localis\u00e9e \u00e0 Payerne permettant \u00e0 [&hellip;]<\/p>\n","protected":false},"author":4,"featured_media":2758,"parent":0,"menu_order":0,"comment_status":"closed","ping_status":"closed","template":"","meta":{"footnotes":""},"profession":[123],"location":[13],"canton":[113],"class_list":["post-998","page","type-page","status-publish","has-post-thumbnail","hentry","profession-sanitaire","location-payerne","canton-vd"],"yoast_head":"<!-- This site is optimized with the Yoast SEO Premium plugin v25.7.1 (Yoast SEO v27.4) - https:\/\/yoast.com\/product\/yoast-seo-premium-wordpress\/ -->\n<title>Artisan plombier \u00e0 Payerne - Artisanlocal<\/title>\n<meta name=\"robots\" content=\"index, follow, max-snippet:-1, max-image-preview:large, max-video-preview:-1\" \/>\n<link rel=\"canonical\" href=\"https:\/\/www.artisanlocal.ch\/c\/artisan-plombier-a-payerne\/\" \/>\n<meta property=\"og:locale\" content=\"fr_FR\" \/>\n<meta property=\"og:type\" content=\"article\" \/>\n<meta property=\"og:title\" content=\"Artisan plombier \u00e0 Payerne\" \/>\n<meta property=\"og:description\" content=\"Si vous \u00eates un Payernois, Artisanlocal intervient chez vous en urgence. Pourquoi faire appel \u00e0 notre soci\u00e9t\u00e9 de plombier \u00e0 Payerne ? Nous sommes ouverts 7 jours sur 7, y compris les jours f\u00e9ri\u00e9s. Nos devis sont sans frais. Nos plombiers emploient les derni\u00e8res technologies et techniques. Notre soci\u00e9t\u00e9 est localis\u00e9e \u00e0 Payerne permettant \u00e0 [&hellip;]\" \/>\n<meta property=\"og:url\" content=\"https:\/\/www.artisanlocal.ch\/c\/artisan-plombier-a-payerne\/\" \/>\n<meta property=\"og:site_name\" content=\"Artisanlocal\" \/>\n<meta property=\"article:modified_time\" content=\"2025-08-26T17:27:08+00:00\" \/>\n<meta property=\"og:image\" content=\"https:\/\/www.artisanlocal.ch\/c\/wp-content\/uploads\/2024\/10\/plombier.jpg\" \/>\n\t<meta property=\"og:image:width\" content=\"1920\" \/>\n\t<meta property=\"og:image:height\" content=\"300\" \/>\n\t<meta property=\"og:image:type\" content=\"image\/jpeg\" \/>\n<meta name=\"twitter:card\" content=\"summary_large_image\" \/>\n<meta name=\"twitter:label1\" content=\"Dur\u00e9e de lecture estim\u00e9e\" \/>\n\t<meta name=\"twitter:data1\" content=\"6 minutes\" \/>\n<script type=\"application\/ld+json\" class=\"yoast-schema-graph\">{\"@context\":\"https:\\\/\\\/schema.org\",\"@graph\":[{\"@type\":\"WebPage\",\"@id\":\"https:\\\/\\\/www.artisanlocal.ch\\\/c\\\/artisan-plombier-a-payerne\\\/\",\"url\":\"https:\\\/\\\/www.artisanlocal.ch\\\/c\\\/artisan-plombier-a-payerne\\\/\",\"name\":\"Artisan plombier \u00e0 Payerne - Artisanlocal\",\"isPartOf\":{\"@id\":\"https:\\\/\\\/www.artisanlocal.ch\\\/c\\\/#website\"},\"primaryImageOfPage\":{\"@id\":\"https:\\\/\\\/www.artisanlocal.ch\\\/c\\\/artisan-plombier-a-payerne\\\/#primaryimage\"},\"image\":{\"@id\":\"https:\\\/\\\/www.artisanlocal.ch\\\/c\\\/artisan-plombier-a-payerne\\\/#primaryimage\"},\"thumbnailUrl\":\"https:\\\/\\\/www.artisanlocal.ch\\\/c\\\/wp-content\\\/uploads\\\/2024\\\/10\\\/plombier.jpg\",\"datePublished\":\"2024-05-19T09:59:22+00:00\",\"dateModified\":\"2025-08-26T17:27:08+00:00\",\"breadcrumb\":{\"@id\":\"https:\\\/\\\/www.artisanlocal.ch\\\/c\\\/artisan-plombier-a-payerne\\\/#breadcrumb\"},\"inLanguage\":\"fr-FR\",\"potentialAction\":[{\"@type\":\"ReadAction\",\"target\":[\"https:\\\/\\\/www.artisanlocal.ch\\\/c\\\/artisan-plombier-a-payerne\\\/\"]}]},{\"@type\":\"ImageObject\",\"inLanguage\":\"fr-FR\",\"@id\":\"https:\\\/\\\/www.artisanlocal.ch\\\/c\\\/artisan-plombier-a-payerne\\\/#primaryimage\",\"url\":\"https:\\\/\\\/www.artisanlocal.ch\\\/c\\\/wp-content\\\/uploads\\\/2024\\\/10\\\/plombier.jpg\",\"contentUrl\":\"https:\\\/\\\/www.artisanlocal.ch\\\/c\\\/wp-content\\\/uploads\\\/2024\\\/10\\\/plombier.jpg\",\"width\":1920,\"height\":300},{\"@type\":\"BreadcrumbList\",\"@id\":\"https:\\\/\\\/www.artisanlocal.ch\\\/c\\\/artisan-plombier-a-payerne\\\/#breadcrumb\",\"itemListElement\":[{\"@type\":\"ListItem\",\"position\":1,\"name\":\"Accueil\",\"item\":\"https:\\\/\\\/www.artisanlocal.ch\\\/c\\\/\"},{\"@type\":\"ListItem\",\"position\":2,\"name\":\"Artisan plombier \u00e0 Payerne\"}]},{\"@type\":\"WebSite\",\"@id\":\"https:\\\/\\\/www.artisanlocal.ch\\\/c\\\/#website\",\"url\":\"https:\\\/\\\/www.artisanlocal.ch\\\/c\\\/\",\"name\":\"Artisanlocal\",\"description\":\"\",\"publisher\":{\"@id\":\"https:\\\/\\\/www.artisanlocal.ch\\\/c\\\/#organization\"},\"potentialAction\":[{\"@type\":\"SearchAction\",\"target\":{\"@type\":\"EntryPoint\",\"urlTemplate\":\"https:\\\/\\\/www.artisanlocal.ch\\\/c\\\/?s={search_term_string}\"},\"query-input\":{\"@type\":\"PropertyValueSpecification\",\"valueRequired\":true,\"valueName\":\"search_term_string\"}}],\"inLanguage\":\"fr-FR\"},{\"@type\":\"Organization\",\"@id\":\"https:\\\/\\\/www.artisanlocal.ch\\\/c\\\/#organization\",\"name\":\"Artisanlocal\",\"url\":\"https:\\\/\\\/www.artisanlocal.ch\\\/c\\\/\",\"logo\":{\"@type\":\"ImageObject\",\"inLanguage\":\"fr-FR\",\"@id\":\"https:\\\/\\\/www.artisanlocal.ch\\\/c\\\/#\\\/schema\\\/logo\\\/image\\\/\",\"url\":\"https:\\\/\\\/www.artisanlocal.ch\\\/c\\\/wp-content\\\/uploads\\\/2024\\\/02\\\/logo-artisanlocal-h.svg\",\"contentUrl\":\"https:\\\/\\\/www.artisanlocal.ch\\\/c\\\/wp-content\\\/uploads\\\/2024\\\/02\\\/logo-artisanlocal-h.svg\",\"caption\":\"Artisanlocal\"},\"image\":{\"@id\":\"https:\\\/\\\/www.artisanlocal.ch\\\/c\\\/#\\\/schema\\\/logo\\\/image\\\/\"}}]}<\/script>\n<!-- \/ Yoast SEO Premium plugin. -->","yoast_head_json":{"title":"Artisan plombier \u00e0 Payerne - Artisanlocal","robots":{"index":"index","follow":"follow","max-snippet":"max-snippet:-1","max-image-preview":"max-image-preview:large","max-video-preview":"max-video-preview:-1"},"canonical":"https:\/\/www.artisanlocal.ch\/c\/artisan-plombier-a-payerne\/","og_locale":"fr_FR","og_type":"article","og_title":"Artisan plombier \u00e0 Payerne","og_description":"Si vous \u00eates un Payernois, Artisanlocal intervient chez vous en urgence. Pourquoi faire appel \u00e0 notre soci\u00e9t\u00e9 de plombier \u00e0 Payerne ? Nous sommes ouverts 7 jours sur 7, y compris les jours f\u00e9ri\u00e9s. Nos devis sont sans frais. Nos plombiers emploient les derni\u00e8res technologies et techniques. Notre soci\u00e9t\u00e9 est localis\u00e9e \u00e0 Payerne permettant \u00e0 [&hellip;]","og_url":"https:\/\/www.artisanlocal.ch\/c\/artisan-plombier-a-payerne\/","og_site_name":"Artisanlocal","article_modified_time":"2025-08-26T17:27:08+00:00","og_image":[{"width":1920,"height":300,"url":"https:\/\/www.artisanlocal.ch\/c\/wp-content\/uploads\/2024\/10\/plombier.jpg","type":"image\/jpeg"}],"twitter_card":"summary_large_image","twitter_misc":{"Dur\u00e9e de lecture estim\u00e9e":"6 minutes"},"schema":{"@context":"https:\/\/schema.org","@graph":[{"@type":"WebPage","@id":"https:\/\/www.artisanlocal.ch\/c\/artisan-plombier-a-payerne\/","url":"https:\/\/www.artisanlocal.ch\/c\/artisan-plombier-a-payerne\/","name":"Artisan plombier \u00e0 Payerne - Artisanlocal","isPartOf":{"@id":"https:\/\/www.artisanlocal.ch\/c\/#website"},"primaryImageOfPage":{"@id":"https:\/\/www.artisanlocal.ch\/c\/artisan-plombier-a-payerne\/#primaryimage"},"image":{"@id":"https:\/\/www.artisanlocal.ch\/c\/artisan-plombier-a-payerne\/#primaryimage"},"thumbnailUrl":"https:\/\/www.artisanlocal.ch\/c\/wp-content\/uploads\/2024\/10\/plombier.jpg","datePublished":"2024-05-19T09:59:22+00:00","dateModified":"2025-08-26T17:27:08+00:00","breadcrumb":{"@id":"https:\/\/www.artisanlocal.ch\/c\/artisan-plombier-a-payerne\/#breadcrumb"},"inLanguage":"fr-FR","potentialAction":[{"@type":"ReadAction","target":["https:\/\/www.artisanlocal.ch\/c\/artisan-plombier-a-payerne\/"]}]},{"@type":"ImageObject","inLanguage":"fr-FR","@id":"https:\/\/www.artisanlocal.ch\/c\/artisan-plombier-a-payerne\/#primaryimage","url":"https:\/\/www.artisanlocal.ch\/c\/wp-content\/uploads\/2024\/10\/plombier.jpg","contentUrl":"https:\/\/www.artisanlocal.ch\/c\/wp-content\/uploads\/2024\/10\/plombier.jpg","width":1920,"height":300},{"@type":"BreadcrumbList","@id":"https:\/\/www.artisanlocal.ch\/c\/artisan-plombier-a-payerne\/#breadcrumb","itemListElement":[{"@type":"ListItem","position":1,"name":"Accueil","item":"https:\/\/www.artisanlocal.ch\/c\/"},{"@type":"ListItem","position":2,"name":"Artisan plombier \u00e0 Payerne"}]},{"@type":"WebSite","@id":"https:\/\/www.artisanlocal.ch\/c\/#website","url":"https:\/\/www.artisanlocal.ch\/c\/","name":"Artisanlocal","description":"","publisher":{"@id":"https:\/\/www.artisanlocal.ch\/c\/#organization"},"potentialAction":[{"@type":"SearchAction","target":{"@type":"EntryPoint","urlTemplate":"https:\/\/www.artisanlocal.ch\/c\/?s={search_term_string}"},"query-input":{"@type":"PropertyValueSpecification","valueRequired":true,"valueName":"search_term_string"}}],"inLanguage":"fr-FR"},{"@type":"Organization","@id":"https:\/\/www.artisanlocal.ch\/c\/#organization","name":"Artisanlocal","url":"https:\/\/www.artisanlocal.ch\/c\/","logo":{"@type":"ImageObject","inLanguage":"fr-FR","@id":"https:\/\/www.artisanlocal.ch\/c\/#\/schema\/logo\/image\/","url":"https:\/\/www.artisanlocal.ch\/c\/wp-content\/uploads\/2024\/02\/logo-artisanlocal-h.svg","contentUrl":"https:\/\/www.artisanlocal.ch\/c\/wp-content\/uploads\/2024\/02\/logo-artisanlocal-h.svg","caption":"Artisanlocal"},"image":{"@id":"https:\/\/www.artisanlocal.ch\/c\/#\/schema\/logo\/image\/"}}]}},"_links":{"self":[{"href":"https:\/\/www.artisanlocal.ch\/c\/wp-json\/wp\/v2\/pages\/998","targetHints":{"allow":["GET"]}}],"collection":[{"href":"https:\/\/www.artisanlocal.ch\/c\/wp-json\/wp\/v2\/pages"}],"about":[{"href":"https:\/\/www.artisanlocal.ch\/c\/wp-json\/wp\/v2\/types\/page"}],"author":[{"embeddable":true,"href":"https:\/\/www.artisanlocal.ch\/c\/wp-json\/wp\/v2\/users\/4"}],"replies":[{"embeddable":true,"href":"https:\/\/www.artisanlocal.ch\/c\/wp-json\/wp\/v2\/comments?post=998"}],"version-history":[{"count":0,"href":"https:\/\/www.artisanlocal.ch\/c\/wp-json\/wp\/v2\/pages\/998\/revisions"}],"wp:featuredmedia":[{"embeddable":true,"href":"https:\/\/www.artisanlocal.ch\/c\/wp-json\/wp\/v2\/media\/2758"}],"wp:attachment":[{"href":"https:\/\/www.artisanlocal.ch\/c\/wp-json\/wp\/v2\/media?parent=998"}],"wp:term":[{"taxonomy":"profession","embeddable":true,"href":"https:\/\/www.artisanlocal.ch\/c\/wp-json\/wp\/v2\/profession?post=998"},{"taxonomy":"location","embeddable":true,"href":"https:\/\/www.artisanlocal.ch\/c\/wp-json\/wp\/v2\/location?post=998"},{"taxonomy":"canton","embeddable":true,"href":"https:\/\/www.artisanlocal.ch\/c\/wp-json\/wp\/v2\/canton?post=998"}],"curies":[{"name":"wp","href":"https:\/\/api.w.org\/{rel}","templated":true}]}}